{"id":18609,"date":"2019-09-27T14:32:25","date_gmt":"2019-09-27T14:32:25","guid":{"rendered":"https:\/\/www.accuratereviews.com\/?page_id=18609"},"modified":"2020-12-09T09:29:17","modified_gmt":"2020-12-09T09:29:17","slug":"teamwork-recensione","status":"publish","type":"page","link":"https:\/\/www.accuratereviews.com\/it\/project-management-online-lista-software\/teamwork-recensione\/","title":{"rendered":"Teamwork"},"content":{"rendered":"<p><strong>TeamWork<\/strong> \u00e8 un&#8217;applicazione per la <strong>gestione di progetti<\/strong> che include tutte le buone caratteristiche di altri sistemi di punta in questa categoria e evita tutti i loro punti deboli. \u00c8 abbastanza semplice da utilizzare anche per gli utenti poco tecnologici, ma robusto per consentire alle aziende di massimizzare i processi e le operazioni di gestione dei progetti. Ricco di funzionalit\u00e0 ti consente di tenere traccia dei tuoi progetti e consegnarli in tempo. Lo sviluppo di flussi di lavoro intelligenti \u00e8 semplificato poich\u00e9 il software ti aiuta a garantire che siano efficaci per i tuoi processi. Le caratteristiche principali includono report completi istantanei, grafici di Gantt, monitoraggio del tempo e gestione delle attivit\u00e0. La cosa migliore \u00e8 che puoi eseguire il coordinamento, l&#8217;invio di documentazione e la comunicazione delle attivit\u00e0 in un unico posto per rendere il lavoro del tuo team pi\u00f9 produttivo. Puoi visualizzare i rapporti sulla produttivit\u00e0 del tuo gruppo per comprendere la quantit\u00e0 e la qualit\u00e0 del lavoro svolto dai tuoi agenti. Ti consente di collaborare efficacemente con i membri del tuo team e con i tuoi clienti. <strong>TeamWork<\/strong> \u00e8 compatibile con i dispositivi mobili pi\u00f9 famosi come iPhone, iPad, Android, Google Chrome e il web.<\/p>\n<h2>TEAMWORK &#8211; TUTORIAL<\/h2>\n<p>Guardiamo insieme questo tutorial per capire l&#8217;efficacia di questo <strong>software Project Management<\/strong>:<\/p>\n<div id=\"fluid-wrapper-counter-1\" class=\"g1-fluid-wrapper \" style=\"width:686px;\">\n<div style=\"padding-bottom:56.268221574344%;\"><iframe loading=\"lazy\" title=\"Teamwork Projects - Getting Started Guide\" width=\"686\" height=\"386\" src=\"https:\/\/www.youtube.com\/embed\/QkC-Rh3QNe0?feature=oembed&amp;wmode=transparent&amp;autohide=1&amp;autoplay=0&amp;disablekb=0&amp;fs=1&amp;loop=0&amp;enablejsapi=1&amp;rel=0&amp;controls=2&amp;showinfo=0&amp;wmode=transparent&amp;autohide=2&amp;autoplay=0&amp;disablekb=0&amp;fs=1&amp;loop=0&amp;enablejsapi=1&amp;rel=0&amp;controls=2&amp;showinfo=1\" frameborder=\"0\" allow=\"accelerometer; autoplay; clipboard-write; encrypted-media; gyroscope; picture-in-picture\" allowfullscreen><\/iframe><\/div>\n<\/div>\n<h3>TEAMWORK &#8211; CARATTERISTICHE<\/h3>\n<ul>\n<li>Calendario<\/li>\n<li>Dipendenze tra progetti<\/li>\n<li>Grafici di Gantt interattivi<\/li>\n<li>Modelli di progetto<\/li>\n<li>Analizzatore di rischi \/ benefici<\/li>\n<li>Programmazione<\/li>\n<li>Supporta pi\u00f9 progetti<\/li>\n<li>Aggiungi attivit\u00e0 ricorrenti<\/li>\n<li>Compiti di gruppo per progetti<\/li>\n<li>Imposta le priorit\u00e0<\/li>\n<li>Cronologia delle attivit\u00e0<\/li>\n<li>Lista di cose da fare<\/li>\n<li>Gestione documenti<\/li>\n<li>Messaggi<\/li>\n<li>RSS Feed<\/li>\n<li>Crea budget<\/li>\n<li>Budget previsionali<\/li>\n<li>Gestire le spese<\/li>\n<li>Tieni traccia delle ore del progetto<\/li>\n<li>Traccia le ore del personale<\/li>\n<li>Integrazione email<\/li>\n<li>Gruppi di notifica<\/li>\n<li>Notifiche SMS<\/li>\n<\/ul>\n<h4>LE RECENSIONE DEGLI UTENTI<\/h4>\n<h4>Katie C. &#8220;A volte\u00a0complicato, ma un potente software di gestione dei progetti&#8221;<\/h4>\n<p><strong>Commenti<\/strong>:TeamWork \u00e8 un potente software di gestione dei progetti il che significa davvero business. Pu\u00f2 volerci un po&#8217; per abituarsi, ma una volta che hai imparato, \u00e8 fantastico. Essere in grado di connettersi a Google Drive \u00e8 utile per la condivisione di documenti. Inoltre, l&#8217;app desktop \u00e8 incredibilmente funzionale, cosa rara per un software.<\/p>\n<p><strong>Vantaggi<\/strong>: organizzazione dei dati, collaborazione, implementazione di chat \/ ticket, integrazione con Google Drive.<\/p>\n<p><strong>Inconvenienti<\/strong>: a volte, questo software pu\u00f2 sembrare complicato da usare. Ci vuole un po &#8216;di allenamento e un uso coerente ma \u00a0ne vale la pena.<\/p>\n<h4>Phlip T.&#8221;Ben strutturato per incoraggiare le pratiche di gestione del progetto&#8221;<\/h4>\n<p><strong>Commenti<\/strong>: La nostra esperienza complessiva \u00e8 molto positiva. Lo abbiamo utilizzato per la progettazione e lo sviluppo di siti web e progetti di applicazioni web. In entrambi i casi i membri del team stanno documentando e gestendo il proprio lavoro in modo pi\u00f9 efficace. Ci sono ancora funzionalit\u00e0 che non abbiamo in giro per l&#8217;uso, ma \u00e8 sempre una sfida quando si adotta un nuovo prodotto. \u00c8 necessario bilanciare la necessit\u00e0 di documentare e tenere traccia delle esigenze operative.<\/p>\n<p><strong>Vantaggi<\/strong>: su questo aspettro di prodotti la gestione dei progetti con strumenti di collaborazione da un lato e prodotti per la gestione di grandi progetti aziendali dall&#8217;altro, questo prodotto si adatta nel mezzo. Ha pi\u00f9 struttura di prodotti come Asana o Trello (li abbiamo usati entrambi), ma \u00e8 ancora molto flessibile, permettendoti di organizzare i tuoi progetti e le tue attivit\u00e0 usando categorie, portafogli e tag. Un potente filtro estrae le attivit\u00e0 specifiche necessarie per la creazione di report. Stime, rischi, commenti e altre funzionalit\u00e0 consentono di conservare tutto in un unico posto, se lo si desidera. L&#8217;API ci consente di inviare richieste di client con tag direttamente nel prodotto, il che \u00e8 molto utile.<\/p>\n<p><strong>Inconvenienti<\/strong>: gli aggiornamenti delle funzionalit\u00e0 occasionali possono modificare l&#8217;esperienza dell&#8217;utente, ma questo vale per tutti i prodotti SaaS basati su cloud. Non c&#8217;\u00e8 davvero nulla di negativo a cui possa pensare.<\/p>\n<h4>Jessica D. &#8220;Facile da usare e in continua evoluzione&#8221;<\/h4>\n<p><strong>Commenti<\/strong>: Mi ha permesso di gestire pi\u00f9 progetti di grandi dimensioni contemporaneamente e di collaborare con dipendenti che non erano utenti non in loco. La possibilit\u00e0 di ricominciare le attivit\u00e0 e avviare nuovi progetti da modelli liberati dal personale per concentrarsi su altre aree importanti dell&#8217;azienda. Lo stesso account \u00e8 stato utilizzato per gestire i client multi-servizio in modo efficiente, in particolare con il personale remoto. La flessibilit\u00e0 dell&#8217;impostazione della privacy ha davvero consentito il tracciamento completo delle comunicazioni senza che le comunicazioni fossero omesse per garantire che un cliente non lo vedesse. Come amministratore, sono in grado di assumere un account utente per gestire ogni aspetto del loro account. Gli amministratori possono limitare la visualizzazione di un progetto degli utenti solo ai loro compiti, impedendo a un utente di sentirsi sopraffatto. Il sistema \u00e8 molto flessibile. Come molti altri sistemi PM, \u00e8 essenziale delineare come gli utenti dovrebbero interagire con il sistema. In questo modo, mi ha permesso di migrare i progetti da Central Desktop a Teamwork in una settimana.<\/p>\n<p><strong>Vantaggi<\/strong>: l&#8217;interfaccia utente \u00e8 semplice da comprendere, il numero di funzionalit\u00e0 efficienti \u00e8 fenomenale e le integrazioni con i sistemi aziendali come Salesforce sono facili da completare.<\/p>\n<p><strong>Inconvenienti<\/strong>: ci sono alcune piccole sfumature della ricerca potrebbe essere migliore, i calendari specifici del progetto sarebbero una risorsa enorme e consentire che un intero progetto venga importato da CSV sarebbe incredibile.<\/p>\n","protected":false},"excerpt":{"rendered":"<p>TeamWork \u00e8 un&#8217;applicazione per la gestione di progetti che include tutte le buone caratteristiche di altri sistemi di punta in questa categoria e evita tutti i loro punti deboli. \u00c8 abbastanza semplice da utilizzare anche per gli utenti poco tecnologici, \u00a0ma robusto per consentire alle aziende di massimizzare i processi e le operazioni di gestione dei progetti.\u00a0<\/p>\n","protected":false},"author":19,"featured_media":18612,"parent":8333,"menu_order":0,"comment_status":"open","ping_status":"closed","template":"g1_template_page_review_new.php","meta":{"_acf_changed":false,"cwp_meta_box_check":"No","cwp_rev_product_name":"","cwp_rev_product_image":"","wppr_links":[],"cwp_rev_price":"","wppr_options":[],"wppr_pros":[],"wppr_cons":[],"_monsterinsights_skip_tracking":false,"_monsterinsights_sitenote_active":false,"_monsterinsights_sitenote_note":"","_monsterinsights_sitenote_category":0,"footnotes":""},"categories":[172],"tags":[1310,1309,1326,1320,1336],"features":[],"class_list":{"0":"post-18609","1":"page","2":"type-page","3":"status-publish","4":"has-post-thumbnail","6":"category-online-project-management-it","7":"tag-programma-project-management","8":"tag-software-project-management","9":"tag-soluzione-gestione-dei-progetti","10":"tag-soluzione-project-management","11":"tag-teamwork"},"wppr_data":{"cwp_meta_box_check":"No"},"acf":[],"yoast_head":"<!-- This site is optimized with the Yoast SEO plugin v27.4 - https:\/\/yoast.com\/product\/yoast-seo-wordpress\/ -->\n<title>TeamWork: recensione software Project Management - Accurate Reviews<\/title>\n<meta name=\"description\" content=\"TeamWork: recensione di uno dei sistemi di gestione dei progetti pi\u00f9 facili da usare, pi\u00f9 veloci e migliori al mondo in questa categoria.\" \/>\n<meta name=\"robots\" content=\"index, follow, max-snippet:-1, max-image-preview:large, max-video-preview:-1\" \/>\n<link rel=\"canonical\" href=\"https:\/\/www.accuratereviews.com\/it\/project-management-online-lista-software\/teamwork-recensione\/\" \/>\n<meta property=\"og:locale\" content=\"it_IT\" \/>\n<meta property=\"og:type\" content=\"article\" \/>\n<meta property=\"og:title\" content=\"TeamWork: recensione software Project Management - Accurate Reviews\" \/>\n<meta property=\"og:description\" content=\"TeamWork: recensione di uno dei sistemi di gestione dei progetti pi\u00f9 facili da usare, pi\u00f9 veloci e migliori al mondo in questa categoria.\" \/>\n<meta property=\"og:url\" content=\"https:\/\/www.accuratereviews.com\/it\/project-management-online-lista-software\/teamwork-recensione\/\" \/>\n<meta property=\"og:site_name\" content=\"Accurate Reviews\" \/>\n<meta property=\"article:modified_time\" content=\"2020-12-09T09:29:17+00:00\" \/>\n<meta property=\"og:image\" content=\"https:\/\/www.accuratereviews.com\/wp-content\/uploads\/2019\/09\/teamw.png\" \/>\n\t<meta property=\"og:image:width\" content=\"1616\" \/>\n\t<meta property=\"og:image:height\" content=\"926\" \/>\n\t<meta property=\"og:image:type\" content=\"image\/png\" \/>\n<meta name=\"twitter:card\" content=\"summary_large_image\" \/>\n<meta name=\"twitter:label1\" content=\"Tempo di lettura stimato\" \/>\n\t<meta name=\"twitter:data1\" content=\"4 minuti\" \/>\n<script type=\"application\/ld+json\" class=\"yoast-schema-graph\">{\"@context\":\"https:\\\/\\\/schema.org\",\"@graph\":[{\"@type\":\"WebPage\",\"@id\":\"https:\\\/\\\/www.accuratereviews.com\\\/it\\\/project-management-online-lista-software\\\/teamwork-recensione\\\/\",\"url\":\"https:\\\/\\\/www.accuratereviews.com\\\/it\\\/project-management-online-lista-software\\\/teamwork-recensione\\\/\",\"name\":\"TeamWork: recensione software Project Management - Accurate Reviews\",\"isPartOf\":{\"@id\":\"https:\\\/\\\/www.accuratereviews.com\\\/it\\\/#website\"},\"primaryImageOfPage\":{\"@id\":\"https:\\\/\\\/www.accuratereviews.com\\\/it\\\/project-management-online-lista-software\\\/teamwork-recensione\\\/#primaryimage\"},\"image\":{\"@id\":\"https:\\\/\\\/www.accuratereviews.com\\\/it\\\/project-management-online-lista-software\\\/teamwork-recensione\\\/#primaryimage\"},\"thumbnailUrl\":\"https:\\\/\\\/www.accuratereviews.com\\\/wp-content\\\/uploads\\\/2019\\\/09\\\/teamw.png\",\"datePublished\":\"2019-09-27T14:32:25+00:00\",\"dateModified\":\"2020-12-09T09:29:17+00:00\",\"description\":\"TeamWork: recensione di uno dei sistemi di gestione dei progetti pi\u00f9 facili da usare, pi\u00f9 veloci e migliori al mondo in questa categoria.\",\"breadcrumb\":{\"@id\":\"https:\\\/\\\/www.accuratereviews.com\\\/it\\\/project-management-online-lista-software\\\/teamwork-recensione\\\/#breadcrumb\"},\"inLanguage\":\"it-IT\",\"potentialAction\":[{\"@type\":\"ReadAction\",\"target\":[\"https:\\\/\\\/www.accuratereviews.com\\\/it\\\/project-management-online-lista-software\\\/teamwork-recensione\\\/\"]}]},{\"@type\":\"ImageObject\",\"inLanguage\":\"it-IT\",\"@id\":\"https:\\\/\\\/www.accuratereviews.com\\\/it\\\/project-management-online-lista-software\\\/teamwork-recensione\\\/#primaryimage\",\"url\":\"https:\\\/\\\/www.accuratereviews.com\\\/wp-content\\\/uploads\\\/2019\\\/09\\\/teamw.png\",\"contentUrl\":\"https:\\\/\\\/www.accuratereviews.com\\\/wp-content\\\/uploads\\\/2019\\\/09\\\/teamw.png\",\"width\":1616,\"height\":926},{\"@type\":\"BreadcrumbList\",\"@id\":\"https:\\\/\\\/www.accuratereviews.com\\\/it\\\/project-management-online-lista-software\\\/teamwork-recensione\\\/#breadcrumb\",\"itemListElement\":[{\"@type\":\"ListItem\",\"position\":1,\"name\":\"Home\",\"item\":\"https:\\\/\\\/www.accuratereviews.com\\\/it\\\/\"},{\"@type\":\"ListItem\",\"position\":2,\"name\":\"Project Management Online\",\"item\":\"https:\\\/\\\/www.accuratereviews.com\\\/it\\\/project-management-online-lista-software\\\/\"},{\"@type\":\"ListItem\",\"position\":3,\"name\":\"Teamwork\"}]},{\"@type\":\"WebSite\",\"@id\":\"https:\\\/\\\/www.accuratereviews.com\\\/it\\\/#website\",\"url\":\"https:\\\/\\\/www.accuratereviews.com\\\/it\\\/\",\"name\":\"Accurate Reviews\",\"description\":\"\",\"potentialAction\":[{\"@type\":\"SearchAction\",\"target\":{\"@type\":\"EntryPoint\",\"urlTemplate\":\"https:\\\/\\\/www.accuratereviews.com\\\/it\\\/?s={search_term_string}\"},\"query-input\":{\"@type\":\"PropertyValueSpecification\",\"valueRequired\":true,\"valueName\":\"search_term_string\"}}],\"inLanguage\":\"it-IT\"}]}<\/script>\n<!-- \/ Yoast SEO plugin. -->","yoast_head_json":{"title":"TeamWork: recensione software Project Management - Accurate Reviews","description":"TeamWork: recensione di uno dei sistemi di gestione dei progetti pi\u00f9 facili da usare, pi\u00f9 veloci e migliori al mondo in questa categoria.","robots":{"index":"index","follow":"follow","max-snippet":"max-snippet:-1","max-image-preview":"max-image-preview:large","max-video-preview":"max-video-preview:-1"},"canonical":"https:\/\/www.accuratereviews.com\/it\/project-management-online-lista-software\/teamwork-recensione\/","og_locale":"it_IT","og_type":"article","og_title":"TeamWork: recensione software Project Management - Accurate Reviews","og_description":"TeamWork: recensione di uno dei sistemi di gestione dei progetti pi\u00f9 facili da usare, pi\u00f9 veloci e migliori al mondo in questa categoria.","og_url":"https:\/\/www.accuratereviews.com\/it\/project-management-online-lista-software\/teamwork-recensione\/","og_site_name":"Accurate Reviews","article_modified_time":"2020-12-09T09:29:17+00:00","og_image":[{"width":1616,"height":926,"url":"https:\/\/www.accuratereviews.com\/wp-content\/uploads\/2019\/09\/teamw.png","type":"image\/png"}],"twitter_card":"summary_large_image","twitter_misc":{"Tempo di lettura stimato":"4 minuti"},"schema":{"@context":"https:\/\/schema.org","@graph":[{"@type":"WebPage","@id":"https:\/\/www.accuratereviews.com\/it\/project-management-online-lista-software\/teamwork-recensione\/","url":"https:\/\/www.accuratereviews.com\/it\/project-management-online-lista-software\/teamwork-recensione\/","name":"TeamWork: recensione software Project Management - Accurate Reviews","isPartOf":{"@id":"https:\/\/www.accuratereviews.com\/it\/#website"},"primaryImageOfPage":{"@id":"https:\/\/www.accuratereviews.com\/it\/project-management-online-lista-software\/teamwork-recensione\/#primaryimage"},"image":{"@id":"https:\/\/www.accuratereviews.com\/it\/project-management-online-lista-software\/teamwork-recensione\/#primaryimage"},"thumbnailUrl":"https:\/\/www.accuratereviews.com\/wp-content\/uploads\/2019\/09\/teamw.png","datePublished":"2019-09-27T14:32:25+00:00","dateModified":"2020-12-09T09:29:17+00:00","description":"TeamWork: recensione di uno dei sistemi di gestione dei progetti pi\u00f9 facili da usare, pi\u00f9 veloci e migliori al mondo in questa categoria.","breadcrumb":{"@id":"https:\/\/www.accuratereviews.com\/it\/project-management-online-lista-software\/teamwork-recensione\/#breadcrumb"},"inLanguage":"it-IT","potentialAction":[{"@type":"ReadAction","target":["https:\/\/www.accuratereviews.com\/it\/project-management-online-lista-software\/teamwork-recensione\/"]}]},{"@type":"ImageObject","inLanguage":"it-IT","@id":"https:\/\/www.accuratereviews.com\/it\/project-management-online-lista-software\/teamwork-recensione\/#primaryimage","url":"https:\/\/www.accuratereviews.com\/wp-content\/uploads\/2019\/09\/teamw.png","contentUrl":"https:\/\/www.accuratereviews.com\/wp-content\/uploads\/2019\/09\/teamw.png","width":1616,"height":926},{"@type":"BreadcrumbList","@id":"https:\/\/www.accuratereviews.com\/it\/project-management-online-lista-software\/teamwork-recensione\/#breadcrumb","itemListElement":[{"@type":"ListItem","position":1,"name":"Home","item":"https:\/\/www.accuratereviews.com\/it\/"},{"@type":"ListItem","position":2,"name":"Project Management Online","item":"https:\/\/www.accuratereviews.com\/it\/project-management-online-lista-software\/"},{"@type":"ListItem","position":3,"name":"Teamwork"}]},{"@type":"WebSite","@id":"https:\/\/www.accuratereviews.com\/it\/#website","url":"https:\/\/www.accuratereviews.com\/it\/","name":"Accurate Reviews","description":"","potentialAction":[{"@type":"SearchAction","target":{"@type":"EntryPoint","urlTemplate":"https:\/\/www.accuratereviews.com\/it\/?s={search_term_string}"},"query-input":{"@type":"PropertyValueSpecification","valueRequired":true,"valueName":"search_term_string"}}],"inLanguage":"it-IT"}]}},"_links":{"self":[{"href":"https:\/\/www.accuratereviews.com\/it\/wp-json\/wp\/v2\/pages\/18609","targetHints":{"allow":["GET"]}}],"collection":[{"href":"https:\/\/www.accuratereviews.com\/it\/wp-json\/wp\/v2\/pages"}],"about":[{"href":"https:\/\/www.accuratereviews.com\/it\/wp-json\/wp\/v2\/types\/page"}],"author":[{"embeddable":true,"href":"https:\/\/www.accuratereviews.com\/it\/wp-json\/wp\/v2\/users\/19"}],"replies":[{"embeddable":true,"href":"https:\/\/www.accuratereviews.com\/it\/wp-json\/wp\/v2\/comments?post=18609"}],"version-history":[{"count":7,"href":"https:\/\/www.accuratereviews.com\/it\/wp-json\/wp\/v2\/pages\/18609\/revisions"}],"predecessor-version":[{"id":33546,"href":"https:\/\/www.accuratereviews.com\/it\/wp-json\/wp\/v2\/pages\/18609\/revisions\/33546"}],"up":[{"embeddable":true,"href":"https:\/\/www.accuratereviews.com\/it\/wp-json\/wp\/v2\/pages\/8333"}],"wp:featuredmedia":[{"embeddable":true,"href":"https:\/\/www.accuratereviews.com\/it\/wp-json\/wp\/v2\/media\/18612"}],"wp:attachment":[{"href":"https:\/\/www.accuratereviews.com\/it\/wp-json\/wp\/v2\/media?parent=18609"}],"wp:term":[{"taxonomy":"category","embeddable":true,"href":"https:\/\/www.accuratereviews.com\/it\/wp-json\/wp\/v2\/categories?post=18609"},{"taxonomy":"post_tag","embeddable":true,"href":"https:\/\/www.accuratereviews.com\/it\/wp-json\/wp\/v2\/tags?post=18609"},{"taxonomy":"features","embeddable":true,"href":"https:\/\/www.accuratereviews.com\/it\/wp-json\/wp\/v2\/features?post=18609"}],"curies":[{"name":"wp","href":"https:\/\/api.w.org\/{rel}","templated":true}]}}