{"id":18625,"date":"2019-09-29T07:08:03","date_gmt":"2019-09-29T07:08:03","guid":{"rendered":"https:\/\/www.accuratereviews.com\/?page_id=18625"},"modified":"2019-09-29T07:08:03","modified_gmt":"2019-09-29T07:08:03","slug":"netsuite-recensione","status":"publish","type":"page","link":"https:\/\/www.accuratereviews.com\/it\/project-management-online-lista-software\/netsuite-recensione\/","title":{"rendered":"NetSuite"},"content":{"rendered":"<p><strong>NetSuite<\/strong> \u00e8 un&#8217;ottima soluzione per aziende di ogni dimensione e settore che necessitano di <strong>ottimizzare il flusso di lavoro<\/strong>, risparmiando risorse e tempo. Si tratta di una piattaforma unificata che ti permette di migliorare la <strong>gestione dei progetti<\/strong>, delle attivit\u00e0, semplificando i processi di back-office in aree come CRM, eCommerce e inventario. Oltre a questo, si occupa della gestione delle relazioni con i clienti (CRM) offrendo una soluzione di automazione del marketing basata su<strong> cloud<\/strong>. Molto efficienti sono gli strumenti di <strong>report e dashboard personalizzabili<\/strong> che ti aiutano a tenere traccia delle prestazioni aziendali cos\u00ec da poter tenere sempre sotto controllo la situazione.<\/p>\n<h2>COME UTILIZZARE NETSUITE &#8211; TUTORIAL<\/h2>\n<p>Diamo un&#8217;occhiata a questo video che, tramite la demo, ci mostra come funziona questo software:<\/p>\n<div id=\"fluid-wrapper-counter-1\" class=\"g1-fluid-wrapper \" style=\"width:686px;\">\n<div style=\"padding-bottom:56.268221574344%;\"><iframe loading=\"lazy\" title=\"Navigating NetSuite - NetSuite Training Video\" width=\"686\" height=\"386\" src=\"https:\/\/www.youtube.com\/embed\/FovtaTAPIZw?feature=oembed&amp;wmode=transparent&amp;autohide=1&amp;autoplay=0&amp;disablekb=0&amp;fs=1&amp;loop=0&amp;enablejsapi=1&amp;rel=0&amp;controls=2&amp;showinfo=0&amp;wmode=transparent&amp;autohide=2&amp;autoplay=0&amp;disablekb=0&amp;fs=1&amp;loop=0&amp;enablejsapi=1&amp;rel=0&amp;controls=2&amp;showinfo=1\" frameborder=\"0\" allow=\"accelerometer; autoplay; encrypted-media; gyroscope; picture-in-picture\" allowfullscreen><\/iframe><\/div>\n<\/div>\n<h3>NETTSUITE &#8211; CARATTERISTICHE<\/h3>\n<p>Elenchiamo le sue principali caratteristiche:<\/p>\n<div class=\"span4 widget-span widget-type-cell \" data-widget-type=\"cell\" data-x=\"0\" data-w=\"4\">\n<div class=\"row-fluid-wrapper row-depth-1 row-number-23 \">\n<div class=\"row-fluid \">\n<div class=\"span12 widget-span widget-type-header \" data-widget-type=\"header\" data-x=\"0\" data-w=\"12\">\n<div class=\"cell-wrapper layout-widget-wrapper\">\n<ul>\n<li><strong>Piattaforma Cloud Based<\/strong>: gestisci meglio il tuo business ovunque tu sia e da qualsiasi dispositivo tu stia utilizzando accedendo sempre ai tuoi dati<\/li>\n<li><strong>Sistema unico e integrato<\/strong>: utilizza un unico database che ti permetta non solo di dimezzare i costi, ma che ti assicuri anche efficienza e crescita<\/li>\n<\/ul>\n<p>Ecco alcuni dei suoi moduli:<br \/>\n<strong>Finanza e contabilit\u00e0<\/strong><br \/>\n<strong>Fatturazione<\/strong><br \/>\n<strong>Riconoscimento delle entrate<\/strong><br \/>\n<strong>Pianificazione e report finanziari<\/strong><br \/>\n<strong>Contabilit\u00e0 globale<\/strong><br \/>\n<strong>Prezzi e promozioni<\/strong><br \/>\n<strong>Gestione degli ordini di vendita e dei resi<\/strong><\/p>\n<h3>LE RECENSIONI DEGLI UTENTI<\/h3>\n<ul>\n<li><strong>&#8220;\u00c8 veloce ed estremamente affidabile&#8221;<\/strong><br \/>\nPRO: NetSuite ERP pu\u00f2 essere utilizzato per la gestione finanziaria, degli ordini, della produzione e della catena di approvvigionamento.<br \/>\nNetSuite CRM pu\u00f2 essere utilizzato per Salesforce e Marketing Automation, Servizio clienti e gestione delle relazioni con i partner. Suite Commerce &#8211; Piattaforma e-commerce Business to Customer (B2C) e Business to Business (B2B) end-to-end.<br \/>\nPuoi integrarti con qualsiasi altra applicazione ed \u00e8 anche molto veloce e affidabile. Questa pu\u00f2 essere la buona soluzione anche per EDI<br \/>\nCONTRO: Non sto provando alcun contro in questo momento.<\/li>\n<li><strong>&#8220;Recensione di Xeeva Inc&#8221;<\/strong><br \/>\nIN GENERALE: L&#8217;esperienza \u00e8 buona, aiuta a segnalare tempestivamente pi\u00f9 entit\u00e0 che si occupano di pi\u00f9 valute. Aiuta a prendere decisioni aziendali per l&#8217;intero gruppo<br \/>\nPRO: ha una serie di funzioni che aiutano a riferire per le entit\u00e0 presenti in pi\u00f9 paesi, questo aiuta a riferire in modo accurato e tempestivo.<br \/>\nCONTRO: facilit\u00e0 d&#8217;uso, questo software necessita di formazione professionale per poterlo utilizzare e non \u00e8 gratuito, quindi non possiamo utilizzare tutte le funzionalit\u00e0 al massimo in quanto non abbiamo formazione su come usarle.<\/li>\n<li><strong>&#8220;NetSuite SPI&#8221;<br \/>\n<\/strong>PRO: personalizzazione di moduli, moduli stampati, report, flussi di lavoro, ricerche, filtri, dati finanziari e interfaccia utente<br \/>\nCONTROi: limitazioni su report, ricerche e funzionalit\u00e0 hard coded.<\/li>\n<\/ul>\n<\/div>\n<\/div>\n<\/div>\n<\/div>\n<\/div>\n<div class=\"span4 widget-span widget-type-cell \" data-widget-type=\"cell\" data-x=\"4\" data-w=\"4\">\n<div class=\"row-fluid-wrapper row-depth-1 row-number-28 \">\n<div class=\"row-fluid \">\n<div class=\"span12 widget-span widget-type-rich_text blurb1\" data-widget-type=\"rich_text\" data-x=\"0\" data-w=\"12\">\n<div><\/div>\n<\/div>\n<\/div>\n<\/div>\n<\/div>\n","protected":false},"excerpt":{"rendered":"<p>NetSuite \u00e8 un&#8217;ottima soluzione per aziende di ogni dimensione e settore che necessitano di ottimizzare il flusso di lavoro, risparmiando risorse e tempo. Si tratta di una piattaforma unificata che ti permette di migliorare la gestione dei progetti, delle attivit\u00e0, semplificando i processi di back-office in aree come CRM, eCommerce e inventario.\u00a0<\/p>\n","protected":false},"author":17,"featured_media":18627,"parent":8333,"menu_order":0,"comment_status":"open","ping_status":"closed","template":"g1_template_page_review_new.php","meta":{"_acf_changed":false,"cwp_meta_box_check":"Yes","cwp_rev_product_name":"","cwp_rev_product_image":"","wppr_links":[],"cwp_rev_price":"","wppr_options":[],"wppr_pros":[],"wppr_cons":[],"_monsterinsights_skip_tracking":false,"_monsterinsights_sitenote_active":false,"_monsterinsights_sitenote_note":"","_monsterinsights_sitenote_category":0,"footnotes":""},"categories":[172],"tags":[1316,1312,1314,1330],"features":[],"class_list":{"0":"post-18625","1":"page","2":"type-page","3":"status-publish","4":"has-post-thumbnail","6":"category-online-project-management-it","7":"tag-online-project-management","8":"tag-programma-gestione-progetti","9":"tag-project-management-software","10":"tag-project-manager"},"wppr_data":{"cwp_meta_box_check":"Yes","cwp_rev_product_name":"","cwp_rev_product_image":"","cwp_image_link":"image","cwp_rev_price":"","wppr_rating":"0.00"},"acf":[],"yoast_head":"<!-- This site is optimized with the Yoast SEO plugin v27.4 - https:\/\/yoast.com\/product\/yoast-seo-wordpress\/ -->\n<title>NetSuite: recensione programma project management - Accurate Reviews<\/title>\n<meta name=\"description\" content=\"NetSuite \u00e8 un&#039;ottima soluzione per aziende di ogni dimensione e settore che necessitano di ottimizzare il flusso di lavoro, risparmiando risorse e tempo.\" \/>\n<meta name=\"robots\" content=\"index, follow, max-snippet:-1, max-image-preview:large, max-video-preview:-1\" \/>\n<link rel=\"canonical\" href=\"https:\/\/www.accuratereviews.com\/it\/project-management-online-lista-software\/netsuite-recensione\/\" \/>\n<meta property=\"og:locale\" content=\"it_IT\" \/>\n<meta property=\"og:type\" content=\"article\" \/>\n<meta property=\"og:title\" content=\"NetSuite: recensione programma project management - Accurate Reviews\" \/>\n<meta property=\"og:description\" content=\"NetSuite \u00e8 un&#039;ottima soluzione per aziende di ogni dimensione e settore che necessitano di ottimizzare il flusso di lavoro, risparmiando risorse e tempo.\" \/>\n<meta property=\"og:url\" content=\"https:\/\/www.accuratereviews.com\/it\/project-management-online-lista-software\/netsuite-recensione\/\" \/>\n<meta property=\"og:site_name\" content=\"Accurate Reviews\" \/>\n<meta property=\"og:image\" content=\"https:\/\/www.accuratereviews.com\/wp-content\/uploads\/2019\/09\/NBI0OUJCH1SA.jpg\" \/>\n\t<meta property=\"og:image:width\" content=\"400\" \/>\n\t<meta property=\"og:image:height\" content=\"400\" \/>\n\t<meta property=\"og:image:type\" content=\"image\/jpeg\" \/>\n<meta name=\"twitter:card\" content=\"summary_large_image\" \/>\n<meta name=\"twitter:label1\" content=\"Tempo di lettura stimato\" \/>\n\t<meta name=\"twitter:data1\" content=\"2 minuti\" \/>\n<script type=\"application\/ld+json\" class=\"yoast-schema-graph\">{\"@context\":\"https:\\\/\\\/schema.org\",\"@graph\":[{\"@type\":\"WebPage\",\"@id\":\"https:\\\/\\\/www.accuratereviews.com\\\/it\\\/project-management-online-lista-software\\\/netsuite-recensione\\\/\",\"url\":\"https:\\\/\\\/www.accuratereviews.com\\\/it\\\/project-management-online-lista-software\\\/netsuite-recensione\\\/\",\"name\":\"NetSuite: recensione programma project management - Accurate Reviews\",\"isPartOf\":{\"@id\":\"https:\\\/\\\/www.accuratereviews.com\\\/it\\\/#website\"},\"primaryImageOfPage\":{\"@id\":\"https:\\\/\\\/www.accuratereviews.com\\\/it\\\/project-management-online-lista-software\\\/netsuite-recensione\\\/#primaryimage\"},\"image\":{\"@id\":\"https:\\\/\\\/www.accuratereviews.com\\\/it\\\/project-management-online-lista-software\\\/netsuite-recensione\\\/#primaryimage\"},\"thumbnailUrl\":\"https:\\\/\\\/www.accuratereviews.com\\\/wp-content\\\/uploads\\\/2019\\\/09\\\/NBI0OUJCH1SA.jpg\",\"datePublished\":\"2019-09-29T07:08:03+00:00\",\"description\":\"NetSuite \u00e8 un'ottima soluzione per aziende di ogni dimensione e settore che necessitano di ottimizzare il flusso di lavoro, risparmiando risorse e tempo.\",\"breadcrumb\":{\"@id\":\"https:\\\/\\\/www.accuratereviews.com\\\/it\\\/project-management-online-lista-software\\\/netsuite-recensione\\\/#breadcrumb\"},\"inLanguage\":\"it-IT\",\"potentialAction\":[{\"@type\":\"ReadAction\",\"target\":[\"https:\\\/\\\/www.accuratereviews.com\\\/it\\\/project-management-online-lista-software\\\/netsuite-recensione\\\/\"]}]},{\"@type\":\"ImageObject\",\"inLanguage\":\"it-IT\",\"@id\":\"https:\\\/\\\/www.accuratereviews.com\\\/it\\\/project-management-online-lista-software\\\/netsuite-recensione\\\/#primaryimage\",\"url\":\"https:\\\/\\\/www.accuratereviews.com\\\/wp-content\\\/uploads\\\/2019\\\/09\\\/NBI0OUJCH1SA.jpg\",\"contentUrl\":\"https:\\\/\\\/www.accuratereviews.com\\\/wp-content\\\/uploads\\\/2019\\\/09\\\/NBI0OUJCH1SA.jpg\",\"width\":400,\"height\":400},{\"@type\":\"BreadcrumbList\",\"@id\":\"https:\\\/\\\/www.accuratereviews.com\\\/it\\\/project-management-online-lista-software\\\/netsuite-recensione\\\/#breadcrumb\",\"itemListElement\":[{\"@type\":\"ListItem\",\"position\":1,\"name\":\"Home\",\"item\":\"https:\\\/\\\/www.accuratereviews.com\\\/it\\\/\"},{\"@type\":\"ListItem\",\"position\":2,\"name\":\"Project Management Online\",\"item\":\"https:\\\/\\\/www.accuratereviews.com\\\/it\\\/project-management-online-lista-software\\\/\"},{\"@type\":\"ListItem\",\"position\":3,\"name\":\"NetSuite\"}]},{\"@type\":\"WebSite\",\"@id\":\"https:\\\/\\\/www.accuratereviews.com\\\/it\\\/#website\",\"url\":\"https:\\\/\\\/www.accuratereviews.com\\\/it\\\/\",\"name\":\"Accurate Reviews\",\"description\":\"\",\"potentialAction\":[{\"@type\":\"SearchAction\",\"target\":{\"@type\":\"EntryPoint\",\"urlTemplate\":\"https:\\\/\\\/www.accuratereviews.com\\\/it\\\/?s={search_term_string}\"},\"query-input\":{\"@type\":\"PropertyValueSpecification\",\"valueRequired\":true,\"valueName\":\"search_term_string\"}}],\"inLanguage\":\"it-IT\"}]}<\/script>\n<!-- \/ Yoast SEO plugin. -->","yoast_head_json":{"title":"NetSuite: recensione programma project management - Accurate Reviews","description":"NetSuite \u00e8 un'ottima soluzione per aziende di ogni dimensione e settore che necessitano di ottimizzare il flusso di lavoro, risparmiando risorse e tempo.","robots":{"index":"index","follow":"follow","max-snippet":"max-snippet:-1","max-image-preview":"max-image-preview:large","max-video-preview":"max-video-preview:-1"},"canonical":"https:\/\/www.accuratereviews.com\/it\/project-management-online-lista-software\/netsuite-recensione\/","og_locale":"it_IT","og_type":"article","og_title":"NetSuite: recensione programma project management - Accurate Reviews","og_description":"NetSuite \u00e8 un'ottima soluzione per aziende di ogni dimensione e settore che necessitano di ottimizzare il flusso di lavoro, risparmiando risorse e tempo.","og_url":"https:\/\/www.accuratereviews.com\/it\/project-management-online-lista-software\/netsuite-recensione\/","og_site_name":"Accurate Reviews","og_image":[{"width":400,"height":400,"url":"https:\/\/www.accuratereviews.com\/wp-content\/uploads\/2019\/09\/NBI0OUJCH1SA.jpg","type":"image\/jpeg"}],"twitter_card":"summary_large_image","twitter_misc":{"Tempo di lettura stimato":"2 minuti"},"schema":{"@context":"https:\/\/schema.org","@graph":[{"@type":"WebPage","@id":"https:\/\/www.accuratereviews.com\/it\/project-management-online-lista-software\/netsuite-recensione\/","url":"https:\/\/www.accuratereviews.com\/it\/project-management-online-lista-software\/netsuite-recensione\/","name":"NetSuite: recensione programma project management - Accurate Reviews","isPartOf":{"@id":"https:\/\/www.accuratereviews.com\/it\/#website"},"primaryImageOfPage":{"@id":"https:\/\/www.accuratereviews.com\/it\/project-management-online-lista-software\/netsuite-recensione\/#primaryimage"},"image":{"@id":"https:\/\/www.accuratereviews.com\/it\/project-management-online-lista-software\/netsuite-recensione\/#primaryimage"},"thumbnailUrl":"https:\/\/www.accuratereviews.com\/wp-content\/uploads\/2019\/09\/NBI0OUJCH1SA.jpg","datePublished":"2019-09-29T07:08:03+00:00","description":"NetSuite \u00e8 un'ottima soluzione per aziende di ogni dimensione e settore che necessitano di ottimizzare il flusso di lavoro, risparmiando risorse e tempo.","breadcrumb":{"@id":"https:\/\/www.accuratereviews.com\/it\/project-management-online-lista-software\/netsuite-recensione\/#breadcrumb"},"inLanguage":"it-IT","potentialAction":[{"@type":"ReadAction","target":["https:\/\/www.accuratereviews.com\/it\/project-management-online-lista-software\/netsuite-recensione\/"]}]},{"@type":"ImageObject","inLanguage":"it-IT","@id":"https:\/\/www.accuratereviews.com\/it\/project-management-online-lista-software\/netsuite-recensione\/#primaryimage","url":"https:\/\/www.accuratereviews.com\/wp-content\/uploads\/2019\/09\/NBI0OUJCH1SA.jpg","contentUrl":"https:\/\/www.accuratereviews.com\/wp-content\/uploads\/2019\/09\/NBI0OUJCH1SA.jpg","width":400,"height":400},{"@type":"BreadcrumbList","@id":"https:\/\/www.accuratereviews.com\/it\/project-management-online-lista-software\/netsuite-recensione\/#breadcrumb","itemListElement":[{"@type":"ListItem","position":1,"name":"Home","item":"https:\/\/www.accuratereviews.com\/it\/"},{"@type":"ListItem","position":2,"name":"Project Management Online","item":"https:\/\/www.accuratereviews.com\/it\/project-management-online-lista-software\/"},{"@type":"ListItem","position":3,"name":"NetSuite"}]},{"@type":"WebSite","@id":"https:\/\/www.accuratereviews.com\/it\/#website","url":"https:\/\/www.accuratereviews.com\/it\/","name":"Accurate Reviews","description":"","potentialAction":[{"@type":"SearchAction","target":{"@type":"EntryPoint","urlTemplate":"https:\/\/www.accuratereviews.com\/it\/?s={search_term_string}"},"query-input":{"@type":"PropertyValueSpecification","valueRequired":true,"valueName":"search_term_string"}}],"inLanguage":"it-IT"}]}},"_links":{"self":[{"href":"https:\/\/www.accuratereviews.com\/it\/wp-json\/wp\/v2\/pages\/18625","targetHints":{"allow":["GET"]}}],"collection":[{"href":"https:\/\/www.accuratereviews.com\/it\/wp-json\/wp\/v2\/pages"}],"about":[{"href":"https:\/\/www.accuratereviews.com\/it\/wp-json\/wp\/v2\/types\/page"}],"author":[{"embeddable":true,"href":"https:\/\/www.accuratereviews.com\/it\/wp-json\/wp\/v2\/users\/17"}],"replies":[{"embeddable":true,"href":"https:\/\/www.accuratereviews.com\/it\/wp-json\/wp\/v2\/comments?post=18625"}],"version-history":[{"count":5,"href":"https:\/\/www.accuratereviews.com\/it\/wp-json\/wp\/v2\/pages\/18625\/revisions"}],"predecessor-version":[{"id":18642,"href":"https:\/\/www.accuratereviews.com\/it\/wp-json\/wp\/v2\/pages\/18625\/revisions\/18642"}],"up":[{"embeddable":true,"href":"https:\/\/www.accuratereviews.com\/it\/wp-json\/wp\/v2\/pages\/8333"}],"wp:featuredmedia":[{"embeddable":true,"href":"https:\/\/www.accuratereviews.com\/it\/wp-json\/wp\/v2\/media\/18627"}],"wp:attachment":[{"href":"https:\/\/www.accuratereviews.com\/it\/wp-json\/wp\/v2\/media?parent=18625"}],"wp:term":[{"taxonomy":"category","embeddable":true,"href":"https:\/\/www.accuratereviews.com\/it\/wp-json\/wp\/v2\/categories?post=18625"},{"taxonomy":"post_tag","embeddable":true,"href":"https:\/\/www.accuratereviews.com\/it\/wp-json\/wp\/v2\/tags?post=18625"},{"taxonomy":"features","embeddable":true,"href":"https:\/\/www.accuratereviews.com\/it\/wp-json\/wp\/v2\/features?post=18625"}],"curies":[{"name":"wp","href":"https:\/\/api.w.org\/{rel}","templated":true}]}}