{"id":18630,"date":"2019-09-29T07:08:15","date_gmt":"2019-09-29T07:08:15","guid":{"rendered":"https:\/\/www.accuratereviews.com\/?page_id=18630"},"modified":"2019-09-29T07:08:15","modified_gmt":"2019-09-29T07:08:15","slug":"targetprocess-recensione","status":"publish","type":"page","link":"https:\/\/www.accuratereviews.com\/it\/project-management-online-lista-software\/targetprocess-recensione\/","title":{"rendered":"Targetprocess"},"content":{"rendered":"<div class=\"mb-2\">\n<p><strong>Targetprocess<\/strong> \u00e8 un <strong>software di gestione dei progetti<\/strong>, principalmente indicato per quelli Agile in base a Scrum, Kanban o scegliendo un approccio personalizzato. Ti permette di tenere sotto controllo le attivit\u00e0, le tempistiche, il budget, di pianificare progetti e risorse, di collaborare in team e di <strong>ottimizzare cos\u00ec il tuo flusso di lavoro<\/strong>, risparmiando tempo e denaro. Targetorocess ha quindi come fine ultimo quello di aiutare i <strong>project manager e i team<\/strong>, di qualsiasi dimensione e settore, a raggiungere gli obiettivi che si sono prefissati in tempo e con una buona organizzazione. \u00c8 un ottimo <strong>strumento di pianificazione aziendale<\/strong> Agile che dispone di un&#8217;interfaccia utente moderna e intuitiva, accessibile quindi a chiunque.<\/p>\n<\/div>\n<div class=\"card island-light\">\n<div class=\"card-body media-viewer px-0 pt-0\">\n<div class=\"container\">\n<div class=\"row\">\n<div class=\"col-12 media-viewer-screen-container\">\n<div class=\"media-viewer-screen m-4 d-flex\" data-position=\"0\">\n<h2 id=\"video_frame_0\" class=\"media-viewer-video-container w-100 h-100\">COME UTILIZZARE TARGETPROCESS &#8211; TUTORIAL<\/h2>\n<p>Diamo uno sguardo a questo video che ci spiega le basi per utilizzare questo programma:<\/p>\n<div id=\"fluid-wrapper-counter-1\" class=\"g1-fluid-wrapper \" style=\"width:686px;\"><div style=\"padding-bottom:56.268221574344%;\"><iframe loading=\"lazy\" title=\"Targetprocess Basics\" width=\"515\" height=\"386\" src=\"https:\/\/www.youtube.com\/embed\/ftTGFNB8dns?feature=oembed&amp;wmode=transparent&amp;autohide=1&amp;autoplay=0&amp;disablekb=0&amp;fs=1&amp;loop=0&amp;enablejsapi=1&amp;rel=0&amp;controls=2&amp;showinfo=0&amp;wmode=transparent&amp;autohide=2&amp;autoplay=0&amp;disablekb=0&amp;fs=1&amp;loop=0&amp;enablejsapi=1&amp;rel=0&amp;controls=2&amp;showinfo=1\" frameborder=\"0\" allow=\"accelerometer; autoplay; encrypted-media; gyroscope; picture-in-picture\" allowfullscreen><\/iframe><\/div><\/div>\n<h3>TARGETPROCESS &#8211; CARATTERISTICHE<\/h3>\n<p>Di seguito vi elenchiamo le sue principali caratteristiche:<\/p>\n<ul>\n<li><strong>Panoramica dei progetti<\/strong>: ottieni facilmente una panoramica dei tuoi progetti ed esegui il drill down o il ridimensionamento dei dettagli da qualsiasi livello della gerarchia<\/li>\n<li><strong>Monitoraggio dei progressi<\/strong>: utilizza gli appositi strumenti per pianificare e monitorare i progressi dei progetti a cui stai lavorando cos\u00ec da avere sempre tutto sotto controllo<\/li>\n<li><strong>Condivisione file<\/strong>: condividi facilmente le schede con qualsiasi persona per trasmettere informazioni all&#8217;esterno.<\/li>\n<li><strong>Report personalizzati<\/strong>: personalizza tutto in moto tale da soddisfare ogni tua esigenza<\/li>\n<li><strong>Service Desk<\/strong>: \u00e8 un&#8217;applicazione autonoma che consente agli utenti di inviare qualsiasi tipo di richiesta, cercare e votare idee, aggiungere commenti e tenere traccia dello stato degli elementi correlati in Targetprocess.<\/li>\n<li><strong>Integrazioni<\/strong>: pu\u00f2 essere integrato con gli strumenti che creano un hub centrale per la collaborazione e la gestione all&#8217;interno dell&#8217;azienda<\/li>\n<li><strong>Mobile<\/strong>: gestisci i progetti anche dal cellulare e dal tablet.<\/li>\n<\/ul>\n<h3>LE RECENSIONI DEGLI UTENTI<\/h3>\n<ul>\n<li><strong>&#8220;L&#8217;usabilit\u00e0 \u00e8 migliorata in modo significativo e la soluzione SAAS funziona bene.&#8221;<\/strong><br \/>\nIN GENERALE: ampiamente utilizzato per tutti i progetti all&#8217;interno dell&#8217;organizzazione, non solo per l&#8217;IT.<br \/>\nPRO: funziona molto bene per il lavoro di creazione e collaborazione reale attorno alle storie degli utenti in un ambiente di progetto agile. Il prodcut cloud \/ SAAS.<br \/>\nCONTRO: il monitoraggio e il reporting a livello di progetto sono ancora molto deboli. La capacit\u00e0 di arrotolare facilmente le cose a livello di progetto \u00e8 ancora molto difficile e mancano ancora le capacit\u00e0 di reporting interno. Anche le informazioni di base devono essere estratte in Excel o in un altro strumento di reporting. Aiuterebbe ad avere alcune funzionalit\u00e0 di base di reporting per l&#8217;utente finale.<\/li>\n<li><strong>&#8220;Quasi tutto ci\u00f2 di cui ho bisogno&#8221;<\/strong><br \/>\nIN GENERALE: TP usato per circa 3 anni. Il design degli oggetti sottostante ha tutto il senso dal punto di vista dell&#8217;ingegnere. Adoro tutte le funzionalit\u00e0 per personalizzare il mio flusso di lavoro e le mie schede, codificarlo con estensioni e cos\u00ec via. Il supporto \u00e8 davvero eccezionale! Batte JIRA e TRELLO secondo me.<br \/>\nPRO: &#8211; supporto online<br \/>\n&#8211; concetto di design (tutti gli oggetti e i concetti sottostanti hanno senso e sono estremamente flessibili)<br \/>\n&#8211; prestazione<br \/>\n&#8211; aggiorna frequentemente<br \/>\nCONTRO: &#8211; nessuna integrazione con github (il numero del biglietto \u00e8 difficile da usare)<br \/>\n&#8211; nessuna integrazione con Confluence<br \/>\n&#8211; nessun ticket \/ supporto di supporto integrato<\/li>\n<li><strong>&#8220;Prodotto fantastico&#8221;<\/strong><br \/>\nIN GENERALE: Ottima esperienza. Rispetto ad altri sistemi che ho usato in passato, TargetProcess rimuove molti dei punti dolenti della gestione degli arretrati. Molto pi\u00f9 facile da G.S.D. con TargetProcess.<br \/>\nPRO: schede molto flessibili e configurabili che ti consentono di tagliare e tagliare i risultati del progetto quasi come preferisci. Uno dei pochi prodotti che ho trovato offre un approccio veramente intuitivo per stabilire le priorit\u00e0 del lavoro su pi\u00f9 arretrati di prodotti. L&#8217;interfaccia utente \u00e8 molto veloce per navigare nelle relazioni tra oggetti.<br \/>\nCONTRO: l&#8217;integrazione con VSTS Git si \u00e8 interrotta a un certo punto, quindi non possiamo vedere le modifiche al codice relative a storie \/ bug nel processo di destinazione. Questa \u00e8 stata una funzione super utile ma non funziona da molto tempo. Sto ancora aspettando che il team Target Process completi la sua storia &#8220;Sostituisci NGit in libgit2sharp nel plug-in GIT&#8221; per far funzionare di nuovo questo.<\/li>\n<\/ul>\n<\/div>\n<\/div>\n<\/div>\n<\/div>\n<\/div>\n<\/div>\n","protected":false},"excerpt":{"rendered":"<p>Targetprocess \u00e8 un software di gestione dei progetti, principalmente indicato per quelli Agile in base a Scrum, Kanban o scegliendo un approccio personalizzato. Ti permette di tenere sotto controllo le attivit\u00e0, le tempistiche, il budget, di pianificare progetti e risorse, di collaborare in team e di ottimizzare cos\u00ec il tuo flusso di lavoro, risparmiando tempo e denaro.<\/p>\n","protected":false},"author":17,"featured_media":18631,"parent":8333,"menu_order":0,"comment_status":"open","ping_status":"closed","template":"g1_template_page_review_new.php","meta":{"_acf_changed":false,"cwp_meta_box_check":"No","cwp_rev_product_name":"","cwp_rev_product_image":"","wppr_links":[],"cwp_rev_price":"","wppr_options":[],"wppr_pros":[],"wppr_cons":[],"_monsterinsights_skip_tracking":false,"_monsterinsights_sitenote_active":false,"_monsterinsights_sitenote_note":"","_monsterinsights_sitenote_category":0,"footnotes":""},"categories":[172],"tags":[1324,1316,1314],"features":[],"class_list":{"0":"post-18630","1":"page","2":"type-page","3":"status-publish","4":"has-post-thumbnail","6":"category-online-project-management-it","7":"tag-gestione-dei-progetti","8":"tag-online-project-management","9":"tag-project-management-software"},"wppr_data":{"cwp_meta_box_check":"No"},"acf":[],"yoast_head":"<!-- This site is optimized with the Yoast SEO plugin v27.4 - https:\/\/yoast.com\/product\/yoast-seo-wordpress\/ -->\n<title>Targetprocess: recensione programma - Accurate Reviews<\/title>\n<meta name=\"description\" content=\"Targetprocess \u00e8 un software di gestione dei progetti, principalmente indicato per quelli Agile, utile per ottimizzare il flusso di lsvoro.\" \/>\n<meta name=\"robots\" content=\"index, follow, max-snippet:-1, max-image-preview:large, max-video-preview:-1\" \/>\n<link rel=\"canonical\" href=\"https:\/\/www.accuratereviews.com\/it\/project-management-online-lista-software\/targetprocess-recensione\/\" \/>\n<meta property=\"og:locale\" content=\"it_IT\" \/>\n<meta property=\"og:type\" content=\"article\" \/>\n<meta property=\"og:title\" content=\"Targetprocess: recensione programma - Accurate Reviews\" \/>\n<meta property=\"og:description\" content=\"Targetprocess \u00e8 un software di gestione dei progetti, principalmente indicato per quelli Agile, utile per ottimizzare il flusso di lsvoro.\" \/>\n<meta property=\"og:url\" content=\"https:\/\/www.accuratereviews.com\/it\/project-management-online-lista-software\/targetprocess-recensione\/\" \/>\n<meta property=\"og:site_name\" content=\"Accurate Reviews\" \/>\n<meta property=\"og:image\" content=\"https:\/\/www.accuratereviews.com\/wp-content\/uploads\/2019\/09\/targetprocess-wide-logo.png\" \/>\n\t<meta property=\"og:image:width\" content=\"900\" \/>\n\t<meta property=\"og:image:height\" content=\"600\" \/>\n\t<meta property=\"og:image:type\" content=\"image\/png\" \/>\n<meta name=\"twitter:card\" content=\"summary_large_image\" \/>\n<meta name=\"twitter:label1\" content=\"Tempo di lettura stimato\" \/>\n\t<meta name=\"twitter:data1\" content=\"3 minuti\" \/>\n<script type=\"application\/ld+json\" class=\"yoast-schema-graph\">{\"@context\":\"https:\\\/\\\/schema.org\",\"@graph\":[{\"@type\":\"WebPage\",\"@id\":\"https:\\\/\\\/www.accuratereviews.com\\\/it\\\/project-management-online-lista-software\\\/targetprocess-recensione\\\/\",\"url\":\"https:\\\/\\\/www.accuratereviews.com\\\/it\\\/project-management-online-lista-software\\\/targetprocess-recensione\\\/\",\"name\":\"Targetprocess: recensione programma - Accurate Reviews\",\"isPartOf\":{\"@id\":\"https:\\\/\\\/www.accuratereviews.com\\\/it\\\/#website\"},\"primaryImageOfPage\":{\"@id\":\"https:\\\/\\\/www.accuratereviews.com\\\/it\\\/project-management-online-lista-software\\\/targetprocess-recensione\\\/#primaryimage\"},\"image\":{\"@id\":\"https:\\\/\\\/www.accuratereviews.com\\\/it\\\/project-management-online-lista-software\\\/targetprocess-recensione\\\/#primaryimage\"},\"thumbnailUrl\":\"https:\\\/\\\/www.accuratereviews.com\\\/wp-content\\\/uploads\\\/2019\\\/09\\\/targetprocess-wide-logo.png\",\"datePublished\":\"2019-09-29T07:08:15+00:00\",\"description\":\"Targetprocess \u00e8 un software di gestione dei progetti, principalmente indicato per quelli Agile, utile per ottimizzare il flusso di lsvoro.\",\"breadcrumb\":{\"@id\":\"https:\\\/\\\/www.accuratereviews.com\\\/it\\\/project-management-online-lista-software\\\/targetprocess-recensione\\\/#breadcrumb\"},\"inLanguage\":\"it-IT\",\"potentialAction\":[{\"@type\":\"ReadAction\",\"target\":[\"https:\\\/\\\/www.accuratereviews.com\\\/it\\\/project-management-online-lista-software\\\/targetprocess-recensione\\\/\"]}]},{\"@type\":\"ImageObject\",\"inLanguage\":\"it-IT\",\"@id\":\"https:\\\/\\\/www.accuratereviews.com\\\/it\\\/project-management-online-lista-software\\\/targetprocess-recensione\\\/#primaryimage\",\"url\":\"https:\\\/\\\/www.accuratereviews.com\\\/wp-content\\\/uploads\\\/2019\\\/09\\\/targetprocess-wide-logo.png\",\"contentUrl\":\"https:\\\/\\\/www.accuratereviews.com\\\/wp-content\\\/uploads\\\/2019\\\/09\\\/targetprocess-wide-logo.png\",\"width\":900,\"height\":600},{\"@type\":\"BreadcrumbList\",\"@id\":\"https:\\\/\\\/www.accuratereviews.com\\\/it\\\/project-management-online-lista-software\\\/targetprocess-recensione\\\/#breadcrumb\",\"itemListElement\":[{\"@type\":\"ListItem\",\"position\":1,\"name\":\"Home\",\"item\":\"https:\\\/\\\/www.accuratereviews.com\\\/it\\\/\"},{\"@type\":\"ListItem\",\"position\":2,\"name\":\"Project Management Online\",\"item\":\"https:\\\/\\\/www.accuratereviews.com\\\/it\\\/project-management-online-lista-software\\\/\"},{\"@type\":\"ListItem\",\"position\":3,\"name\":\"Targetprocess\"}]},{\"@type\":\"WebSite\",\"@id\":\"https:\\\/\\\/www.accuratereviews.com\\\/it\\\/#website\",\"url\":\"https:\\\/\\\/www.accuratereviews.com\\\/it\\\/\",\"name\":\"Accurate Reviews\",\"description\":\"\",\"potentialAction\":[{\"@type\":\"SearchAction\",\"target\":{\"@type\":\"EntryPoint\",\"urlTemplate\":\"https:\\\/\\\/www.accuratereviews.com\\\/it\\\/?s={search_term_string}\"},\"query-input\":{\"@type\":\"PropertyValueSpecification\",\"valueRequired\":true,\"valueName\":\"search_term_string\"}}],\"inLanguage\":\"it-IT\"}]}<\/script>\n<!-- \/ Yoast SEO plugin. -->","yoast_head_json":{"title":"Targetprocess: recensione programma - Accurate Reviews","description":"Targetprocess \u00e8 un software di gestione dei progetti, principalmente indicato per quelli Agile, utile per ottimizzare il flusso di lsvoro.","robots":{"index":"index","follow":"follow","max-snippet":"max-snippet:-1","max-image-preview":"max-image-preview:large","max-video-preview":"max-video-preview:-1"},"canonical":"https:\/\/www.accuratereviews.com\/it\/project-management-online-lista-software\/targetprocess-recensione\/","og_locale":"it_IT","og_type":"article","og_title":"Targetprocess: recensione programma - Accurate Reviews","og_description":"Targetprocess \u00e8 un software di gestione dei progetti, principalmente indicato per quelli Agile, utile per ottimizzare il flusso di lsvoro.","og_url":"https:\/\/www.accuratereviews.com\/it\/project-management-online-lista-software\/targetprocess-recensione\/","og_site_name":"Accurate Reviews","og_image":[{"width":900,"height":600,"url":"https:\/\/www.accuratereviews.com\/wp-content\/uploads\/2019\/09\/targetprocess-wide-logo.png","type":"image\/png"}],"twitter_card":"summary_large_image","twitter_misc":{"Tempo di lettura stimato":"3 minuti"},"schema":{"@context":"https:\/\/schema.org","@graph":[{"@type":"WebPage","@id":"https:\/\/www.accuratereviews.com\/it\/project-management-online-lista-software\/targetprocess-recensione\/","url":"https:\/\/www.accuratereviews.com\/it\/project-management-online-lista-software\/targetprocess-recensione\/","name":"Targetprocess: recensione programma - Accurate Reviews","isPartOf":{"@id":"https:\/\/www.accuratereviews.com\/it\/#website"},"primaryImageOfPage":{"@id":"https:\/\/www.accuratereviews.com\/it\/project-management-online-lista-software\/targetprocess-recensione\/#primaryimage"},"image":{"@id":"https:\/\/www.accuratereviews.com\/it\/project-management-online-lista-software\/targetprocess-recensione\/#primaryimage"},"thumbnailUrl":"https:\/\/www.accuratereviews.com\/wp-content\/uploads\/2019\/09\/targetprocess-wide-logo.png","datePublished":"2019-09-29T07:08:15+00:00","description":"Targetprocess \u00e8 un software di gestione dei progetti, principalmente indicato per quelli Agile, utile per ottimizzare il flusso di lsvoro.","breadcrumb":{"@id":"https:\/\/www.accuratereviews.com\/it\/project-management-online-lista-software\/targetprocess-recensione\/#breadcrumb"},"inLanguage":"it-IT","potentialAction":[{"@type":"ReadAction","target":["https:\/\/www.accuratereviews.com\/it\/project-management-online-lista-software\/targetprocess-recensione\/"]}]},{"@type":"ImageObject","inLanguage":"it-IT","@id":"https:\/\/www.accuratereviews.com\/it\/project-management-online-lista-software\/targetprocess-recensione\/#primaryimage","url":"https:\/\/www.accuratereviews.com\/wp-content\/uploads\/2019\/09\/targetprocess-wide-logo.png","contentUrl":"https:\/\/www.accuratereviews.com\/wp-content\/uploads\/2019\/09\/targetprocess-wide-logo.png","width":900,"height":600},{"@type":"BreadcrumbList","@id":"https:\/\/www.accuratereviews.com\/it\/project-management-online-lista-software\/targetprocess-recensione\/#breadcrumb","itemListElement":[{"@type":"ListItem","position":1,"name":"Home","item":"https:\/\/www.accuratereviews.com\/it\/"},{"@type":"ListItem","position":2,"name":"Project Management Online","item":"https:\/\/www.accuratereviews.com\/it\/project-management-online-lista-software\/"},{"@type":"ListItem","position":3,"name":"Targetprocess"}]},{"@type":"WebSite","@id":"https:\/\/www.accuratereviews.com\/it\/#website","url":"https:\/\/www.accuratereviews.com\/it\/","name":"Accurate Reviews","description":"","potentialAction":[{"@type":"SearchAction","target":{"@type":"EntryPoint","urlTemplate":"https:\/\/www.accuratereviews.com\/it\/?s={search_term_string}"},"query-input":{"@type":"PropertyValueSpecification","valueRequired":true,"valueName":"search_term_string"}}],"inLanguage":"it-IT"}]}},"_links":{"self":[{"href":"https:\/\/www.accuratereviews.com\/it\/wp-json\/wp\/v2\/pages\/18630","targetHints":{"allow":["GET"]}}],"collection":[{"href":"https:\/\/www.accuratereviews.com\/it\/wp-json\/wp\/v2\/pages"}],"about":[{"href":"https:\/\/www.accuratereviews.com\/it\/wp-json\/wp\/v2\/types\/page"}],"author":[{"embeddable":true,"href":"https:\/\/www.accuratereviews.com\/it\/wp-json\/wp\/v2\/users\/17"}],"replies":[{"embeddable":true,"href":"https:\/\/www.accuratereviews.com\/it\/wp-json\/wp\/v2\/comments?post=18630"}],"version-history":[{"count":1,"href":"https:\/\/www.accuratereviews.com\/it\/wp-json\/wp\/v2\/pages\/18630\/revisions"}],"predecessor-version":[{"id":18634,"href":"https:\/\/www.accuratereviews.com\/it\/wp-json\/wp\/v2\/pages\/18630\/revisions\/18634"}],"up":[{"embeddable":true,"href":"https:\/\/www.accuratereviews.com\/it\/wp-json\/wp\/v2\/pages\/8333"}],"wp:featuredmedia":[{"embeddable":true,"href":"https:\/\/www.accuratereviews.com\/it\/wp-json\/wp\/v2\/media\/18631"}],"wp:attachment":[{"href":"https:\/\/www.accuratereviews.com\/it\/wp-json\/wp\/v2\/media?parent=18630"}],"wp:term":[{"taxonomy":"category","embeddable":true,"href":"https:\/\/www.accuratereviews.com\/it\/wp-json\/wp\/v2\/categories?post=18630"},{"taxonomy":"post_tag","embeddable":true,"href":"https:\/\/www.accuratereviews.com\/it\/wp-json\/wp\/v2\/tags?post=18630"},{"taxonomy":"features","embeddable":true,"href":"https:\/\/www.accuratereviews.com\/it\/wp-json\/wp\/v2\/features?post=18630"}],"curies":[{"name":"wp","href":"https:\/\/api.w.org\/{rel}","templated":true}]}}