{"id":18637,"date":"2019-09-30T07:12:09","date_gmt":"2019-09-30T07:12:09","guid":{"rendered":"https:\/\/www.accuratereviews.com\/?page_id=18637"},"modified":"2020-12-09T09:30:17","modified_gmt":"2020-12-09T09:30:17","slug":"activecollab-recensione","status":"publish","type":"page","link":"https:\/\/www.accuratereviews.com\/it\/project-management-online-lista-software\/activecollab-recensione\/","title":{"rendered":"ActiveCollab"},"content":{"rendered":"<p><strong>ActiveCollab<\/strong> \u00e8 uno strumento integrato di<strong> gestione dei progetti<\/strong> e collaborazione che combina la gestione delle attivit\u00e0, il monitoraggio del tempo e la fatturazione in un&#8217;unica app facile da usare e ben progettata. \u00c8 altamente configurabile e ricco di strumenti di pianificazione e organizzazione che semplificano o automatizzano i processi.\u00a0La soluzione ti aiuta a organizzare i tuoi progetti, attivit\u00e0 e file in un unico posto, in modo che i tuoi team trovino tutto subito. I\u00a0tuo collaboratori possono comunicare, essere informati e vedere su cosa dovr\u00e0 lavorare successivamente. Permette loro di condividere file, fare brainstorming, discutere argomenti importanti e molto altro. \u00c8 inoltre possibile collaborare con i clienti senza sacrificare la sicurezza e la riservatezza dei dati interni, limitando l&#8217;accesso dei clienti solo alle aree e alle funzionalit\u00e0 che hanno il permesso di utilizzare.<\/p>\n<h2>ACTIVECOLLAB &#8211; TUTORIAL<\/h2>\n<p>Guardiamo il video tutorial per capire come utilizzare questo <strong>software Project Management<\/strong>:<\/p>\n<div id=\"fluid-wrapper-counter-1\" class=\"g1-fluid-wrapper \" style=\"width:686px;\">\n<div style=\"padding-bottom:56.268221574344%;\"><iframe loading=\"lazy\" title=\"How to Use ActiveCollab to Manage Your Projects\" width=\"686\" height=\"386\" src=\"https:\/\/www.youtube.com\/embed\/BWdJ9_mgSYE?feature=oembed&amp;wmode=transparent&amp;autohide=1&amp;autoplay=0&amp;disablekb=0&amp;fs=1&amp;loop=0&amp;enablejsapi=1&amp;rel=0&amp;controls=2&amp;showinfo=0&amp;wmode=transparent&amp;autohide=2&amp;autoplay=0&amp;disablekb=0&amp;fs=1&amp;loop=0&amp;enablejsapi=1&amp;rel=0&amp;controls=2&amp;showinfo=1\" frameborder=\"0\" allow=\"accelerometer; autoplay; clipboard-write; encrypted-media; gyroscope; picture-in-picture\" allowfullscreen><\/iframe><\/div>\n<\/div>\n<h3>ACTIVECOLLAB &#8211; CARATTERISTICHE<\/h3>\n<ul>\n<li><strong>Gestione delle risorse:<\/strong> controlla\u00a0tuoi progetti, crea un programma di lavoro perfetto e prendi nota del tempo utilizzato per ultimare il tuo lavoro<\/li>\n<li><strong>Il tuo lavoro in un unico posto<\/strong>: organizza il tuo intero lavoro &#8211; tutte le attivit\u00e0, le comunicazioni, i membri del team e i file &#8211; con un&#8217;unica app<\/li>\n<li><strong>Tutti sanno cosa devono fare<\/strong>: il tuo team \u00e8 sempre aggiornato con le informazioni relative ai loro compiti e progetti. La comunicazione \u00e8 semplice tra chat ed email<\/li>\n<li><strong>Non perdere mai nulla<\/strong>: partecipa a discussioni, condividi file, invia e ricevi feedback e rimani aggiornato con tutto ci\u00f2 che \u00e8 accaduto dalla tuo ultimo controllo<\/li>\n<li><strong>Prevedere, misurare e valutare<\/strong>: assegna il tempo totale disponibile per i tuoi progetti, sopporta la loro redditivit\u00e0 e migliora le tue stime future<\/li>\n<\/ul>\n<h4>LE RECENSIONI DEGLI UTENTI<\/h4>\n<h4>Joshua D. &#8220;Questo sistema \u00e8 alla base della collaborazione con il cliente nella nostra azienda. Ne abbiamo semplicemente bisogno.&#8221;<\/h4>\n<p><strong>Vantaggi<\/strong>: Copre l&#8217;integrazione del calendario, la gestione delle attivit\u00e0, il monitoraggio delle spese e dei tempi, le stime dei clienti e la fatturazione \u00e8 integrata, le discussioni con i clienti sono intrecciate e organizzate in modo ordinato in ogni momento, i caricamenti di file che fungono da mini-Dropbox per te e i tuoi clienti, note, facebook cronologia in stile dell&#8217;attivit\u00e0 all&#8217;interno di ogni progetto &#8230; E non ho nemmeno toccato il livello di personalizzazione, moltitudine di estensioni (incluso Zapier), scalabilit\u00e0 (con opzioni self-hosted!) e l&#8217;app iOS che funziona con versioni cloud o self-hosted (i nostri clienti adorano l&#8217;app). Adoriamo ActiveCollab per la sua diversit\u00e0. Questa \u00e8 l&#8217;unica ragione per cui, a nostro avviso, \u00e8 semplicemente insostituibile. Doverlo sostituire sarebbe come aggiungere triplicare il lavoro amministrativo. Sostituisce la necessit\u00e0 di pi\u00f9 servizi separati che fanno ciascuna di queste cose separatamente. Chi lo vuole quando puoi avere un unico login su un singolo sistema che pu\u00f2 dominarli tutti? ;) SEMPLICEMENTE. INSOSTITUIBILE.<\/p>\n<p><strong>Inconvenienti<\/strong>: le app iOS e Android richiedono un po &#8216;di lavoro. Non fanno tanto quanto la versione desktop, quindi si sentono limitati. Non sfruttano davvero funzionalit\u00e0 come gesti o multi-touch, che ogni smartphone ha. Ci piacerebbe davvero poter caricare pi\u00f9 di una semplice foto dal rullino fotografico; una sorta di selezione di file o un&#8217;opzione per caricare su ActiveCollab da un&#8217;altra app (condividere i fogli) andrebbe LUNGO. Anche l&#8217;ottimizzazione per schermi di dimensioni tablet sarebbe dolce, insieme alla semplice possibilit\u00e0 di ingrandire o ridurre il testo nell&#8217;app, quindi \u00e8 pi\u00f9 facile da leggere. Il calendario consente la sindacazione tramite link di abbonamento, ma fermarsi l\u00ec sembra prematuro. Sarebbe molto utile essere in grado di integrarsi con le app di Calendar (tramite CalDAV), poich\u00e9 il calendario non \u00e8 disponibile nemmeno sull&#8217;app mobile. Sarebbe davvero bello poter aggiungere o modificare eventi dalle nostre app native del calendario. Il supporto \u00e8 fantastico ed estremamente ben informato. Eseguiamo un&#8217;installazione self-hosted, che \u00e8 pi\u00f9 economica per noi, ma non abbiamo professionisti che gestiscono il nostro ambiente server. Quel compito ricade su di noi, insegnando a noi stessi mentre andiamo, e sembra che il supporto lascer\u00e0 indizi su quale sia un problema, invece di andare lontano e andare da soli per aiutare a risolvere il problema. Certo, questo \u00e8 pi\u00f9 un problema con \/ us \/, dal momento che siamo amministratori aziendali e non esperti nella gestione dei server. Ma il supporto non ti abbandoner\u00e0. Hanno sempre le spalle, non importa quanto sia difficile il problema!<\/p>\n<h4>Sarah P. &#8220;Ottima opzione per il mio business creativo&#8221;<\/h4>\n<p><strong>Commenti<\/strong>: ActiveCollab ci tiene organizzati e in attivit\u00e0. \u00c8 un&#8217;istantanea del nostro lavoro sul cliente in qualsiasi momento. ActiveCollab ci consente di rimanere davvero in linea con i nostri obiettivi e in attivit\u00e0 con i nostri clienti.<\/p>\n<p><strong>Vantaggi<\/strong>: possiedo e gestisco una societ\u00e0 specializzata in strategia creativa e servizi di marketing \/ PR e questo \u00e8 adatto a noi. Ho trascorso molti mesi e ho svolto diverse prove alla ricerca di un software che avesse messo insieme tutte le funzionalit\u00e0 che stavamo cercando. Abbiamo optato per ActiveCollab e ne siamo molto contenti. \u00c8 un&#8217;ottima opzione senza il prezzo e la disorganizzazione delle versioni successive offerte da Basecamp. Mi piacciono le funzionalit\u00e0 di personalizzazione e le categorie fatturabili per il monitoraggio e i report. Lavoriamo con gli appaltatori nella nostra attivit\u00e0 e ci piace la possibilit\u00e0 di assegnare compiti e nascondere articoli di back office al cliente. Il loro servizio clienti \u00e8 stato molto reattivo e disponibile durante tutto il nostro allestimento e siamo nel complesso molto soddisfatti del prodotto e della funzionalit\u00e0 per le nostre esigenze. Nel complesso buona UX \/ UI.<\/p>\n<p><strong>Inconvenienti<\/strong>: stiamo scoprendo che le opzioni dei rapporti sono un po&#8217; limitate, tuttavia non \u00e8 stato un grosso problema. Stiamo ricevendo la maggior parte dei dati di cui abbiamo bisogno. Vorremmo davvero poter assegnare compiti a pi\u00f9 persone, ma questo sembra essere un tema comune tra queste opzioni software. Non capisco perch\u00e9, poich\u00e9 abbiamo molte attivit\u00e0 che vengono svolte da pi\u00f9 persone. Questo viene trasferito nell&#8217;app di monitoraggio del tempo. Se non ti \u00e8 stata assegnata un&#8217;attivit\u00e0, questa non verr\u00e0 visualizzata nell&#8217;app di monitoraggio del tempo su cui tracciare. Tuttavia, il problema \u00e8 che puoi aggiungere un rapporto temporale nella versione desktop dopo il fatto a qualsiasi attivit\u00e0 indipendentemente da chi \u00e8 stato assegnato. La funzionalit\u00e0 di budget per progetto \u00e8 buona, tuttavia, vorremmo poterlo ulteriormente scomporre per elenco di attivit\u00e0. Il loro eccellente servizio clienti lo ha trasmesso alla direzione e al team di sviluppo per essere preso in considerazione, quindi incrociamo le dita arriver\u00e0 in un aggiornamento a un certo punto.<\/p>\n<p><strong>Jolie H.&#8221;Active Collab semplifica il lavoro insieme&#8221;<\/strong><br \/>\n<strong>Commenti<\/strong>: Il mio team \u00e8 diffuso in tutto il paese e Active Collab ci consente di lavorare insieme su progetti senza soluzione di continuit\u00e0. I nostri partner esterni sono anche in grado di lavorare facilmente con noi.<\/p>\n<p><strong>Vantaggi<\/strong>: ottimo strumento per la gestione di progetti complessi con pi\u00f9 stakeholder.\u00a0Set di funzionalit\u00e0 piuttosto robusto.\u00a0Semplice da accedere e facile da invitare collaboratori dentro e fuori la mia azienda<\/p>\n<p><strong>Inconvenienti<\/strong>: gli aggiornamenti sono stati un po&#8217; lenti<\/p>\n","protected":false},"excerpt":{"rendered":"<p>ActiveCollab \u00e8 uno strumento integrato di gestione dei progetti e collaborazione che combina la gestione delle attivit\u00e0, il monitoraggio del tempo e la fatturazione in un&#8217;unica app facile da usare e ben progettata. \u00c8 altamente configurabile e ricco di strumenti di pianificazione e organizzazione che semplificano o automatizzano i processi.\u00a0<\/p>\n","protected":false},"author":19,"featured_media":18638,"parent":8333,"menu_order":0,"comment_status":"open","ping_status":"closed","template":"g1_template_page_review_new.php","meta":{"_acf_changed":false,"cwp_meta_box_check":"Yes","cwp_rev_product_name":"","cwp_rev_product_image":"","wppr_links":[],"cwp_rev_price":"","wppr_options":[],"wppr_pros":[],"wppr_cons":[],"_monsterinsights_skip_tracking":false,"_monsterinsights_sitenote_active":false,"_monsterinsights_sitenote_note":"","_monsterinsights_sitenote_category":0,"footnotes":""},"categories":[172],"tags":[1338,1337,1311,1326],"features":[],"class_list":{"0":"post-18637","1":"page","2":"type-page","3":"status-publish","4":"has-post-thumbnail","6":"category-online-project-management-it","7":"tag-activecollab","8":"tag-programma-gestione-dei-progetti","9":"tag-software-gestione-dei-progetti","10":"tag-soluzione-gestione-dei-progetti"},"wppr_data":{"cwp_meta_box_check":"Yes","cwp_rev_product_name":"","cwp_rev_product_image":"","cwp_image_link":"image","cwp_rev_price":"","wppr_rating":"0.00"},"acf":[],"yoast_head":"<!-- This site is optimized with the Yoast SEO plugin v27.4 - https:\/\/yoast.com\/product\/yoast-seo-wordpress\/ -->\n<title>ActiveCollab: recensione software Project Management Accurate Reviews<\/title>\n<meta name=\"description\" content=\"ActiveCollab: recensione strumento integrato di gestione dei progetti e collaborazione facile da usare molto efficace per il tuo lavoro.\" \/>\n<meta name=\"robots\" content=\"index, follow, max-snippet:-1, max-image-preview:large, max-video-preview:-1\" \/>\n<link rel=\"canonical\" href=\"https:\/\/www.accuratereviews.com\/it\/project-management-online-lista-software\/activecollab-recensione\/\" \/>\n<meta property=\"og:locale\" content=\"it_IT\" \/>\n<meta property=\"og:type\" content=\"article\" \/>\n<meta property=\"og:title\" content=\"ActiveCollab: recensione software Project Management Accurate Reviews\" \/>\n<meta property=\"og:description\" content=\"ActiveCollab: recensione strumento integrato di gestione dei progetti e collaborazione facile da usare molto efficace per il tuo lavoro.\" \/>\n<meta property=\"og:url\" content=\"https:\/\/www.accuratereviews.com\/it\/project-management-online-lista-software\/activecollab-recensione\/\" \/>\n<meta property=\"og:site_name\" content=\"Accurate Reviews\" \/>\n<meta property=\"article:modified_time\" content=\"2020-12-09T09:30:17+00:00\" \/>\n<meta property=\"og:image\" content=\"https:\/\/www.accuratereviews.com\/wp-content\/uploads\/2019\/09\/active-collab.png\" \/>\n\t<meta property=\"og:image:width\" content=\"850\" \/>\n\t<meta property=\"og:image:height\" content=\"416\" \/>\n\t<meta property=\"og:image:type\" content=\"image\/png\" \/>\n<meta name=\"twitter:card\" content=\"summary_large_image\" \/>\n<meta name=\"twitter:label1\" content=\"Tempo di lettura stimato\" \/>\n\t<meta name=\"twitter:data1\" content=\"6 minuti\" \/>\n<script type=\"application\/ld+json\" class=\"yoast-schema-graph\">{\"@context\":\"https:\\\/\\\/schema.org\",\"@graph\":[{\"@type\":\"WebPage\",\"@id\":\"https:\\\/\\\/www.accuratereviews.com\\\/it\\\/project-management-online-lista-software\\\/activecollab-recensione\\\/\",\"url\":\"https:\\\/\\\/www.accuratereviews.com\\\/it\\\/project-management-online-lista-software\\\/activecollab-recensione\\\/\",\"name\":\"ActiveCollab: recensione software Project Management Accurate Reviews\",\"isPartOf\":{\"@id\":\"https:\\\/\\\/www.accuratereviews.com\\\/it\\\/#website\"},\"primaryImageOfPage\":{\"@id\":\"https:\\\/\\\/www.accuratereviews.com\\\/it\\\/project-management-online-lista-software\\\/activecollab-recensione\\\/#primaryimage\"},\"image\":{\"@id\":\"https:\\\/\\\/www.accuratereviews.com\\\/it\\\/project-management-online-lista-software\\\/activecollab-recensione\\\/#primaryimage\"},\"thumbnailUrl\":\"https:\\\/\\\/www.accuratereviews.com\\\/wp-content\\\/uploads\\\/2019\\\/09\\\/active-collab.png\",\"datePublished\":\"2019-09-30T07:12:09+00:00\",\"dateModified\":\"2020-12-09T09:30:17+00:00\",\"description\":\"ActiveCollab: recensione strumento integrato di gestione dei progetti e collaborazione facile da usare molto efficace per il tuo lavoro.\",\"breadcrumb\":{\"@id\":\"https:\\\/\\\/www.accuratereviews.com\\\/it\\\/project-management-online-lista-software\\\/activecollab-recensione\\\/#breadcrumb\"},\"inLanguage\":\"it-IT\",\"potentialAction\":[{\"@type\":\"ReadAction\",\"target\":[\"https:\\\/\\\/www.accuratereviews.com\\\/it\\\/project-management-online-lista-software\\\/activecollab-recensione\\\/\"]}]},{\"@type\":\"ImageObject\",\"inLanguage\":\"it-IT\",\"@id\":\"https:\\\/\\\/www.accuratereviews.com\\\/it\\\/project-management-online-lista-software\\\/activecollab-recensione\\\/#primaryimage\",\"url\":\"https:\\\/\\\/www.accuratereviews.com\\\/wp-content\\\/uploads\\\/2019\\\/09\\\/active-collab.png\",\"contentUrl\":\"https:\\\/\\\/www.accuratereviews.com\\\/wp-content\\\/uploads\\\/2019\\\/09\\\/active-collab.png\",\"width\":850,\"height\":416},{\"@type\":\"BreadcrumbList\",\"@id\":\"https:\\\/\\\/www.accuratereviews.com\\\/it\\\/project-management-online-lista-software\\\/activecollab-recensione\\\/#breadcrumb\",\"itemListElement\":[{\"@type\":\"ListItem\",\"position\":1,\"name\":\"Home\",\"item\":\"https:\\\/\\\/www.accuratereviews.com\\\/it\\\/\"},{\"@type\":\"ListItem\",\"position\":2,\"name\":\"Project Management Online\",\"item\":\"https:\\\/\\\/www.accuratereviews.com\\\/it\\\/project-management-online-lista-software\\\/\"},{\"@type\":\"ListItem\",\"position\":3,\"name\":\"ActiveCollab\"}]},{\"@type\":\"WebSite\",\"@id\":\"https:\\\/\\\/www.accuratereviews.com\\\/it\\\/#website\",\"url\":\"https:\\\/\\\/www.accuratereviews.com\\\/it\\\/\",\"name\":\"Accurate Reviews\",\"description\":\"\",\"potentialAction\":[{\"@type\":\"SearchAction\",\"target\":{\"@type\":\"EntryPoint\",\"urlTemplate\":\"https:\\\/\\\/www.accuratereviews.com\\\/it\\\/?s={search_term_string}\"},\"query-input\":{\"@type\":\"PropertyValueSpecification\",\"valueRequired\":true,\"valueName\":\"search_term_string\"}}],\"inLanguage\":\"it-IT\"}]}<\/script>\n<!-- \/ Yoast SEO plugin. -->","yoast_head_json":{"title":"ActiveCollab: recensione software Project Management Accurate Reviews","description":"ActiveCollab: recensione strumento integrato di gestione dei progetti e collaborazione facile da usare molto efficace per il tuo lavoro.","robots":{"index":"index","follow":"follow","max-snippet":"max-snippet:-1","max-image-preview":"max-image-preview:large","max-video-preview":"max-video-preview:-1"},"canonical":"https:\/\/www.accuratereviews.com\/it\/project-management-online-lista-software\/activecollab-recensione\/","og_locale":"it_IT","og_type":"article","og_title":"ActiveCollab: recensione software Project Management Accurate Reviews","og_description":"ActiveCollab: recensione strumento integrato di gestione dei progetti e collaborazione facile da usare molto efficace per il tuo lavoro.","og_url":"https:\/\/www.accuratereviews.com\/it\/project-management-online-lista-software\/activecollab-recensione\/","og_site_name":"Accurate Reviews","article_modified_time":"2020-12-09T09:30:17+00:00","og_image":[{"width":850,"height":416,"url":"https:\/\/www.accuratereviews.com\/wp-content\/uploads\/2019\/09\/active-collab.png","type":"image\/png"}],"twitter_card":"summary_large_image","twitter_misc":{"Tempo di lettura stimato":"6 minuti"},"schema":{"@context":"https:\/\/schema.org","@graph":[{"@type":"WebPage","@id":"https:\/\/www.accuratereviews.com\/it\/project-management-online-lista-software\/activecollab-recensione\/","url":"https:\/\/www.accuratereviews.com\/it\/project-management-online-lista-software\/activecollab-recensione\/","name":"ActiveCollab: recensione software Project Management Accurate Reviews","isPartOf":{"@id":"https:\/\/www.accuratereviews.com\/it\/#website"},"primaryImageOfPage":{"@id":"https:\/\/www.accuratereviews.com\/it\/project-management-online-lista-software\/activecollab-recensione\/#primaryimage"},"image":{"@id":"https:\/\/www.accuratereviews.com\/it\/project-management-online-lista-software\/activecollab-recensione\/#primaryimage"},"thumbnailUrl":"https:\/\/www.accuratereviews.com\/wp-content\/uploads\/2019\/09\/active-collab.png","datePublished":"2019-09-30T07:12:09+00:00","dateModified":"2020-12-09T09:30:17+00:00","description":"ActiveCollab: recensione strumento integrato di gestione dei progetti e collaborazione facile da usare molto efficace per il tuo lavoro.","breadcrumb":{"@id":"https:\/\/www.accuratereviews.com\/it\/project-management-online-lista-software\/activecollab-recensione\/#breadcrumb"},"inLanguage":"it-IT","potentialAction":[{"@type":"ReadAction","target":["https:\/\/www.accuratereviews.com\/it\/project-management-online-lista-software\/activecollab-recensione\/"]}]},{"@type":"ImageObject","inLanguage":"it-IT","@id":"https:\/\/www.accuratereviews.com\/it\/project-management-online-lista-software\/activecollab-recensione\/#primaryimage","url":"https:\/\/www.accuratereviews.com\/wp-content\/uploads\/2019\/09\/active-collab.png","contentUrl":"https:\/\/www.accuratereviews.com\/wp-content\/uploads\/2019\/09\/active-collab.png","width":850,"height":416},{"@type":"BreadcrumbList","@id":"https:\/\/www.accuratereviews.com\/it\/project-management-online-lista-software\/activecollab-recensione\/#breadcrumb","itemListElement":[{"@type":"ListItem","position":1,"name":"Home","item":"https:\/\/www.accuratereviews.com\/it\/"},{"@type":"ListItem","position":2,"name":"Project Management Online","item":"https:\/\/www.accuratereviews.com\/it\/project-management-online-lista-software\/"},{"@type":"ListItem","position":3,"name":"ActiveCollab"}]},{"@type":"WebSite","@id":"https:\/\/www.accuratereviews.com\/it\/#website","url":"https:\/\/www.accuratereviews.com\/it\/","name":"Accurate Reviews","description":"","potentialAction":[{"@type":"SearchAction","target":{"@type":"EntryPoint","urlTemplate":"https:\/\/www.accuratereviews.com\/it\/?s={search_term_string}"},"query-input":{"@type":"PropertyValueSpecification","valueRequired":true,"valueName":"search_term_string"}}],"inLanguage":"it-IT"}]}},"_links":{"self":[{"href":"https:\/\/www.accuratereviews.com\/it\/wp-json\/wp\/v2\/pages\/18637","targetHints":{"allow":["GET"]}}],"collection":[{"href":"https:\/\/www.accuratereviews.com\/it\/wp-json\/wp\/v2\/pages"}],"about":[{"href":"https:\/\/www.accuratereviews.com\/it\/wp-json\/wp\/v2\/types\/page"}],"author":[{"embeddable":true,"href":"https:\/\/www.accuratereviews.com\/it\/wp-json\/wp\/v2\/users\/19"}],"replies":[{"embeddable":true,"href":"https:\/\/www.accuratereviews.com\/it\/wp-json\/wp\/v2\/comments?post=18637"}],"version-history":[{"count":9,"href":"https:\/\/www.accuratereviews.com\/it\/wp-json\/wp\/v2\/pages\/18637\/revisions"}],"predecessor-version":[{"id":18658,"href":"https:\/\/www.accuratereviews.com\/it\/wp-json\/wp\/v2\/pages\/18637\/revisions\/18658"}],"up":[{"embeddable":true,"href":"https:\/\/www.accuratereviews.com\/it\/wp-json\/wp\/v2\/pages\/8333"}],"wp:featuredmedia":[{"embeddable":true,"href":"https:\/\/www.accuratereviews.com\/it\/wp-json\/wp\/v2\/media\/18638"}],"wp:attachment":[{"href":"https:\/\/www.accuratereviews.com\/it\/wp-json\/wp\/v2\/media?parent=18637"}],"wp:term":[{"taxonomy":"category","embeddable":true,"href":"https:\/\/www.accuratereviews.com\/it\/wp-json\/wp\/v2\/categories?post=18637"},{"taxonomy":"post_tag","embeddable":true,"href":"https:\/\/www.accuratereviews.com\/it\/wp-json\/wp\/v2\/tags?post=18637"},{"taxonomy":"features","embeddable":true,"href":"https:\/\/www.accuratereviews.com\/it\/wp-json\/wp\/v2\/features?post=18637"}],"curies":[{"name":"wp","href":"https:\/\/api.w.org\/{rel}","templated":true}]}}