{"id":18651,"date":"2019-09-30T07:12:49","date_gmt":"2019-09-30T07:12:49","guid":{"rendered":"https:\/\/www.accuratereviews.com\/?page_id=18651"},"modified":"2019-09-30T07:12:49","modified_gmt":"2019-09-30T07:12:49","slug":"mavenlink-recensione","status":"publish","type":"page","link":"https:\/\/www.accuratereviews.com\/it\/project-management-online-lista-software\/mavenlink-recensione\/","title":{"rendered":"Mavenlink"},"content":{"rendered":"<p><strong>Mavenlink<\/strong> \u00e8 una moderna piattaforma <strong>software di gestione dei progetti<\/strong> creata per organizzare servizi di basate su progetti per riunire persone, lavori e profitti. La soluzione all-in-one racchiude cinque prodotti fondamentali di cui hai bisogno: gestione dei progetti, contabilit\u00e0, gestione delle risorse, business intelligence e collaborazione in team. \u00c8 dotato di una piattaforma semplice e intuitiva per gestire tutte le attivit\u00e0 del team e del progetto. Le funzionalit\u00e0 di collaborazione danno priorit\u00e0 a tutte le conversazioni e aspetti finanziari in un&#8217;unica posizione.\u00a0A seconda del pacchetto che hai scelto, Mavenlink pu\u00f2 anche offrire un&#8217;eccezionale gestione finanziaria e dei benefici, automazione del servizio creativo e professionale, ricerca avanzata e approfondimenti automatici. Ci\u00f2 significa che il sistema ti aiuta a mantenere il controllo della qualit\u00e0 del flusso di lavoro, anzich\u00e9 semplicemente gestire i progetti con informazioni precedentemente inserite. Il programma memorizza, organizza e condivide tutti i file relativi ai tuoi progetti in un unico posto. Le funzionalit\u00e0 di gestione delle attivit\u00e0 tengono traccia di tempi e budget, creano attivit\u00e0 secondarie e si integrano con <strong>Google Apps<\/strong> per una perfetta sincronizzazione dei file.<\/p>\n<h2>MAVENLINK &#8211; TUTORIAL<\/h2>\n<p>Impariamo insieme, con questo breve tutorial, come organizzare e amministrare questo<strong> software Project Management:<\/strong><\/p>\n<div id=\"fluid-wrapper-counter-1\" class=\"g1-fluid-wrapper \" style=\"width:686px;\">\n<div style=\"padding-bottom:56.268221574344%;\"><iframe loading=\"lazy\" title=\"Mavenlink Tutorial by Michelle\" width=\"686\" height=\"386\" src=\"https:\/\/www.youtube.com\/embed\/16HGYpMS3Ow?feature=oembed&amp;wmode=transparent&amp;autohide=1&amp;autoplay=0&amp;disablekb=0&amp;fs=1&amp;loop=0&amp;enablejsapi=1&amp;rel=0&amp;controls=2&amp;showinfo=0&amp;wmode=transparent&amp;autohide=2&amp;autoplay=0&amp;disablekb=0&amp;fs=1&amp;loop=0&amp;enablejsapi=1&amp;rel=0&amp;controls=2&amp;showinfo=1\" frameborder=\"0\" allow=\"accelerometer; autoplay; encrypted-media; gyroscope; picture-in-picture\" allowfullscreen><\/iframe><\/div>\n<\/div>\n<h3>MAVENLINK &#8211; CARATTERISTICHE<\/h3>\n<ul>\n<li>Gestione dei compiti<\/li>\n<li>Collaborazione di gruppo<\/li>\n<li>Condivisione di file<\/li>\n<li>Integrazione con Google<\/li>\n<li>Integrazione email<\/li>\n<li>Sicurezza SSL<\/li>\n<li>Grafici di Gantt<\/li>\n<li>Marchio personalizzato<\/li>\n<li>Nomi di progetti personalizzati<\/li>\n<li>Tracciamento di tempi e spese<\/li>\n<li>Fatturazione<\/li>\n<li>Integrazione di Quickbooks<\/li>\n<li>Pagamenti online<\/li>\n<li>Costo del progetto \/ lavoro<\/li>\n<li>Pianificazione del personale<\/li>\n<li>Rapporti di utilizzo<\/li>\n<li>Rapporti su tempo, spese e fatture<\/li>\n<li>Sintesi del progetto<\/li>\n<li>Lavori in corso<\/li>\n<\/ul>\n<h4>LE RECENSIONI DEGLI UTENTI<\/h4>\n<h4>Ravi R. &#8220;Ottimo strumento per migliorare il lavoro interno&#8221;<\/h4>\n<p><strong>Commenti<\/strong>: Ha aiutato a monitorare i nostri progressi in molti progetti in corso. Ha permesso al team di svolgere le attivit\u00e0 pi\u00f9 rapidamente.<\/p>\n<p><strong>Vantaggi<\/strong>: supporto clienti perfetto. Abbiamo messo la pianificazione delle risorse in un luogo facilmente accessibile per l&#8217;intera azienda. Anche prima di Mavenlink, avevamo Microsoft Project per questo, e non era cos\u00ec facile da usare come Mavenlink. Il supporto che abbiamo ricevuto dal team Mavenlink \u00e8 fantastico. Che si tratti di ricevere risposte alle domande, dare la priorit\u00e0 ai potenziali miglioramenti delle funzionalit\u00e0 o fornire feedback sulla road map del prodotto. So sempre che la nostra voce sar\u00e0 ascoltata e considerata.<\/p>\n<p><strong>Inconvenienti<\/strong>: Va tutto bene, \u00e8 solo che utilizziamo campi personalizzati su quasi tutte le attivit\u00e0 che creiamo, quindi quando creiamo modelli con questi elenchi di attivit\u00e0 riutilizziamo molte delle stesse attivit\u00e0. Sfortunatamente, i modelli non salvano i campi personalizzati, quindi abbiamo dovuto aggiungerli ogni volta che applichiamo un modello. Potrebbe essere migliorato.<\/p>\n<h4><strong>Morgan C. &#8220;Sistema di gestione del progetto efficiente&#8221;<\/strong><\/h4>\n<p><strong>Commenti<\/strong>: Adoro avere Mavenlink come sistema di gestione dei progetti. \u00c8 molto pi\u00f9 efficiente e facile da usare rispetto al sistema che abbiamo usato in precedenza, e sembra che lo stiano sempre migliorando, il che \u00e8 utile sapere dal punto di vista dell&#8217;utente.<\/p>\n<p><strong>Vantaggi<\/strong>: la capacit\u00e0 di tenere il passo con ogni singolo progetto, i suoi compiti e le attivit\u00e0 secondarie e tutto il resto, senza preoccuparsi che si perda nel nostro Google Drive o nei desktop. \u00c8 un buon posto per archiviare informazioni, comunicare con i colleghi e rimanere aggiornato sullo stato del progetto.<\/p>\n<p><strong>Inconvenienti<\/strong>: i progetti ricorrenti (che rappresentano circa il 75% della nostra azienda) a volte hanno difficolt\u00e0 a ripetersi correttamente ogni mese. Le date saranno scadute e dobbiamo entrare e regolare manualmente alcune cose, il che non \u00e8 un grosso problema, ma \u00e8 un inconveniente che preferiremmo evitare.<\/p>\n<h4>Phylicia B. &#8220;Mavenlink \u00e8 buono&#8221;<\/h4>\n<p><strong>Commenti<\/strong>: Le uniche cose che avrei bisogno di aggiungere a Mavenlink sono le seguenti:<br \/>\n-Avere una sorta di servizio di messaggistica istantanea tra i membri di un progetto.<br \/>\n-Consentici di riservare pi\u00f9 di una persona quando invii messaggi utilizzando m.mavenlink.com.<br \/>\n-Avere un&#8217;app reale che possiamo scaricare dal PlayStore \/ App Store di Windows o da qualsiasi altro app store in modo da poter utilizzare la piena funzionalit\u00e0 di Mavenlink attraverso l&#8217;app<br \/>\n-In futuro, potremmo avere una sorta di capacit\u00e0 di videoconferenza per le persone in un progetto per avere riunioni virtuali. Sarebbe un sogno!<\/p>\n<p><strong>Vantaggi<\/strong>: Consente ai miei colleghi di diversi paesi di essere aggiornati su diversi aspetti dei vari progetti.<\/p>\n<p><strong>Inconvenienti<\/strong>: nessun messaggio istantaneo. L&#8217;app deve essere disponibile su Windows Store \/ Playstore \/ altri app store popolari in modo da poter utilizzare Mavenlink sui nostri smartphone.<\/p>\n","protected":false},"excerpt":{"rendered":"<p>Mavenlink \u00e8 una moderna piattaforma software di gestione dei progetti creata per organizzare servizi di basate su progetti per riunire persone, lavori e profitti. La soluzione all-in-one racchiude cinque prodotti fondamentali di cui hai bisogno: gestione dei progetti, contabilit\u00e0, gestione delle risorse, business intelligence e collaborazione in team.<\/p>\n","protected":false},"author":19,"featured_media":18653,"parent":8333,"menu_order":0,"comment_status":"open","ping_status":"closed","template":"g1_template_page_review_new.php","meta":{"_acf_changed":false,"cwp_meta_box_check":"Yes","cwp_rev_product_name":"","cwp_rev_product_image":"","wppr_links":[],"cwp_rev_price":"","wppr_options":[],"wppr_pros":[],"wppr_cons":[],"_monsterinsights_skip_tracking":false,"_monsterinsights_sitenote_active":false,"_monsterinsights_sitenote_note":"","_monsterinsights_sitenote_category":0,"footnotes":""},"categories":[172],"tags":[1339,1310,1309,1320],"features":[],"class_list":{"0":"post-18651","1":"page","2":"type-page","3":"status-publish","4":"has-post-thumbnail","6":"category-online-project-management-it","7":"tag-mavenlink","8":"tag-programma-project-management","9":"tag-software-project-management","10":"tag-soluzione-project-management"},"wppr_data":{"cwp_meta_box_check":"Yes","cwp_rev_product_name":"","cwp_rev_product_image":"","cwp_image_link":"image","cwp_rev_price":"","wppr_rating":"0.00"},"acf":[],"yoast_head":"<!-- This site is optimized with the Yoast SEO plugin v27.4 - https:\/\/yoast.com\/product\/yoast-seo-wordpress\/ -->\n<title>Mavenlink: recensione software Project Management - Accurate Reviews<\/title>\n<meta name=\"description\" content=\"Mavenlink: recensione software di gestione dei progetti creato per organizzare servizi di basate su progetti per riunire persone, lavori e profitti.\" \/>\n<meta name=\"robots\" content=\"index, follow, max-snippet:-1, max-image-preview:large, max-video-preview:-1\" \/>\n<link rel=\"canonical\" href=\"https:\/\/www.accuratereviews.com\/it\/project-management-online-lista-software\/mavenlink-recensione\/\" \/>\n<meta property=\"og:locale\" content=\"it_IT\" \/>\n<meta property=\"og:type\" content=\"article\" \/>\n<meta property=\"og:title\" content=\"Mavenlink: recensione software Project Management - Accurate Reviews\" \/>\n<meta property=\"og:description\" content=\"Mavenlink: recensione software di gestione dei progetti creato per organizzare servizi di basate su progetti per riunire persone, lavori e profitti.\" \/>\n<meta property=\"og:url\" content=\"https:\/\/www.accuratereviews.com\/it\/project-management-online-lista-software\/mavenlink-recensione\/\" \/>\n<meta property=\"og:site_name\" content=\"Accurate Reviews\" \/>\n<meta property=\"og:image\" content=\"https:\/\/www.accuratereviews.com\/wp-content\/uploads\/2019\/09\/mavenlink-logo.png\" \/>\n\t<meta property=\"og:image:width\" content=\"400\" \/>\n\t<meta property=\"og:image:height\" content=\"200\" \/>\n\t<meta property=\"og:image:type\" content=\"image\/png\" \/>\n<meta name=\"twitter:card\" content=\"summary_large_image\" \/>\n<meta name=\"twitter:label1\" content=\"Tempo di lettura stimato\" \/>\n\t<meta name=\"twitter:data1\" content=\"4 minuti\" \/>\n<script type=\"application\/ld+json\" class=\"yoast-schema-graph\">{\"@context\":\"https:\\\/\\\/schema.org\",\"@graph\":[{\"@type\":\"WebPage\",\"@id\":\"https:\\\/\\\/www.accuratereviews.com\\\/it\\\/project-management-online-lista-software\\\/mavenlink-recensione\\\/\",\"url\":\"https:\\\/\\\/www.accuratereviews.com\\\/it\\\/project-management-online-lista-software\\\/mavenlink-recensione\\\/\",\"name\":\"Mavenlink: recensione software Project Management - Accurate Reviews\",\"isPartOf\":{\"@id\":\"https:\\\/\\\/www.accuratereviews.com\\\/it\\\/#website\"},\"primaryImageOfPage\":{\"@id\":\"https:\\\/\\\/www.accuratereviews.com\\\/it\\\/project-management-online-lista-software\\\/mavenlink-recensione\\\/#primaryimage\"},\"image\":{\"@id\":\"https:\\\/\\\/www.accuratereviews.com\\\/it\\\/project-management-online-lista-software\\\/mavenlink-recensione\\\/#primaryimage\"},\"thumbnailUrl\":\"https:\\\/\\\/www.accuratereviews.com\\\/wp-content\\\/uploads\\\/2019\\\/09\\\/mavenlink-logo.png\",\"datePublished\":\"2019-09-30T07:12:49+00:00\",\"description\":\"Mavenlink: recensione software di gestione dei progetti creato per organizzare servizi di basate su progetti per riunire persone, lavori e profitti.\",\"breadcrumb\":{\"@id\":\"https:\\\/\\\/www.accuratereviews.com\\\/it\\\/project-management-online-lista-software\\\/mavenlink-recensione\\\/#breadcrumb\"},\"inLanguage\":\"it-IT\",\"potentialAction\":[{\"@type\":\"ReadAction\",\"target\":[\"https:\\\/\\\/www.accuratereviews.com\\\/it\\\/project-management-online-lista-software\\\/mavenlink-recensione\\\/\"]}]},{\"@type\":\"ImageObject\",\"inLanguage\":\"it-IT\",\"@id\":\"https:\\\/\\\/www.accuratereviews.com\\\/it\\\/project-management-online-lista-software\\\/mavenlink-recensione\\\/#primaryimage\",\"url\":\"https:\\\/\\\/www.accuratereviews.com\\\/wp-content\\\/uploads\\\/2019\\\/09\\\/mavenlink-logo.png\",\"contentUrl\":\"https:\\\/\\\/www.accuratereviews.com\\\/wp-content\\\/uploads\\\/2019\\\/09\\\/mavenlink-logo.png\",\"width\":400,\"height\":200},{\"@type\":\"BreadcrumbList\",\"@id\":\"https:\\\/\\\/www.accuratereviews.com\\\/it\\\/project-management-online-lista-software\\\/mavenlink-recensione\\\/#breadcrumb\",\"itemListElement\":[{\"@type\":\"ListItem\",\"position\":1,\"name\":\"Home\",\"item\":\"https:\\\/\\\/www.accuratereviews.com\\\/it\\\/\"},{\"@type\":\"ListItem\",\"position\":2,\"name\":\"Project Management Online\",\"item\":\"https:\\\/\\\/www.accuratereviews.com\\\/it\\\/project-management-online-lista-software\\\/\"},{\"@type\":\"ListItem\",\"position\":3,\"name\":\"Mavenlink\"}]},{\"@type\":\"WebSite\",\"@id\":\"https:\\\/\\\/www.accuratereviews.com\\\/it\\\/#website\",\"url\":\"https:\\\/\\\/www.accuratereviews.com\\\/it\\\/\",\"name\":\"Accurate Reviews\",\"description\":\"\",\"potentialAction\":[{\"@type\":\"SearchAction\",\"target\":{\"@type\":\"EntryPoint\",\"urlTemplate\":\"https:\\\/\\\/www.accuratereviews.com\\\/it\\\/?s={search_term_string}\"},\"query-input\":{\"@type\":\"PropertyValueSpecification\",\"valueRequired\":true,\"valueName\":\"search_term_string\"}}],\"inLanguage\":\"it-IT\"}]}<\/script>\n<!-- \/ Yoast SEO plugin. -->","yoast_head_json":{"title":"Mavenlink: recensione software Project Management - Accurate Reviews","description":"Mavenlink: recensione software di gestione dei progetti creato per organizzare servizi di basate su progetti per riunire persone, lavori e profitti.","robots":{"index":"index","follow":"follow","max-snippet":"max-snippet:-1","max-image-preview":"max-image-preview:large","max-video-preview":"max-video-preview:-1"},"canonical":"https:\/\/www.accuratereviews.com\/it\/project-management-online-lista-software\/mavenlink-recensione\/","og_locale":"it_IT","og_type":"article","og_title":"Mavenlink: recensione software Project Management - Accurate Reviews","og_description":"Mavenlink: recensione software di gestione dei progetti creato per organizzare servizi di basate su progetti per riunire persone, lavori e profitti.","og_url":"https:\/\/www.accuratereviews.com\/it\/project-management-online-lista-software\/mavenlink-recensione\/","og_site_name":"Accurate Reviews","og_image":[{"width":400,"height":200,"url":"https:\/\/www.accuratereviews.com\/wp-content\/uploads\/2019\/09\/mavenlink-logo.png","type":"image\/png"}],"twitter_card":"summary_large_image","twitter_misc":{"Tempo di lettura stimato":"4 minuti"},"schema":{"@context":"https:\/\/schema.org","@graph":[{"@type":"WebPage","@id":"https:\/\/www.accuratereviews.com\/it\/project-management-online-lista-software\/mavenlink-recensione\/","url":"https:\/\/www.accuratereviews.com\/it\/project-management-online-lista-software\/mavenlink-recensione\/","name":"Mavenlink: recensione software Project Management - Accurate Reviews","isPartOf":{"@id":"https:\/\/www.accuratereviews.com\/it\/#website"},"primaryImageOfPage":{"@id":"https:\/\/www.accuratereviews.com\/it\/project-management-online-lista-software\/mavenlink-recensione\/#primaryimage"},"image":{"@id":"https:\/\/www.accuratereviews.com\/it\/project-management-online-lista-software\/mavenlink-recensione\/#primaryimage"},"thumbnailUrl":"https:\/\/www.accuratereviews.com\/wp-content\/uploads\/2019\/09\/mavenlink-logo.png","datePublished":"2019-09-30T07:12:49+00:00","description":"Mavenlink: recensione software di gestione dei progetti creato per organizzare servizi di basate su progetti per riunire persone, lavori e profitti.","breadcrumb":{"@id":"https:\/\/www.accuratereviews.com\/it\/project-management-online-lista-software\/mavenlink-recensione\/#breadcrumb"},"inLanguage":"it-IT","potentialAction":[{"@type":"ReadAction","target":["https:\/\/www.accuratereviews.com\/it\/project-management-online-lista-software\/mavenlink-recensione\/"]}]},{"@type":"ImageObject","inLanguage":"it-IT","@id":"https:\/\/www.accuratereviews.com\/it\/project-management-online-lista-software\/mavenlink-recensione\/#primaryimage","url":"https:\/\/www.accuratereviews.com\/wp-content\/uploads\/2019\/09\/mavenlink-logo.png","contentUrl":"https:\/\/www.accuratereviews.com\/wp-content\/uploads\/2019\/09\/mavenlink-logo.png","width":400,"height":200},{"@type":"BreadcrumbList","@id":"https:\/\/www.accuratereviews.com\/it\/project-management-online-lista-software\/mavenlink-recensione\/#breadcrumb","itemListElement":[{"@type":"ListItem","position":1,"name":"Home","item":"https:\/\/www.accuratereviews.com\/it\/"},{"@type":"ListItem","position":2,"name":"Project Management Online","item":"https:\/\/www.accuratereviews.com\/it\/project-management-online-lista-software\/"},{"@type":"ListItem","position":3,"name":"Mavenlink"}]},{"@type":"WebSite","@id":"https:\/\/www.accuratereviews.com\/it\/#website","url":"https:\/\/www.accuratereviews.com\/it\/","name":"Accurate Reviews","description":"","potentialAction":[{"@type":"SearchAction","target":{"@type":"EntryPoint","urlTemplate":"https:\/\/www.accuratereviews.com\/it\/?s={search_term_string}"},"query-input":{"@type":"PropertyValueSpecification","valueRequired":true,"valueName":"search_term_string"}}],"inLanguage":"it-IT"}]}},"_links":{"self":[{"href":"https:\/\/www.accuratereviews.com\/it\/wp-json\/wp\/v2\/pages\/18651","targetHints":{"allow":["GET"]}}],"collection":[{"href":"https:\/\/www.accuratereviews.com\/it\/wp-json\/wp\/v2\/pages"}],"about":[{"href":"https:\/\/www.accuratereviews.com\/it\/wp-json\/wp\/v2\/types\/page"}],"author":[{"embeddable":true,"href":"https:\/\/www.accuratereviews.com\/it\/wp-json\/wp\/v2\/users\/19"}],"replies":[{"embeddable":true,"href":"https:\/\/www.accuratereviews.com\/it\/wp-json\/wp\/v2\/comments?post=18651"}],"version-history":[{"count":3,"href":"https:\/\/www.accuratereviews.com\/it\/wp-json\/wp\/v2\/pages\/18651\/revisions"}],"predecessor-version":[{"id":18657,"href":"https:\/\/www.accuratereviews.com\/it\/wp-json\/wp\/v2\/pages\/18651\/revisions\/18657"}],"up":[{"embeddable":true,"href":"https:\/\/www.accuratereviews.com\/it\/wp-json\/wp\/v2\/pages\/8333"}],"wp:featuredmedia":[{"embeddable":true,"href":"https:\/\/www.accuratereviews.com\/it\/wp-json\/wp\/v2\/media\/18653"}],"wp:attachment":[{"href":"https:\/\/www.accuratereviews.com\/it\/wp-json\/wp\/v2\/media?parent=18651"}],"wp:term":[{"taxonomy":"category","embeddable":true,"href":"https:\/\/www.accuratereviews.com\/it\/wp-json\/wp\/v2\/categories?post=18651"},{"taxonomy":"post_tag","embeddable":true,"href":"https:\/\/www.accuratereviews.com\/it\/wp-json\/wp\/v2\/tags?post=18651"},{"taxonomy":"features","embeddable":true,"href":"https:\/\/www.accuratereviews.com\/it\/wp-json\/wp\/v2\/features?post=18651"}],"curies":[{"name":"wp","href":"https:\/\/api.w.org\/{rel}","templated":true}]}}