{"id":18660,"date":"2019-10-01T15:21:06","date_gmt":"2019-10-01T15:21:06","guid":{"rendered":"https:\/\/www.accuratereviews.com\/?page_id=18660"},"modified":"2019-10-01T15:21:06","modified_gmt":"2019-10-01T15:21:06","slug":"projectmanager-com-recensione","status":"publish","type":"page","link":"https:\/\/www.accuratereviews.com\/it\/project-management-online-lista-software\/projectmanager-com-recensione\/","title":{"rendered":"ProjectManager.com"},"content":{"rendered":"<p><strong>ProjectManager.com<\/strong> \u00e8 un ottimo <strong>programma di gestione dei progetti<\/strong> che permette ai manager e ai loro team di migliorare l&#8217;organizzazione del lavoro. Offre una serie di strumenti che consentono di monitorare le attivit\u00e0 e i tempi in cui vengono portate a termine in modo tale da avere sempre il <strong>pieno controllo sui progetti<\/strong> a cui si sta lavorando. Si tratta di una piattaforma online, compatibile anche con i <strong>dispositivi mobile iOS e Android<\/strong>, che puoi utilizzare sempre e ovunque tu sia con la possibilit\u00e0 di aggiornare le schede attivit\u00e0, gestire i progetti e molto altro. \u00c8 di facile utilizzo e accessibile a team di qualsiasi dimensione che lavorino su grandi o piccoli progetti. \u00c9 infatti utilizzata da aziende famose come la NASA, Ralph Lauren, Volvo e Brookstone.<\/p>\n<h2>COME UTILIZZARE PROJECTMANAGER.COM AL MEGLIO &#8211; TUTORIAL<\/h2>\n<p>Ecco un video che ci spiegher\u00e0 come utilizzare questo programma:<\/p>\n<div id=\"fluid-wrapper-counter-1\" class=\"g1-fluid-wrapper \" style=\"width:686px;\">\n<div style=\"padding-bottom:56.268221574344%;\"><iframe loading=\"lazy\" title=\"How to Save Your Project from Analysis Paralysis - Project Management Training\" width=\"686\" height=\"386\" src=\"https:\/\/www.youtube.com\/embed\/abpF_k2rOtE?feature=oembed&amp;wmode=transparent&amp;autohide=1&amp;autoplay=0&amp;disablekb=0&amp;fs=1&amp;loop=0&amp;enablejsapi=1&amp;rel=0&amp;controls=2&amp;showinfo=0&amp;wmode=transparent&amp;autohide=2&amp;autoplay=0&amp;disablekb=0&amp;fs=1&amp;loop=0&amp;enablejsapi=1&amp;rel=0&amp;controls=2&amp;showinfo=1\" frameborder=\"0\" allow=\"accelerometer; autoplay; encrypted-media; gyroscope; picture-in-picture\" allowfullscreen><\/iframe><\/div>\n<\/div>\n<h3>PROJECTMANAGER.COM &#8211; CARATTERISTICHE<\/h3>\n<p>Di seguito le principali caratteristiche:<\/p>\n<ul>\n<li><strong>Pianificazione di progetti online<\/strong>: crea, monitora e condividi i tuoi piani di progetti online<\/li>\n<li><strong>Dashboard in tempo reale<\/strong>: personalizza la dashboard del progetto che ti permetter\u00e0 di controllare i tempi in cui il tuo team sta svolgendo il lavoro cos\u00ec da rimanere sempre aggiornato<\/li>\n<li><strong>Diagrammi di Gantt<\/strong>: utilizza questi strumenti per avere una panoramica completa dei compiti, programmi e scadenze relative a un singolo progetto<\/li>\n<li><strong>Report istantanei<\/strong>: crea report con un semplice clic, esportali e condividili come file PDF, Excel o Word<\/li>\n<li><strong>Schede attivit\u00e0<\/strong>: utilizza un sistema di monitoraggio dei tempi e gestione dei progetti che compila automaticamente le schede attivit\u00e0, che risultano facili e veloci<\/li>\n<li><strong>Gestione delle risorse<\/strong>: gestisci pi\u00f9 progetti online e gestisci il tuo team e il carico di lavoro che ha<\/li>\n<li><strong>Integrazioni<\/strong>: puoi collegarlo a oltre 400 strumenti tra cui Google Apps, Salesforce, Quickbooks, Dropbox e Slack.<\/li>\n<\/ul>\n<h3>LE RECENSIONI DEGLI UTENTI<\/h3>\n<ul>\n<li><strong>&#8220;Usiamo questo software quotidianamente e lo troviamo facile da usare ma ci sono ancora margini di miglioramento&#8221;<\/strong><br \/>\nIN GENERALE: ci sono problemi con le attivit\u00e0 di collegamento. Abbiamo lavorato con il servizio clienti su questo problema per anni e non troviamo una soluzione. Le attivit\u00e0 collegate verranno aggiornate se si estende la pianificazione ma non si aggiorna sempre quando si accorcia la pianificazione. Questo \u00e8 un grosso problema che deve essere risolto. Quando abbiamo programmi con pi\u00f9 di 100 attivit\u00e0 ci vogliono ore per sistemare il programma!<br \/>\nPRO: facile da usare e accessibile ovunque online. Pu\u00f2 condividere rapidamente molte informazioni dettagliate sul progetto.<br \/>\nCONTRO: le modifiche salvate sono lente da aggiornare. Limiti di dimensione del file durante il caricamento di documenti. La stampa \u00e8 difficile da formattare.<\/li>\n<li><strong>&#8220;Una grande risorsa per qualsiasi tipo di progetto&#8221;<\/strong><br \/>\nIN GENERALE: Ottimo modo per documentare e tenere traccia dei progetti con gli azionisti. Facile da usare con ottime funzionalit\u00e0. Strumento essenziale per qualsiasi project manager.<br \/>\nPRO: schede Rischio \/ Problemi \/ Modifiche, linee temporali collegate<br \/>\nCONTRO: alcune anomalie quando si tenta di allegare documenti o di cambiare pagina prima che io abbia salvato o finito di inserire le informazioni.<br \/>\nAlcuni dei report sono molto precisi, il che significa che ho bisogno di documentare e il 100% nei giorni esatti in vengono raggiunti i compiti.<\/li>\n<li><strong>&#8220;Buono per la gestione di progetti leggeri e il monitoraggio del tempo per un piccolo team&#8221;<\/strong><br \/>\nIN GENERALE: Permette una gestione del progetto pi\u00f9 dettagliata. non puoi aspettarti che faccia tutto ci\u00f2 che fa MS Project &#8211; non \u00e8 a quel livello. Ma aiuta i team e per la prevedibile gestione dei progetti e il mantenimento del tempo.<br \/>\nPRO: mi piace la possibilit\u00e0 di creare un piano di progetto abbastanza dettagliato che includa budget e date che siano ben tracciati in un diagramma di Gantt. Funziona alla grande per progetti semplici con un elenco di attivit\u00e0 conciso e consente al team di tenere traccia del proprio tempo per vedere un rapporto sul budget per il progetto e l&#8217;aspetto finanziario del completamento del progetto. Mi piace anche l&#8217;interfaccia aggiornata: ci \u00e8 voluto un po&#8217; per abituarsi, ma neanche troppo tempo.<br \/>\nCONTRO: trovo che il reporting sia un po&#8217; impegnativo. Vorrei vedere rapporti un po&#8217; pi\u00f9 flessibili e in grado di filtrare dentro e fuori determinati criteri. Questo prodotto non \u00e8 eccezionale per gestire progetti molto lunghi o progetti impegnativi con molte iterazioni. Se hai un progetto di natura iterativa e si svilupper\u00e0 man mano che avanzi, questa configurazione richiede molto tempo per essere mantenuta.<\/li>\n<\/ul>\n","protected":false},"excerpt":{"rendered":"<p>ProjectManager.com \u00e8 un ottimo programma di gestione dei progetti che permette ai manager e ai loro team di migliorare l&#8217;organizzazione del lavoro. Offre una serie di strumenti che consentono di monitorare le attivit\u00e0 e i tempi in cui vengono portate a termine in modo tale da avere sempre il pieno controllo sui progetti a cui si sta lavorando.<\/p>\n","protected":false},"author":17,"featured_media":18661,"parent":8333,"menu_order":0,"comment_status":"open","ping_status":"closed","template":"g1_template_page_review_new.php","meta":{"_acf_changed":false,"cwp_meta_box_check":"Yes","cwp_rev_product_name":"","cwp_rev_product_image":"","wppr_links":[],"cwp_rev_price":"","wppr_options":[],"wppr_pros":[],"wppr_cons":[],"_monsterinsights_skip_tracking":false,"_monsterinsights_sitenote_active":false,"_monsterinsights_sitenote_note":"","_monsterinsights_sitenote_category":0,"footnotes":""},"categories":[172],"tags":[1315,1316,1334,1310,1314],"features":[],"class_list":{"0":"post-18660","1":"page","2":"type-page","3":"status-publish","4":"has-post-thumbnail","6":"category-online-project-management-it","7":"tag-gestione-progetti","8":"tag-online-project-management","9":"tag-programma-di-gestione-progetti","10":"tag-programma-project-management","11":"tag-project-management-software"},"wppr_data":{"cwp_meta_box_check":"Yes","cwp_rev_product_name":"","cwp_rev_product_image":"","cwp_image_link":"image","cwp_rev_price":"","wppr_rating":"0.00"},"acf":[],"yoast_head":"<!-- This site is optimized with the Yoast SEO plugin v27.4 - https:\/\/yoast.com\/product\/yoast-seo-wordpress\/ -->\n<title>ProjectManager.com: recensione - Accurate Reviews<\/title>\n<meta name=\"description\" content=\"ProjectManager.com: recensione del programma di gestione dei progetti che permette ai manager e ai loro team di migliorare l&#039;organizzazione del lavoro.\" \/>\n<meta name=\"robots\" content=\"index, follow, max-snippet:-1, max-image-preview:large, max-video-preview:-1\" \/>\n<link rel=\"canonical\" href=\"https:\/\/www.accuratereviews.com\/it\/project-management-online-lista-software\/projectmanager-com-recensione\/\" \/>\n<meta property=\"og:locale\" content=\"it_IT\" \/>\n<meta property=\"og:type\" content=\"article\" \/>\n<meta property=\"og:title\" content=\"ProjectManager.com: recensione - Accurate Reviews\" \/>\n<meta property=\"og:description\" content=\"ProjectManager.com: recensione del programma di gestione dei progetti che permette ai manager e ai loro team di migliorare l&#039;organizzazione del lavoro.\" \/>\n<meta property=\"og:url\" content=\"https:\/\/www.accuratereviews.com\/it\/project-management-online-lista-software\/projectmanager-com-recensione\/\" \/>\n<meta property=\"og:site_name\" content=\"Accurate Reviews\" \/>\n<meta property=\"og:image\" content=\"https:\/\/www.accuratereviews.com\/wp-content\/uploads\/2019\/10\/projectmanager-com-logo.png\" \/>\n\t<meta property=\"og:image:width\" content=\"200\" \/>\n\t<meta property=\"og:image:height\" content=\"200\" \/>\n\t<meta property=\"og:image:type\" content=\"image\/png\" \/>\n<meta name=\"twitter:card\" content=\"summary_large_image\" \/>\n<meta name=\"twitter:label1\" content=\"Tempo di lettura stimato\" \/>\n\t<meta name=\"twitter:data1\" content=\"4 minuti\" \/>\n<script type=\"application\/ld+json\" class=\"yoast-schema-graph\">{\"@context\":\"https:\\\/\\\/schema.org\",\"@graph\":[{\"@type\":\"WebPage\",\"@id\":\"https:\\\/\\\/www.accuratereviews.com\\\/it\\\/project-management-online-lista-software\\\/projectmanager-com-recensione\\\/\",\"url\":\"https:\\\/\\\/www.accuratereviews.com\\\/it\\\/project-management-online-lista-software\\\/projectmanager-com-recensione\\\/\",\"name\":\"ProjectManager.com: recensione - Accurate Reviews\",\"isPartOf\":{\"@id\":\"https:\\\/\\\/www.accuratereviews.com\\\/it\\\/#website\"},\"primaryImageOfPage\":{\"@id\":\"https:\\\/\\\/www.accuratereviews.com\\\/it\\\/project-management-online-lista-software\\\/projectmanager-com-recensione\\\/#primaryimage\"},\"image\":{\"@id\":\"https:\\\/\\\/www.accuratereviews.com\\\/it\\\/project-management-online-lista-software\\\/projectmanager-com-recensione\\\/#primaryimage\"},\"thumbnailUrl\":\"https:\\\/\\\/www.accuratereviews.com\\\/wp-content\\\/uploads\\\/2019\\\/10\\\/projectmanager-com-logo.png\",\"datePublished\":\"2019-10-01T15:21:06+00:00\",\"description\":\"ProjectManager.com: recensione del programma di gestione dei progetti che permette ai manager e ai loro team di migliorare l'organizzazione del lavoro.\",\"breadcrumb\":{\"@id\":\"https:\\\/\\\/www.accuratereviews.com\\\/it\\\/project-management-online-lista-software\\\/projectmanager-com-recensione\\\/#breadcrumb\"},\"inLanguage\":\"it-IT\",\"potentialAction\":[{\"@type\":\"ReadAction\",\"target\":[\"https:\\\/\\\/www.accuratereviews.com\\\/it\\\/project-management-online-lista-software\\\/projectmanager-com-recensione\\\/\"]}]},{\"@type\":\"ImageObject\",\"inLanguage\":\"it-IT\",\"@id\":\"https:\\\/\\\/www.accuratereviews.com\\\/it\\\/project-management-online-lista-software\\\/projectmanager-com-recensione\\\/#primaryimage\",\"url\":\"https:\\\/\\\/www.accuratereviews.com\\\/wp-content\\\/uploads\\\/2019\\\/10\\\/projectmanager-com-logo.png\",\"contentUrl\":\"https:\\\/\\\/www.accuratereviews.com\\\/wp-content\\\/uploads\\\/2019\\\/10\\\/projectmanager-com-logo.png\",\"width\":200,\"height\":200},{\"@type\":\"BreadcrumbList\",\"@id\":\"https:\\\/\\\/www.accuratereviews.com\\\/it\\\/project-management-online-lista-software\\\/projectmanager-com-recensione\\\/#breadcrumb\",\"itemListElement\":[{\"@type\":\"ListItem\",\"position\":1,\"name\":\"Home\",\"item\":\"https:\\\/\\\/www.accuratereviews.com\\\/it\\\/\"},{\"@type\":\"ListItem\",\"position\":2,\"name\":\"Project Management Online\",\"item\":\"https:\\\/\\\/www.accuratereviews.com\\\/it\\\/project-management-online-lista-software\\\/\"},{\"@type\":\"ListItem\",\"position\":3,\"name\":\"ProjectManager.com\"}]},{\"@type\":\"WebSite\",\"@id\":\"https:\\\/\\\/www.accuratereviews.com\\\/it\\\/#website\",\"url\":\"https:\\\/\\\/www.accuratereviews.com\\\/it\\\/\",\"name\":\"Accurate Reviews\",\"description\":\"\",\"potentialAction\":[{\"@type\":\"SearchAction\",\"target\":{\"@type\":\"EntryPoint\",\"urlTemplate\":\"https:\\\/\\\/www.accuratereviews.com\\\/it\\\/?s={search_term_string}\"},\"query-input\":{\"@type\":\"PropertyValueSpecification\",\"valueRequired\":true,\"valueName\":\"search_term_string\"}}],\"inLanguage\":\"it-IT\"}]}<\/script>\n<!-- \/ Yoast SEO plugin. -->","yoast_head_json":{"title":"ProjectManager.com: recensione - Accurate Reviews","description":"ProjectManager.com: recensione del programma di gestione dei progetti che permette ai manager e ai loro team di migliorare l'organizzazione del lavoro.","robots":{"index":"index","follow":"follow","max-snippet":"max-snippet:-1","max-image-preview":"max-image-preview:large","max-video-preview":"max-video-preview:-1"},"canonical":"https:\/\/www.accuratereviews.com\/it\/project-management-online-lista-software\/projectmanager-com-recensione\/","og_locale":"it_IT","og_type":"article","og_title":"ProjectManager.com: recensione - Accurate Reviews","og_description":"ProjectManager.com: recensione del programma di gestione dei progetti che permette ai manager e ai loro team di migliorare l'organizzazione del lavoro.","og_url":"https:\/\/www.accuratereviews.com\/it\/project-management-online-lista-software\/projectmanager-com-recensione\/","og_site_name":"Accurate Reviews","og_image":[{"width":200,"height":200,"url":"https:\/\/www.accuratereviews.com\/wp-content\/uploads\/2019\/10\/projectmanager-com-logo.png","type":"image\/png"}],"twitter_card":"summary_large_image","twitter_misc":{"Tempo di lettura stimato":"4 minuti"},"schema":{"@context":"https:\/\/schema.org","@graph":[{"@type":"WebPage","@id":"https:\/\/www.accuratereviews.com\/it\/project-management-online-lista-software\/projectmanager-com-recensione\/","url":"https:\/\/www.accuratereviews.com\/it\/project-management-online-lista-software\/projectmanager-com-recensione\/","name":"ProjectManager.com: recensione - Accurate Reviews","isPartOf":{"@id":"https:\/\/www.accuratereviews.com\/it\/#website"},"primaryImageOfPage":{"@id":"https:\/\/www.accuratereviews.com\/it\/project-management-online-lista-software\/projectmanager-com-recensione\/#primaryimage"},"image":{"@id":"https:\/\/www.accuratereviews.com\/it\/project-management-online-lista-software\/projectmanager-com-recensione\/#primaryimage"},"thumbnailUrl":"https:\/\/www.accuratereviews.com\/wp-content\/uploads\/2019\/10\/projectmanager-com-logo.png","datePublished":"2019-10-01T15:21:06+00:00","description":"ProjectManager.com: recensione del programma di gestione dei progetti che permette ai manager e ai loro team di migliorare l'organizzazione del lavoro.","breadcrumb":{"@id":"https:\/\/www.accuratereviews.com\/it\/project-management-online-lista-software\/projectmanager-com-recensione\/#breadcrumb"},"inLanguage":"it-IT","potentialAction":[{"@type":"ReadAction","target":["https:\/\/www.accuratereviews.com\/it\/project-management-online-lista-software\/projectmanager-com-recensione\/"]}]},{"@type":"ImageObject","inLanguage":"it-IT","@id":"https:\/\/www.accuratereviews.com\/it\/project-management-online-lista-software\/projectmanager-com-recensione\/#primaryimage","url":"https:\/\/www.accuratereviews.com\/wp-content\/uploads\/2019\/10\/projectmanager-com-logo.png","contentUrl":"https:\/\/www.accuratereviews.com\/wp-content\/uploads\/2019\/10\/projectmanager-com-logo.png","width":200,"height":200},{"@type":"BreadcrumbList","@id":"https:\/\/www.accuratereviews.com\/it\/project-management-online-lista-software\/projectmanager-com-recensione\/#breadcrumb","itemListElement":[{"@type":"ListItem","position":1,"name":"Home","item":"https:\/\/www.accuratereviews.com\/it\/"},{"@type":"ListItem","position":2,"name":"Project Management Online","item":"https:\/\/www.accuratereviews.com\/it\/project-management-online-lista-software\/"},{"@type":"ListItem","position":3,"name":"ProjectManager.com"}]},{"@type":"WebSite","@id":"https:\/\/www.accuratereviews.com\/it\/#website","url":"https:\/\/www.accuratereviews.com\/it\/","name":"Accurate Reviews","description":"","potentialAction":[{"@type":"SearchAction","target":{"@type":"EntryPoint","urlTemplate":"https:\/\/www.accuratereviews.com\/it\/?s={search_term_string}"},"query-input":{"@type":"PropertyValueSpecification","valueRequired":true,"valueName":"search_term_string"}}],"inLanguage":"it-IT"}]}},"_links":{"self":[{"href":"https:\/\/www.accuratereviews.com\/it\/wp-json\/wp\/v2\/pages\/18660","targetHints":{"allow":["GET"]}}],"collection":[{"href":"https:\/\/www.accuratereviews.com\/it\/wp-json\/wp\/v2\/pages"}],"about":[{"href":"https:\/\/www.accuratereviews.com\/it\/wp-json\/wp\/v2\/types\/page"}],"author":[{"embeddable":true,"href":"https:\/\/www.accuratereviews.com\/it\/wp-json\/wp\/v2\/users\/17"}],"replies":[{"embeddable":true,"href":"https:\/\/www.accuratereviews.com\/it\/wp-json\/wp\/v2\/comments?post=18660"}],"version-history":[{"count":2,"href":"https:\/\/www.accuratereviews.com\/it\/wp-json\/wp\/v2\/pages\/18660\/revisions"}],"predecessor-version":[{"id":18683,"href":"https:\/\/www.accuratereviews.com\/it\/wp-json\/wp\/v2\/pages\/18660\/revisions\/18683"}],"up":[{"embeddable":true,"href":"https:\/\/www.accuratereviews.com\/it\/wp-json\/wp\/v2\/pages\/8333"}],"wp:featuredmedia":[{"embeddable":true,"href":"https:\/\/www.accuratereviews.com\/it\/wp-json\/wp\/v2\/media\/18661"}],"wp:attachment":[{"href":"https:\/\/www.accuratereviews.com\/it\/wp-json\/wp\/v2\/media?parent=18660"}],"wp:term":[{"taxonomy":"category","embeddable":true,"href":"https:\/\/www.accuratereviews.com\/it\/wp-json\/wp\/v2\/categories?post=18660"},{"taxonomy":"post_tag","embeddable":true,"href":"https:\/\/www.accuratereviews.com\/it\/wp-json\/wp\/v2\/tags?post=18660"},{"taxonomy":"features","embeddable":true,"href":"https:\/\/www.accuratereviews.com\/it\/wp-json\/wp\/v2\/features?post=18660"}],"curies":[{"name":"wp","href":"https:\/\/api.w.org\/{rel}","templated":true}]}}