{"id":18665,"date":"2019-10-01T15:20:40","date_gmt":"2019-10-01T15:20:40","guid":{"rendered":"https:\/\/www.accuratereviews.com\/?page_id=18665"},"modified":"2019-10-01T15:20:40","modified_gmt":"2019-10-01T15:20:40","slug":"podio-recensione","status":"publish","type":"page","link":"https:\/\/www.accuratereviews.com\/it\/i-migliori-software-di-project-management-lista\/podio-recensione\/","title":{"rendered":"Podio"},"content":{"rendered":"<p><strong>Podio<\/strong> \u00e8 un <strong>software di collaborazione<\/strong> che aiuta i team a comunicare e organizzare le cose per facilitare il completamento di attivit\u00e0 e progetti. Lo fa attraverso un sistema che inserisce contenuti, contesto e conversazioni in un unico posto. Quindi, sia che tu stia lavorando a un progetto o che segua e chiuda un lead di vendita, ottieni tutto ci\u00f2 che riguarda il lavoro su una pagina.\u00a0Con Podio, la comunicazione \u00e8 seguita e organizzata da vicino. Se hai bisogno di un messaggio urgente da un membro o semplicemente vuoi condividere informazioni, il programma mette tutte le tue conversazioni in un unico posto per un facile monitoraggio. Aggiornamenti, commenti e modifiche vengono effettuati in tempo reale, quindi il tuo progetto \u00e8 sempre aggiornato. Per facilitare ulteriormente la connessione e la sincronizzazione del team, il software \u00a0dispone di strumenti per la collaborazione social, la gestione delle attivit\u00e0, la condivisione di file, i flussi di lavoro automatizzati, il calendario, la pianificazione delle riunioni e la chat integrata. Con la sua <strong>Open API<\/strong> sarai in grado di apportare modifiche in qualsiasi momento per mantenere la tua struttura adattata esattamente al tuo modo di lavorare, eliminando i vincoli posti da un software non flessibile.<\/p>\n<h2>PODIO &#8211; TUTORIAL<\/h2>\n<p>Con questo tutorial impariamo a come organizzare il propio team con questo<strong> software Project Management<\/strong>:<\/p>\n<div id=\"fluid-wrapper-counter-1\" class=\"g1-fluid-wrapper \" style=\"width:686px;\">\n<div style=\"padding-bottom:56.268221574344%;\"><iframe loading=\"lazy\" title=\"Podio Getting Started Tutorial: Project Management\" width=\"686\" height=\"386\" src=\"https:\/\/www.youtube.com\/embed\/phTAg5lxI5U?feature=oembed&amp;wmode=transparent&amp;autohide=1&amp;autoplay=0&amp;disablekb=0&amp;fs=1&amp;loop=0&amp;enablejsapi=1&amp;rel=0&amp;controls=2&amp;showinfo=0&amp;wmode=transparent&amp;autohide=2&amp;autoplay=0&amp;disablekb=0&amp;fs=1&amp;loop=0&amp;enablejsapi=1&amp;rel=0&amp;controls=2&amp;showinfo=1\" frameborder=\"0\" allow=\"accelerometer; autoplay; encrypted-media; gyroscope; picture-in-picture\" allowfullscreen><\/iframe><\/div>\n<\/div>\n<h3>PODIO &#8211; CARATTERISTICHE<\/h3>\n<ul>\n<li class=\"m-subheader__title\"><strong>Condivi e accedi ai file ovunque tu sia<\/strong>: dalla semplice condivisione di una presentazione come post di status, al completamento di un progetto con file di design allegati con questo programma puoi organizzare, discutere e tenere traccia di qualsiasi file<\/li>\n<li><strong>Gestione dei task:<\/strong> aggiungi dei promemoria cos\u00ec riceverai una notifica quando il tuo task sta per scadere o importa un task ricorrente e integralo con il tuo flusso di lavoro<\/li>\n<li><strong>Open<\/strong> <strong>API<\/strong>: grazie alle loro competenze degli sviluppatori, non ci sono limiti a ci\u00f2 che puoi fare con questo software. Ti aiuteranno a creare integrazioni personalizzate cos\u00ec il programma lavorer\u00e0 perfettamente con i servizi web usati dal tuo team, o addirittura un&#8217;interfaccia o app personalizzata, su misura della tua squadra<\/li>\n<li><strong>Reportistica<\/strong>: le opzioni di filtri e reportistica ti permettono di automatizzare le pipeline di vendita, il monitoraggio del budget e molto altro &#8211; il tutto utilizzando i dati delle tue app<\/li>\n<\/ul>\n<h4>LE RECENSIONI DEGLI UTENTI<\/h4>\n<h4>Justin H. &#8220;Serve allo scopo&#8221;<\/h4>\n<p><strong>Commenti<\/strong>: Anche il grande capo adora questo programma, perch\u00e9 pu\u00f2 generare molti rapporti diversi per lui, da attivit\u00e0 di offerta, registri in sospeso, registri di sicurezza, percentuali di vincita con clienti o aree geografiche diverse. gli permette di vedere molte metriche diverse con pochi clic.<\/p>\n<p><strong>Vantaggi<\/strong>: il sito web \u00e8 incredibilmente personalizzabile, il che ti consente di eseguire questo programma con molte attivit\u00e0 che variano notevolmente. Il nostro scopo principale era quello di utilizzare questo come centro di offerta per la nostra azienda, consentendo a tutte le nostre filiali di vedere chi stava offrendo quali lavori. Dopo averlo impostato, siamo riusciti a far inviare podio promemoria dopo determinati periodi di tempo per dare seguito ai risultati dell&#8217;offerta. Se il lavoro ci \u00e8 stato assegnato, invier\u00e0 quindi comunicazioni al nostro ufficio acquisti, ai project manager con le informazioni pertinenti (date di fine inizio, prezzi del contratto, ore di lavoro stimate, posizione, informazioni di contatto, ecc.). \u00c8 molto utile assicurarsi che le nostre filiali non raddoppino la stima degli stessi progetti.<\/p>\n<p><strong>Inconvenienti<\/strong>: essere molto personalizzabile significa anche che pu\u00f2 essere piuttosto noioso installarlo inizialmente. Esistono, tuttavia, molti moduli predefiniti che \u00e8 possibile utilizzare cos\u00ec come sono o personalizzare in base alle proprie esigenze.<\/p>\n<h4>Emily T. &#8220;Gestione del progetto ad alta personalizzazione&#8221;<\/h4>\n<p><strong>Vantaggi<\/strong>: il livello di personalizzazione \u00e8 sorprendente e rende Podio uno strumento incredibilmente versatile. Anche con il piano tariffario plus di livello medio, abbiamo utilizzato aree di lavoro personalizzate per una grande variet\u00e0 di casi d&#8217;uso in tutta la nostra azienda. Il team di Podio rilascia anche aggiornamenti abbastanza spesso, il che \u00e8 fantastico da vedere. Quasi ogni aggiornamento ha aggiunto valore al modo in cui utilizziamo l&#8217;applicazione. \u00c8 ovvio che il team Podio ha dedicato molto lavoro a ci\u00f2 che ha pubblicato finora. La qualit\u00e0 \u00e8 ottima e non riesco a pensare a nulla che non funzioni correttamente o che sia disordinato. Sono fiducioso che le nuove funzionalit\u00e0 che verranno rilasciate in futuro saranno altrettanto ben rifinite.<\/p>\n<p><strong>Inconvenienti<\/strong>: la limitazione numero uno a Podio \u00e8 la struttura delle autorizzazioni poco brillante. Da un lato, ci ha davvero costretti a creare spazi di lavoro veramente collaborativi e trasparenti. Tuttavia, ha anche reso \/ impossibile \/ utilizzare Podio per alcune applicazioni pi\u00f9 sensibili. \u00c8 anche incredibilmente fastidioso che non ci sia un gruppo di amministratori generale per l&#8217;intera organizzazione. Abbiamo pi\u00f9 amministratori per la nostra organizzazione Podio (che aiutano a creare e mantenere le aree di lavoro) e ognuno di noi deve essere aggiunto a ogni area di lavoro come amministratore per mantenere il sistema. Ci\u00f2 significa che i nostri feed vengono spammati con attivit\u00e0 da ogni area di lavoro, rendendolo piuttosto inutile per le nostre esigenze. Gonfia anche alcune delle nostre aree di lavoro e rende difficile mantenere le cose. Nel livello di prezzo positivo, i rapporti sono una specie di scherzo. Credo che stiano molto meglio nei piani pi\u00f9 alti, ma i report di livello sono quasi inutili.<\/p>\n<h4>Taylor V. &#8220;Buon strumento di flusso di processo&#8221;<\/h4>\n<p><strong>Commenti<\/strong>: Stiamo ottenendo affari e facendo soldi e contiamo su Podio come il nostro database attuale. Credo che sia stato sviluppato un sistema migliore per gli investitori immobiliari che funzionerebbe meglio per noi e sosterrebbe il nostro processo di follow-up in modo pi\u00f9 efficiente ed efficace, ma per un database generico o un sistema di gestione del progetto, Podio \u00e8 molto funzionale.<\/p>\n<p><strong>Vantaggi<\/strong>: mi piace la personalizzazione e l&#8217;utilit\u00e0 di questa piattaforma. Il sistema basato su app consente a chiunque di utilizzare in modi diversi a seconda dei diversi flussi di processo. Mi piace la funzionalit\u00e0 dell&#8217;attivit\u00e0 e l&#8217;integrazione con altre app. Usiamo un&#8217;altra parte per aggiungere l&#8217;automazione del backend che \u00e8 stata utile per etichettare e tracciare i lead.<\/p>\n<p><strong>Inconvenienti<\/strong>: il sistema si arresta abbastanza spesso e impedisce ai dati di fluire correttamente nel nostro database. Non sono sicuro che ci\u00f2 sia dovuto a anomalie nelle nostre automazioni o a un problema a livello di sito. Le app possono estrarre dati da altre app, ma le informazioni sono separate. Come investitore immobiliare, vedo questo come un una cosa negativa perch\u00e9 se le informazioni sui lead vengono trasferite da uno stato a un altro (in un&#8217;altra app), le informazioni vengono create di nuovo anzich\u00e9 aggiornate in una posizione separata. Se viene apportata una modifica in un&#8217;app, questa non si riflette nell&#8217;altra. Potrebbero esserci flussi di lavoro che potrebbero essere d&#8217;aiuto in questo per i dati del campo, ma non per le note rimaste dell&#8217;attivit\u00e0.<\/p>\n","protected":false},"excerpt":{"rendered":"<p>Podio \u00e8 un software di collaborazione che aiuta i team a comunicare e organizzare le cose per facilitare il completamento di attivit\u00e0 e progetti. Lo fa attraverso un sistema che inserisce contenuti, contesto e conversazioni in un unico posto. Quindi, sia che tu stia lavorando a un progetto o che segua e chiuda un lead di vendita, ottieni tutto ci\u00f2 che riguarda il lavoro su una pagina.<\/p>\n","protected":false},"author":19,"featured_media":18699,"parent":10050,"menu_order":0,"comment_status":"open","ping_status":"closed","template":"g1_template_page_review_new.php","meta":{"_acf_changed":false,"cwp_meta_box_check":"Yes","cwp_rev_product_name":"","cwp_rev_product_image":"","wppr_links":[],"cwp_rev_price":"","wppr_options":[],"wppr_pros":[],"wppr_cons":[],"_monsterinsights_skip_tracking":false,"_monsterinsights_sitenote_active":false,"_monsterinsights_sitenote_note":"","_monsterinsights_sitenote_category":0,"footnotes":""},"categories":[172],"tags":[1324,1341,1310,1309,1326,1320],"features":[],"class_list":{"0":"post-18665","1":"page","2":"type-page","3":"status-publish","4":"has-post-thumbnail","6":"category-online-project-management-it","7":"tag-gestione-dei-progetti","8":"tag-podio","9":"tag-programma-project-management","10":"tag-software-project-management","11":"tag-soluzione-gestione-dei-progetti","12":"tag-soluzione-project-management"},"wppr_data":{"cwp_meta_box_check":"Yes","cwp_rev_product_name":"","cwp_rev_product_image":"","cwp_image_link":"image","cwp_rev_price":"","wppr_rating":"0.00"},"acf":[],"yoast_head":"<!-- This site is optimized with the Yoast SEO plugin v27.4 - https:\/\/yoast.com\/product\/yoast-seo-wordpress\/ -->\n<title>Podio: recensione softeare Project Management - Accurate Reviews<\/title>\n<meta name=\"description\" content=\"Podio: recensione software di collaborazione che aiuta i team a comunicare e organizzare le cose per facilitare il completamento di attivit\u00e0 e progetti.\" \/>\n<meta name=\"robots\" content=\"index, follow, max-snippet:-1, max-image-preview:large, max-video-preview:-1\" \/>\n<link rel=\"canonical\" href=\"https:\/\/www.accuratereviews.com\/it\/i-migliori-software-di-project-management-lista\/podio-recensione\/\" \/>\n<meta property=\"og:locale\" content=\"it_IT\" \/>\n<meta property=\"og:type\" content=\"article\" \/>\n<meta property=\"og:title\" content=\"Podio: recensione softeare Project Management - Accurate Reviews\" \/>\n<meta property=\"og:description\" content=\"Podio: recensione software di collaborazione che aiuta i team a comunicare e organizzare le cose per facilitare il completamento di attivit\u00e0 e progetti.\" \/>\n<meta property=\"og:url\" content=\"https:\/\/www.accuratereviews.com\/it\/i-migliori-software-di-project-management-lista\/podio-recensione\/\" \/>\n<meta property=\"og:site_name\" content=\"Accurate Reviews\" \/>\n<meta property=\"og:image\" content=\"https:\/\/www.accuratereviews.com\/wp-content\/uploads\/2019\/10\/podio-282956.png\" \/>\n\t<meta property=\"og:image:width\" content=\"256\" \/>\n\t<meta property=\"og:image:height\" content=\"256\" \/>\n\t<meta property=\"og:image:type\" content=\"image\/png\" \/>\n<meta name=\"twitter:card\" content=\"summary_large_image\" \/>\n<meta name=\"twitter:label1\" content=\"Tempo di lettura stimato\" \/>\n\t<meta name=\"twitter:data1\" content=\"6 minuti\" \/>\n<script type=\"application\/ld+json\" class=\"yoast-schema-graph\">{\"@context\":\"https:\\\/\\\/schema.org\",\"@graph\":[{\"@type\":\"WebPage\",\"@id\":\"https:\\\/\\\/www.accuratereviews.com\\\/it\\\/i-migliori-software-di-project-management-lista\\\/podio-recensione\\\/\",\"url\":\"https:\\\/\\\/www.accuratereviews.com\\\/it\\\/i-migliori-software-di-project-management-lista\\\/podio-recensione\\\/\",\"name\":\"Podio: recensione softeare Project Management - Accurate Reviews\",\"isPartOf\":{\"@id\":\"https:\\\/\\\/www.accuratereviews.com\\\/it\\\/#website\"},\"primaryImageOfPage\":{\"@id\":\"https:\\\/\\\/www.accuratereviews.com\\\/it\\\/i-migliori-software-di-project-management-lista\\\/podio-recensione\\\/#primaryimage\"},\"image\":{\"@id\":\"https:\\\/\\\/www.accuratereviews.com\\\/it\\\/i-migliori-software-di-project-management-lista\\\/podio-recensione\\\/#primaryimage\"},\"thumbnailUrl\":\"https:\\\/\\\/www.accuratereviews.com\\\/wp-content\\\/uploads\\\/2019\\\/10\\\/podio-282956.png\",\"datePublished\":\"2019-10-01T15:20:40+00:00\",\"description\":\"Podio: recensione software di collaborazione che aiuta i team a comunicare e organizzare le cose per facilitare il completamento di attivit\u00e0 e progetti.\",\"breadcrumb\":{\"@id\":\"https:\\\/\\\/www.accuratereviews.com\\\/it\\\/i-migliori-software-di-project-management-lista\\\/podio-recensione\\\/#breadcrumb\"},\"inLanguage\":\"it-IT\",\"potentialAction\":[{\"@type\":\"ReadAction\",\"target\":[\"https:\\\/\\\/www.accuratereviews.com\\\/it\\\/i-migliori-software-di-project-management-lista\\\/podio-recensione\\\/\"]}]},{\"@type\":\"ImageObject\",\"inLanguage\":\"it-IT\",\"@id\":\"https:\\\/\\\/www.accuratereviews.com\\\/it\\\/i-migliori-software-di-project-management-lista\\\/podio-recensione\\\/#primaryimage\",\"url\":\"https:\\\/\\\/www.accuratereviews.com\\\/wp-content\\\/uploads\\\/2019\\\/10\\\/podio-282956.png\",\"contentUrl\":\"https:\\\/\\\/www.accuratereviews.com\\\/wp-content\\\/uploads\\\/2019\\\/10\\\/podio-282956.png\",\"width\":256,\"height\":256},{\"@type\":\"BreadcrumbList\",\"@id\":\"https:\\\/\\\/www.accuratereviews.com\\\/it\\\/i-migliori-software-di-project-management-lista\\\/podio-recensione\\\/#breadcrumb\",\"itemListElement\":[{\"@type\":\"ListItem\",\"position\":1,\"name\":\"Home\",\"item\":\"https:\\\/\\\/www.accuratereviews.com\\\/it\\\/\"},{\"@type\":\"ListItem\",\"position\":2,\"name\":\"I migliori software di project management\",\"item\":\"https:\\\/\\\/www.accuratereviews.com\\\/it\\\/i-migliori-software-di-project-management-lista\\\/\"},{\"@type\":\"ListItem\",\"position\":3,\"name\":\"Podio\"}]},{\"@type\":\"WebSite\",\"@id\":\"https:\\\/\\\/www.accuratereviews.com\\\/it\\\/#website\",\"url\":\"https:\\\/\\\/www.accuratereviews.com\\\/it\\\/\",\"name\":\"Accurate Reviews\",\"description\":\"\",\"potentialAction\":[{\"@type\":\"SearchAction\",\"target\":{\"@type\":\"EntryPoint\",\"urlTemplate\":\"https:\\\/\\\/www.accuratereviews.com\\\/it\\\/?s={search_term_string}\"},\"query-input\":{\"@type\":\"PropertyValueSpecification\",\"valueRequired\":true,\"valueName\":\"search_term_string\"}}],\"inLanguage\":\"it-IT\"}]}<\/script>\n<!-- \/ Yoast SEO plugin. -->","yoast_head_json":{"title":"Podio: recensione softeare Project Management - Accurate Reviews","description":"Podio: recensione software di collaborazione che aiuta i team a comunicare e organizzare le cose per facilitare il completamento di attivit\u00e0 e progetti.","robots":{"index":"index","follow":"follow","max-snippet":"max-snippet:-1","max-image-preview":"max-image-preview:large","max-video-preview":"max-video-preview:-1"},"canonical":"https:\/\/www.accuratereviews.com\/it\/i-migliori-software-di-project-management-lista\/podio-recensione\/","og_locale":"it_IT","og_type":"article","og_title":"Podio: recensione softeare Project Management - Accurate Reviews","og_description":"Podio: recensione software di collaborazione che aiuta i team a comunicare e organizzare le cose per facilitare il completamento di attivit\u00e0 e progetti.","og_url":"https:\/\/www.accuratereviews.com\/it\/i-migliori-software-di-project-management-lista\/podio-recensione\/","og_site_name":"Accurate Reviews","og_image":[{"width":256,"height":256,"url":"https:\/\/www.accuratereviews.com\/wp-content\/uploads\/2019\/10\/podio-282956.png","type":"image\/png"}],"twitter_card":"summary_large_image","twitter_misc":{"Tempo di lettura stimato":"6 minuti"},"schema":{"@context":"https:\/\/schema.org","@graph":[{"@type":"WebPage","@id":"https:\/\/www.accuratereviews.com\/it\/i-migliori-software-di-project-management-lista\/podio-recensione\/","url":"https:\/\/www.accuratereviews.com\/it\/i-migliori-software-di-project-management-lista\/podio-recensione\/","name":"Podio: recensione softeare Project Management - Accurate Reviews","isPartOf":{"@id":"https:\/\/www.accuratereviews.com\/it\/#website"},"primaryImageOfPage":{"@id":"https:\/\/www.accuratereviews.com\/it\/i-migliori-software-di-project-management-lista\/podio-recensione\/#primaryimage"},"image":{"@id":"https:\/\/www.accuratereviews.com\/it\/i-migliori-software-di-project-management-lista\/podio-recensione\/#primaryimage"},"thumbnailUrl":"https:\/\/www.accuratereviews.com\/wp-content\/uploads\/2019\/10\/podio-282956.png","datePublished":"2019-10-01T15:20:40+00:00","description":"Podio: recensione software di collaborazione che aiuta i team a comunicare e organizzare le cose per facilitare il completamento di attivit\u00e0 e progetti.","breadcrumb":{"@id":"https:\/\/www.accuratereviews.com\/it\/i-migliori-software-di-project-management-lista\/podio-recensione\/#breadcrumb"},"inLanguage":"it-IT","potentialAction":[{"@type":"ReadAction","target":["https:\/\/www.accuratereviews.com\/it\/i-migliori-software-di-project-management-lista\/podio-recensione\/"]}]},{"@type":"ImageObject","inLanguage":"it-IT","@id":"https:\/\/www.accuratereviews.com\/it\/i-migliori-software-di-project-management-lista\/podio-recensione\/#primaryimage","url":"https:\/\/www.accuratereviews.com\/wp-content\/uploads\/2019\/10\/podio-282956.png","contentUrl":"https:\/\/www.accuratereviews.com\/wp-content\/uploads\/2019\/10\/podio-282956.png","width":256,"height":256},{"@type":"BreadcrumbList","@id":"https:\/\/www.accuratereviews.com\/it\/i-migliori-software-di-project-management-lista\/podio-recensione\/#breadcrumb","itemListElement":[{"@type":"ListItem","position":1,"name":"Home","item":"https:\/\/www.accuratereviews.com\/it\/"},{"@type":"ListItem","position":2,"name":"I migliori software di project management","item":"https:\/\/www.accuratereviews.com\/it\/i-migliori-software-di-project-management-lista\/"},{"@type":"ListItem","position":3,"name":"Podio"}]},{"@type":"WebSite","@id":"https:\/\/www.accuratereviews.com\/it\/#website","url":"https:\/\/www.accuratereviews.com\/it\/","name":"Accurate Reviews","description":"","potentialAction":[{"@type":"SearchAction","target":{"@type":"EntryPoint","urlTemplate":"https:\/\/www.accuratereviews.com\/it\/?s={search_term_string}"},"query-input":{"@type":"PropertyValueSpecification","valueRequired":true,"valueName":"search_term_string"}}],"inLanguage":"it-IT"}]}},"_links":{"self":[{"href":"https:\/\/www.accuratereviews.com\/it\/wp-json\/wp\/v2\/pages\/18665","targetHints":{"allow":["GET"]}}],"collection":[{"href":"https:\/\/www.accuratereviews.com\/it\/wp-json\/wp\/v2\/pages"}],"about":[{"href":"https:\/\/www.accuratereviews.com\/it\/wp-json\/wp\/v2\/types\/page"}],"author":[{"embeddable":true,"href":"https:\/\/www.accuratereviews.com\/it\/wp-json\/wp\/v2\/users\/19"}],"replies":[{"embeddable":true,"href":"https:\/\/www.accuratereviews.com\/it\/wp-json\/wp\/v2\/comments?post=18665"}],"version-history":[{"count":13,"href":"https:\/\/www.accuratereviews.com\/it\/wp-json\/wp\/v2\/pages\/18665\/revisions"}],"predecessor-version":[{"id":18714,"href":"https:\/\/www.accuratereviews.com\/it\/wp-json\/wp\/v2\/pages\/18665\/revisions\/18714"}],"up":[{"embeddable":true,"href":"https:\/\/www.accuratereviews.com\/it\/wp-json\/wp\/v2\/pages\/10050"}],"wp:featuredmedia":[{"embeddable":true,"href":"https:\/\/www.accuratereviews.com\/it\/wp-json\/wp\/v2\/media\/18699"}],"wp:attachment":[{"href":"https:\/\/www.accuratereviews.com\/it\/wp-json\/wp\/v2\/media?parent=18665"}],"wp:term":[{"taxonomy":"category","embeddable":true,"href":"https:\/\/www.accuratereviews.com\/it\/wp-json\/wp\/v2\/categories?post=18665"},{"taxonomy":"post_tag","embeddable":true,"href":"https:\/\/www.accuratereviews.com\/it\/wp-json\/wp\/v2\/tags?post=18665"},{"taxonomy":"features","embeddable":true,"href":"https:\/\/www.accuratereviews.com\/it\/wp-json\/wp\/v2\/features?post=18665"}],"curies":[{"name":"wp","href":"https:\/\/api.w.org\/{rel}","templated":true}]}}