{"id":18675,"date":"2019-10-01T15:21:32","date_gmt":"2019-10-01T15:21:32","guid":{"rendered":"https:\/\/www.accuratereviews.com\/?page_id=18675"},"modified":"2019-10-01T15:21:32","modified_gmt":"2019-10-01T15:21:32","slug":"paymo-recensione","status":"publish","type":"page","link":"https:\/\/www.accuratereviews.com\/it\/project-management-online-lista-software\/paymo-recensione\/","title":{"rendered":"Paymo"},"content":{"rendered":"<p><strong>Paymo<\/strong> \u00e8 uno strumento utile per la <strong>gestione dei progetti<\/strong>, ideale per aziende, freelancer, imprese e team che lavorano a progetto. Si tratta di un vero e proprio <strong>&#8220;poject manager&#8221;<\/strong> che ti permette di pianificare, gestire i progetti e le attivit\u00e0, registrare i tempi in cui vengono svolti determinati compiti cos\u00ec da avere sempre tutta la situazione sotto controllo. Grazie ai <strong>diagrammi di Gantt<\/strong>, tenere traccia dell&#8217;intero ciclo di vita di un progetto sar\u00e0 un gioco da ragazzi e ti consentir\u00e0 di <strong>ottimizzare il tuo flusso del lavoro<\/strong>, risparmiando risorse e tempo.<\/p>\n<h2>COME UTILIZZARE PAYMO &#8211; TUTORIAL<\/h2>\n<p>Ecco un breve video tutorial che ci mostrer\u00e0 come utilizzare questo software:<\/p>\n<div id=\"fluid-wrapper-counter-1\" class=\"g1-fluid-wrapper \" style=\"width:686px;\">\n<div style=\"padding-bottom:56.268221574344%;\"><iframe loading=\"lazy\" title=\"Paymo Tutorial\" width=\"686\" height=\"386\" src=\"https:\/\/www.youtube.com\/embed\/0XM4TXdZ6yc?feature=oembed&amp;wmode=transparent&amp;autohide=1&amp;autoplay=0&amp;disablekb=0&amp;fs=1&amp;loop=0&amp;enablejsapi=1&amp;rel=0&amp;controls=2&amp;showinfo=0&amp;wmode=transparent&amp;autohide=2&amp;autoplay=0&amp;disablekb=0&amp;fs=1&amp;loop=0&amp;enablejsapi=1&amp;rel=0&amp;controls=2&amp;showinfo=1\" frameborder=\"0\" allow=\"accelerometer; autoplay; encrypted-media; gyroscope; picture-in-picture\" allowfullscreen><\/iframe><\/div>\n<\/div>\n<h3>PAYMO &#8211; CARATTERISTICHE<\/h3>\n<p>Elenchiamo le sue principali caratteristiche:<\/p>\n<ul>\n<li><strong>Pianificazione e programmazione<\/strong>: puoi impostare avvisi per eventi importanti che richiedono un&#8217;attenzione speciale durante la vita di un progetto<\/li>\n<li><strong>Modelli di progetto<\/strong>: crea e riutilizza modelli di attivit\u00e0 basati su un progetto corrente per uso futuro<\/li>\n<li><strong>Grafici di Gantt<\/strong>: utilizza i Diagrammi di Gantt per vedere le date di inizio e fine di un progetto, per avere un &#8220;quadro generale&#8221; e le informazioni su tutti i progetti in un&#8217;unica schermata<\/li>\n<li><strong>Compiti del team<\/strong>: visualizza tutte le attivit\u00e0 in tutti i progetti raggruppati per Priorit\u00e0 attivit\u00e0\/Data scadenza\/Progetto<\/li>\n<li><strong>Gestione dei compiti<\/strong>: commenta le singole attivit\u00e0 e mantieni tutti i dettagli dell&#8217;attivit\u00e0 nel contesto cos\u00ec da gestirle meglio<\/li>\n<li><strong>Assegnazione multiutente<\/strong>: assegna pi\u00f9 utenti alla stessa attivit\u00e0<\/li>\n<li><strong>Durata dell&#8217;attivit\u00e0<\/strong>: imposta il tempo necessario per completare un&#8217;attivit\u00e0<\/li>\n<li><strong>Modelli di attivit\u00e0<\/strong>: risparmia tempo creando modelli per attivit\u00e0 comuni da utilizzare in seguito<\/li>\n<li><strong>Bacheche Kanban<\/strong>: definisci e crea un flusso di lavoro e sposta le attivit\u00e0 del progetto attraverso passaggi logici e sequenziali.<\/li>\n<\/ul>\n<h3>LE RECENSIONI DEGLI UTENTI<\/h3>\n<ul>\n<li><strong>&#8220;Straordinario software di gestione dei problemi con buon monitoraggio del tempo&#8221;<\/strong><br \/>\nIN GENERALE: Consiglierei questo servizio a tutte le aziende di medie dimensioni, che sono alla ricerca di un buon software di tracciamento del tempo.<br \/>\nPRO: il monitoraggio del tempo e l&#8217;app desktop per il monitoraggio sono tra i migliori che abbia mai visto finora. Questo \u00e8 uno dei punti principali in cui scegliamo questo servizio per gli altri.<br \/>\nAnche il problema mgmt e i report sono abbastanza utili.<br \/>\nCONTRO: la gestione delle risorse potrebbe essere migliorata e anche alcuni bug minori.<\/li>\n<li><strong>&#8220;Ottimo strumento di registrazione\/analisi del tempo che \u00e8 sempre stato buono e che sta ancora migliorando.&#8221;<br \/>\n<\/strong>IN GENERALE: Ottima visibilit\u00e0 del luogo in cui viene trascorso il tempo, compresa l&#8217;analisi delle cancellazioni del tempo, della redditivit\u00e0 del lavoro e dei livelli di produttivit\u00e0 del personale.<br \/>\nPRO: Paymo \u00e8 facile da usare in configurazione, registrazione dei tempi e reportistica. \u00c8 un&#8217;ottima soluzione per la pianificazione e la registrazione del tempo del personale e dei subappaltatori.<br \/>\nCONTRO: Paymo sta tentando di passare da un&#8217;utilit\u00e0 di registrazione del tempo a uno strumento di gestione dei progetti completo. A questo proposito ha una strada da percorrere, quindi \u00e8 un po&#8217; . intrappolato nel mezzo al momento. Ho fatto un paio di tentativi di lavorare con il registratore automatico del tempo, ma mi sono arreso ogni volta (ma ci\u00f2 \u00e8 probabilmente pi\u00f9 legato alla natura frammentata del mio lavoro: il tuo chilometraggio pu\u00f2 variare.<\/li>\n<li><strong>&#8220;Non riesco a immaginare di gestire i miei affari senza quest&#8217;applicazione&#8221;<br \/>\n<\/strong>PRO: adoro Paymo Plus! Non sono mai stato in grado di lavorare con time tracker simili a cronometri, quindi avere Paymo Plus in esecuzione in background e il mio tempo trascorso sui progetti dei clienti \u00e8 sorprendente. Funziona tutto il tempo e alla fine della giornata, ho semplicemente allocare le voci ai miei diversi progetti client. E essere in grado di controllare non solo quanto tempo ho trascorso in un giorno, in una settimana, mese o anno, ma anche per progetto, cliente o attivit\u00e0 non ha prezzo.<br \/>\nCONTRO: non utilizzo affatto l&#8217;attivit\u00e0 e le funzionalit\u00e0 di gestione del progetto e lo stesso vale per la fatturazione. App pi\u00f9 specializzate sono le migliori per questo.<\/li>\n<\/ul>\n","protected":false},"excerpt":{"rendered":"<p>Paymo \u00e8 uno strumento utile per la gestione dei progetti, ideale per aziende, freelancer, imprese e team che lavorano a progetto. Si tratta di un vero e proprio &#8220;poject manager&#8221; che ti permette di pianificare, gestire i progetti e le attivit\u00e0, registrare i tempi in cui vengono svolti determinati compiti cos\u00ec da avere sempre tutta la situazione sotto controllo.<\/p>\n","protected":false},"author":17,"featured_media":18676,"parent":8333,"menu_order":0,"comment_status":"open","ping_status":"closed","template":"g1_template_page_review_new.php","meta":{"_acf_changed":false,"cwp_meta_box_check":"Yes","cwp_rev_product_name":"","cwp_rev_product_image":"","wppr_links":[],"cwp_rev_price":"","wppr_options":[],"wppr_pros":[],"wppr_cons":[],"_monsterinsights_skip_tracking":false,"_monsterinsights_sitenote_active":false,"_monsterinsights_sitenote_note":"","_monsterinsights_sitenote_category":0,"footnotes":""},"categories":[172],"tags":[1315,1316,1314,1330],"features":[],"class_list":{"0":"post-18675","1":"page","2":"type-page","3":"status-publish","4":"has-post-thumbnail","6":"category-online-project-management-it","7":"tag-gestione-progetti","8":"tag-online-project-management","9":"tag-project-management-software","10":"tag-project-manager"},"wppr_data":{"cwp_meta_box_check":"Yes","cwp_rev_product_name":"","cwp_rev_product_image":"","cwp_image_link":"image","cwp_rev_price":"","wppr_rating":"0.00"},"acf":[],"yoast_head":"<!-- This site is optimized with the Yoast SEO plugin v27.4 - https:\/\/yoast.com\/product\/yoast-seo-wordpress\/ -->\n<title>Paymo: recensione programma gestione progetti - Accurate Reviews<\/title>\n<meta name=\"description\" content=\"Paymo: recensione dello strumento utile per la gestione dei progetti, ideale per aziende, freelancer, imprese e team che lavorano a progetto.\" \/>\n<meta name=\"robots\" content=\"index, follow, max-snippet:-1, max-image-preview:large, max-video-preview:-1\" \/>\n<link rel=\"canonical\" href=\"https:\/\/www.accuratereviews.com\/it\/project-management-online-lista-software\/paymo-recensione\/\" \/>\n<meta property=\"og:locale\" content=\"it_IT\" \/>\n<meta property=\"og:type\" content=\"article\" \/>\n<meta property=\"og:title\" content=\"Paymo: recensione programma gestione progetti - Accurate Reviews\" \/>\n<meta property=\"og:description\" content=\"Paymo: recensione dello strumento utile per la gestione dei progetti, ideale per aziende, freelancer, imprese e team che lavorano a progetto.\" \/>\n<meta property=\"og:url\" content=\"https:\/\/www.accuratereviews.com\/it\/project-management-online-lista-software\/paymo-recensione\/\" \/>\n<meta property=\"og:site_name\" content=\"Accurate Reviews\" \/>\n<meta property=\"og:image\" content=\"https:\/\/www.accuratereviews.com\/wp-content\/uploads\/2019\/10\/Paymo-logo.png\" \/>\n\t<meta property=\"og:image:width\" content=\"772\" \/>\n\t<meta property=\"og:image:height\" content=\"519\" \/>\n\t<meta property=\"og:image:type\" content=\"image\/png\" \/>\n<meta name=\"twitter:card\" content=\"summary_large_image\" \/>\n<meta name=\"twitter:label1\" content=\"Tempo di lettura stimato\" \/>\n\t<meta name=\"twitter:data1\" content=\"3 minuti\" \/>\n<script type=\"application\/ld+json\" class=\"yoast-schema-graph\">{\"@context\":\"https:\\\/\\\/schema.org\",\"@graph\":[{\"@type\":\"WebPage\",\"@id\":\"https:\\\/\\\/www.accuratereviews.com\\\/it\\\/project-management-online-lista-software\\\/paymo-recensione\\\/\",\"url\":\"https:\\\/\\\/www.accuratereviews.com\\\/it\\\/project-management-online-lista-software\\\/paymo-recensione\\\/\",\"name\":\"Paymo: recensione programma gestione progetti - Accurate Reviews\",\"isPartOf\":{\"@id\":\"https:\\\/\\\/www.accuratereviews.com\\\/it\\\/#website\"},\"primaryImageOfPage\":{\"@id\":\"https:\\\/\\\/www.accuratereviews.com\\\/it\\\/project-management-online-lista-software\\\/paymo-recensione\\\/#primaryimage\"},\"image\":{\"@id\":\"https:\\\/\\\/www.accuratereviews.com\\\/it\\\/project-management-online-lista-software\\\/paymo-recensione\\\/#primaryimage\"},\"thumbnailUrl\":\"https:\\\/\\\/www.accuratereviews.com\\\/wp-content\\\/uploads\\\/2019\\\/10\\\/Paymo-logo.png\",\"datePublished\":\"2019-10-01T15:21:32+00:00\",\"description\":\"Paymo: recensione dello strumento utile per la gestione dei progetti, ideale per aziende, freelancer, imprese e team che lavorano a progetto.\",\"breadcrumb\":{\"@id\":\"https:\\\/\\\/www.accuratereviews.com\\\/it\\\/project-management-online-lista-software\\\/paymo-recensione\\\/#breadcrumb\"},\"inLanguage\":\"it-IT\",\"potentialAction\":[{\"@type\":\"ReadAction\",\"target\":[\"https:\\\/\\\/www.accuratereviews.com\\\/it\\\/project-management-online-lista-software\\\/paymo-recensione\\\/\"]}]},{\"@type\":\"ImageObject\",\"inLanguage\":\"it-IT\",\"@id\":\"https:\\\/\\\/www.accuratereviews.com\\\/it\\\/project-management-online-lista-software\\\/paymo-recensione\\\/#primaryimage\",\"url\":\"https:\\\/\\\/www.accuratereviews.com\\\/wp-content\\\/uploads\\\/2019\\\/10\\\/Paymo-logo.png\",\"contentUrl\":\"https:\\\/\\\/www.accuratereviews.com\\\/wp-content\\\/uploads\\\/2019\\\/10\\\/Paymo-logo.png\",\"width\":772,\"height\":519},{\"@type\":\"BreadcrumbList\",\"@id\":\"https:\\\/\\\/www.accuratereviews.com\\\/it\\\/project-management-online-lista-software\\\/paymo-recensione\\\/#breadcrumb\",\"itemListElement\":[{\"@type\":\"ListItem\",\"position\":1,\"name\":\"Home\",\"item\":\"https:\\\/\\\/www.accuratereviews.com\\\/it\\\/\"},{\"@type\":\"ListItem\",\"position\":2,\"name\":\"Project Management Online\",\"item\":\"https:\\\/\\\/www.accuratereviews.com\\\/it\\\/project-management-online-lista-software\\\/\"},{\"@type\":\"ListItem\",\"position\":3,\"name\":\"Paymo\"}]},{\"@type\":\"WebSite\",\"@id\":\"https:\\\/\\\/www.accuratereviews.com\\\/it\\\/#website\",\"url\":\"https:\\\/\\\/www.accuratereviews.com\\\/it\\\/\",\"name\":\"Accurate Reviews\",\"description\":\"\",\"potentialAction\":[{\"@type\":\"SearchAction\",\"target\":{\"@type\":\"EntryPoint\",\"urlTemplate\":\"https:\\\/\\\/www.accuratereviews.com\\\/it\\\/?s={search_term_string}\"},\"query-input\":{\"@type\":\"PropertyValueSpecification\",\"valueRequired\":true,\"valueName\":\"search_term_string\"}}],\"inLanguage\":\"it-IT\"}]}<\/script>\n<!-- \/ Yoast SEO plugin. -->","yoast_head_json":{"title":"Paymo: recensione programma gestione progetti - Accurate Reviews","description":"Paymo: recensione dello strumento utile per la gestione dei progetti, ideale per aziende, freelancer, imprese e team che lavorano a progetto.","robots":{"index":"index","follow":"follow","max-snippet":"max-snippet:-1","max-image-preview":"max-image-preview:large","max-video-preview":"max-video-preview:-1"},"canonical":"https:\/\/www.accuratereviews.com\/it\/project-management-online-lista-software\/paymo-recensione\/","og_locale":"it_IT","og_type":"article","og_title":"Paymo: recensione programma gestione progetti - Accurate Reviews","og_description":"Paymo: recensione dello strumento utile per la gestione dei progetti, ideale per aziende, freelancer, imprese e team che lavorano a progetto.","og_url":"https:\/\/www.accuratereviews.com\/it\/project-management-online-lista-software\/paymo-recensione\/","og_site_name":"Accurate Reviews","og_image":[{"width":772,"height":519,"url":"https:\/\/www.accuratereviews.com\/wp-content\/uploads\/2019\/10\/Paymo-logo.png","type":"image\/png"}],"twitter_card":"summary_large_image","twitter_misc":{"Tempo di lettura stimato":"3 minuti"},"schema":{"@context":"https:\/\/schema.org","@graph":[{"@type":"WebPage","@id":"https:\/\/www.accuratereviews.com\/it\/project-management-online-lista-software\/paymo-recensione\/","url":"https:\/\/www.accuratereviews.com\/it\/project-management-online-lista-software\/paymo-recensione\/","name":"Paymo: recensione programma gestione progetti - Accurate Reviews","isPartOf":{"@id":"https:\/\/www.accuratereviews.com\/it\/#website"},"primaryImageOfPage":{"@id":"https:\/\/www.accuratereviews.com\/it\/project-management-online-lista-software\/paymo-recensione\/#primaryimage"},"image":{"@id":"https:\/\/www.accuratereviews.com\/it\/project-management-online-lista-software\/paymo-recensione\/#primaryimage"},"thumbnailUrl":"https:\/\/www.accuratereviews.com\/wp-content\/uploads\/2019\/10\/Paymo-logo.png","datePublished":"2019-10-01T15:21:32+00:00","description":"Paymo: recensione dello strumento utile per la gestione dei progetti, ideale per aziende, freelancer, imprese e team che lavorano a progetto.","breadcrumb":{"@id":"https:\/\/www.accuratereviews.com\/it\/project-management-online-lista-software\/paymo-recensione\/#breadcrumb"},"inLanguage":"it-IT","potentialAction":[{"@type":"ReadAction","target":["https:\/\/www.accuratereviews.com\/it\/project-management-online-lista-software\/paymo-recensione\/"]}]},{"@type":"ImageObject","inLanguage":"it-IT","@id":"https:\/\/www.accuratereviews.com\/it\/project-management-online-lista-software\/paymo-recensione\/#primaryimage","url":"https:\/\/www.accuratereviews.com\/wp-content\/uploads\/2019\/10\/Paymo-logo.png","contentUrl":"https:\/\/www.accuratereviews.com\/wp-content\/uploads\/2019\/10\/Paymo-logo.png","width":772,"height":519},{"@type":"BreadcrumbList","@id":"https:\/\/www.accuratereviews.com\/it\/project-management-online-lista-software\/paymo-recensione\/#breadcrumb","itemListElement":[{"@type":"ListItem","position":1,"name":"Home","item":"https:\/\/www.accuratereviews.com\/it\/"},{"@type":"ListItem","position":2,"name":"Project Management Online","item":"https:\/\/www.accuratereviews.com\/it\/project-management-online-lista-software\/"},{"@type":"ListItem","position":3,"name":"Paymo"}]},{"@type":"WebSite","@id":"https:\/\/www.accuratereviews.com\/it\/#website","url":"https:\/\/www.accuratereviews.com\/it\/","name":"Accurate Reviews","description":"","potentialAction":[{"@type":"SearchAction","target":{"@type":"EntryPoint","urlTemplate":"https:\/\/www.accuratereviews.com\/it\/?s={search_term_string}"},"query-input":{"@type":"PropertyValueSpecification","valueRequired":true,"valueName":"search_term_string"}}],"inLanguage":"it-IT"}]}},"_links":{"self":[{"href":"https:\/\/www.accuratereviews.com\/it\/wp-json\/wp\/v2\/pages\/18675","targetHints":{"allow":["GET"]}}],"collection":[{"href":"https:\/\/www.accuratereviews.com\/it\/wp-json\/wp\/v2\/pages"}],"about":[{"href":"https:\/\/www.accuratereviews.com\/it\/wp-json\/wp\/v2\/types\/page"}],"author":[{"embeddable":true,"href":"https:\/\/www.accuratereviews.com\/it\/wp-json\/wp\/v2\/users\/17"}],"replies":[{"embeddable":true,"href":"https:\/\/www.accuratereviews.com\/it\/wp-json\/wp\/v2\/comments?post=18675"}],"version-history":[{"count":5,"href":"https:\/\/www.accuratereviews.com\/it\/wp-json\/wp\/v2\/pages\/18675\/revisions"}],"predecessor-version":[{"id":18684,"href":"https:\/\/www.accuratereviews.com\/it\/wp-json\/wp\/v2\/pages\/18675\/revisions\/18684"}],"up":[{"embeddable":true,"href":"https:\/\/www.accuratereviews.com\/it\/wp-json\/wp\/v2\/pages\/8333"}],"wp:featuredmedia":[{"embeddable":true,"href":"https:\/\/www.accuratereviews.com\/it\/wp-json\/wp\/v2\/media\/18676"}],"wp:attachment":[{"href":"https:\/\/www.accuratereviews.com\/it\/wp-json\/wp\/v2\/media?parent=18675"}],"wp:term":[{"taxonomy":"category","embeddable":true,"href":"https:\/\/www.accuratereviews.com\/it\/wp-json\/wp\/v2\/categories?post=18675"},{"taxonomy":"post_tag","embeddable":true,"href":"https:\/\/www.accuratereviews.com\/it\/wp-json\/wp\/v2\/tags?post=18675"},{"taxonomy":"features","embeddable":true,"href":"https:\/\/www.accuratereviews.com\/it\/wp-json\/wp\/v2\/features?post=18675"}],"curies":[{"name":"wp","href":"https:\/\/api.w.org\/{rel}","templated":true}]}}