{"id":18685,"date":"2019-10-01T16:51:13","date_gmt":"2019-10-01T16:51:13","guid":{"rendered":"https:\/\/www.accuratereviews.com\/?page_id=18685"},"modified":"2019-10-01T16:51:13","modified_gmt":"2019-10-01T16:51:13","slug":"avaza-recensione","status":"publish","type":"page","link":"https:\/\/www.accuratereviews.com\/it\/project-management-online-lista-software\/avaza-recensione\/","title":{"rendered":"Avaza"},"content":{"rendered":"<div class=\"tlid-input input\">\n<div class=\"source-wrap\">\n<div class=\"input-full-height-wrapper tlid-input-full-height-wrapper\">\n<div class=\"source-input\">\n<div class=\"source-footer-wrap source-or-target-footer\">\n<div class=\"source-footer\">\n<div class=\"src-tts left-positioned ttsbutton jfk-button-flat source-or-target-footer-button jfk-button\" tabindex=\"0\" role=\"button\" aria-label=\"Ascolta\" data-tooltip=\"Ascolta\" aria-pressed=\"false\" data-tooltip-align=\"t,c\" aria-hidden=\"false\" aria-disabled=\"false\">\n<div class=\"jfk-button-img\"><strong>Avaza<\/strong> \u00e8 il programma ideale per <strong>team di tutte le dimensioni,<\/strong> dai liberi professionisti alle grandi aziende, che necessitano una migliore organizzazione lavorativa. Si tratta infatti di un software utile per la<strong> gestione dei progetti<\/strong>, <span class=\"tlid-translation translation\" lang=\"it\"><span class=\"\" title=\"\">il monitoraggio dei tempi, l<\/span><\/span>a <strong>pianificazione delle risorse<\/strong>, la gestione delle spese, dei preventivi e delle fatture. \u00c8 davvero efficiente e funzionale poich\u00e8 ti permette di tenere traccia dei tempi in cui vengono svolte le attivit\u00e0, lavorare e collabora su alcuni progetti, gestire le spese e molto altro. Sfrutta la <strong>funzionalit\u00e0 cloud<\/strong> quindi ti consente di utilizzarlo ovunque tu ti trovi e in qualsiasi momento ed \u00e8 compatibile anche con i dispositivi iOS e Android.<\/div>\n<\/div>\n<\/div>\n<\/div>\n<\/div>\n<\/div>\n<\/div>\n<\/div>\n<h2>COME GESTIRE I PROGETTI CON AVAZA &#8211;\u00a0 TUTORIAL<\/h2>\n<p>Ecco un video tutorial che ci insegna i primi passi da fare con questo software:<\/p>\n<div id=\"fluid-wrapper-counter-1\" class=\"g1-fluid-wrapper \" style=\"width:686px;\">\n<div style=\"padding-bottom:56.268221574344%;\"><iframe loading=\"lazy\" title=\"Avaza - Task Management &amp; Collaboration Overview\" width=\"686\" height=\"386\" src=\"https:\/\/www.youtube.com\/embed\/M0HHttxEUPg?feature=oembed&amp;wmode=transparent&amp;autohide=1&amp;autoplay=0&amp;disablekb=0&amp;fs=1&amp;loop=0&amp;enablejsapi=1&amp;rel=0&amp;controls=2&amp;showinfo=0&amp;wmode=transparent&amp;autohide=2&amp;autoplay=0&amp;disablekb=0&amp;fs=1&amp;loop=0&amp;enablejsapi=1&amp;rel=0&amp;controls=2&amp;showinfo=1\" frameborder=\"0\" allow=\"accelerometer; autoplay; encrypted-media; gyroscope; picture-in-picture\" allowfullscreen><\/iframe><\/div>\n<\/div>\n<h3>AVAZA &#8211; CARATTERISTICHE<\/h3>\n<p>Adesso elenchiamo le sue principali caratteristiche:<\/p>\n<ul>\n<li>Collaborazione del progetto con i clienti<\/li>\n<li>Spese multivaluta, note di credito, pagamenti e fatturazione<\/li>\n<li>Collaborazioie e discussioni sulle attivit\u00e0 via e-mail<\/li>\n<li>Supporto per pagamenti divisi tra fatture<\/li>\n<li>Fogli orari giornalieri e settimanali<\/li>\n<li>Integrazione con carta di credito e pagamento PayPal<\/li>\n<li>Fatture personalizzabili<\/li>\n<li>Gestione documenti<\/li>\n<li>Gestione del bilancio<\/li>\n<li>Gestione di progetti e attivit\u00e0<\/li>\n<li>Condivisione di file<\/li>\n<li>Monitoraggio del tempo online<\/li>\n<li>Supporto Agile, Scrum e Kanban<\/li>\n<li>Pianificazione delle risorse<\/li>\n<li>Assegna compiti e progetti in base alla disponibilit\u00e0 del team<\/li>\n<li>Abilita notifiche automatiche per attivit\u00e0 e schede attivit\u00e0<\/li>\n<li>Abilita promemoria automatici per attivit\u00e0 e schede attivit\u00e0<\/li>\n<li>Imposta i budget del progetto e visualizza i profitti\/perdite<\/li>\n<li>Assegna le scadenze alle attivit\u00e0 e sincronizzale con calendari esterni<\/li>\n<li>Sincronizza le attivit\u00e0 del progetto con i calendari di Google<\/li>\n<li>Consenti ai clienti di accedere e visualizzare le statistiche chiave del progetto.<\/li>\n<\/ul>\n<h3>LE RECENSIONI DEGLI UTENTI<\/h3>\n<ul>\n<li><strong>&#8220;Gestione dei progetti ricca di funzionalit\u00e0 e soluzione di fatturazione del cliente&#8221;<\/strong><br \/>\nPRO: molte funzionalit\u00e0 per la gestione dei progetti, tra cui attivit\u00e0 personalizzate e categorie di schede attivit\u00e0 per standardizzare le informazioni tra gli utenti. La capacit\u00e0 di separare parti di progetti e di fatturare in modo specifico per quelle sezioni. Grafico di Gantt facile da usare. Negli strumenti di comunicazione dell&#8217;applicazione. Report personalizzati approfonditi.<br \/>\nCONTRO: All&#8217;inizio l&#8217;organizzazione delle informazioni \u00e8 un po&#8217; confusa e la gente la considera ingombrante, ma dopo un po&#8217; \u00e8 abbastanza facile. I report sono belli ma hanno cos\u00ec tante opzioni che ci vuole del tempo per capire quali sono quelle di cui hai bisogno. Dashboard di visualizzazione rapida per singolo progetto (tempo o $$ rimasti nel budget, elementi scaduti) non disponibile, ma puoi arrivarci con rapporti personalizzati una volta che hai capito come farlo.<\/li>\n<li><strong>&#8220;Lo strumento di gestione dei progetti gratuito pi\u00f9 completo che conosca&#8221;<\/strong><br \/>\nIN GENERALE: Volevo pianificare il processo di fondazione della mia nuova agenzia e AVAZA mi ha aiutato molto.<br \/>\nVantaggi: ricchezza di funzionalit\u00e0. Diagrammi di Gantt, facile importazione ed esportazione di dati, monitoraggio del tempo integrato.<br \/>\nCONTRO: non \u00e8 cos\u00ec veloce e bello come altri strumenti.<\/li>\n<li><strong>&#8220;Responsabile del progetto con un ottimo rapporto qualit\u00e0-prezzo.&#8221;<\/strong><br \/>\nIN GENERALE: Prima classe in ogni modo.<br \/>\nPRO mi \u00e8 piaciuta la sua serie di funzioni generali, \u00e8 il prezzo di valore e il fatto che posso coinvolgere i clienti in un progetto senza costi aggiuntivi. Posso rilasciare uno screenshot direttamente nei campi delle attivit\u00e0 che \u00e8 un enorme risparmio di tempo e denaro per me e noi. Un&#8217;altra cosa da sapere \u00e8 che hanno una chat di supporto nell&#8217;amministratore e spesso ricevi una risposta immediata che \u00e8 un fantastico servizio clienti. Sono cos\u00ec felice di aver preso la decisione di lavorare con Avaza.<br \/>\nCONTRO: Davvero non c&#8217;\u00e8 molto che non mi piace. Vorrei poter impostare promemoria automatici per attivit\u00e0 scadute, ma almeno posso accedere ed eseguire report.<\/li>\n<\/ul>\n","protected":false},"excerpt":{"rendered":"<p>Avaza \u00e8 il programma ideale per team di tutte le dimensioni, dai liberi professionisti alle grandi aziende, che necessitano una migliore organizzazione lavorativa. Si tratta infatti di un software utile per la gestione dei progetti, il monitoraggio dei tempi, la pianificazione delle risorse, la gestione delle spese, dei preventivi e delle fatture.<\/p>\n","protected":false},"author":17,"featured_media":18689,"parent":8333,"menu_order":0,"comment_status":"open","ping_status":"closed","template":"g1_template_page_review_new.php","meta":{"_acf_changed":false,"cwp_meta_box_check":"Yes","cwp_rev_product_name":"","cwp_rev_product_image":"","wppr_links":[],"cwp_rev_price":"","wppr_options":[],"wppr_pros":[],"wppr_cons":[],"_monsterinsights_skip_tracking":false,"_monsterinsights_sitenote_active":false,"_monsterinsights_sitenote_note":"","_monsterinsights_sitenote_category":0,"footnotes":""},"categories":[172],"tags":[1324,1316,1310,1314],"features":[],"class_list":{"0":"post-18685","1":"page","2":"type-page","3":"status-publish","4":"has-post-thumbnail","6":"category-online-project-management-it","7":"tag-gestione-dei-progetti","8":"tag-online-project-management","9":"tag-programma-project-management","10":"tag-project-management-software"},"wppr_data":{"cwp_meta_box_check":"Yes","cwp_rev_product_name":"","cwp_rev_product_image":"","cwp_image_link":"image","cwp_rev_price":"","wppr_rating":"0.00"},"acf":[],"yoast_head":"<!-- This site is optimized with the Yoast SEO plugin v27.4 - https:\/\/yoast.com\/product\/yoast-seo-wordpress\/ -->\n<title>Avaza: recensione programma gestione progetti - Accurate Reviews<\/title>\n<meta name=\"description\" content=\"Avaza: recensione del programma per team di tutte le dimensioni che necessitano una migliore organizzazione lavorativa e gestione dei progetti.\" \/>\n<meta name=\"robots\" content=\"index, follow, max-snippet:-1, max-image-preview:large, max-video-preview:-1\" \/>\n<link rel=\"canonical\" href=\"https:\/\/www.accuratereviews.com\/it\/project-management-online-lista-software\/avaza-recensione\/\" \/>\n<meta property=\"og:locale\" content=\"it_IT\" \/>\n<meta property=\"og:type\" content=\"article\" \/>\n<meta property=\"og:title\" content=\"Avaza: recensione programma gestione progetti - Accurate Reviews\" \/>\n<meta property=\"og:description\" content=\"Avaza: recensione del programma per team di tutte le dimensioni che necessitano una migliore organizzazione lavorativa e gestione dei progetti.\" \/>\n<meta property=\"og:url\" content=\"https:\/\/www.accuratereviews.com\/it\/project-management-online-lista-software\/avaza-recensione\/\" \/>\n<meta property=\"og:site_name\" content=\"Accurate Reviews\" \/>\n<meta property=\"og:image\" content=\"https:\/\/www.accuratereviews.com\/wp-content\/uploads\/2019\/10\/avaza-logo2-press-2x.png\" \/>\n\t<meta property=\"og:image:width\" content=\"534\" \/>\n\t<meta property=\"og:image:height\" content=\"349\" \/>\n\t<meta property=\"og:image:type\" content=\"image\/png\" \/>\n<meta name=\"twitter:card\" content=\"summary_large_image\" \/>\n<meta name=\"twitter:label1\" content=\"Tempo di lettura stimato\" \/>\n\t<meta name=\"twitter:data1\" content=\"3 minuti\" \/>\n<script type=\"application\/ld+json\" class=\"yoast-schema-graph\">{\"@context\":\"https:\\\/\\\/schema.org\",\"@graph\":[{\"@type\":\"WebPage\",\"@id\":\"https:\\\/\\\/www.accuratereviews.com\\\/it\\\/project-management-online-lista-software\\\/avaza-recensione\\\/\",\"url\":\"https:\\\/\\\/www.accuratereviews.com\\\/it\\\/project-management-online-lista-software\\\/avaza-recensione\\\/\",\"name\":\"Avaza: recensione programma gestione progetti - Accurate Reviews\",\"isPartOf\":{\"@id\":\"https:\\\/\\\/www.accuratereviews.com\\\/it\\\/#website\"},\"primaryImageOfPage\":{\"@id\":\"https:\\\/\\\/www.accuratereviews.com\\\/it\\\/project-management-online-lista-software\\\/avaza-recensione\\\/#primaryimage\"},\"image\":{\"@id\":\"https:\\\/\\\/www.accuratereviews.com\\\/it\\\/project-management-online-lista-software\\\/avaza-recensione\\\/#primaryimage\"},\"thumbnailUrl\":\"https:\\\/\\\/www.accuratereviews.com\\\/wp-content\\\/uploads\\\/2019\\\/10\\\/avaza-logo2-press-2x.png\",\"datePublished\":\"2019-10-01T16:51:13+00:00\",\"description\":\"Avaza: recensione del programma per team di tutte le dimensioni che necessitano una migliore organizzazione lavorativa e gestione dei progetti.\",\"breadcrumb\":{\"@id\":\"https:\\\/\\\/www.accuratereviews.com\\\/it\\\/project-management-online-lista-software\\\/avaza-recensione\\\/#breadcrumb\"},\"inLanguage\":\"it-IT\",\"potentialAction\":[{\"@type\":\"ReadAction\",\"target\":[\"https:\\\/\\\/www.accuratereviews.com\\\/it\\\/project-management-online-lista-software\\\/avaza-recensione\\\/\"]}]},{\"@type\":\"ImageObject\",\"inLanguage\":\"it-IT\",\"@id\":\"https:\\\/\\\/www.accuratereviews.com\\\/it\\\/project-management-online-lista-software\\\/avaza-recensione\\\/#primaryimage\",\"url\":\"https:\\\/\\\/www.accuratereviews.com\\\/wp-content\\\/uploads\\\/2019\\\/10\\\/avaza-logo2-press-2x.png\",\"contentUrl\":\"https:\\\/\\\/www.accuratereviews.com\\\/wp-content\\\/uploads\\\/2019\\\/10\\\/avaza-logo2-press-2x.png\",\"width\":534,\"height\":349},{\"@type\":\"BreadcrumbList\",\"@id\":\"https:\\\/\\\/www.accuratereviews.com\\\/it\\\/project-management-online-lista-software\\\/avaza-recensione\\\/#breadcrumb\",\"itemListElement\":[{\"@type\":\"ListItem\",\"position\":1,\"name\":\"Home\",\"item\":\"https:\\\/\\\/www.accuratereviews.com\\\/it\\\/\"},{\"@type\":\"ListItem\",\"position\":2,\"name\":\"Project Management Online\",\"item\":\"https:\\\/\\\/www.accuratereviews.com\\\/it\\\/project-management-online-lista-software\\\/\"},{\"@type\":\"ListItem\",\"position\":3,\"name\":\"Avaza\"}]},{\"@type\":\"WebSite\",\"@id\":\"https:\\\/\\\/www.accuratereviews.com\\\/it\\\/#website\",\"url\":\"https:\\\/\\\/www.accuratereviews.com\\\/it\\\/\",\"name\":\"Accurate Reviews\",\"description\":\"\",\"potentialAction\":[{\"@type\":\"SearchAction\",\"target\":{\"@type\":\"EntryPoint\",\"urlTemplate\":\"https:\\\/\\\/www.accuratereviews.com\\\/it\\\/?s={search_term_string}\"},\"query-input\":{\"@type\":\"PropertyValueSpecification\",\"valueRequired\":true,\"valueName\":\"search_term_string\"}}],\"inLanguage\":\"it-IT\"}]}<\/script>\n<!-- \/ Yoast SEO plugin. -->","yoast_head_json":{"title":"Avaza: recensione programma gestione progetti - Accurate Reviews","description":"Avaza: recensione del programma per team di tutte le dimensioni che necessitano una migliore organizzazione lavorativa e gestione dei progetti.","robots":{"index":"index","follow":"follow","max-snippet":"max-snippet:-1","max-image-preview":"max-image-preview:large","max-video-preview":"max-video-preview:-1"},"canonical":"https:\/\/www.accuratereviews.com\/it\/project-management-online-lista-software\/avaza-recensione\/","og_locale":"it_IT","og_type":"article","og_title":"Avaza: recensione programma gestione progetti - Accurate Reviews","og_description":"Avaza: recensione del programma per team di tutte le dimensioni che necessitano una migliore organizzazione lavorativa e gestione dei progetti.","og_url":"https:\/\/www.accuratereviews.com\/it\/project-management-online-lista-software\/avaza-recensione\/","og_site_name":"Accurate Reviews","og_image":[{"width":534,"height":349,"url":"https:\/\/www.accuratereviews.com\/wp-content\/uploads\/2019\/10\/avaza-logo2-press-2x.png","type":"image\/png"}],"twitter_card":"summary_large_image","twitter_misc":{"Tempo di lettura stimato":"3 minuti"},"schema":{"@context":"https:\/\/schema.org","@graph":[{"@type":"WebPage","@id":"https:\/\/www.accuratereviews.com\/it\/project-management-online-lista-software\/avaza-recensione\/","url":"https:\/\/www.accuratereviews.com\/it\/project-management-online-lista-software\/avaza-recensione\/","name":"Avaza: recensione programma gestione progetti - Accurate Reviews","isPartOf":{"@id":"https:\/\/www.accuratereviews.com\/it\/#website"},"primaryImageOfPage":{"@id":"https:\/\/www.accuratereviews.com\/it\/project-management-online-lista-software\/avaza-recensione\/#primaryimage"},"image":{"@id":"https:\/\/www.accuratereviews.com\/it\/project-management-online-lista-software\/avaza-recensione\/#primaryimage"},"thumbnailUrl":"https:\/\/www.accuratereviews.com\/wp-content\/uploads\/2019\/10\/avaza-logo2-press-2x.png","datePublished":"2019-10-01T16:51:13+00:00","description":"Avaza: recensione del programma per team di tutte le dimensioni che necessitano una migliore organizzazione lavorativa e gestione dei progetti.","breadcrumb":{"@id":"https:\/\/www.accuratereviews.com\/it\/project-management-online-lista-software\/avaza-recensione\/#breadcrumb"},"inLanguage":"it-IT","potentialAction":[{"@type":"ReadAction","target":["https:\/\/www.accuratereviews.com\/it\/project-management-online-lista-software\/avaza-recensione\/"]}]},{"@type":"ImageObject","inLanguage":"it-IT","@id":"https:\/\/www.accuratereviews.com\/it\/project-management-online-lista-software\/avaza-recensione\/#primaryimage","url":"https:\/\/www.accuratereviews.com\/wp-content\/uploads\/2019\/10\/avaza-logo2-press-2x.png","contentUrl":"https:\/\/www.accuratereviews.com\/wp-content\/uploads\/2019\/10\/avaza-logo2-press-2x.png","width":534,"height":349},{"@type":"BreadcrumbList","@id":"https:\/\/www.accuratereviews.com\/it\/project-management-online-lista-software\/avaza-recensione\/#breadcrumb","itemListElement":[{"@type":"ListItem","position":1,"name":"Home","item":"https:\/\/www.accuratereviews.com\/it\/"},{"@type":"ListItem","position":2,"name":"Project Management Online","item":"https:\/\/www.accuratereviews.com\/it\/project-management-online-lista-software\/"},{"@type":"ListItem","position":3,"name":"Avaza"}]},{"@type":"WebSite","@id":"https:\/\/www.accuratereviews.com\/it\/#website","url":"https:\/\/www.accuratereviews.com\/it\/","name":"Accurate Reviews","description":"","potentialAction":[{"@type":"SearchAction","target":{"@type":"EntryPoint","urlTemplate":"https:\/\/www.accuratereviews.com\/it\/?s={search_term_string}"},"query-input":{"@type":"PropertyValueSpecification","valueRequired":true,"valueName":"search_term_string"}}],"inLanguage":"it-IT"}]}},"_links":{"self":[{"href":"https:\/\/www.accuratereviews.com\/it\/wp-json\/wp\/v2\/pages\/18685","targetHints":{"allow":["GET"]}}],"collection":[{"href":"https:\/\/www.accuratereviews.com\/it\/wp-json\/wp\/v2\/pages"}],"about":[{"href":"https:\/\/www.accuratereviews.com\/it\/wp-json\/wp\/v2\/types\/page"}],"author":[{"embeddable":true,"href":"https:\/\/www.accuratereviews.com\/it\/wp-json\/wp\/v2\/users\/17"}],"replies":[{"embeddable":true,"href":"https:\/\/www.accuratereviews.com\/it\/wp-json\/wp\/v2\/comments?post=18685"}],"version-history":[{"count":6,"href":"https:\/\/www.accuratereviews.com\/it\/wp-json\/wp\/v2\/pages\/18685\/revisions"}],"predecessor-version":[{"id":18719,"href":"https:\/\/www.accuratereviews.com\/it\/wp-json\/wp\/v2\/pages\/18685\/revisions\/18719"}],"up":[{"embeddable":true,"href":"https:\/\/www.accuratereviews.com\/it\/wp-json\/wp\/v2\/pages\/8333"}],"wp:featuredmedia":[{"embeddable":true,"href":"https:\/\/www.accuratereviews.com\/it\/wp-json\/wp\/v2\/media\/18689"}],"wp:attachment":[{"href":"https:\/\/www.accuratereviews.com\/it\/wp-json\/wp\/v2\/media?parent=18685"}],"wp:term":[{"taxonomy":"category","embeddable":true,"href":"https:\/\/www.accuratereviews.com\/it\/wp-json\/wp\/v2\/categories?post=18685"},{"taxonomy":"post_tag","embeddable":true,"href":"https:\/\/www.accuratereviews.com\/it\/wp-json\/wp\/v2\/tags?post=18685"},{"taxonomy":"features","embeddable":true,"href":"https:\/\/www.accuratereviews.com\/it\/wp-json\/wp\/v2\/features?post=18685"}],"curies":[{"name":"wp","href":"https:\/\/api.w.org\/{rel}","templated":true}]}}