{"id":18712,"date":"2019-10-01T16:51:25","date_gmt":"2019-10-01T16:51:25","guid":{"rendered":"https:\/\/www.accuratereviews.com\/?page_id=18712"},"modified":"2019-10-01T16:51:25","modified_gmt":"2019-10-01T16:51:25","slug":"daylite-for-mac-recensione","status":"publish","type":"page","link":"https:\/\/www.accuratereviews.com\/it\/project-management-online-lista-software\/daylite-for-mac-recensione\/","title":{"rendered":"Daylite for Mac"},"content":{"rendered":"<p><strong>Dalylite for Mac<\/strong> \u00e8 il programma ideale per team di tutte le dimensioni che hanno bisogno di migliorare la <strong>gestione delle relazioni con i clienti e la pianificazione di attivit\u00e0,<\/strong> progetti, opportunit\u00e0 di vendita, email e appuntamenti. Si tratta di un sistema <strong>CRM<\/strong> capace di aiutare le piccole imprese a ricordare ogni minimo dettaglio in modo tale da avere sempre la situazione sotto controllo. Si tratta di una piattaforma disponibile esclusivamente per <strong>Mac, iPhone e iPad<\/strong> ed \u00e8 integrata con tutte le applicazioni dell&#8217;Apple: Mail, Contatti, Calendario ecc.<\/p>\n<h2>COME UTILIZZARE DAYLITE FOR MAC &#8211; TUTORIAL<\/h2>\n<p>Diamo un&#8217;occhiata a questo video per vedere come funziona<strong> Daylite For Mac<\/strong>:<\/p>\n<div id=\"fluid-wrapper-counter-1\" class=\"g1-fluid-wrapper \" style=\"width:686px;\">\n<div style=\"padding-bottom:56.268221574344%;\"><iframe loading=\"lazy\" title=\"Daylite 4.2 New Features Overview\" width=\"686\" height=\"386\" src=\"https:\/\/www.youtube.com\/embed\/mD0vuEIGSKk?feature=oembed&amp;wmode=transparent&amp;autohide=1&amp;autoplay=0&amp;disablekb=0&amp;fs=1&amp;loop=0&amp;enablejsapi=1&amp;rel=0&amp;controls=2&amp;showinfo=0&amp;wmode=transparent&amp;autohide=2&amp;autoplay=0&amp;disablekb=0&amp;fs=1&amp;loop=0&amp;enablejsapi=1&amp;rel=0&amp;controls=2&amp;showinfo=1\" frameborder=\"0\" allow=\"accelerometer; autoplay; encrypted-media; gyroscope; picture-in-picture\" allowfullscreen><\/iframe><\/div>\n<\/div>\n<h3>DAYLITE FOR MAC &#8211; CARATTERISTICHE<\/h3>\n<p>Ecco le principali caratteristiche di questo programma:<\/p>\n<p>&nbsp;<\/p>\n<ul>\n<li><strong>Gestione CRM<\/strong>: gestisci meglio i tuoi contatti e le relazioni con i tuoi clienti. Nel caso in cui avessi dei dati salvati sul vecchio sistema CRM, puoi trasferirli direttamente su questo programma in modo da avere tutto quello che ti serve con te<\/li>\n<li><strong>Gestione di compiti, progetti e attivit\u00e0<\/strong>:organizza il tuo business attraverso un&#8217;unica applicazione, gestendo da qui l&#8217;intera pianificazione delle attivit\u00e0, dei progetti, delle opportunit\u00e0 di vendita, dell&#8217;email e delle note<\/li>\n<li><strong>Centro notifiche<\/strong>: ricordati di tutti i prossimi eventi e appuntamenti grazie a questo strumento<\/li>\n<li><strong>Integrazioni<\/strong>: collegati a tutte le applicazione dell&#8217;Apple per ricevere ogni notifica su tutti i dispositivi<\/li>\n<\/ul>\n<h3>LE RECENSIONI DEGLI UTENTI<\/h3>\n<ul>\n<li><strong>&#8220;Potente sviluppo commerciale per l&#8217;imprenditore&#8221;<\/strong><br \/>\nPRO: questo \u00e8 un ottimo strumento per il nostro tempo: alimenta e tiene traccia di tutte le informazioni su tutti i clienti importanti in un&#8217;unica posizione, consentendo l&#8217;invio di informazioni coerenti e pertinenti da e verso il potenziale cliente e il cliente. Adoro questo CRM! Il team di sviluppatori e professionisti dell&#8217;assistenza clienti sono pronti a rispondere, brillanti e cordiali e prendono ogni volta le mie preoccupazioni (un solo professionista) sul serio. L&#8217;app ios Daylite \u00e8 altrettanto potente e nuove funzionalit\u00e0, come una funzione di posta integrata, vengono costantemente sviluppate.<br \/>\nCONTRO: Vorrei una migliore integrazione con SMS e chiamate dal mio iPhone. La messaggistica \u00e8 ora gestita da uno sviluppatore di terze parti che non soddisfa gli standard di funzionalit\u00e0 e facilit\u00e0 d&#8217;uso stabiliti dagli sviluppatori di Daylite.<\/li>\n<li><strong>&#8220;Sono stato un utente di Daylite per 6 anni.&#8221;<\/strong><br \/>\nPRO: il software \u00e8 intuitivamente molto facile da usare. La mia valutazione a quattro stelle \u00e8 dovuta al fatto che le funzioni di fascia alta non sono cos\u00ec intuitive. Il supporto dell&#8217;azienda \u00e8 eccezionale. La gente di Marketcircile \u00e8 molto interessata ad ascoltare i propri utenti. Rispondono rapidamente durante il normale orario di lavoro per aiutare. Daylite \u00e8 anche molto pi\u00f9 potente di quanto appaia inizialmente. Vari consulenti in tutto il mondo hanno creato aziende che creano e personalizzano questo prodotto per gli utenti disposti a pagare per il servizio. Ci vuole molto poco per imparare le basi.<br \/>\nCONTRO: Marketcircle non \u00e8 un&#8217;azienda gigantesca, quindi a volte la mancanza di istruzioni su alcuni aspetti del prodotto \u00e8 frustrante. Tuttavia, la societ\u00e0 ha decisamente migliorato moltissimo pubblicando video di formazione sul proprio sito Web.<\/li>\n<li><strong>&#8220;Uso Daylite per archiviare tutte le mie e-mail e allo stesso modo i referenti dei pazienti.&#8221;<\/strong><br \/>\nIN GENERALE: Integrazione sistematica della tecnologia dell&#8217;informazione. Pu\u00f2 essere utilizzato in varie circostanze, dalle informazioni di archiviazione professionale ai documenti di famiglia.<br \/>\nPRO: mi consente di archiviare tutte le mie comunicazioni di contatto e le mie relazioni in modo da poter rispondere in modo efficiente a qualsiasi domanda e inviare comunicazioni. Ad esempio, ho una categoria di pazienti a cui posso inviare comunicazioni di gruppo relative a trattamenti e sussidi governativi, nonch\u00e9 inviare e-mail di gruppo ad altri operatori in merito ai nostri risultati. Il programma fa molto per sistematizzare le informazioni fornite su Internet e come tale \u00e8 un centro molto prezioso se non essenziale della mia attivit\u00e0. Sono particolarmente grato per il supporto che ottengo che include il personale che accede e mi mostra sul mio computer cosa devo fare.<br \/>\nCONTRO: Uso Daylite da diversi anni ormai e mi sono abituato a lavorarci. In genere sono sorte difficolt\u00e0 nella sincronizzazione del database Daylite con altri programmi come Apple Mail.<\/li>\n<\/ul>\n","protected":false},"excerpt":{"rendered":"<p>Dalylite for Mac \u00e8 il programma ideale per team di tutte le dimensioni che hanno bisogno di migliorare la gestione delle relazioni con i clienti e la pianificazione di attivit\u00e0, progetti, opportunit\u00e0 di vendita, email e appuntamenti. Si tratta di un sistema CRM capace di aiutare le piccole imprese a ricordare ogni minimo dettaglio in modo tale da avere sempre la situazione sotto controllo.<\/p>\n","protected":false},"author":17,"featured_media":18715,"parent":8333,"menu_order":0,"comment_status":"open","ping_status":"closed","template":"g1_template_page_review_new.php","meta":{"_acf_changed":false,"cwp_meta_box_check":"Yes","cwp_rev_product_name":"","cwp_rev_product_image":"","wppr_links":[],"cwp_rev_price":"","wppr_options":[],"wppr_pros":[],"wppr_cons":[],"_monsterinsights_skip_tracking":false,"_monsterinsights_sitenote_active":false,"_monsterinsights_sitenote_note":"","_monsterinsights_sitenote_category":0,"footnotes":""},"categories":[172],"tags":[1315,1316,1310,1314],"features":[],"class_list":{"0":"post-18712","1":"page","2":"type-page","3":"status-publish","4":"has-post-thumbnail","6":"category-online-project-management-it","7":"tag-gestione-progetti","8":"tag-online-project-management","9":"tag-programma-project-management","10":"tag-project-management-software"},"wppr_data":{"cwp_meta_box_check":"Yes","cwp_rev_product_name":"","cwp_rev_product_image":"","cwp_image_link":"image","cwp_rev_price":"","wppr_rating":"0.00"},"acf":[],"yoast_head":"<!-- This site is optimized with the Yoast SEO plugin v27.4 - https:\/\/yoast.com\/product\/yoast-seo-wordpress\/ -->\n<title>Daylite for Mac: recensione programma - Accurate Reviews<\/title>\n<meta name=\"description\" content=\"Dalylite for Mac: recensione del programma ideale per i team che hanno bisogno di migliorare la gestione delle relazioni con i clienti e dei progetti.\" \/>\n<meta name=\"robots\" content=\"index, follow, max-snippet:-1, max-image-preview:large, max-video-preview:-1\" \/>\n<link rel=\"canonical\" href=\"https:\/\/www.accuratereviews.com\/it\/project-management-online-lista-software\/daylite-for-mac-recensione\/\" \/>\n<meta property=\"og:locale\" content=\"it_IT\" \/>\n<meta property=\"og:type\" content=\"article\" \/>\n<meta property=\"og:title\" content=\"Daylite for Mac: recensione programma - Accurate Reviews\" \/>\n<meta property=\"og:description\" content=\"Dalylite for Mac: recensione del programma ideale per i team che hanno bisogno di migliorare la gestione delle relazioni con i clienti e dei progetti.\" \/>\n<meta property=\"og:url\" content=\"https:\/\/www.accuratereviews.com\/it\/project-management-online-lista-software\/daylite-for-mac-recensione\/\" \/>\n<meta property=\"og:site_name\" content=\"Accurate Reviews\" \/>\n<meta property=\"og:image\" content=\"https:\/\/www.accuratereviews.com\/wp-content\/uploads\/2019\/10\/daylitelogo20141006030834304_667321.jpg\" \/>\n\t<meta property=\"og:image:width\" content=\"960\" \/>\n\t<meta property=\"og:image:height\" content=\"244\" \/>\n\t<meta property=\"og:image:type\" content=\"image\/jpeg\" \/>\n<meta name=\"twitter:card\" content=\"summary_large_image\" \/>\n<meta name=\"twitter:label1\" content=\"Tempo di lettura stimato\" \/>\n\t<meta name=\"twitter:data1\" content=\"3 minuti\" \/>\n<script type=\"application\/ld+json\" class=\"yoast-schema-graph\">{\"@context\":\"https:\\\/\\\/schema.org\",\"@graph\":[{\"@type\":\"WebPage\",\"@id\":\"https:\\\/\\\/www.accuratereviews.com\\\/it\\\/project-management-online-lista-software\\\/daylite-for-mac-recensione\\\/\",\"url\":\"https:\\\/\\\/www.accuratereviews.com\\\/it\\\/project-management-online-lista-software\\\/daylite-for-mac-recensione\\\/\",\"name\":\"Daylite for Mac: recensione programma - Accurate Reviews\",\"isPartOf\":{\"@id\":\"https:\\\/\\\/www.accuratereviews.com\\\/it\\\/#website\"},\"primaryImageOfPage\":{\"@id\":\"https:\\\/\\\/www.accuratereviews.com\\\/it\\\/project-management-online-lista-software\\\/daylite-for-mac-recensione\\\/#primaryimage\"},\"image\":{\"@id\":\"https:\\\/\\\/www.accuratereviews.com\\\/it\\\/project-management-online-lista-software\\\/daylite-for-mac-recensione\\\/#primaryimage\"},\"thumbnailUrl\":\"https:\\\/\\\/www.accuratereviews.com\\\/wp-content\\\/uploads\\\/2019\\\/10\\\/daylitelogo20141006030834304_667321.jpg\",\"datePublished\":\"2019-10-01T16:51:25+00:00\",\"description\":\"Dalylite for Mac: recensione del programma ideale per i team che hanno bisogno di migliorare la gestione delle relazioni con i clienti e dei progetti.\",\"breadcrumb\":{\"@id\":\"https:\\\/\\\/www.accuratereviews.com\\\/it\\\/project-management-online-lista-software\\\/daylite-for-mac-recensione\\\/#breadcrumb\"},\"inLanguage\":\"it-IT\",\"potentialAction\":[{\"@type\":\"ReadAction\",\"target\":[\"https:\\\/\\\/www.accuratereviews.com\\\/it\\\/project-management-online-lista-software\\\/daylite-for-mac-recensione\\\/\"]}]},{\"@type\":\"ImageObject\",\"inLanguage\":\"it-IT\",\"@id\":\"https:\\\/\\\/www.accuratereviews.com\\\/it\\\/project-management-online-lista-software\\\/daylite-for-mac-recensione\\\/#primaryimage\",\"url\":\"https:\\\/\\\/www.accuratereviews.com\\\/wp-content\\\/uploads\\\/2019\\\/10\\\/daylitelogo20141006030834304_667321.jpg\",\"contentUrl\":\"https:\\\/\\\/www.accuratereviews.com\\\/wp-content\\\/uploads\\\/2019\\\/10\\\/daylitelogo20141006030834304_667321.jpg\",\"width\":960,\"height\":244},{\"@type\":\"BreadcrumbList\",\"@id\":\"https:\\\/\\\/www.accuratereviews.com\\\/it\\\/project-management-online-lista-software\\\/daylite-for-mac-recensione\\\/#breadcrumb\",\"itemListElement\":[{\"@type\":\"ListItem\",\"position\":1,\"name\":\"Home\",\"item\":\"https:\\\/\\\/www.accuratereviews.com\\\/it\\\/\"},{\"@type\":\"ListItem\",\"position\":2,\"name\":\"Project Management Online\",\"item\":\"https:\\\/\\\/www.accuratereviews.com\\\/it\\\/project-management-online-lista-software\\\/\"},{\"@type\":\"ListItem\",\"position\":3,\"name\":\"Daylite for Mac\"}]},{\"@type\":\"WebSite\",\"@id\":\"https:\\\/\\\/www.accuratereviews.com\\\/it\\\/#website\",\"url\":\"https:\\\/\\\/www.accuratereviews.com\\\/it\\\/\",\"name\":\"Accurate Reviews\",\"description\":\"\",\"potentialAction\":[{\"@type\":\"SearchAction\",\"target\":{\"@type\":\"EntryPoint\",\"urlTemplate\":\"https:\\\/\\\/www.accuratereviews.com\\\/it\\\/?s={search_term_string}\"},\"query-input\":{\"@type\":\"PropertyValueSpecification\",\"valueRequired\":true,\"valueName\":\"search_term_string\"}}],\"inLanguage\":\"it-IT\"}]}<\/script>\n<!-- \/ Yoast SEO plugin. -->","yoast_head_json":{"title":"Daylite for Mac: recensione programma - Accurate Reviews","description":"Dalylite for Mac: recensione del programma ideale per i team che hanno bisogno di migliorare la gestione delle relazioni con i clienti e dei progetti.","robots":{"index":"index","follow":"follow","max-snippet":"max-snippet:-1","max-image-preview":"max-image-preview:large","max-video-preview":"max-video-preview:-1"},"canonical":"https:\/\/www.accuratereviews.com\/it\/project-management-online-lista-software\/daylite-for-mac-recensione\/","og_locale":"it_IT","og_type":"article","og_title":"Daylite for Mac: recensione programma - Accurate Reviews","og_description":"Dalylite for Mac: recensione del programma ideale per i team che hanno bisogno di migliorare la gestione delle relazioni con i clienti e dei progetti.","og_url":"https:\/\/www.accuratereviews.com\/it\/project-management-online-lista-software\/daylite-for-mac-recensione\/","og_site_name":"Accurate Reviews","og_image":[{"width":960,"height":244,"url":"https:\/\/www.accuratereviews.com\/wp-content\/uploads\/2019\/10\/daylitelogo20141006030834304_667321.jpg","type":"image\/jpeg"}],"twitter_card":"summary_large_image","twitter_misc":{"Tempo di lettura stimato":"3 minuti"},"schema":{"@context":"https:\/\/schema.org","@graph":[{"@type":"WebPage","@id":"https:\/\/www.accuratereviews.com\/it\/project-management-online-lista-software\/daylite-for-mac-recensione\/","url":"https:\/\/www.accuratereviews.com\/it\/project-management-online-lista-software\/daylite-for-mac-recensione\/","name":"Daylite for Mac: recensione programma - Accurate Reviews","isPartOf":{"@id":"https:\/\/www.accuratereviews.com\/it\/#website"},"primaryImageOfPage":{"@id":"https:\/\/www.accuratereviews.com\/it\/project-management-online-lista-software\/daylite-for-mac-recensione\/#primaryimage"},"image":{"@id":"https:\/\/www.accuratereviews.com\/it\/project-management-online-lista-software\/daylite-for-mac-recensione\/#primaryimage"},"thumbnailUrl":"https:\/\/www.accuratereviews.com\/wp-content\/uploads\/2019\/10\/daylitelogo20141006030834304_667321.jpg","datePublished":"2019-10-01T16:51:25+00:00","description":"Dalylite for Mac: recensione del programma ideale per i team che hanno bisogno di migliorare la gestione delle relazioni con i clienti e dei progetti.","breadcrumb":{"@id":"https:\/\/www.accuratereviews.com\/it\/project-management-online-lista-software\/daylite-for-mac-recensione\/#breadcrumb"},"inLanguage":"it-IT","potentialAction":[{"@type":"ReadAction","target":["https:\/\/www.accuratereviews.com\/it\/project-management-online-lista-software\/daylite-for-mac-recensione\/"]}]},{"@type":"ImageObject","inLanguage":"it-IT","@id":"https:\/\/www.accuratereviews.com\/it\/project-management-online-lista-software\/daylite-for-mac-recensione\/#primaryimage","url":"https:\/\/www.accuratereviews.com\/wp-content\/uploads\/2019\/10\/daylitelogo20141006030834304_667321.jpg","contentUrl":"https:\/\/www.accuratereviews.com\/wp-content\/uploads\/2019\/10\/daylitelogo20141006030834304_667321.jpg","width":960,"height":244},{"@type":"BreadcrumbList","@id":"https:\/\/www.accuratereviews.com\/it\/project-management-online-lista-software\/daylite-for-mac-recensione\/#breadcrumb","itemListElement":[{"@type":"ListItem","position":1,"name":"Home","item":"https:\/\/www.accuratereviews.com\/it\/"},{"@type":"ListItem","position":2,"name":"Project Management Online","item":"https:\/\/www.accuratereviews.com\/it\/project-management-online-lista-software\/"},{"@type":"ListItem","position":3,"name":"Daylite for Mac"}]},{"@type":"WebSite","@id":"https:\/\/www.accuratereviews.com\/it\/#website","url":"https:\/\/www.accuratereviews.com\/it\/","name":"Accurate Reviews","description":"","potentialAction":[{"@type":"SearchAction","target":{"@type":"EntryPoint","urlTemplate":"https:\/\/www.accuratereviews.com\/it\/?s={search_term_string}"},"query-input":{"@type":"PropertyValueSpecification","valueRequired":true,"valueName":"search_term_string"}}],"inLanguage":"it-IT"}]}},"_links":{"self":[{"href":"https:\/\/www.accuratereviews.com\/it\/wp-json\/wp\/v2\/pages\/18712","targetHints":{"allow":["GET"]}}],"collection":[{"href":"https:\/\/www.accuratereviews.com\/it\/wp-json\/wp\/v2\/pages"}],"about":[{"href":"https:\/\/www.accuratereviews.com\/it\/wp-json\/wp\/v2\/types\/page"}],"author":[{"embeddable":true,"href":"https:\/\/www.accuratereviews.com\/it\/wp-json\/wp\/v2\/users\/17"}],"replies":[{"embeddable":true,"href":"https:\/\/www.accuratereviews.com\/it\/wp-json\/wp\/v2\/comments?post=18712"}],"version-history":[{"count":1,"href":"https:\/\/www.accuratereviews.com\/it\/wp-json\/wp\/v2\/pages\/18712\/revisions"}],"predecessor-version":[{"id":18718,"href":"https:\/\/www.accuratereviews.com\/it\/wp-json\/wp\/v2\/pages\/18712\/revisions\/18718"}],"up":[{"embeddable":true,"href":"https:\/\/www.accuratereviews.com\/it\/wp-json\/wp\/v2\/pages\/8333"}],"wp:featuredmedia":[{"embeddable":true,"href":"https:\/\/www.accuratereviews.com\/it\/wp-json\/wp\/v2\/media\/18715"}],"wp:attachment":[{"href":"https:\/\/www.accuratereviews.com\/it\/wp-json\/wp\/v2\/media?parent=18712"}],"wp:term":[{"taxonomy":"category","embeddable":true,"href":"https:\/\/www.accuratereviews.com\/it\/wp-json\/wp\/v2\/categories?post=18712"},{"taxonomy":"post_tag","embeddable":true,"href":"https:\/\/www.accuratereviews.com\/it\/wp-json\/wp\/v2\/tags?post=18712"},{"taxonomy":"features","embeddable":true,"href":"https:\/\/www.accuratereviews.com\/it\/wp-json\/wp\/v2\/features?post=18712"}],"curies":[{"name":"wp","href":"https:\/\/api.w.org\/{rel}","templated":true}]}}