{"id":18721,"date":"2019-10-02T15:30:46","date_gmt":"2019-10-02T15:30:46","guid":{"rendered":"https:\/\/www.accuratereviews.com\/?page_id=18721"},"modified":"2019-10-02T15:30:46","modified_gmt":"2019-10-02T15:30:46","slug":"taskworld-recensione","status":"publish","type":"page","link":"https:\/\/www.accuratereviews.com\/it\/project-management-online-lista-software\/taskworld-recensione\/","title":{"rendered":"Taskworld"},"content":{"rendered":"<p><strong>Taskworld<\/strong> \u00e8 <strong>un&#8217;applicazione di gestione e pianificazione di attivit\u00e0<\/strong>\u00a0ospitata su cloud utilizzata da centinaia di nomi di spicco nel mondo aziendale come Samsung, Sony, Volkswagen ecc. Progettata per soddisfare le esigenze sia dei team di piccole che di grandi dimensioni, l&#8217;app mira ad allineare i gruppi decentralizzati e indirizzare i loro sforzi verso obiettivi comuni, assicurandosi che nessun messaggio \/ annuncio importante venga perso o ignorato. A tale scopo, il programma utilizza una variet\u00e0 di strumenti avanzati, inclusi grafici di burnup e burndown, analisi dei progetti e sicurezza avanzata.\u00a0Il potere di <strong>Taskworld<\/strong> sta nel riuscire a trasformare idee astratte in attivit\u00e0 attive e prospere e nell&#8217;utilizzare efficacemente \u00a0la creativit\u00e0 della tua azienda. Allo stesso tempo, pu\u00f2 diventare l&#8217;hub di collaborazione del tuo team, in cui i suggerimenti vengono scambiati all&#8217;istante e le decisioni vengono prese considerando tutti i fattori. Aiuta anche a creare, organizzare e assegnare attivit\u00e0 a tempo debito, pianificare progetti di qualit\u00e0 e monitorare ogni fase dei loro progressi e, di conseguenza, analizzare i dati per investirli in decisioni aziendali pi\u00f9 intelligenti. La funzionalit\u00e0 di trascinamento della selezione, splendidi modelli e un editor di testo intuitivo assicurano un ingresso agevole nel mondo della gestione visiva e i team apprezzeranno quanto sia facile modificare i flussi di lavoro in base alle proprie esigenze e renderli pi\u00f9 specifici per l&#8217;azienda.<\/p>\n<h2>TASKWORLD &#8211; TUTORIAL<\/h2>\n<p>Guardiamo insieme questo breve tutorial per imparare le basi di questo <strong>software Project Management:<\/strong><\/p>\n<div id=\"fluid-wrapper-counter-1\" class=\"g1-fluid-wrapper \" style=\"width:686px;\">\n<div style=\"padding-bottom:56.268221574344%;\"><iframe loading=\"lazy\" title=\"Taskworld workflow\" width=\"515\" height=\"386\" src=\"https:\/\/www.youtube.com\/embed\/1mynszuitJc?feature=oembed&amp;wmode=transparent&amp;autohide=1&amp;autoplay=0&amp;disablekb=0&amp;fs=1&amp;loop=0&amp;enablejsapi=1&amp;rel=0&amp;controls=2&amp;showinfo=0&amp;wmode=transparent&amp;autohide=2&amp;autoplay=0&amp;disablekb=0&amp;fs=1&amp;loop=0&amp;enablejsapi=1&amp;rel=0&amp;controls=2&amp;showinfo=1\" frameborder=\"0\" allow=\"accelerometer; autoplay; encrypted-media; gyroscope; picture-in-picture\" allowfullscreen><\/iframe><\/div>\n<\/div>\n<h3>TASKWORLD &#8211; CARATTERISTICHE<\/h3>\n<div class=\"featuresV2-allTheFeatures-content__itemContainer--a8mPv\">\n<div class=\"featuresV2-allTheFeatures-contentItem__contentItem--2XPha\">\n<ul>\n<li class=\"featuresV2-allTheFeatures-contentItem__title--3HKXJ\"><strong>Spazio di lavoro<\/strong>: spazio di collaborazione condiviso dal tuo team<\/li>\n<li class=\"featuresV2-allTheFeatures-contentItem__title--3HKXJ\"><strong>Elenchi delle attivit\u00e0<\/strong>: Raggruppa le attivit\u00e0 relative al gruppo e standardizza il flusso di lavoro del tuo team<\/li>\n<li class=\"featuresV2-allTheFeatures-contentItem__title--3HKXJ\"><strong>Attivit\u00e0<\/strong>: crea attivit\u00e0, fissane le scadenze e assegnale a te stesso o ai membri del team<\/li>\n<li class=\"featuresV2-allTheFeatures-contentItem__title--3HKXJ\"><strong>Checklist<\/strong>: suddividi le attivit\u00e0 complesse in checklist e assegna separatamente le varie voci<\/li>\n<li class=\"featuresV2-allTheFeatures-contentItem__title--3HKXJ\"><strong>Attivit\u00e0 ripetitive<\/strong>: crea attivit\u00e0 ricorrenti per il lavoro di routine<\/li>\n<li class=\"featuresV2-allTheFeatures-contentItem__title--3HKXJ\"><strong>Tag ed etichette<\/strong>: organizza le attivit\u00e0 associando loro tag ed etichette colorate<\/li>\n<li class=\"featuresV2-allTheFeatures-contentItem__title--3HKXJ\"><strong>Follower<\/strong>: ricevi aggiornamenti sull\u2019avanzamento di un\u2019attivit\u00e0 senza essere incaricato di svolgerla<\/li>\n<li class=\"featuresV2-allTheFeatures-contentItem__title--3HKXJ\"><strong>Anteprime immagine<\/strong>: vedi anteprime delle immagini ad alta risoluzione dei tuoi allegati nelle bacheche delle attivit\u00e0<\/li>\n<li class=\"featuresV2-allTheFeatures-contentItem__title--3HKXJ\"><strong>Attivit\u00e0 via email<\/strong>: crea comodamente un\u2019attivit\u00e0 insieme agli allegati direttamente dalla tua casella di posta<\/li>\n<li class=\"featuresV2-allTheFeatures-contentItem__title--3HKXJ\"><strong>Registro delle attivit\u00e0<\/strong>: monitora tutte le modifiche apportate a un\u2019attivit\u00e0 in un ordine cronologico<\/li>\n<li class=\"featuresV2-allTheFeatures-contentItem__title--3HKXJ\"><strong>Assegnatari multipli:<\/strong> Assegna un\u2019attivit\u00e0 a pi\u00f9 di una persona. Inoltre \u00e8 possibile assegnare separatamente ogni voce delle checklist<\/li>\n<li class=\"featuresV2-allTheFeatures-contentItem__title--3HKXJ\"><strong>Dashboard interattivo<\/strong>: ottieni un&#8217;istantanea in tempo reale dell\u2019attivit\u00e0 dello spazio di lavoro dalla panoramica del dashboard<\/li>\n<li class=\"featuresV2-allTheFeatures-contentItem__title--3HKXJ\"><strong>Filtri avanzati<\/strong>: usa una combinazione di filtri per ottenere dati specifici su tutti i progetti.<\/li>\n<li class=\"featuresV2-allTheFeatures-contentItem__title--3HKXJ\"><strong>Panoramica elenco attivit\u00e0<\/strong>: verifica la percentuale di attivit\u00e0 in ritardo, completate e pianificate in un apposito elenco.<\/li>\n<li class=\"featuresV2-allTheFeatures-contentItem__title--3HKXJ\"><strong>Grafici di burn-down<\/strong>: visualizza la quantit\u00e0 di lavoro rimasto da svolgere in un progetto<\/li>\n<li class=\"featuresV2-allTheFeatures-contentItem__title--3HKXJ\"><strong>Grafici di burn-up<\/strong>: per i progetti senza scadenza, i grafici di burn-up mostrano l\u2019intero ambito del progetto insieme alle attivit\u00e0 effettivamente completate<\/li>\n<li class=\"featuresV2-allTheFeatures-contentItem__title--3HKXJ\"><strong>Barra di avanzamento<\/strong>: monitora la percentuale di completamento di tutte le attivit\u00e0 all&#8217;interno del tuo progetto<\/li>\n<\/ul>\n<h4>LE RECENSIONI DEGLI UTENTI<\/h4>\n<h4>Danay K: &#8220;Molto facile da imparare, supporto buono e rapido, ottimo per lavorare in gruppo&#8221;<\/h4>\n<p><strong>Complessivamente<\/strong>: aiuta a gestire i numeri del personale e ad organizzare meglio il mio tempo e le mie attivit\u00e0<br \/>\n<strong>Vantaggi<\/strong>: molto facile da imparare e da usare, molto intuitivo, che aiuta ad imparare rapidamente e iniziare a lavorare, senza bisogno di lunghe sessioni di insegnamento.Inoltre, ha tutte le esigenze aziendali, le attivit\u00e0, la priorit\u00e0, i progetti e l&#8217;opzione per controllare i\u00a0tempi per i progetti e l&#8217;opzione per inviare email a progetti o attivit\u00e0. Molto utile.Volevo passare a qualcosa di meno costoso, tuttavia, non l&#8217;ho trovato<br \/>\n<strong>Inconvenienti:<\/strong> non esiste alcuna opzione per l&#8217;acquisto di una licenza per qualsiasi membro del team, esiste un numero di numeri di correzione, il che significa che se ho 4 membri del team devo pagare 5 licenze, spero che in futuro cambino. A parte questo, Super software!<\/p>\n<p><strong>Chris P: &#8220;Finalmente, la miscela di Trello e Asana che stavamo cercando&#8221;<\/strong><\/p>\n<p><strong>Complessivamente<\/strong>: la facilit\u00e0 d&#8217;uso di Trello si \u00e8 mescolata con la maggior parte delle migliori funzionalit\u00e0 di Asana. Ho esaminato 20 diverse soluzioni di gestione delle attivit\u00e0 per il nostro gruppo di sviluppo senza scopo di lucro. Questo \u00e8 il migliore e \u00e8 notevolmente migliorato nel breve periodo in cui l&#8217;abbiamo usato. Consiglio vivamente di provarlo.<br \/>\n<strong>Vantaggi<\/strong>: il flusso di informazioni semplice e intuitivo che consente pur essendo in grado di gestire progetti complessi.<br \/>\n<strong>Inconvenienti<\/strong>: un paio di modifiche qua e l\u00e0, niente di grave.\u00a0Mi piacerebbe la possibilit\u00e0 di creare dipendenze nella vista di Gantt. Mi piacerebbe anche cambiare, o almeno avere la possibilit\u00e0 di cambiare, Dirigere le attivit\u00e0 verso Le mie attivit\u00e0 e consentire alle attivit\u00e0 all&#8217;interno di altri progetti di andare l\u00ec ogni volta che mi vengono assegnate.<\/p>\n<h4>Donny L. &#8220;Strumento molto intuitivo che ha aiutato il nostro team a rimanere organizzato con il nostro piano di gestione delle prestazioni. &#8220;<\/h4>\n<p><strong>Complessivamente<\/strong>: questo software ha aiutato il nostro team a organizzare il nostro flusso di lavoro di gestione delle prestazioni.<br \/>\n<strong>Vantaggi<\/strong>: Il software \u00e8 stato molto facile da usare, quindi formare il team e motivarli ad adottare il software \u00e8 stato un compito facile. La sua interfaccia pulita \u00e8 stata accolta in un mare di software gonfio di funzionalit\u00e0 che non cercavamo.<br \/>\n<strong>Inconvenienti<\/strong>: il prezzo era un po &#8216;alto rispetto ai concorrenti. in particolare Asana. Abbiamo deciso di andare ancora con Taskworld grazie alla sua semplice interfaccia, che era importante per far s\u00ec che l&#8217;intero team usasse il software.<\/p>\n<\/div>\n<\/div>\n","protected":false},"excerpt":{"rendered":"<p>Taskworld \u00e8 un&#8217;applicazione di gestione e pianificazione di attivit\u00e0\u00a0ospitata su cloud utilizzata da centinaia di nomi di spicco nel mondo aziendale come Samsung, Sony, Volkswagen ecc. Progettata per soddisfare le esigenze sia dei team di piccole che di grandi dimensioni, l&#8217;app mira ad allineare i gruppi decentralizzati e indirizzare i loro sforzi verso obiettivi comuni, assicurandosi che nessun messaggio \/ annuncio importante venga perso o ignorato.<\/p>\n","protected":false},"author":19,"featured_media":18785,"parent":8333,"menu_order":0,"comment_status":"open","ping_status":"closed","template":"g1_template_page_review_new.php","meta":{"_acf_changed":false,"cwp_meta_box_check":"No","cwp_rev_product_name":"","cwp_rev_product_image":"","wppr_links":[],"cwp_rev_price":"","wppr_options":[],"wppr_pros":[],"wppr_cons":[],"_monsterinsights_skip_tracking":false,"_monsterinsights_sitenote_active":false,"_monsterinsights_sitenote_note":"","_monsterinsights_sitenote_category":0,"footnotes":""},"categories":[172],"tags":[396,1337,1311,1326,1347],"features":[],"class_list":{"0":"post-18721","1":"page","2":"type-page","3":"status-publish","4":"has-post-thumbnail","6":"category-online-project-management-it","7":"tag-cloud","8":"tag-programma-gestione-dei-progetti","9":"tag-software-gestione-dei-progetti","10":"tag-soluzione-gestione-dei-progetti","11":"tag-taskworld"},"wppr_data":{"cwp_meta_box_check":"No"},"acf":[],"yoast_head":"<!-- This site is optimized with the Yoast SEO plugin v27.4 - https:\/\/yoast.com\/product\/yoast-seo-wordpress\/ -->\n<title>Taskword: recensione software Project Management - Accurate Reviews<\/title>\n<meta name=\"description\" content=\"Taskworld: recensione applicazione di gestione e pianificazione di attivit\u00e0\u00a0ospitata su cloud utilizzata da centinaia di nomi di spicco nel mondo aziendale\" \/>\n<meta name=\"robots\" content=\"index, follow, max-snippet:-1, max-image-preview:large, max-video-preview:-1\" \/>\n<link rel=\"canonical\" href=\"https:\/\/www.accuratereviews.com\/it\/project-management-online-lista-software\/taskworld-recensione\/\" \/>\n<meta property=\"og:locale\" content=\"it_IT\" \/>\n<meta property=\"og:type\" content=\"article\" \/>\n<meta property=\"og:title\" content=\"Taskword: recensione software Project Management - Accurate Reviews\" \/>\n<meta property=\"og:description\" content=\"Taskworld: recensione applicazione di gestione e pianificazione di attivit\u00e0\u00a0ospitata su cloud utilizzata da centinaia di nomi di spicco nel mondo aziendale\" \/>\n<meta property=\"og:url\" content=\"https:\/\/www.accuratereviews.com\/it\/project-management-online-lista-software\/taskworld-recensione\/\" \/>\n<meta property=\"og:site_name\" content=\"Accurate Reviews\" \/>\n<meta property=\"og:image\" content=\"https:\/\/www.accuratereviews.com\/wp-content\/uploads\/2019\/10\/task.png\" \/>\n\t<meta property=\"og:image:width\" content=\"906\" \/>\n\t<meta property=\"og:image:height\" content=\"456\" \/>\n\t<meta property=\"og:image:type\" content=\"image\/png\" \/>\n<meta name=\"twitter:card\" content=\"summary_large_image\" \/>\n<meta name=\"twitter:label1\" content=\"Tempo di lettura stimato\" \/>\n\t<meta name=\"twitter:data1\" content=\"5 minuti\" \/>\n<script type=\"application\/ld+json\" class=\"yoast-schema-graph\">{\"@context\":\"https:\\\/\\\/schema.org\",\"@graph\":[{\"@type\":\"WebPage\",\"@id\":\"https:\\\/\\\/www.accuratereviews.com\\\/it\\\/project-management-online-lista-software\\\/taskworld-recensione\\\/\",\"url\":\"https:\\\/\\\/www.accuratereviews.com\\\/it\\\/project-management-online-lista-software\\\/taskworld-recensione\\\/\",\"name\":\"Taskword: recensione software Project Management - Accurate Reviews\",\"isPartOf\":{\"@id\":\"https:\\\/\\\/www.accuratereviews.com\\\/it\\\/#website\"},\"primaryImageOfPage\":{\"@id\":\"https:\\\/\\\/www.accuratereviews.com\\\/it\\\/project-management-online-lista-software\\\/taskworld-recensione\\\/#primaryimage\"},\"image\":{\"@id\":\"https:\\\/\\\/www.accuratereviews.com\\\/it\\\/project-management-online-lista-software\\\/taskworld-recensione\\\/#primaryimage\"},\"thumbnailUrl\":\"https:\\\/\\\/www.accuratereviews.com\\\/wp-content\\\/uploads\\\/2019\\\/10\\\/task.png\",\"datePublished\":\"2019-10-02T15:30:46+00:00\",\"description\":\"Taskworld: recensione applicazione di gestione e pianificazione di attivit\u00e0\u00a0ospitata su cloud utilizzata da centinaia di nomi di spicco nel mondo aziendale\",\"breadcrumb\":{\"@id\":\"https:\\\/\\\/www.accuratereviews.com\\\/it\\\/project-management-online-lista-software\\\/taskworld-recensione\\\/#breadcrumb\"},\"inLanguage\":\"it-IT\",\"potentialAction\":[{\"@type\":\"ReadAction\",\"target\":[\"https:\\\/\\\/www.accuratereviews.com\\\/it\\\/project-management-online-lista-software\\\/taskworld-recensione\\\/\"]}]},{\"@type\":\"ImageObject\",\"inLanguage\":\"it-IT\",\"@id\":\"https:\\\/\\\/www.accuratereviews.com\\\/it\\\/project-management-online-lista-software\\\/taskworld-recensione\\\/#primaryimage\",\"url\":\"https:\\\/\\\/www.accuratereviews.com\\\/wp-content\\\/uploads\\\/2019\\\/10\\\/task.png\",\"contentUrl\":\"https:\\\/\\\/www.accuratereviews.com\\\/wp-content\\\/uploads\\\/2019\\\/10\\\/task.png\",\"width\":906,\"height\":456},{\"@type\":\"BreadcrumbList\",\"@id\":\"https:\\\/\\\/www.accuratereviews.com\\\/it\\\/project-management-online-lista-software\\\/taskworld-recensione\\\/#breadcrumb\",\"itemListElement\":[{\"@type\":\"ListItem\",\"position\":1,\"name\":\"Home\",\"item\":\"https:\\\/\\\/www.accuratereviews.com\\\/it\\\/\"},{\"@type\":\"ListItem\",\"position\":2,\"name\":\"Project Management Online\",\"item\":\"https:\\\/\\\/www.accuratereviews.com\\\/it\\\/project-management-online-lista-software\\\/\"},{\"@type\":\"ListItem\",\"position\":3,\"name\":\"Taskworld\"}]},{\"@type\":\"WebSite\",\"@id\":\"https:\\\/\\\/www.accuratereviews.com\\\/it\\\/#website\",\"url\":\"https:\\\/\\\/www.accuratereviews.com\\\/it\\\/\",\"name\":\"Accurate Reviews\",\"description\":\"\",\"potentialAction\":[{\"@type\":\"SearchAction\",\"target\":{\"@type\":\"EntryPoint\",\"urlTemplate\":\"https:\\\/\\\/www.accuratereviews.com\\\/it\\\/?s={search_term_string}\"},\"query-input\":{\"@type\":\"PropertyValueSpecification\",\"valueRequired\":true,\"valueName\":\"search_term_string\"}}],\"inLanguage\":\"it-IT\"}]}<\/script>\n<!-- \/ Yoast SEO plugin. -->","yoast_head_json":{"title":"Taskword: recensione software Project Management - Accurate Reviews","description":"Taskworld: recensione applicazione di gestione e pianificazione di attivit\u00e0\u00a0ospitata su cloud utilizzata da centinaia di nomi di spicco nel mondo aziendale","robots":{"index":"index","follow":"follow","max-snippet":"max-snippet:-1","max-image-preview":"max-image-preview:large","max-video-preview":"max-video-preview:-1"},"canonical":"https:\/\/www.accuratereviews.com\/it\/project-management-online-lista-software\/taskworld-recensione\/","og_locale":"it_IT","og_type":"article","og_title":"Taskword: recensione software Project Management - Accurate Reviews","og_description":"Taskworld: recensione applicazione di gestione e pianificazione di attivit\u00e0\u00a0ospitata su cloud utilizzata da centinaia di nomi di spicco nel mondo aziendale","og_url":"https:\/\/www.accuratereviews.com\/it\/project-management-online-lista-software\/taskworld-recensione\/","og_site_name":"Accurate Reviews","og_image":[{"width":906,"height":456,"url":"https:\/\/www.accuratereviews.com\/wp-content\/uploads\/2019\/10\/task.png","type":"image\/png"}],"twitter_card":"summary_large_image","twitter_misc":{"Tempo di lettura stimato":"5 minuti"},"schema":{"@context":"https:\/\/schema.org","@graph":[{"@type":"WebPage","@id":"https:\/\/www.accuratereviews.com\/it\/project-management-online-lista-software\/taskworld-recensione\/","url":"https:\/\/www.accuratereviews.com\/it\/project-management-online-lista-software\/taskworld-recensione\/","name":"Taskword: recensione software Project Management - Accurate Reviews","isPartOf":{"@id":"https:\/\/www.accuratereviews.com\/it\/#website"},"primaryImageOfPage":{"@id":"https:\/\/www.accuratereviews.com\/it\/project-management-online-lista-software\/taskworld-recensione\/#primaryimage"},"image":{"@id":"https:\/\/www.accuratereviews.com\/it\/project-management-online-lista-software\/taskworld-recensione\/#primaryimage"},"thumbnailUrl":"https:\/\/www.accuratereviews.com\/wp-content\/uploads\/2019\/10\/task.png","datePublished":"2019-10-02T15:30:46+00:00","description":"Taskworld: recensione applicazione di gestione e pianificazione di attivit\u00e0\u00a0ospitata su cloud utilizzata da centinaia di nomi di spicco nel mondo aziendale","breadcrumb":{"@id":"https:\/\/www.accuratereviews.com\/it\/project-management-online-lista-software\/taskworld-recensione\/#breadcrumb"},"inLanguage":"it-IT","potentialAction":[{"@type":"ReadAction","target":["https:\/\/www.accuratereviews.com\/it\/project-management-online-lista-software\/taskworld-recensione\/"]}]},{"@type":"ImageObject","inLanguage":"it-IT","@id":"https:\/\/www.accuratereviews.com\/it\/project-management-online-lista-software\/taskworld-recensione\/#primaryimage","url":"https:\/\/www.accuratereviews.com\/wp-content\/uploads\/2019\/10\/task.png","contentUrl":"https:\/\/www.accuratereviews.com\/wp-content\/uploads\/2019\/10\/task.png","width":906,"height":456},{"@type":"BreadcrumbList","@id":"https:\/\/www.accuratereviews.com\/it\/project-management-online-lista-software\/taskworld-recensione\/#breadcrumb","itemListElement":[{"@type":"ListItem","position":1,"name":"Home","item":"https:\/\/www.accuratereviews.com\/it\/"},{"@type":"ListItem","position":2,"name":"Project Management Online","item":"https:\/\/www.accuratereviews.com\/it\/project-management-online-lista-software\/"},{"@type":"ListItem","position":3,"name":"Taskworld"}]},{"@type":"WebSite","@id":"https:\/\/www.accuratereviews.com\/it\/#website","url":"https:\/\/www.accuratereviews.com\/it\/","name":"Accurate Reviews","description":"","potentialAction":[{"@type":"SearchAction","target":{"@type":"EntryPoint","urlTemplate":"https:\/\/www.accuratereviews.com\/it\/?s={search_term_string}"},"query-input":{"@type":"PropertyValueSpecification","valueRequired":true,"valueName":"search_term_string"}}],"inLanguage":"it-IT"}]}},"_links":{"self":[{"href":"https:\/\/www.accuratereviews.com\/it\/wp-json\/wp\/v2\/pages\/18721","targetHints":{"allow":["GET"]}}],"collection":[{"href":"https:\/\/www.accuratereviews.com\/it\/wp-json\/wp\/v2\/pages"}],"about":[{"href":"https:\/\/www.accuratereviews.com\/it\/wp-json\/wp\/v2\/types\/page"}],"author":[{"embeddable":true,"href":"https:\/\/www.accuratereviews.com\/it\/wp-json\/wp\/v2\/users\/19"}],"replies":[{"embeddable":true,"href":"https:\/\/www.accuratereviews.com\/it\/wp-json\/wp\/v2\/comments?post=18721"}],"version-history":[{"count":7,"href":"https:\/\/www.accuratereviews.com\/it\/wp-json\/wp\/v2\/pages\/18721\/revisions"}],"predecessor-version":[{"id":18798,"href":"https:\/\/www.accuratereviews.com\/it\/wp-json\/wp\/v2\/pages\/18721\/revisions\/18798"}],"up":[{"embeddable":true,"href":"https:\/\/www.accuratereviews.com\/it\/wp-json\/wp\/v2\/pages\/8333"}],"wp:featuredmedia":[{"embeddable":true,"href":"https:\/\/www.accuratereviews.com\/it\/wp-json\/wp\/v2\/media\/18785"}],"wp:attachment":[{"href":"https:\/\/www.accuratereviews.com\/it\/wp-json\/wp\/v2\/media?parent=18721"}],"wp:term":[{"taxonomy":"category","embeddable":true,"href":"https:\/\/www.accuratereviews.com\/it\/wp-json\/wp\/v2\/categories?post=18721"},{"taxonomy":"post_tag","embeddable":true,"href":"https:\/\/www.accuratereviews.com\/it\/wp-json\/wp\/v2\/tags?post=18721"},{"taxonomy":"features","embeddable":true,"href":"https:\/\/www.accuratereviews.com\/it\/wp-json\/wp\/v2\/features?post=18721"}],"curies":[{"name":"wp","href":"https:\/\/api.w.org\/{rel}","templated":true}]}}