{"id":18724,"date":"2019-10-03T13:14:16","date_gmt":"2019-10-03T13:14:16","guid":{"rendered":"https:\/\/www.accuratereviews.com\/?page_id=18724"},"modified":"2020-12-09T16:06:58","modified_gmt":"2020-12-09T16:06:58","slug":"zoho-projects-recensione","status":"publish","type":"page","link":"https:\/\/www.accuratereviews.com\/it\/project-management-online-lista-software\/zoho-projects-recensione\/","title":{"rendered":"Zoho Projects"},"content":{"rendered":"<p><strong>Zoho Projects<\/strong> \u00e8 una soluzione software progettata per semplificare il processo di <strong>gestione del progetto<\/strong> dalla fase iniziale alla chiusura, utilizzando le sue funzionalit\u00e0 completamente automatizzate e altamente personalizzabili. Ideale per i responsabili del progetto, li aiuta a raggiungere i loro obiettivi entro la scadenza e il budget prefissati. Questo software \u00e8 inoltre dotato di strumenti e funzionalit\u00e0 che consentono di monitorare tutti i progressi e le modifiche apportate al progetto e alle attivit\u00e0. Anche il monitoraggio in tempo reale della produttivit\u00e0 del tuo team \u00e8 facile da utilizzare, dandoti quindi informazioni affidabili su quanto tempo viene dedicato a un&#8217;attivit\u00e0 specifica. Collabora con i membri del tuo gruppo attraverso pi\u00f9 canali, come chat, feed, flusso di attivit\u00e0, forum e Wiki. Con diversi modi di comunicare con il tuo team, puoi assicurarti che tutti siano consapevoli di ci\u00f2 che sta accadendo. Questi canali consentono anche a tutti i membri del team di esprimere i propri pensieri e idee relativi al progetto e tutti possono vederli. Crea una pagina in cui \u00e8 possibile salvare documenti e altre informazioni necessarie per consentire ai tuoi collaboratori di accedere quando necessario.<\/p>\n<h2>ZOHO PROJECTS &#8211; TUTORIAL<\/h2>\n<p>Con questo tutorial gestisci al meglio i tuoi progetti con <strong>Zoho Projects<\/strong>:<\/p>\n<div id=\"fluid-wrapper-counter-1\" class=\"g1-fluid-wrapper \" style=\"width:686px;\">\n<div style=\"padding-bottom:56.268221574344%;\"><iframe loading=\"lazy\" title=\"Zoho Projects 2019 Full Beginner Introduction Tutorial Training Part Of Zoho ONE\" width=\"686\" height=\"386\" src=\"https:\/\/www.youtube.com\/embed\/iqujjNPTJ3E?feature=oembed&amp;wmode=transparent&amp;autohide=1&amp;autoplay=0&amp;disablekb=0&amp;fs=1&amp;loop=0&amp;enablejsapi=1&amp;rel=0&amp;controls=2&amp;showinfo=0&amp;wmode=transparent&amp;autohide=2&amp;autoplay=0&amp;disablekb=0&amp;fs=1&amp;loop=0&amp;enablejsapi=1&amp;rel=0&amp;controls=2&amp;showinfo=1\" frameborder=\"0\" allow=\"accelerometer; autoplay; clipboard-write; encrypted-media; gyroscope; picture-in-picture\" allowfullscreen><\/iframe><\/div>\n<\/div>\n<h3>Zoho Projects &#8211; CARATTERISTICHE<\/h3>\n<ul>\n<li><strong>Task<\/strong>: assegna compiti alle persone e seguili mentre vengono eseguiti. Imposta scadenze, priorit\u00e0 e promemoria. Se l&#8217;attivit\u00e0 prevede diverse azioni, \u00e8 possibile suddividerle ancora di pi\u00f9 in attivit\u00e0 secondarie. Per stabilire una tempistica sulla gestione del progetto si pu\u00f2 registrare il tempo trascorso manualmente o utilizzando un timer.<\/li>\n<li><strong>Dipendenze<\/strong>: \u00a0se un&#8217;attivit\u00e0 deve essere completata prima di un&#8217;altra, si dice che quest&#8217;ultima dipenda dalla prima. Le dipendenze possono essere utilizzate per controllare la sequenza in cui le attivit\u00e0 devono essere completate. \u00c8 possibile impostare dipendenze tra attivit\u00e0 o visualizzarle sul diagramma di Gantt.<\/li>\n<li><strong>Kanban<\/strong>: la scheda Kanban \u00e8 una rappresentazione delle attivit\u00e0 come carte posizionate in colonne diverse. Le colonne potrebbero rappresentare la percentuale di attivit\u00e0 complete, la priorit\u00e0 delle attivit\u00e0 o gli elenchi di attivit\u00e0 a cui appartengono. Questo \u00e8 un ottimo posto per riorganizzare rapidamente le cose usando il trascinamento della selezione e scoprire cosa non va quando un progetto \u00e8 in ritardo.<\/li>\n<li><strong>Calendario<\/strong>:\u00a0pianifica eventi o riunioni sul calendario e avere tutto organizzato.<\/li>\n<li><strong>Feed<\/strong>: gli aggiornamenti del progetto verranno visualizzati nel feed per far sapere a tutti dove stanno le cose e cosa \u00e8 stato realizzato. Pubblica stati nel feed per fare annunci all&#8217;intero del team e incoraggiare opinioni o idee nei commenti.<\/li>\n<li><strong>Forum<\/strong>: questo \u00e8 un posto dove pubblicare idee pi\u00f9 lunghe e avere discussioni pi\u00f9 dettagliate. Classificare questi argomenti in cartelle e tenere sotto controllo gli argomenti pi\u00f9 importanti. Questo \u00e8 un ottimo modo per ridurre il tempo impiegato nelle riunioni e mantenere coordinato il tuo team, specialmente se alcune persone lavorano in remoto.<\/li>\n<li><strong>Chat<\/strong>: collabora in tempo reale utilizzando le nostre chat room integrate per discutere idee con il tuo team. Mantieni i tuoi argomenti separati con diverse chat room e fai riferimento a ci\u00f2 che \u00e8 stato discusso, quando necessario.<\/li>\n<li><strong>Flusso di attivit\u00e0:<\/strong> le attivit\u00e0 dei tuoi compagni di squadra in un progetto sono mostrate in una sequenza temporale in modo da poter essere aggiornato rapidamente su ci\u00f2 che \u00e8 accaduto in un arco di tempo. Ci\u00f2 fornisce anche una cronologia di controllo delle attivit\u00e0 del progetto.<\/li>\n<\/ul>\n<h4>LE RECENSIONI DEGLI UTENTI<\/h4>\n<h4><strong>Rayan P. &#8220;Ottima piattaforma per il prezzo, ma i bug e l&#8217;interfaccia ti faranno impazzire&#8221;<\/strong><\/h4>\n<p><strong>Commenti<\/strong>: Zoho Projects \u00e8 un raro software di gestione dei progetti che fa tutto ci\u00f2 che la nostra agenzia di marketing ha bisogno di fare a un prezzo eccezionale, motivo per cui l&#8217;abbiamo mantenuto per tutto il tempo necessario. Vorremmo solo che fosse notevolmente pi\u00f9 user-friendly.<\/p>\n<p><strong>Vantaggi<\/strong>: il numero di funzioni di Zoho Projects \u00e8 impressionante. Praticamente ogni funzione di cui avevamo bisogno per la gestione del nostro progetto poteva essere fatta, ad un prezzo che nessuna altra piattaforma poteva eguagliare. \u00c8 possibile impostare ore fatturabili e non fatturabili, \u00e8 possibile impostare un timer per tutte le attivit\u00e0 e l&#8217;impostazione della creazione delle attivit\u00e0 \u00e8 piuttosto solida. L&#8217;interfaccia \u00e8 migliorata di molto nei 3 anni in cui ho usato la piattaforma e puoi dire agli sviluppatori che cercano costantemente di migliorare la stabilit\u00e0 e le funzionalit\u00e0 per gli utenti.<\/p>\n<p><strong>Inconvenienti<\/strong>: la funzionalit\u00e0 del software pu\u00f2 essere piuttosto frustrante. L&#8217;interfaccia \u00e8 insignificante e pu\u00f2 essere molto difficile da navigare. Di solito possiamo trovare ci\u00f2 di cui abbiamo bisogno, ma trovarlo pu\u00f2 essere piuttosto una sfida. Insieme a questo, alcune funzionalit\u00e0 hanno stranezze che non siamo mai riuscite a capire. Ad esempio, ogni volta che creiamo un nuovo progetto aggiunger\u00e0 alcuni dei gestori al progetto, anzich\u00e9 tutti, anche se non vi \u00e8 alcuna differenza nelle loro autorizzazioni. \u00c8 un software tecnicamente \u00a0stabile, ma spesso diventiamo invidiosi di altri software di gestione dei progetti pi\u00f9 funzionali che non rientrano nella nostra fascia di prezzo.<\/p>\n<h4><strong>Jayme A. &#8220;Software completo per la gestione dei progetti&#8221;<\/strong><\/h4>\n<p><strong>Commenti<\/strong>: In generale, la mia esperienza con Zoho \u00e8 stata positiva. Sono felice di usarlo e al mio team piacciono tutte le diverse soluzioni che Zoho ha per la nostra attivit\u00e0.<\/p>\n<p><strong>Vantaggi<\/strong>: Zoho \u00e8 uno dei leader del settore per i software di gestione dei progetti. Ha molte API in grado e offre molta flessibilit\u00e0. Il programma \u00e8 abbastanza facile da usare e intuitivo.<\/p>\n<p><strong>Inconvenienti<\/strong>: mancano alcune funzionalit\u00e0 che vorrei vedere e talvolta pu\u00f2 richiedere pi\u00f9 tempo per accedere alle attivit\u00e0 di quanto vorrei.<\/p>\n<h4>Ken M.&#8221;Questa \u00e8 stata un&#8217;app di distribuzione facile da usare e veloce&#8221;<\/h4>\n<p><strong>Commenti<\/strong>: facilit\u00e0 d&#8217;uso. Rapporto qualit\u00e0-prezzo. Caratteristiche utili<\/p>\n<p><strong>Vantaggi<\/strong>: questa soluzione ci ha permesso di diventare operativi con i nostri clienti molto rapidamente e di fornire un modo per collaborare con loro. Il fatto che sia online ci consente di avere un accesso comune con i nostri clienti e di fornire trasparenza.<br \/>\nPrima di usare questo, tutti i membri del team avevano le proprie versioni di strumenti PM che non erano compatibili e che creavano un&#8217;esperienza molto frustrante quando cercavano di collaborare.<br \/>\nAi nostri clienti piace il fatto di avere accesso per poter contribuire al successo dei nostri progetti.<br \/>\nZoho come azienda ha apportato modifiche nell&#8217;ambito delle nostre richieste di funzionalit\u00e0 che continuano a rendere pi\u00f9 piacevole l&#8217;esperienza di utilizzo di questa soluzione.<br \/>\nAvere un unico prezzo per utenti e progetti illimitati ha fatto una grande differenza nella scelta di una soluzione.<br \/>\nQuesta \u00e8 un&#8217;app altamente consigliata per organizzazioni di qualsiasi dimensione<\/p>\n<p><strong>Inconvenienti<\/strong>: non c&#8217;\u00e8 davvero un aspetto negativo considerando il rapporto qualit\u00e0-prezzo. Se il costo fosse in linea con alternative pi\u00f9 costose con pi\u00f9 funzionalit\u00e0, vedrei che si tratta di un problema.<\/p>\n","protected":false},"excerpt":{"rendered":"<p>Zoho Projects soluzione software progettata per semplificare il processo di gestione del progetto dalla fase iniziale alla chiusura, utilizzando le sue funzionalit\u00e0 completamente automatizzate e altamente personalizzabili. Ideale per i responsabili del progetto, ci\u00f2 significa raggiungere i loro obiettivi entro la scadenza e il budget prefissati.\u00a0<\/p>\n","protected":false},"author":19,"featured_media":18809,"parent":8333,"menu_order":0,"comment_status":"open","ping_status":"closed","template":"g1_template_page_review_new.php","meta":{"_acf_changed":false,"cwp_meta_box_check":"Yes","cwp_rev_product_name":"","cwp_rev_product_image":"","wppr_links":[],"cwp_rev_price":"","wppr_options":[],"wppr_pros":[],"wppr_cons":[],"_monsterinsights_skip_tracking":false,"_monsterinsights_sitenote_active":false,"_monsterinsights_sitenote_note":"","_monsterinsights_sitenote_category":0,"footnotes":""},"categories":[172],"tags":[1337,1310,1311,1309,1326,1320,1350],"features":[],"class_list":{"0":"post-18724","1":"page","2":"type-page","3":"status-publish","4":"has-post-thumbnail","6":"category-online-project-management-it","7":"tag-programma-gestione-dei-progetti","8":"tag-programma-project-management","9":"tag-software-gestione-dei-progetti","10":"tag-software-project-management","11":"tag-soluzione-gestione-dei-progetti","12":"tag-soluzione-project-management","13":"tag-zoho-projects"},"wppr_data":{"cwp_meta_box_check":"Yes","cwp_rev_product_name":"","cwp_rev_product_image":"","cwp_image_link":"image","cwp_rev_price":"","wppr_rating":"0.00"},"acf":[],"yoast_head":"<!-- This site is optimized with the Yoast SEO plugin v27.4 - https:\/\/yoast.com\/product\/yoast-seo-wordpress\/ -->\n<title>Zoho Projects: recensione software Project Management<\/title>\n<meta name=\"description\" content=\"Zoho Projects: recensione\u00a0software progettata per semplificare il processo di gestione del progetto dalla fase iniziale alla chiusura.\" \/>\n<meta name=\"robots\" content=\"index, follow, max-snippet:-1, max-image-preview:large, max-video-preview:-1\" \/>\n<link rel=\"canonical\" href=\"https:\/\/www.accuratereviews.com\/it\/project-management-online-lista-software\/zoho-projects-recensione\/\" \/>\n<meta property=\"og:locale\" content=\"it_IT\" \/>\n<meta property=\"og:type\" content=\"article\" \/>\n<meta property=\"og:title\" content=\"Zoho Projects: recensione software Project Management\" \/>\n<meta property=\"og:description\" content=\"Zoho Projects: recensione\u00a0software progettata per semplificare il processo di gestione del progetto dalla fase iniziale alla chiusura.\" \/>\n<meta property=\"og:url\" content=\"https:\/\/www.accuratereviews.com\/it\/project-management-online-lista-software\/zoho-projects-recensione\/\" \/>\n<meta property=\"og:site_name\" content=\"Accurate Reviews\" \/>\n<meta property=\"article:modified_time\" content=\"2020-12-09T16:06:58+00:00\" \/>\n<meta property=\"og:image\" content=\"https:\/\/www.accuratereviews.com\/wp-content\/uploads\/2019\/10\/zoho-projects1.jpg\" \/>\n\t<meta property=\"og:image:width\" content=\"1089\" \/>\n\t<meta property=\"og:image:height\" content=\"300\" \/>\n\t<meta property=\"og:image:type\" content=\"image\/jpeg\" \/>\n<meta name=\"twitter:card\" content=\"summary_large_image\" \/>\n<meta name=\"twitter:label1\" content=\"Tempo di lettura stimato\" \/>\n\t<meta name=\"twitter:data1\" content=\"5 minuti\" \/>\n<script type=\"application\/ld+json\" class=\"yoast-schema-graph\">{\"@context\":\"https:\\\/\\\/schema.org\",\"@graph\":[{\"@type\":\"WebPage\",\"@id\":\"https:\\\/\\\/www.accuratereviews.com\\\/it\\\/project-management-online-lista-software\\\/zoho-projects-recensione\\\/\",\"url\":\"https:\\\/\\\/www.accuratereviews.com\\\/it\\\/project-management-online-lista-software\\\/zoho-projects-recensione\\\/\",\"name\":\"Zoho Projects: recensione software Project Management\",\"isPartOf\":{\"@id\":\"https:\\\/\\\/www.accuratereviews.com\\\/it\\\/#website\"},\"primaryImageOfPage\":{\"@id\":\"https:\\\/\\\/www.accuratereviews.com\\\/it\\\/project-management-online-lista-software\\\/zoho-projects-recensione\\\/#primaryimage\"},\"image\":{\"@id\":\"https:\\\/\\\/www.accuratereviews.com\\\/it\\\/project-management-online-lista-software\\\/zoho-projects-recensione\\\/#primaryimage\"},\"thumbnailUrl\":\"https:\\\/\\\/www.accuratereviews.com\\\/wp-content\\\/uploads\\\/2019\\\/10\\\/zoho-projects1.jpg\",\"datePublished\":\"2019-10-03T13:14:16+00:00\",\"dateModified\":\"2020-12-09T16:06:58+00:00\",\"description\":\"Zoho Projects: recensione\u00a0software progettata per semplificare il processo di gestione del progetto dalla fase iniziale alla chiusura.\",\"breadcrumb\":{\"@id\":\"https:\\\/\\\/www.accuratereviews.com\\\/it\\\/project-management-online-lista-software\\\/zoho-projects-recensione\\\/#breadcrumb\"},\"inLanguage\":\"it-IT\",\"potentialAction\":[{\"@type\":\"ReadAction\",\"target\":[\"https:\\\/\\\/www.accuratereviews.com\\\/it\\\/project-management-online-lista-software\\\/zoho-projects-recensione\\\/\"]}]},{\"@type\":\"ImageObject\",\"inLanguage\":\"it-IT\",\"@id\":\"https:\\\/\\\/www.accuratereviews.com\\\/it\\\/project-management-online-lista-software\\\/zoho-projects-recensione\\\/#primaryimage\",\"url\":\"https:\\\/\\\/www.accuratereviews.com\\\/wp-content\\\/uploads\\\/2019\\\/10\\\/zoho-projects1.jpg\",\"contentUrl\":\"https:\\\/\\\/www.accuratereviews.com\\\/wp-content\\\/uploads\\\/2019\\\/10\\\/zoho-projects1.jpg\",\"width\":1089,\"height\":300},{\"@type\":\"BreadcrumbList\",\"@id\":\"https:\\\/\\\/www.accuratereviews.com\\\/it\\\/project-management-online-lista-software\\\/zoho-projects-recensione\\\/#breadcrumb\",\"itemListElement\":[{\"@type\":\"ListItem\",\"position\":1,\"name\":\"Home\",\"item\":\"https:\\\/\\\/www.accuratereviews.com\\\/it\\\/\"},{\"@type\":\"ListItem\",\"position\":2,\"name\":\"Project Management Online\",\"item\":\"https:\\\/\\\/www.accuratereviews.com\\\/it\\\/project-management-online-lista-software\\\/\"},{\"@type\":\"ListItem\",\"position\":3,\"name\":\"Zoho Projects\"}]},{\"@type\":\"WebSite\",\"@id\":\"https:\\\/\\\/www.accuratereviews.com\\\/it\\\/#website\",\"url\":\"https:\\\/\\\/www.accuratereviews.com\\\/it\\\/\",\"name\":\"Accurate Reviews\",\"description\":\"\",\"potentialAction\":[{\"@type\":\"SearchAction\",\"target\":{\"@type\":\"EntryPoint\",\"urlTemplate\":\"https:\\\/\\\/www.accuratereviews.com\\\/it\\\/?s={search_term_string}\"},\"query-input\":{\"@type\":\"PropertyValueSpecification\",\"valueRequired\":true,\"valueName\":\"search_term_string\"}}],\"inLanguage\":\"it-IT\"}]}<\/script>\n<!-- \/ Yoast SEO plugin. -->","yoast_head_json":{"title":"Zoho Projects: recensione software Project Management","description":"Zoho Projects: recensione\u00a0software progettata per semplificare il processo di gestione del progetto dalla fase iniziale alla chiusura.","robots":{"index":"index","follow":"follow","max-snippet":"max-snippet:-1","max-image-preview":"max-image-preview:large","max-video-preview":"max-video-preview:-1"},"canonical":"https:\/\/www.accuratereviews.com\/it\/project-management-online-lista-software\/zoho-projects-recensione\/","og_locale":"it_IT","og_type":"article","og_title":"Zoho Projects: recensione software Project Management","og_description":"Zoho Projects: recensione\u00a0software progettata per semplificare il processo di gestione del progetto dalla fase iniziale alla chiusura.","og_url":"https:\/\/www.accuratereviews.com\/it\/project-management-online-lista-software\/zoho-projects-recensione\/","og_site_name":"Accurate Reviews","article_modified_time":"2020-12-09T16:06:58+00:00","og_image":[{"width":1089,"height":300,"url":"https:\/\/www.accuratereviews.com\/wp-content\/uploads\/2019\/10\/zoho-projects1.jpg","type":"image\/jpeg"}],"twitter_card":"summary_large_image","twitter_misc":{"Tempo di lettura stimato":"5 minuti"},"schema":{"@context":"https:\/\/schema.org","@graph":[{"@type":"WebPage","@id":"https:\/\/www.accuratereviews.com\/it\/project-management-online-lista-software\/zoho-projects-recensione\/","url":"https:\/\/www.accuratereviews.com\/it\/project-management-online-lista-software\/zoho-projects-recensione\/","name":"Zoho Projects: recensione software Project Management","isPartOf":{"@id":"https:\/\/www.accuratereviews.com\/it\/#website"},"primaryImageOfPage":{"@id":"https:\/\/www.accuratereviews.com\/it\/project-management-online-lista-software\/zoho-projects-recensione\/#primaryimage"},"image":{"@id":"https:\/\/www.accuratereviews.com\/it\/project-management-online-lista-software\/zoho-projects-recensione\/#primaryimage"},"thumbnailUrl":"https:\/\/www.accuratereviews.com\/wp-content\/uploads\/2019\/10\/zoho-projects1.jpg","datePublished":"2019-10-03T13:14:16+00:00","dateModified":"2020-12-09T16:06:58+00:00","description":"Zoho Projects: recensione\u00a0software progettata per semplificare il processo di gestione del progetto dalla fase iniziale alla chiusura.","breadcrumb":{"@id":"https:\/\/www.accuratereviews.com\/it\/project-management-online-lista-software\/zoho-projects-recensione\/#breadcrumb"},"inLanguage":"it-IT","potentialAction":[{"@type":"ReadAction","target":["https:\/\/www.accuratereviews.com\/it\/project-management-online-lista-software\/zoho-projects-recensione\/"]}]},{"@type":"ImageObject","inLanguage":"it-IT","@id":"https:\/\/www.accuratereviews.com\/it\/project-management-online-lista-software\/zoho-projects-recensione\/#primaryimage","url":"https:\/\/www.accuratereviews.com\/wp-content\/uploads\/2019\/10\/zoho-projects1.jpg","contentUrl":"https:\/\/www.accuratereviews.com\/wp-content\/uploads\/2019\/10\/zoho-projects1.jpg","width":1089,"height":300},{"@type":"BreadcrumbList","@id":"https:\/\/www.accuratereviews.com\/it\/project-management-online-lista-software\/zoho-projects-recensione\/#breadcrumb","itemListElement":[{"@type":"ListItem","position":1,"name":"Home","item":"https:\/\/www.accuratereviews.com\/it\/"},{"@type":"ListItem","position":2,"name":"Project Management Online","item":"https:\/\/www.accuratereviews.com\/it\/project-management-online-lista-software\/"},{"@type":"ListItem","position":3,"name":"Zoho Projects"}]},{"@type":"WebSite","@id":"https:\/\/www.accuratereviews.com\/it\/#website","url":"https:\/\/www.accuratereviews.com\/it\/","name":"Accurate Reviews","description":"","potentialAction":[{"@type":"SearchAction","target":{"@type":"EntryPoint","urlTemplate":"https:\/\/www.accuratereviews.com\/it\/?s={search_term_string}"},"query-input":{"@type":"PropertyValueSpecification","valueRequired":true,"valueName":"search_term_string"}}],"inLanguage":"it-IT"}]}},"_links":{"self":[{"href":"https:\/\/www.accuratereviews.com\/it\/wp-json\/wp\/v2\/pages\/18724","targetHints":{"allow":["GET"]}}],"collection":[{"href":"https:\/\/www.accuratereviews.com\/it\/wp-json\/wp\/v2\/pages"}],"about":[{"href":"https:\/\/www.accuratereviews.com\/it\/wp-json\/wp\/v2\/types\/page"}],"author":[{"embeddable":true,"href":"https:\/\/www.accuratereviews.com\/it\/wp-json\/wp\/v2\/users\/19"}],"replies":[{"embeddable":true,"href":"https:\/\/www.accuratereviews.com\/it\/wp-json\/wp\/v2\/comments?post=18724"}],"version-history":[{"count":9,"href":"https:\/\/www.accuratereviews.com\/it\/wp-json\/wp\/v2\/pages\/18724\/revisions"}],"predecessor-version":[{"id":33607,"href":"https:\/\/www.accuratereviews.com\/it\/wp-json\/wp\/v2\/pages\/18724\/revisions\/33607"}],"up":[{"embeddable":true,"href":"https:\/\/www.accuratereviews.com\/it\/wp-json\/wp\/v2\/pages\/8333"}],"wp:featuredmedia":[{"embeddable":true,"href":"https:\/\/www.accuratereviews.com\/it\/wp-json\/wp\/v2\/media\/18809"}],"wp:attachment":[{"href":"https:\/\/www.accuratereviews.com\/it\/wp-json\/wp\/v2\/media?parent=18724"}],"wp:term":[{"taxonomy":"category","embeddable":true,"href":"https:\/\/www.accuratereviews.com\/it\/wp-json\/wp\/v2\/categories?post=18724"},{"taxonomy":"post_tag","embeddable":true,"href":"https:\/\/www.accuratereviews.com\/it\/wp-json\/wp\/v2\/tags?post=18724"},{"taxonomy":"features","embeddable":true,"href":"https:\/\/www.accuratereviews.com\/it\/wp-json\/wp\/v2\/features?post=18724"}],"curies":[{"name":"wp","href":"https:\/\/api.w.org\/{rel}","templated":true}]}}