{"id":18760,"date":"2019-10-02T15:29:05","date_gmt":"2019-10-02T15:29:05","guid":{"rendered":"https:\/\/www.accuratereviews.com\/?page_id=18760"},"modified":"2019-10-05T14:38:43","modified_gmt":"2019-10-05T14:38:43","slug":"validify-email-recensione","status":"publish","type":"page","link":"https:\/\/www.accuratereviews.com\/it\/client-di-posta\/validify-email-recensione\/","title":{"rendered":"Validify Email"},"content":{"rendered":"<p>La convalida dell&#8217;email \u00e8 parte integrante<strong> dell&#8217;email marketing<\/strong>. E per i nuovi arrivati \u200b\u200bquesta parte pu\u00f2 sembrare semplice perch\u00e9 sul mercato sono presenti moltissimi software per esegue controlli primari sulla sintassi e sull&#8217;indagine SMTP. Ma, se \u00e8 cos\u00ec semplice questo procedimento, perch\u00e9 ci sono cos\u00ec tanti servizi online che richiedono da $ 90 a $ 400 per verificare 100.000 email? Non \u00e8 affatto economico. Dicono che costi come un&#8217;ala di un jet. Questo perch\u00e9 il software pubblico esegue solo lavori nominali. Il processo di pulizia dell&#8217;elenco consiste in molti pi\u00f9 livelli di convalida e alcuni di essi si basano su un know-how pratico.<br \/>\nEcco qualcosa che non \u00e8 disponibile nel software di convalida dell&#8217;email pubblica:<br \/>\n&#8211; Verifica di spamtraps<br \/>\n&#8211; Verifica delle black list<br \/>\n&#8211; Verifica su CatchAll<br \/>\n&#8211; Verifica delle email usa e getta<br \/>\n&#8211; Verifica delle email basate sui ruoli<br \/>\n&#8211; Verifica dei record A e MX<br \/>\nInoltre, nessuno afferma che molti ESP restituiscano intenzionalmente informazioni errate tramite il probe SMTP! Pertanto, \u00e8 inutile controllare questi ESP utilizzando SMTP. Questo fatto stesso (anche se ignoriamo i punti sopra) annulla la razionalit\u00e0 dell&#8217;uso dei validatori SMTP pubblici.<br \/>\nMa, una buona notizia, una soluzione affidabile e conveniente per la pulizia della lista email c&#8217;e. Benvenuto in <strong>Validify.Email<\/strong><\/p>\n<h2>VALIDIFY EMAIL &#8211; TUTORIAL<\/h2>\n<div id=\"fluid-wrapper-counter-1\" class=\"g1-fluid-wrapper \" style=\"width:686px;\">\n<div style=\"padding-bottom:56.268221574344%;\"><iframe loading=\"lazy\" title=\"NEW EMAIL VERIFICATION METHOD 94% ACCURATE PROOF HUBCO AGREES  BEST EMAIL VERIFIER EVER!!\" width=\"515\" height=\"386\" src=\"https:\/\/www.youtube.com\/embed\/MxsWTyRDPvA?feature=oembed&amp;wmode=transparent&amp;autohide=1&amp;autoplay=0&amp;disablekb=0&amp;fs=1&amp;loop=0&amp;enablejsapi=1&amp;rel=0&amp;controls=2&amp;showinfo=0&amp;wmode=transparent&amp;autohide=2&amp;autoplay=0&amp;disablekb=0&amp;fs=1&amp;loop=0&amp;enablejsapi=1&amp;rel=0&amp;controls=2&amp;showinfo=1\" frameborder=\"0\" allow=\"accelerometer; autoplay; encrypted-media; gyroscope; picture-in-picture\" allowfullscreen><\/iframe><\/div>\n<\/div>\n<h3>VALIDIFY EMAIL &#8211; CARATTERISTICHE<\/h3>\n<ul>\n<li><strong>Convalide e-mail illimitate<\/strong><\/li>\n<li><strong>Gruppo Mastermind<\/strong>: chat di gruppo di email marketing con altri utenti che utilizzano questo programma<\/li>\n<li><strong>Supporto, correzioni e personalizzazioni rapidi<\/strong>: \u00a0il servizio clienti \u00e8 sempre presente \u00e8 come avere il proprio programmatore nel propio team<\/li>\n<\/ul>\n","protected":false},"excerpt":{"rendered":"<p>La convalida dell&#8217;email \u00e8 parte integrante dell&#8217;email marketing. E per i nuovi arrivati \u200b\u200bquesta parte pu\u00f2 sembrare semplice perch\u00e9 sul mercato sono presenti moltissimi software per esegue controlli primari sulla sintassi e sull&#8217;indagine SMTP.\u00a0Ma, se \u00e8 cos\u00ec semplice questo procedimento, perch\u00e9 ci sono cos\u00ec tanti servizi online che richiedono da $ 90 a $ 400 per verificare 100.000 email? Non \u00e8 affatto economico.<\/p>\n","protected":false},"author":19,"featured_media":0,"parent":5913,"menu_order":0,"comment_status":"open","ping_status":"closed","template":"g1_template_page_review_new.php","meta":{"_acf_changed":false,"cwp_meta_box_check":"No","cwp_rev_product_name":"","cwp_rev_product_image":"","wppr_links":[],"cwp_rev_price":"","wppr_options":[],"wppr_pros":[],"wppr_cons":[],"_monsterinsights_skip_tracking":false,"_monsterinsights_sitenote_active":false,"_monsterinsights_sitenote_note":"","_monsterinsights_sitenote_category":0,"footnotes":""},"categories":[104],"tags":[665,1345,1346],"features":[],"class_list":{"0":"post-18760","1":"page","2":"type-page","3":"status-publish","5":"category-email-verifier-it","6":"tag-email-marketing","7":"tag-validify-email","8":"tag-verifica-email"},"wppr_data":{"cwp_meta_box_check":"No"},"acf":[],"yoast_head":"<!-- This site is optimized with the Yoast SEO plugin v27.4 - https:\/\/yoast.com\/product\/yoast-seo-wordpress\/ -->\n<title>Validify Email: recensione software Email Verifier - Accurate Reviews<\/title>\n<meta name=\"description\" content=\"Validify Email: recensione software Email Verifier ideale per generare lead di grande impatto inviando email create per la tua azienda\" \/>\n<meta name=\"robots\" content=\"index, follow, max-snippet:-1, max-image-preview:large, max-video-preview:-1\" \/>\n<link rel=\"canonical\" href=\"https:\/\/www.accuratereviews.com\/it\/client-di-posta\/validify-email-recensione\/\" \/>\n<meta property=\"og:locale\" content=\"it_IT\" \/>\n<meta property=\"og:type\" content=\"article\" \/>\n<meta property=\"og:title\" content=\"Validify Email: recensione software Email Verifier - Accurate Reviews\" \/>\n<meta property=\"og:description\" content=\"Validify Email: recensione software Email Verifier ideale per generare lead di grande impatto inviando email create per la tua azienda\" \/>\n<meta property=\"og:url\" content=\"https:\/\/www.accuratereviews.com\/it\/client-di-posta\/validify-email-recensione\/\" \/>\n<meta property=\"og:site_name\" content=\"Accurate Reviews\" \/>\n<meta property=\"article:modified_time\" content=\"2019-10-05T14:38:43+00:00\" \/>\n<meta name=\"twitter:card\" content=\"summary_large_image\" \/>\n<meta name=\"twitter:label1\" content=\"Tempo di lettura stimato\" \/>\n\t<meta name=\"twitter:data1\" content=\"1 minuto\" \/>\n<script type=\"application\/ld+json\" class=\"yoast-schema-graph\">{\"@context\":\"https:\\\/\\\/schema.org\",\"@graph\":[{\"@type\":\"WebPage\",\"@id\":\"https:\\\/\\\/www.accuratereviews.com\\\/it\\\/client-di-posta\\\/validify-email-recensione\\\/\",\"url\":\"https:\\\/\\\/www.accuratereviews.com\\\/it\\\/client-di-posta\\\/validify-email-recensione\\\/\",\"name\":\"Validify Email: recensione software Email Verifier - Accurate Reviews\",\"isPartOf\":{\"@id\":\"https:\\\/\\\/www.accuratereviews.com\\\/it\\\/#website\"},\"datePublished\":\"2019-10-02T15:29:05+00:00\",\"dateModified\":\"2019-10-05T14:38:43+00:00\",\"description\":\"Validify Email: recensione software Email Verifier ideale per generare lead di grande impatto inviando email create per la tua azienda\",\"breadcrumb\":{\"@id\":\"https:\\\/\\\/www.accuratereviews.com\\\/it\\\/client-di-posta\\\/validify-email-recensione\\\/#breadcrumb\"},\"inLanguage\":\"it-IT\",\"potentialAction\":[{\"@type\":\"ReadAction\",\"target\":[\"https:\\\/\\\/www.accuratereviews.com\\\/it\\\/client-di-posta\\\/validify-email-recensione\\\/\"]}]},{\"@type\":\"BreadcrumbList\",\"@id\":\"https:\\\/\\\/www.accuratereviews.com\\\/it\\\/client-di-posta\\\/validify-email-recensione\\\/#breadcrumb\",\"itemListElement\":[{\"@type\":\"ListItem\",\"position\":1,\"name\":\"Home\",\"item\":\"https:\\\/\\\/www.accuratereviews.com\\\/it\\\/\"},{\"@type\":\"ListItem\",\"position\":2,\"name\":\"Client di posta\",\"item\":\"https:\\\/\\\/www.accuratereviews.com\\\/it\\\/client-di-posta\\\/\"},{\"@type\":\"ListItem\",\"position\":3,\"name\":\"Validify Email\"}]},{\"@type\":\"WebSite\",\"@id\":\"https:\\\/\\\/www.accuratereviews.com\\\/it\\\/#website\",\"url\":\"https:\\\/\\\/www.accuratereviews.com\\\/it\\\/\",\"name\":\"Accurate Reviews\",\"description\":\"\",\"potentialAction\":[{\"@type\":\"SearchAction\",\"target\":{\"@type\":\"EntryPoint\",\"urlTemplate\":\"https:\\\/\\\/www.accuratereviews.com\\\/it\\\/?s={search_term_string}\"},\"query-input\":{\"@type\":\"PropertyValueSpecification\",\"valueRequired\":true,\"valueName\":\"search_term_string\"}}],\"inLanguage\":\"it-IT\"}]}<\/script>\n<!-- \/ Yoast SEO plugin. -->","yoast_head_json":{"title":"Validify Email: recensione software Email Verifier - Accurate Reviews","description":"Validify Email: recensione software Email Verifier ideale per generare lead di grande impatto inviando email create per la tua azienda","robots":{"index":"index","follow":"follow","max-snippet":"max-snippet:-1","max-image-preview":"max-image-preview:large","max-video-preview":"max-video-preview:-1"},"canonical":"https:\/\/www.accuratereviews.com\/it\/client-di-posta\/validify-email-recensione\/","og_locale":"it_IT","og_type":"article","og_title":"Validify Email: recensione software Email Verifier - Accurate Reviews","og_description":"Validify Email: recensione software Email Verifier ideale per generare lead di grande impatto inviando email create per la tua azienda","og_url":"https:\/\/www.accuratereviews.com\/it\/client-di-posta\/validify-email-recensione\/","og_site_name":"Accurate Reviews","article_modified_time":"2019-10-05T14:38:43+00:00","twitter_card":"summary_large_image","twitter_misc":{"Tempo di lettura stimato":"1 minuto"},"schema":{"@context":"https:\/\/schema.org","@graph":[{"@type":"WebPage","@id":"https:\/\/www.accuratereviews.com\/it\/client-di-posta\/validify-email-recensione\/","url":"https:\/\/www.accuratereviews.com\/it\/client-di-posta\/validify-email-recensione\/","name":"Validify Email: recensione software Email Verifier - Accurate Reviews","isPartOf":{"@id":"https:\/\/www.accuratereviews.com\/it\/#website"},"datePublished":"2019-10-02T15:29:05+00:00","dateModified":"2019-10-05T14:38:43+00:00","description":"Validify Email: recensione software Email Verifier ideale per generare lead di grande impatto inviando email create per la tua azienda","breadcrumb":{"@id":"https:\/\/www.accuratereviews.com\/it\/client-di-posta\/validify-email-recensione\/#breadcrumb"},"inLanguage":"it-IT","potentialAction":[{"@type":"ReadAction","target":["https:\/\/www.accuratereviews.com\/it\/client-di-posta\/validify-email-recensione\/"]}]},{"@type":"BreadcrumbList","@id":"https:\/\/www.accuratereviews.com\/it\/client-di-posta\/validify-email-recensione\/#breadcrumb","itemListElement":[{"@type":"ListItem","position":1,"name":"Home","item":"https:\/\/www.accuratereviews.com\/it\/"},{"@type":"ListItem","position":2,"name":"Client di posta","item":"https:\/\/www.accuratereviews.com\/it\/client-di-posta\/"},{"@type":"ListItem","position":3,"name":"Validify Email"}]},{"@type":"WebSite","@id":"https:\/\/www.accuratereviews.com\/it\/#website","url":"https:\/\/www.accuratereviews.com\/it\/","name":"Accurate Reviews","description":"","potentialAction":[{"@type":"SearchAction","target":{"@type":"EntryPoint","urlTemplate":"https:\/\/www.accuratereviews.com\/it\/?s={search_term_string}"},"query-input":{"@type":"PropertyValueSpecification","valueRequired":true,"valueName":"search_term_string"}}],"inLanguage":"it-IT"}]}},"_links":{"self":[{"href":"https:\/\/www.accuratereviews.com\/it\/wp-json\/wp\/v2\/pages\/18760","targetHints":{"allow":["GET"]}}],"collection":[{"href":"https:\/\/www.accuratereviews.com\/it\/wp-json\/wp\/v2\/pages"}],"about":[{"href":"https:\/\/www.accuratereviews.com\/it\/wp-json\/wp\/v2\/types\/page"}],"author":[{"embeddable":true,"href":"https:\/\/www.accuratereviews.com\/it\/wp-json\/wp\/v2\/users\/19"}],"replies":[{"embeddable":true,"href":"https:\/\/www.accuratereviews.com\/it\/wp-json\/wp\/v2\/comments?post=18760"}],"version-history":[{"count":9,"href":"https:\/\/www.accuratereviews.com\/it\/wp-json\/wp\/v2\/pages\/18760\/revisions"}],"predecessor-version":[{"id":18889,"href":"https:\/\/www.accuratereviews.com\/it\/wp-json\/wp\/v2\/pages\/18760\/revisions\/18889"}],"up":[{"embeddable":true,"href":"https:\/\/www.accuratereviews.com\/it\/wp-json\/wp\/v2\/pages\/5913"}],"wp:attachment":[{"href":"https:\/\/www.accuratereviews.com\/it\/wp-json\/wp\/v2\/media?parent=18760"}],"wp:term":[{"taxonomy":"category","embeddable":true,"href":"https:\/\/www.accuratereviews.com\/it\/wp-json\/wp\/v2\/categories?post=18760"},{"taxonomy":"post_tag","embeddable":true,"href":"https:\/\/www.accuratereviews.com\/it\/wp-json\/wp\/v2\/tags?post=18760"},{"taxonomy":"features","embeddable":true,"href":"https:\/\/www.accuratereviews.com\/it\/wp-json\/wp\/v2\/features?post=18760"}],"curies":[{"name":"wp","href":"https:\/\/api.w.org\/{rel}","templated":true}]}}