{"id":18774,"date":"2019-10-02T15:33:04","date_gmt":"2019-10-02T15:33:04","guid":{"rendered":"https:\/\/www.accuratereviews.com\/?page_id=18774"},"modified":"2020-12-09T16:56:09","modified_gmt":"2020-12-09T16:56:09","slug":"quick-base-recensione","status":"publish","type":"page","link":"https:\/\/www.accuratereviews.com\/it\/project-management-online-lista-software\/quick-base-recensione\/","title":{"rendered":"Quick Base"},"content":{"rendered":"<p><strong>Quick Base<\/strong> \u00e8 un programma davvero utile a quei <strong>team c<\/strong>he necessitano una migliore organizzazione del lavoro e una buona <strong>gestione dei progetti<\/strong> a cui lavorano. Si tratta di una piattaforma online molto flessibile che ti permette di personalizzarla a seconda delle tue esigenze cos\u00ec da renderla unica. Sfrutta la <strong>funzionalit\u00e0 cloud<\/strong> quindi puoi utilizzarla in qualsiasi momento e in qualsiasi posto ti trovi, purch\u00e9 ci sia una connessione Internet. \u00c8 ricca di funzionalit\u00e0 che ti aiutano ad assegnare le attivit\u00e0, a <strong>generare report<\/strong> approfonditi sui progetti, a comprendere quanto tempo manca per terminare un programma e ad automatizzare i flussi di lavoro, risparmiando molto tempo.<\/p>\n<h2>PRIMI PASSI CON QUICK BASE &#8211; TUTORIAL<\/h2>\n<p>Ecco un video che ci mostrer\u00e0 come funziona questo software:<\/p>\n<div id=\"fluid-wrapper-counter-1\" class=\"g1-fluid-wrapper \" style=\"width:686px;\">\n<div style=\"padding-bottom:56.268221574344%;\"><iframe loading=\"lazy\" title=\"Getting Started with Quick Base\" width=\"686\" height=\"386\" src=\"https:\/\/www.youtube.com\/embed\/lLadlmBoiF4?feature=oembed&amp;wmode=transparent&amp;autohide=1&amp;autoplay=0&amp;disablekb=0&amp;fs=1&amp;loop=0&amp;enablejsapi=1&amp;rel=0&amp;controls=2&amp;showinfo=0&amp;wmode=transparent&amp;autohide=2&amp;autoplay=0&amp;disablekb=0&amp;fs=1&amp;loop=0&amp;enablejsapi=1&amp;rel=0&amp;controls=2&amp;showinfo=1\" frameborder=\"0\" allow=\"accelerometer; autoplay; encrypted-media; gyroscope; picture-in-picture\" allowfullscreen><\/iframe><\/div>\n<\/div>\n<h3>QUICK BASE &#8211; CARATTERISTICHE<\/h3>\n<p>Di seguito le principali caratteristiche:<\/p>\n<p>&nbsp;<\/p>\n<ul>\n<li><strong>Ottimizzazione del flusso di lavoro<\/strong>: ottieni di pi\u00f9 con meno sforzi e risparmiando molto pi\u00f9 tempo<\/li>\n<li><strong>Unico database<\/strong>: centralizza le tue informazioni connettendo diversi sistemi in uno unico<\/li>\n<li><strong>Collaborazione con il team<\/strong>: collabora e lavora in modo armonioso con il tuo team instaurando un vero e proprio &#8220;lavoro di squadra&#8221;<\/li>\n<li><strong>Modelli personalizzabili<\/strong>: personalizza a tuo modo i flussi di lavoro, i moduli, i campi, le tabelle, i report, i dashboard ecc.<\/li>\n<li><strong>Integrazioni<\/strong>: connettiti alle app cloud pi\u00f9 diffuse come Zendesk e Salesforce<\/li>\n<li><strong>Sistema di reportistica<\/strong>: fornisci report potenti e approfondimenti tempestivi per avere tutto sotto controllo.<\/li>\n<\/ul>\n<h3>LE RECENSIONI DEGLI UTENTI<\/h3>\n<ul>\n<li><strong>&#8220;Buona idea ma potrebbe essere migliorata&#8221;<\/strong><br \/>\nIN GENERALE: \u00c8 un buon servizio ma penso che ci sia molto da migliorare. Vedo le aziende passare a pi\u00f9 sistemi\/software che integrano la base e il servizio ora in un&#8217;applicazione risulta pi\u00f9 facile da usare.<br \/>\nPRO: una volta capito, \u00e8 stato facile da usare. \u00c8 fantastico essere in grado di impostare tempistiche per ciascun progetto e essere in grado di implementare modelli aiuta a velocizzare il processo.<br \/>\nCONTRO: questo software manca di molte funzionalit\u00e0 che dovrebbero essere integrate e contattare il supporto pu\u00f2 essere una seccatura. Questo software sarebbe l&#8217;ideale se si intrecciassero pi\u00f9 aspetti che consentirebbero agli utenti di inviare informazioni ad altri e consentire ad altri utenti di accedere a funzionalit\u00e0 e tempi. Abbiamo dovuto stampare ogni modulo e allegarlo, molto vecchia scuola e richiedeva tempo.<\/li>\n<li><strong>&#8220;Strumento eccellente, ma le licenze e i prezzi lo rendono meno onnipresente&#8221;<\/strong><br \/>\nPRO: QuickBase \u00e8 uno strumento incredibile per modellare i processi aziendali. L&#8217;ho usato per tutto, dai piccoli elenchi TODO, dove uno strumento come Asana \u00e8 eccessivo, all&#8217;esecuzione dell&#8217;inventario e del processo di approvvigionamento per le aziende Fortune 500. Il punto debole, tuttavia, sta fornendo un modo per i piccoli team di personalizzare i loro processi aziendali. Per questo, \u00e8 uno strumento incredibilmente prezioso.<br \/>\nCONTRO: i prezzi e le licenze rendono difficile iniziare. Questo \u00e8 uno strumento che trarrebbe beneficio da un grande negozio di app. Come una connessione ad Asana o Trello, la capacit\u00e0 di inviare le coordinate GPS da un cellulare (per operazioni di assistenza sul campo), ecc. \u00c8 difficile iniziare a svilupparle perch\u00e9 non dispongono di account sviluppatore e il periodo di prova dura solo 30 giorni .<\/li>\n<li><strong>&#8220;La nostra soluzione di database&#8221;<\/strong><br \/>\nIN GENERALE: Il software ha automatizzato cos\u00ec tanto lavoro attraverso le funzionalit\u00e0 di reportistica facendoci risparmiare un sacco di tempo e persino crea una pianificazione automatica da eseguire e inviare i report via e-mail a seconda della necessit\u00e0.<br \/>\nPRO: il programma \u00e8 molto flessibile e ti consente essenzialmente di creare un database che gestir\u00e0 quasi tutto ci\u00f2 di cui hai bisogno e che cresca anche su scala con il tuo business. L&#8217;utilizzo dei fogli di calcolo ha molti passi avanti e ci ha aiutato ad automatizzare molte attivit\u00e0 attraverso le funzionalit\u00e0 dei report.<br \/>\nCONTRO: il programma non \u00e8 intuitivo da usare e sembra che non venga fornito un supporto reale reale per aiutarti dopo la configurazione iniziale. Anche il costo \u00e8 aumentato per noi e non sono sicuro di ritenere che il valore si adatti al costo &#8230; ma \u00e8 la migliore soluzione che posso trovare sul mercato in questo momento.<\/li>\n<\/ul>\n","protected":false},"excerpt":{"rendered":"<p>Quick Base \u00e8 un programma davvero utile a quei team che necessitano una migliore organizzazione del lavoro e una buona gestione dei progetti a cui lavorano. Si tratta di una piattaforma online molto flessibile che ti permette di personalizzarla a seconda delle tue esigenze cos\u00ec da renderla unica.<\/p>\n","protected":false},"author":17,"featured_media":18776,"parent":8333,"menu_order":0,"comment_status":"open","ping_status":"closed","template":"g1_template_page_review_new.php","meta":{"_acf_changed":false,"cwp_meta_box_check":"Yes","cwp_rev_product_name":"","cwp_rev_product_image":"","wppr_links":[],"cwp_rev_price":"","wppr_options":[],"wppr_pros":[],"wppr_cons":[],"_monsterinsights_skip_tracking":false,"_monsterinsights_sitenote_active":false,"_monsterinsights_sitenote_note":"","_monsterinsights_sitenote_category":0,"footnotes":""},"categories":[172],"tags":[1324,1316,1314,1330],"features":[],"class_list":{"0":"post-18774","1":"page","2":"type-page","3":"status-publish","4":"has-post-thumbnail","6":"category-online-project-management-it","7":"tag-gestione-dei-progetti","8":"tag-online-project-management","9":"tag-project-management-software","10":"tag-project-manager"},"wppr_data":{"cwp_meta_box_check":"Yes","cwp_rev_product_name":"","cwp_rev_product_image":"","cwp_image_link":"image","cwp_rev_price":"","wppr_rating":"0.00"},"acf":[],"yoast_head":"<!-- This site is optimized with the Yoast SEO plugin v27.4 - https:\/\/yoast.com\/product\/yoast-seo-wordpress\/ -->\n<title>Quick Base: recensione programma gestione progetti - Accurate Reviews<\/title>\n<meta name=\"description\" content=\"Quick Base: recensione del progamma utile ai team che necessitano una migliore organizzazione del lavoro e una buona gestione dei progetti a cui lavorano.\" \/>\n<meta name=\"robots\" content=\"index, follow, max-snippet:-1, max-image-preview:large, max-video-preview:-1\" \/>\n<link rel=\"canonical\" href=\"https:\/\/www.accuratereviews.com\/it\/project-management-online-lista-software\/quick-base-recensione\/\" \/>\n<meta property=\"og:locale\" content=\"it_IT\" \/>\n<meta property=\"og:type\" content=\"article\" \/>\n<meta property=\"og:title\" content=\"Quick Base: recensione programma gestione progetti - Accurate Reviews\" \/>\n<meta property=\"og:description\" content=\"Quick Base: recensione del progamma utile ai team che necessitano una migliore organizzazione del lavoro e una buona gestione dei progetti a cui lavorano.\" \/>\n<meta property=\"og:url\" content=\"https:\/\/www.accuratereviews.com\/it\/project-management-online-lista-software\/quick-base-recensione\/\" \/>\n<meta property=\"og:site_name\" content=\"Accurate Reviews\" \/>\n<meta property=\"article:modified_time\" content=\"2020-12-09T16:56:09+00:00\" \/>\n<meta property=\"og:image\" content=\"https:\/\/www.accuratereviews.com\/wp-content\/uploads\/2019\/10\/459741-quick-base-logo.jpg\" \/>\n\t<meta property=\"og:image:width\" content=\"333\" \/>\n\t<meta property=\"og:image:height\" content=\"187\" \/>\n\t<meta property=\"og:image:type\" content=\"image\/jpeg\" \/>\n<meta name=\"twitter:card\" content=\"summary_large_image\" \/>\n<meta name=\"twitter:label1\" content=\"Tempo di lettura stimato\" \/>\n\t<meta name=\"twitter:data1\" content=\"3 minuti\" \/>\n<script type=\"application\/ld+json\" class=\"yoast-schema-graph\">{\"@context\":\"https:\\\/\\\/schema.org\",\"@graph\":[{\"@type\":\"WebPage\",\"@id\":\"https:\\\/\\\/www.accuratereviews.com\\\/it\\\/project-management-online-lista-software\\\/quick-base-recensione\\\/\",\"url\":\"https:\\\/\\\/www.accuratereviews.com\\\/it\\\/project-management-online-lista-software\\\/quick-base-recensione\\\/\",\"name\":\"Quick Base: recensione programma gestione progetti - Accurate Reviews\",\"isPartOf\":{\"@id\":\"https:\\\/\\\/www.accuratereviews.com\\\/it\\\/#website\"},\"primaryImageOfPage\":{\"@id\":\"https:\\\/\\\/www.accuratereviews.com\\\/it\\\/project-management-online-lista-software\\\/quick-base-recensione\\\/#primaryimage\"},\"image\":{\"@id\":\"https:\\\/\\\/www.accuratereviews.com\\\/it\\\/project-management-online-lista-software\\\/quick-base-recensione\\\/#primaryimage\"},\"thumbnailUrl\":\"https:\\\/\\\/www.accuratereviews.com\\\/wp-content\\\/uploads\\\/2019\\\/10\\\/459741-quick-base-logo.jpg\",\"datePublished\":\"2019-10-02T15:33:04+00:00\",\"dateModified\":\"2020-12-09T16:56:09+00:00\",\"description\":\"Quick Base: recensione del progamma utile ai team che necessitano una migliore organizzazione del lavoro e una buona gestione dei progetti a cui lavorano.\",\"breadcrumb\":{\"@id\":\"https:\\\/\\\/www.accuratereviews.com\\\/it\\\/project-management-online-lista-software\\\/quick-base-recensione\\\/#breadcrumb\"},\"inLanguage\":\"it-IT\",\"potentialAction\":[{\"@type\":\"ReadAction\",\"target\":[\"https:\\\/\\\/www.accuratereviews.com\\\/it\\\/project-management-online-lista-software\\\/quick-base-recensione\\\/\"]}]},{\"@type\":\"ImageObject\",\"inLanguage\":\"it-IT\",\"@id\":\"https:\\\/\\\/www.accuratereviews.com\\\/it\\\/project-management-online-lista-software\\\/quick-base-recensione\\\/#primaryimage\",\"url\":\"https:\\\/\\\/www.accuratereviews.com\\\/wp-content\\\/uploads\\\/2019\\\/10\\\/459741-quick-base-logo.jpg\",\"contentUrl\":\"https:\\\/\\\/www.accuratereviews.com\\\/wp-content\\\/uploads\\\/2019\\\/10\\\/459741-quick-base-logo.jpg\",\"width\":333,\"height\":187},{\"@type\":\"BreadcrumbList\",\"@id\":\"https:\\\/\\\/www.accuratereviews.com\\\/it\\\/project-management-online-lista-software\\\/quick-base-recensione\\\/#breadcrumb\",\"itemListElement\":[{\"@type\":\"ListItem\",\"position\":1,\"name\":\"Home\",\"item\":\"https:\\\/\\\/www.accuratereviews.com\\\/it\\\/\"},{\"@type\":\"ListItem\",\"position\":2,\"name\":\"Project Management Online\",\"item\":\"https:\\\/\\\/www.accuratereviews.com\\\/it\\\/project-management-online-lista-software\\\/\"},{\"@type\":\"ListItem\",\"position\":3,\"name\":\"Quick Base\"}]},{\"@type\":\"WebSite\",\"@id\":\"https:\\\/\\\/www.accuratereviews.com\\\/it\\\/#website\",\"url\":\"https:\\\/\\\/www.accuratereviews.com\\\/it\\\/\",\"name\":\"Accurate Reviews\",\"description\":\"\",\"potentialAction\":[{\"@type\":\"SearchAction\",\"target\":{\"@type\":\"EntryPoint\",\"urlTemplate\":\"https:\\\/\\\/www.accuratereviews.com\\\/it\\\/?s={search_term_string}\"},\"query-input\":{\"@type\":\"PropertyValueSpecification\",\"valueRequired\":true,\"valueName\":\"search_term_string\"}}],\"inLanguage\":\"it-IT\"}]}<\/script>\n<!-- \/ Yoast SEO plugin. -->","yoast_head_json":{"title":"Quick Base: recensione programma gestione progetti - Accurate Reviews","description":"Quick Base: recensione del progamma utile ai team che necessitano una migliore organizzazione del lavoro e una buona gestione dei progetti a cui lavorano.","robots":{"index":"index","follow":"follow","max-snippet":"max-snippet:-1","max-image-preview":"max-image-preview:large","max-video-preview":"max-video-preview:-1"},"canonical":"https:\/\/www.accuratereviews.com\/it\/project-management-online-lista-software\/quick-base-recensione\/","og_locale":"it_IT","og_type":"article","og_title":"Quick Base: recensione programma gestione progetti - Accurate Reviews","og_description":"Quick Base: recensione del progamma utile ai team che necessitano una migliore organizzazione del lavoro e una buona gestione dei progetti a cui lavorano.","og_url":"https:\/\/www.accuratereviews.com\/it\/project-management-online-lista-software\/quick-base-recensione\/","og_site_name":"Accurate Reviews","article_modified_time":"2020-12-09T16:56:09+00:00","og_image":[{"width":333,"height":187,"url":"https:\/\/www.accuratereviews.com\/wp-content\/uploads\/2019\/10\/459741-quick-base-logo.jpg","type":"image\/jpeg"}],"twitter_card":"summary_large_image","twitter_misc":{"Tempo di lettura stimato":"3 minuti"},"schema":{"@context":"https:\/\/schema.org","@graph":[{"@type":"WebPage","@id":"https:\/\/www.accuratereviews.com\/it\/project-management-online-lista-software\/quick-base-recensione\/","url":"https:\/\/www.accuratereviews.com\/it\/project-management-online-lista-software\/quick-base-recensione\/","name":"Quick Base: recensione programma gestione progetti - Accurate Reviews","isPartOf":{"@id":"https:\/\/www.accuratereviews.com\/it\/#website"},"primaryImageOfPage":{"@id":"https:\/\/www.accuratereviews.com\/it\/project-management-online-lista-software\/quick-base-recensione\/#primaryimage"},"image":{"@id":"https:\/\/www.accuratereviews.com\/it\/project-management-online-lista-software\/quick-base-recensione\/#primaryimage"},"thumbnailUrl":"https:\/\/www.accuratereviews.com\/wp-content\/uploads\/2019\/10\/459741-quick-base-logo.jpg","datePublished":"2019-10-02T15:33:04+00:00","dateModified":"2020-12-09T16:56:09+00:00","description":"Quick Base: recensione del progamma utile ai team che necessitano una migliore organizzazione del lavoro e una buona gestione dei progetti a cui lavorano.","breadcrumb":{"@id":"https:\/\/www.accuratereviews.com\/it\/project-management-online-lista-software\/quick-base-recensione\/#breadcrumb"},"inLanguage":"it-IT","potentialAction":[{"@type":"ReadAction","target":["https:\/\/www.accuratereviews.com\/it\/project-management-online-lista-software\/quick-base-recensione\/"]}]},{"@type":"ImageObject","inLanguage":"it-IT","@id":"https:\/\/www.accuratereviews.com\/it\/project-management-online-lista-software\/quick-base-recensione\/#primaryimage","url":"https:\/\/www.accuratereviews.com\/wp-content\/uploads\/2019\/10\/459741-quick-base-logo.jpg","contentUrl":"https:\/\/www.accuratereviews.com\/wp-content\/uploads\/2019\/10\/459741-quick-base-logo.jpg","width":333,"height":187},{"@type":"BreadcrumbList","@id":"https:\/\/www.accuratereviews.com\/it\/project-management-online-lista-software\/quick-base-recensione\/#breadcrumb","itemListElement":[{"@type":"ListItem","position":1,"name":"Home","item":"https:\/\/www.accuratereviews.com\/it\/"},{"@type":"ListItem","position":2,"name":"Project Management Online","item":"https:\/\/www.accuratereviews.com\/it\/project-management-online-lista-software\/"},{"@type":"ListItem","position":3,"name":"Quick Base"}]},{"@type":"WebSite","@id":"https:\/\/www.accuratereviews.com\/it\/#website","url":"https:\/\/www.accuratereviews.com\/it\/","name":"Accurate Reviews","description":"","potentialAction":[{"@type":"SearchAction","target":{"@type":"EntryPoint","urlTemplate":"https:\/\/www.accuratereviews.com\/it\/?s={search_term_string}"},"query-input":{"@type":"PropertyValueSpecification","valueRequired":true,"valueName":"search_term_string"}}],"inLanguage":"it-IT"}]}},"_links":{"self":[{"href":"https:\/\/www.accuratereviews.com\/it\/wp-json\/wp\/v2\/pages\/18774","targetHints":{"allow":["GET"]}}],"collection":[{"href":"https:\/\/www.accuratereviews.com\/it\/wp-json\/wp\/v2\/pages"}],"about":[{"href":"https:\/\/www.accuratereviews.com\/it\/wp-json\/wp\/v2\/types\/page"}],"author":[{"embeddable":true,"href":"https:\/\/www.accuratereviews.com\/it\/wp-json\/wp\/v2\/users\/17"}],"replies":[{"embeddable":true,"href":"https:\/\/www.accuratereviews.com\/it\/wp-json\/wp\/v2\/comments?post=18774"}],"version-history":[{"count":2,"href":"https:\/\/www.accuratereviews.com\/it\/wp-json\/wp\/v2\/pages\/18774\/revisions"}],"predecessor-version":[{"id":33628,"href":"https:\/\/www.accuratereviews.com\/it\/wp-json\/wp\/v2\/pages\/18774\/revisions\/33628"}],"up":[{"embeddable":true,"href":"https:\/\/www.accuratereviews.com\/it\/wp-json\/wp\/v2\/pages\/8333"}],"wp:featuredmedia":[{"embeddable":true,"href":"https:\/\/www.accuratereviews.com\/it\/wp-json\/wp\/v2\/media\/18776"}],"wp:attachment":[{"href":"https:\/\/www.accuratereviews.com\/it\/wp-json\/wp\/v2\/media?parent=18774"}],"wp:term":[{"taxonomy":"category","embeddable":true,"href":"https:\/\/www.accuratereviews.com\/it\/wp-json\/wp\/v2\/categories?post=18774"},{"taxonomy":"post_tag","embeddable":true,"href":"https:\/\/www.accuratereviews.com\/it\/wp-json\/wp\/v2\/tags?post=18774"},{"taxonomy":"features","embeddable":true,"href":"https:\/\/www.accuratereviews.com\/it\/wp-json\/wp\/v2\/features?post=18774"}],"curies":[{"name":"wp","href":"https:\/\/api.w.org\/{rel}","templated":true}]}}