{"id":18806,"date":"2019-10-03T12:24:21","date_gmt":"2019-10-03T12:24:21","guid":{"rendered":"https:\/\/www.accuratereviews.com\/?page_id=18806"},"modified":"2019-10-03T12:24:21","modified_gmt":"2019-10-03T12:24:21","slug":"proworkflow-recensione","status":"publish","type":"page","link":"https:\/\/www.accuratereviews.com\/it\/project-management-online-lista-software\/proworkflow-recensione\/","title":{"rendered":"ProWorkflow"},"content":{"rendered":"<p><strong>ProWorkflow<\/strong> \u00e8 un software che permette a te e al tuo team lavorativo di <strong>migliorare la gestione dei progetti e di ottimizzare il flusso di lavoro.<\/strong> Si tratta di una piattaforma online che ti aiuta a tenere traccia delle attivit\u00e0, dei programmi, degli orari, delle scadenze e ti consente di <strong>collaborare con i tuoi clienti e colleghi<\/strong> in modo semplice ed efficiente. Questo strumento semplifica ogni processo quotidiano come il monitoraggio dei tempi, la <strong>programmazione dei progetti<\/strong>, l&#8217;assegnazione del personale, la fatturazione e molto altro. Inoltre si integra perfettamente con moltissime applicazioni che utilizzi quotidianamente come Dropbox, Google Drive, FreshBooks, Zapier e altre ancora.<\/p>\n<h2>COME FUNZIONA PROWORKFLOW &#8211; TUTORIAL<\/h2>\n<p>Ecco un video introduttivo del programma\u00a0in questione:<\/p>\n<div id=\"fluid-wrapper-counter-1\" class=\"g1-fluid-wrapper \" style=\"width:686px;\">\n<div style=\"padding-bottom:56.268221574344%;\"><iframe loading=\"lazy\" title=\"Webinar: Introduction To ProWorkflow\" width=\"686\" height=\"386\" src=\"https:\/\/www.youtube.com\/embed\/SxYCvnV7azI?feature=oembed&amp;wmode=transparent&amp;autohide=1&amp;autoplay=0&amp;disablekb=0&amp;fs=1&amp;loop=0&amp;enablejsapi=1&amp;rel=0&amp;controls=2&amp;showinfo=0&amp;wmode=transparent&amp;autohide=2&amp;autoplay=0&amp;disablekb=0&amp;fs=1&amp;loop=0&amp;enablejsapi=1&amp;rel=0&amp;controls=2&amp;showinfo=1\" frameborder=\"0\" allow=\"accelerometer; autoplay; encrypted-media; gyroscope; picture-in-picture\" allowfullscreen><\/iframe><\/div>\n<\/div>\n<h3>PROWORKFLOW &#8211; CARATTERISTICHE<\/h3>\n<p>Di seguito le sue principali caratteristiche:<\/p>\n<ul>\n<li><strong>Dashboard<\/strong>: ottieni una panoramica del carico di lavoro e delle priorit\u00e0<\/li>\n<li><strong>Sequenza temporale<\/strong>: revisiona e riprogramma i progetti con un clic<\/li>\n<li><strong>Versione mobile<\/strong>: tieni traccia del tempo, completa le attivit\u00e0 e comunica anche dal tuo smartphone e tablet<\/li>\n<li><strong>Collaborazione<\/strong>: collabora con colleghi, clienti e appaltatori<\/li>\n<li><strong>API<\/strong>: estendi e integra ProWorkflow con la nostra potente API.<\/li>\n<li><strong>Pianificazione e gestione progetti<\/strong>: definisci dettagli, compiti, tempo e comunicazioni riguardanti il progetto a cui stai lavorando<\/li>\n<li><strong>Gestione dei compiti<\/strong>: crea e gestisci i compiti in modo semplice e flessibile<\/li>\n<li><strong>Sistema di reportistica<\/strong>: ottieni report dettagliati per avere sempre la situazione sotto controllo<\/li>\n<li><strong>Ottimizzazione del flusso di lavoro<\/strong>: organizza tutto in categorie, viste e raggruppamenti personalizzati in base alle tue esigenze<\/li>\n<li><strong>Gestione delle risorse<\/strong>: organizza le tue attivit\u00e0 e gestisci il carico di lavoro del tuo team aziendale<\/li>\n<li><strong>Gestore fatture e preventivi<\/strong>: puoi utilizzare anche il plug-in opzionale per la gestione della fatturazione<\/li>\n<li><strong>Comunicazione e condivisione di file<\/strong>: comunica tramite email e condividi file con chiunque.<\/li>\n<\/ul>\n<h3>LE RECENSIONI DEGLI UTENTI<\/h3>\n<ul>\n<li><strong>&#8220;Revisione del flusso di lavoro professionale&#8221;<\/strong><br \/>\nIN GENERALE: PWF \u00e8 stato prezioso per il nostro team per l&#8217;organizzazione del flusso di lavoro, la gestione dei progetti e infine il salvataggio e la condivisione dei file. La creazione automatica dei numeri dei nostri lavori in sequenza con le nostre correzioni personalizzate \u00e8 stata estremamente utile.<br \/>\nPRO: Pro Work Flow \u00e8 molto facile da usare. Per addestrare i nuovi utenti \u00e8 necessario pochissimo tempo di amministrazione. \u00c8 stato molto affidabile e in passato ha avuto solo problemi minori. Il servizio clienti \u00e8 stato eccellente, anche con la differenza di orario.<br \/>\nCONTRO: Non c&#8217;\u00e8 davvero molto che non mi piace di Pro Work Flow. L&#8217;unica cosa che pu\u00f2 essere migliorata sono le funzioni di reportistica, in particolare sul sistema operativo MAC. \u00c8 molto facile da usare per ottenere ci\u00f2 di cui hai bisogno.<\/li>\n<li><strong>&#8220;ProWorkflow ci assiste nella gestione del nostro flusso di lavoro&#8221;<\/strong><br \/>\nIN GENERALE: Uno dei grandi problemi che siamo stati in grado di risolvere \u00e8 la comunicazione tra clienti, personale e supervisori. Tutta la comunicazione \u00e8 memorizzata in un unico posto e in ordine sequenziale. Questo interrompe molto la ricerca di e-mail.<br \/>\nPRO: Mi piace l&#8217;integrazione di ci\u00f2 che i clienti vedono, lo staff vede e ci\u00f2 che vedo. La panoramica di tutto quello che fanno i colleghi, i clienti e di come sta avanzano il lavoro. Mi piace anche la possibilit\u00e0 di tenere traccia e registrare il tempo impiegato dalle attivit\u00e0. \u00c8 molto utile per la pianificazione futura.<br \/>\nCONTRO: Vorrei che non ci fossero restrizioni sulla dimensione del file per il caricamento su ProWorkflow. Molti dei nostri file client sono pi\u00f9 grandi del limite e dobbiamo trovare una soluzione.<\/li>\n<li><strong>&#8220;Pianificazione semplificata&#8221;<\/strong><br \/>\nIN GENERALE: Proworkflow \u00e8 un&#8217;ottima soluzione pronta all&#8217;uso. Ci sono alcune soluzioni alternative che dobbiamo implementare per farlo funzionare per noi, ma \u00e8 una parte fondamentale dei nostri processi aziendali che funzionano senza intoppi. Lo consiglierei sicuramente ad altri!<br \/>\nPRO: Questo ci consente di vedere i nostri lavori e i dipendenti assegnati a colpo d&#8217;occhio. Tutto il nostro team lo utilizza come strumento principale per programmare il lavoro per la settimana, controllare le attivit\u00e0 e mantenere il nostro servizio clienti puntuale.<br \/>\nCONTRO: i report non sono i migliori. Mi piacerebbe poter vedere pi\u00f9 facilmente le ore programmate per persona in un dato giorno (in questo momento devo calcolarlo manualmente perch\u00e9 il rapporto non \u00e8 accurato). Questo rende il nostro programma di produzione pi\u00f9 lento perch\u00e9 impiega MOLTO pi\u00f9 tempo.<\/li>\n<\/ul>\n","protected":false},"excerpt":{"rendered":"<p>ProWorkflow \u00e8 un software che permette a te e al tuo team lavorativo di migliorare la gestione dei progetti e di ottimizzare il flusso di lavoro. Si tratta di una piattaforma online che ti aiuta a tenere traccia delle attivit\u00e0, dei programmi, degli orari, delle scadenze e ti consente di collaborare con i tuoi clienti e colleghi in modo semplice ed efficiente.<\/p>\n","protected":false},"author":17,"featured_media":18812,"parent":8333,"menu_order":0,"comment_status":"open","ping_status":"closed","template":"g1_template_page_review_new.php","meta":{"_acf_changed":false,"cwp_meta_box_check":"Yes","cwp_rev_product_name":"","cwp_rev_product_image":"","wppr_links":[],"cwp_rev_price":"","wppr_options":[],"wppr_pros":[],"wppr_cons":[],"_monsterinsights_skip_tracking":false,"_monsterinsights_sitenote_active":false,"_monsterinsights_sitenote_note":"","_monsterinsights_sitenote_category":0,"footnotes":""},"categories":[172],"tags":[1315,1316,1314,1330],"features":[],"class_list":{"0":"post-18806","1":"page","2":"type-page","3":"status-publish","4":"has-post-thumbnail","6":"category-online-project-management-it","7":"tag-gestione-progetti","8":"tag-online-project-management","9":"tag-project-management-software","10":"tag-project-manager"},"wppr_data":{"cwp_meta_box_check":"Yes","cwp_rev_product_name":"","cwp_rev_product_image":"","cwp_image_link":"image","cwp_rev_price":"","wppr_rating":"0.00"},"acf":[],"yoast_head":"<!-- This site is optimized with the Yoast SEO plugin v27.4 - https:\/\/yoast.com\/product\/yoast-seo-wordpress\/ -->\n<title>ProWorkflow: recensione programma gestione progetti - Accurate Reviews<\/title>\n<meta name=\"description\" content=\"ProWorkflow: recensione del software che permette a te e al tuo team lavorativo di migliorare la gestione dei progetti e di ottimizzare il flusso di lavoro.\" \/>\n<meta name=\"robots\" content=\"index, follow, max-snippet:-1, max-image-preview:large, max-video-preview:-1\" \/>\n<link rel=\"canonical\" href=\"https:\/\/www.accuratereviews.com\/it\/project-management-online-lista-software\/proworkflow-recensione\/\" \/>\n<meta property=\"og:locale\" content=\"it_IT\" \/>\n<meta property=\"og:type\" content=\"article\" \/>\n<meta property=\"og:title\" content=\"ProWorkflow: recensione programma gestione progetti - Accurate Reviews\" \/>\n<meta property=\"og:description\" content=\"ProWorkflow: recensione del software che permette a te e al tuo team lavorativo di migliorare la gestione dei progetti e di ottimizzare il flusso di lavoro.\" \/>\n<meta property=\"og:url\" content=\"https:\/\/www.accuratereviews.com\/it\/project-management-online-lista-software\/proworkflow-recensione\/\" \/>\n<meta property=\"og:site_name\" content=\"Accurate Reviews\" \/>\n<meta property=\"og:image\" content=\"https:\/\/www.accuratereviews.com\/wp-content\/uploads\/2019\/10\/ProWorkflow-Logo.png\" \/>\n\t<meta property=\"og:image:width\" content=\"1179\" \/>\n\t<meta property=\"og:image:height\" content=\"552\" \/>\n\t<meta property=\"og:image:type\" content=\"image\/png\" \/>\n<meta name=\"twitter:card\" content=\"summary_large_image\" \/>\n<meta name=\"twitter:label1\" content=\"Tempo di lettura stimato\" \/>\n\t<meta name=\"twitter:data1\" content=\"3 minuti\" \/>\n<script type=\"application\/ld+json\" class=\"yoast-schema-graph\">{\"@context\":\"https:\\\/\\\/schema.org\",\"@graph\":[{\"@type\":\"WebPage\",\"@id\":\"https:\\\/\\\/www.accuratereviews.com\\\/it\\\/project-management-online-lista-software\\\/proworkflow-recensione\\\/\",\"url\":\"https:\\\/\\\/www.accuratereviews.com\\\/it\\\/project-management-online-lista-software\\\/proworkflow-recensione\\\/\",\"name\":\"ProWorkflow: recensione programma gestione progetti - Accurate Reviews\",\"isPartOf\":{\"@id\":\"https:\\\/\\\/www.accuratereviews.com\\\/it\\\/#website\"},\"primaryImageOfPage\":{\"@id\":\"https:\\\/\\\/www.accuratereviews.com\\\/it\\\/project-management-online-lista-software\\\/proworkflow-recensione\\\/#primaryimage\"},\"image\":{\"@id\":\"https:\\\/\\\/www.accuratereviews.com\\\/it\\\/project-management-online-lista-software\\\/proworkflow-recensione\\\/#primaryimage\"},\"thumbnailUrl\":\"https:\\\/\\\/www.accuratereviews.com\\\/wp-content\\\/uploads\\\/2019\\\/10\\\/ProWorkflow-Logo.png\",\"datePublished\":\"2019-10-03T12:24:21+00:00\",\"description\":\"ProWorkflow: recensione del software che permette a te e al tuo team lavorativo di migliorare la gestione dei progetti e di ottimizzare il flusso di lavoro.\",\"breadcrumb\":{\"@id\":\"https:\\\/\\\/www.accuratereviews.com\\\/it\\\/project-management-online-lista-software\\\/proworkflow-recensione\\\/#breadcrumb\"},\"inLanguage\":\"it-IT\",\"potentialAction\":[{\"@type\":\"ReadAction\",\"target\":[\"https:\\\/\\\/www.accuratereviews.com\\\/it\\\/project-management-online-lista-software\\\/proworkflow-recensione\\\/\"]}]},{\"@type\":\"ImageObject\",\"inLanguage\":\"it-IT\",\"@id\":\"https:\\\/\\\/www.accuratereviews.com\\\/it\\\/project-management-online-lista-software\\\/proworkflow-recensione\\\/#primaryimage\",\"url\":\"https:\\\/\\\/www.accuratereviews.com\\\/wp-content\\\/uploads\\\/2019\\\/10\\\/ProWorkflow-Logo.png\",\"contentUrl\":\"https:\\\/\\\/www.accuratereviews.com\\\/wp-content\\\/uploads\\\/2019\\\/10\\\/ProWorkflow-Logo.png\",\"width\":1179,\"height\":552},{\"@type\":\"BreadcrumbList\",\"@id\":\"https:\\\/\\\/www.accuratereviews.com\\\/it\\\/project-management-online-lista-software\\\/proworkflow-recensione\\\/#breadcrumb\",\"itemListElement\":[{\"@type\":\"ListItem\",\"position\":1,\"name\":\"Home\",\"item\":\"https:\\\/\\\/www.accuratereviews.com\\\/it\\\/\"},{\"@type\":\"ListItem\",\"position\":2,\"name\":\"Project Management Online\",\"item\":\"https:\\\/\\\/www.accuratereviews.com\\\/it\\\/project-management-online-lista-software\\\/\"},{\"@type\":\"ListItem\",\"position\":3,\"name\":\"ProWorkflow\"}]},{\"@type\":\"WebSite\",\"@id\":\"https:\\\/\\\/www.accuratereviews.com\\\/it\\\/#website\",\"url\":\"https:\\\/\\\/www.accuratereviews.com\\\/it\\\/\",\"name\":\"Accurate Reviews\",\"description\":\"\",\"potentialAction\":[{\"@type\":\"SearchAction\",\"target\":{\"@type\":\"EntryPoint\",\"urlTemplate\":\"https:\\\/\\\/www.accuratereviews.com\\\/it\\\/?s={search_term_string}\"},\"query-input\":{\"@type\":\"PropertyValueSpecification\",\"valueRequired\":true,\"valueName\":\"search_term_string\"}}],\"inLanguage\":\"it-IT\"}]}<\/script>\n<!-- \/ Yoast SEO plugin. -->","yoast_head_json":{"title":"ProWorkflow: recensione programma gestione progetti - Accurate Reviews","description":"ProWorkflow: recensione del software che permette a te e al tuo team lavorativo di migliorare la gestione dei progetti e di ottimizzare il flusso di lavoro.","robots":{"index":"index","follow":"follow","max-snippet":"max-snippet:-1","max-image-preview":"max-image-preview:large","max-video-preview":"max-video-preview:-1"},"canonical":"https:\/\/www.accuratereviews.com\/it\/project-management-online-lista-software\/proworkflow-recensione\/","og_locale":"it_IT","og_type":"article","og_title":"ProWorkflow: recensione programma gestione progetti - Accurate Reviews","og_description":"ProWorkflow: recensione del software che permette a te e al tuo team lavorativo di migliorare la gestione dei progetti e di ottimizzare il flusso di lavoro.","og_url":"https:\/\/www.accuratereviews.com\/it\/project-management-online-lista-software\/proworkflow-recensione\/","og_site_name":"Accurate Reviews","og_image":[{"width":1179,"height":552,"url":"https:\/\/www.accuratereviews.com\/wp-content\/uploads\/2019\/10\/ProWorkflow-Logo.png","type":"image\/png"}],"twitter_card":"summary_large_image","twitter_misc":{"Tempo di lettura stimato":"3 minuti"},"schema":{"@context":"https:\/\/schema.org","@graph":[{"@type":"WebPage","@id":"https:\/\/www.accuratereviews.com\/it\/project-management-online-lista-software\/proworkflow-recensione\/","url":"https:\/\/www.accuratereviews.com\/it\/project-management-online-lista-software\/proworkflow-recensione\/","name":"ProWorkflow: recensione programma gestione progetti - Accurate Reviews","isPartOf":{"@id":"https:\/\/www.accuratereviews.com\/it\/#website"},"primaryImageOfPage":{"@id":"https:\/\/www.accuratereviews.com\/it\/project-management-online-lista-software\/proworkflow-recensione\/#primaryimage"},"image":{"@id":"https:\/\/www.accuratereviews.com\/it\/project-management-online-lista-software\/proworkflow-recensione\/#primaryimage"},"thumbnailUrl":"https:\/\/www.accuratereviews.com\/wp-content\/uploads\/2019\/10\/ProWorkflow-Logo.png","datePublished":"2019-10-03T12:24:21+00:00","description":"ProWorkflow: recensione del software che permette a te e al tuo team lavorativo di migliorare la gestione dei progetti e di ottimizzare il flusso di lavoro.","breadcrumb":{"@id":"https:\/\/www.accuratereviews.com\/it\/project-management-online-lista-software\/proworkflow-recensione\/#breadcrumb"},"inLanguage":"it-IT","potentialAction":[{"@type":"ReadAction","target":["https:\/\/www.accuratereviews.com\/it\/project-management-online-lista-software\/proworkflow-recensione\/"]}]},{"@type":"ImageObject","inLanguage":"it-IT","@id":"https:\/\/www.accuratereviews.com\/it\/project-management-online-lista-software\/proworkflow-recensione\/#primaryimage","url":"https:\/\/www.accuratereviews.com\/wp-content\/uploads\/2019\/10\/ProWorkflow-Logo.png","contentUrl":"https:\/\/www.accuratereviews.com\/wp-content\/uploads\/2019\/10\/ProWorkflow-Logo.png","width":1179,"height":552},{"@type":"BreadcrumbList","@id":"https:\/\/www.accuratereviews.com\/it\/project-management-online-lista-software\/proworkflow-recensione\/#breadcrumb","itemListElement":[{"@type":"ListItem","position":1,"name":"Home","item":"https:\/\/www.accuratereviews.com\/it\/"},{"@type":"ListItem","position":2,"name":"Project Management Online","item":"https:\/\/www.accuratereviews.com\/it\/project-management-online-lista-software\/"},{"@type":"ListItem","position":3,"name":"ProWorkflow"}]},{"@type":"WebSite","@id":"https:\/\/www.accuratereviews.com\/it\/#website","url":"https:\/\/www.accuratereviews.com\/it\/","name":"Accurate Reviews","description":"","potentialAction":[{"@type":"SearchAction","target":{"@type":"EntryPoint","urlTemplate":"https:\/\/www.accuratereviews.com\/it\/?s={search_term_string}"},"query-input":{"@type":"PropertyValueSpecification","valueRequired":true,"valueName":"search_term_string"}}],"inLanguage":"it-IT"}]}},"_links":{"self":[{"href":"https:\/\/www.accuratereviews.com\/it\/wp-json\/wp\/v2\/pages\/18806","targetHints":{"allow":["GET"]}}],"collection":[{"href":"https:\/\/www.accuratereviews.com\/it\/wp-json\/wp\/v2\/pages"}],"about":[{"href":"https:\/\/www.accuratereviews.com\/it\/wp-json\/wp\/v2\/types\/page"}],"author":[{"embeddable":true,"href":"https:\/\/www.accuratereviews.com\/it\/wp-json\/wp\/v2\/users\/17"}],"replies":[{"embeddable":true,"href":"https:\/\/www.accuratereviews.com\/it\/wp-json\/wp\/v2\/comments?post=18806"}],"version-history":[{"count":4,"href":"https:\/\/www.accuratereviews.com\/it\/wp-json\/wp\/v2\/pages\/18806\/revisions"}],"predecessor-version":[{"id":18825,"href":"https:\/\/www.accuratereviews.com\/it\/wp-json\/wp\/v2\/pages\/18806\/revisions\/18825"}],"up":[{"embeddable":true,"href":"https:\/\/www.accuratereviews.com\/it\/wp-json\/wp\/v2\/pages\/8333"}],"wp:featuredmedia":[{"embeddable":true,"href":"https:\/\/www.accuratereviews.com\/it\/wp-json\/wp\/v2\/media\/18812"}],"wp:attachment":[{"href":"https:\/\/www.accuratereviews.com\/it\/wp-json\/wp\/v2\/media?parent=18806"}],"wp:term":[{"taxonomy":"category","embeddable":true,"href":"https:\/\/www.accuratereviews.com\/it\/wp-json\/wp\/v2\/categories?post=18806"},{"taxonomy":"post_tag","embeddable":true,"href":"https:\/\/www.accuratereviews.com\/it\/wp-json\/wp\/v2\/tags?post=18806"},{"taxonomy":"features","embeddable":true,"href":"https:\/\/www.accuratereviews.com\/it\/wp-json\/wp\/v2\/features?post=18806"}],"curies":[{"name":"wp","href":"https:\/\/api.w.org\/{rel}","templated":true}]}}