{"id":18817,"date":"2019-10-03T12:24:04","date_gmt":"2019-10-03T12:24:04","guid":{"rendered":"https:\/\/www.accuratereviews.com\/?page_id=18817"},"modified":"2019-10-03T12:24:04","modified_gmt":"2019-10-03T12:24:04","slug":"easy-projects-recensione","status":"publish","type":"page","link":"https:\/\/www.accuratereviews.com\/it\/project-management-online-lista-software\/easy-projects-recensione\/","title":{"rendered":"Easy Projects"},"content":{"rendered":"<p><strong>Easy Projects<\/strong> \u00e8 un software di <strong>gestione dei progetti<\/strong> davvero utile per team numerosi che si devono destreggiare tra 50 progetti diversi contemporaneamente. Si tratta infatti di una <strong>piattaforma in cloud<\/strong> che cerca di semplificare la vita a tutte quelle organizzazioni e imprese di piccole e medie dimensioni che necessitano di una migliore <strong>organizzazione del flusso di lavoro<\/strong>. Grazie a strumenti come il <strong>diagramma di Gantt<\/strong>, le simulazioni di caricamento delle risorse e il calendario dei progetti, puoi gestire il tuo team e le attivit\u00e0 in pochi minuti, risparmiando tempo ed energie. \u00c8 inoltre disponibile anche per i dispositivi mobile <strong>iOS e Android<\/strong> cos\u00ec da poter controllare il tuo lavoro ovunque tu sia.<\/p>\n<h2>COME GESTIRE I PROGETTI CON EASY PROJECTS &#8211; TUTORIAL<\/h2>\n<p>Ecco un video che ci mostra come funziona:<\/p>\n<div id=\"fluid-wrapper-counter-1\" class=\"g1-fluid-wrapper \" style=\"width:686px;\">\n<div style=\"padding-bottom:56.268221574344%;\"><iframe loading=\"lazy\" title=\"Easy Projects Tutorial  - Project Portfolios\" width=\"686\" height=\"386\" src=\"https:\/\/www.youtube.com\/embed\/pqZfXYFC94w?feature=oembed&amp;wmode=transparent&amp;autohide=1&amp;autoplay=0&amp;disablekb=0&amp;fs=1&amp;loop=0&amp;enablejsapi=1&amp;rel=0&amp;controls=2&amp;showinfo=0&amp;wmode=transparent&amp;autohide=2&amp;autoplay=0&amp;disablekb=0&amp;fs=1&amp;loop=0&amp;enablejsapi=1&amp;rel=0&amp;controls=2&amp;showinfo=1\" frameborder=\"0\" allow=\"accelerometer; autoplay; encrypted-media; gyroscope; picture-in-picture\" allowfullscreen><\/iframe><\/div>\n<\/div>\n<h3>EASY PROJECTS &#8211; CARATTERISTICHE<\/h3>\n<p>Diamo un&#8217;occhiata alle sue caratteristiche principali:<\/p>\n<ul>\n<li><strong>Utilizzo di strumenti efficienti<\/strong>: utilizza le schede Kanban e il diagramma di Gantt per risparmiare tempo e migliorare le prestazioni lavorative<\/li>\n<li><strong>Gestione dei progetti<\/strong>: pianifica e gestisci i tuoi progetti in modo semplice. Supporta anche WBS (gerarchia illimitata), dipendenze multiple, gestione dei percorsi critici e gestione del portafoglio<\/li>\n<li><strong>Moduli personalizzati<\/strong>: se hai progetti simili o ripetitivi, puoi utilizzare i modelli di progetto per evitare l&#8217;inserimento di dati non necessari e risparmiare tempo altrimenti puoi decidere di personalizzarli a seconda delle tue esigenze<\/li>\n<li><strong>Applicazione per dispositivi mobili<\/strong>: disponibile anche per i dispositivi iOS e Android<\/li>\n<li><strong>Gestione delle risorse<\/strong>: evita il sovraccarico di lavoro e di lamentele mantenendo il tuo team produttivo e riducendo il livello di stress grazie a questo strumento davvero indispensabile<\/li>\n<li><strong>Oltre 1.000 integrazioni<\/strong>: integra Easy Projects con le applicazioni che usi di pi\u00f9 come Gmail, Jira, Salesforce, Slack, Outlook ecc.<\/li>\n<\/ul>\n<h3>LE RECENSIONI DEGLI UTENTI<\/h3>\n<ul>\n<li><strong>&#8220;Uso EasyProjects da circa 5 anni e lo adoro!&#8221;<\/strong><br \/>\nIN GENERALE: lo uso tutti i giorni e senza di esso non potrei fare il mio lavoro.<br \/>\nPRO: mi piace la possibilit\u00e0 di personalizzare la dashboard in modo da poter vedere solo ci\u00f2 che \u00e8 pi\u00f9 importante per me nel mio ruolo. Mi piace anche la possibilit\u00e0 di filtrare i progetti in base ai vari campi in cui un progetto pu\u00f2 essere classificato. Come utilizzo EasyProjects si \u00e8 evoluto nel tempo man mano che ho imparato di pi\u00f9 sulle funzionalit\u00e0 che offre.<br \/>\nCONTRO: Ci sono molte volte in cui mi dico &#8220;Vorrei che potesse fare questo&#8221; o &#8220;Vorrei che rendessero questa funzionalit\u00e0 pi\u00f9 semplice. Ad esempio, le funzionalit\u00e0 di reportistica possono fare cose sorprendenti, ma a volte mi trovo a lottare per ottenere i dati\/i report che desidero. Vorrei anche che EasyProjects avesse pi\u00f9 capacit\u00e0 di lavorare con altri software. Ho cercato di utilizzare Zapier per connettere alcune cose, ma l&#8217;offerta \u00e8 molto limitata.<\/li>\n<li><strong>&#8220;Valore eccellente&#8221;<\/strong><br \/>\nIN GENERALE: eccellente. Abbiamo ricevuto un&#8217;ottima risposta da parte del supporto e una piattaforma ricca di funzionalit\u00e0 che ci sta offrendo un&#8217;ottima visibilit\u00e0 sui nostri progetti e dati come mai prima d&#8217;ora. Tutti quelli con cui lavoriamo all&#8217;EP sono eccellenti e apprezziamo il loro lavoro per nostro conto.<br \/>\nPRO: questo software ha un valore enorme. Oltre alla funzionalit\u00e0 di pianificazione, ci aiuta a gestire la capacit\u00e0 del personale, archiviare i dati finanziari di base e proiettare vendite\/progetti futuri. Avere tutto racchiuso in un unico sistema software \u00e8 stato davvero vantaggioso per la nostra organizzazione.<br \/>\nCONTRO: modifiche e report personalizzati hanno impiegato parecchio tempo per essere completati. Alla fine i report finiscono per essere di altissima qualit\u00e0 e indicano esattamente ci\u00f2 che dobbiamo vedere, ma in alcuni casi stiamo lavorando a report che abbiamo iniziato pi\u00f9 di 6 mesi fa per il completamento. Al termine della relazione, abbiamo dovuto creare altri strumenti interni perch\u00e8 abbiamo bisogno di funzionalit\u00e0 aggiuntive.<\/li>\n<li><strong>&#8220;Easy Projects \u00e8 facile da usare&#8221;<\/strong><br \/>\nIN GENERALE: Per una piccola azienda lo strumento funziona bene. Easy Projects si adatta al nome. Abbiamo iniziato a utilizzare lo strumento per il nostro dipartimento e ha soddisfatto bene le nostre esigenze. Mentre cercavamo di inserire altre aree nello strumento, divenne chiaro che avevamo bisogno di pi\u00f9.<br \/>\nPRO: facilit\u00e0 di installazione da zero. Abbiamo migrato i nostri dati da una soluzione domestica a Easy Projects e il servizio clienti ha aiutato molto durante l&#8217;implementazione. Uno strumento che segue il concetto di mantenerlo semplice.<br \/>\nCONTRO: man mano che avanzavamo le nostre esigenze aziendali, lo strumento non era in grado di crescere con noi. Per scaricare i file di progetto allegati \u00e8 stato necessario eseguire uno alla volta una base che richiede molto tempo quando si devono scaricare 40 file. Non \u00e8 stato possibile accedere direttamente ai file.<\/li>\n<\/ul>\n","protected":false},"excerpt":{"rendered":"<p>Easy Projects \u00e8 un software di gestione dei progetti davvero utile per team numerosi che si devono destreggiare tra 50 progetti diversi contemporaneamente. Si tratta infatti di una piattaforma in cloud che cerca di semplificare la vita a tutte quelle organizzazioni e imprese di piccole e medie dimensioni che necessitano di una migliore organizzazione del flusso di lavoro.<\/p>\n","protected":false},"author":17,"featured_media":18821,"parent":8333,"menu_order":0,"comment_status":"open","ping_status":"closed","template":"g1_template_page_review_new.php","meta":{"_acf_changed":false,"cwp_meta_box_check":"Yes","cwp_rev_product_name":"","cwp_rev_product_image":"","wppr_links":[],"cwp_rev_price":"","wppr_options":[],"wppr_pros":[],"wppr_cons":[],"_monsterinsights_skip_tracking":false,"_monsterinsights_sitenote_active":false,"_monsterinsights_sitenote_note":"","_monsterinsights_sitenote_category":0,"footnotes":""},"categories":[172],"tags":[1324,1316,1310,1314],"features":[],"class_list":{"0":"post-18817","1":"page","2":"type-page","3":"status-publish","4":"has-post-thumbnail","6":"category-online-project-management-it","7":"tag-gestione-dei-progetti","8":"tag-online-project-management","9":"tag-programma-project-management","10":"tag-project-management-software"},"wppr_data":{"cwp_meta_box_check":"Yes","cwp_rev_product_name":"","cwp_rev_product_image":"","cwp_image_link":"image","cwp_rev_price":"","wppr_rating":"0.00"},"acf":[],"yoast_head":"<!-- This site is optimized with the Yoast SEO plugin v27.4 - https:\/\/yoast.com\/product\/yoast-seo-wordpress\/ -->\n<title>Easy Projects: recensione software gestione progetti - Accurate Reviews<\/title>\n<meta name=\"description\" content=\"Easy Projects: recensione del software di gestione dei progetti utile per team che si devono destreggiare tra 50 progetti diversi contemporaneamente.\" \/>\n<meta name=\"robots\" content=\"index, follow, max-snippet:-1, max-image-preview:large, max-video-preview:-1\" \/>\n<link rel=\"canonical\" href=\"https:\/\/www.accuratereviews.com\/it\/project-management-online-lista-software\/easy-projects-recensione\/\" \/>\n<meta property=\"og:locale\" content=\"it_IT\" \/>\n<meta property=\"og:type\" content=\"article\" \/>\n<meta property=\"og:title\" content=\"Easy Projects: recensione software gestione progetti - Accurate Reviews\" \/>\n<meta property=\"og:description\" content=\"Easy Projects: recensione del software di gestione dei progetti utile per team che si devono destreggiare tra 50 progetti diversi contemporaneamente.\" \/>\n<meta property=\"og:url\" content=\"https:\/\/www.accuratereviews.com\/it\/project-management-online-lista-software\/easy-projects-recensione\/\" \/>\n<meta property=\"og:site_name\" content=\"Accurate Reviews\" \/>\n<meta property=\"og:image\" content=\"https:\/\/www.accuratereviews.com\/wp-content\/uploads\/2019\/10\/VZMQ315HCMKZ.jpg\" \/>\n\t<meta property=\"og:image:width\" content=\"320\" \/>\n\t<meta property=\"og:image:height\" content=\"320\" \/>\n\t<meta property=\"og:image:type\" content=\"image\/jpeg\" \/>\n<meta name=\"twitter:card\" content=\"summary_large_image\" \/>\n<meta name=\"twitter:label1\" content=\"Tempo di lettura stimato\" \/>\n\t<meta name=\"twitter:data1\" content=\"4 minuti\" \/>\n<script type=\"application\/ld+json\" class=\"yoast-schema-graph\">{\"@context\":\"https:\\\/\\\/schema.org\",\"@graph\":[{\"@type\":\"WebPage\",\"@id\":\"https:\\\/\\\/www.accuratereviews.com\\\/it\\\/project-management-online-lista-software\\\/easy-projects-recensione\\\/\",\"url\":\"https:\\\/\\\/www.accuratereviews.com\\\/it\\\/project-management-online-lista-software\\\/easy-projects-recensione\\\/\",\"name\":\"Easy Projects: recensione software gestione progetti - Accurate Reviews\",\"isPartOf\":{\"@id\":\"https:\\\/\\\/www.accuratereviews.com\\\/it\\\/#website\"},\"primaryImageOfPage\":{\"@id\":\"https:\\\/\\\/www.accuratereviews.com\\\/it\\\/project-management-online-lista-software\\\/easy-projects-recensione\\\/#primaryimage\"},\"image\":{\"@id\":\"https:\\\/\\\/www.accuratereviews.com\\\/it\\\/project-management-online-lista-software\\\/easy-projects-recensione\\\/#primaryimage\"},\"thumbnailUrl\":\"https:\\\/\\\/www.accuratereviews.com\\\/wp-content\\\/uploads\\\/2019\\\/10\\\/VZMQ315HCMKZ.jpg\",\"datePublished\":\"2019-10-03T12:24:04+00:00\",\"description\":\"Easy Projects: recensione del software di gestione dei progetti utile per team che si devono destreggiare tra 50 progetti diversi contemporaneamente.\",\"breadcrumb\":{\"@id\":\"https:\\\/\\\/www.accuratereviews.com\\\/it\\\/project-management-online-lista-software\\\/easy-projects-recensione\\\/#breadcrumb\"},\"inLanguage\":\"it-IT\",\"potentialAction\":[{\"@type\":\"ReadAction\",\"target\":[\"https:\\\/\\\/www.accuratereviews.com\\\/it\\\/project-management-online-lista-software\\\/easy-projects-recensione\\\/\"]}]},{\"@type\":\"ImageObject\",\"inLanguage\":\"it-IT\",\"@id\":\"https:\\\/\\\/www.accuratereviews.com\\\/it\\\/project-management-online-lista-software\\\/easy-projects-recensione\\\/#primaryimage\",\"url\":\"https:\\\/\\\/www.accuratereviews.com\\\/wp-content\\\/uploads\\\/2019\\\/10\\\/VZMQ315HCMKZ.jpg\",\"contentUrl\":\"https:\\\/\\\/www.accuratereviews.com\\\/wp-content\\\/uploads\\\/2019\\\/10\\\/VZMQ315HCMKZ.jpg\",\"width\":320,\"height\":320},{\"@type\":\"BreadcrumbList\",\"@id\":\"https:\\\/\\\/www.accuratereviews.com\\\/it\\\/project-management-online-lista-software\\\/easy-projects-recensione\\\/#breadcrumb\",\"itemListElement\":[{\"@type\":\"ListItem\",\"position\":1,\"name\":\"Home\",\"item\":\"https:\\\/\\\/www.accuratereviews.com\\\/it\\\/\"},{\"@type\":\"ListItem\",\"position\":2,\"name\":\"Project Management Online\",\"item\":\"https:\\\/\\\/www.accuratereviews.com\\\/it\\\/project-management-online-lista-software\\\/\"},{\"@type\":\"ListItem\",\"position\":3,\"name\":\"Easy Projects\"}]},{\"@type\":\"WebSite\",\"@id\":\"https:\\\/\\\/www.accuratereviews.com\\\/it\\\/#website\",\"url\":\"https:\\\/\\\/www.accuratereviews.com\\\/it\\\/\",\"name\":\"Accurate Reviews\",\"description\":\"\",\"potentialAction\":[{\"@type\":\"SearchAction\",\"target\":{\"@type\":\"EntryPoint\",\"urlTemplate\":\"https:\\\/\\\/www.accuratereviews.com\\\/it\\\/?s={search_term_string}\"},\"query-input\":{\"@type\":\"PropertyValueSpecification\",\"valueRequired\":true,\"valueName\":\"search_term_string\"}}],\"inLanguage\":\"it-IT\"}]}<\/script>\n<!-- \/ Yoast SEO plugin. -->","yoast_head_json":{"title":"Easy Projects: recensione software gestione progetti - Accurate Reviews","description":"Easy Projects: recensione del software di gestione dei progetti utile per team che si devono destreggiare tra 50 progetti diversi contemporaneamente.","robots":{"index":"index","follow":"follow","max-snippet":"max-snippet:-1","max-image-preview":"max-image-preview:large","max-video-preview":"max-video-preview:-1"},"canonical":"https:\/\/www.accuratereviews.com\/it\/project-management-online-lista-software\/easy-projects-recensione\/","og_locale":"it_IT","og_type":"article","og_title":"Easy Projects: recensione software gestione progetti - Accurate Reviews","og_description":"Easy Projects: recensione del software di gestione dei progetti utile per team che si devono destreggiare tra 50 progetti diversi contemporaneamente.","og_url":"https:\/\/www.accuratereviews.com\/it\/project-management-online-lista-software\/easy-projects-recensione\/","og_site_name":"Accurate Reviews","og_image":[{"width":320,"height":320,"url":"https:\/\/www.accuratereviews.com\/wp-content\/uploads\/2019\/10\/VZMQ315HCMKZ.jpg","type":"image\/jpeg"}],"twitter_card":"summary_large_image","twitter_misc":{"Tempo di lettura stimato":"4 minuti"},"schema":{"@context":"https:\/\/schema.org","@graph":[{"@type":"WebPage","@id":"https:\/\/www.accuratereviews.com\/it\/project-management-online-lista-software\/easy-projects-recensione\/","url":"https:\/\/www.accuratereviews.com\/it\/project-management-online-lista-software\/easy-projects-recensione\/","name":"Easy Projects: recensione software gestione progetti - Accurate Reviews","isPartOf":{"@id":"https:\/\/www.accuratereviews.com\/it\/#website"},"primaryImageOfPage":{"@id":"https:\/\/www.accuratereviews.com\/it\/project-management-online-lista-software\/easy-projects-recensione\/#primaryimage"},"image":{"@id":"https:\/\/www.accuratereviews.com\/it\/project-management-online-lista-software\/easy-projects-recensione\/#primaryimage"},"thumbnailUrl":"https:\/\/www.accuratereviews.com\/wp-content\/uploads\/2019\/10\/VZMQ315HCMKZ.jpg","datePublished":"2019-10-03T12:24:04+00:00","description":"Easy Projects: recensione del software di gestione dei progetti utile per team che si devono destreggiare tra 50 progetti diversi contemporaneamente.","breadcrumb":{"@id":"https:\/\/www.accuratereviews.com\/it\/project-management-online-lista-software\/easy-projects-recensione\/#breadcrumb"},"inLanguage":"it-IT","potentialAction":[{"@type":"ReadAction","target":["https:\/\/www.accuratereviews.com\/it\/project-management-online-lista-software\/easy-projects-recensione\/"]}]},{"@type":"ImageObject","inLanguage":"it-IT","@id":"https:\/\/www.accuratereviews.com\/it\/project-management-online-lista-software\/easy-projects-recensione\/#primaryimage","url":"https:\/\/www.accuratereviews.com\/wp-content\/uploads\/2019\/10\/VZMQ315HCMKZ.jpg","contentUrl":"https:\/\/www.accuratereviews.com\/wp-content\/uploads\/2019\/10\/VZMQ315HCMKZ.jpg","width":320,"height":320},{"@type":"BreadcrumbList","@id":"https:\/\/www.accuratereviews.com\/it\/project-management-online-lista-software\/easy-projects-recensione\/#breadcrumb","itemListElement":[{"@type":"ListItem","position":1,"name":"Home","item":"https:\/\/www.accuratereviews.com\/it\/"},{"@type":"ListItem","position":2,"name":"Project Management Online","item":"https:\/\/www.accuratereviews.com\/it\/project-management-online-lista-software\/"},{"@type":"ListItem","position":3,"name":"Easy Projects"}]},{"@type":"WebSite","@id":"https:\/\/www.accuratereviews.com\/it\/#website","url":"https:\/\/www.accuratereviews.com\/it\/","name":"Accurate Reviews","description":"","potentialAction":[{"@type":"SearchAction","target":{"@type":"EntryPoint","urlTemplate":"https:\/\/www.accuratereviews.com\/it\/?s={search_term_string}"},"query-input":{"@type":"PropertyValueSpecification","valueRequired":true,"valueName":"search_term_string"}}],"inLanguage":"it-IT"}]}},"_links":{"self":[{"href":"https:\/\/www.accuratereviews.com\/it\/wp-json\/wp\/v2\/pages\/18817","targetHints":{"allow":["GET"]}}],"collection":[{"href":"https:\/\/www.accuratereviews.com\/it\/wp-json\/wp\/v2\/pages"}],"about":[{"href":"https:\/\/www.accuratereviews.com\/it\/wp-json\/wp\/v2\/types\/page"}],"author":[{"embeddable":true,"href":"https:\/\/www.accuratereviews.com\/it\/wp-json\/wp\/v2\/users\/17"}],"replies":[{"embeddable":true,"href":"https:\/\/www.accuratereviews.com\/it\/wp-json\/wp\/v2\/comments?post=18817"}],"version-history":[{"count":2,"href":"https:\/\/www.accuratereviews.com\/it\/wp-json\/wp\/v2\/pages\/18817\/revisions"}],"predecessor-version":[{"id":18826,"href":"https:\/\/www.accuratereviews.com\/it\/wp-json\/wp\/v2\/pages\/18817\/revisions\/18826"}],"up":[{"embeddable":true,"href":"https:\/\/www.accuratereviews.com\/it\/wp-json\/wp\/v2\/pages\/8333"}],"wp:featuredmedia":[{"embeddable":true,"href":"https:\/\/www.accuratereviews.com\/it\/wp-json\/wp\/v2\/media\/18821"}],"wp:attachment":[{"href":"https:\/\/www.accuratereviews.com\/it\/wp-json\/wp\/v2\/media?parent=18817"}],"wp:term":[{"taxonomy":"category","embeddable":true,"href":"https:\/\/www.accuratereviews.com\/it\/wp-json\/wp\/v2\/categories?post=18817"},{"taxonomy":"post_tag","embeddable":true,"href":"https:\/\/www.accuratereviews.com\/it\/wp-json\/wp\/v2\/tags?post=18817"},{"taxonomy":"features","embeddable":true,"href":"https:\/\/www.accuratereviews.com\/it\/wp-json\/wp\/v2\/features?post=18817"}],"curies":[{"name":"wp","href":"https:\/\/api.w.org\/{rel}","templated":true}]}}