{"id":18827,"date":"2019-10-03T13:16:17","date_gmt":"2019-10-03T13:16:17","guid":{"rendered":"https:\/\/www.accuratereviews.com\/?page_id=18827"},"modified":"2020-12-09T16:18:01","modified_gmt":"2020-12-09T16:18:01","slug":"function-point-recensione","status":"publish","type":"page","link":"https:\/\/www.accuratereviews.com\/it\/project-management-online-lista-software\/function-point-recensione\/","title":{"rendered":"Function Point"},"content":{"rendered":"<p><strong>Function Point<\/strong> \u00e8 un software di produttivit\u00e0 integrato progettato e sviluppato appositamente per agenzie creative e professionisti. Questa piattaforma di produttivit\u00e0 <strong>basata su cloud<\/strong> combina le funzionalit\u00e0 aziendali principali in un&#8217;unica soluzione unificata. La soluzione include funzionalit\u00e0 e strumenti aziendali essenziali come la <strong>gestione di progetti<\/strong> e attivit\u00e0, gestione del flusso di lavoro, CRM, monitoraggio dei tempi e pianificazione dei lavori, fatturazione, report, contabilit\u00e0 e gestione delle spese ecc. Il programma ottimizza i processi, aumenta la produttivit\u00e0 e automatizza molte delle funzioni, consentendo di ottenere di pi\u00f9 senza compromettere la qualit\u00e0 e a rispettare i tempi e il budget. La funzione CRM di <strong>Function Point<\/strong> consente agli utenti di archiviare tutte le informazioni relative a clienti, progetti e aziende in un&#8217;unica posizione. Facile da condividere e accedere, questo hub di informazioni centralizzato aiuta a mantenere tutti sulla stessa pagina. I membri del team vengono immediatamente aggiornati tramite avvisi e notifiche. Ci\u00f2 significa che tutti hanno la certezza di sapere ogni volta che vengono fissate nuove scadenze, raggiunti traguardi, note e file condivisi, ecc.<\/p>\n<h2>FUNCTION POINT -TUTORIAL<\/h2>\n<p>Questo tutorial ti fornir\u00e0 una panoramica di questo <strong>software project management<\/strong>, compresa la navigazione di base, la personalizzazione della dashboard e il monitoraggio del tempo:<\/p>\n<div id=\"fluid-wrapper-counter-1\" class=\"g1-fluid-wrapper \" style=\"width:686px;\">\n<div style=\"padding-bottom:56.268221574344%;\"><iframe loading=\"lazy\" title=\"Back to Basics with Function Point\" width=\"686\" height=\"386\" src=\"https:\/\/www.youtube.com\/embed\/szr8oKAzQDI?feature=oembed&amp;wmode=transparent&amp;autohide=1&amp;autoplay=0&amp;disablekb=0&amp;fs=1&amp;loop=0&amp;enablejsapi=1&amp;rel=0&amp;controls=2&amp;showinfo=0&amp;wmode=transparent&amp;autohide=2&amp;autoplay=0&amp;disablekb=0&amp;fs=1&amp;loop=0&amp;enablejsapi=1&amp;rel=0&amp;controls=2&amp;showinfo=1\" frameborder=\"0\" allow=\"accelerometer; autoplay; clipboard-write; encrypted-media; gyroscope; picture-in-picture\" allowfullscreen><\/iframe><\/div>\n<\/div>\n<h3>FUNCTION POINT &#8211; CARATTERISTICHE<\/h3>\n<ul>\n<li>Tracciamento del flusso di lavoro con grafici Gantt dinamici<\/li>\n<li>Assegnare lavori con Gestione attivit\u00e0<\/li>\n<li>Mantieni la strategia e lo scopo con i brief di progetto<\/li>\n<li>Analizza le interazioni e i dati dei clienti con CRM<\/li>\n<\/ul>\n<h4>LE RECENSIONI DEGLI UTENTI<\/h4>\n<h4>Lauren P.: &#8220;FP recensione&#8221;<\/h4>\n<p><strong>Commenti:<\/strong> Principalmente stiamo utilizzando FP per il monitoraggio del tempo e il budget del progetto. Gli altri strumenti non sono abbastanza completi per noi per portare tutto in FP &#8211; usiamo Smartsheet per la pianificazione (perch\u00e9 \u00e8 una cosa di grande immagine &#8211; non solo di ore individuali), e attualmente personalizziamo un documento di risorse che esportiamo da FP ma ci vuole cos\u00ec tanto tempo, non \u00e8 davvero efficiente. In generale, funziona bene ed \u00e8 di facile accesso. Comprendiamo che uno strumento non \u00e8 in grado di risolvere tutti i problemi, ma se fosse possibile ottenere report sulle risorse pi\u00f9 utili sarebbe meglio per noi.<\/p>\n<p><strong>Vantaggi:<\/strong> interfaccia abbastanza pulita. \u00c8 come se fosse basato su cloud, quindi \u00e8 facile fare il mio lavoro in viaggio. L&#8217;assistenza clienti \u00e8 buona.<\/p>\n<p><strong>Inconvenienti:<\/strong> la vista delle risorse \u00e8 davvero difficile da usare. Mi piacerebbe che ci fosse un modo chiaro per vedere la disponibilit\u00e0 di qualcuno utilizzando l&#8217;intera sequenza temporale del progetto e le ore assegnate. Attualmente inserisce le ore di ferie (che non \u00e8 utile) e non si estende abbastanza a lungo per prevedere la disponibilit\u00e0 del team. Migliorare questo sarebbe di grande aiuto e rendere molto pi\u00f9 utile l&#8217;utilizzo di FP. Attualmente viene utilizzato come strumento di monitoraggio del tempo e del budget. Lo scheduler non \u00e8 cos\u00ec utile &#8211; la vista \u00e8 un po &#8216;contorta, quindi non la usiamo molto per pianificare i progetti &#8211; per questo, usiamo Smartsheet per semplicit\u00e0. Se fosse possibile migliorare la visualizzazione e il processo della pianificazione, sarebbe utile.<\/p>\n<h4>Darla B. &#8220;Non \u00e8 il software di gestione del progetto pi\u00f9 &#8220;funzionale&#8221; ma sicuramente ci tiene organizzati&#8221;<\/h4>\n<p><strong>Vantaggi<\/strong>: Le pagine aziendali in Function Point ci forniscono tutte le informazioni di cui abbiamo bisogno perch\u00e9 siamo in grado di personalizzarle in base alle nostre esigenze. Possiamo includere le informazioni sul cliente, ma abbiamo anche informazioni sul team, quindi una pagina dice a tutti coloro che sono coinvolti nei progetti di quel cliente. La dashboard personalizzabile consente inoltre a ciascuna persona di visualizzare le cose che ritiene importanti per loro.<\/p>\n<p><strong>Inconvenienti<\/strong>: trovo che Function Point non sia &#8220;funzionale&#8221; come potrebbe suggerire il suo nome. Spesso \u00e8 ritardato quando si fa clic sui collegamenti. Arrivare alle pagine in cui vuoi essere attivo richiede molti clic anzich\u00e9 solo uno (ad esempio, mi sembra strano che fare clic sul nome di un &#8220;programma&#8221; all&#8217;interno di un&#8217;azienda mi porti a un elenco confuso di attivit\u00e0 piuttosto che al reale pagina del programma dove posso vedere le cose disposte in ordine). Non esiste una buona vista del calendario che consenta a una persona di trascinare e rilasciare le attivit\u00e0 (e poich\u00e9 gestisco il calendario di progettazione della nostra azienda, sarebbe fantastico se potessi farlo dal momento che \u00e8 fondamentalmente come mettere insieme un puzzle gigante). La personalizzazione sembra essere stata interrotta con il tipo di &#8220;dashboard&#8221; di visualizzazioni della pagina principale e delle pagine di pianificazione. Se si desidera visualizzare, ad esempio, il tempo assegnato alle persone all&#8217;interno dell&#8217;azienda per un giorno, \u00e8 possibile visitare la vista Pianificazione lavoro, che nel complesso \u00e8 buona \u00a0(mostra le attivit\u00e0 assegnate e un numero totale di ore assegnate a ciascuna persona) . Il rovescio della medaglia \u00e8 che mostra sempre solo tutti in azienda, che non \u00e8 mai quello di cui ho bisogno. Essere in grado di scegliere chi vedo in questa schermata (e altri simili) migliorerebbe molto la funzionalit\u00e0. Ci sono anche troppi modi diversi di vedere le cose. Esistono almeno tre modi diversi per vedere quante ore di lavoro una persona ha programmato per il giorno. Esistono un paio di viste diverse per le attivit\u00e0 all&#8217;interno di un determinato progetto. Pu\u00f2 essere confuso<\/p>\n<h4>James D. &#8220;Uso Function Point ogni giorno per la gestione del progetto e per scopi organizzativi.&#8221;<\/h4>\n<p><strong>Commenti<\/strong>: Function Point ha contribuito a consolidare e digitalizzare molte delle cose che sarebbero state fatte in forma fisica, stampata (come il tempo di registrazione lavorato su ciascuna attivit\u00e0) o in modo meno efficiente (come la creazione di stime).<\/p>\n<p><strong>Vantaggi<\/strong>: Quello che mi piace di pi\u00f9 di Function Point \u00e8 la facilit\u00e0 di creazione di stime e salvataggio di modelli. Ci consente di fornire stime molto approfondite a clienti e potenziali clienti, per le quali abbiamo ricevuto complimenti. Raramente vedo stime tanto dettagliate e chiare quanto quelle che Function Point ci consente di creare con relativa facilit\u00e0. Allo stesso modo, anche la semplicit\u00e0 di creazione di una fattura da un lavoro esistente semplifica enormemente il processo. Facciamo inoltre ampio uso della funzione Note per creare istruzioni facili da seguire per i nostri artisti da seguire. Il fatto che questi vengano quindi salvati automaticamente con il lavoro e su cui sia facile tornare indietro e di riferimento \u00e8 molto utile. Rende organizzarli e cercare di tenerne traccia molto meno di una seccatura.<\/p>\n<p><strong>Inconvenienti<\/strong>: Una cosa che non mi piace del software Function Point \u00e8 che, quando un lavoro \u00e8 &#8220;chiuso&#8221;, non venga segnalato in nessun modo automaticamente. A volte scopriamo che compiti che inizialmente pensiamo saranno necessari non sono necessari alla fine. Una volta chiuso il lavoro, preferirei che le attivit\u00e0 &#8220;rimaste&#8221; vengano automaticamente contrassegnate in qualche modo per indicare che non sono state completate, pur essendo rimosse dall&#8217;elenco Attivit\u00e0 . Il mio elenco \u00e8 costantemente ingombro di Attivit\u00e0 per lavori che sono state completate settimane fa, ma di cui non so nulla perch\u00e9 non mi \u00e8 mai stato richiesto di completare effettivamente quell&#8217;attivit\u00e0. Alla fine qualcuno deve chiudere manualmente.<\/p>\n<p>&nbsp;<\/p>\n<p>&nbsp;<\/p>\n","protected":false},"excerpt":{"rendered":"<p>Function Point \u00e8 un software di produttivit\u00e0 integrato progettato e sviluppato appositamente per agenzie creative e professionisti. Questa piattaforma di produttivit\u00e0 basata su cloud combina le funzionalit\u00e0 aziendali principali in un&#8217;unica soluzione unificata. La soluzione include funzionalit\u00e0 e strumenti aziendali essenziali come la gestione di progetti e attivit\u00e0, gestione del flusso di lavoro, CRM, monitoraggio dei tempi e pianificazione dei lavori, fatturazione, report, contabilit\u00e0 e gestione delle spese ecc.<\/p>\n","protected":false},"author":19,"featured_media":18831,"parent":8333,"menu_order":0,"comment_status":"open","ping_status":"closed","template":"g1_template_page_review_new.php","meta":{"_acf_changed":false,"cwp_meta_box_check":"No","cwp_rev_product_name":"","cwp_rev_product_image":"","wppr_links":[],"cwp_rev_price":"","wppr_options":[],"wppr_pros":[],"wppr_cons":[],"_monsterinsights_skip_tracking":false,"_monsterinsights_sitenote_active":false,"_monsterinsights_sitenote_note":"","_monsterinsights_sitenote_category":0,"footnotes":""},"categories":[172],"tags":[1351,427,1310,418,1309,1239,1320],"features":[],"class_list":{"0":"post-18827","1":"page","2":"type-page","3":"status-publish","4":"has-post-thumbnail","6":"category-online-project-management-it","7":"tag-function-point","8":"tag-programma-crm","9":"tag-programma-project-management","10":"tag-software-crm","11":"tag-software-project-management","12":"tag-soluzione-crm","13":"tag-soluzione-project-management"},"wppr_data":{"cwp_meta_box_check":"No"},"acf":[],"yoast_head":"<!-- This site is optimized with the Yoast SEO plugin v27.4 - https:\/\/yoast.com\/product\/yoast-seo-wordpress\/ -->\n<title>Function Point: recensione software Project Management<\/title>\n<meta name=\"description\" content=\"Function Point: recensione software di produttivit\u00e0 integrato progettato e sviluppato appositamente per agenzie creative e professionisti.\" \/>\n<meta name=\"robots\" content=\"index, follow, max-snippet:-1, max-image-preview:large, max-video-preview:-1\" \/>\n<link rel=\"canonical\" href=\"https:\/\/www.accuratereviews.com\/it\/project-management-online-lista-software\/function-point-recensione\/\" \/>\n<meta property=\"og:locale\" content=\"it_IT\" \/>\n<meta property=\"og:type\" content=\"article\" \/>\n<meta property=\"og:title\" content=\"Function Point: recensione software Project Management\" \/>\n<meta property=\"og:description\" content=\"Function Point: recensione software di produttivit\u00e0 integrato progettato e sviluppato appositamente per agenzie creative e professionisti.\" \/>\n<meta property=\"og:url\" content=\"https:\/\/www.accuratereviews.com\/it\/project-management-online-lista-software\/function-point-recensione\/\" \/>\n<meta property=\"og:site_name\" content=\"Accurate Reviews\" \/>\n<meta property=\"article:modified_time\" content=\"2020-12-09T16:18:01+00:00\" \/>\n<meta property=\"og:image\" content=\"https:\/\/www.accuratereviews.com\/wp-content\/uploads\/2019\/10\/FP.png\" \/>\n\t<meta property=\"og:image:width\" content=\"3700\" \/>\n\t<meta property=\"og:image:height\" content=\"1215\" \/>\n\t<meta property=\"og:image:type\" content=\"image\/png\" \/>\n<meta name=\"twitter:card\" content=\"summary_large_image\" \/>\n<meta name=\"twitter:label1\" content=\"Tempo di lettura stimato\" \/>\n\t<meta name=\"twitter:data1\" content=\"6 minuti\" \/>\n<script type=\"application\/ld+json\" class=\"yoast-schema-graph\">{\"@context\":\"https:\\\/\\\/schema.org\",\"@graph\":[{\"@type\":\"WebPage\",\"@id\":\"https:\\\/\\\/www.accuratereviews.com\\\/it\\\/project-management-online-lista-software\\\/function-point-recensione\\\/\",\"url\":\"https:\\\/\\\/www.accuratereviews.com\\\/it\\\/project-management-online-lista-software\\\/function-point-recensione\\\/\",\"name\":\"Function Point: recensione software Project Management\",\"isPartOf\":{\"@id\":\"https:\\\/\\\/www.accuratereviews.com\\\/it\\\/#website\"},\"primaryImageOfPage\":{\"@id\":\"https:\\\/\\\/www.accuratereviews.com\\\/it\\\/project-management-online-lista-software\\\/function-point-recensione\\\/#primaryimage\"},\"image\":{\"@id\":\"https:\\\/\\\/www.accuratereviews.com\\\/it\\\/project-management-online-lista-software\\\/function-point-recensione\\\/#primaryimage\"},\"thumbnailUrl\":\"https:\\\/\\\/www.accuratereviews.com\\\/wp-content\\\/uploads\\\/2019\\\/10\\\/FP.png\",\"datePublished\":\"2019-10-03T13:16:17+00:00\",\"dateModified\":\"2020-12-09T16:18:01+00:00\",\"description\":\"Function Point: recensione software di produttivit\u00e0 integrato progettato e sviluppato appositamente per agenzie creative e professionisti.\",\"breadcrumb\":{\"@id\":\"https:\\\/\\\/www.accuratereviews.com\\\/it\\\/project-management-online-lista-software\\\/function-point-recensione\\\/#breadcrumb\"},\"inLanguage\":\"it-IT\",\"potentialAction\":[{\"@type\":\"ReadAction\",\"target\":[\"https:\\\/\\\/www.accuratereviews.com\\\/it\\\/project-management-online-lista-software\\\/function-point-recensione\\\/\"]}]},{\"@type\":\"ImageObject\",\"inLanguage\":\"it-IT\",\"@id\":\"https:\\\/\\\/www.accuratereviews.com\\\/it\\\/project-management-online-lista-software\\\/function-point-recensione\\\/#primaryimage\",\"url\":\"https:\\\/\\\/www.accuratereviews.com\\\/wp-content\\\/uploads\\\/2019\\\/10\\\/FP.png\",\"contentUrl\":\"https:\\\/\\\/www.accuratereviews.com\\\/wp-content\\\/uploads\\\/2019\\\/10\\\/FP.png\",\"width\":3700,\"height\":1215},{\"@type\":\"BreadcrumbList\",\"@id\":\"https:\\\/\\\/www.accuratereviews.com\\\/it\\\/project-management-online-lista-software\\\/function-point-recensione\\\/#breadcrumb\",\"itemListElement\":[{\"@type\":\"ListItem\",\"position\":1,\"name\":\"Home\",\"item\":\"https:\\\/\\\/www.accuratereviews.com\\\/it\\\/\"},{\"@type\":\"ListItem\",\"position\":2,\"name\":\"Project Management Online\",\"item\":\"https:\\\/\\\/www.accuratereviews.com\\\/it\\\/project-management-online-lista-software\\\/\"},{\"@type\":\"ListItem\",\"position\":3,\"name\":\"Function Point\"}]},{\"@type\":\"WebSite\",\"@id\":\"https:\\\/\\\/www.accuratereviews.com\\\/it\\\/#website\",\"url\":\"https:\\\/\\\/www.accuratereviews.com\\\/it\\\/\",\"name\":\"Accurate Reviews\",\"description\":\"\",\"potentialAction\":[{\"@type\":\"SearchAction\",\"target\":{\"@type\":\"EntryPoint\",\"urlTemplate\":\"https:\\\/\\\/www.accuratereviews.com\\\/it\\\/?s={search_term_string}\"},\"query-input\":{\"@type\":\"PropertyValueSpecification\",\"valueRequired\":true,\"valueName\":\"search_term_string\"}}],\"inLanguage\":\"it-IT\"}]}<\/script>\n<!-- \/ Yoast SEO plugin. -->","yoast_head_json":{"title":"Function Point: recensione software Project Management","description":"Function Point: recensione software di produttivit\u00e0 integrato progettato e sviluppato appositamente per agenzie creative e professionisti.","robots":{"index":"index","follow":"follow","max-snippet":"max-snippet:-1","max-image-preview":"max-image-preview:large","max-video-preview":"max-video-preview:-1"},"canonical":"https:\/\/www.accuratereviews.com\/it\/project-management-online-lista-software\/function-point-recensione\/","og_locale":"it_IT","og_type":"article","og_title":"Function Point: recensione software Project Management","og_description":"Function Point: recensione software di produttivit\u00e0 integrato progettato e sviluppato appositamente per agenzie creative e professionisti.","og_url":"https:\/\/www.accuratereviews.com\/it\/project-management-online-lista-software\/function-point-recensione\/","og_site_name":"Accurate Reviews","article_modified_time":"2020-12-09T16:18:01+00:00","og_image":[{"width":3700,"height":1215,"url":"https:\/\/www.accuratereviews.com\/wp-content\/uploads\/2019\/10\/FP.png","type":"image\/png"}],"twitter_card":"summary_large_image","twitter_misc":{"Tempo di lettura stimato":"6 minuti"},"schema":{"@context":"https:\/\/schema.org","@graph":[{"@type":"WebPage","@id":"https:\/\/www.accuratereviews.com\/it\/project-management-online-lista-software\/function-point-recensione\/","url":"https:\/\/www.accuratereviews.com\/it\/project-management-online-lista-software\/function-point-recensione\/","name":"Function Point: recensione software Project Management","isPartOf":{"@id":"https:\/\/www.accuratereviews.com\/it\/#website"},"primaryImageOfPage":{"@id":"https:\/\/www.accuratereviews.com\/it\/project-management-online-lista-software\/function-point-recensione\/#primaryimage"},"image":{"@id":"https:\/\/www.accuratereviews.com\/it\/project-management-online-lista-software\/function-point-recensione\/#primaryimage"},"thumbnailUrl":"https:\/\/www.accuratereviews.com\/wp-content\/uploads\/2019\/10\/FP.png","datePublished":"2019-10-03T13:16:17+00:00","dateModified":"2020-12-09T16:18:01+00:00","description":"Function Point: recensione software di produttivit\u00e0 integrato progettato e sviluppato appositamente per agenzie creative e professionisti.","breadcrumb":{"@id":"https:\/\/www.accuratereviews.com\/it\/project-management-online-lista-software\/function-point-recensione\/#breadcrumb"},"inLanguage":"it-IT","potentialAction":[{"@type":"ReadAction","target":["https:\/\/www.accuratereviews.com\/it\/project-management-online-lista-software\/function-point-recensione\/"]}]},{"@type":"ImageObject","inLanguage":"it-IT","@id":"https:\/\/www.accuratereviews.com\/it\/project-management-online-lista-software\/function-point-recensione\/#primaryimage","url":"https:\/\/www.accuratereviews.com\/wp-content\/uploads\/2019\/10\/FP.png","contentUrl":"https:\/\/www.accuratereviews.com\/wp-content\/uploads\/2019\/10\/FP.png","width":3700,"height":1215},{"@type":"BreadcrumbList","@id":"https:\/\/www.accuratereviews.com\/it\/project-management-online-lista-software\/function-point-recensione\/#breadcrumb","itemListElement":[{"@type":"ListItem","position":1,"name":"Home","item":"https:\/\/www.accuratereviews.com\/it\/"},{"@type":"ListItem","position":2,"name":"Project Management Online","item":"https:\/\/www.accuratereviews.com\/it\/project-management-online-lista-software\/"},{"@type":"ListItem","position":3,"name":"Function Point"}]},{"@type":"WebSite","@id":"https:\/\/www.accuratereviews.com\/it\/#website","url":"https:\/\/www.accuratereviews.com\/it\/","name":"Accurate Reviews","description":"","potentialAction":[{"@type":"SearchAction","target":{"@type":"EntryPoint","urlTemplate":"https:\/\/www.accuratereviews.com\/it\/?s={search_term_string}"},"query-input":{"@type":"PropertyValueSpecification","valueRequired":true,"valueName":"search_term_string"}}],"inLanguage":"it-IT"}]}},"_links":{"self":[{"href":"https:\/\/www.accuratereviews.com\/it\/wp-json\/wp\/v2\/pages\/18827","targetHints":{"allow":["GET"]}}],"collection":[{"href":"https:\/\/www.accuratereviews.com\/it\/wp-json\/wp\/v2\/pages"}],"about":[{"href":"https:\/\/www.accuratereviews.com\/it\/wp-json\/wp\/v2\/types\/page"}],"author":[{"embeddable":true,"href":"https:\/\/www.accuratereviews.com\/it\/wp-json\/wp\/v2\/users\/19"}],"replies":[{"embeddable":true,"href":"https:\/\/www.accuratereviews.com\/it\/wp-json\/wp\/v2\/comments?post=18827"}],"version-history":[{"count":9,"href":"https:\/\/www.accuratereviews.com\/it\/wp-json\/wp\/v2\/pages\/18827\/revisions"}],"predecessor-version":[{"id":33612,"href":"https:\/\/www.accuratereviews.com\/it\/wp-json\/wp\/v2\/pages\/18827\/revisions\/33612"}],"up":[{"embeddable":true,"href":"https:\/\/www.accuratereviews.com\/it\/wp-json\/wp\/v2\/pages\/8333"}],"wp:featuredmedia":[{"embeddable":true,"href":"https:\/\/www.accuratereviews.com\/it\/wp-json\/wp\/v2\/media\/18831"}],"wp:attachment":[{"href":"https:\/\/www.accuratereviews.com\/it\/wp-json\/wp\/v2\/media?parent=18827"}],"wp:term":[{"taxonomy":"category","embeddable":true,"href":"https:\/\/www.accuratereviews.com\/it\/wp-json\/wp\/v2\/categories?post=18827"},{"taxonomy":"post_tag","embeddable":true,"href":"https:\/\/www.accuratereviews.com\/it\/wp-json\/wp\/v2\/tags?post=18827"},{"taxonomy":"features","embeddable":true,"href":"https:\/\/www.accuratereviews.com\/it\/wp-json\/wp\/v2\/features?post=18827"}],"curies":[{"name":"wp","href":"https:\/\/api.w.org\/{rel}","templated":true}]}}