{"id":18842,"date":"2019-10-04T12:50:47","date_gmt":"2019-10-04T12:50:47","guid":{"rendered":"https:\/\/www.accuratereviews.com\/?page_id=18842"},"modified":"2019-10-04T12:50:47","modified_gmt":"2019-10-04T12:50:47","slug":"everhour-recensione","status":"publish","type":"page","link":"https:\/\/www.accuratereviews.com\/it\/project-management-online-lista-software\/everhour-recensione\/","title":{"rendered":"Everhour"},"content":{"rendered":"<p><strong>Everhour<\/strong> \u00e8 un <strong>software di gestione dei progetti<\/strong>, ideale per i team che necessitano una <strong>migliore gestione del flusso di lavoro<\/strong> e anche del tempo. Questo strumento ti permette infatti di tenere traccia dei tempi, di impostare budget e avvisi di soglia, di creare qualsiasi tipo di report, di <strong>monitorare l&#8217;andamento del progetto<\/strong> e di rispettare le scadenze stabilite. Si tratta di una piattaforma online ed \u00e8 disponibile anche per i <strong>dispositivi iOS<\/strong>, ci\u00f2 ti consente di poter tenere sotto controllo la situazione anche dal tuo iPhone o iPad. Inoltre Everhour si integra perfettamente con le tue <strong>applicazioni di project management<\/strong> come Trello, Basecamp, Asana, Jira, GitHub ecc.<\/p>\n<h2>COME USARE EVERHOUR &#8211; TUTORIAL<\/h2>\n<p>Ecco un video che ci mostra come funziona questo programma:<\/p>\n<div id=\"fluid-wrapper-counter-1\" class=\"g1-fluid-wrapper \" style=\"width:686px;\">\n<div style=\"padding-bottom:56.268221574344%;\"><iframe loading=\"lazy\" title=\"Getting Started with Everhour 2\" src=\"https:\/\/player.vimeo.com\/video\/222162107?dnt=1&amp;app_id=122963?title=0&amp;byline=0&amp;portrait=0\" width=\"686\" height=\"349\" frameborder=\"0\" allow=\"autoplay; fullscreen\" allowfullscreen><\/iframe><\/div>\n<\/div>\n<h3>EVERHOUR &#8211; CARATTERISTICHE<\/h3>\n<p>Di seguito le sue principali caratteristiche:<\/p>\n<ul>\n<li><strong>Monitoraggio del tempo<\/strong>: registra il tempo che impieghi nel portare a compimento le attivit\u00e0 e i progetti<\/li>\n<li><strong>Gestione dei progetti<\/strong>: crea attivit\u00e0, monitora i tempi e aggiorna i progressi in un&#8217;unica posizione, in modo che il tuo progetto rimanga trasparente e nei tempi previsti<\/li>\n<li><strong>Gestione del team<\/strong>: mantieni il tuo team in pista con un software di monitoraggio del tempo di facile utilizzo che aiuta te e i tuoi dipendenti a rispettare il budget e i tempi che avete prefissato<\/li>\n<li><strong>Monitoraggio delle spese<\/strong>: gestisci e rimani sempre aggiornato su tutte le spese del tuo team<\/li>\n<li><strong>Invio di fatture<\/strong>: crea e invia facilmente le fatture.\u00a0Aggiungi il tuo logo e i dettagli aziendali, imposta una data di scadenza e termini o offri sconti<\/li>\n<li><strong>Pianificazione delle risorse<\/strong>: scopri quanto \u00e8 impegnato o disponibile il tuo team, tenendo sempre sotto controllo l&#8217;andamento dei progetti in corso<\/li>\n<li><strong>Rapporti e dashboard<\/strong>: ottimizza i tuoi processi attraverso report dettagliati e altamente personalizzabili.<\/li>\n<\/ul>\n<h3>LE RECENSIONI DEGLI UTENTI<\/h3>\n<ul>\n<li><strong>&#8220;Buon programma per il monitoraggio del tempo&#8221;<\/strong><br \/>\nIN GENERALE: Everhour \u00e8 una delle migliori applicazioni software di monitoraggio del tempo. \u00c8 facile da usare, non ti delude mai e ti d\u00e0 un&#8217;immagine chiara del passare del tempo.<br \/>\nPRO: La pi\u00f9 grande risorsa di Everhour \u00e8 la sua semplicit\u00e0. Non \u00e8 necessario passare molto tempo a capire come e perch\u00e9 del suo funzionamento. Basta collegarlo e fare le tue cose. Il reporting \u00e8 dettagliato ed esporta senza che qualcosa vada storto. Everhour \u00e8 anche molto utile nella pianificazione strategica come strumento di misurazione. \u00c8 stato molto utile tenere traccia di quanto tempo \u00e8 necessario per completare determinati compiti in determinate circostanze (urgenti, regolari, a bassa priorit\u00e0, ecc.) e quindi pianificare i miei giorni di conseguenza.<br \/>\nCONTRO: Per quanto riguarda il mio uso del programma, non riesco davvero a individuare nulla di critico con esso. Se lo stai usando con Trello, potrebbero esserci dei problemi relativi alle revisioni, ma questo \u00e8 pi\u00f9 un problema di gestione che tecnico. Altrimenti non ricordo altri problemi.<\/li>\n<li><strong>&#8220;Everhour \u00e8 un ottimo strumento software che ci consente di tenere traccia del tempo per attivit\u00e0 interne e ore fatturabili&#8221;<\/strong><br \/>\nPRO: Everhour si integra con Asana, il che \u00e8 fantastico per la nostra azienda. Siamo in grado di tenere traccia del tempo all&#8217;interno di Asana o del browser Chrome. \u00c8 semplicissimo impostare e tenere traccia del tempo per le singole attivit\u00e0 (il che aiuta immensamente con i rapporti).<br \/>\nCONTRO: L&#8217;UX di segnalazione di Everhour non \u00e8 la pi\u00f9 facile da navigare. Supponiamo che sia venerd\u00ec e che tu abbia programmato una vacanza per la prossima settimana. Non \u00e8 possibile aggiungere tempo tracciato per le date future. Questo \u00e8 fastidioso perch\u00e9 dobbiamo tenere traccia di tutto il tempo interno, quindi ogni volta che torniamo dalle vacanze dobbiamo registrare quelle ore (e talvolta le persone si dimenticano).<\/li>\n<li><strong>&#8220;Miglior monitoraggio del tempo per gli utenti Asana&#8221;<br \/>\n<\/strong>PRO: l&#8217;integrazione con Asana \u00e8 perfetta: sembra faccia sempre parte di Asana. Tempo facile da aggiungere e modificare.<br \/>\nI report sono eccellenti anche in termini di personalizzazione.<br \/>\nCONTRO: il tempo deve essere monitorato a livello di attivit\u00e0 (in molti casi d&#8217;uso, sarebbe sufficiente tenere traccia del tempo a livello di progetto).<br \/>\nLe attivit\u00e0 di Asana devono essere all&#8217;interno di progetti (non \u00e8 possibile tracciare facilmente le cose ad hoc).<br \/>\nC&#8217;\u00e8 un&#8217;integrazione slack ma non \u00e8 molto utile &#8211; \u00e8 solo per i report, non per il monitoraggio dei tempi.<\/li>\n<\/ul>\n","protected":false},"excerpt":{"rendered":"<p>Everhour \u00e8 un software di gestione dei progetti, ideale per i team che necessitano una migliore gestione del flusso di lavoro e anche del tempo. Questo strumento ti permette infatti di tenere traccia dei tempi, di impostare budget e avvisi di soglia, di creare qualsiasi tipo di report, di monitorare l&#8217;andamento del progetto e di rispettare le scadenze stabilite.<\/p>\n","protected":false},"author":17,"featured_media":18844,"parent":8333,"menu_order":0,"comment_status":"open","ping_status":"closed","template":"g1_template_page_review_new.php","meta":{"_acf_changed":false,"cwp_meta_box_check":"Yes","cwp_rev_product_name":"","cwp_rev_product_image":"","wppr_links":[],"cwp_rev_price":"","wppr_options":[],"wppr_pros":[],"wppr_cons":[],"_monsterinsights_skip_tracking":false,"_monsterinsights_sitenote_active":false,"_monsterinsights_sitenote_note":"","_monsterinsights_sitenote_category":0,"footnotes":""},"categories":[172],"tags":[1324,1316,1310,1314],"features":[],"class_list":{"0":"post-18842","1":"page","2":"type-page","3":"status-publish","4":"has-post-thumbnail","6":"category-online-project-management-it","7":"tag-gestione-dei-progetti","8":"tag-online-project-management","9":"tag-programma-project-management","10":"tag-project-management-software"},"wppr_data":{"cwp_meta_box_check":"Yes","cwp_rev_product_name":"","cwp_rev_product_image":"","cwp_image_link":"image","cwp_rev_price":"","wppr_rating":"0.00"},"acf":[],"yoast_head":"<!-- This site is optimized with the Yoast SEO plugin v27.4 - https:\/\/yoast.com\/product\/yoast-seo-wordpress\/ -->\n<title>Everhour: recensione programma gestione progetti - Accurate Reviews<\/title>\n<meta name=\"description\" content=\"Everhour: recensione del software di gestione dei progetti, ideale per i team che necessitano una migliore gestione del flusso di lavoro e anche del tempo.\" \/>\n<meta name=\"robots\" content=\"index, follow, max-snippet:-1, max-image-preview:large, max-video-preview:-1\" \/>\n<link rel=\"canonical\" href=\"https:\/\/www.accuratereviews.com\/it\/project-management-online-lista-software\/everhour-recensione\/\" \/>\n<meta property=\"og:locale\" content=\"it_IT\" \/>\n<meta property=\"og:type\" content=\"article\" \/>\n<meta property=\"og:title\" content=\"Everhour: recensione programma gestione progetti - Accurate Reviews\" \/>\n<meta property=\"og:description\" content=\"Everhour: recensione del software di gestione dei progetti, ideale per i team che necessitano una migliore gestione del flusso di lavoro e anche del tempo.\" \/>\n<meta property=\"og:url\" content=\"https:\/\/www.accuratereviews.com\/it\/project-management-online-lista-software\/everhour-recensione\/\" \/>\n<meta property=\"og:site_name\" content=\"Accurate Reviews\" \/>\n<meta property=\"og:image\" content=\"https:\/\/www.accuratereviews.com\/wp-content\/uploads\/2019\/10\/Everhour-logo1.jpg\" \/>\n\t<meta property=\"og:image:width\" content=\"900\" \/>\n\t<meta property=\"og:image:height\" content=\"600\" \/>\n\t<meta property=\"og:image:type\" content=\"image\/jpeg\" \/>\n<meta name=\"twitter:card\" content=\"summary_large_image\" \/>\n<meta name=\"twitter:label1\" content=\"Tempo di lettura stimato\" \/>\n\t<meta name=\"twitter:data1\" content=\"3 minuti\" \/>\n<script type=\"application\/ld+json\" class=\"yoast-schema-graph\">{\"@context\":\"https:\\\/\\\/schema.org\",\"@graph\":[{\"@type\":\"WebPage\",\"@id\":\"https:\\\/\\\/www.accuratereviews.com\\\/it\\\/project-management-online-lista-software\\\/everhour-recensione\\\/\",\"url\":\"https:\\\/\\\/www.accuratereviews.com\\\/it\\\/project-management-online-lista-software\\\/everhour-recensione\\\/\",\"name\":\"Everhour: recensione programma gestione progetti - Accurate Reviews\",\"isPartOf\":{\"@id\":\"https:\\\/\\\/www.accuratereviews.com\\\/it\\\/#website\"},\"primaryImageOfPage\":{\"@id\":\"https:\\\/\\\/www.accuratereviews.com\\\/it\\\/project-management-online-lista-software\\\/everhour-recensione\\\/#primaryimage\"},\"image\":{\"@id\":\"https:\\\/\\\/www.accuratereviews.com\\\/it\\\/project-management-online-lista-software\\\/everhour-recensione\\\/#primaryimage\"},\"thumbnailUrl\":\"https:\\\/\\\/www.accuratereviews.com\\\/wp-content\\\/uploads\\\/2019\\\/10\\\/Everhour-logo1.jpg\",\"datePublished\":\"2019-10-04T12:50:47+00:00\",\"description\":\"Everhour: recensione del software di gestione dei progetti, ideale per i team che necessitano una migliore gestione del flusso di lavoro e anche del tempo.\",\"breadcrumb\":{\"@id\":\"https:\\\/\\\/www.accuratereviews.com\\\/it\\\/project-management-online-lista-software\\\/everhour-recensione\\\/#breadcrumb\"},\"inLanguage\":\"it-IT\",\"potentialAction\":[{\"@type\":\"ReadAction\",\"target\":[\"https:\\\/\\\/www.accuratereviews.com\\\/it\\\/project-management-online-lista-software\\\/everhour-recensione\\\/\"]}]},{\"@type\":\"ImageObject\",\"inLanguage\":\"it-IT\",\"@id\":\"https:\\\/\\\/www.accuratereviews.com\\\/it\\\/project-management-online-lista-software\\\/everhour-recensione\\\/#primaryimage\",\"url\":\"https:\\\/\\\/www.accuratereviews.com\\\/wp-content\\\/uploads\\\/2019\\\/10\\\/Everhour-logo1.jpg\",\"contentUrl\":\"https:\\\/\\\/www.accuratereviews.com\\\/wp-content\\\/uploads\\\/2019\\\/10\\\/Everhour-logo1.jpg\",\"width\":900,\"height\":600},{\"@type\":\"BreadcrumbList\",\"@id\":\"https:\\\/\\\/www.accuratereviews.com\\\/it\\\/project-management-online-lista-software\\\/everhour-recensione\\\/#breadcrumb\",\"itemListElement\":[{\"@type\":\"ListItem\",\"position\":1,\"name\":\"Home\",\"item\":\"https:\\\/\\\/www.accuratereviews.com\\\/it\\\/\"},{\"@type\":\"ListItem\",\"position\":2,\"name\":\"Project Management Online\",\"item\":\"https:\\\/\\\/www.accuratereviews.com\\\/it\\\/project-management-online-lista-software\\\/\"},{\"@type\":\"ListItem\",\"position\":3,\"name\":\"Everhour\"}]},{\"@type\":\"WebSite\",\"@id\":\"https:\\\/\\\/www.accuratereviews.com\\\/it\\\/#website\",\"url\":\"https:\\\/\\\/www.accuratereviews.com\\\/it\\\/\",\"name\":\"Accurate Reviews\",\"description\":\"\",\"potentialAction\":[{\"@type\":\"SearchAction\",\"target\":{\"@type\":\"EntryPoint\",\"urlTemplate\":\"https:\\\/\\\/www.accuratereviews.com\\\/it\\\/?s={search_term_string}\"},\"query-input\":{\"@type\":\"PropertyValueSpecification\",\"valueRequired\":true,\"valueName\":\"search_term_string\"}}],\"inLanguage\":\"it-IT\"}]}<\/script>\n<!-- \/ Yoast SEO plugin. -->","yoast_head_json":{"title":"Everhour: recensione programma gestione progetti - Accurate Reviews","description":"Everhour: recensione del software di gestione dei progetti, ideale per i team che necessitano una migliore gestione del flusso di lavoro e anche del tempo.","robots":{"index":"index","follow":"follow","max-snippet":"max-snippet:-1","max-image-preview":"max-image-preview:large","max-video-preview":"max-video-preview:-1"},"canonical":"https:\/\/www.accuratereviews.com\/it\/project-management-online-lista-software\/everhour-recensione\/","og_locale":"it_IT","og_type":"article","og_title":"Everhour: recensione programma gestione progetti - Accurate Reviews","og_description":"Everhour: recensione del software di gestione dei progetti, ideale per i team che necessitano una migliore gestione del flusso di lavoro e anche del tempo.","og_url":"https:\/\/www.accuratereviews.com\/it\/project-management-online-lista-software\/everhour-recensione\/","og_site_name":"Accurate Reviews","og_image":[{"width":900,"height":600,"url":"https:\/\/www.accuratereviews.com\/wp-content\/uploads\/2019\/10\/Everhour-logo1.jpg","type":"image\/jpeg"}],"twitter_card":"summary_large_image","twitter_misc":{"Tempo di lettura stimato":"3 minuti"},"schema":{"@context":"https:\/\/schema.org","@graph":[{"@type":"WebPage","@id":"https:\/\/www.accuratereviews.com\/it\/project-management-online-lista-software\/everhour-recensione\/","url":"https:\/\/www.accuratereviews.com\/it\/project-management-online-lista-software\/everhour-recensione\/","name":"Everhour: recensione programma gestione progetti - Accurate Reviews","isPartOf":{"@id":"https:\/\/www.accuratereviews.com\/it\/#website"},"primaryImageOfPage":{"@id":"https:\/\/www.accuratereviews.com\/it\/project-management-online-lista-software\/everhour-recensione\/#primaryimage"},"image":{"@id":"https:\/\/www.accuratereviews.com\/it\/project-management-online-lista-software\/everhour-recensione\/#primaryimage"},"thumbnailUrl":"https:\/\/www.accuratereviews.com\/wp-content\/uploads\/2019\/10\/Everhour-logo1.jpg","datePublished":"2019-10-04T12:50:47+00:00","description":"Everhour: recensione del software di gestione dei progetti, ideale per i team che necessitano una migliore gestione del flusso di lavoro e anche del tempo.","breadcrumb":{"@id":"https:\/\/www.accuratereviews.com\/it\/project-management-online-lista-software\/everhour-recensione\/#breadcrumb"},"inLanguage":"it-IT","potentialAction":[{"@type":"ReadAction","target":["https:\/\/www.accuratereviews.com\/it\/project-management-online-lista-software\/everhour-recensione\/"]}]},{"@type":"ImageObject","inLanguage":"it-IT","@id":"https:\/\/www.accuratereviews.com\/it\/project-management-online-lista-software\/everhour-recensione\/#primaryimage","url":"https:\/\/www.accuratereviews.com\/wp-content\/uploads\/2019\/10\/Everhour-logo1.jpg","contentUrl":"https:\/\/www.accuratereviews.com\/wp-content\/uploads\/2019\/10\/Everhour-logo1.jpg","width":900,"height":600},{"@type":"BreadcrumbList","@id":"https:\/\/www.accuratereviews.com\/it\/project-management-online-lista-software\/everhour-recensione\/#breadcrumb","itemListElement":[{"@type":"ListItem","position":1,"name":"Home","item":"https:\/\/www.accuratereviews.com\/it\/"},{"@type":"ListItem","position":2,"name":"Project Management Online","item":"https:\/\/www.accuratereviews.com\/it\/project-management-online-lista-software\/"},{"@type":"ListItem","position":3,"name":"Everhour"}]},{"@type":"WebSite","@id":"https:\/\/www.accuratereviews.com\/it\/#website","url":"https:\/\/www.accuratereviews.com\/it\/","name":"Accurate Reviews","description":"","potentialAction":[{"@type":"SearchAction","target":{"@type":"EntryPoint","urlTemplate":"https:\/\/www.accuratereviews.com\/it\/?s={search_term_string}"},"query-input":{"@type":"PropertyValueSpecification","valueRequired":true,"valueName":"search_term_string"}}],"inLanguage":"it-IT"}]}},"_links":{"self":[{"href":"https:\/\/www.accuratereviews.com\/it\/wp-json\/wp\/v2\/pages\/18842","targetHints":{"allow":["GET"]}}],"collection":[{"href":"https:\/\/www.accuratereviews.com\/it\/wp-json\/wp\/v2\/pages"}],"about":[{"href":"https:\/\/www.accuratereviews.com\/it\/wp-json\/wp\/v2\/types\/page"}],"author":[{"embeddable":true,"href":"https:\/\/www.accuratereviews.com\/it\/wp-json\/wp\/v2\/users\/17"}],"replies":[{"embeddable":true,"href":"https:\/\/www.accuratereviews.com\/it\/wp-json\/wp\/v2\/comments?post=18842"}],"version-history":[{"count":4,"href":"https:\/\/www.accuratereviews.com\/it\/wp-json\/wp\/v2\/pages\/18842\/revisions"}],"predecessor-version":[{"id":18880,"href":"https:\/\/www.accuratereviews.com\/it\/wp-json\/wp\/v2\/pages\/18842\/revisions\/18880"}],"up":[{"embeddable":true,"href":"https:\/\/www.accuratereviews.com\/it\/wp-json\/wp\/v2\/pages\/8333"}],"wp:featuredmedia":[{"embeddable":true,"href":"https:\/\/www.accuratereviews.com\/it\/wp-json\/wp\/v2\/media\/18844"}],"wp:attachment":[{"href":"https:\/\/www.accuratereviews.com\/it\/wp-json\/wp\/v2\/media?parent=18842"}],"wp:term":[{"taxonomy":"category","embeddable":true,"href":"https:\/\/www.accuratereviews.com\/it\/wp-json\/wp\/v2\/categories?post=18842"},{"taxonomy":"post_tag","embeddable":true,"href":"https:\/\/www.accuratereviews.com\/it\/wp-json\/wp\/v2\/tags?post=18842"},{"taxonomy":"features","embeddable":true,"href":"https:\/\/www.accuratereviews.com\/it\/wp-json\/wp\/v2\/features?post=18842"}],"curies":[{"name":"wp","href":"https:\/\/api.w.org\/{rel}","templated":true}]}}