{"id":18848,"date":"2019-10-04T12:54:15","date_gmt":"2019-10-04T12:54:15","guid":{"rendered":"https:\/\/www.accuratereviews.com\/?page_id=18848"},"modified":"2020-12-10T10:26:54","modified_gmt":"2020-12-10T10:26:54","slug":"designfiles-recensione","status":"publish","type":"page","link":"https:\/\/www.accuratereviews.com\/it\/project-management-online-lista-software\/designfiles-recensione\/","title":{"rendered":"DesignFiles"},"content":{"rendered":"<p><strong>DesignFiles<\/strong> \u00e8 un <strong>programma di project management<\/strong> progettato per designers, interior designers e team che vogliono migliorare la gestione dei loro progetti. Si tratta infatti di una piattaforma online che ti permette di ottimizzare il tuo flusso di lavoro, riuscendo a pianificare e a<strong> gestire i progetti in modo semplice e intuitivo<\/strong>, evitando intoppi. L&#8217;idea \u00e8 quella di fornirti degli strumenti efficienti che ti permettano di creare prodotti, schede di progettazione 2D e 3D, comunicare facilmente con i tuoi clienti e con il tuo team, rispettare le scadenze e i tempi previsti e prefissati per la<strong> realizzazione di un progetto<\/strong>.<\/p>\n<h2>COME FUNZIONA DESIGNFILES &#8211; TUTORIAL<\/h2>\n<p>Diamo un&#8217;occhiata a questo video per capire meglio come utilizzare questo software:<\/p>\n<div id=\"fluid-wrapper-counter-1\" class=\"g1-fluid-wrapper \" style=\"width:686px;\">\n<div style=\"padding-bottom:56.268221574344%;\"><iframe loading=\"lazy\" title=\"DesignFiles.co - How it Works\" width=\"686\" height=\"386\" src=\"https:\/\/www.youtube.com\/embed\/rNLYu4RXUe4?feature=oembed&amp;wmode=transparent&amp;autohide=1&amp;autoplay=0&amp;disablekb=0&amp;fs=1&amp;loop=0&amp;enablejsapi=1&amp;rel=0&amp;controls=2&amp;showinfo=0&amp;wmode=transparent&amp;autohide=2&amp;autoplay=0&amp;disablekb=0&amp;fs=1&amp;loop=0&amp;enablejsapi=1&amp;rel=0&amp;controls=2&amp;showinfo=1\" frameborder=\"0\" allow=\"accelerometer; autoplay; clipboard-write; encrypted-media; gyroscope; picture-in-picture\" allowfullscreen><\/iframe><\/div>\n<\/div>\n<h3>DESIGNFILES &#8211; CARATTERISTICHE<\/h3>\n<p>Ecco le sue principali funzioni:<\/p>\n<ul>\n<li><strong>Schede di progettazione<\/strong>: costruisci schede di progettazione in pochi minuti grazie a strumenti semplici e intuitivi<\/li>\n<li><strong>Video tutorial<\/strong>: apprendi tramite i video tutorial dettagliati messi a tua disposizione gratuitamente<\/li>\n<li><strong>Acquisto prodotti online<\/strong>: risparmia tempo acquistando direttamente dalla clipper DesignFiles e salvali nella tua biblioteca personale per poterli poi utilizzare in qualsiasi progetto<\/li>\n<li><strong>Comunicazione con clienti e team<\/strong>: comunica con i tuoi clienti e colleghi inviando loro i progetti e invitali a lasciare un feedback<\/li>\n<li><strong>Creazione elenchi prodotti<\/strong>: non perdere tempo a creare gli elenchi dei prodotti perch\u00e9 questi vengono gi\u00e0 generati automaticamente per ogni scheda di progettazione<\/li>\n<li><strong>Gestione fatture<\/strong>: crea, gestisci e invia fatture e accetta pagamenti online che ti faranno risparmiare tempo<\/li>\n<li><strong>Notifiche e avvisi<\/strong>: ricevi notifiche quando viene richiesto un nuovo progetto, viene inviato un questionario, un cliente lascia un feedback a un prodotto o acquista un pacchetto di progettazione ecc.<\/li>\n<li><strong>Strumenti di marketing<\/strong>: utilizza questi strumenti per promuovere e far crescere il tuo business<\/li>\n<li><strong>Integrazione con QuickBooks<\/strong>: sincronizza automaticamente le tue fatture e i dettagli di pagamento collegandoti a QuickBooks.<\/li>\n<\/ul>\n<h3>LE RECENSIONI DEGLI UTENTI<\/h3>\n<ul>\n<li><strong>&#8220;Ottimo strumento per designer indipendenti&#8221;<\/strong><br \/>\nIN GENERALE: adoro questo strumento e lo uso con la maggior parte dei miei clienti. Penso che ai miei clienti piacciano i semplici link e che interagiscano direttamente sulle schede. Mi aiuta tanto come designer indipendente in quanto non posso permettermi molto ma ho bisogno di presentazioni professionali.<br \/>\nPRO: Adoro il fatto che questo software aiuti a organizzare i miei progetti in modo professionale ed \u00e8 facile da usare.<br \/>\nCONTRO: Credo che potrebbero esserci alcuni problemi (o forse non l&#8217;ho capito) sull&#8217;organizzazione dei prodotti. Spesso desidero eliminare alcuni dei miei oggetti poich\u00e9 raccolgo prima gli oggetti e poi gioco con le idee. Le mie liste diventano lunghe e ingombranti.<br \/>\nInoltre vorrei che ci fosse un modo per non attivare le e-mail con ogni commento fatto sulle bacheche.<\/li>\n<li><strong>&#8220;DesignFiles \u00e8 eccezionale&#8221;<\/strong><br \/>\nIN GENERALE: eccezionale. Ogni volta che ho avuto un problema, DesignFiles \u00e8 stato proprio l\u00ec pronto a risolverlo. La loro scheda di chat del servizio clienti \u00e8 ottima e mi ha aiutato in momenti in cui avevo bisogno di una risposta immediata. Tutti sono davvero disponibili e cordiali e aperti ai suggerimenti.<br \/>\nPRO: \u00c8 facile da usare, cos\u00ec pratico e conveniente. Mi piace soprattutto avere accesso ai colori della vernice. Mi piace l&#8217;uso del designer clipper. Mi ha aiutato a creare una vasta biblioteca di articoli in tutto il paese. Adoro i webinar!!<br \/>\nCONTRO: Vorrei vedere pi\u00f9 opzioni del fornitore di quelle fornite. Forse pi\u00f9 sofisticato come Hardware per restauro, Blu Dot, pi\u00f9 illuminazione, pavimenti e opzioni di tessuto.<\/li>\n<li><strong>&#8220;Incredibile strumento di progettazione&#8221;<\/strong><br \/>\nPRO: DesignFiles dimezza il mio tempo. Il concetto di design e facilit\u00e0 di &#8220;acquisto&#8221; per il cliente \u00e8 la chiave. Devo fare tutto questo a mano e creare collegamenti da solo. L&#8217;utilizzo di DesignFiles offre alla mia attivit\u00e0 la professionalit\u00e0 e la qualit\u00e0 di cui abbiamo bisogno per offrire ai nostri clienti ci\u00f2 che desiderano. LO ADORO!<br \/>\nCONTRO: Vorrei che MY Library si aggiornasse automaticamente.<br \/>\nVorrei spostarmi sul tabellone per vedere tutti i bordi senza tornare all&#8217;APP.<br \/>\nVorrei essere in grado di classificare la mia biblioteca per elementi.<\/li>\n<\/ul>\n","protected":false},"excerpt":{"rendered":"<p>DesignFiles \u00e8 un programma di project management progettato per designers, interior designers e team che vogliono migliorare la gestione dei loro progetti. Si tratta infatti di una piattaforma online che ti permette di ottimizzare il tuo flusso di lavoro, riuscendo a pianificare e a gestire i progetti in modo semplice e intuitivo, evitando intoppi.<\/p>\n","protected":false},"author":17,"featured_media":18849,"parent":8333,"menu_order":0,"comment_status":"open","ping_status":"closed","template":"g1_template_page_review_new.php","meta":{"_acf_changed":false,"cwp_meta_box_check":"Yes","cwp_rev_product_name":"","cwp_rev_product_image":"","wppr_links":[],"cwp_rev_price":"","wppr_options":[],"wppr_pros":[],"wppr_cons":[],"_monsterinsights_skip_tracking":false,"_monsterinsights_sitenote_active":false,"_monsterinsights_sitenote_note":"","_monsterinsights_sitenote_category":0,"footnotes":""},"categories":[172],"tags":[1352,1315,1353,1316,1314],"features":[],"class_list":{"0":"post-18848","1":"page","2":"type-page","3":"status-publish","4":"has-post-thumbnail","6":"category-online-project-management-it","7":"tag-designers","8":"tag-gestione-progetti","9":"tag-interior-designer","10":"tag-online-project-management","11":"tag-project-management-software"},"wppr_data":{"cwp_meta_box_check":"Yes","cwp_rev_product_name":"","cwp_rev_product_image":"","cwp_image_link":"image","cwp_rev_price":"","wppr_rating":"0.00"},"acf":[],"yoast_head":"<!-- This site is optimized with the Yoast SEO plugin v27.4 - https:\/\/yoast.com\/product\/yoast-seo-wordpress\/ -->\n<title>DesignFiles: recensione programma gestione progetti - Accurate Reviews<\/title>\n<meta name=\"description\" content=\"DesignFiles: recensione del programma di project management progettato per designers e interior designers che vogliono migliorare la gestione dei progetti.\" \/>\n<meta name=\"robots\" content=\"index, follow, max-snippet:-1, max-image-preview:large, max-video-preview:-1\" \/>\n<link rel=\"canonical\" href=\"https:\/\/www.accuratereviews.com\/it\/project-management-online-lista-software\/designfiles-recensione\/\" \/>\n<meta property=\"og:locale\" content=\"it_IT\" \/>\n<meta property=\"og:type\" content=\"article\" \/>\n<meta property=\"og:title\" content=\"DesignFiles: recensione programma gestione progetti - Accurate Reviews\" \/>\n<meta property=\"og:description\" content=\"DesignFiles: recensione del programma di project management progettato per designers e interior designers che vogliono migliorare la gestione dei progetti.\" \/>\n<meta property=\"og:url\" content=\"https:\/\/www.accuratereviews.com\/it\/project-management-online-lista-software\/designfiles-recensione\/\" \/>\n<meta property=\"og:site_name\" content=\"Accurate Reviews\" \/>\n<meta property=\"article:modified_time\" content=\"2020-12-10T10:26:54+00:00\" \/>\n<meta property=\"og:image\" content=\"https:\/\/www.accuratereviews.com\/wp-content\/uploads\/2019\/10\/Schermata-2019-10-04-alle-09.47.24.png\" \/>\n\t<meta property=\"og:image:width\" content=\"386\" \/>\n\t<meta property=\"og:image:height\" content=\"110\" \/>\n\t<meta property=\"og:image:type\" content=\"image\/png\" \/>\n<meta name=\"twitter:card\" content=\"summary_large_image\" \/>\n<meta name=\"twitter:label1\" content=\"Tempo di lettura stimato\" \/>\n\t<meta name=\"twitter:data1\" content=\"3 minuti\" \/>\n<script type=\"application\/ld+json\" class=\"yoast-schema-graph\">{\"@context\":\"https:\\\/\\\/schema.org\",\"@graph\":[{\"@type\":\"WebPage\",\"@id\":\"https:\\\/\\\/www.accuratereviews.com\\\/it\\\/project-management-online-lista-software\\\/designfiles-recensione\\\/\",\"url\":\"https:\\\/\\\/www.accuratereviews.com\\\/it\\\/project-management-online-lista-software\\\/designfiles-recensione\\\/\",\"name\":\"DesignFiles: recensione programma gestione progetti - Accurate Reviews\",\"isPartOf\":{\"@id\":\"https:\\\/\\\/www.accuratereviews.com\\\/it\\\/#website\"},\"primaryImageOfPage\":{\"@id\":\"https:\\\/\\\/www.accuratereviews.com\\\/it\\\/project-management-online-lista-software\\\/designfiles-recensione\\\/#primaryimage\"},\"image\":{\"@id\":\"https:\\\/\\\/www.accuratereviews.com\\\/it\\\/project-management-online-lista-software\\\/designfiles-recensione\\\/#primaryimage\"},\"thumbnailUrl\":\"https:\\\/\\\/www.accuratereviews.com\\\/wp-content\\\/uploads\\\/2019\\\/10\\\/Schermata-2019-10-04-alle-09.47.24.png\",\"datePublished\":\"2019-10-04T12:54:15+00:00\",\"dateModified\":\"2020-12-10T10:26:54+00:00\",\"description\":\"DesignFiles: recensione del programma di project management progettato per designers e interior designers che vogliono migliorare la gestione dei progetti.\",\"breadcrumb\":{\"@id\":\"https:\\\/\\\/www.accuratereviews.com\\\/it\\\/project-management-online-lista-software\\\/designfiles-recensione\\\/#breadcrumb\"},\"inLanguage\":\"it-IT\",\"potentialAction\":[{\"@type\":\"ReadAction\",\"target\":[\"https:\\\/\\\/www.accuratereviews.com\\\/it\\\/project-management-online-lista-software\\\/designfiles-recensione\\\/\"]}]},{\"@type\":\"ImageObject\",\"inLanguage\":\"it-IT\",\"@id\":\"https:\\\/\\\/www.accuratereviews.com\\\/it\\\/project-management-online-lista-software\\\/designfiles-recensione\\\/#primaryimage\",\"url\":\"https:\\\/\\\/www.accuratereviews.com\\\/wp-content\\\/uploads\\\/2019\\\/10\\\/Schermata-2019-10-04-alle-09.47.24.png\",\"contentUrl\":\"https:\\\/\\\/www.accuratereviews.com\\\/wp-content\\\/uploads\\\/2019\\\/10\\\/Schermata-2019-10-04-alle-09.47.24.png\",\"width\":386,\"height\":110},{\"@type\":\"BreadcrumbList\",\"@id\":\"https:\\\/\\\/www.accuratereviews.com\\\/it\\\/project-management-online-lista-software\\\/designfiles-recensione\\\/#breadcrumb\",\"itemListElement\":[{\"@type\":\"ListItem\",\"position\":1,\"name\":\"Home\",\"item\":\"https:\\\/\\\/www.accuratereviews.com\\\/it\\\/\"},{\"@type\":\"ListItem\",\"position\":2,\"name\":\"Project Management Online\",\"item\":\"https:\\\/\\\/www.accuratereviews.com\\\/it\\\/project-management-online-lista-software\\\/\"},{\"@type\":\"ListItem\",\"position\":3,\"name\":\"DesignFiles\"}]},{\"@type\":\"WebSite\",\"@id\":\"https:\\\/\\\/www.accuratereviews.com\\\/it\\\/#website\",\"url\":\"https:\\\/\\\/www.accuratereviews.com\\\/it\\\/\",\"name\":\"Accurate Reviews\",\"description\":\"\",\"potentialAction\":[{\"@type\":\"SearchAction\",\"target\":{\"@type\":\"EntryPoint\",\"urlTemplate\":\"https:\\\/\\\/www.accuratereviews.com\\\/it\\\/?s={search_term_string}\"},\"query-input\":{\"@type\":\"PropertyValueSpecification\",\"valueRequired\":true,\"valueName\":\"search_term_string\"}}],\"inLanguage\":\"it-IT\"}]}<\/script>\n<!-- \/ Yoast SEO plugin. -->","yoast_head_json":{"title":"DesignFiles: recensione programma gestione progetti - Accurate Reviews","description":"DesignFiles: recensione del programma di project management progettato per designers e interior designers che vogliono migliorare la gestione dei progetti.","robots":{"index":"index","follow":"follow","max-snippet":"max-snippet:-1","max-image-preview":"max-image-preview:large","max-video-preview":"max-video-preview:-1"},"canonical":"https:\/\/www.accuratereviews.com\/it\/project-management-online-lista-software\/designfiles-recensione\/","og_locale":"it_IT","og_type":"article","og_title":"DesignFiles: recensione programma gestione progetti - Accurate Reviews","og_description":"DesignFiles: recensione del programma di project management progettato per designers e interior designers che vogliono migliorare la gestione dei progetti.","og_url":"https:\/\/www.accuratereviews.com\/it\/project-management-online-lista-software\/designfiles-recensione\/","og_site_name":"Accurate Reviews","article_modified_time":"2020-12-10T10:26:54+00:00","og_image":[{"width":386,"height":110,"url":"https:\/\/www.accuratereviews.com\/wp-content\/uploads\/2019\/10\/Schermata-2019-10-04-alle-09.47.24.png","type":"image\/png"}],"twitter_card":"summary_large_image","twitter_misc":{"Tempo di lettura stimato":"3 minuti"},"schema":{"@context":"https:\/\/schema.org","@graph":[{"@type":"WebPage","@id":"https:\/\/www.accuratereviews.com\/it\/project-management-online-lista-software\/designfiles-recensione\/","url":"https:\/\/www.accuratereviews.com\/it\/project-management-online-lista-software\/designfiles-recensione\/","name":"DesignFiles: recensione programma gestione progetti - Accurate Reviews","isPartOf":{"@id":"https:\/\/www.accuratereviews.com\/it\/#website"},"primaryImageOfPage":{"@id":"https:\/\/www.accuratereviews.com\/it\/project-management-online-lista-software\/designfiles-recensione\/#primaryimage"},"image":{"@id":"https:\/\/www.accuratereviews.com\/it\/project-management-online-lista-software\/designfiles-recensione\/#primaryimage"},"thumbnailUrl":"https:\/\/www.accuratereviews.com\/wp-content\/uploads\/2019\/10\/Schermata-2019-10-04-alle-09.47.24.png","datePublished":"2019-10-04T12:54:15+00:00","dateModified":"2020-12-10T10:26:54+00:00","description":"DesignFiles: recensione del programma di project management progettato per designers e interior designers che vogliono migliorare la gestione dei progetti.","breadcrumb":{"@id":"https:\/\/www.accuratereviews.com\/it\/project-management-online-lista-software\/designfiles-recensione\/#breadcrumb"},"inLanguage":"it-IT","potentialAction":[{"@type":"ReadAction","target":["https:\/\/www.accuratereviews.com\/it\/project-management-online-lista-software\/designfiles-recensione\/"]}]},{"@type":"ImageObject","inLanguage":"it-IT","@id":"https:\/\/www.accuratereviews.com\/it\/project-management-online-lista-software\/designfiles-recensione\/#primaryimage","url":"https:\/\/www.accuratereviews.com\/wp-content\/uploads\/2019\/10\/Schermata-2019-10-04-alle-09.47.24.png","contentUrl":"https:\/\/www.accuratereviews.com\/wp-content\/uploads\/2019\/10\/Schermata-2019-10-04-alle-09.47.24.png","width":386,"height":110},{"@type":"BreadcrumbList","@id":"https:\/\/www.accuratereviews.com\/it\/project-management-online-lista-software\/designfiles-recensione\/#breadcrumb","itemListElement":[{"@type":"ListItem","position":1,"name":"Home","item":"https:\/\/www.accuratereviews.com\/it\/"},{"@type":"ListItem","position":2,"name":"Project Management Online","item":"https:\/\/www.accuratereviews.com\/it\/project-management-online-lista-software\/"},{"@type":"ListItem","position":3,"name":"DesignFiles"}]},{"@type":"WebSite","@id":"https:\/\/www.accuratereviews.com\/it\/#website","url":"https:\/\/www.accuratereviews.com\/it\/","name":"Accurate Reviews","description":"","potentialAction":[{"@type":"SearchAction","target":{"@type":"EntryPoint","urlTemplate":"https:\/\/www.accuratereviews.com\/it\/?s={search_term_string}"},"query-input":{"@type":"PropertyValueSpecification","valueRequired":true,"valueName":"search_term_string"}}],"inLanguage":"it-IT"}]}},"_links":{"self":[{"href":"https:\/\/www.accuratereviews.com\/it\/wp-json\/wp\/v2\/pages\/18848","targetHints":{"allow":["GET"]}}],"collection":[{"href":"https:\/\/www.accuratereviews.com\/it\/wp-json\/wp\/v2\/pages"}],"about":[{"href":"https:\/\/www.accuratereviews.com\/it\/wp-json\/wp\/v2\/types\/page"}],"author":[{"embeddable":true,"href":"https:\/\/www.accuratereviews.com\/it\/wp-json\/wp\/v2\/users\/17"}],"replies":[{"embeddable":true,"href":"https:\/\/www.accuratereviews.com\/it\/wp-json\/wp\/v2\/comments?post=18848"}],"version-history":[{"count":4,"href":"https:\/\/www.accuratereviews.com\/it\/wp-json\/wp\/v2\/pages\/18848\/revisions"}],"predecessor-version":[{"id":33649,"href":"https:\/\/www.accuratereviews.com\/it\/wp-json\/wp\/v2\/pages\/18848\/revisions\/33649"}],"up":[{"embeddable":true,"href":"https:\/\/www.accuratereviews.com\/it\/wp-json\/wp\/v2\/pages\/8333"}],"wp:featuredmedia":[{"embeddable":true,"href":"https:\/\/www.accuratereviews.com\/it\/wp-json\/wp\/v2\/media\/18849"}],"wp:attachment":[{"href":"https:\/\/www.accuratereviews.com\/it\/wp-json\/wp\/v2\/media?parent=18848"}],"wp:term":[{"taxonomy":"category","embeddable":true,"href":"https:\/\/www.accuratereviews.com\/it\/wp-json\/wp\/v2\/categories?post=18848"},{"taxonomy":"post_tag","embeddable":true,"href":"https:\/\/www.accuratereviews.com\/it\/wp-json\/wp\/v2\/tags?post=18848"},{"taxonomy":"features","embeddable":true,"href":"https:\/\/www.accuratereviews.com\/it\/wp-json\/wp\/v2\/features?post=18848"}],"curies":[{"name":"wp","href":"https:\/\/api.w.org\/{rel}","templated":true}]}}