{"id":18853,"date":"2019-10-04T12:54:53","date_gmt":"2019-10-04T12:54:53","guid":{"rendered":"https:\/\/www.accuratereviews.com\/?page_id=18853"},"modified":"2019-10-04T12:54:53","modified_gmt":"2019-10-04T12:54:53","slug":"bqe-core-recensione","status":"publish","type":"page","link":"https:\/\/www.accuratereviews.com\/it\/project-management-online-lista-software\/bqe-core-recensione\/","title":{"rendered":"BQE Core"},"content":{"rendered":"<p><strong>BQE Core<\/strong> \u00e8 una soluzione di gestione aziendale che fornisce strumenti per la contabilit\u00e0, la fatturazione e la<strong> gestione dei progetti<\/strong> di societ\u00e0 di servizi professionali. \u00c8 un software completo che offre strumenti per tenersi sempre in contatto con le operazioni aziendali, automatizzare le fasi del flusso di lavoro e avere la situazione sotto controllo in ogni momento e in ogni luogo.\u00a0Con <strong>BQE Core<\/strong>, le aziende hanno i mezzi per tenere traccia dei clienti, monitorare i progetti in corso e avere un controllo sul loro budget. La soluzione aiuta anche a individuare quali progetti sono redditizi o meno,\u00a0gli utenti sono in grado di dare un&#8217;occhiata rapida ma completa alle loro operazioni attraverso i dashboard. Questi sono personalizzabili per riflettere le informazioni a cui manager e dirigenti devono accedere in momenti diversi. Possono anche creare un numero illimitato di dashboard in modo da poter esaminare contemporaneamente diversi tipi di dati che vengono automaticamente aggiornati non appena vengono inserite nuove informazioni nel sistema. Ci\u00f2 consente loro di prendere decisioni intelligenti in momenti decisivi.\u00a0Il team di supporto \u00e8 pronto nelle risposte e fa del suo meglio per risolvere rapidamente i problemi.<\/p>\n<h2>BQE CORE &#8211; TUTORIAL<\/h2>\n<p>Ecco un tutorial in cui spiega le principali funzioni di questo <strong>software Project Management:\u00a0<\/strong><\/p>\n<div id=\"fluid-wrapper-counter-1\" class=\"g1-fluid-wrapper \" style=\"width:686px;\">\n<div style=\"padding-bottom:56.268221574344%;\"><iframe loading=\"lazy\" title=\"Getting Started with BQE Core\" width=\"686\" height=\"386\" src=\"https:\/\/www.youtube.com\/embed\/-jwZGrECmkI?feature=oembed&amp;wmode=transparent&amp;autohide=1&amp;autoplay=0&amp;disablekb=0&amp;fs=1&amp;loop=0&amp;enablejsapi=1&amp;rel=0&amp;controls=2&amp;showinfo=0&amp;wmode=transparent&amp;autohide=2&amp;autoplay=0&amp;disablekb=0&amp;fs=1&amp;loop=0&amp;enablejsapi=1&amp;rel=0&amp;controls=2&amp;showinfo=1\" frameborder=\"0\" allow=\"accelerometer; autoplay; encrypted-media; gyroscope; picture-in-picture\" allowfullscreen><\/iframe><\/div>\n<\/div>\n<h3>BQE CORE &#8211; CARATTERISTICHE<\/h3>\n<ul>\n<li><strong>Gestione di progetto<\/strong>: mantieni i tuoi progetti e il tuo budget in linea e il tuo personale organizzato ed efficiente<\/li>\n<li><strong>Tempistiche e spese<\/strong>: semplifica la gestione dei tempi e il monitoraggio delle spese per l&#8217;intera azienda<\/li>\n<li><strong>Fatturazione<\/strong>: accelera il flusso di cassa riducendo il tempo necessario per la fatturazione e il pagamento<\/li>\n<li><strong>Contabilit\u00e0<\/strong>: gestisci tutte le tue transazioni finanziarie e la contabilit\u00e0 in un unico posto<\/li>\n<li><strong>Rapporti<\/strong>: ottieni una visibilit\u00e0 completa in ogni elemento della tua azienda con report completi e automatizzati<\/li>\n<li><strong>Mobile<\/strong>: gestisci la tua attivit\u00e0 in viaggio con app native per iOS e Android<\/li>\n<li><strong>Integrazioni<\/strong>: connettiti perfettamente con altri strumenti che usi per un comodo accesso a tutto ci\u00f2 di cui hai bisogno<\/li>\n<\/ul>\n<h4>LE RECENSIONI DEGLI UTENTI<\/h4>\n<h4>Dale R. &#8220;Ottimo strumento per studi di architetti&#8221;<\/h4>\n<p><strong>Commenti:<\/strong> Nel complesso, questo \u00e8 un buon strumento di gestione per studi di architetti. Lo abbiamo usato negli ultimi 10 anni e lo troviamo prezioso in tutto ci\u00f2 che facciamo nella gestione dei progetti e nella gestione del business.<\/p>\n<p><strong>Vantaggi<\/strong>: il prodotto \u00e8 ottimo per la gestione di un progetto dalle note di tempo e spese alla gestione dei documenti. Gestisce inoltre i contatti dell&#8217;ufficio e il calendario degli eventi per tutti i dipendenti. Ti dar\u00e0 in tempo reale se stai guadagnando o perdendo soldi per un progetto. Tiene traccia e crea la fatturazione per tutti i clienti del progetto. Se si utilizza QuickBooks, viene integrato direttamente con quel software per una gestione contabile completa. \u00c8 un ottimo strumento per gli architetti in quanto \u00e8 formattato per ci\u00f2 che facciamo (attivit\u00e0 e fasi dei progetti). Se disponi di una connessione Internet, puoi accedere a questo programma mentre sei in viaggio,<\/p>\n<p><strong>Inconvenienti<\/strong>: quando si apre il file di progetto, sono necessari 2 o 3 clic per aprire un file, come Word, PDF e AutoCAD. Molto, molto frustrante. Molti dei miei dipendenti non usano la funzione e usano semplicemente il file manager di Windows per aprire e spostare i file. Non dovremmo farlo. Usa Java in background per alcune delle sue operazioni, e non sono un fan di Java &#8230; si aggiorna sempre. L&#8217;aggiornamento del software \u00e8 alquanto difficile per la persona che non \u00e8 un secchione.<\/p>\n<h4>Christine S.:<\/h4>\n<p><strong>Commenti:<\/strong> Abbiamo avuto i nostri alti e bassi. Dopo un paio di giorni al telefono con l&#8217;assistenza clienti, le cose sono state chiarite e risolte. Ora capisco alcuni dei miei problemi e come risolverli. \u00c8 davvero la prima volta che mi sento a mio agio con la mia scelta nel software. Man mano che imparo cose nuove, ci gioco di pi\u00f9 e parlo con l&#8217;assistenza clienti, cose che pensavo potessero essere degli svantaggiatori, in realt\u00e0 non lo sono. Dobbiamo tutti accettare il cambiamento, e per me come ex programmatore di sviluppo, ci sono abituato. Nel nostro software esistente non lo sostituivo perch\u00e9 dovevo affrontarlo solo per un anno, dato che sono un po &#8216;il nuovo dipendente. S\u00ec, ho esaminato diverse opzioni software. S\u00ec, alcuni avevano pi\u00f9 funzioni di altri, altri meno. Sar\u00e0 piuttosto difficile trovare un software sostitutivo esattamente come quello che stai sostituendo. La mia recensione originale affermava che c&#8217;erano molti bug. Non sono pi\u00f9 cos\u00ec sicuro di questa affermazione. Per me, funziona meglio con Crome che Edge. Ho avuto alcuni problemi durante l&#8217;esecuzione in Edge. Questo potrebbe essere un problema che da allora \u00e8 stato risolto, ma sto bene con Chrome.<\/p>\n<p><strong>Vantaggi:<\/strong> ho avuto pi\u00f9 tempo con il software dalla mia ultima recensione. Man mano che converto lentamente i vecchi dati delle aziende in questo nuovo software, le cose si stanno sistemando rapidamente. Mi sto sintonizzando con il software. Imparando piccole cose che non sapevo dove fosse, sia giocando e parlando con l&#8217;assistenza clienti. Questo software \u00e8 facile da imparare. Non una vera curva di apprendimento, supponendo che tu abbia familiarit\u00e0 con la gestione del progetto, la contabilit\u00e0, l&#8217;impostazione del progetto o che tu abbia persone che hanno familiarit\u00e0 con quelle aree. Faccio tutto e sostanzialmente mantengo tutto per tutti gli altri.<\/p>\n<p><strong>Inconvenienti<\/strong>: Non ne ho molti, ma se dovessi scegliere &#8230; non sono davvero contro, poich\u00e9 spero che si espandano a questi in seguito. L&#8217;API con Office 365 \/ Outlook sarebbe un bel bonus in pi\u00f9. Per me, in particolare Outlook. Anche API con la versione desktop di Quickbooks. Questo non \u00e8 un grosso problema, poich\u00e9 spero anche di eliminare gradualmente il QB e utilizzare quel software solo per il libro paga. Che avr\u00f2 quindi un&#8217;API se vado con QB Online \/ libro paga. User\u00f2 sempre il QB per le buste paga, quindi sono abituato a scrivere voci di giornale nei sistemi per riflettere i numeri delle buste paga. Questa non \u00e8 una difficolt\u00e0 per me.<\/p>\n<h4>Jaydra P.: &#8220;Fantastico prodotto! Pratico, personalizzabile e con un buon rapporto qualit\u00e0-prezzo.&#8221;<\/h4>\n<p><strong>Commenti<\/strong>: Questo prodotto mi fa risparmiare tempo e organizza tutti i miei casi in modo da non perdere mai scadenze importanti o attivit\u00e0 di follow-up. Ne vale la pena.<\/p>\n<p><strong>Vantaggi<\/strong>: 1) Ha un bell&#8217;aspetto ed \u00e8 facile da usare perch\u00e9 \u00e8 organizzato in modo intuitivo.\u00a02) \u00c8 anche incredibilmente personalizzabile. Esistono molti modi per filtrare i report e modificare chi vede quali report e quando, mi fa impazzire. Ho fatto cos\u00ec tante cose per personalizzare questo software in base alle esigenze della mia azienda e mi sento ancora come se avessi appena graffiato la superficie. Ci\u00f2 significa anche che continuer\u00e0 ad essere utile man mano che la mia azienda cresce, il che \u00e8 incredibilmente prezioso.<br \/>\n3) \u00c8 un software basato su cloud, il che significa che non devo mai preoccuparmi di installare gli ultimi aggiornamenti. \u00c8 anche un ulteriore livello aggiuntivo di sicurezza dei dati perch\u00e9 i dati non sono ospitati sul mio server interno dell&#8217;ufficio.<br \/>\n4) Il tempo di tracciamento \u00e8 facile e una volta che le ore sono state fatturate al cliente, vengono contrassegnate nel sistema (questa pu\u00f2 sembrare una funzionalit\u00e0 piuttosto semplice, ma \u00e8 stato sorprendentemente difficile da trovare in un software di gestione dei casi).<br \/>\n5) Parla con QuickBooks online ed \u00e8 facile trasferire dati. Fa risparmiare molto tempo per trasferire fatture e altri dati dal software di gestione del progetto direttamente nel mio sistema di contabilit\u00e0.<br \/>\n6) Il servizio clienti e il supporto di follow-up sono fantastici. Ho seguito l&#8217;implementazione iniziale, che mi ha reso operativo quasi immediatamente &#8211; pochissimo tempo di lavoro investito nell&#8217;implementazione. Dopo aver utilizzato il software per alcune settimane, ho programmato una sessione di formazione individuale con un trainer BQE per ottenere risposte a tutte le mie domande specifiche dell&#8217;azienda, il che \u00e8 stato fantastico.<\/p>\n<p><strong>Inconvenienti<\/strong>: la mia unica lamentela (minore) \u00e8 che non funziona ancora come CRM. Spero che aggiungano questa funzione perch\u00e9 non vedo l&#8217;ora di incorporare quei dati e la funzione nello stesso sistema della mia gestione dei casi.<\/p>\n","protected":false},"excerpt":{"rendered":"<p>BQE Core \u00e8 una soluzione di gestione aziendale che fornisce strumenti per la contabilit\u00e0, la fatturazione e la gestione dei progetti di societ\u00e0 di servizi professionali. \u00c8 un software completo che offre strumenti per tenersi sempre in contatto con le operazioni aziendali, automatizzare le fasi del flusso di lavoro e avere la situazione sotto controllo in ogni momento e in ogni luogo.\u00a0<\/p>\n","protected":false},"author":19,"featured_media":18859,"parent":8333,"menu_order":0,"comment_status":"open","ping_status":"closed","template":"g1_template_page_review_new.php","meta":{"_acf_changed":false,"cwp_meta_box_check":"Yes","cwp_rev_product_name":"","cwp_rev_product_image":"","wppr_links":[],"cwp_rev_price":"","wppr_options":[],"wppr_pros":[],"wppr_cons":[],"_monsterinsights_skip_tracking":false,"_monsterinsights_sitenote_active":false,"_monsterinsights_sitenote_note":"","_monsterinsights_sitenote_category":0,"footnotes":""},"categories":[172],"tags":[1354,1337,1310,1319,1309,1326,1320],"features":[],"class_list":{"0":"post-18853","1":"page","2":"type-page","3":"status-publish","4":"has-post-thumbnail","6":"category-online-project-management-it","7":"tag-bqe-core","8":"tag-programma-gestione-dei-progetti","9":"tag-programma-project-management","10":"tag-software-gestione-progetti","11":"tag-software-project-management","12":"tag-soluzione-gestione-dei-progetti","13":"tag-soluzione-project-management"},"wppr_data":{"cwp_meta_box_check":"Yes","cwp_rev_product_name":"","cwp_rev_product_image":"","cwp_image_link":"image","cwp_rev_price":"","wppr_rating":"0.00"},"acf":[],"yoast_head":"<!-- This site is optimized with the Yoast SEO plugin v27.4 - https:\/\/yoast.com\/product\/yoast-seo-wordpress\/ -->\n<title>Bqe Core: recensione software Project Management - Accurate Reviews<\/title>\n<meta name=\"description\" content=\"BQE Core: recensione soluzione di gestione aziendale che fornisce strumenti per la contabilit\u00e0, la fatturazione e la gestione dei progetti di imprese.\" \/>\n<meta name=\"robots\" content=\"index, follow, max-snippet:-1, max-image-preview:large, max-video-preview:-1\" \/>\n<link rel=\"canonical\" href=\"https:\/\/www.accuratereviews.com\/it\/project-management-online-lista-software\/bqe-core-recensione\/\" \/>\n<meta property=\"og:locale\" content=\"it_IT\" \/>\n<meta property=\"og:type\" content=\"article\" \/>\n<meta property=\"og:title\" content=\"Bqe Core: recensione software Project Management - Accurate Reviews\" \/>\n<meta property=\"og:description\" content=\"BQE Core: recensione soluzione di gestione aziendale che fornisce strumenti per la contabilit\u00e0, la fatturazione e la gestione dei progetti di imprese.\" \/>\n<meta property=\"og:url\" content=\"https:\/\/www.accuratereviews.com\/it\/project-management-online-lista-software\/bqe-core-recensione\/\" \/>\n<meta property=\"og:site_name\" content=\"Accurate Reviews\" \/>\n<meta property=\"og:image\" content=\"https:\/\/www.accuratereviews.com\/wp-content\/uploads\/2019\/10\/core_bqe.jpg\" \/>\n\t<meta property=\"og:image:width\" content=\"5104\" \/>\n\t<meta property=\"og:image:height\" content=\"2000\" \/>\n\t<meta property=\"og:image:type\" content=\"image\/jpeg\" \/>\n<meta name=\"twitter:card\" content=\"summary_large_image\" \/>\n<meta name=\"twitter:label1\" content=\"Tempo di lettura stimato\" \/>\n\t<meta name=\"twitter:data1\" content=\"6 minuti\" \/>\n<script type=\"application\/ld+json\" class=\"yoast-schema-graph\">{\"@context\":\"https:\\\/\\\/schema.org\",\"@graph\":[{\"@type\":\"WebPage\",\"@id\":\"https:\\\/\\\/www.accuratereviews.com\\\/it\\\/project-management-online-lista-software\\\/bqe-core-recensione\\\/\",\"url\":\"https:\\\/\\\/www.accuratereviews.com\\\/it\\\/project-management-online-lista-software\\\/bqe-core-recensione\\\/\",\"name\":\"Bqe Core: recensione software Project Management - Accurate Reviews\",\"isPartOf\":{\"@id\":\"https:\\\/\\\/www.accuratereviews.com\\\/it\\\/#website\"},\"primaryImageOfPage\":{\"@id\":\"https:\\\/\\\/www.accuratereviews.com\\\/it\\\/project-management-online-lista-software\\\/bqe-core-recensione\\\/#primaryimage\"},\"image\":{\"@id\":\"https:\\\/\\\/www.accuratereviews.com\\\/it\\\/project-management-online-lista-software\\\/bqe-core-recensione\\\/#primaryimage\"},\"thumbnailUrl\":\"https:\\\/\\\/www.accuratereviews.com\\\/wp-content\\\/uploads\\\/2019\\\/10\\\/core_bqe.jpg\",\"datePublished\":\"2019-10-04T12:54:53+00:00\",\"description\":\"BQE Core: recensione soluzione di gestione aziendale che fornisce strumenti per la contabilit\u00e0, la fatturazione e la gestione dei progetti di imprese.\",\"breadcrumb\":{\"@id\":\"https:\\\/\\\/www.accuratereviews.com\\\/it\\\/project-management-online-lista-software\\\/bqe-core-recensione\\\/#breadcrumb\"},\"inLanguage\":\"it-IT\",\"potentialAction\":[{\"@type\":\"ReadAction\",\"target\":[\"https:\\\/\\\/www.accuratereviews.com\\\/it\\\/project-management-online-lista-software\\\/bqe-core-recensione\\\/\"]}]},{\"@type\":\"ImageObject\",\"inLanguage\":\"it-IT\",\"@id\":\"https:\\\/\\\/www.accuratereviews.com\\\/it\\\/project-management-online-lista-software\\\/bqe-core-recensione\\\/#primaryimage\",\"url\":\"https:\\\/\\\/www.accuratereviews.com\\\/wp-content\\\/uploads\\\/2019\\\/10\\\/core_bqe.jpg\",\"contentUrl\":\"https:\\\/\\\/www.accuratereviews.com\\\/wp-content\\\/uploads\\\/2019\\\/10\\\/core_bqe.jpg\",\"width\":5104,\"height\":2000},{\"@type\":\"BreadcrumbList\",\"@id\":\"https:\\\/\\\/www.accuratereviews.com\\\/it\\\/project-management-online-lista-software\\\/bqe-core-recensione\\\/#breadcrumb\",\"itemListElement\":[{\"@type\":\"ListItem\",\"position\":1,\"name\":\"Home\",\"item\":\"https:\\\/\\\/www.accuratereviews.com\\\/it\\\/\"},{\"@type\":\"ListItem\",\"position\":2,\"name\":\"Project Management Online\",\"item\":\"https:\\\/\\\/www.accuratereviews.com\\\/it\\\/project-management-online-lista-software\\\/\"},{\"@type\":\"ListItem\",\"position\":3,\"name\":\"BQE Core\"}]},{\"@type\":\"WebSite\",\"@id\":\"https:\\\/\\\/www.accuratereviews.com\\\/it\\\/#website\",\"url\":\"https:\\\/\\\/www.accuratereviews.com\\\/it\\\/\",\"name\":\"Accurate Reviews\",\"description\":\"\",\"potentialAction\":[{\"@type\":\"SearchAction\",\"target\":{\"@type\":\"EntryPoint\",\"urlTemplate\":\"https:\\\/\\\/www.accuratereviews.com\\\/it\\\/?s={search_term_string}\"},\"query-input\":{\"@type\":\"PropertyValueSpecification\",\"valueRequired\":true,\"valueName\":\"search_term_string\"}}],\"inLanguage\":\"it-IT\"}]}<\/script>\n<!-- \/ Yoast SEO plugin. -->","yoast_head_json":{"title":"Bqe Core: recensione software Project Management - Accurate Reviews","description":"BQE Core: recensione soluzione di gestione aziendale che fornisce strumenti per la contabilit\u00e0, la fatturazione e la gestione dei progetti di imprese.","robots":{"index":"index","follow":"follow","max-snippet":"max-snippet:-1","max-image-preview":"max-image-preview:large","max-video-preview":"max-video-preview:-1"},"canonical":"https:\/\/www.accuratereviews.com\/it\/project-management-online-lista-software\/bqe-core-recensione\/","og_locale":"it_IT","og_type":"article","og_title":"Bqe Core: recensione software Project Management - Accurate Reviews","og_description":"BQE Core: recensione soluzione di gestione aziendale che fornisce strumenti per la contabilit\u00e0, la fatturazione e la gestione dei progetti di imprese.","og_url":"https:\/\/www.accuratereviews.com\/it\/project-management-online-lista-software\/bqe-core-recensione\/","og_site_name":"Accurate Reviews","og_image":[{"width":5104,"height":2000,"url":"https:\/\/www.accuratereviews.com\/wp-content\/uploads\/2019\/10\/core_bqe.jpg","type":"image\/jpeg"}],"twitter_card":"summary_large_image","twitter_misc":{"Tempo di lettura stimato":"6 minuti"},"schema":{"@context":"https:\/\/schema.org","@graph":[{"@type":"WebPage","@id":"https:\/\/www.accuratereviews.com\/it\/project-management-online-lista-software\/bqe-core-recensione\/","url":"https:\/\/www.accuratereviews.com\/it\/project-management-online-lista-software\/bqe-core-recensione\/","name":"Bqe Core: recensione software Project Management - Accurate Reviews","isPartOf":{"@id":"https:\/\/www.accuratereviews.com\/it\/#website"},"primaryImageOfPage":{"@id":"https:\/\/www.accuratereviews.com\/it\/project-management-online-lista-software\/bqe-core-recensione\/#primaryimage"},"image":{"@id":"https:\/\/www.accuratereviews.com\/it\/project-management-online-lista-software\/bqe-core-recensione\/#primaryimage"},"thumbnailUrl":"https:\/\/www.accuratereviews.com\/wp-content\/uploads\/2019\/10\/core_bqe.jpg","datePublished":"2019-10-04T12:54:53+00:00","description":"BQE Core: recensione soluzione di gestione aziendale che fornisce strumenti per la contabilit\u00e0, la fatturazione e la gestione dei progetti di imprese.","breadcrumb":{"@id":"https:\/\/www.accuratereviews.com\/it\/project-management-online-lista-software\/bqe-core-recensione\/#breadcrumb"},"inLanguage":"it-IT","potentialAction":[{"@type":"ReadAction","target":["https:\/\/www.accuratereviews.com\/it\/project-management-online-lista-software\/bqe-core-recensione\/"]}]},{"@type":"ImageObject","inLanguage":"it-IT","@id":"https:\/\/www.accuratereviews.com\/it\/project-management-online-lista-software\/bqe-core-recensione\/#primaryimage","url":"https:\/\/www.accuratereviews.com\/wp-content\/uploads\/2019\/10\/core_bqe.jpg","contentUrl":"https:\/\/www.accuratereviews.com\/wp-content\/uploads\/2019\/10\/core_bqe.jpg","width":5104,"height":2000},{"@type":"BreadcrumbList","@id":"https:\/\/www.accuratereviews.com\/it\/project-management-online-lista-software\/bqe-core-recensione\/#breadcrumb","itemListElement":[{"@type":"ListItem","position":1,"name":"Home","item":"https:\/\/www.accuratereviews.com\/it\/"},{"@type":"ListItem","position":2,"name":"Project Management Online","item":"https:\/\/www.accuratereviews.com\/it\/project-management-online-lista-software\/"},{"@type":"ListItem","position":3,"name":"BQE Core"}]},{"@type":"WebSite","@id":"https:\/\/www.accuratereviews.com\/it\/#website","url":"https:\/\/www.accuratereviews.com\/it\/","name":"Accurate Reviews","description":"","potentialAction":[{"@type":"SearchAction","target":{"@type":"EntryPoint","urlTemplate":"https:\/\/www.accuratereviews.com\/it\/?s={search_term_string}"},"query-input":{"@type":"PropertyValueSpecification","valueRequired":true,"valueName":"search_term_string"}}],"inLanguage":"it-IT"}]}},"_links":{"self":[{"href":"https:\/\/www.accuratereviews.com\/it\/wp-json\/wp\/v2\/pages\/18853","targetHints":{"allow":["GET"]}}],"collection":[{"href":"https:\/\/www.accuratereviews.com\/it\/wp-json\/wp\/v2\/pages"}],"about":[{"href":"https:\/\/www.accuratereviews.com\/it\/wp-json\/wp\/v2\/types\/page"}],"author":[{"embeddable":true,"href":"https:\/\/www.accuratereviews.com\/it\/wp-json\/wp\/v2\/users\/19"}],"replies":[{"embeddable":true,"href":"https:\/\/www.accuratereviews.com\/it\/wp-json\/wp\/v2\/comments?post=18853"}],"version-history":[{"count":6,"href":"https:\/\/www.accuratereviews.com\/it\/wp-json\/wp\/v2\/pages\/18853\/revisions"}],"predecessor-version":[{"id":18877,"href":"https:\/\/www.accuratereviews.com\/it\/wp-json\/wp\/v2\/pages\/18853\/revisions\/18877"}],"up":[{"embeddable":true,"href":"https:\/\/www.accuratereviews.com\/it\/wp-json\/wp\/v2\/pages\/8333"}],"wp:featuredmedia":[{"embeddable":true,"href":"https:\/\/www.accuratereviews.com\/it\/wp-json\/wp\/v2\/media\/18859"}],"wp:attachment":[{"href":"https:\/\/www.accuratereviews.com\/it\/wp-json\/wp\/v2\/media?parent=18853"}],"wp:term":[{"taxonomy":"category","embeddable":true,"href":"https:\/\/www.accuratereviews.com\/it\/wp-json\/wp\/v2\/categories?post=18853"},{"taxonomy":"post_tag","embeddable":true,"href":"https:\/\/www.accuratereviews.com\/it\/wp-json\/wp\/v2\/tags?post=18853"},{"taxonomy":"features","embeddable":true,"href":"https:\/\/www.accuratereviews.com\/it\/wp-json\/wp\/v2\/features?post=18853"}],"curies":[{"name":"wp","href":"https:\/\/api.w.org\/{rel}","templated":true}]}}