{"id":18866,"date":"2019-10-04T12:51:44","date_gmt":"2019-10-04T12:51:44","guid":{"rendered":"https:\/\/www.accuratereviews.com\/?page_id=18866"},"modified":"2020-12-10T11:49:59","modified_gmt":"2020-12-10T11:49:59","slug":"priority-matrix-recensione","status":"publish","type":"page","link":"https:\/\/www.accuratereviews.com\/it\/project-management-online-lista-software\/priority-matrix-recensione\/","title":{"rendered":"Priority Matrix"},"content":{"rendered":"<p><strong>Priority Matrix<\/strong> \u00e8 un&#8217;applicazione di<strong> prioritizzazione delle attivit\u00e0<\/strong> visiva e sicura di Appfluence. La soluzione non solo ti consente di assegnare i dipendenti a compiti urgenti, ma anche di identificarli facilmente in base alla tua esigenza con icone e stelle. Offre anche una visibilit\u00e0 senza pari sui progetti, le attivit\u00e0 e i progressi del tuo team attraverso l&#8217;elenco principale. A parte questo, la soluzione ti fornisce anche rapporti giornalieri, settimanali, mensili o specifici per ottenere una migliore visione d&#8217;insieme delle prestazioni dei membri del tuo team. Inoltre, <strong>Priority Matrix<\/strong> ti consente di semplificare le comunicazioni con il tuo team, nonch\u00e9 con i tuoi collaboratori e clienti esterni.\u00a0Ti aiuta ad accertarti che ogni membro del tuo gruppo sia produttivo. I problemi di connessione a internet non devono impedire a te e al tuo team di svolgere le vostre attivit\u00e0. Con questo programma, puoi essere certo che i tuoi progressi vengono salvati e sincronizzati con il<strong> cloud<\/strong> una volta ripristinata la connessione. Pertanto, puoi essere produttivo anche in assenza di Wi-Fi.<\/p>\n<h2>PRIORITY MATRIX &#8211; TUTORIAL<\/h2>\n<p>Il video tutorial che segue ti aiuter\u00e0 a comprendere meglio questo<strong> programma di Project Management:<\/strong><\/p>\n<div id=\"fluid-wrapper-counter-1\" class=\"g1-fluid-wrapper \" style=\"width:686px;\">\n<div style=\"padding-bottom:56.268221574344%;\"><iframe loading=\"lazy\" title=\"Priority Matrix for Web -- Managing priorities make easy.\" width=\"686\" height=\"386\" src=\"https:\/\/www.youtube.com\/embed\/LcTiJGl7zKc?feature=oembed&amp;wmode=transparent&amp;autohide=1&amp;autoplay=0&amp;disablekb=0&amp;fs=1&amp;loop=0&amp;enablejsapi=1&amp;rel=0&amp;controls=2&amp;showinfo=0&amp;wmode=transparent&amp;autohide=2&amp;autoplay=0&amp;disablekb=0&amp;fs=1&amp;loop=0&amp;enablejsapi=1&amp;rel=0&amp;controls=2&amp;showinfo=1\" frameborder=\"0\" allow=\"accelerometer; autoplay; clipboard-write; encrypted-media; gyroscope; picture-in-picture\" allowfullscreen><\/iframe><\/div>\n<\/div>\n<h3>PRIORITY MATRIX &#8211; CARATTERISTICHE<\/h3>\n<ul>\n<li><strong>Non perdere i compiti assegnati<\/strong>: vederi facilmente chi sta lavorando su cosa in un dato momento. Usa tag, filtri, ordinamento e ricerca per non perdere mai pi\u00f9 traccia di un&#8217;attivit\u00e0<\/li>\n<li><strong>Rapporti accurati<\/strong>: ricevi rapporti giornalieri, settimanali o specifici per tenere traccia dello stato del tuo team e dei tuoi progetti. Genera facilmente rapporti di singoli compagni di squadra per revisioni complete delle prestazioni<\/li>\n<li><strong>Saprai sempre cosa succede:<\/strong> usa gli elementi in tempo reale e i flussi di cronologia del progetto per tenerti aggiornato. Vedi conversazioni e progressi per ogni singola attivit\u00e0 o per interi progetti<\/li>\n<li><strong>Identificazione rapida dei punti cruciali:<\/strong> classifica visivamente le attivit\u00e0 usando icone e stelle per identificare rapidamente i tipi di attivit\u00e0 che hai a portata di mano e per distinguere le attivit\u00e0 pi\u00f9 importanti<\/li>\n<li><strong>Panoramica principale<\/strong>: usa l&#8217;elenco principale per una panoramica generale di tutti i tuoi progetti e progressi o ottieni un&#8217;istantanea dei progressi del progetto guardando le caselle<\/li>\n<li><strong>Mantenere traccia di tutti i dettagli<\/strong>: aggiungi icone, note, date, progressi, file, stime \u00a0e altro per tenere traccia di tutte le piccole cose senza sforzo. Ordinare in base a questi criteri per visualizzare le attivit\u00e0 che si avvicinano maggiormente o quelle che richiedono il massimo sforzo.<\/li>\n<li><strong>Condividi e gestisci file facilmente<\/strong>: trascina i file nel progetto desiderato per caricarli e organizzarli. Aggiungi date di scadenza, note e altro a ciascun file: se hai una scadenza per il documento, carica semplicemente, data e assegna per garantire la consegna puntuale<\/li>\n<li><strong>Sincronizza sui dispositivi<\/strong>: \u00a0sia che tu preferisca lavorare su Mac, Windows, iPhone, iPad o Android questo programma sincronizza tutto sui tuoi dispositivi.<\/li>\n<\/ul>\n<h4>LE RECENSIONE DELGI UTENTI<\/h4>\n<h4>Pete M: &#8220;Strumento di produttivit\u00e0 pratico e ben progettato con un eccellente supporto clienti&#8221;<\/h4>\n<p><strong>Vantaggi<\/strong>: Priority Matrix \u00e8 diventato praticamente indispensabile per me nella gestione del mio progetto. Come consulente indipendente, lo trovo uno strumento potente e utile per tenere traccia delle mie responsabilit\u00e0 verso i miei clienti, registrare e tenere traccia degli impegni in sospeso e gestire tutto, dalle scadenze ai fornitori alla fatturazione. Non c&#8217;\u00e8 un giorno in cui non lo uso, e quasi non un giorno in cui non ne sono molto contento. Inoltre, ho trovato il supporto clienti superbo: veloce, informato, conciso e disponibile. Ora ho iniziato ad usarlo con alcuni dei miei subappaltatori, e stanno trovando anche preziosa utilit\u00e0 in esso &#8211; anche se PM ci consente di coordinare i nostri progetti condivisi in modo elegante e semplice a distanza. In particolare, possiamo assegnarci reciprocamente compiti in progetti condivisi, tenere traccia dei progressi reciproci, lasciare reciprocamente modifiche, commenti e documenti collegati e altro ancora. Funziona come uno schiocco. PM ha anche recentemente migliorato la capacit\u00e0 di inviare e-mail direttamente dalla finestra (utilizzo Gmail) a progetti PM, anche con scadenze, che \u00e8 un altro aggiornamento che ho valutato. Infine, l&#8217;integrazione tra le piattaforme \u00e8 perfetta (la uso sul mio iPhone, sul mio iPad e sul mio Mac). In breve: per me \u00e8 stato un prodotto molto utile, facile da imparare e applicare, con un ottimo team di supporto.<\/p>\n<p><strong>Inconvenienti<\/strong>: se potessi cambiare una cosa, sarei in grado di realizzare matrici per progetti sotto-matrici di altri progetti. Ad esempio, ho diversi progetti che gestisco simultaneamente per i singoli clienti e la complessit\u00e0 dei lavori mi richiede di impostare le loro matrici per ciascun progetto. Ma sarebbe utile se quei progetti potessero essere integrati tutti insieme sotto il cliente. Gradirei anche un modo rapido per PM di dirmi ogni settimana quali scadenze per le attivit\u00e0 si stanno avvicinando.<\/p>\n<h4 class=\"font-weight-bold my-1 d-flex align-items-center\">Carolyn N. &#8220;Un ottimo prodotto per mantenere concentrazione e produttivit\u00e0&#8221;<\/h4>\n<p class=\"font-weight-bold my-1 d-flex align-items-center\"><strong>Commenti<\/strong>: lavoro da solo, gestisco pi\u00f9 progetti e pi\u00f9 di un&#8217;azienda. Priority Matrix mi permette di vedere quanto sto facendo e identificare ci\u00f2 che \u00e8 realistico. Ho la tendenza a voler fare pi\u00f9 di quanto sia possibile. Priority Matrix \u00e8 semplice e mi permette di delineare ogni progetto che ho e le fasi per il completamento. \u00c8 facile tenere traccia dei progressi, aggiungere note e delegare quando ho bisogno di qualcun altro coinvolto. A seconda del progetto, scelgo la matrice migliore per l&#8217;attivit\u00e0. Aiuta a chiarire e focalizzare ci\u00f2 che deve essere fatto e entro quando, ed \u00e8 molto facile da usare. Inoltre, poich\u00e9 crea un&#8217;immagine per ci\u00f2 che sto facendo posso vedere lo scopo di ogni progetto e questo mi permette di mantenere un migliore equilibrio nella mia vita. Ho eliminato i progetti con scadenze simultanee e sono molto pi\u00f9 chiaro su ci\u00f2 che \u00e8 possibile, e questo alla fine mi rende pi\u00f9 produttivo. La matrice del progetto mi consente di selezionare e suddividere le attivit\u00e0 in modo da poter identificare cosa posso fare a seconda del tempo disponibile e delle scadenze. Product Matrix \u00e8 un&#8217;applicazione che funziona per me e mi mantiene concentrato, su attivit\u00e0 e aumenta la mia produttivit\u00e0.<\/p>\n<p><strong>Vantaggi<\/strong>: Priority Matrix \u00e8 un programma cos\u00ec facile da usare e ci sono cos\u00ec tante opzioni che mi permettono di farlo funzionare come devo fare per il mio compito. Il fatto che tu possa scegliere tra le diverse matrici, fa di nuovo che funzioni nel modo che mi serve a seconda del progetto. Essere in grado di impostare scadenze, promemoria, tenere traccia delle note, aggiungere persone a un progetto, tenere traccia delle modifiche e visualizzare i rapporti, in modo da avere una visione globale di come stai gestendo i tuoi progetti, fornisce le informazioni che ti forniscono informazioni sulle tue capacit\u00e0 di gestione del progetto e migliorare. Mentre il programma fornisce struttura ai progetti, allo stesso tempo ti consente di personalizzare il modo in cui lo configuri in base a ci\u00f2 di cui hai bisogno.<\/p>\n<p><strong>Inconvenienti<\/strong>: Vorrei vedere pi\u00f9 spazio per le note e i dettagli del progetto. Tutte le informazioni sono l\u00ec ma sacrificate. Mi piacerebbe vedere le opzioni per colori davvero brillanti quando scegli le tue combinazioni di colori.<\/p>\n<h4>Amirah M. &#8220;Il PM \u00e8 meraviglioso!&#8221;<\/h4>\n<p><strong>Commenti<\/strong>: Sono uno studente di dottorato, in un campo STEM, che ha anche problemi di apprendimento e altri problemi cognitivi. Un fantastico consulente per le risorse sulla disabilit\u00e0 mi ha fatto conoscere il modello di matrice prioritaria, ma per farlo funzionare davvero per me avevo bisogno almeno di un&#8217;applicazione online, sicura, multipiattaforma, ricercabile, collegata al calendario. Pensavo che avrei dovuto costruire qualcosa da solo, cosa che non ho davvero le capacit\u00e0 o il tempo per fare. Grazie al cielo c&#8217;\u00e8 PM. \u00c8 stato magico e lo consiglio a tutti! Le uniche cose che sottraggono dall&#8217;esperienza: l&#8217;interfaccia utente potrebbe usare un po &#8216;di aiuto per la progettazione, l&#8217;app per Android \u00e8 un po&#8217; instabile e mi piacerebbe vedere alcuni trucchi di passaggi e suggerimenti che potrei tenere a portata di mano perch\u00e9, in funzione del mio particolare disabilit\u00e0, ho problemi di memoria soprattutto con le attivit\u00e0 di interfaccia multi-step.<\/p>\n<p><strong>Vantaggi<\/strong>: molti sono difficili da capire. Ci sono molte cose che amo di PM. Forse ci\u00f2 che lo rende particolarmente funzionale per me \u00e8 che funziona su molte piattaforme. Devo spostarmi tra i sistemi Android e Mac ogni giorno, quindi ora prendo in considerazione solo software in grado di adattarlo. Adoro le estensioni del browser, le opzioni di personalizzazione e l&#8217;integrazione del calendario di Google.<\/p>\n<p><strong>Inconvenienti<\/strong>: l&#8217;interfaccia utente \u00e8 un po &#8216;impegnativa. Per un software cos\u00ec ricco di funzionalit\u00e0, capisco perfettamente quanto sia difficile rendere l&#8217;interfaccia completamente ovvia, ma le icone utilizzate sono, almeno per me, non molto intuitive. Anche il menu della barra laterale per personalizzare le attivit\u00e0 \u00e8 problematico.<\/p>\n","protected":false},"excerpt":{"rendered":"<p>Priority Matrix \u00e8 un&#8217;applicazione di prioritizzazione delle attivit\u00e0 visiva e sicura di Appfluence. La soluzione non solo ti consente di assegnare i dipendenti a compiti urgenti, ma ti consente anche di identificarli facilmente in base alla tua esigenza con icone e stelle. Offre anche una visibilit\u00e0 senza pari sui progetti, le attivit\u00e0 e i progressi del tuo team attraverso l&#8217;elenco principale.<\/p>\n","protected":false},"author":19,"featured_media":18871,"parent":8333,"menu_order":0,"comment_status":"open","ping_status":"closed","template":"g1_template_page_review_new.php","meta":{"_acf_changed":false,"cwp_meta_box_check":"Yes","cwp_rev_product_name":"","cwp_rev_product_image":"","wppr_links":[],"cwp_rev_price":"","wppr_options":[],"wppr_pros":[],"wppr_cons":[],"_monsterinsights_skip_tracking":false,"_monsterinsights_sitenote_active":false,"_monsterinsights_sitenote_note":"","_monsterinsights_sitenote_category":0,"footnotes":""},"categories":[172],"tags":[1355,1337,1310,1311,1309,1326,1320],"features":[],"class_list":{"0":"post-18866","1":"page","2":"type-page","3":"status-publish","4":"has-post-thumbnail","6":"category-online-project-management-it","7":"tag-priority-matrix","8":"tag-programma-gestione-dei-progetti","9":"tag-programma-project-management","10":"tag-software-gestione-dei-progetti","11":"tag-software-project-management","12":"tag-soluzione-gestione-dei-progetti","13":"tag-soluzione-project-management"},"wppr_data":{"cwp_meta_box_check":"Yes","cwp_rev_product_name":"","cwp_rev_product_image":"","cwp_image_link":"image","cwp_rev_price":"","wppr_rating":"0.00"},"acf":[],"yoast_head":"<!-- This site is optimized with the Yoast SEO plugin v27.4 - https:\/\/yoast.com\/product\/yoast-seo-wordpress\/ -->\n<title>Priority Matrix: recensione sofware Project Management Accurate Reviews<\/title>\n<meta name=\"description\" content=\"Priority Matrix: recensione del software di project management che ti permette di semplificare le comunicazioni e il lavoro con il tuo team.\" \/>\n<meta name=\"robots\" content=\"index, follow, max-snippet:-1, max-image-preview:large, max-video-preview:-1\" \/>\n<link rel=\"canonical\" href=\"https:\/\/www.accuratereviews.com\/it\/project-management-online-lista-software\/priority-matrix-recensione\/\" \/>\n<meta property=\"og:locale\" content=\"it_IT\" \/>\n<meta property=\"og:type\" content=\"article\" \/>\n<meta property=\"og:title\" content=\"Priority Matrix: recensione sofware Project Management Accurate Reviews\" \/>\n<meta property=\"og:description\" content=\"Priority Matrix: recensione del software di project management che ti permette di semplificare le comunicazioni e il lavoro con il tuo team.\" \/>\n<meta property=\"og:url\" content=\"https:\/\/www.accuratereviews.com\/it\/project-management-online-lista-software\/priority-matrix-recensione\/\" \/>\n<meta property=\"og:site_name\" content=\"Accurate Reviews\" \/>\n<meta property=\"article:modified_time\" content=\"2020-12-10T11:49:59+00:00\" \/>\n<meta property=\"og:image\" content=\"https:\/\/www.accuratereviews.com\/wp-content\/uploads\/2019\/10\/Priority-Matrix-logo-.png\" \/>\n\t<meta property=\"og:image:width\" content=\"678\" \/>\n\t<meta property=\"og:image:height\" content=\"381\" \/>\n\t<meta property=\"og:image:type\" content=\"image\/png\" \/>\n<meta name=\"twitter:card\" content=\"summary_large_image\" \/>\n<meta name=\"twitter:label1\" content=\"Tempo di lettura stimato\" \/>\n\t<meta name=\"twitter:data1\" content=\"7 minuti\" \/>\n<script type=\"application\/ld+json\" class=\"yoast-schema-graph\">{\"@context\":\"https:\\\/\\\/schema.org\",\"@graph\":[{\"@type\":\"WebPage\",\"@id\":\"https:\\\/\\\/www.accuratereviews.com\\\/it\\\/project-management-online-lista-software\\\/priority-matrix-recensione\\\/\",\"url\":\"https:\\\/\\\/www.accuratereviews.com\\\/it\\\/project-management-online-lista-software\\\/priority-matrix-recensione\\\/\",\"name\":\"Priority Matrix: recensione sofware Project Management Accurate Reviews\",\"isPartOf\":{\"@id\":\"https:\\\/\\\/www.accuratereviews.com\\\/it\\\/#website\"},\"primaryImageOfPage\":{\"@id\":\"https:\\\/\\\/www.accuratereviews.com\\\/it\\\/project-management-online-lista-software\\\/priority-matrix-recensione\\\/#primaryimage\"},\"image\":{\"@id\":\"https:\\\/\\\/www.accuratereviews.com\\\/it\\\/project-management-online-lista-software\\\/priority-matrix-recensione\\\/#primaryimage\"},\"thumbnailUrl\":\"https:\\\/\\\/www.accuratereviews.com\\\/wp-content\\\/uploads\\\/2019\\\/10\\\/Priority-Matrix-logo-.png\",\"datePublished\":\"2019-10-04T12:51:44+00:00\",\"dateModified\":\"2020-12-10T11:49:59+00:00\",\"description\":\"Priority Matrix: recensione del software di project management che ti permette di semplificare le comunicazioni e il lavoro con il tuo team.\",\"breadcrumb\":{\"@id\":\"https:\\\/\\\/www.accuratereviews.com\\\/it\\\/project-management-online-lista-software\\\/priority-matrix-recensione\\\/#breadcrumb\"},\"inLanguage\":\"it-IT\",\"potentialAction\":[{\"@type\":\"ReadAction\",\"target\":[\"https:\\\/\\\/www.accuratereviews.com\\\/it\\\/project-management-online-lista-software\\\/priority-matrix-recensione\\\/\"]}]},{\"@type\":\"ImageObject\",\"inLanguage\":\"it-IT\",\"@id\":\"https:\\\/\\\/www.accuratereviews.com\\\/it\\\/project-management-online-lista-software\\\/priority-matrix-recensione\\\/#primaryimage\",\"url\":\"https:\\\/\\\/www.accuratereviews.com\\\/wp-content\\\/uploads\\\/2019\\\/10\\\/Priority-Matrix-logo-.png\",\"contentUrl\":\"https:\\\/\\\/www.accuratereviews.com\\\/wp-content\\\/uploads\\\/2019\\\/10\\\/Priority-Matrix-logo-.png\",\"width\":678,\"height\":381},{\"@type\":\"BreadcrumbList\",\"@id\":\"https:\\\/\\\/www.accuratereviews.com\\\/it\\\/project-management-online-lista-software\\\/priority-matrix-recensione\\\/#breadcrumb\",\"itemListElement\":[{\"@type\":\"ListItem\",\"position\":1,\"name\":\"Home\",\"item\":\"https:\\\/\\\/www.accuratereviews.com\\\/it\\\/\"},{\"@type\":\"ListItem\",\"position\":2,\"name\":\"Project Management Online\",\"item\":\"https:\\\/\\\/www.accuratereviews.com\\\/it\\\/project-management-online-lista-software\\\/\"},{\"@type\":\"ListItem\",\"position\":3,\"name\":\"Priority Matrix\"}]},{\"@type\":\"WebSite\",\"@id\":\"https:\\\/\\\/www.accuratereviews.com\\\/it\\\/#website\",\"url\":\"https:\\\/\\\/www.accuratereviews.com\\\/it\\\/\",\"name\":\"Accurate Reviews\",\"description\":\"\",\"potentialAction\":[{\"@type\":\"SearchAction\",\"target\":{\"@type\":\"EntryPoint\",\"urlTemplate\":\"https:\\\/\\\/www.accuratereviews.com\\\/it\\\/?s={search_term_string}\"},\"query-input\":{\"@type\":\"PropertyValueSpecification\",\"valueRequired\":true,\"valueName\":\"search_term_string\"}}],\"inLanguage\":\"it-IT\"}]}<\/script>\n<!-- \/ Yoast SEO plugin. -->","yoast_head_json":{"title":"Priority Matrix: recensione sofware Project Management Accurate Reviews","description":"Priority Matrix: recensione del software di project management che ti permette di semplificare le comunicazioni e il lavoro con il tuo team.","robots":{"index":"index","follow":"follow","max-snippet":"max-snippet:-1","max-image-preview":"max-image-preview:large","max-video-preview":"max-video-preview:-1"},"canonical":"https:\/\/www.accuratereviews.com\/it\/project-management-online-lista-software\/priority-matrix-recensione\/","og_locale":"it_IT","og_type":"article","og_title":"Priority Matrix: recensione sofware Project Management Accurate Reviews","og_description":"Priority Matrix: recensione del software di project management che ti permette di semplificare le comunicazioni e il lavoro con il tuo team.","og_url":"https:\/\/www.accuratereviews.com\/it\/project-management-online-lista-software\/priority-matrix-recensione\/","og_site_name":"Accurate Reviews","article_modified_time":"2020-12-10T11:49:59+00:00","og_image":[{"width":678,"height":381,"url":"https:\/\/www.accuratereviews.com\/wp-content\/uploads\/2019\/10\/Priority-Matrix-logo-.png","type":"image\/png"}],"twitter_card":"summary_large_image","twitter_misc":{"Tempo di lettura stimato":"7 minuti"},"schema":{"@context":"https:\/\/schema.org","@graph":[{"@type":"WebPage","@id":"https:\/\/www.accuratereviews.com\/it\/project-management-online-lista-software\/priority-matrix-recensione\/","url":"https:\/\/www.accuratereviews.com\/it\/project-management-online-lista-software\/priority-matrix-recensione\/","name":"Priority Matrix: recensione sofware Project Management Accurate Reviews","isPartOf":{"@id":"https:\/\/www.accuratereviews.com\/it\/#website"},"primaryImageOfPage":{"@id":"https:\/\/www.accuratereviews.com\/it\/project-management-online-lista-software\/priority-matrix-recensione\/#primaryimage"},"image":{"@id":"https:\/\/www.accuratereviews.com\/it\/project-management-online-lista-software\/priority-matrix-recensione\/#primaryimage"},"thumbnailUrl":"https:\/\/www.accuratereviews.com\/wp-content\/uploads\/2019\/10\/Priority-Matrix-logo-.png","datePublished":"2019-10-04T12:51:44+00:00","dateModified":"2020-12-10T11:49:59+00:00","description":"Priority Matrix: recensione del software di project management che ti permette di semplificare le comunicazioni e il lavoro con il tuo team.","breadcrumb":{"@id":"https:\/\/www.accuratereviews.com\/it\/project-management-online-lista-software\/priority-matrix-recensione\/#breadcrumb"},"inLanguage":"it-IT","potentialAction":[{"@type":"ReadAction","target":["https:\/\/www.accuratereviews.com\/it\/project-management-online-lista-software\/priority-matrix-recensione\/"]}]},{"@type":"ImageObject","inLanguage":"it-IT","@id":"https:\/\/www.accuratereviews.com\/it\/project-management-online-lista-software\/priority-matrix-recensione\/#primaryimage","url":"https:\/\/www.accuratereviews.com\/wp-content\/uploads\/2019\/10\/Priority-Matrix-logo-.png","contentUrl":"https:\/\/www.accuratereviews.com\/wp-content\/uploads\/2019\/10\/Priority-Matrix-logo-.png","width":678,"height":381},{"@type":"BreadcrumbList","@id":"https:\/\/www.accuratereviews.com\/it\/project-management-online-lista-software\/priority-matrix-recensione\/#breadcrumb","itemListElement":[{"@type":"ListItem","position":1,"name":"Home","item":"https:\/\/www.accuratereviews.com\/it\/"},{"@type":"ListItem","position":2,"name":"Project Management Online","item":"https:\/\/www.accuratereviews.com\/it\/project-management-online-lista-software\/"},{"@type":"ListItem","position":3,"name":"Priority Matrix"}]},{"@type":"WebSite","@id":"https:\/\/www.accuratereviews.com\/it\/#website","url":"https:\/\/www.accuratereviews.com\/it\/","name":"Accurate Reviews","description":"","potentialAction":[{"@type":"SearchAction","target":{"@type":"EntryPoint","urlTemplate":"https:\/\/www.accuratereviews.com\/it\/?s={search_term_string}"},"query-input":{"@type":"PropertyValueSpecification","valueRequired":true,"valueName":"search_term_string"}}],"inLanguage":"it-IT"}]}},"_links":{"self":[{"href":"https:\/\/www.accuratereviews.com\/it\/wp-json\/wp\/v2\/pages\/18866","targetHints":{"allow":["GET"]}}],"collection":[{"href":"https:\/\/www.accuratereviews.com\/it\/wp-json\/wp\/v2\/pages"}],"about":[{"href":"https:\/\/www.accuratereviews.com\/it\/wp-json\/wp\/v2\/types\/page"}],"author":[{"embeddable":true,"href":"https:\/\/www.accuratereviews.com\/it\/wp-json\/wp\/v2\/users\/19"}],"replies":[{"embeddable":true,"href":"https:\/\/www.accuratereviews.com\/it\/wp-json\/wp\/v2\/comments?post=18866"}],"version-history":[{"count":8,"href":"https:\/\/www.accuratereviews.com\/it\/wp-json\/wp\/v2\/pages\/18866\/revisions"}],"predecessor-version":[{"id":18882,"href":"https:\/\/www.accuratereviews.com\/it\/wp-json\/wp\/v2\/pages\/18866\/revisions\/18882"}],"up":[{"embeddable":true,"href":"https:\/\/www.accuratereviews.com\/it\/wp-json\/wp\/v2\/pages\/8333"}],"wp:featuredmedia":[{"embeddable":true,"href":"https:\/\/www.accuratereviews.com\/it\/wp-json\/wp\/v2\/media\/18871"}],"wp:attachment":[{"href":"https:\/\/www.accuratereviews.com\/it\/wp-json\/wp\/v2\/media?parent=18866"}],"wp:term":[{"taxonomy":"category","embeddable":true,"href":"https:\/\/www.accuratereviews.com\/it\/wp-json\/wp\/v2\/categories?post=18866"},{"taxonomy":"post_tag","embeddable":true,"href":"https:\/\/www.accuratereviews.com\/it\/wp-json\/wp\/v2\/tags?post=18866"},{"taxonomy":"features","embeddable":true,"href":"https:\/\/www.accuratereviews.com\/it\/wp-json\/wp\/v2\/features?post=18866"}],"curies":[{"name":"wp","href":"https:\/\/api.w.org\/{rel}","templated":true}]}}