{"id":18890,"date":"2019-10-07T13:16:19","date_gmt":"2019-10-07T13:16:19","guid":{"rendered":"https:\/\/www.accuratereviews.com\/?page_id=18890"},"modified":"2019-10-07T13:16:19","modified_gmt":"2019-10-07T13:16:19","slug":"teamgantt-recensione","status":"publish","type":"page","link":"https:\/\/www.accuratereviews.com\/it\/project-management-online-lista-software\/teamgantt-recensione\/","title":{"rendered":"TeamGantt"},"content":{"rendered":"<p>Un <strong>software di gestione dei progetti<\/strong> basato su <strong>cloud,<\/strong> <strong>TeamGantt<\/strong> si concentra sull&#8217;uso dei grafici Gantt nella gestione dei progetti. Questa piattaforma di facile utilizzo aiuta i manager a coordinare i programmi e gli sforzi di pi\u00f9 dipendenti.\u00a0I diagrammi di Gantt sono progettati per rendere la gestione dei progetti facile per tutti i membri del team, quindi sono semplici da capire per tutti. Con TeamGantt, \u00e8 possibile posizionare pi\u00f9 progetti in un singolo grafico, nonch\u00e9 visualizzare quelli i cui tempi si sovrappongono. I progetti vengono visualizzati come gruppi di attivit\u00e0, elencati in sequenza. \u00c8 in grado di tenere traccia delle singole attivit\u00e0 con il completamento percentuale del progetto aggregato dalle attivit\u00e0 all&#8217;intero di esso. Allo stesso modo, gli utenti possono commentare le attivit\u00e0 e inviare lo stesso ad altre persone rilevanti per il progetto. Tutti i commenti vengono registrati e le discussioni sono organizzate come conversazioni.<\/p>\n<h2>TEAMGANTT &#8211; TUTORIAL<\/h2>\n<p>Questo tutorial \u00a0mostra come, creare un progetto e i suoi compiti, organizzare le attivit\u00e0 in gruppi, invitare e assegnare persone e risorse e tenere\u00a0traccia dell&#8217;avanzamento del progetto nel tempo:<\/p>\n<div id=\"fluid-wrapper-counter-1\" class=\"g1-fluid-wrapper \" style=\"width:686px;\">\n<div style=\"padding-bottom:56.268221574344%;\"><iframe loading=\"lazy\" title=\"TeamGantt Tips: How to Create a Killer Project Plan in TeamGantt\" width=\"686\" height=\"386\" src=\"https:\/\/www.youtube.com\/embed\/R0A0145y050?feature=oembed&amp;wmode=transparent&amp;autohide=1&amp;autoplay=0&amp;disablekb=0&amp;fs=1&amp;loop=0&amp;enablejsapi=1&amp;rel=0&amp;controls=2&amp;showinfo=0&amp;wmode=transparent&amp;autohide=2&amp;autoplay=0&amp;disablekb=0&amp;fs=1&amp;loop=0&amp;enablejsapi=1&amp;rel=0&amp;controls=2&amp;showinfo=1\" frameborder=\"0\" allow=\"accelerometer; autoplay; encrypted-media; gyroscope; picture-in-picture\" allowfullscreen><\/iframe><\/div>\n<\/div>\n<h3>TEAMGANTT &#8211; CARATTERISTICHE<\/h3>\n<ul>\n<li><strong>Trascina e rilascia con semplicit\u00e0<\/strong>: modifica le date di inizio e fine, riordina le attivit\u00e0 e regola le scadenze con un solo clic<\/li>\n<li><strong>Collaborazione facile<\/strong>: guarda ogni aggiornamento del progetto e condividilo rapidamente con le parti interessate interne ed esterne<\/li>\n<li><strong>Modelli di piano di progetto<\/strong>: risparmia tempo creando modelli riutilizzabili per te e il tuo team<\/li>\n<li><strong>Visualizzazioni personalazzabili:<\/strong> scegli di visualizzare le attivit\u00e0 in un semplice formato elenco o in un diagramma di Gantt<\/li>\n<li><strong>Dipendenze del progetto<\/strong>: imposta l&#8217;ordine in cui le attivit\u00e0 devono essere completate.<\/li>\n<li><strong>Progressi in tempo reale<\/strong>: visualizza lo stato di un progetto senza pianificare una riunione o inviare un&#8217;altra email<\/li>\n<li><strong>Archiviazione file<\/strong>: carica file e documenti su qualsiasi progetto o su una singola attivit\u00e0.<\/li>\n<li><strong>Stampa PDF<\/strong>: stampa un bellissimo PDF della sequenza temporale del tuo progetto per partecipare alle riunioni<\/li>\n<li><strong>Mobile-friendly<\/strong>: aggiorna i progressi e aggiungi commenti dal tuo telefono o tablet.<\/li>\n<li><strong>Filtri<\/strong>: elimina il disordine di grandi progetti utilizzando i filtri per visualizzare solo le attivit\u00e0 che desideri vedere<\/li>\n<li><strong>Note<\/strong>: assicurati che vengano visualizzati importanti aggiornamenti utilizzando una nota adesiva su progetti e attivit\u00e0<\/li>\n<li><strong>Vedi disponibilit\u00e0 del team<\/strong>: assicurati che tutti stiano lavorando ma non siano sovraccarichi con una scheda di disponibilit\u00e0 di facile accesso.<\/li>\n<\/ul>\n<h4>LE RECENSIONI DEGLI UTENTI<\/h4>\n<h4>Ross M &#8220;Semplice ma potente&#8221;<\/h4>\n<p><strong>Commenti<\/strong>: Abbiamo utilizzato TeamGannt per gestire il nostro progetto di sviluppo Web di 18 mesi e ha soddisfatto tutte le nostre esigenze. Lo consiglierei a qualsiasi team che sta cercando di provare una gestione in stile Gannt, in quanto \u00e8 accessibile e facile da imparare, \u00a0supporta anche tutte le attivit\u00e0 e le dipendenze complesse.<\/p>\n<p><strong>Vantaggi:<\/strong> All&#8217;inizio, TeamGannt sembra un sistema Gannt semplicistico perch\u00e9 \u00e8 molto facile da prendere e iniziare a usare subito. Una volta che inizi a configurare i tuoi progetti, scopri che ha funzionalit\u00e0 altamente avanzate e ed \u00e8 scalabile per soddisfare gruppi di requisiti pi\u00f9 grandi. Dal momento che \u00e8 sul cloud, la condivisione e la collaborazione sono semplici. Funzionalit\u00e0 semplici come le dipendenze sono gestite in modo elegante e funzionalit\u00e0 avanzate come il salvataggio di benchmark (stati precedenti del grafico) per confronti futuri sono gestite altrettanto elegantemente.<\/p>\n<p><strong>Inconvenienti:<\/strong> ci sono piccoli problemi con l&#8217;usabilit\u00e0, che sembrano in gran parte radicati nel fatto che il sistema funziona in un browser web. Quando si aggiungono attivit\u00e0, \u00e8 possibile premere alcuni tasti che causano rientri o righe successive quando non si intende. A volte le visualizzazioni sono leggermente in ritardo rispetto alle modifiche e dovrai aggiornare o spostare la visualizzazione a destra o a sinistra per visualizzare le modifiche in modo accurato.<\/p>\n<p>Vantaggi: aiuta a organizzare le attivit\u00e0, raggruppando i compiti e le attivit\u00e0 secondarie. \u00c8 inoltre possibile trovare le date di inizio e completamento di ogni singola attivit\u00e0. L&#8217;applicazione \u00e8 molto user-friendly e sarai in grado di vedere una panoramica delle varie attivit\u00e0 e dei loro progressi. Con l&#8217;applicazione, possiamo scomporre ogni singola attivit\u00e0 insieme all&#8217;assegnazione di una scadenza e quindi \u00e8 possibile creare una buona previsione sui tempi necessari per il completamento del progetto. Puoi vedere chi sta lavorando esattamente su un&#8217;attivit\u00e0. La caratteristica pi\u00f9 interessante \u00e8 che puoi condividere questi grafici senza accedere. Troverai tutorial e demo sull&#8217;uso dell&#8217;applicazione. La chat individuale aiuta il team a interagire e rimanere aggiornato con il progetto. Sono disponibili molte integrazioni e collaborazioni avanzate per soddisfare le preferenze individuali.<\/p>\n<p>Inconvenienti: Non c&#8217;\u00e8 molto da menzionare qui, ma, se si utilizza questa applicazione per grandi progetti, potrebbe essere un po &#8216;complesso.<\/p>\n<p>&nbsp;<\/p>\n<h4>Alan J . &#8220;Un eccellente strumento di gestione del progetto&#8221;<\/h4>\n<p><strong>Vantaggi<\/strong>: aiuta a organizzare le attivit\u00e0, raggruppando i compiti e le attivit\u00e0 secondarie. \u00c8 inoltre possibile trovare le date di inizio e completamento di ogni singola attivit\u00e0. L&#8217;applicazione \u00e8 molto user-friendly e sarai in grado di vedere una panoramica delle varie attivit\u00e0 e dei loro progressi. Con l&#8217;applicazione, possiamo scomporre ogni singola attivit\u00e0 insieme all&#8217;assegnazione di una scadenza e quindi \u00e8 possibile creare una buona previsione sui tempi necessari per il completamento del progetto. Puoi vedere chi sta lavorando esattamente su un&#8217;attivit\u00e0. La caratteristica pi\u00f9 interessante \u00e8 che puoi condividere questi grafici senza accedere. Troverai tutorial e demo sull&#8217;uso dell&#8217;applicazione. La chat individuale aiuta il team a interagire e rimanere aggiornato con il progetto. Sono disponibili molte integrazioni e collaborazioni avanzate per soddisfare le preferenze individuali.<\/p>\n<p><strong>Inconvenienti<\/strong>: non c&#8217;\u00e8 molto da menzionare qui, ma, se si utilizza questa applicazione per progetti di grandi dimensioni, potrebbe essere un po &#8216;complesso.<\/p>\n<h4>Abreana B &#8220;Questo software sa cosa voglio!&#8221;<\/h4>\n<p><strong>Commenti:<\/strong> Abbiamo scoperto questo prodotto quando la nostra azienda stava attraversando una grande transizione (spezzando una vecchia azienda, marchiando una societ\u00e0 completamente nuova e cambiando software di gestione della propriet\u00e0 lungo la strada). TeamGantt ci ha tenuti sani di mente !! Ha svolto un ruolo fondamentale nella nostra riuscita transizione aziendale.<\/p>\n<p><strong>Vantaggi<\/strong>: amo la facilit\u00e0 di aggiungere elementi al grafico, assegnare persone, aggiungere dipendenze, codificare i colori di tutto, ecc. Il software quasi istintivamente sa cosa voglio fare e quindi fornisce un pulsante facile da usare per farlo! Stampare i grafici \u00e8 un gioco da ragazzi (molto utile per le riunioni di gruppo). I singoli partecipanti al progetto ricevono e-mail di aggiornamento giornaliere che ricordano loro le attivit\u00e0 che devono essere completate. Adoriamo il tracker completo percentuale nella parte superiore della nostra tabella! Tutto sommato, un software meraviglioso.<\/p>\n<p><strong>Inconvenienti<\/strong>: la versione gratuita \u00e8 appena sufficiente per farti passare. Puoi avere un progetto e tre collaboratori (che possono anche creare account gratuiti e accedere al grafico). La mia azienda non sta acquistando la versione premium perch\u00e9 il nostro lavoro non si basa principalmente su progetti in stile Gantt. Sarebbe bello vedere altre offerte, come semplici funzionalit\u00e0 di elenco di cose da fare e altre assegnazioni di attivit\u00e0 che non comportano necessariamente una sequenza temporale.<\/p>\n","protected":false},"excerpt":{"rendered":"<p>Un software di gestione dei progetti basato su cloud, TeamGantt si concentra sull&#8217;uso dei grafici Gantt nella gestione dei progetti. Questa piattaforma di facile utilizzo aiuta i manager a coordinare i programmi e gli sforzi di pi\u00f9 dipendenti.\u00a0I diagrammi di Gantt sono progettati per rendere la gestione dei progetti facile per tutti i membri del team, quindi sono semplici da capire per tutti.<\/p>\n","protected":false},"author":19,"featured_media":18892,"parent":8333,"menu_order":0,"comment_status":"open","ping_status":"closed","template":"g1_template_page_review_new.php","meta":{"_acf_changed":false,"cwp_meta_box_check":"Yes","cwp_rev_product_name":"","cwp_rev_product_image":"","wppr_links":[],"cwp_rev_price":"","wppr_options":[],"wppr_pros":[],"wppr_cons":[],"_monsterinsights_skip_tracking":false,"_monsterinsights_sitenote_active":false,"_monsterinsights_sitenote_note":"","_monsterinsights_sitenote_category":0,"footnotes":""},"categories":[172],"tags":[396,1360,1337,1358,1311,1357,1326,1359,1356],"features":[],"class_list":{"0":"post-18890","1":"page","2":"type-page","3":"status-publish","4":"has-post-thumbnail","6":"category-online-project-management-it","7":"tag-cloud","8":"tag-grafici-gantt","9":"tag-programma-gestione-dei-progetti","10":"tag-programma-management-software","11":"tag-software-gestione-dei-progetti","12":"tag-software-management-software","13":"tag-soluzione-gestione-dei-progetti","14":"tag-soluzione-management-software","15":"tag-teamgantt"},"wppr_data":{"cwp_meta_box_check":"Yes","cwp_rev_product_name":"","cwp_rev_product_image":"","cwp_image_link":"image","cwp_rev_price":"","wppr_rating":"0.00"},"acf":[],"yoast_head":"<!-- This site is optimized with the Yoast SEO plugin v27.4 - https:\/\/yoast.com\/product\/yoast-seo-wordpress\/ -->\n<title>TeamGantt: recensione software Project Management - Accurate Reviews<\/title>\n<meta name=\"description\" content=\"TeamGantt: recensione software di gestione dei progetti basato su cloud che si concentra sull&#039;uso dei grafici Gantt nella gestione dei lavori.\" \/>\n<meta name=\"robots\" content=\"index, follow, max-snippet:-1, max-image-preview:large, max-video-preview:-1\" \/>\n<link rel=\"canonical\" href=\"https:\/\/www.accuratereviews.com\/it\/project-management-online-lista-software\/teamgantt-recensione\/\" \/>\n<meta property=\"og:locale\" content=\"it_IT\" \/>\n<meta property=\"og:type\" content=\"article\" \/>\n<meta property=\"og:title\" content=\"TeamGantt: recensione software Project Management - Accurate Reviews\" \/>\n<meta property=\"og:description\" content=\"TeamGantt: recensione software di gestione dei progetti basato su cloud che si concentra sull&#039;uso dei grafici Gantt nella gestione dei lavori.\" \/>\n<meta property=\"og:url\" content=\"https:\/\/www.accuratereviews.com\/it\/project-management-online-lista-software\/teamgantt-recensione\/\" \/>\n<meta property=\"og:site_name\" content=\"Accurate Reviews\" \/>\n<meta property=\"og:image\" content=\"https:\/\/www.accuratereviews.com\/wp-content\/uploads\/2019\/10\/teamgantt-2.jpg\" \/>\n\t<meta property=\"og:image:width\" content=\"600\" \/>\n\t<meta property=\"og:image:height\" content=\"400\" \/>\n\t<meta property=\"og:image:type\" content=\"image\/jpeg\" \/>\n<meta name=\"twitter:card\" content=\"summary_large_image\" \/>\n<meta name=\"twitter:label1\" content=\"Tempo di lettura stimato\" \/>\n\t<meta name=\"twitter:data1\" content=\"6 minuti\" \/>\n<script type=\"application\/ld+json\" class=\"yoast-schema-graph\">{\"@context\":\"https:\\\/\\\/schema.org\",\"@graph\":[{\"@type\":\"WebPage\",\"@id\":\"https:\\\/\\\/www.accuratereviews.com\\\/it\\\/project-management-online-lista-software\\\/teamgantt-recensione\\\/\",\"url\":\"https:\\\/\\\/www.accuratereviews.com\\\/it\\\/project-management-online-lista-software\\\/teamgantt-recensione\\\/\",\"name\":\"TeamGantt: recensione software Project Management - Accurate Reviews\",\"isPartOf\":{\"@id\":\"https:\\\/\\\/www.accuratereviews.com\\\/it\\\/#website\"},\"primaryImageOfPage\":{\"@id\":\"https:\\\/\\\/www.accuratereviews.com\\\/it\\\/project-management-online-lista-software\\\/teamgantt-recensione\\\/#primaryimage\"},\"image\":{\"@id\":\"https:\\\/\\\/www.accuratereviews.com\\\/it\\\/project-management-online-lista-software\\\/teamgantt-recensione\\\/#primaryimage\"},\"thumbnailUrl\":\"https:\\\/\\\/www.accuratereviews.com\\\/wp-content\\\/uploads\\\/2019\\\/10\\\/teamgantt-2.jpg\",\"datePublished\":\"2019-10-07T13:16:19+00:00\",\"description\":\"TeamGantt: recensione software di gestione dei progetti basato su cloud che si concentra sull'uso dei grafici Gantt nella gestione dei lavori.\",\"breadcrumb\":{\"@id\":\"https:\\\/\\\/www.accuratereviews.com\\\/it\\\/project-management-online-lista-software\\\/teamgantt-recensione\\\/#breadcrumb\"},\"inLanguage\":\"it-IT\",\"potentialAction\":[{\"@type\":\"ReadAction\",\"target\":[\"https:\\\/\\\/www.accuratereviews.com\\\/it\\\/project-management-online-lista-software\\\/teamgantt-recensione\\\/\"]}]},{\"@type\":\"ImageObject\",\"inLanguage\":\"it-IT\",\"@id\":\"https:\\\/\\\/www.accuratereviews.com\\\/it\\\/project-management-online-lista-software\\\/teamgantt-recensione\\\/#primaryimage\",\"url\":\"https:\\\/\\\/www.accuratereviews.com\\\/wp-content\\\/uploads\\\/2019\\\/10\\\/teamgantt-2.jpg\",\"contentUrl\":\"https:\\\/\\\/www.accuratereviews.com\\\/wp-content\\\/uploads\\\/2019\\\/10\\\/teamgantt-2.jpg\",\"width\":600,\"height\":400},{\"@type\":\"BreadcrumbList\",\"@id\":\"https:\\\/\\\/www.accuratereviews.com\\\/it\\\/project-management-online-lista-software\\\/teamgantt-recensione\\\/#breadcrumb\",\"itemListElement\":[{\"@type\":\"ListItem\",\"position\":1,\"name\":\"Home\",\"item\":\"https:\\\/\\\/www.accuratereviews.com\\\/it\\\/\"},{\"@type\":\"ListItem\",\"position\":2,\"name\":\"Project Management Online\",\"item\":\"https:\\\/\\\/www.accuratereviews.com\\\/it\\\/project-management-online-lista-software\\\/\"},{\"@type\":\"ListItem\",\"position\":3,\"name\":\"TeamGantt\"}]},{\"@type\":\"WebSite\",\"@id\":\"https:\\\/\\\/www.accuratereviews.com\\\/it\\\/#website\",\"url\":\"https:\\\/\\\/www.accuratereviews.com\\\/it\\\/\",\"name\":\"Accurate Reviews\",\"description\":\"\",\"potentialAction\":[{\"@type\":\"SearchAction\",\"target\":{\"@type\":\"EntryPoint\",\"urlTemplate\":\"https:\\\/\\\/www.accuratereviews.com\\\/it\\\/?s={search_term_string}\"},\"query-input\":{\"@type\":\"PropertyValueSpecification\",\"valueRequired\":true,\"valueName\":\"search_term_string\"}}],\"inLanguage\":\"it-IT\"}]}<\/script>\n<!-- \/ Yoast SEO plugin. -->","yoast_head_json":{"title":"TeamGantt: recensione software Project Management - Accurate Reviews","description":"TeamGantt: recensione software di gestione dei progetti basato su cloud che si concentra sull'uso dei grafici Gantt nella gestione dei lavori.","robots":{"index":"index","follow":"follow","max-snippet":"max-snippet:-1","max-image-preview":"max-image-preview:large","max-video-preview":"max-video-preview:-1"},"canonical":"https:\/\/www.accuratereviews.com\/it\/project-management-online-lista-software\/teamgantt-recensione\/","og_locale":"it_IT","og_type":"article","og_title":"TeamGantt: recensione software Project Management - Accurate Reviews","og_description":"TeamGantt: recensione software di gestione dei progetti basato su cloud che si concentra sull'uso dei grafici Gantt nella gestione dei lavori.","og_url":"https:\/\/www.accuratereviews.com\/it\/project-management-online-lista-software\/teamgantt-recensione\/","og_site_name":"Accurate Reviews","og_image":[{"width":600,"height":400,"url":"https:\/\/www.accuratereviews.com\/wp-content\/uploads\/2019\/10\/teamgantt-2.jpg","type":"image\/jpeg"}],"twitter_card":"summary_large_image","twitter_misc":{"Tempo di lettura stimato":"6 minuti"},"schema":{"@context":"https:\/\/schema.org","@graph":[{"@type":"WebPage","@id":"https:\/\/www.accuratereviews.com\/it\/project-management-online-lista-software\/teamgantt-recensione\/","url":"https:\/\/www.accuratereviews.com\/it\/project-management-online-lista-software\/teamgantt-recensione\/","name":"TeamGantt: recensione software Project Management - Accurate Reviews","isPartOf":{"@id":"https:\/\/www.accuratereviews.com\/it\/#website"},"primaryImageOfPage":{"@id":"https:\/\/www.accuratereviews.com\/it\/project-management-online-lista-software\/teamgantt-recensione\/#primaryimage"},"image":{"@id":"https:\/\/www.accuratereviews.com\/it\/project-management-online-lista-software\/teamgantt-recensione\/#primaryimage"},"thumbnailUrl":"https:\/\/www.accuratereviews.com\/wp-content\/uploads\/2019\/10\/teamgantt-2.jpg","datePublished":"2019-10-07T13:16:19+00:00","description":"TeamGantt: recensione software di gestione dei progetti basato su cloud che si concentra sull'uso dei grafici Gantt nella gestione dei lavori.","breadcrumb":{"@id":"https:\/\/www.accuratereviews.com\/it\/project-management-online-lista-software\/teamgantt-recensione\/#breadcrumb"},"inLanguage":"it-IT","potentialAction":[{"@type":"ReadAction","target":["https:\/\/www.accuratereviews.com\/it\/project-management-online-lista-software\/teamgantt-recensione\/"]}]},{"@type":"ImageObject","inLanguage":"it-IT","@id":"https:\/\/www.accuratereviews.com\/it\/project-management-online-lista-software\/teamgantt-recensione\/#primaryimage","url":"https:\/\/www.accuratereviews.com\/wp-content\/uploads\/2019\/10\/teamgantt-2.jpg","contentUrl":"https:\/\/www.accuratereviews.com\/wp-content\/uploads\/2019\/10\/teamgantt-2.jpg","width":600,"height":400},{"@type":"BreadcrumbList","@id":"https:\/\/www.accuratereviews.com\/it\/project-management-online-lista-software\/teamgantt-recensione\/#breadcrumb","itemListElement":[{"@type":"ListItem","position":1,"name":"Home","item":"https:\/\/www.accuratereviews.com\/it\/"},{"@type":"ListItem","position":2,"name":"Project Management Online","item":"https:\/\/www.accuratereviews.com\/it\/project-management-online-lista-software\/"},{"@type":"ListItem","position":3,"name":"TeamGantt"}]},{"@type":"WebSite","@id":"https:\/\/www.accuratereviews.com\/it\/#website","url":"https:\/\/www.accuratereviews.com\/it\/","name":"Accurate Reviews","description":"","potentialAction":[{"@type":"SearchAction","target":{"@type":"EntryPoint","urlTemplate":"https:\/\/www.accuratereviews.com\/it\/?s={search_term_string}"},"query-input":{"@type":"PropertyValueSpecification","valueRequired":true,"valueName":"search_term_string"}}],"inLanguage":"it-IT"}]}},"_links":{"self":[{"href":"https:\/\/www.accuratereviews.com\/it\/wp-json\/wp\/v2\/pages\/18890","targetHints":{"allow":["GET"]}}],"collection":[{"href":"https:\/\/www.accuratereviews.com\/it\/wp-json\/wp\/v2\/pages"}],"about":[{"href":"https:\/\/www.accuratereviews.com\/it\/wp-json\/wp\/v2\/types\/page"}],"author":[{"embeddable":true,"href":"https:\/\/www.accuratereviews.com\/it\/wp-json\/wp\/v2\/users\/19"}],"replies":[{"embeddable":true,"href":"https:\/\/www.accuratereviews.com\/it\/wp-json\/wp\/v2\/comments?post=18890"}],"version-history":[{"count":5,"href":"https:\/\/www.accuratereviews.com\/it\/wp-json\/wp\/v2\/pages\/18890\/revisions"}],"predecessor-version":[{"id":18928,"href":"https:\/\/www.accuratereviews.com\/it\/wp-json\/wp\/v2\/pages\/18890\/revisions\/18928"}],"up":[{"embeddable":true,"href":"https:\/\/www.accuratereviews.com\/it\/wp-json\/wp\/v2\/pages\/8333"}],"wp:featuredmedia":[{"embeddable":true,"href":"https:\/\/www.accuratereviews.com\/it\/wp-json\/wp\/v2\/media\/18892"}],"wp:attachment":[{"href":"https:\/\/www.accuratereviews.com\/it\/wp-json\/wp\/v2\/media?parent=18890"}],"wp:term":[{"taxonomy":"category","embeddable":true,"href":"https:\/\/www.accuratereviews.com\/it\/wp-json\/wp\/v2\/categories?post=18890"},{"taxonomy":"post_tag","embeddable":true,"href":"https:\/\/www.accuratereviews.com\/it\/wp-json\/wp\/v2\/tags?post=18890"},{"taxonomy":"features","embeddable":true,"href":"https:\/\/www.accuratereviews.com\/it\/wp-json\/wp\/v2\/features?post=18890"}],"curies":[{"name":"wp","href":"https:\/\/api.w.org\/{rel}","templated":true}]}}