{"id":18896,"date":"2019-10-07T08:19:26","date_gmt":"2019-10-07T08:19:26","guid":{"rendered":"https:\/\/www.accuratereviews.com\/?page_id=18896"},"modified":"2019-10-07T08:29:28","modified_gmt":"2019-10-07T08:29:28","slug":"kanbanchi-recensione","status":"publish","type":"page","link":"https:\/\/www.accuratereviews.com\/it\/project-management-online-lista-software\/kanbanchi-recensione\/","title":{"rendered":"Kanbanchi"},"content":{"rendered":"<p><strong>Kanbanchi<\/strong> \u00e8 un software di <strong>project management<\/strong> che ti permette di migliorare la <strong>gestione dei progetti<\/strong> e <strong>ottimizzare il tuo flusso di lavoro<\/strong>. Si tratta di una piattaforma online progettata per team e aziende che sono impegnate nella <strong>pianificazione dei progetti<\/strong>, nella <strong>gestione delle attivit\u00e0<\/strong> e nella collaborazione costante con colleghi e clienti. \u00c8 un programma ottimo che ti permette di<strong> collaborare in tempo reale con il tuo team<\/strong> e monitorare l&#8217;andamento generale dei compiti, attivit\u00e0 e progetti prefissati. In questo modo riuscirai a<strong> rispettare i tempi previsti e le scadenze<\/strong> cos\u00ec da essere sempre puntuale su tutto.<\/p>\n<h2>COME FUNZIONA KANBANCHI &#8211; TUTORIAL<\/h2>\n<p>Ecco un video che ci mostrer\u00e0 come utilizzare questo programma al meglio:<\/p>\n<div id=\"fluid-wrapper-counter-1\" class=\"g1-fluid-wrapper \" style=\"width:686px;\">\n<div style=\"padding-bottom:56.268221574344%;\"><iframe loading=\"lazy\" title=\"Kanbanchi 3 Minute Demo\" width=\"686\" height=\"386\" src=\"https:\/\/www.youtube.com\/embed\/l4zjVCoo-nA?feature=oembed&amp;wmode=transparent&amp;autohide=1&amp;autoplay=0&amp;disablekb=0&amp;fs=1&amp;loop=0&amp;enablejsapi=1&amp;rel=0&amp;controls=2&amp;showinfo=0&amp;wmode=transparent&amp;autohide=2&amp;autoplay=0&amp;disablekb=0&amp;fs=1&amp;loop=0&amp;enablejsapi=1&amp;rel=0&amp;controls=2&amp;showinfo=1\" frameborder=\"0\" allow=\"accelerometer; autoplay; encrypted-media; gyroscope; picture-in-picture\" allowfullscreen><\/iframe><\/div>\n<\/div>\n<h3>KANBANCHI &#8211; CARATTERISTICHE<\/h3>\n<p>Diamo un&#8217;occhiata alle sue principali caratteristiche:<\/p>\n<ul>\n<li><strong>Gestione delle attivit\u00e0<\/strong>: crea un flusso di lavoro trasparente e collabora sulle attivit\u00e0 in tempo reale<\/li>\n<li><strong>Kanban Board<\/strong>: utilizza una\u00a0dashboard semplice e altamente personalizzabile per le tue esigenze cos\u00ec da poter visualizzare il flusso di lavoro<\/li>\n<li><strong>Pianificazione dei progetti sul diagramma di Gantt<\/strong>: scopri come le attivit\u00e0 si relazionano nel tempo e regola visivamente i programmi<\/li>\n<li><strong>Monitoraggio dei progressi con Time Tracker<\/strong>: tieni traccia del tempo dedicato alle attivit\u00e0 e misura la produttivit\u00e0 del tuo team<\/li>\n<li><strong>Integrazioni<\/strong>: Kanbanchi \u00e8 completamente integrato con Google Apps e ospitato sulla piattaforma Google Cloud<\/li>\n<li><strong>Cloud<\/strong>: accedi ai tuoi dati ovunque tu sia, in qualsiasi momento e da qualsiasi dispositivo.<\/li>\n<\/ul>\n<h3>LE RECENSIONI DEGLI UTENTI<\/h3>\n<ul>\n<li><strong>&#8220;I migliori strumenti di gestione dei progetti sul web!&#8221;<\/strong><br \/>\nIN GENERALE: utilizzo Kanbanchi per qualsiasi cosa, dall&#8217;organizzazione dei miei progetti di lavoro al tenere traccia della mia lista di Natale! Molto facile da usare!<br \/>\nPRO: facilit\u00e0 d&#8217;uso e adattabilit\u00e0 per mantenere le cose organizzate<br \/>\nCONTRO: Non mi piace utilizzarlo tramite Chrome su dispositivi mobili, vorrei vedere un&#8217;app in futuro.<\/li>\n<li><strong>&#8220;Gestione dei progetti del Centro di innovazione delle scuole superiori&#8221;<\/strong><br \/>\nIN GENERALE: \u00c8 stato grandioso &#8230; Le funzionalit\u00e0 limitate della versione della scuola vengono talvolta notate ma riusciamo a usarlo abbastanza bene nel nostro flusso di lavoro quotidiano e siamo grati a tutti coloro che hanno creato un software cos\u00ec eccezionale.<br \/>\nPRO: Kanbanchi \u00e8 molto facile da implementare in Google Apps Suite e coinvolge rapidamente i miei studenti. Stanno gi\u00e0 utilizzando Google Apps per i compiti scolastici quotidiani. \u00c8 stato un processo di onboarding indolore. Ha anche un&#8217;interfaccia facile da imparare e da usare. \u00c8 un ottimo modo per tenere tutti nella stessa pagina e aggiornati sui progetti.<br \/>\nCONTRO: Cercare di convincere i miei amministratori della scuola a pagare per un canone in corso non \u00e8 la conversazione pi\u00f9 facile da avere. Vorrei avere un prezzo di acquisto una tantum disponibile.<\/li>\n<li><strong>&#8220;Utilit\u00e0 e semplicit\u00e0 di Kanbanchi&#8221;<\/strong><br \/>\nIN GENERALE: utilizzo Kanbanchi per la gestione dell&#8217;intero istituto universitario. Tengo traccia delle attivit\u00e0 dei miei dipendenti, problemi di pubblicazione, progressi dei dottorandi e molte altre cose. Kanbanchi \u00e8 ideale per la visualizzazione di progetti complessi. Le date di scadenza inviate al calendario di Google sono una manna dal cielo. Apprezzo molto anche i tag di colore e la facilit\u00e0 di utilizzo degli allegati.<br \/>\nPRO: facile da usare, versatile ed efficace, abbastanza veloce.<br \/>\nCONTRO: le opzioni di ricerca potrebbero essere migliori.<\/li>\n<\/ul>\n","protected":false},"excerpt":{"rendered":"<p>Kanbanchi \u00e8 un software di project management che ti permette di migliorare la gestione dei progetti e ottimizzare il tuo flusso di lavoro. Si tratta di una piattaforma online progettata per team e aziende che sono impegnate nella pianificazione dei progetti, nella gestione delle attivit\u00e0 e nella collaborazione costante con colleghi e clienti.\u00a0<\/p>\n","protected":false},"author":17,"featured_media":18898,"parent":8333,"menu_order":0,"comment_status":"open","ping_status":"closed","template":"g1_template_page_review_new.php","meta":{"_acf_changed":false,"cwp_meta_box_check":"Yes","cwp_rev_product_name":"","cwp_rev_product_image":"","wppr_links":[],"cwp_rev_price":"","wppr_options":[],"wppr_pros":[],"wppr_cons":[],"_monsterinsights_skip_tracking":false,"_monsterinsights_sitenote_active":false,"_monsterinsights_sitenote_note":"","_monsterinsights_sitenote_category":0,"footnotes":""},"categories":[172],"tags":[1324,1316,1310,1314],"features":[],"class_list":{"0":"post-18896","1":"page","2":"type-page","3":"status-publish","4":"has-post-thumbnail","6":"category-online-project-management-it","7":"tag-gestione-dei-progetti","8":"tag-online-project-management","9":"tag-programma-project-management","10":"tag-project-management-software"},"wppr_data":{"cwp_meta_box_check":"Yes","cwp_rev_product_name":"","cwp_rev_product_image":"","cwp_image_link":"image","cwp_rev_price":"","wppr_rating":"0.00"},"acf":[],"yoast_head":"<!-- This site is optimized with the Yoast SEO plugin v27.4 - https:\/\/yoast.com\/product\/yoast-seo-wordpress\/ -->\n<title>Kanbanchi: recensione software project management - Accurate Reviews<\/title>\n<meta name=\"description\" content=\"Kanbanchi: recensione del software di project management che ti permette di migliorare la gestione dei progetti e ottimizzare il tuo flusso di lavoro.\" \/>\n<meta name=\"robots\" content=\"index, follow, max-snippet:-1, max-image-preview:large, max-video-preview:-1\" \/>\n<link rel=\"canonical\" href=\"https:\/\/www.accuratereviews.com\/it\/project-management-online-lista-software\/kanbanchi-recensione\/\" \/>\n<meta property=\"og:locale\" content=\"it_IT\" \/>\n<meta property=\"og:type\" content=\"article\" \/>\n<meta property=\"og:title\" content=\"Kanbanchi: recensione software project management - Accurate Reviews\" \/>\n<meta property=\"og:description\" content=\"Kanbanchi: recensione del software di project management che ti permette di migliorare la gestione dei progetti e ottimizzare il tuo flusso di lavoro.\" \/>\n<meta property=\"og:url\" content=\"https:\/\/www.accuratereviews.com\/it\/project-management-online-lista-software\/kanbanchi-recensione\/\" \/>\n<meta property=\"og:site_name\" content=\"Accurate Reviews\" \/>\n<meta property=\"article:modified_time\" content=\"2019-10-07T08:29:28+00:00\" \/>\n<meta property=\"og:image\" content=\"https:\/\/www.accuratereviews.com\/wp-content\/uploads\/2019\/10\/kanbanchi-Logo_w.jpg\" \/>\n\t<meta property=\"og:image:width\" content=\"600\" \/>\n\t<meta property=\"og:image:height\" content=\"173\" \/>\n\t<meta property=\"og:image:type\" content=\"image\/jpeg\" \/>\n<meta name=\"twitter:card\" content=\"summary_large_image\" \/>\n<meta name=\"twitter:label1\" content=\"Tempo di lettura stimato\" \/>\n\t<meta name=\"twitter:data1\" content=\"3 minuti\" \/>\n<script type=\"application\/ld+json\" class=\"yoast-schema-graph\">{\"@context\":\"https:\\\/\\\/schema.org\",\"@graph\":[{\"@type\":\"WebPage\",\"@id\":\"https:\\\/\\\/www.accuratereviews.com\\\/it\\\/project-management-online-lista-software\\\/kanbanchi-recensione\\\/\",\"url\":\"https:\\\/\\\/www.accuratereviews.com\\\/it\\\/project-management-online-lista-software\\\/kanbanchi-recensione\\\/\",\"name\":\"Kanbanchi: recensione software project management - Accurate Reviews\",\"isPartOf\":{\"@id\":\"https:\\\/\\\/www.accuratereviews.com\\\/it\\\/#website\"},\"primaryImageOfPage\":{\"@id\":\"https:\\\/\\\/www.accuratereviews.com\\\/it\\\/project-management-online-lista-software\\\/kanbanchi-recensione\\\/#primaryimage\"},\"image\":{\"@id\":\"https:\\\/\\\/www.accuratereviews.com\\\/it\\\/project-management-online-lista-software\\\/kanbanchi-recensione\\\/#primaryimage\"},\"thumbnailUrl\":\"https:\\\/\\\/www.accuratereviews.com\\\/wp-content\\\/uploads\\\/2019\\\/10\\\/kanbanchi-Logo_w.jpg\",\"datePublished\":\"2019-10-07T08:19:26+00:00\",\"dateModified\":\"2019-10-07T08:29:28+00:00\",\"description\":\"Kanbanchi: recensione del software di project management che ti permette di migliorare la gestione dei progetti e ottimizzare il tuo flusso di lavoro.\",\"breadcrumb\":{\"@id\":\"https:\\\/\\\/www.accuratereviews.com\\\/it\\\/project-management-online-lista-software\\\/kanbanchi-recensione\\\/#breadcrumb\"},\"inLanguage\":\"it-IT\",\"potentialAction\":[{\"@type\":\"ReadAction\",\"target\":[\"https:\\\/\\\/www.accuratereviews.com\\\/it\\\/project-management-online-lista-software\\\/kanbanchi-recensione\\\/\"]}]},{\"@type\":\"ImageObject\",\"inLanguage\":\"it-IT\",\"@id\":\"https:\\\/\\\/www.accuratereviews.com\\\/it\\\/project-management-online-lista-software\\\/kanbanchi-recensione\\\/#primaryimage\",\"url\":\"https:\\\/\\\/www.accuratereviews.com\\\/wp-content\\\/uploads\\\/2019\\\/10\\\/kanbanchi-Logo_w.jpg\",\"contentUrl\":\"https:\\\/\\\/www.accuratereviews.com\\\/wp-content\\\/uploads\\\/2019\\\/10\\\/kanbanchi-Logo_w.jpg\",\"width\":600,\"height\":173},{\"@type\":\"BreadcrumbList\",\"@id\":\"https:\\\/\\\/www.accuratereviews.com\\\/it\\\/project-management-online-lista-software\\\/kanbanchi-recensione\\\/#breadcrumb\",\"itemListElement\":[{\"@type\":\"ListItem\",\"position\":1,\"name\":\"Home\",\"item\":\"https:\\\/\\\/www.accuratereviews.com\\\/it\\\/\"},{\"@type\":\"ListItem\",\"position\":2,\"name\":\"Project Management Online\",\"item\":\"https:\\\/\\\/www.accuratereviews.com\\\/it\\\/project-management-online-lista-software\\\/\"},{\"@type\":\"ListItem\",\"position\":3,\"name\":\"Kanbanchi\"}]},{\"@type\":\"WebSite\",\"@id\":\"https:\\\/\\\/www.accuratereviews.com\\\/it\\\/#website\",\"url\":\"https:\\\/\\\/www.accuratereviews.com\\\/it\\\/\",\"name\":\"Accurate Reviews\",\"description\":\"\",\"potentialAction\":[{\"@type\":\"SearchAction\",\"target\":{\"@type\":\"EntryPoint\",\"urlTemplate\":\"https:\\\/\\\/www.accuratereviews.com\\\/it\\\/?s={search_term_string}\"},\"query-input\":{\"@type\":\"PropertyValueSpecification\",\"valueRequired\":true,\"valueName\":\"search_term_string\"}}],\"inLanguage\":\"it-IT\"}]}<\/script>\n<!-- \/ Yoast SEO plugin. -->","yoast_head_json":{"title":"Kanbanchi: recensione software project management - Accurate Reviews","description":"Kanbanchi: recensione del software di project management che ti permette di migliorare la gestione dei progetti e ottimizzare il tuo flusso di lavoro.","robots":{"index":"index","follow":"follow","max-snippet":"max-snippet:-1","max-image-preview":"max-image-preview:large","max-video-preview":"max-video-preview:-1"},"canonical":"https:\/\/www.accuratereviews.com\/it\/project-management-online-lista-software\/kanbanchi-recensione\/","og_locale":"it_IT","og_type":"article","og_title":"Kanbanchi: recensione software project management - Accurate Reviews","og_description":"Kanbanchi: recensione del software di project management che ti permette di migliorare la gestione dei progetti e ottimizzare il tuo flusso di lavoro.","og_url":"https:\/\/www.accuratereviews.com\/it\/project-management-online-lista-software\/kanbanchi-recensione\/","og_site_name":"Accurate Reviews","article_modified_time":"2019-10-07T08:29:28+00:00","og_image":[{"width":600,"height":173,"url":"https:\/\/www.accuratereviews.com\/wp-content\/uploads\/2019\/10\/kanbanchi-Logo_w.jpg","type":"image\/jpeg"}],"twitter_card":"summary_large_image","twitter_misc":{"Tempo di lettura stimato":"3 minuti"},"schema":{"@context":"https:\/\/schema.org","@graph":[{"@type":"WebPage","@id":"https:\/\/www.accuratereviews.com\/it\/project-management-online-lista-software\/kanbanchi-recensione\/","url":"https:\/\/www.accuratereviews.com\/it\/project-management-online-lista-software\/kanbanchi-recensione\/","name":"Kanbanchi: recensione software project management - Accurate Reviews","isPartOf":{"@id":"https:\/\/www.accuratereviews.com\/it\/#website"},"primaryImageOfPage":{"@id":"https:\/\/www.accuratereviews.com\/it\/project-management-online-lista-software\/kanbanchi-recensione\/#primaryimage"},"image":{"@id":"https:\/\/www.accuratereviews.com\/it\/project-management-online-lista-software\/kanbanchi-recensione\/#primaryimage"},"thumbnailUrl":"https:\/\/www.accuratereviews.com\/wp-content\/uploads\/2019\/10\/kanbanchi-Logo_w.jpg","datePublished":"2019-10-07T08:19:26+00:00","dateModified":"2019-10-07T08:29:28+00:00","description":"Kanbanchi: recensione del software di project management che ti permette di migliorare la gestione dei progetti e ottimizzare il tuo flusso di lavoro.","breadcrumb":{"@id":"https:\/\/www.accuratereviews.com\/it\/project-management-online-lista-software\/kanbanchi-recensione\/#breadcrumb"},"inLanguage":"it-IT","potentialAction":[{"@type":"ReadAction","target":["https:\/\/www.accuratereviews.com\/it\/project-management-online-lista-software\/kanbanchi-recensione\/"]}]},{"@type":"ImageObject","inLanguage":"it-IT","@id":"https:\/\/www.accuratereviews.com\/it\/project-management-online-lista-software\/kanbanchi-recensione\/#primaryimage","url":"https:\/\/www.accuratereviews.com\/wp-content\/uploads\/2019\/10\/kanbanchi-Logo_w.jpg","contentUrl":"https:\/\/www.accuratereviews.com\/wp-content\/uploads\/2019\/10\/kanbanchi-Logo_w.jpg","width":600,"height":173},{"@type":"BreadcrumbList","@id":"https:\/\/www.accuratereviews.com\/it\/project-management-online-lista-software\/kanbanchi-recensione\/#breadcrumb","itemListElement":[{"@type":"ListItem","position":1,"name":"Home","item":"https:\/\/www.accuratereviews.com\/it\/"},{"@type":"ListItem","position":2,"name":"Project Management Online","item":"https:\/\/www.accuratereviews.com\/it\/project-management-online-lista-software\/"},{"@type":"ListItem","position":3,"name":"Kanbanchi"}]},{"@type":"WebSite","@id":"https:\/\/www.accuratereviews.com\/it\/#website","url":"https:\/\/www.accuratereviews.com\/it\/","name":"Accurate Reviews","description":"","potentialAction":[{"@type":"SearchAction","target":{"@type":"EntryPoint","urlTemplate":"https:\/\/www.accuratereviews.com\/it\/?s={search_term_string}"},"query-input":{"@type":"PropertyValueSpecification","valueRequired":true,"valueName":"search_term_string"}}],"inLanguage":"it-IT"}]}},"_links":{"self":[{"href":"https:\/\/www.accuratereviews.com\/it\/wp-json\/wp\/v2\/pages\/18896","targetHints":{"allow":["GET"]}}],"collection":[{"href":"https:\/\/www.accuratereviews.com\/it\/wp-json\/wp\/v2\/pages"}],"about":[{"href":"https:\/\/www.accuratereviews.com\/it\/wp-json\/wp\/v2\/types\/page"}],"author":[{"embeddable":true,"href":"https:\/\/www.accuratereviews.com\/it\/wp-json\/wp\/v2\/users\/17"}],"replies":[{"embeddable":true,"href":"https:\/\/www.accuratereviews.com\/it\/wp-json\/wp\/v2\/comments?post=18896"}],"version-history":[{"count":4,"href":"https:\/\/www.accuratereviews.com\/it\/wp-json\/wp\/v2\/pages\/18896\/revisions"}],"predecessor-version":[{"id":18911,"href":"https:\/\/www.accuratereviews.com\/it\/wp-json\/wp\/v2\/pages\/18896\/revisions\/18911"}],"up":[{"embeddable":true,"href":"https:\/\/www.accuratereviews.com\/it\/wp-json\/wp\/v2\/pages\/8333"}],"wp:featuredmedia":[{"embeddable":true,"href":"https:\/\/www.accuratereviews.com\/it\/wp-json\/wp\/v2\/media\/18898"}],"wp:attachment":[{"href":"https:\/\/www.accuratereviews.com\/it\/wp-json\/wp\/v2\/media?parent=18896"}],"wp:term":[{"taxonomy":"category","embeddable":true,"href":"https:\/\/www.accuratereviews.com\/it\/wp-json\/wp\/v2\/categories?post=18896"},{"taxonomy":"post_tag","embeddable":true,"href":"https:\/\/www.accuratereviews.com\/it\/wp-json\/wp\/v2\/tags?post=18896"},{"taxonomy":"features","embeddable":true,"href":"https:\/\/www.accuratereviews.com\/it\/wp-json\/wp\/v2\/features?post=18896"}],"curies":[{"name":"wp","href":"https:\/\/api.w.org\/{rel}","templated":true}]}}