{"id":18900,"date":"2019-10-07T13:15:05","date_gmt":"2019-10-07T13:15:05","guid":{"rendered":"https:\/\/www.accuratereviews.com\/?page_id=18900"},"modified":"2020-12-11T10:02:09","modified_gmt":"2020-12-11T10:02:09","slug":"streamtime-recensione","status":"publish","type":"page","link":"https:\/\/www.accuratereviews.com\/it\/project-management-online-lista-software\/streamtime-recensione\/","title":{"rendered":"Streamtime"},"content":{"rendered":"<p><strong>Streamtime<\/strong> \u00e8 un premiato software di <strong>gestione dei progetti<\/strong> per team creativi.\u00a0Con questo programma, i gestori creativi sono in grado di supervisionare meglio i membri del loro team. Questo perch\u00e9 hanno la possibilit\u00e0 di visualizzare le liste di cose da fare dei membri e modificarle secondo la necessit\u00e0. Ci\u00f2 consente loro di dettare la priorit\u00e0 dei compiti in base all&#8217;urgenza.\u00a0Aiuta anche a semplificare ulteriormente il lavoro di squadra. L&#8217;applicazione supporta l&#8217;integrazione di <strong>Zapier<\/strong> che le consente di connettersi con diversi sistemi di terze parti. Ci\u00f2 permette al team di sincronizzare tutte le app che usano per lavorare in maniera in maniera fluida con gli altri membri del gruppo. <strong>Streamtime<\/strong> \u00e8 dotato di una funzionalit\u00e0 chiamata Deep Data Dive. Questo serve a fornire analisi dettagliate e rapporti sui lavori, dalle ore ai prezzi. Viene fornito anche con un filtro che consente agli utenti di segmentare facilmente i lavori e le altre informazioni necessarie per un&#8217;analisi personalizzata. Dopodich\u00e9, i dati possono essere convertiti nel formato preferito per passare al resto del team e anche ad altri stakeholder.<\/p>\n<h2>STREAMTIME &#8211; TUTORIAL<\/h2>\n<p>Guardiamo insieme questo tutorial che mostrer\u00e0 le principali funzioni di questo <strong>software Project Management<\/strong>:<\/p>\n<div id=\"fluid-wrapper-counter-1\" class=\"g1-fluid-wrapper \" style=\"width:686px;\">\n<div style=\"padding-bottom:56.268221574344%;\"><iframe loading=\"lazy\" title=\"Introducing Teams &amp; Phases\" width=\"686\" height=\"386\" src=\"https:\/\/www.youtube.com\/embed\/eF5ZB11mra8?feature=oembed&amp;wmode=transparent&amp;autohide=1&amp;autoplay=0&amp;disablekb=0&amp;fs=1&amp;loop=0&amp;enablejsapi=1&amp;rel=0&amp;controls=2&amp;showinfo=0&amp;wmode=transparent&amp;autohide=2&amp;autoplay=0&amp;disablekb=0&amp;fs=1&amp;loop=0&amp;enablejsapi=1&amp;rel=0&amp;controls=2&amp;showinfo=1\" frameborder=\"0\" allow=\"accelerometer; autoplay; clipboard-write; encrypted-media; gyroscope; picture-in-picture\" allowfullscreen><\/iframe><\/div>\n<\/div>\n<h3>STREAMTIME &#8211; CARATTERISTICHE<\/h3>\n<ul>\n<li>Pianifica automaticamente le attivit\u00e0 in base a tempi e scadenze stimati<\/li>\n<li>Crea e pianifica lavori rapidamente: scegli personale, stima le ore e fissa le scadenze<\/li>\n<li>Indicatori visivi per tenere traccia dell&#8217;avanzamento e del budget del progetto<\/li>\n<li>Trascina e rilascia task manager per organizzare le cose da fare tra il personale nel programma del team<\/li>\n<li>Inserimento automatico dell&#8217;ora al termine delle cose da fare<\/li>\n<li>App iOS e Android disponibili<\/li>\n<\/ul>\n<h4>LE RECENSIONI DEGLI UTENTI<\/h4>\n<h4>Ed B. &#8220;Il miglior software che abbia mai usato&#8221;<\/h4>\n<p><strong>Commenti<\/strong>: Non solo il software \u00e8 fantastico e ha un bell&#8217;aspetto. Il loro supporto \u00e8 eccellente, non solo la loro base di conoscenza \u00e8 piena di note e video di supporto eccellenti, ma quando hai una domanda il loro team \u00e8 ben informato e davvero utile. E soprattutto amichevole e ho sempre qualcuno che conosco rispondendo. Non posso criticare la mia esperienza. Offrono webinar regolari, aggiornamenti e blog \/ documenti per garantire che stiamo ottenendo il massimo dal sistema. Consiglierei Streamtime a chiunque gestisca un&#8217;agenzia di marketing \/ creativa.<\/p>\n<p><strong>Vantaggi<\/strong>: \u00e8 un bellissimo software che \u00e8 molto facile e intuitivo da usare. Una volta configurato il sistema con i dettagli della tua azienda e quello dei tuoi clienti, che \u00e8 di per s\u00e9 un gioco da ragazzi, creare e pianificare i lavori \u00e8 facile. L&#8217;aggiunta di tempo, spese e materiali viene eseguita facilmente, quindi la conversione in preventivi o fatture viene completata senza duplicazione degli sforzi. Risparmia il 90% del mio tempo rispetto al mio vecchio sistema (documenti Word) e ora presento la mia azienda in modo professionale. Ho usato Streamtime Classic per 11,5 anni, che \u00e8 stato un ottimo sistema in s\u00e9, ma di recente sono passato a Streamtime nel cloud, che \u00e8 fantastico in quanto \u00e8 contemporaneo, sempre aggiornato e posso accedervi da qualsiasi luogo oltre a tutti gli altri vantaggi.<\/p>\n<p><strong>Inconvenienti<\/strong>: Non cambierei Assolutamente nulla su Streamtime.<\/p>\n<h4>Lisette M. &#8220;Migliorano sempre&#8221;<\/h4>\n<p><strong>Commenti<\/strong>: Siamo riusciti a migliorare notevolmente il nostro sistema di prenotazione in studio con questo software. La funzione di reporting \u00e8 super versatile. Nel complesso, \u00e8 sempre stata un&#8217;ottima esperienza!<\/p>\n<p><strong>Vantaggi<\/strong>: la road map \u00e8 straordinaria e il team ascolta sempre feedback su come migliorare il software. Inoltre il team di progettazione ama usarlo!<\/p>\n<p><strong>Inconvenienti<\/strong>: a volte si arresta rallentando il flusso di lavoro.<\/p>\n<h4>Billie S. \u201cTutto ci\u00f2 di cui ho bisogno per gestire, tenere traccia e riferire sul flusso di lavoro.\u201c<\/h4>\n<p><strong>Commenti<\/strong>: Mi piacciono molto come azienda. L&#8217;etica, i valori e la natura amichevole della squadra. Professionisti che amano svolgere il proprio lavoro.<\/p>\n<p><strong>Vantaggi<\/strong>: viene dai designer. \u00c8 semplice e facile da usare. Puoi raggiungerlo ovunque con una connessione Internet. L&#8217;esperienza dell&#8217;utente \u00e8 perfetta per il settore e le attivit\u00e0 che devo svolgere. Il team chiede regolarmente feedback e lo ascoltano. Quindi agiscono e adattano progressivamente il software e lo migliorano sempre. C&#8217;\u00e8 sempre formazione disponibile e supporto che \u00e8 rapido ed efficiente.<\/p>\n<p><strong>Inconvenienti<\/strong>: Inizialmente non mi piaceva quanto fosse grande il carattere dell&#8217;intestazione nei lavori, nelle citazioni ecc. Comunque, mi ha fatto pensare in modo pi\u00f9 semplicistico alle convenzioni di denominazione dei lavori comunque. Inoltre hanno ascoltato i feedback e li hanno cambiati ora in modo da avere opzioni. Stare con il sistema fin dall&#8217;inizio ed essere stato un utente a lungo termine del vecchio sistema basato su Filemaker, so che la societ\u00e0 sta semplicemente cercando di farlo bene, quindi ascoltano e modificano continuamente.<\/p>\n<p>&nbsp;<\/p>\n","protected":false},"excerpt":{"rendered":"<p>Streamtime \u00e8 un premiato software di gestione dei progetti per team creativi.\u00a0Con questo programma, i gestori creativi sono in grado di supervisionare meglio i membri del loro team. Questo perch\u00e9 hanno la possibilit\u00e0 di visualizzare le liste di cose da fare dei membri e modificarle secondo la necessit\u00e0. Ci\u00f2 consente loro di dettare la priorit\u00e0 dei compiti in base all&#8217;urgenza.<\/p>\n","protected":false},"author":19,"featured_media":18912,"parent":8333,"menu_order":0,"comment_status":"open","ping_status":"closed","template":"g1_template_page_review_new.php","meta":{"_acf_changed":false,"cwp_meta_box_check":"Yes","cwp_rev_product_name":"","cwp_rev_product_image":"","wppr_links":[],"cwp_rev_price":"","wppr_options":[],"wppr_pros":[],"wppr_cons":[],"_monsterinsights_skip_tracking":false,"_monsterinsights_sitenote_active":false,"_monsterinsights_sitenote_note":"","_monsterinsights_sitenote_category":0,"footnotes":""},"categories":[172],"tags":[1337,1314,1311,1326,1361],"features":[],"class_list":{"0":"post-18900","1":"page","2":"type-page","3":"status-publish","4":"has-post-thumbnail","6":"category-online-project-management-it","7":"tag-programma-gestione-dei-progetti","8":"tag-project-management-software","9":"tag-software-gestione-dei-progetti","10":"tag-soluzione-gestione-dei-progetti","11":"tag-streamtime"},"wppr_data":{"cwp_meta_box_check":"Yes","cwp_rev_product_name":"","cwp_rev_product_image":"","cwp_image_link":"image","cwp_rev_price":"","wppr_rating":"0.00"},"acf":[],"yoast_head":"<!-- This site is optimized with the Yoast SEO plugin v27.4 - https:\/\/yoast.com\/product\/yoast-seo-wordpress\/ -->\n<title>Streamtime: recensione software Project Management- Accurate Reviews<\/title>\n<meta name=\"description\" content=\"Streamtime: recensione software di gestione dei progetti per team creativi completo e potente per organizzare il propio lavoro dall&#039;inizio alla fine.\" \/>\n<meta name=\"robots\" content=\"index, follow, max-snippet:-1, max-image-preview:large, max-video-preview:-1\" \/>\n<link rel=\"canonical\" href=\"https:\/\/www.accuratereviews.com\/it\/project-management-online-lista-software\/streamtime-recensione\/\" \/>\n<meta property=\"og:locale\" content=\"it_IT\" \/>\n<meta property=\"og:type\" content=\"article\" \/>\n<meta property=\"og:title\" content=\"Streamtime: recensione software Project Management- Accurate Reviews\" \/>\n<meta property=\"og:description\" content=\"Streamtime: recensione software di gestione dei progetti per team creativi completo e potente per organizzare il propio lavoro dall&#039;inizio alla fine.\" \/>\n<meta property=\"og:url\" content=\"https:\/\/www.accuratereviews.com\/it\/project-management-online-lista-software\/streamtime-recensione\/\" \/>\n<meta property=\"og:site_name\" content=\"Accurate Reviews\" \/>\n<meta property=\"article:modified_time\" content=\"2020-12-11T10:02:09+00:00\" \/>\n<meta property=\"og:image\" content=\"https:\/\/www.accuratereviews.com\/wp-content\/uploads\/2019\/10\/streamtime.png\" \/>\n\t<meta property=\"og:image:width\" content=\"600\" \/>\n\t<meta property=\"og:image:height\" content=\"315\" \/>\n\t<meta property=\"og:image:type\" content=\"image\/png\" \/>\n<meta name=\"twitter:card\" content=\"summary_large_image\" \/>\n<meta name=\"twitter:label1\" content=\"Tempo di lettura stimato\" \/>\n\t<meta name=\"twitter:data1\" content=\"4 minuti\" \/>\n<script type=\"application\/ld+json\" class=\"yoast-schema-graph\">{\"@context\":\"https:\\\/\\\/schema.org\",\"@graph\":[{\"@type\":\"WebPage\",\"@id\":\"https:\\\/\\\/www.accuratereviews.com\\\/it\\\/project-management-online-lista-software\\\/streamtime-recensione\\\/\",\"url\":\"https:\\\/\\\/www.accuratereviews.com\\\/it\\\/project-management-online-lista-software\\\/streamtime-recensione\\\/\",\"name\":\"Streamtime: recensione software Project Management- Accurate Reviews\",\"isPartOf\":{\"@id\":\"https:\\\/\\\/www.accuratereviews.com\\\/it\\\/#website\"},\"primaryImageOfPage\":{\"@id\":\"https:\\\/\\\/www.accuratereviews.com\\\/it\\\/project-management-online-lista-software\\\/streamtime-recensione\\\/#primaryimage\"},\"image\":{\"@id\":\"https:\\\/\\\/www.accuratereviews.com\\\/it\\\/project-management-online-lista-software\\\/streamtime-recensione\\\/#primaryimage\"},\"thumbnailUrl\":\"https:\\\/\\\/www.accuratereviews.com\\\/wp-content\\\/uploads\\\/2019\\\/10\\\/streamtime.png\",\"datePublished\":\"2019-10-07T13:15:05+00:00\",\"dateModified\":\"2020-12-11T10:02:09+00:00\",\"description\":\"Streamtime: recensione software di gestione dei progetti per team creativi completo e potente per organizzare il propio lavoro dall'inizio alla fine.\",\"breadcrumb\":{\"@id\":\"https:\\\/\\\/www.accuratereviews.com\\\/it\\\/project-management-online-lista-software\\\/streamtime-recensione\\\/#breadcrumb\"},\"inLanguage\":\"it-IT\",\"potentialAction\":[{\"@type\":\"ReadAction\",\"target\":[\"https:\\\/\\\/www.accuratereviews.com\\\/it\\\/project-management-online-lista-software\\\/streamtime-recensione\\\/\"]}]},{\"@type\":\"ImageObject\",\"inLanguage\":\"it-IT\",\"@id\":\"https:\\\/\\\/www.accuratereviews.com\\\/it\\\/project-management-online-lista-software\\\/streamtime-recensione\\\/#primaryimage\",\"url\":\"https:\\\/\\\/www.accuratereviews.com\\\/wp-content\\\/uploads\\\/2019\\\/10\\\/streamtime.png\",\"contentUrl\":\"https:\\\/\\\/www.accuratereviews.com\\\/wp-content\\\/uploads\\\/2019\\\/10\\\/streamtime.png\",\"width\":600,\"height\":315},{\"@type\":\"BreadcrumbList\",\"@id\":\"https:\\\/\\\/www.accuratereviews.com\\\/it\\\/project-management-online-lista-software\\\/streamtime-recensione\\\/#breadcrumb\",\"itemListElement\":[{\"@type\":\"ListItem\",\"position\":1,\"name\":\"Home\",\"item\":\"https:\\\/\\\/www.accuratereviews.com\\\/it\\\/\"},{\"@type\":\"ListItem\",\"position\":2,\"name\":\"Project Management Online\",\"item\":\"https:\\\/\\\/www.accuratereviews.com\\\/it\\\/project-management-online-lista-software\\\/\"},{\"@type\":\"ListItem\",\"position\":3,\"name\":\"Streamtime\"}]},{\"@type\":\"WebSite\",\"@id\":\"https:\\\/\\\/www.accuratereviews.com\\\/it\\\/#website\",\"url\":\"https:\\\/\\\/www.accuratereviews.com\\\/it\\\/\",\"name\":\"Accurate Reviews\",\"description\":\"\",\"potentialAction\":[{\"@type\":\"SearchAction\",\"target\":{\"@type\":\"EntryPoint\",\"urlTemplate\":\"https:\\\/\\\/www.accuratereviews.com\\\/it\\\/?s={search_term_string}\"},\"query-input\":{\"@type\":\"PropertyValueSpecification\",\"valueRequired\":true,\"valueName\":\"search_term_string\"}}],\"inLanguage\":\"it-IT\"}]}<\/script>\n<!-- \/ Yoast SEO plugin. -->","yoast_head_json":{"title":"Streamtime: recensione software Project Management- Accurate Reviews","description":"Streamtime: recensione software di gestione dei progetti per team creativi completo e potente per organizzare il propio lavoro dall'inizio alla fine.","robots":{"index":"index","follow":"follow","max-snippet":"max-snippet:-1","max-image-preview":"max-image-preview:large","max-video-preview":"max-video-preview:-1"},"canonical":"https:\/\/www.accuratereviews.com\/it\/project-management-online-lista-software\/streamtime-recensione\/","og_locale":"it_IT","og_type":"article","og_title":"Streamtime: recensione software Project Management- Accurate Reviews","og_description":"Streamtime: recensione software di gestione dei progetti per team creativi completo e potente per organizzare il propio lavoro dall'inizio alla fine.","og_url":"https:\/\/www.accuratereviews.com\/it\/project-management-online-lista-software\/streamtime-recensione\/","og_site_name":"Accurate Reviews","article_modified_time":"2020-12-11T10:02:09+00:00","og_image":[{"width":600,"height":315,"url":"https:\/\/www.accuratereviews.com\/wp-content\/uploads\/2019\/10\/streamtime.png","type":"image\/png"}],"twitter_card":"summary_large_image","twitter_misc":{"Tempo di lettura stimato":"4 minuti"},"schema":{"@context":"https:\/\/schema.org","@graph":[{"@type":"WebPage","@id":"https:\/\/www.accuratereviews.com\/it\/project-management-online-lista-software\/streamtime-recensione\/","url":"https:\/\/www.accuratereviews.com\/it\/project-management-online-lista-software\/streamtime-recensione\/","name":"Streamtime: recensione software Project Management- Accurate Reviews","isPartOf":{"@id":"https:\/\/www.accuratereviews.com\/it\/#website"},"primaryImageOfPage":{"@id":"https:\/\/www.accuratereviews.com\/it\/project-management-online-lista-software\/streamtime-recensione\/#primaryimage"},"image":{"@id":"https:\/\/www.accuratereviews.com\/it\/project-management-online-lista-software\/streamtime-recensione\/#primaryimage"},"thumbnailUrl":"https:\/\/www.accuratereviews.com\/wp-content\/uploads\/2019\/10\/streamtime.png","datePublished":"2019-10-07T13:15:05+00:00","dateModified":"2020-12-11T10:02:09+00:00","description":"Streamtime: recensione software di gestione dei progetti per team creativi completo e potente per organizzare il propio lavoro dall'inizio alla fine.","breadcrumb":{"@id":"https:\/\/www.accuratereviews.com\/it\/project-management-online-lista-software\/streamtime-recensione\/#breadcrumb"},"inLanguage":"it-IT","potentialAction":[{"@type":"ReadAction","target":["https:\/\/www.accuratereviews.com\/it\/project-management-online-lista-software\/streamtime-recensione\/"]}]},{"@type":"ImageObject","inLanguage":"it-IT","@id":"https:\/\/www.accuratereviews.com\/it\/project-management-online-lista-software\/streamtime-recensione\/#primaryimage","url":"https:\/\/www.accuratereviews.com\/wp-content\/uploads\/2019\/10\/streamtime.png","contentUrl":"https:\/\/www.accuratereviews.com\/wp-content\/uploads\/2019\/10\/streamtime.png","width":600,"height":315},{"@type":"BreadcrumbList","@id":"https:\/\/www.accuratereviews.com\/it\/project-management-online-lista-software\/streamtime-recensione\/#breadcrumb","itemListElement":[{"@type":"ListItem","position":1,"name":"Home","item":"https:\/\/www.accuratereviews.com\/it\/"},{"@type":"ListItem","position":2,"name":"Project Management Online","item":"https:\/\/www.accuratereviews.com\/it\/project-management-online-lista-software\/"},{"@type":"ListItem","position":3,"name":"Streamtime"}]},{"@type":"WebSite","@id":"https:\/\/www.accuratereviews.com\/it\/#website","url":"https:\/\/www.accuratereviews.com\/it\/","name":"Accurate Reviews","description":"","potentialAction":[{"@type":"SearchAction","target":{"@type":"EntryPoint","urlTemplate":"https:\/\/www.accuratereviews.com\/it\/?s={search_term_string}"},"query-input":{"@type":"PropertyValueSpecification","valueRequired":true,"valueName":"search_term_string"}}],"inLanguage":"it-IT"}]}},"_links":{"self":[{"href":"https:\/\/www.accuratereviews.com\/it\/wp-json\/wp\/v2\/pages\/18900","targetHints":{"allow":["GET"]}}],"collection":[{"href":"https:\/\/www.accuratereviews.com\/it\/wp-json\/wp\/v2\/pages"}],"about":[{"href":"https:\/\/www.accuratereviews.com\/it\/wp-json\/wp\/v2\/types\/page"}],"author":[{"embeddable":true,"href":"https:\/\/www.accuratereviews.com\/it\/wp-json\/wp\/v2\/users\/19"}],"replies":[{"embeddable":true,"href":"https:\/\/www.accuratereviews.com\/it\/wp-json\/wp\/v2\/comments?post=18900"}],"version-history":[{"count":8,"href":"https:\/\/www.accuratereviews.com\/it\/wp-json\/wp\/v2\/pages\/18900\/revisions"}],"predecessor-version":[{"id":18925,"href":"https:\/\/www.accuratereviews.com\/it\/wp-json\/wp\/v2\/pages\/18900\/revisions\/18925"}],"up":[{"embeddable":true,"href":"https:\/\/www.accuratereviews.com\/it\/wp-json\/wp\/v2\/pages\/8333"}],"wp:featuredmedia":[{"embeddable":true,"href":"https:\/\/www.accuratereviews.com\/it\/wp-json\/wp\/v2\/media\/18912"}],"wp:attachment":[{"href":"https:\/\/www.accuratereviews.com\/it\/wp-json\/wp\/v2\/media?parent=18900"}],"wp:term":[{"taxonomy":"category","embeddable":true,"href":"https:\/\/www.accuratereviews.com\/it\/wp-json\/wp\/v2\/categories?post=18900"},{"taxonomy":"post_tag","embeddable":true,"href":"https:\/\/www.accuratereviews.com\/it\/wp-json\/wp\/v2\/tags?post=18900"},{"taxonomy":"features","embeddable":true,"href":"https:\/\/www.accuratereviews.com\/it\/wp-json\/wp\/v2\/features?post=18900"}],"curies":[{"name":"wp","href":"https:\/\/api.w.org\/{rel}","templated":true}]}}