{"id":18903,"date":"2019-10-07T08:53:25","date_gmt":"2019-10-07T08:53:25","guid":{"rendered":"https:\/\/www.accuratereviews.com\/?page_id=18903"},"modified":"2019-10-07T13:16:56","modified_gmt":"2019-10-07T13:16:56","slug":"clarizen-recensione","status":"publish","type":"page","link":"https:\/\/www.accuratereviews.com\/it\/project-management-online-lista-software\/clarizen-recensione\/","title":{"rendered":"Clarizen"},"content":{"rendered":"<p><strong>Clarizen<\/strong> \u00e8 un software ideato per <strong>project manager<\/strong> di grandi aziende, organizzazioni IT e team che necessitano di una migliore <strong>gestione dei progetti<\/strong>. In organizzazioni cos\u00ec grosse diventa difficile lavorare e collaborare con il proprio team poich\u00e9 l&#8217;organizzazione del lavoro diviene pi\u00f9 complessa e per questo. motivo bisogna affidarsi ad un programma che lavori per noi e renda tutto pi\u00f9 semplice. <strong>Clarizen<\/strong> \u00e8 un&#8217;ottima scelta perch\u00e9 offre delle soluzioni altamente configurabili che consentono una buona e flessibile <strong>gestione dei progetti, dei programmi, dei compiti e delle attivit\u00e0<\/strong>. Solamente in questo modo riusciremo finalmente a <strong>raggiungere gli obiettivi<\/strong> che ci siamo prefissati nei tempi giusti e rispettando le scadenze.<\/p>\n<h2>COME GESTIRE I PROGETTI CON CLARIZEN &#8211; TUTORIAL<\/h2>\n<p>Diamo un&#8217;occhiata a questo video per capire come funziona Clarizen:<\/p>\n<div id=\"fluid-wrapper-counter-1\" class=\"g1-fluid-wrapper \" style=\"width:686px;\">\n<div style=\"padding-bottom:56.268221574344%;\"><iframe loading=\"lazy\" title=\"Clarizen Getting Started tutorial (new)\" width=\"686\" height=\"386\" src=\"https:\/\/www.youtube.com\/embed\/aWuNr9O-V9M?feature=oembed&amp;wmode=transparent&amp;autohide=1&amp;autoplay=0&amp;disablekb=0&amp;fs=1&amp;loop=0&amp;enablejsapi=1&amp;rel=0&amp;controls=2&amp;showinfo=0&amp;wmode=transparent&amp;autohide=2&amp;autoplay=0&amp;disablekb=0&amp;fs=1&amp;loop=0&amp;enablejsapi=1&amp;rel=0&amp;controls=2&amp;showinfo=1\" frameborder=\"0\" allow=\"accelerometer; autoplay; encrypted-media; gyroscope; picture-in-picture\" allowfullscreen><\/iframe><\/div>\n<\/div>\n<h3>CLARIZEN &#8211; CARATTERISTICHE<\/h3>\n<p>Ecco le sue principali funzioni:<\/p>\n<ul>\n<li><strong>Dashboard intuitiva<\/strong>: l&#8217;interfaccia \u00e8 amichevole, facile da configurare e personalizzabile a seconda delle tue esigenze<\/li>\n<li><strong>Collaborazione in team<\/strong>: collabora con i tuoi colleghi in modo semplice ed efficace, sviluppando strategie e allineando obiettivi<\/li>\n<li><strong>Condivisione di file<\/strong>: per migliorare la comunicazione con il tuo team, condividi file e documenti in modo veloce<\/li>\n<li><strong>Pianificazione di progetti<\/strong>: crea e pianifica progetti, definendone le risorse e il budget<\/li>\n<li><strong>Assegnazione compiti<\/strong>: assegna determinati compiti ai tuoi colleghi cos\u00ec da ottimizzare il flusso di lavoro<\/li>\n<li><strong>Sistema di reportistica<\/strong>: tieni traccia di tendenze e costi grazie alla creazione di report precisi che ti aiuteranno a migliorare la gestione dei progetti.<\/li>\n<\/ul>\n<h3>LE RECENSIONI DEGLI UTENTI<\/h3>\n<ul>\n<li><strong>&#8220;Il coltellino svizzero del Project Management&#8221;<\/strong><br \/>\nIN GENERALE: ho lavorato con Clarizen per alcuni anni. Ricca la funzionalit\u00e0 di reporting. Usandolo per Portfolio e Project Management in un team di sviluppo prodotto di ingegneria avanzata.<br \/>\nPRO: \u00e8 Microsoft Project Management con gli steroidi. Ti d\u00e0 la stessa capacit\u00e0 di gestire un progetto ma aggiunge funzionalit\u00e0 per fornire una soluzione completa. Facile personalizzazione per adattarsi alle esigenze di ogni reparto. Gestione delle risorse in tutti i progetti, collaborazione a tutti i livelli, robusto modulo di reporting &#8230;<br \/>\nCONTRO: il modulo di reporting offre la possibilit\u00e0 di creare facilmente dashboard. Ho creato dashboard per ogni livello e funzione dell&#8217;organizzazione. Tuttavia, \u00e8 difficile per un manager vedere la dashboard del proprio staff.<\/li>\n<li><strong>&#8220;Altamente raccomandato&#8221;<\/strong><br \/>\nIN GENERALE: abbiamo usato Clarizen per la gestione del nostro progetto. \u00c8 facile da imparare, facile da usare e i nostri dipendenti lo adorano.<br \/>\nPRO: La facilit\u00e0 d&#8217;uso di Clarizen non pu\u00f2 essere battuta. Di recente, la nostra azienda si \u00e8 trasferita a Clarizen per il monitoraggio del progetto e la transizione non avrebbe potuto essere pi\u00f9 semplice. I dipendenti sono entusiasti della facilit\u00e0 del sistema.<br \/>\nCONTRO: se dovessi scegliere, la disconnessione tra i progetti e le attivit\u00e0 nella stessa dashboard.<br \/>\nSarebbe bello averli senza la necessit\u00e0 di flussi di lavoro per integrarli.<\/li>\n<li><strong>&#8220;Migliora i nostri processi aziendali e la comunicazione&#8221;<\/strong><br \/>\nIN GENERALE: dopo aver avviato Clarizen nella nostra organizzazione, \u00e8 stato pi\u00f9 facile che mai fare la gestione delle risorse e ottenere schede. Pertanto, i dati sono pi\u00f9 accurati, quindi ora possiamo prendere decisioni aziendali sane basate su informazioni accurate.<br \/>\nPRO: \u00e8 facile da usare e modificare la configurazione o personalizzarlo per soddisfare al meglio le esigenze dell&#8217;utente.<br \/>\nCONTRO: La gestione dei costi \u00e8 ottima, ma potrebbe usare il concetto di data effettiva per renderlo facile da usare durante l&#8217;anno fiscale o promuovendo le persone.<\/li>\n<\/ul>\n","protected":false},"excerpt":{"rendered":"<p>Clarizen \u00e8 un software ideato per project manager di grandi aziende, organizzazioni IT e team che necessitano di una migliore gestione dei progetti. In organizzazioni cos\u00ec grosse diventa difficile lavorare e collaborare con il proprio team poich\u00e9 l&#8217;organizzazione del lavoro diviene pi\u00f9 complessa e. per questo motivo bisogna, affidarsi ad un programma che lavori per noi e renda tutto pi\u00f9 semplice.<\/p>\n","protected":false},"author":17,"featured_media":18905,"parent":8333,"menu_order":0,"comment_status":"open","ping_status":"closed","template":"g1_template_page_review_new.php","meta":{"_acf_changed":false,"cwp_meta_box_check":"Yes","cwp_rev_product_name":"","cwp_rev_product_image":"","wppr_links":[],"cwp_rev_price":"","wppr_options":[],"wppr_pros":[],"wppr_cons":[],"_monsterinsights_skip_tracking":false,"_monsterinsights_sitenote_active":false,"_monsterinsights_sitenote_note":"","_monsterinsights_sitenote_category":0,"footnotes":""},"categories":[172],"tags":[1324,1316,1310,1330],"features":[],"class_list":{"0":"post-18903","1":"page","2":"type-page","3":"status-publish","4":"has-post-thumbnail","6":"category-online-project-management-it","7":"tag-gestione-dei-progetti","8":"tag-online-project-management","9":"tag-programma-project-management","10":"tag-project-manager"},"wppr_data":{"cwp_meta_box_check":"Yes","cwp_rev_product_name":"","cwp_rev_product_image":"","cwp_image_link":"image","cwp_rev_price":"","wppr_rating":"0.00"},"acf":[],"yoast_head":"<!-- This site is optimized with the Yoast SEO plugin v27.4 - https:\/\/yoast.com\/product\/yoast-seo-wordpress\/ -->\n<title>Clarizen: recensione programma di gestione progetti - Accurate Reviews<\/title>\n<meta name=\"description\" content=\"Clarizen: recensione del software ideato per project manager di grandi aziende, organizzazioni IT e team che necessitano una migliore gestione dei progetti.\" \/>\n<meta name=\"robots\" content=\"index, follow, max-snippet:-1, max-image-preview:large, max-video-preview:-1\" \/>\n<link rel=\"canonical\" href=\"https:\/\/www.accuratereviews.com\/it\/project-management-online-lista-software\/clarizen-recensione\/\" \/>\n<meta property=\"og:locale\" content=\"it_IT\" \/>\n<meta property=\"og:type\" content=\"article\" \/>\n<meta property=\"og:title\" content=\"Clarizen: recensione programma di gestione progetti - Accurate Reviews\" \/>\n<meta property=\"og:description\" content=\"Clarizen: recensione del software ideato per project manager di grandi aziende, organizzazioni IT e team che necessitano una migliore gestione dei progetti.\" \/>\n<meta property=\"og:url\" content=\"https:\/\/www.accuratereviews.com\/it\/project-management-online-lista-software\/clarizen-recensione\/\" \/>\n<meta property=\"og:site_name\" content=\"Accurate Reviews\" \/>\n<meta property=\"article:modified_time\" content=\"2019-10-07T13:16:56+00:00\" \/>\n<meta property=\"og:image\" content=\"https:\/\/www.accuratereviews.com\/wp-content\/uploads\/2019\/10\/clarizen-twitter.jpg\" \/>\n\t<meta property=\"og:image:width\" content=\"1024\" \/>\n\t<meta property=\"og:image:height\" content=\"512\" \/>\n\t<meta property=\"og:image:type\" content=\"image\/jpeg\" \/>\n<meta name=\"twitter:card\" content=\"summary_large_image\" \/>\n<meta name=\"twitter:label1\" content=\"Tempo di lettura stimato\" \/>\n\t<meta name=\"twitter:data1\" content=\"3 minuti\" \/>\n<script type=\"application\/ld+json\" class=\"yoast-schema-graph\">{\"@context\":\"https:\\\/\\\/schema.org\",\"@graph\":[{\"@type\":\"WebPage\",\"@id\":\"https:\\\/\\\/www.accuratereviews.com\\\/it\\\/project-management-online-lista-software\\\/clarizen-recensione\\\/\",\"url\":\"https:\\\/\\\/www.accuratereviews.com\\\/it\\\/project-management-online-lista-software\\\/clarizen-recensione\\\/\",\"name\":\"Clarizen: recensione programma di gestione progetti - Accurate Reviews\",\"isPartOf\":{\"@id\":\"https:\\\/\\\/www.accuratereviews.com\\\/it\\\/#website\"},\"primaryImageOfPage\":{\"@id\":\"https:\\\/\\\/www.accuratereviews.com\\\/it\\\/project-management-online-lista-software\\\/clarizen-recensione\\\/#primaryimage\"},\"image\":{\"@id\":\"https:\\\/\\\/www.accuratereviews.com\\\/it\\\/project-management-online-lista-software\\\/clarizen-recensione\\\/#primaryimage\"},\"thumbnailUrl\":\"https:\\\/\\\/www.accuratereviews.com\\\/wp-content\\\/uploads\\\/2019\\\/10\\\/clarizen-twitter.jpg\",\"datePublished\":\"2019-10-07T08:53:25+00:00\",\"dateModified\":\"2019-10-07T13:16:56+00:00\",\"description\":\"Clarizen: recensione del software ideato per project manager di grandi aziende, organizzazioni IT e team che necessitano una migliore gestione dei progetti.\",\"breadcrumb\":{\"@id\":\"https:\\\/\\\/www.accuratereviews.com\\\/it\\\/project-management-online-lista-software\\\/clarizen-recensione\\\/#breadcrumb\"},\"inLanguage\":\"it-IT\",\"potentialAction\":[{\"@type\":\"ReadAction\",\"target\":[\"https:\\\/\\\/www.accuratereviews.com\\\/it\\\/project-management-online-lista-software\\\/clarizen-recensione\\\/\"]}]},{\"@type\":\"ImageObject\",\"inLanguage\":\"it-IT\",\"@id\":\"https:\\\/\\\/www.accuratereviews.com\\\/it\\\/project-management-online-lista-software\\\/clarizen-recensione\\\/#primaryimage\",\"url\":\"https:\\\/\\\/www.accuratereviews.com\\\/wp-content\\\/uploads\\\/2019\\\/10\\\/clarizen-twitter.jpg\",\"contentUrl\":\"https:\\\/\\\/www.accuratereviews.com\\\/wp-content\\\/uploads\\\/2019\\\/10\\\/clarizen-twitter.jpg\",\"width\":1024,\"height\":512},{\"@type\":\"BreadcrumbList\",\"@id\":\"https:\\\/\\\/www.accuratereviews.com\\\/it\\\/project-management-online-lista-software\\\/clarizen-recensione\\\/#breadcrumb\",\"itemListElement\":[{\"@type\":\"ListItem\",\"position\":1,\"name\":\"Home\",\"item\":\"https:\\\/\\\/www.accuratereviews.com\\\/it\\\/\"},{\"@type\":\"ListItem\",\"position\":2,\"name\":\"Project Management Online\",\"item\":\"https:\\\/\\\/www.accuratereviews.com\\\/it\\\/project-management-online-lista-software\\\/\"},{\"@type\":\"ListItem\",\"position\":3,\"name\":\"Clarizen\"}]},{\"@type\":\"WebSite\",\"@id\":\"https:\\\/\\\/www.accuratereviews.com\\\/it\\\/#website\",\"url\":\"https:\\\/\\\/www.accuratereviews.com\\\/it\\\/\",\"name\":\"Accurate Reviews\",\"description\":\"\",\"potentialAction\":[{\"@type\":\"SearchAction\",\"target\":{\"@type\":\"EntryPoint\",\"urlTemplate\":\"https:\\\/\\\/www.accuratereviews.com\\\/it\\\/?s={search_term_string}\"},\"query-input\":{\"@type\":\"PropertyValueSpecification\",\"valueRequired\":true,\"valueName\":\"search_term_string\"}}],\"inLanguage\":\"it-IT\"}]}<\/script>\n<!-- \/ Yoast SEO plugin. -->","yoast_head_json":{"title":"Clarizen: recensione programma di gestione progetti - Accurate Reviews","description":"Clarizen: recensione del software ideato per project manager di grandi aziende, organizzazioni IT e team che necessitano una migliore gestione dei progetti.","robots":{"index":"index","follow":"follow","max-snippet":"max-snippet:-1","max-image-preview":"max-image-preview:large","max-video-preview":"max-video-preview:-1"},"canonical":"https:\/\/www.accuratereviews.com\/it\/project-management-online-lista-software\/clarizen-recensione\/","og_locale":"it_IT","og_type":"article","og_title":"Clarizen: recensione programma di gestione progetti - Accurate Reviews","og_description":"Clarizen: recensione del software ideato per project manager di grandi aziende, organizzazioni IT e team che necessitano una migliore gestione dei progetti.","og_url":"https:\/\/www.accuratereviews.com\/it\/project-management-online-lista-software\/clarizen-recensione\/","og_site_name":"Accurate Reviews","article_modified_time":"2019-10-07T13:16:56+00:00","og_image":[{"width":1024,"height":512,"url":"https:\/\/www.accuratereviews.com\/wp-content\/uploads\/2019\/10\/clarizen-twitter.jpg","type":"image\/jpeg"}],"twitter_card":"summary_large_image","twitter_misc":{"Tempo di lettura stimato":"3 minuti"},"schema":{"@context":"https:\/\/schema.org","@graph":[{"@type":"WebPage","@id":"https:\/\/www.accuratereviews.com\/it\/project-management-online-lista-software\/clarizen-recensione\/","url":"https:\/\/www.accuratereviews.com\/it\/project-management-online-lista-software\/clarizen-recensione\/","name":"Clarizen: recensione programma di gestione progetti - Accurate Reviews","isPartOf":{"@id":"https:\/\/www.accuratereviews.com\/it\/#website"},"primaryImageOfPage":{"@id":"https:\/\/www.accuratereviews.com\/it\/project-management-online-lista-software\/clarizen-recensione\/#primaryimage"},"image":{"@id":"https:\/\/www.accuratereviews.com\/it\/project-management-online-lista-software\/clarizen-recensione\/#primaryimage"},"thumbnailUrl":"https:\/\/www.accuratereviews.com\/wp-content\/uploads\/2019\/10\/clarizen-twitter.jpg","datePublished":"2019-10-07T08:53:25+00:00","dateModified":"2019-10-07T13:16:56+00:00","description":"Clarizen: recensione del software ideato per project manager di grandi aziende, organizzazioni IT e team che necessitano una migliore gestione dei progetti.","breadcrumb":{"@id":"https:\/\/www.accuratereviews.com\/it\/project-management-online-lista-software\/clarizen-recensione\/#breadcrumb"},"inLanguage":"it-IT","potentialAction":[{"@type":"ReadAction","target":["https:\/\/www.accuratereviews.com\/it\/project-management-online-lista-software\/clarizen-recensione\/"]}]},{"@type":"ImageObject","inLanguage":"it-IT","@id":"https:\/\/www.accuratereviews.com\/it\/project-management-online-lista-software\/clarizen-recensione\/#primaryimage","url":"https:\/\/www.accuratereviews.com\/wp-content\/uploads\/2019\/10\/clarizen-twitter.jpg","contentUrl":"https:\/\/www.accuratereviews.com\/wp-content\/uploads\/2019\/10\/clarizen-twitter.jpg","width":1024,"height":512},{"@type":"BreadcrumbList","@id":"https:\/\/www.accuratereviews.com\/it\/project-management-online-lista-software\/clarizen-recensione\/#breadcrumb","itemListElement":[{"@type":"ListItem","position":1,"name":"Home","item":"https:\/\/www.accuratereviews.com\/it\/"},{"@type":"ListItem","position":2,"name":"Project Management Online","item":"https:\/\/www.accuratereviews.com\/it\/project-management-online-lista-software\/"},{"@type":"ListItem","position":3,"name":"Clarizen"}]},{"@type":"WebSite","@id":"https:\/\/www.accuratereviews.com\/it\/#website","url":"https:\/\/www.accuratereviews.com\/it\/","name":"Accurate Reviews","description":"","potentialAction":[{"@type":"SearchAction","target":{"@type":"EntryPoint","urlTemplate":"https:\/\/www.accuratereviews.com\/it\/?s={search_term_string}"},"query-input":{"@type":"PropertyValueSpecification","valueRequired":true,"valueName":"search_term_string"}}],"inLanguage":"it-IT"}]}},"_links":{"self":[{"href":"https:\/\/www.accuratereviews.com\/it\/wp-json\/wp\/v2\/pages\/18903","targetHints":{"allow":["GET"]}}],"collection":[{"href":"https:\/\/www.accuratereviews.com\/it\/wp-json\/wp\/v2\/pages"}],"about":[{"href":"https:\/\/www.accuratereviews.com\/it\/wp-json\/wp\/v2\/types\/page"}],"author":[{"embeddable":true,"href":"https:\/\/www.accuratereviews.com\/it\/wp-json\/wp\/v2\/users\/17"}],"replies":[{"embeddable":true,"href":"https:\/\/www.accuratereviews.com\/it\/wp-json\/wp\/v2\/comments?post=18903"}],"version-history":[{"count":2,"href":"https:\/\/www.accuratereviews.com\/it\/wp-json\/wp\/v2\/pages\/18903\/revisions"}],"predecessor-version":[{"id":18917,"href":"https:\/\/www.accuratereviews.com\/it\/wp-json\/wp\/v2\/pages\/18903\/revisions\/18917"}],"up":[{"embeddable":true,"href":"https:\/\/www.accuratereviews.com\/it\/wp-json\/wp\/v2\/pages\/8333"}],"wp:featuredmedia":[{"embeddable":true,"href":"https:\/\/www.accuratereviews.com\/it\/wp-json\/wp\/v2\/media\/18905"}],"wp:attachment":[{"href":"https:\/\/www.accuratereviews.com\/it\/wp-json\/wp\/v2\/media?parent=18903"}],"wp:term":[{"taxonomy":"category","embeddable":true,"href":"https:\/\/www.accuratereviews.com\/it\/wp-json\/wp\/v2\/categories?post=18903"},{"taxonomy":"post_tag","embeddable":true,"href":"https:\/\/www.accuratereviews.com\/it\/wp-json\/wp\/v2\/tags?post=18903"},{"taxonomy":"features","embeddable":true,"href":"https:\/\/www.accuratereviews.com\/it\/wp-json\/wp\/v2\/features?post=18903"}],"curies":[{"name":"wp","href":"https:\/\/api.w.org\/{rel}","templated":true}]}}