{"id":18939,"date":"2019-10-08T15:20:36","date_gmt":"2019-10-08T15:20:36","guid":{"rendered":"https:\/\/www.accuratereviews.com\/?page_id=18939"},"modified":"2019-10-08T15:20:36","modified_gmt":"2019-10-08T15:20:36","slug":"casecamp-recensione","status":"publish","type":"page","link":"https:\/\/www.accuratereviews.com\/it\/project-management-online-lista-software\/casecamp-recensione\/","title":{"rendered":"CaseCamp"},"content":{"rendered":"<p><strong>CaseCamp<\/strong> \u00e8 un software di<strong> gestione dei progetti<\/strong> semplice e diretto che ha tutte le caratteristiche e le capacit\u00e0 necessarie per gestire i progetti e i membri del team in un&#8217;unica posizione. La piattaforma vanta un&#8217;interfaccia utente pulita e ordinata che consente una navigazione fluida e l&#8217;accesso alle informazioni, nonch\u00e9 una comunicazione rapida e senza soluzione di continuit\u00e0 con i tuoi collaboratori.\u00a0Utilizzato da marchi e organizzazioni internazionali come Ericsson, NDTV e Wedding.com, <strong>CaseCamp<\/strong> semplifica la gestione del budget e il monitoraggio delle spese da parte dei manager, la creazione di pianificazioni e l&#8217;assegnazione di attivit\u00e0 per i membri del team, le \u00a0scadenze e gli obiettivi raggiunti, il monitoraggio dei progressi e generare report da informazioni in tempo reale per ottenere informazioni dettagliate e attuabili. Le mansioni, le assenze e le ore lavorate vengono effettivamente monitorate, il che consente ai manager di visualizzare e impostare programmi che funzionano per tutti i soggetti coinvolti.<\/p>\n<h2>CASECAMP TUTORIAL<\/h2>\n<p>Come facciamo a controllare il tempo impiegato dai nostri collaboratori su un progetto? Con questo <strong>software Project Management<\/strong> \u00e8 molto semplice guardiamo il tutorial:<\/p>\n<div id=\"fluid-wrapper-counter-1\" class=\"g1-fluid-wrapper \" style=\"width:686px;\">\n<div style=\"padding-bottom:56.268221574344%;\"><iframe loading=\"lazy\" title=\"Casecamp reports,time sheet and activity:Hours (Hours worked  per day)\" width=\"686\" height=\"386\" src=\"https:\/\/www.youtube.com\/embed\/Em3QDvYoHpI?feature=oembed&amp;wmode=transparent&amp;autohide=1&amp;autoplay=0&amp;disablekb=0&amp;fs=1&amp;loop=0&amp;enablejsapi=1&amp;rel=0&amp;controls=2&amp;showinfo=0&amp;wmode=transparent&amp;autohide=2&amp;autoplay=0&amp;disablekb=0&amp;fs=1&amp;loop=0&amp;enablejsapi=1&amp;rel=0&amp;controls=2&amp;showinfo=1\" frameborder=\"0\" allow=\"accelerometer; autoplay; encrypted-media; gyroscope; picture-in-picture\" allowfullscreen><\/iframe><\/div>\n<\/div>\n<h3>CASECAMP &#8211; CARATTERISTICHE<\/h3>\n<ul>\n<li>Lista di cose da fare<\/li>\n<li>Analisi del diagramma di Gantt<\/li>\n<li>Gestione del bilancio<\/li>\n<li>Gestione del tempo<\/li>\n<li>Calendario<\/li>\n<li>Monitoraggio dei dipendenti<\/li>\n<li>Integrazione di codice \/ Github<\/li>\n<li>Crea squadre \/ gruppi<\/li>\n<li>Gestione documenti<\/li>\n<li>App IOS e app Android<\/li>\n<\/ul>\n<h4>LE RECENSIONI DEGLI UTENTI<\/h4>\n<h4>Jeffery S.&#8221; Ottima risorsa &#8230; ottima per rivedere discussioni passate, progressi di revisione e contenuti caricati!&#8221;<\/h4>\n<p><strong>Vantaggi:<\/strong> Il valore di Casecamp dal mio punto di vista \u00e8 che Casecamp &#8220;quando usato come previsto&#8221; \u00e8 fantastico per un paio di ragioni. Innanzitutto, fornisce un registro delle conversazioni durante le fasi di un progetto e, in secondo luogo, fornisce un catalogo completo di caricamenti. Quindi non c&#8217;\u00e8 dubbio su cosa sia stato discusso e quali informazioni siano state fornite.<\/p>\n<p><strong>Inconvenienti<\/strong>: Mi piacerebbe vedere degli indicatori pop-up per dire ai manager quando qualcosa \u00e8 in anticipo rispetto al programma o agli incaricati che stanno perdendo tempo.<\/p>\n<h4>Jake L. &#8220;Hidden Gem nel software di project management&#8221;<\/h4>\n<p><strong>Commenti<\/strong>: Usa \u00a0Casecamp ora; Puoi ringraziarmi pi\u00f9 tardi. \u00c8 lo strumento pi\u00f9 amato dalla nostra azienda. Ho usato molti strumenti di gestione dei progetti mentre lavoravo per aziende tecnologiche di Fortune 100 e nel mio negozio di sviluppo. Casecamp combina tutti gli strumenti che avevamo (Jira, upwork, time doctor,) fa un lavoro migliore di tutti individualmente e per una frazione del prezzo. Soldi ben spesi<\/p>\n<p><strong>Vantaggi<\/strong>: soluzione all in one. Ottimo prezzo e ottimo rapporto qualit\u00e0 \/ prezzo. Consolida tutti i miei strumenti.<\/p>\n<p><strong>Inconvenienti<\/strong>: niente<\/p>\n<h4>Rachit D. &#8220;CaseCamp \u00e8 un software di gestione dei progetti che offre progetti illimitati con costi minimi per gli acquirenti.&#8221;<\/h4>\n<p><strong>Vantaggi<\/strong>: CaseCamp \u00e8 il miglior strumento di gestione dei progetti disponibile online con pi\u00f9 funzionalit\u00e0 rispetto ai suoi colleghi. La caratteristica pi\u00f9 interessante \u00e8 l&#8217;analisi del diagramma di Gantt. In questo modo gli utenti possono avere una rappresentazione grafica delle attivit\u00e0 del progetto. \u00c8 anche ospitato su un cloud privato \/ pubblico. Ci\u00f2 fornisce funzionalit\u00e0 di prossima generazione di funzionalit\u00e0 del software. Fornisce un livello avanzato di funzionalit\u00e0 come analisi, note spese, esportazione in CSV. Fornisce agli utenti 50 GB di spazio di archiviazione online. Questo software fornisce un&#8217;interfaccia facile da usare. Gli utenti possono impararlo facilmente. Gli utenti possono utilizzare solo uno strumento per gestire e coprire una serie di processi e requisiti aziendali.<\/p>\n<p><strong>Inconvenienti<\/strong>: CaseCamp supporta solo la lingua inglese per i suoi clienti. Quindi la base di utenti si sta restringendo. Ci\u00f2 influisce direttamente sull&#8217;attivit\u00e0 dell&#8217;azienda. Esiste una funzione chiamata Acquisizione posizione GPS dipendente \/ Tracciamento dipendente. Mi piace meno la funzionalit\u00e0 chiamata &#8220;Capture GPS Employee location \/ Employee tracking&#8221; su questo software.<\/p>\n","protected":false},"excerpt":{"rendered":"<p>CaseCamp \u00e8 un software di gestione dei progetti semplice e diretto che ha tutte le caratteristiche e le capacit\u00e0 necessarie per gestire i progetti e i membri del team in un&#8217;unica posizione. La piattaforma vanta un&#8217;interfaccia utente pulita e ordinata che consente una navigazione fluida e l&#8217;accesso alle informazioni, nonch\u00e9 una comunicazione rapida e senza soluzione di continuit\u00e0 con i tuoi collaboratori.<\/p>\n","protected":false},"author":19,"featured_media":18940,"parent":8333,"menu_order":0,"comment_status":"open","ping_status":"closed","template":"g1_template_page_review_new.php","meta":{"_acf_changed":false,"cwp_meta_box_check":"Yes","cwp_rev_product_name":"","cwp_rev_product_image":"","wppr_links":[],"cwp_rev_price":"","wppr_options":[],"wppr_pros":[],"wppr_cons":[],"_monsterinsights_skip_tracking":false,"_monsterinsights_sitenote_active":false,"_monsterinsights_sitenote_note":"","_monsterinsights_sitenote_category":0,"footnotes":""},"categories":[172],"tags":[1362,391,1337,1310,1311,1309,1363,1320],"features":[],"class_list":{"0":"post-18939","1":"page","2":"type-page","3":"status-publish","4":"has-post-thumbnail","6":"category-online-project-management-it","7":"tag-casecamp","8":"tag-cloude","9":"tag-programma-gestione-dei-progetti","10":"tag-programma-project-management","11":"tag-software-gestione-dei-progetti","12":"tag-software-project-management","13":"tag-soluzione-gestione-progetti","14":"tag-soluzione-project-management"},"wppr_data":{"cwp_meta_box_check":"Yes","cwp_rev_product_name":"","cwp_rev_product_image":"","cwp_image_link":"image","cwp_rev_price":"","wppr_rating":"0.00"},"acf":[],"yoast_head":"<!-- This site is optimized with the Yoast SEO plugin v27.4 - https:\/\/yoast.com\/product\/yoast-seo-wordpress\/ -->\n<title>CaseCamp: recensione software Project Management - Accurate Reviews<\/title>\n<meta name=\"description\" content=\"CaseCamp: recensione software di gestione dei progetti semplice e diretto che ha tutte le caratteristiche e le capacit\u00e0 per essere efficace e valido.\" \/>\n<meta name=\"robots\" content=\"index, follow, max-snippet:-1, max-image-preview:large, max-video-preview:-1\" \/>\n<link rel=\"canonical\" href=\"https:\/\/www.accuratereviews.com\/it\/project-management-online-lista-software\/casecamp-recensione\/\" \/>\n<meta property=\"og:locale\" content=\"it_IT\" \/>\n<meta property=\"og:type\" content=\"article\" \/>\n<meta property=\"og:title\" content=\"CaseCamp: recensione software Project Management - Accurate Reviews\" \/>\n<meta property=\"og:description\" content=\"CaseCamp: recensione software di gestione dei progetti semplice e diretto che ha tutte le caratteristiche e le capacit\u00e0 per essere efficace e valido.\" \/>\n<meta property=\"og:url\" content=\"https:\/\/www.accuratereviews.com\/it\/project-management-online-lista-software\/casecamp-recensione\/\" \/>\n<meta property=\"og:site_name\" content=\"Accurate Reviews\" \/>\n<meta property=\"og:image\" content=\"https:\/\/www.accuratereviews.com\/wp-content\/uploads\/2019\/10\/CaseCamp-Logo.png\" \/>\n\t<meta property=\"og:image:width\" content=\"200\" \/>\n\t<meta property=\"og:image:height\" content=\"200\" \/>\n\t<meta property=\"og:image:type\" content=\"image\/png\" \/>\n<meta name=\"twitter:card\" content=\"summary_large_image\" \/>\n<meta name=\"twitter:label1\" content=\"Tempo di lettura stimato\" \/>\n\t<meta name=\"twitter:data1\" content=\"3 minuti\" \/>\n<script type=\"application\/ld+json\" class=\"yoast-schema-graph\">{\"@context\":\"https:\\\/\\\/schema.org\",\"@graph\":[{\"@type\":\"WebPage\",\"@id\":\"https:\\\/\\\/www.accuratereviews.com\\\/it\\\/project-management-online-lista-software\\\/casecamp-recensione\\\/\",\"url\":\"https:\\\/\\\/www.accuratereviews.com\\\/it\\\/project-management-online-lista-software\\\/casecamp-recensione\\\/\",\"name\":\"CaseCamp: recensione software Project Management - Accurate Reviews\",\"isPartOf\":{\"@id\":\"https:\\\/\\\/www.accuratereviews.com\\\/it\\\/#website\"},\"primaryImageOfPage\":{\"@id\":\"https:\\\/\\\/www.accuratereviews.com\\\/it\\\/project-management-online-lista-software\\\/casecamp-recensione\\\/#primaryimage\"},\"image\":{\"@id\":\"https:\\\/\\\/www.accuratereviews.com\\\/it\\\/project-management-online-lista-software\\\/casecamp-recensione\\\/#primaryimage\"},\"thumbnailUrl\":\"https:\\\/\\\/www.accuratereviews.com\\\/wp-content\\\/uploads\\\/2019\\\/10\\\/CaseCamp-Logo.png\",\"datePublished\":\"2019-10-08T15:20:36+00:00\",\"description\":\"CaseCamp: recensione software di gestione dei progetti semplice e diretto che ha tutte le caratteristiche e le capacit\u00e0 per essere efficace e valido.\",\"breadcrumb\":{\"@id\":\"https:\\\/\\\/www.accuratereviews.com\\\/it\\\/project-management-online-lista-software\\\/casecamp-recensione\\\/#breadcrumb\"},\"inLanguage\":\"it-IT\",\"potentialAction\":[{\"@type\":\"ReadAction\",\"target\":[\"https:\\\/\\\/www.accuratereviews.com\\\/it\\\/project-management-online-lista-software\\\/casecamp-recensione\\\/\"]}]},{\"@type\":\"ImageObject\",\"inLanguage\":\"it-IT\",\"@id\":\"https:\\\/\\\/www.accuratereviews.com\\\/it\\\/project-management-online-lista-software\\\/casecamp-recensione\\\/#primaryimage\",\"url\":\"https:\\\/\\\/www.accuratereviews.com\\\/wp-content\\\/uploads\\\/2019\\\/10\\\/CaseCamp-Logo.png\",\"contentUrl\":\"https:\\\/\\\/www.accuratereviews.com\\\/wp-content\\\/uploads\\\/2019\\\/10\\\/CaseCamp-Logo.png\",\"width\":200,\"height\":200},{\"@type\":\"BreadcrumbList\",\"@id\":\"https:\\\/\\\/www.accuratereviews.com\\\/it\\\/project-management-online-lista-software\\\/casecamp-recensione\\\/#breadcrumb\",\"itemListElement\":[{\"@type\":\"ListItem\",\"position\":1,\"name\":\"Home\",\"item\":\"https:\\\/\\\/www.accuratereviews.com\\\/it\\\/\"},{\"@type\":\"ListItem\",\"position\":2,\"name\":\"Project Management Online\",\"item\":\"https:\\\/\\\/www.accuratereviews.com\\\/it\\\/project-management-online-lista-software\\\/\"},{\"@type\":\"ListItem\",\"position\":3,\"name\":\"CaseCamp\"}]},{\"@type\":\"WebSite\",\"@id\":\"https:\\\/\\\/www.accuratereviews.com\\\/it\\\/#website\",\"url\":\"https:\\\/\\\/www.accuratereviews.com\\\/it\\\/\",\"name\":\"Accurate Reviews\",\"description\":\"\",\"potentialAction\":[{\"@type\":\"SearchAction\",\"target\":{\"@type\":\"EntryPoint\",\"urlTemplate\":\"https:\\\/\\\/www.accuratereviews.com\\\/it\\\/?s={search_term_string}\"},\"query-input\":{\"@type\":\"PropertyValueSpecification\",\"valueRequired\":true,\"valueName\":\"search_term_string\"}}],\"inLanguage\":\"it-IT\"}]}<\/script>\n<!-- \/ Yoast SEO plugin. -->","yoast_head_json":{"title":"CaseCamp: recensione software Project Management - Accurate Reviews","description":"CaseCamp: recensione software di gestione dei progetti semplice e diretto che ha tutte le caratteristiche e le capacit\u00e0 per essere efficace e valido.","robots":{"index":"index","follow":"follow","max-snippet":"max-snippet:-1","max-image-preview":"max-image-preview:large","max-video-preview":"max-video-preview:-1"},"canonical":"https:\/\/www.accuratereviews.com\/it\/project-management-online-lista-software\/casecamp-recensione\/","og_locale":"it_IT","og_type":"article","og_title":"CaseCamp: recensione software Project Management - Accurate Reviews","og_description":"CaseCamp: recensione software di gestione dei progetti semplice e diretto che ha tutte le caratteristiche e le capacit\u00e0 per essere efficace e valido.","og_url":"https:\/\/www.accuratereviews.com\/it\/project-management-online-lista-software\/casecamp-recensione\/","og_site_name":"Accurate Reviews","og_image":[{"width":200,"height":200,"url":"https:\/\/www.accuratereviews.com\/wp-content\/uploads\/2019\/10\/CaseCamp-Logo.png","type":"image\/png"}],"twitter_card":"summary_large_image","twitter_misc":{"Tempo di lettura stimato":"3 minuti"},"schema":{"@context":"https:\/\/schema.org","@graph":[{"@type":"WebPage","@id":"https:\/\/www.accuratereviews.com\/it\/project-management-online-lista-software\/casecamp-recensione\/","url":"https:\/\/www.accuratereviews.com\/it\/project-management-online-lista-software\/casecamp-recensione\/","name":"CaseCamp: recensione software Project Management - Accurate Reviews","isPartOf":{"@id":"https:\/\/www.accuratereviews.com\/it\/#website"},"primaryImageOfPage":{"@id":"https:\/\/www.accuratereviews.com\/it\/project-management-online-lista-software\/casecamp-recensione\/#primaryimage"},"image":{"@id":"https:\/\/www.accuratereviews.com\/it\/project-management-online-lista-software\/casecamp-recensione\/#primaryimage"},"thumbnailUrl":"https:\/\/www.accuratereviews.com\/wp-content\/uploads\/2019\/10\/CaseCamp-Logo.png","datePublished":"2019-10-08T15:20:36+00:00","description":"CaseCamp: recensione software di gestione dei progetti semplice e diretto che ha tutte le caratteristiche e le capacit\u00e0 per essere efficace e valido.","breadcrumb":{"@id":"https:\/\/www.accuratereviews.com\/it\/project-management-online-lista-software\/casecamp-recensione\/#breadcrumb"},"inLanguage":"it-IT","potentialAction":[{"@type":"ReadAction","target":["https:\/\/www.accuratereviews.com\/it\/project-management-online-lista-software\/casecamp-recensione\/"]}]},{"@type":"ImageObject","inLanguage":"it-IT","@id":"https:\/\/www.accuratereviews.com\/it\/project-management-online-lista-software\/casecamp-recensione\/#primaryimage","url":"https:\/\/www.accuratereviews.com\/wp-content\/uploads\/2019\/10\/CaseCamp-Logo.png","contentUrl":"https:\/\/www.accuratereviews.com\/wp-content\/uploads\/2019\/10\/CaseCamp-Logo.png","width":200,"height":200},{"@type":"BreadcrumbList","@id":"https:\/\/www.accuratereviews.com\/it\/project-management-online-lista-software\/casecamp-recensione\/#breadcrumb","itemListElement":[{"@type":"ListItem","position":1,"name":"Home","item":"https:\/\/www.accuratereviews.com\/it\/"},{"@type":"ListItem","position":2,"name":"Project Management Online","item":"https:\/\/www.accuratereviews.com\/it\/project-management-online-lista-software\/"},{"@type":"ListItem","position":3,"name":"CaseCamp"}]},{"@type":"WebSite","@id":"https:\/\/www.accuratereviews.com\/it\/#website","url":"https:\/\/www.accuratereviews.com\/it\/","name":"Accurate Reviews","description":"","potentialAction":[{"@type":"SearchAction","target":{"@type":"EntryPoint","urlTemplate":"https:\/\/www.accuratereviews.com\/it\/?s={search_term_string}"},"query-input":{"@type":"PropertyValueSpecification","valueRequired":true,"valueName":"search_term_string"}}],"inLanguage":"it-IT"}]}},"_links":{"self":[{"href":"https:\/\/www.accuratereviews.com\/it\/wp-json\/wp\/v2\/pages\/18939","targetHints":{"allow":["GET"]}}],"collection":[{"href":"https:\/\/www.accuratereviews.com\/it\/wp-json\/wp\/v2\/pages"}],"about":[{"href":"https:\/\/www.accuratereviews.com\/it\/wp-json\/wp\/v2\/types\/page"}],"author":[{"embeddable":true,"href":"https:\/\/www.accuratereviews.com\/it\/wp-json\/wp\/v2\/users\/19"}],"replies":[{"embeddable":true,"href":"https:\/\/www.accuratereviews.com\/it\/wp-json\/wp\/v2\/comments?post=18939"}],"version-history":[{"count":7,"href":"https:\/\/www.accuratereviews.com\/it\/wp-json\/wp\/v2\/pages\/18939\/revisions"}],"predecessor-version":[{"id":18963,"href":"https:\/\/www.accuratereviews.com\/it\/wp-json\/wp\/v2\/pages\/18939\/revisions\/18963"}],"up":[{"embeddable":true,"href":"https:\/\/www.accuratereviews.com\/it\/wp-json\/wp\/v2\/pages\/8333"}],"wp:featuredmedia":[{"embeddable":true,"href":"https:\/\/www.accuratereviews.com\/it\/wp-json\/wp\/v2\/media\/18940"}],"wp:attachment":[{"href":"https:\/\/www.accuratereviews.com\/it\/wp-json\/wp\/v2\/media?parent=18939"}],"wp:term":[{"taxonomy":"category","embeddable":true,"href":"https:\/\/www.accuratereviews.com\/it\/wp-json\/wp\/v2\/categories?post=18939"},{"taxonomy":"post_tag","embeddable":true,"href":"https:\/\/www.accuratereviews.com\/it\/wp-json\/wp\/v2\/tags?post=18939"},{"taxonomy":"features","embeddable":true,"href":"https:\/\/www.accuratereviews.com\/it\/wp-json\/wp\/v2\/features?post=18939"}],"curies":[{"name":"wp","href":"https:\/\/api.w.org\/{rel}","templated":true}]}}