{"id":18948,"date":"2019-10-08T15:13:59","date_gmt":"2019-10-08T15:13:59","guid":{"rendered":"https:\/\/www.accuratereviews.com\/?page_id=18948"},"modified":"2019-10-08T15:13:59","modified_gmt":"2019-10-08T15:13:59","slug":"celoxis-recensione","status":"publish","type":"page","link":"https:\/\/www.accuratereviews.com\/it\/project-management-online-lista-software\/celoxis-recensione\/","title":{"rendered":"Celoxis"},"content":{"rendered":"<p><strong>Celoxis<\/strong> \u00e8 una popolar<strong>e app di gestione dei progetti<\/strong>\u00a0facile da usare e conveniente. \u00c8 una soluzione integrata che \u00e8 possibile utilizzare per gestire, flussi di lavoro, spese, schede attivit\u00e0 e risorse e migliorare la collaborazione di clienti e team. Puoi utilizzare le tue risorse in modo ottimale e tenere traccia di bug, problemi, approvazioni, richieste di modifica e altro. L&#8217;ultima Enterprise Project Management versione 11.0 dell&#8217;azienda ha migliorato in modo significativo le prestazioni e l&#8217;usabilit\u00e0 del sistema e ha introdotto una serie di funzionalit\u00e0 avanzate come nuove opzioni di visualizzazione dei dati (linee di tendenza, grafici di confronto), consegna dei rapporti programmati, misurazione dei margini di profitto effettivi e stimati e stesura di report sui flussi di cassa, nonch\u00e9 campi personalizzati per i riepiloghi delle attivit\u00e0. La nuova versione organizzer\u00e0 anche gli elementi di lavoro all&#8217;interno di un pannello scorrevole e ti consentir\u00e0 di utilizzare grafici Gantt pi\u00f9 facili da capire e coinvolgenti.<\/p>\n<h2>CELOXIS &#8211; TUTORIAL<\/h2>\n<p>Questo breve tutorial spiegher\u00e0 le funzioni basilari per utilizzare questo <strong>software Project Management<\/strong>:<\/p>\n<div id=\"fluid-wrapper-counter-1\" class=\"g1-fluid-wrapper \" style=\"width:686px;\">\n<div style=\"padding-bottom:56.268221574344%;\"><iframe loading=\"lazy\" title=\"Getting started with Celoxis\" width=\"686\" height=\"386\" src=\"https:\/\/www.youtube.com\/embed\/5z9MxwCrwwA?feature=oembed&amp;wmode=transparent&amp;autohide=1&amp;autoplay=0&amp;disablekb=0&amp;fs=1&amp;loop=0&amp;enablejsapi=1&amp;rel=0&amp;controls=2&amp;showinfo=0&amp;wmode=transparent&amp;autohide=2&amp;autoplay=0&amp;disablekb=0&amp;fs=1&amp;loop=0&amp;enablejsapi=1&amp;rel=0&amp;controls=2&amp;showinfo=1\" frameborder=\"0\" allow=\"accelerometer; autoplay; clipboard-write; encrypted-media; gyroscope; picture-in-picture\" allowfullscreen><\/iframe><\/div>\n<\/div>\n<h3>CELOXIS &#8211; CARATTERISTICHE<\/h3>\n<ul>\n<li><strong>Widget e layout personalizzabili:<\/strong> presentazione della dashboard personalizzabile nel settore della gestione dei progetti. Puoi scegliere tra i nostri widget pre-creati o creare il tuo. Anche il layout pu\u00f2 essere completamente personalizzato, in modo da poter visualizzare i dati nel modo desiderato<\/li>\n<li><strong>Grafici drill-down<\/strong>: \u00e8 possibile eseguire il drill-down per visualizzare gli elementi interessanti e persino eseguire azioni su di essi. Puoi agire direttamente dalla tua dashboard<\/li>\n<li><strong>Dashboard multiple per utente:<\/strong> a ogni utente possono essere assegnati pi\u00f9 dashboard che li aiutano a rimanere organizzati e focalizzati<\/li>\n<li><strong>Gestione delle risorse<\/strong>: colcare facilmente le risorse alle attivit\u00e0 in base a disponibilit\u00e0, domanda e competenze. Utilizza in modo ottimale la tua forza lavoro con grafici precisi e in tempo reale<\/li>\n<li><strong>Tracciamento del progetto:<\/strong> affronta i problemi, attivit\u00e0 e progetti senza uscire dalla dashboard. Mantieniti aggiornato sui tuoi progetti con avvisi automatici via email<\/li>\n<li><strong>Contabilit\u00e0 del progetto<\/strong>: ottieni visibilit\u00e0 in tempo reale su spese, crediti e del budget tra progetti e portafogli<\/li>\n<li><strong>Tempo e spese<\/strong>: tieni traccia di tempi, costi e fatturazione con i fogli presenze e modulo di spesa integrati.<\/li>\n<\/ul>\n<h4>LE RECENSIONE DEGLI UTENTI<\/h4>\n<h4>Stacie M. &#8220;Celoxis \u00e8 una piattaforma robusta con un team di supporto stellare.&#8221;<\/h4>\n<p><strong>Vantaggi<\/strong>: Celoxis soddisfa le aspettative per la gestione dei progetti nel settore della consegna del software. Siamo in grado di sfruttare Celoxis a livello globale per tracciare i nostri progetti di implementazione. Tracciamo i nostri dati finanziari, assegnazioni di risorse \u00e8 completa in questo strumento. Celoxis ha un&#8217;ottima struttura di reporting e flessibilit\u00e0 nella creazione di campi personalizzati. Quando lo strumento non ha la funzione esatta di cui ho bisogno, sono stato in grado di lavorare con l&#8217;addestramento di Celoxis per trovare una soluzione pronta all&#8217;uso o inviare una richiesta di funzionalit\u00e0 con sorprendente successo nel farli consegnare. Celoxis ha spesso pi\u00f9 funzionalit\u00e0 di quelle che i miei team sono pronti ad adottare e trovo che i problemi operativi abbiano pi\u00f9 a che fare con le persone e i processi (non con gli strumenti). Mi piace in particolare la flessibilit\u00e0 della funzionalit\u00e0 di accesso client e la personalizzazione di ci\u00f2 che ogni persona pu\u00f2 vedere nelle proprie dashboard. Adoro davvero che possa fungere da unico repository centrale per gli aggiornamenti del progetto. Usiamo Celoxis da poco pi\u00f9 di tre anni e ne siamo abbastanza soddisfatti. Entro pochi mesi sar\u00e0 il nostro standard globale.<\/p>\n<p><strong>Inconvenienti:<\/strong> Celoxis \u00e8 un software autonomo che deve essere integrato con il nostro ambiente Salesforce, pertanto, ci sono voluti investimenti aggiuntivi da parte nostra per avviare automaticamente i progetti allo stato chiuso e alimentare i dati nei nostri sistemi finanziari. Celoxis \u00e8 anche un dato in tempo reale, quindi non esiste un pulsante Indietro se si elimina qualcosa o si \u00e8 in grado di ripristinare una versione precedente. Dal momento che sto usando questo strumento a livello globale, vorrei vedere pi\u00f9 funzioni di amministrazione segmentate dell&#8217;area di lavoro per controllare ci\u00f2 che viene visualizzato da ciascuna regione in tutti i report e le attivit\u00e0. Inoltre, abbiamo dovuto eseguire alcune soluzioni alternative per ottenere grafici di carico delle risorse fatturabili e non fatturabili nello strumento. Poich\u00e9 molte persone vanno in Outlook per vedere se una risorsa \u00e8 disponibile, l&#8217;attuale integrazione di Celoxis Outlook (un calendario separato) non \u00e8 sufficiente per bloccare la pianificazione dalla pianificazione per altre cose. Suggerisco i seguenti miglioramenti<br \/>\n&#8211; Integrazione diretta del calendario di Outlook che blocca il tempo programmato in modo che le persone dell&#8217;azienda possano vedere che la risorsa non \u00e8 disponibile e che lavora attivamente a un progetto. (attualmente prenotiamo il tempo in Celoxis e Outlook &#8211; doppia entrata)<br \/>\n&#8211; Il tempo non di progetto \u00e8 stato visualizzato esattamente come il tempo fatturabile dai progetti nei grafici di caricamento delle risorse, inclusi il time code e l&#8217;allocazione<br \/>\n&#8211; Funzionalit\u00e0 di amministrazione per ulteriore segmentazione o archiviazione dei dati<br \/>\n&#8211; Opzioni di ripristino dei dati incluso il ripristino di oggetti eliminati ripristinando a un giorno precedente<\/p>\n<h4>Anshu M &#8220;Eccellente in molti, molti modi anche se con alcune carenze&#8221;<\/h4>\n<p><strong>Commenti<\/strong>: Celoxis \u00e8 un ottimo PMS, senza dubbio. Mi piace che mantengano le liste e i rapporti semplici ma potenti. \u00c8 agile perch\u00e9 utilizza il testo piuttosto che troppi effetti grafici, ecc. \u00c8 possibile generare un&#8217;ampia variet\u00e0 di report. Viene fornito con portali client gratuiti che i miei clienti adorano. Ha una funzionalit\u00e0 molto potente in cui \u00e8 possibile definire la propria app con il proprio flusso di lavoro, campi personalizzati, ecc. Ha anche un meccanismo di attivazione per cambiare lo stato delle app quando vengono ricevute le risposte, il che \u00e8 molto, molto utile. Ho creato fino a 8 app per le opportunit\u00e0 in arrivo, definendo un sistema di tracciamento delle richieste, pagamenti, contratti, ecc. Questo \u00e8 estremamente utile per organizzare tutto intorno a un Progetto. Ha carenze nell&#8217;area delle comunicazioni come non avere un editor di posta elettronica e puoi scrivere (tramite commenti) a un solo cliente (una persona) dall&#8217;interno dell&#8217;app ecc. Puoi ottenere tutto questo a un prezzo molto basso a differenza di Salesforce ecc., \u00e8 un affare!<\/p>\n<p><strong>Vantaggi<\/strong>: interfaccia veloce, personalizzabile, senza fronzoli, ampia variet\u00e0 di report, app personalizzate<\/p>\n<p><strong>Inconvenienti<\/strong>: debole negli strumenti di comunicazione, non ha un editor di posta elettronica, solo le notifiche possono essere inviate tramite commenti nelle app, non \u00e8 possibile allegare file a questi o inviare a pi\u00f9 funzionari client. Le discussioni a livello di progetto consentono quelle ma non a livello di app.<\/p>\n<h4>Denzil jr P. &#8220;La flessibilit\u00e0 di Celoxis porta la nostra azienda al livello successivo!&#8221;<\/h4>\n<p><strong>Commenti<\/strong>: Oltre alla sua eccezionale funzionalit\u00e0 di gestione dei progetti, Celoxis ha una grande flessibilit\u00e0 nella creazione di app personalizzate in cui \u00e8 possibile modificare la formula personalizzata e creare processi che offriranno incredibili benefici sulla gestione dei dati e report e tracker molto utili che ci aiutano a tracciare il nostro consegna dei tempi e migliorare il nostro lavoro di squadra contemporaneamente grazie alla collaborazione lavorativa. in 4-6 mesi di utilizzo di celoxis e sviluppo di alcune app personalizzate, abbiamo portato la nostra consegna globale in tempo dal 40% all&#8217;80% che si traduce in progetti di successo e clienti soddisfatti. Sviluppando app personalizzate dai nostri registri delle ispezioni di controllo qualit\u00e0, risparmiamo molto tempo a fare report, eliminiamo riunioni non necessarie e gestiamo i nostri dati in modo efficace. Da un paio di settimane stiamo lavorando per aggiornare il nostro account dal cloud e siamo molto entusiasti delle prossime scoperte che possiamo raggiungere insieme a Celoxis come nostro partner.<\/p>\n<p><strong>Vantaggi<\/strong>: Oltre alla straordinaria funzionalit\u00e0 di gestione dei progetti, adoro la flessibilit\u00e0 che possiamo creare un&#8217;app personalizzata e modificare i campi personalizzati per automatizzare le formule, i processi e creare i report necessari di cui abbiamo bisogno.<\/p>\n<p><strong>Inconvenienti<\/strong>: limitazione della funzione grafica ma penso che la capacit\u00e0 sia sufficiente per le nostre esigenze. Tuttavia, non vediamo l&#8217;ora se Celoxis possa aggiungere altre funzionalit\u00e0 che potrebbero aiutarci a sfruttarne al massimo.<\/p>\n","protected":false},"excerpt":{"rendered":"<p>Celoxis \u00e8 una popolare app di gestione dei progetti\u00a0facile da usare e conveniente. \u00c8 una soluzione integrata che \u00e8 possibile utilizzare per gestire, flussi di lavoro, spese, schede attivit\u00e0 e risorse e migliorare la collaborazione di clienti e team. Puoi utilizzare le tue risorse in modo ottimale e tenere traccia di bug, problemi, approvazioni, richieste di modifica e altro.<\/p>\n","protected":false},"author":19,"featured_media":18956,"parent":8333,"menu_order":0,"comment_status":"open","ping_status":"closed","template":"g1_template_page_review_new.php","meta":{"_acf_changed":false,"cwp_meta_box_check":"Yes","cwp_rev_product_name":"","cwp_rev_product_image":"","wppr_links":[],"cwp_rev_price":"","wppr_options":[],"wppr_pros":[],"wppr_cons":[],"_monsterinsights_skip_tracking":false,"_monsterinsights_sitenote_active":false,"_monsterinsights_sitenote_note":"","_monsterinsights_sitenote_category":0,"footnotes":""},"categories":[172],"tags":[1364,1337,1310,1311,1309,1326,1320],"features":[],"class_list":{"0":"post-18948","1":"page","2":"type-page","3":"status-publish","4":"has-post-thumbnail","6":"category-online-project-management-it","7":"tag-celoxis","8":"tag-programma-gestione-dei-progetti","9":"tag-programma-project-management","10":"tag-software-gestione-dei-progetti","11":"tag-software-project-management","12":"tag-soluzione-gestione-dei-progetti","13":"tag-soluzione-project-management"},"wppr_data":{"cwp_meta_box_check":"Yes","cwp_rev_product_name":"","cwp_rev_product_image":"","cwp_image_link":"image","cwp_rev_price":"","wppr_rating":"0.00"},"acf":[],"yoast_head":"<!-- This site is optimized with the Yoast SEO plugin v27.4 - https:\/\/yoast.com\/product\/yoast-seo-wordpress\/ -->\n<title>Celoxis: recensione software Project Management- Accurate Reviews<\/title>\n<meta name=\"description\" content=\"Celoxis: recensione app di gestione dei progetti\u00a0facile da usare e conveniente ideale per ogni genere di attivit\u00e0 per incrementare il profitto.\" \/>\n<meta name=\"robots\" content=\"index, follow, max-snippet:-1, max-image-preview:large, max-video-preview:-1\" \/>\n<link rel=\"canonical\" href=\"https:\/\/www.accuratereviews.com\/it\/project-management-online-lista-software\/celoxis-recensione\/\" \/>\n<meta property=\"og:locale\" content=\"it_IT\" \/>\n<meta property=\"og:type\" content=\"article\" \/>\n<meta property=\"og:title\" content=\"Celoxis: recensione software Project Management- Accurate Reviews\" \/>\n<meta property=\"og:description\" content=\"Celoxis: recensione app di gestione dei progetti\u00a0facile da usare e conveniente ideale per ogni genere di attivit\u00e0 per incrementare il profitto.\" \/>\n<meta property=\"og:url\" content=\"https:\/\/www.accuratereviews.com\/it\/project-management-online-lista-software\/celoxis-recensione\/\" \/>\n<meta property=\"og:site_name\" content=\"Accurate Reviews\" \/>\n<meta property=\"og:image\" content=\"https:\/\/www.accuratereviews.com\/wp-content\/uploads\/2019\/10\/celoxis_logo.png\" \/>\n\t<meta property=\"og:image:width\" content=\"200\" \/>\n\t<meta property=\"og:image:height\" content=\"200\" \/>\n\t<meta property=\"og:image:type\" content=\"image\/png\" \/>\n<meta name=\"twitter:card\" content=\"summary_large_image\" \/>\n<meta name=\"twitter:label1\" content=\"Tempo di lettura stimato\" \/>\n\t<meta name=\"twitter:data1\" content=\"6 minuti\" \/>\n<script type=\"application\/ld+json\" class=\"yoast-schema-graph\">{\"@context\":\"https:\\\/\\\/schema.org\",\"@graph\":[{\"@type\":\"WebPage\",\"@id\":\"https:\\\/\\\/www.accuratereviews.com\\\/it\\\/project-management-online-lista-software\\\/celoxis-recensione\\\/\",\"url\":\"https:\\\/\\\/www.accuratereviews.com\\\/it\\\/project-management-online-lista-software\\\/celoxis-recensione\\\/\",\"name\":\"Celoxis: recensione software Project Management- Accurate Reviews\",\"isPartOf\":{\"@id\":\"https:\\\/\\\/www.accuratereviews.com\\\/it\\\/#website\"},\"primaryImageOfPage\":{\"@id\":\"https:\\\/\\\/www.accuratereviews.com\\\/it\\\/project-management-online-lista-software\\\/celoxis-recensione\\\/#primaryimage\"},\"image\":{\"@id\":\"https:\\\/\\\/www.accuratereviews.com\\\/it\\\/project-management-online-lista-software\\\/celoxis-recensione\\\/#primaryimage\"},\"thumbnailUrl\":\"https:\\\/\\\/www.accuratereviews.com\\\/wp-content\\\/uploads\\\/2019\\\/10\\\/celoxis_logo.png\",\"datePublished\":\"2019-10-08T15:13:59+00:00\",\"description\":\"Celoxis: recensione app di gestione dei progetti\u00a0facile da usare e conveniente ideale per ogni genere di attivit\u00e0 per incrementare il profitto.\",\"breadcrumb\":{\"@id\":\"https:\\\/\\\/www.accuratereviews.com\\\/it\\\/project-management-online-lista-software\\\/celoxis-recensione\\\/#breadcrumb\"},\"inLanguage\":\"it-IT\",\"potentialAction\":[{\"@type\":\"ReadAction\",\"target\":[\"https:\\\/\\\/www.accuratereviews.com\\\/it\\\/project-management-online-lista-software\\\/celoxis-recensione\\\/\"]}]},{\"@type\":\"ImageObject\",\"inLanguage\":\"it-IT\",\"@id\":\"https:\\\/\\\/www.accuratereviews.com\\\/it\\\/project-management-online-lista-software\\\/celoxis-recensione\\\/#primaryimage\",\"url\":\"https:\\\/\\\/www.accuratereviews.com\\\/wp-content\\\/uploads\\\/2019\\\/10\\\/celoxis_logo.png\",\"contentUrl\":\"https:\\\/\\\/www.accuratereviews.com\\\/wp-content\\\/uploads\\\/2019\\\/10\\\/celoxis_logo.png\",\"width\":200,\"height\":200},{\"@type\":\"BreadcrumbList\",\"@id\":\"https:\\\/\\\/www.accuratereviews.com\\\/it\\\/project-management-online-lista-software\\\/celoxis-recensione\\\/#breadcrumb\",\"itemListElement\":[{\"@type\":\"ListItem\",\"position\":1,\"name\":\"Home\",\"item\":\"https:\\\/\\\/www.accuratereviews.com\\\/it\\\/\"},{\"@type\":\"ListItem\",\"position\":2,\"name\":\"Project Management Online\",\"item\":\"https:\\\/\\\/www.accuratereviews.com\\\/it\\\/project-management-online-lista-software\\\/\"},{\"@type\":\"ListItem\",\"position\":3,\"name\":\"Celoxis\"}]},{\"@type\":\"WebSite\",\"@id\":\"https:\\\/\\\/www.accuratereviews.com\\\/it\\\/#website\",\"url\":\"https:\\\/\\\/www.accuratereviews.com\\\/it\\\/\",\"name\":\"Accurate Reviews\",\"description\":\"\",\"potentialAction\":[{\"@type\":\"SearchAction\",\"target\":{\"@type\":\"EntryPoint\",\"urlTemplate\":\"https:\\\/\\\/www.accuratereviews.com\\\/it\\\/?s={search_term_string}\"},\"query-input\":{\"@type\":\"PropertyValueSpecification\",\"valueRequired\":true,\"valueName\":\"search_term_string\"}}],\"inLanguage\":\"it-IT\"}]}<\/script>\n<!-- \/ Yoast SEO plugin. -->","yoast_head_json":{"title":"Celoxis: recensione software Project Management- Accurate Reviews","description":"Celoxis: recensione app di gestione dei progetti\u00a0facile da usare e conveniente ideale per ogni genere di attivit\u00e0 per incrementare il profitto.","robots":{"index":"index","follow":"follow","max-snippet":"max-snippet:-1","max-image-preview":"max-image-preview:large","max-video-preview":"max-video-preview:-1"},"canonical":"https:\/\/www.accuratereviews.com\/it\/project-management-online-lista-software\/celoxis-recensione\/","og_locale":"it_IT","og_type":"article","og_title":"Celoxis: recensione software Project Management- Accurate Reviews","og_description":"Celoxis: recensione app di gestione dei progetti\u00a0facile da usare e conveniente ideale per ogni genere di attivit\u00e0 per incrementare il profitto.","og_url":"https:\/\/www.accuratereviews.com\/it\/project-management-online-lista-software\/celoxis-recensione\/","og_site_name":"Accurate Reviews","og_image":[{"width":200,"height":200,"url":"https:\/\/www.accuratereviews.com\/wp-content\/uploads\/2019\/10\/celoxis_logo.png","type":"image\/png"}],"twitter_card":"summary_large_image","twitter_misc":{"Tempo di lettura stimato":"6 minuti"},"schema":{"@context":"https:\/\/schema.org","@graph":[{"@type":"WebPage","@id":"https:\/\/www.accuratereviews.com\/it\/project-management-online-lista-software\/celoxis-recensione\/","url":"https:\/\/www.accuratereviews.com\/it\/project-management-online-lista-software\/celoxis-recensione\/","name":"Celoxis: recensione software Project Management- Accurate Reviews","isPartOf":{"@id":"https:\/\/www.accuratereviews.com\/it\/#website"},"primaryImageOfPage":{"@id":"https:\/\/www.accuratereviews.com\/it\/project-management-online-lista-software\/celoxis-recensione\/#primaryimage"},"image":{"@id":"https:\/\/www.accuratereviews.com\/it\/project-management-online-lista-software\/celoxis-recensione\/#primaryimage"},"thumbnailUrl":"https:\/\/www.accuratereviews.com\/wp-content\/uploads\/2019\/10\/celoxis_logo.png","datePublished":"2019-10-08T15:13:59+00:00","description":"Celoxis: recensione app di gestione dei progetti\u00a0facile da usare e conveniente ideale per ogni genere di attivit\u00e0 per incrementare il profitto.","breadcrumb":{"@id":"https:\/\/www.accuratereviews.com\/it\/project-management-online-lista-software\/celoxis-recensione\/#breadcrumb"},"inLanguage":"it-IT","potentialAction":[{"@type":"ReadAction","target":["https:\/\/www.accuratereviews.com\/it\/project-management-online-lista-software\/celoxis-recensione\/"]}]},{"@type":"ImageObject","inLanguage":"it-IT","@id":"https:\/\/www.accuratereviews.com\/it\/project-management-online-lista-software\/celoxis-recensione\/#primaryimage","url":"https:\/\/www.accuratereviews.com\/wp-content\/uploads\/2019\/10\/celoxis_logo.png","contentUrl":"https:\/\/www.accuratereviews.com\/wp-content\/uploads\/2019\/10\/celoxis_logo.png","width":200,"height":200},{"@type":"BreadcrumbList","@id":"https:\/\/www.accuratereviews.com\/it\/project-management-online-lista-software\/celoxis-recensione\/#breadcrumb","itemListElement":[{"@type":"ListItem","position":1,"name":"Home","item":"https:\/\/www.accuratereviews.com\/it\/"},{"@type":"ListItem","position":2,"name":"Project Management Online","item":"https:\/\/www.accuratereviews.com\/it\/project-management-online-lista-software\/"},{"@type":"ListItem","position":3,"name":"Celoxis"}]},{"@type":"WebSite","@id":"https:\/\/www.accuratereviews.com\/it\/#website","url":"https:\/\/www.accuratereviews.com\/it\/","name":"Accurate Reviews","description":"","potentialAction":[{"@type":"SearchAction","target":{"@type":"EntryPoint","urlTemplate":"https:\/\/www.accuratereviews.com\/it\/?s={search_term_string}"},"query-input":{"@type":"PropertyValueSpecification","valueRequired":true,"valueName":"search_term_string"}}],"inLanguage":"it-IT"}]}},"_links":{"self":[{"href":"https:\/\/www.accuratereviews.com\/it\/wp-json\/wp\/v2\/pages\/18948","targetHints":{"allow":["GET"]}}],"collection":[{"href":"https:\/\/www.accuratereviews.com\/it\/wp-json\/wp\/v2\/pages"}],"about":[{"href":"https:\/\/www.accuratereviews.com\/it\/wp-json\/wp\/v2\/types\/page"}],"author":[{"embeddable":true,"href":"https:\/\/www.accuratereviews.com\/it\/wp-json\/wp\/v2\/users\/19"}],"replies":[{"embeddable":true,"href":"https:\/\/www.accuratereviews.com\/it\/wp-json\/wp\/v2\/comments?post=18948"}],"version-history":[{"count":8,"href":"https:\/\/www.accuratereviews.com\/it\/wp-json\/wp\/v2\/pages\/18948\/revisions"}],"predecessor-version":[{"id":18965,"href":"https:\/\/www.accuratereviews.com\/it\/wp-json\/wp\/v2\/pages\/18948\/revisions\/18965"}],"up":[{"embeddable":true,"href":"https:\/\/www.accuratereviews.com\/it\/wp-json\/wp\/v2\/pages\/8333"}],"wp:featuredmedia":[{"embeddable":true,"href":"https:\/\/www.accuratereviews.com\/it\/wp-json\/wp\/v2\/media\/18956"}],"wp:attachment":[{"href":"https:\/\/www.accuratereviews.com\/it\/wp-json\/wp\/v2\/media?parent=18948"}],"wp:term":[{"taxonomy":"category","embeddable":true,"href":"https:\/\/www.accuratereviews.com\/it\/wp-json\/wp\/v2\/categories?post=18948"},{"taxonomy":"post_tag","embeddable":true,"href":"https:\/\/www.accuratereviews.com\/it\/wp-json\/wp\/v2\/tags?post=18948"},{"taxonomy":"features","embeddable":true,"href":"https:\/\/www.accuratereviews.com\/it\/wp-json\/wp\/v2\/features?post=18948"}],"curies":[{"name":"wp","href":"https:\/\/api.w.org\/{rel}","templated":true}]}}