{"id":18967,"date":"2019-10-09T11:09:13","date_gmt":"2019-10-09T11:09:13","guid":{"rendered":"https:\/\/www.accuratereviews.com\/?page_id=18967"},"modified":"2020-08-05T10:16:44","modified_gmt":"2020-08-05T10:16:44","slug":"scoro-recensione","status":"publish","type":"page","link":"https:\/\/www.accuratereviews.com\/it\/project-management-online-lista-software\/scoro-recensione\/","title":{"rendered":"Scoro"},"content":{"rendered":"<p><strong>Software di gestione di progetti<\/strong> basato su <strong>cloud, Scoro<\/strong> si rivolge alle piccole e medie imprese, in particolare a quelle della pubblicit\u00e0, della consulenza, dell&#8217;informatica e di altri settori. La soluzione offre a tali aziende funzionalit\u00e0 che includono collaborazione, pianificazione e tracciamento dei lavori, gestione dei progetti, gestione delle relazioni con i clienti, quotazione e fatturazione e reportistica e dashboard avanzati. L&#8217;interfaccia intuitiva \u00e8 completata la caratteristica chiave del software \u00e8 il suo hub di controllo, da cui vengono visualizzati compiti, informazioni sull&#8217;account, dati sulle prestazioni chiave ed eventi di calendario.\u00a0La piattaforma pu\u00f2 integrarsi perfettamente con molti sistemi, tra cui <strong>iCal, Outlook Google<\/strong> e altre app di calendario. Gli utenti possono utilizzare i propri account <strong>Dropbox<\/strong> per accedere ai file sempre e ovunque. <strong>Scoro<\/strong> pu\u00f2 anche connettersi con Mailchimp per sincronizzare le mailing list e <strong>XERO<\/strong> per i dati finanziari. Sono state anche sviluppate applicazioni mobili che supportano sia iOS che Android. Ci\u00f2 consente agli utenti di accedere alla piattaforma anche in viaggio.<\/p>\n<h2>SCORO &#8211; TUTORIAL<\/h2>\n<p>Gestisci ogni aspetto della tua attivit\u00e0 con questo<strong> software Project Management<\/strong>. Guardiamo il tutorial per una migliore comprensione di Scoro:<\/p>\n<div id=\"fluid-wrapper-counter-1\" class=\"g1-fluid-wrapper \" style=\"width:686px;\"><div style=\"padding-bottom:56.268221574344%;\"><iframe loading=\"lazy\" title=\"Manage Every Aspect of Your Business with Scoro\" width=\"686\" height=\"386\" src=\"https:\/\/www.youtube.com\/embed\/gGinQxo5yg0?feature=oembed&amp;wmode=transparent&amp;autohide=1&amp;autoplay=0&amp;disablekb=0&amp;fs=1&amp;loop=0&amp;enablejsapi=1&amp;rel=0&amp;controls=2&amp;showinfo=0&amp;wmode=transparent&amp;autohide=2&amp;autoplay=0&amp;disablekb=0&amp;fs=1&amp;loop=0&amp;enablejsapi=1&amp;rel=0&amp;controls=2&amp;showinfo=1\" frameborder=\"0\" allow=\"accelerometer; autoplay; encrypted-media; gyroscope; picture-in-picture\" allowfullscreen><\/iframe><\/div><\/div>\n<h3>SCORO &#8211; CARATTERISTICHE<\/h3>\n<ul>\n<li><strong>Gestisci<\/strong> tutto ci\u00f2 che riguarda un progetto su una pagina, inclusi il tempo speso e fatturato, attivit\u00e0 e riunioni pianificate, fatture e spese, commenti e file<\/li>\n<li><strong>Assegna<\/strong> compiti e guarda come sta andando la tua squadra, in tempo reale<\/li>\n<li><strong>Crea budget<\/strong> per i progetti e confrontali con i risultati effettivi<\/li>\n<li><strong>Gestisci<\/strong> il tuo portfolio di progetti in base a stati configurabili (ad es. In corso, completato ecc.) e tag (ad es. Tipo, mercato, ecc.)<\/li>\n<li><strong>Pianifica<\/strong> il lavoro e assegna le attivit\u00e0 il programma ti offre una panoramica visiva istantanea del carico di lavoro di tutti, scadenze realistiche, potenziali overbooking e slot disponibili<\/li>\n<li><strong>Programma<\/strong> le riunioni in un calendario del team condiviso e collega tutti gli eventi a progetti e clienti per una panoramica completa<\/li>\n<li>Ognuno pu\u00f2 gestire i propri elenchi di attivit\u00e0 in base a priorit\u00e0, progetti, stati e scadenze<\/li>\n<li><strong>Tieni traccia<\/strong> del tempo effettivo e fatturabile speso per un progetto o un cliente e trasferisci le ore in una fattura in pochi clic<\/li>\n<li><strong>Ottieni <\/strong>facilmente una panoramica completa del tempo del tuo team in quanto gli eventi del calendario di tutti e le attivit\u00e0 completate vengono automaticamente aggiunti ai loro rapporti di lavoro.<\/li>\n<li><strong>Cerca, filtra e ordina<\/strong> i tuoi contatti in base a tag configurabili, categorie, posizione, attivit\u00e0 pi\u00f9 recenti, ecc<\/li>\n<li><strong>Visualizza<\/strong> report finanziari dettagliati sui risultati effettivi<\/li>\n<\/ul>\n<h4>LE RECENSIONI DEGLI UTENT<\/h4>\n<h4>Laura K. &#8220;Grande strumento di consulenza, vendita e analisi generale&#8221;<\/h4>\n<p><strong>Commenti:<\/strong> Prima usavamo Excel. Il confronto \u00e8 enorme:<br \/>\n&#8211; l&#8217;efficienza del lavoro \u00e8 aumentata enormemente<br \/>\n&#8211; Le offerte &#8220;dimenticante&#8221; o &#8220;perdute&#8221; su carta sono scese a 0<br \/>\n&#8211; puoi sempre tenere d&#8217;occhio ci\u00f2 che \u00e8 stato fatto, ci\u00f2 che \u00e8 in corso, ecc.<br \/>\n&#8211; tutti i dati (clienti, assortimento, cronologia degli acquisti) sono riuniti in un unico sistema generale<\/p>\n<p><strong>Vantaggi<\/strong>: accesso rapido basato sul cliente alla cronologia degli acquisti e possibilit\u00e0 dello stesso ordine con pochi clic.<br \/>\nPossibilit\u00e0 di segmentazione di categorie e sottocategorie, che rendono pi\u00f9 facile per gli altri utenti la selezione di prodotti adatti alla vendita.<br \/>\nIn grado di vedere il margine di vendita% mentre si compongono le quotazioni e si decide su possibili sconti.<br \/>\nPossibilit\u00e0 di collegare tutti i progetti attivi direttamente al calendario settimanale \/ mensile -&gt; fornendo una panoramica completa del programma in anticipo. NB! Possibilit\u00e0 di attivare progetti attivi solo per i dipendenti coinvolti (non per tutti!).<\/p>\n<p><strong>Inconvenienti:<\/strong> impossibile eliminare i dati scaduti dopo che sono state intraprese alcune azioni precedenti.<br \/>\nA volte \u00e8 necessario applicare troppi filtri prima di ottenere i dati richiesti.<br \/>\nImpossibile modificare la descrizione o altri dati nella fattura, che non influiscono sulla somma, una volta che il pagamento \u00e8 stato trasferito (diventa bloccato nel sistema).<\/p>\n<h4>Roman Z &#8220;Uno dei pochissimi che riceve da me 5 le stelle!&#8221;<\/h4>\n<p><strong>Commenti:<\/strong> Pronto il primo giorno per automatizzare i nostri processi aziendali, entrambi principali che portano soldi e supportano, ad esempio promemoria per fatture non pagate; monitoraggio del tempo, monitoraggio del costo del lavoro, supervisione del calendario rispetto alle risorse, utilizzo dal telefono cellulare, integrazione con altre piattaforme.<\/p>\n<p><strong>Vantaggi:<\/strong> &#8220;moduli&#8221; interconnessi molto ben pensati del sistema: tutte le funzioni principali di cui ogni azienda avrebbe bisogno sono tutte presenti. Mi piace molto la visualizzazione della dashboard, la riutilizzabilit\u00e0 di filtri e viste, la possibilit\u00e0 di fare clic su tutto ci\u00f2 che vedi e di essere reindirizzato direttamente su un&#8217;altra parte di Scoro dove puoi fare pi\u00f9 lavoro in ci\u00f2 su cui hai fatto clic. Anche comodo da usare con dispositivi a schermo piccolo poich\u00e9 l&#8217;interfaccia \u00e8 mobile e vedi tutti i tuoi dati in schermi ottimizzati &#8211; molto utile per gli smartphone.<\/p>\n<p><strong>Inconvenienti:<\/strong> solo 2 cose mi vengono in mente dopo un uso prolungato per oltre 1 anno.<br \/>\n1. Assenza di sincronizzazione dei contatti con Gmail &#8211; \u00e8 davvero fastidioso.<br \/>\n2. La pipeline di vendita non tiene traccia del tempo in cui lo stato del preventivo \u00e8 stato modificato, quindi non c&#8217;\u00e8 modo di sapere quanto tempo ha speso il preventivo in ogni stato, ad es. il tempo dal contatto all&#8217;accordo chiuso \u00e8 di 4 settimane, da loro 1 settimana per la preparazione del preventivo, 2 settimane per il feedback dei clienti, ecc.<\/p>\n<h4>John M. &#8220;Scoro &#8211; Software di gestione aziendale&#8221;<\/h4>\n<p><strong>Commenti<\/strong>: Syzygy utilizza Scoro per gestire il nostro flusso di lavoro, CRM e fatturazione da un paio d&#8217;anni. Li abbiamo trovati dopo due esperienze negative e infruttuose con software che promettevano grandi prestazioni ma che non avevano la flessibilit\u00e0 di potersi adattare a ci\u00f2 che noi cercavamo. L&#8217;esperienza di onboarding e il servizio fornito da quando lo usiamo \u00e8 stato brillante dappertutto: ci sono persone reali al telefono o su skype che vanno al di l\u00e0 per aiutarci a utilizzare pienamente il loro software. Questo \u00e8 cos\u00ec insolito in questo settore che \u00e8 un peccato in un certo senso, ma un grande USP per Scoro<\/p>\n<p><strong>Vantaggi<\/strong>: la flessibilit\u00e0 di essere in grado di adattare la piattaforma in una grande variet\u00e0 di modi di lavorare per noi, al contrario di dover &#8220;adattarci&#8221; al sistema di qualcun altro. Anche le integrazioni con Xero, che funziona molto bene e Mail Chimp. Il modo in cui Scoro ci offre un&#8217;unica piattaforma per gestire CRM, fatturazione, monitoraggio del flusso di lavoro e gestione \u00e8 eccezionale.<\/p>\n<p><strong>Inconvenienti<\/strong>: Questo \u00e8 pignolo, e con gli aggiornamenti regolari di Scoro vedo che questo \u00e8 in cantiere, ma lo sviluppo di Gantt Charting sarebbe davvero utile.<\/p>\n","protected":false},"excerpt":{"rendered":"<p>Software di gestione di progetti basato su cloud, Scoro si rivolge alle piccole e medie imprese, in particolare a quelle della pubblicit\u00e0, della consulenza, dell&#8217;informatica e di altri settori. La soluzione offre a tali aziende funzionalit\u00e0 che includono collaborazione, pianificazione e tracciamento dei lavori, gestione dei progetti, gestione delle relazioni con i clienti, quotazione e fatturazione e reportistica e dashboard avanzati.<\/p>\n","protected":false},"author":19,"featured_media":18971,"parent":8333,"menu_order":0,"comment_status":"open","ping_status":"closed","template":"g1_template_page_review_new.php","meta":{"_acf_changed":false,"cwp_meta_box_check":"Yes","cwp_rev_product_name":"","cwp_rev_product_image":"","wppr_links":[],"cwp_rev_price":"","wppr_options":[],"wppr_pros":[],"wppr_cons":[],"_monsterinsights_skip_tracking":false,"_monsterinsights_sitenote_active":false,"_monsterinsights_sitenote_note":"","_monsterinsights_sitenote_category":0,"footnotes":""},"categories":[172],"tags":[491,1337,1310,1365,1311,1309,1326,1320,1366],"features":[],"class_list":{"0":"post-18967","1":"page","2":"type-page","3":"status-publish","4":"has-post-thumbnail","6":"category-online-project-management-it","7":"tag-dropbox","8":"tag-programma-gestione-dei-progetti","9":"tag-programma-project-management","10":"tag-scoro","11":"tag-software-gestione-dei-progetti","12":"tag-software-project-management","13":"tag-soluzione-gestione-dei-progetti","14":"tag-soluzione-project-management","15":"tag-xero"},"wppr_data":{"cwp_meta_box_check":"Yes","cwp_rev_product_name":"","cwp_rev_product_image":"","cwp_image_link":"image","cwp_rev_price":"","wppr_rating":"0.00"},"acf":[],"yoast_head":"<!-- This site is optimized with the Yoast SEO plugin v27.4 - https:\/\/yoast.com\/product\/yoast-seo-wordpress\/ -->\n<title>Scoro: recensione software Project Management - Accurate Reviews<\/title>\n<meta name=\"description\" content=\"Scoro: recensione software di gestione progetti basato su cloud si rivolge alle piccole e medie imprese nel settore pubblicitario e di consulenza.\" \/>\n<meta name=\"robots\" content=\"index, follow, max-snippet:-1, max-image-preview:large, max-video-preview:-1\" \/>\n<link rel=\"canonical\" href=\"https:\/\/www.accuratereviews.com\/it\/project-management-online-lista-software\/scoro-recensione\/\" \/>\n<meta property=\"og:locale\" content=\"it_IT\" \/>\n<meta property=\"og:type\" content=\"article\" \/>\n<meta property=\"og:title\" content=\"Scoro: recensione software Project Management - Accurate Reviews\" \/>\n<meta property=\"og:description\" content=\"Scoro: recensione software di gestione progetti basato su cloud si rivolge alle piccole e medie imprese nel settore pubblicitario e di consulenza.\" \/>\n<meta property=\"og:url\" content=\"https:\/\/www.accuratereviews.com\/it\/project-management-online-lista-software\/scoro-recensione\/\" \/>\n<meta property=\"og:site_name\" content=\"Accurate Reviews\" \/>\n<meta property=\"article:modified_time\" content=\"2020-08-05T10:16:44+00:00\" \/>\n<meta property=\"og:image\" content=\"https:\/\/www.accuratereviews.com\/wp-content\/uploads\/2019\/10\/logo_scoro.png\" \/>\n\t<meta property=\"og:image:width\" content=\"682\" \/>\n\t<meta property=\"og:image:height\" content=\"201\" \/>\n\t<meta property=\"og:image:type\" content=\"image\/png\" \/>\n<meta name=\"twitter:card\" content=\"summary_large_image\" \/>\n<meta name=\"twitter:label1\" content=\"Tempo di lettura stimato\" \/>\n\t<meta name=\"twitter:data1\" content=\"5 minuti\" \/>\n<script type=\"application\/ld+json\" class=\"yoast-schema-graph\">{\"@context\":\"https:\\\/\\\/schema.org\",\"@graph\":[{\"@type\":\"WebPage\",\"@id\":\"https:\\\/\\\/www.accuratereviews.com\\\/it\\\/project-management-online-lista-software\\\/scoro-recensione\\\/\",\"url\":\"https:\\\/\\\/www.accuratereviews.com\\\/it\\\/project-management-online-lista-software\\\/scoro-recensione\\\/\",\"name\":\"Scoro: recensione software Project Management - Accurate Reviews\",\"isPartOf\":{\"@id\":\"https:\\\/\\\/www.accuratereviews.com\\\/it\\\/#website\"},\"primaryImageOfPage\":{\"@id\":\"https:\\\/\\\/www.accuratereviews.com\\\/it\\\/project-management-online-lista-software\\\/scoro-recensione\\\/#primaryimage\"},\"image\":{\"@id\":\"https:\\\/\\\/www.accuratereviews.com\\\/it\\\/project-management-online-lista-software\\\/scoro-recensione\\\/#primaryimage\"},\"thumbnailUrl\":\"https:\\\/\\\/www.accuratereviews.com\\\/wp-content\\\/uploads\\\/2019\\\/10\\\/logo_scoro.png\",\"datePublished\":\"2019-10-09T11:09:13+00:00\",\"dateModified\":\"2020-08-05T10:16:44+00:00\",\"description\":\"Scoro: recensione software di gestione progetti basato su cloud si rivolge alle piccole e medie imprese nel settore pubblicitario e di consulenza.\",\"breadcrumb\":{\"@id\":\"https:\\\/\\\/www.accuratereviews.com\\\/it\\\/project-management-online-lista-software\\\/scoro-recensione\\\/#breadcrumb\"},\"inLanguage\":\"it-IT\",\"potentialAction\":[{\"@type\":\"ReadAction\",\"target\":[\"https:\\\/\\\/www.accuratereviews.com\\\/it\\\/project-management-online-lista-software\\\/scoro-recensione\\\/\"]}]},{\"@type\":\"ImageObject\",\"inLanguage\":\"it-IT\",\"@id\":\"https:\\\/\\\/www.accuratereviews.com\\\/it\\\/project-management-online-lista-software\\\/scoro-recensione\\\/#primaryimage\",\"url\":\"https:\\\/\\\/www.accuratereviews.com\\\/wp-content\\\/uploads\\\/2019\\\/10\\\/logo_scoro.png\",\"contentUrl\":\"https:\\\/\\\/www.accuratereviews.com\\\/wp-content\\\/uploads\\\/2019\\\/10\\\/logo_scoro.png\",\"width\":682,\"height\":201},{\"@type\":\"BreadcrumbList\",\"@id\":\"https:\\\/\\\/www.accuratereviews.com\\\/it\\\/project-management-online-lista-software\\\/scoro-recensione\\\/#breadcrumb\",\"itemListElement\":[{\"@type\":\"ListItem\",\"position\":1,\"name\":\"Home\",\"item\":\"https:\\\/\\\/www.accuratereviews.com\\\/it\\\/\"},{\"@type\":\"ListItem\",\"position\":2,\"name\":\"Project Management Online\",\"item\":\"https:\\\/\\\/www.accuratereviews.com\\\/it\\\/project-management-online-lista-software\\\/\"},{\"@type\":\"ListItem\",\"position\":3,\"name\":\"Scoro\"}]},{\"@type\":\"WebSite\",\"@id\":\"https:\\\/\\\/www.accuratereviews.com\\\/it\\\/#website\",\"url\":\"https:\\\/\\\/www.accuratereviews.com\\\/it\\\/\",\"name\":\"Accurate Reviews\",\"description\":\"\",\"potentialAction\":[{\"@type\":\"SearchAction\",\"target\":{\"@type\":\"EntryPoint\",\"urlTemplate\":\"https:\\\/\\\/www.accuratereviews.com\\\/it\\\/?s={search_term_string}\"},\"query-input\":{\"@type\":\"PropertyValueSpecification\",\"valueRequired\":true,\"valueName\":\"search_term_string\"}}],\"inLanguage\":\"it-IT\"}]}<\/script>\n<!-- \/ Yoast SEO plugin. -->","yoast_head_json":{"title":"Scoro: recensione software Project Management - Accurate Reviews","description":"Scoro: recensione software di gestione progetti basato su cloud si rivolge alle piccole e medie imprese nel settore pubblicitario e di consulenza.","robots":{"index":"index","follow":"follow","max-snippet":"max-snippet:-1","max-image-preview":"max-image-preview:large","max-video-preview":"max-video-preview:-1"},"canonical":"https:\/\/www.accuratereviews.com\/it\/project-management-online-lista-software\/scoro-recensione\/","og_locale":"it_IT","og_type":"article","og_title":"Scoro: recensione software Project Management - Accurate Reviews","og_description":"Scoro: recensione software di gestione progetti basato su cloud si rivolge alle piccole e medie imprese nel settore pubblicitario e di consulenza.","og_url":"https:\/\/www.accuratereviews.com\/it\/project-management-online-lista-software\/scoro-recensione\/","og_site_name":"Accurate Reviews","article_modified_time":"2020-08-05T10:16:44+00:00","og_image":[{"width":682,"height":201,"url":"https:\/\/www.accuratereviews.com\/wp-content\/uploads\/2019\/10\/logo_scoro.png","type":"image\/png"}],"twitter_card":"summary_large_image","twitter_misc":{"Tempo di lettura stimato":"5 minuti"},"schema":{"@context":"https:\/\/schema.org","@graph":[{"@type":"WebPage","@id":"https:\/\/www.accuratereviews.com\/it\/project-management-online-lista-software\/scoro-recensione\/","url":"https:\/\/www.accuratereviews.com\/it\/project-management-online-lista-software\/scoro-recensione\/","name":"Scoro: recensione software Project Management - Accurate Reviews","isPartOf":{"@id":"https:\/\/www.accuratereviews.com\/it\/#website"},"primaryImageOfPage":{"@id":"https:\/\/www.accuratereviews.com\/it\/project-management-online-lista-software\/scoro-recensione\/#primaryimage"},"image":{"@id":"https:\/\/www.accuratereviews.com\/it\/project-management-online-lista-software\/scoro-recensione\/#primaryimage"},"thumbnailUrl":"https:\/\/www.accuratereviews.com\/wp-content\/uploads\/2019\/10\/logo_scoro.png","datePublished":"2019-10-09T11:09:13+00:00","dateModified":"2020-08-05T10:16:44+00:00","description":"Scoro: recensione software di gestione progetti basato su cloud si rivolge alle piccole e medie imprese nel settore pubblicitario e di consulenza.","breadcrumb":{"@id":"https:\/\/www.accuratereviews.com\/it\/project-management-online-lista-software\/scoro-recensione\/#breadcrumb"},"inLanguage":"it-IT","potentialAction":[{"@type":"ReadAction","target":["https:\/\/www.accuratereviews.com\/it\/project-management-online-lista-software\/scoro-recensione\/"]}]},{"@type":"ImageObject","inLanguage":"it-IT","@id":"https:\/\/www.accuratereviews.com\/it\/project-management-online-lista-software\/scoro-recensione\/#primaryimage","url":"https:\/\/www.accuratereviews.com\/wp-content\/uploads\/2019\/10\/logo_scoro.png","contentUrl":"https:\/\/www.accuratereviews.com\/wp-content\/uploads\/2019\/10\/logo_scoro.png","width":682,"height":201},{"@type":"BreadcrumbList","@id":"https:\/\/www.accuratereviews.com\/it\/project-management-online-lista-software\/scoro-recensione\/#breadcrumb","itemListElement":[{"@type":"ListItem","position":1,"name":"Home","item":"https:\/\/www.accuratereviews.com\/it\/"},{"@type":"ListItem","position":2,"name":"Project Management Online","item":"https:\/\/www.accuratereviews.com\/it\/project-management-online-lista-software\/"},{"@type":"ListItem","position":3,"name":"Scoro"}]},{"@type":"WebSite","@id":"https:\/\/www.accuratereviews.com\/it\/#website","url":"https:\/\/www.accuratereviews.com\/it\/","name":"Accurate Reviews","description":"","potentialAction":[{"@type":"SearchAction","target":{"@type":"EntryPoint","urlTemplate":"https:\/\/www.accuratereviews.com\/it\/?s={search_term_string}"},"query-input":{"@type":"PropertyValueSpecification","valueRequired":true,"valueName":"search_term_string"}}],"inLanguage":"it-IT"}]}},"_links":{"self":[{"href":"https:\/\/www.accuratereviews.com\/it\/wp-json\/wp\/v2\/pages\/18967","targetHints":{"allow":["GET"]}}],"collection":[{"href":"https:\/\/www.accuratereviews.com\/it\/wp-json\/wp\/v2\/pages"}],"about":[{"href":"https:\/\/www.accuratereviews.com\/it\/wp-json\/wp\/v2\/types\/page"}],"author":[{"embeddable":true,"href":"https:\/\/www.accuratereviews.com\/it\/wp-json\/wp\/v2\/users\/19"}],"replies":[{"embeddable":true,"href":"https:\/\/www.accuratereviews.com\/it\/wp-json\/wp\/v2\/comments?post=18967"}],"version-history":[{"count":10,"href":"https:\/\/www.accuratereviews.com\/it\/wp-json\/wp\/v2\/pages\/18967\/revisions"}],"predecessor-version":[{"id":29382,"href":"https:\/\/www.accuratereviews.com\/it\/wp-json\/wp\/v2\/pages\/18967\/revisions\/29382"}],"up":[{"embeddable":true,"href":"https:\/\/www.accuratereviews.com\/it\/wp-json\/wp\/v2\/pages\/8333"}],"wp:featuredmedia":[{"embeddable":true,"href":"https:\/\/www.accuratereviews.com\/it\/wp-json\/wp\/v2\/media\/18971"}],"wp:attachment":[{"href":"https:\/\/www.accuratereviews.com\/it\/wp-json\/wp\/v2\/media?parent=18967"}],"wp:term":[{"taxonomy":"category","embeddable":true,"href":"https:\/\/www.accuratereviews.com\/it\/wp-json\/wp\/v2\/categories?post=18967"},{"taxonomy":"post_tag","embeddable":true,"href":"https:\/\/www.accuratereviews.com\/it\/wp-json\/wp\/v2\/tags?post=18967"},{"taxonomy":"features","embeddable":true,"href":"https:\/\/www.accuratereviews.com\/it\/wp-json\/wp\/v2\/features?post=18967"}],"curies":[{"name":"wp","href":"https:\/\/api.w.org\/{rel}","templated":true}]}}