{"id":18969,"date":"2019-10-09T11:08:36","date_gmt":"2019-10-09T11:08:36","guid":{"rendered":"https:\/\/www.accuratereviews.com\/?page_id=18969"},"modified":"2019-10-09T11:08:36","modified_gmt":"2019-10-09T11:08:36","slug":"admation-recensione","status":"publish","type":"page","link":"https:\/\/www.accuratereviews.com\/it\/project-management-online-lista-software\/admation-recensione\/","title":{"rendered":"Admation"},"content":{"rendered":"<p><strong>Admation<\/strong> \u00e8 un sistema di <strong>gestione del flusso di lavoro<\/strong> robusto e ricco di funzionalit\u00e0 progettato specificamente per aziende creative, agenzie pubblicitarie e di marketing. Il software offre una potente piattaforma che combina pianificazione del progetto, gestione delle risorse, flusso di lavoro di approvazione e gestione delle risorse digitali in un unico software.\u00a0Centralizza tutte le informazioni e rende tutti i dati visibili a tutti i collaboratori e le parti interessate, migliorando cos\u00ec la collaborazione e consentendo alle agenzie di fornire progetti e campagne di alta qualit\u00e0 nei tempi stabiliti.\u00a0La comunicazione tra le parti interessate, i project manager e i lavoratori \u00e8 incoraggiata nelle prime fasi del processo per aiutare lo sviluppo del progetto e per garantire che tutte le idee e i suggerimenti vengano esplorati piuttosto che scoprire i problemi in seguito.<\/p>\n<h2>ADMATION &#8211; TUTORIAL<\/h2>\n<p>Ecco un tutorial che espone le principali funzioni di questo <strong>software Project Management:<\/strong><\/p>\n<div id=\"fluid-wrapper-counter-1\" class=\"g1-fluid-wrapper \" style=\"width:686px;\"><div style=\"padding-bottom:56.268221574344%;\"><iframe loading=\"lazy\" title=\"Admation - Marketing Management Platform\" width=\"686\" height=\"386\" src=\"https:\/\/www.youtube.com\/embed\/0o4Jh9JabGs?feature=oembed&amp;wmode=transparent&amp;autohide=1&amp;autoplay=0&amp;disablekb=0&amp;fs=1&amp;loop=0&amp;enablejsapi=1&amp;rel=0&amp;controls=2&amp;showinfo=0&amp;wmode=transparent&amp;autohide=2&amp;autoplay=0&amp;disablekb=0&amp;fs=1&amp;loop=0&amp;enablejsapi=1&amp;rel=0&amp;controls=2&amp;showinfo=1\" frameborder=\"0\" allow=\"accelerometer; autoplay; encrypted-media; gyroscope; picture-in-picture\" allowfullscreen><\/iframe><\/div><\/div>\n<h3>ADMATION &#8211; CARATTERISTICHE<\/h3>\n<ul>\n<li>Tempistiche e modelli del progetto<\/li>\n<li>Collaborazione online<\/li>\n<li>Gestisci i team di progetto<\/li>\n<li>Tieni traccia dei progetti online<\/li>\n<li>Utilizzo delle risorse<\/li>\n<li>Registrazione scheda attivit\u00e0<\/li>\n<li>Gestione dei compiti<\/li>\n<li>Processo di approvazione semplificato<\/li>\n<li>Audit trail di conformit\u00e0<\/li>\n<li>Controllo versione<\/li>\n<li>Gestione patrimoniale<\/li>\n<li>Condividi risorse di marketing<\/li>\n<li>Archiviazione file<\/li>\n<\/ul>\n<h4>LE RECENSIONI DEGLI UTENTI<\/h4>\n<h4>Maria A. &#8220;Admation funziona bene quando funziona&#8221;<\/h4>\n<p><strong>Commenti:<\/strong> Quando il programma funziona capisco perfettamente tutti i suggerimenti e i trucchi, funziona davvero bene e rende il nostro processo molto pi\u00f9 semplice. Tuttavia, ci vuole molto allenamento per adattarsi all&#8217;interfaccia e capire come funziona ogni attivit\u00e0.<\/p>\n<p><strong>Vantaggi<\/strong>: la modalit\u00e0 di feedback e la catena diretta dal client all&#8217;adattamento allo studio \u00e8 la parte migliore del software.<\/p>\n<p><strong>Inconvenienti:<\/strong> l&#8217;interfaccia \u00e8 molto buggy. In diverse occasioni, il sito si \u00e8 arrestato in modo anomalo nei momenti cruciali, ad esempio quando si segnano 50 modifiche e quindi si accendono modifiche, improvvisamente sullo schermo vengono visualizzate alcune piccole illustrazioni di api che dicono che c&#8217;\u00e8 un errore. L&#8217;interfaccia non \u00e8 molto intuitiva in quanto vi sono pi\u00f9 passaggi per attivit\u00e0 di base. Una delle cose meno favorevoli \u00e8 non avere la possibilit\u00e0 di scaricare in batch un progetto. Molti dei nostri clienti lottano con l&#8217;interfaccia poich\u00e9 alcuni degli strumenti di markup non sono abbastanza familiari (sono abituati a contrassegnare i PDF Adobe) e il percorso dell&#8217;utente \u00e8 un po &#8216;imperfetto (ovvero il clic cambia dopo aver inserito il feedback).<\/p>\n<h4>Sallie R. &#8220;Admation recensione&#8221;<\/h4>\n<p><strong>Vantaggi:<\/strong> mi piace molto la capacit\u00e0 di fornire feedback direttamente sull&#8217;asset creativo tramite Admation e la possibilit\u00e0 di confrontare il feedback precedente con l&#8217;asset modificato. Penso che questo ci faccia risparmiare un sacco di tempo e sforzi per noi, specialmente quando dobbiamo affrontare numerosi round di feedback su grandi documenti di 10-20 pagine. Consente alla nostra agenzia creativa di essere responsabile per qualsiasi feedback inviato.<\/p>\n<p><strong>Inconvenienti:<\/strong> \u00e8 abbastanza difficile cercare documenti o progetti con Admation. Non esiste un modo immediato per farlo e sono personalmente bloccato per 5-10 minuti a capire come trovare determinate cose nel programma.<\/p>\n<h4>Ben C. &#8220;Un potente strumento per tracciare l&#8217;invio e le approvazioni delle opere d&#8217;arte&#8221;<\/h4>\n<p><strong>Commenti:<\/strong> Riesco a vedere quali sono i miei lavori e, soprattutto, quali sono i loro numeri di lavoro, in modo da poter rintracciare la grafica dal server. Posso anche trovare materiale pertinente per un lavoro supponendo che il cliente abbia ricordato di caricare qualcosa.<\/p>\n<p><strong>Vantaggi<\/strong>: 1. Puoi vedere dove sono tutti i tuoi lavori attuali, quali sono i loro numeri di lavoro e se sono stati rivisti e approvati.<br \/>\n2. L&#8217;anteprima \u00e8 veloce.<br \/>\n3. Ottimo per tenere traccia dell&#8217;avanzamento di un lavoro.<br \/>\n4. Il team di Admation apporta regolari miglioramenti al software.<\/p>\n<p><strong>Inconvenienti:<\/strong> 1. Implica troppi passaggi per caricare un singolo pezzo di opera d&#8217;arte.<br \/>\n2. Genera un numero di lavoro diverso per ogni elemento di una campagna, se hai 60 opere d&#8217;arte hai 60 numeri di lavoro diversi per una campagna. Sicuramente la descrizione del file determina la differenza senza la necessit\u00e0 di numeri di lavoro separati.<br \/>\n3. A volte troppo complicato.<br \/>\n4. I markup sui PDF sono molto disordinati. Peccato che non usi Acrobat per il markup.<\/p>\n<p>&nbsp;<\/p>\n<p>&nbsp;<\/p>\n","protected":false},"excerpt":{"rendered":"<p>Admation \u00e8 un sistema di gestione del flusso di lavoro robusto e ricco di funzionalit\u00e0 progettato specificamente per aziende creative, agenzie pubblicitarie e di marketing. Il software offre una potente piattaforma che combina pianificazione del progetto, gestione delle risorse, flusso di lavoro di approvazione e gestione delle risorse digitali in un unico software.\u00a0<\/p>\n","protected":false},"author":19,"featured_media":18980,"parent":8333,"menu_order":0,"comment_status":"open","ping_status":"closed","template":"g1_template_page_review_new.php","meta":{"_acf_changed":false,"cwp_meta_box_check":"Yes","cwp_rev_product_name":"","cwp_rev_product_image":"","wppr_links":[],"cwp_rev_price":"","wppr_options":[],"wppr_pros":[],"wppr_cons":[],"_monsterinsights_skip_tracking":false,"_monsterinsights_sitenote_active":false,"_monsterinsights_sitenote_note":"","_monsterinsights_sitenote_category":0,"footnotes":""},"categories":[172],"tags":[1367,1337,1310,1311,1309,1326,1320],"features":[],"class_list":{"0":"post-18969","1":"page","2":"type-page","3":"status-publish","4":"has-post-thumbnail","6":"category-online-project-management-it","7":"tag-admation","8":"tag-programma-gestione-dei-progetti","9":"tag-programma-project-management","10":"tag-software-gestione-dei-progetti","11":"tag-software-project-management","12":"tag-soluzione-gestione-dei-progetti","13":"tag-soluzione-project-management"},"wppr_data":{"cwp_meta_box_check":"Yes","cwp_rev_product_name":"","cwp_rev_product_image":"","cwp_image_link":"image","cwp_rev_price":"","wppr_rating":"0.00"},"acf":[],"yoast_head":"<!-- This site is optimized with the Yoast SEO plugin v27.4 - https:\/\/yoast.com\/product\/yoast-seo-wordpress\/ -->\n<title>Admation: recensione software Project Management- Accurate Reviews<\/title>\n<meta name=\"description\" content=\"Admation: recensione sistema di gestione del flusso di lavoro robusto e ricco di funzionalit\u00e0 progettato specificamente per aziende creative.\" \/>\n<meta name=\"robots\" content=\"index, follow, max-snippet:-1, max-image-preview:large, max-video-preview:-1\" \/>\n<link rel=\"canonical\" href=\"https:\/\/www.accuratereviews.com\/it\/project-management-online-lista-software\/admation-recensione\/\" \/>\n<meta property=\"og:locale\" content=\"it_IT\" \/>\n<meta property=\"og:type\" content=\"article\" \/>\n<meta property=\"og:title\" content=\"Admation: recensione software Project Management- Accurate Reviews\" \/>\n<meta property=\"og:description\" content=\"Admation: recensione sistema di gestione del flusso di lavoro robusto e ricco di funzionalit\u00e0 progettato specificamente per aziende creative.\" \/>\n<meta property=\"og:url\" content=\"https:\/\/www.accuratereviews.com\/it\/project-management-online-lista-software\/admation-recensione\/\" \/>\n<meta property=\"og:site_name\" content=\"Accurate Reviews\" \/>\n<meta property=\"og:image\" content=\"https:\/\/www.accuratereviews.com\/wp-content\/uploads\/2019\/10\/admation.jpg\" \/>\n\t<meta property=\"og:image:width\" content=\"600\" \/>\n\t<meta property=\"og:image:height\" content=\"315\" \/>\n\t<meta property=\"og:image:type\" content=\"image\/jpeg\" \/>\n<meta name=\"twitter:card\" content=\"summary_large_image\" \/>\n<meta name=\"twitter:label1\" content=\"Tempo di lettura stimato\" \/>\n\t<meta name=\"twitter:data1\" content=\"3 minuti\" \/>\n<script type=\"application\/ld+json\" class=\"yoast-schema-graph\">{\"@context\":\"https:\\\/\\\/schema.org\",\"@graph\":[{\"@type\":\"WebPage\",\"@id\":\"https:\\\/\\\/www.accuratereviews.com\\\/it\\\/project-management-online-lista-software\\\/admation-recensione\\\/\",\"url\":\"https:\\\/\\\/www.accuratereviews.com\\\/it\\\/project-management-online-lista-software\\\/admation-recensione\\\/\",\"name\":\"Admation: recensione software Project Management- Accurate Reviews\",\"isPartOf\":{\"@id\":\"https:\\\/\\\/www.accuratereviews.com\\\/it\\\/#website\"},\"primaryImageOfPage\":{\"@id\":\"https:\\\/\\\/www.accuratereviews.com\\\/it\\\/project-management-online-lista-software\\\/admation-recensione\\\/#primaryimage\"},\"image\":{\"@id\":\"https:\\\/\\\/www.accuratereviews.com\\\/it\\\/project-management-online-lista-software\\\/admation-recensione\\\/#primaryimage\"},\"thumbnailUrl\":\"https:\\\/\\\/www.accuratereviews.com\\\/wp-content\\\/uploads\\\/2019\\\/10\\\/admation.jpg\",\"datePublished\":\"2019-10-09T11:08:36+00:00\",\"description\":\"Admation: recensione sistema di gestione del flusso di lavoro robusto e ricco di funzionalit\u00e0 progettato specificamente per aziende creative.\",\"breadcrumb\":{\"@id\":\"https:\\\/\\\/www.accuratereviews.com\\\/it\\\/project-management-online-lista-software\\\/admation-recensione\\\/#breadcrumb\"},\"inLanguage\":\"it-IT\",\"potentialAction\":[{\"@type\":\"ReadAction\",\"target\":[\"https:\\\/\\\/www.accuratereviews.com\\\/it\\\/project-management-online-lista-software\\\/admation-recensione\\\/\"]}]},{\"@type\":\"ImageObject\",\"inLanguage\":\"it-IT\",\"@id\":\"https:\\\/\\\/www.accuratereviews.com\\\/it\\\/project-management-online-lista-software\\\/admation-recensione\\\/#primaryimage\",\"url\":\"https:\\\/\\\/www.accuratereviews.com\\\/wp-content\\\/uploads\\\/2019\\\/10\\\/admation.jpg\",\"contentUrl\":\"https:\\\/\\\/www.accuratereviews.com\\\/wp-content\\\/uploads\\\/2019\\\/10\\\/admation.jpg\",\"width\":600,\"height\":315},{\"@type\":\"BreadcrumbList\",\"@id\":\"https:\\\/\\\/www.accuratereviews.com\\\/it\\\/project-management-online-lista-software\\\/admation-recensione\\\/#breadcrumb\",\"itemListElement\":[{\"@type\":\"ListItem\",\"position\":1,\"name\":\"Home\",\"item\":\"https:\\\/\\\/www.accuratereviews.com\\\/it\\\/\"},{\"@type\":\"ListItem\",\"position\":2,\"name\":\"Project Management Online\",\"item\":\"https:\\\/\\\/www.accuratereviews.com\\\/it\\\/project-management-online-lista-software\\\/\"},{\"@type\":\"ListItem\",\"position\":3,\"name\":\"Admation\"}]},{\"@type\":\"WebSite\",\"@id\":\"https:\\\/\\\/www.accuratereviews.com\\\/it\\\/#website\",\"url\":\"https:\\\/\\\/www.accuratereviews.com\\\/it\\\/\",\"name\":\"Accurate Reviews\",\"description\":\"\",\"potentialAction\":[{\"@type\":\"SearchAction\",\"target\":{\"@type\":\"EntryPoint\",\"urlTemplate\":\"https:\\\/\\\/www.accuratereviews.com\\\/it\\\/?s={search_term_string}\"},\"query-input\":{\"@type\":\"PropertyValueSpecification\",\"valueRequired\":true,\"valueName\":\"search_term_string\"}}],\"inLanguage\":\"it-IT\"}]}<\/script>\n<!-- \/ Yoast SEO plugin. -->","yoast_head_json":{"title":"Admation: recensione software Project Management- Accurate Reviews","description":"Admation: recensione sistema di gestione del flusso di lavoro robusto e ricco di funzionalit\u00e0 progettato specificamente per aziende creative.","robots":{"index":"index","follow":"follow","max-snippet":"max-snippet:-1","max-image-preview":"max-image-preview:large","max-video-preview":"max-video-preview:-1"},"canonical":"https:\/\/www.accuratereviews.com\/it\/project-management-online-lista-software\/admation-recensione\/","og_locale":"it_IT","og_type":"article","og_title":"Admation: recensione software Project Management- Accurate Reviews","og_description":"Admation: recensione sistema di gestione del flusso di lavoro robusto e ricco di funzionalit\u00e0 progettato specificamente per aziende creative.","og_url":"https:\/\/www.accuratereviews.com\/it\/project-management-online-lista-software\/admation-recensione\/","og_site_name":"Accurate Reviews","og_image":[{"width":600,"height":315,"url":"https:\/\/www.accuratereviews.com\/wp-content\/uploads\/2019\/10\/admation.jpg","type":"image\/jpeg"}],"twitter_card":"summary_large_image","twitter_misc":{"Tempo di lettura stimato":"3 minuti"},"schema":{"@context":"https:\/\/schema.org","@graph":[{"@type":"WebPage","@id":"https:\/\/www.accuratereviews.com\/it\/project-management-online-lista-software\/admation-recensione\/","url":"https:\/\/www.accuratereviews.com\/it\/project-management-online-lista-software\/admation-recensione\/","name":"Admation: recensione software Project Management- Accurate Reviews","isPartOf":{"@id":"https:\/\/www.accuratereviews.com\/it\/#website"},"primaryImageOfPage":{"@id":"https:\/\/www.accuratereviews.com\/it\/project-management-online-lista-software\/admation-recensione\/#primaryimage"},"image":{"@id":"https:\/\/www.accuratereviews.com\/it\/project-management-online-lista-software\/admation-recensione\/#primaryimage"},"thumbnailUrl":"https:\/\/www.accuratereviews.com\/wp-content\/uploads\/2019\/10\/admation.jpg","datePublished":"2019-10-09T11:08:36+00:00","description":"Admation: recensione sistema di gestione del flusso di lavoro robusto e ricco di funzionalit\u00e0 progettato specificamente per aziende creative.","breadcrumb":{"@id":"https:\/\/www.accuratereviews.com\/it\/project-management-online-lista-software\/admation-recensione\/#breadcrumb"},"inLanguage":"it-IT","potentialAction":[{"@type":"ReadAction","target":["https:\/\/www.accuratereviews.com\/it\/project-management-online-lista-software\/admation-recensione\/"]}]},{"@type":"ImageObject","inLanguage":"it-IT","@id":"https:\/\/www.accuratereviews.com\/it\/project-management-online-lista-software\/admation-recensione\/#primaryimage","url":"https:\/\/www.accuratereviews.com\/wp-content\/uploads\/2019\/10\/admation.jpg","contentUrl":"https:\/\/www.accuratereviews.com\/wp-content\/uploads\/2019\/10\/admation.jpg","width":600,"height":315},{"@type":"BreadcrumbList","@id":"https:\/\/www.accuratereviews.com\/it\/project-management-online-lista-software\/admation-recensione\/#breadcrumb","itemListElement":[{"@type":"ListItem","position":1,"name":"Home","item":"https:\/\/www.accuratereviews.com\/it\/"},{"@type":"ListItem","position":2,"name":"Project Management Online","item":"https:\/\/www.accuratereviews.com\/it\/project-management-online-lista-software\/"},{"@type":"ListItem","position":3,"name":"Admation"}]},{"@type":"WebSite","@id":"https:\/\/www.accuratereviews.com\/it\/#website","url":"https:\/\/www.accuratereviews.com\/it\/","name":"Accurate Reviews","description":"","potentialAction":[{"@type":"SearchAction","target":{"@type":"EntryPoint","urlTemplate":"https:\/\/www.accuratereviews.com\/it\/?s={search_term_string}"},"query-input":{"@type":"PropertyValueSpecification","valueRequired":true,"valueName":"search_term_string"}}],"inLanguage":"it-IT"}]}},"_links":{"self":[{"href":"https:\/\/www.accuratereviews.com\/it\/wp-json\/wp\/v2\/pages\/18969","targetHints":{"allow":["GET"]}}],"collection":[{"href":"https:\/\/www.accuratereviews.com\/it\/wp-json\/wp\/v2\/pages"}],"about":[{"href":"https:\/\/www.accuratereviews.com\/it\/wp-json\/wp\/v2\/types\/page"}],"author":[{"embeddable":true,"href":"https:\/\/www.accuratereviews.com\/it\/wp-json\/wp\/v2\/users\/19"}],"replies":[{"embeddable":true,"href":"https:\/\/www.accuratereviews.com\/it\/wp-json\/wp\/v2\/comments?post=18969"}],"version-history":[{"count":7,"href":"https:\/\/www.accuratereviews.com\/it\/wp-json\/wp\/v2\/pages\/18969\/revisions"}],"predecessor-version":[{"id":19003,"href":"https:\/\/www.accuratereviews.com\/it\/wp-json\/wp\/v2\/pages\/18969\/revisions\/19003"}],"up":[{"embeddable":true,"href":"https:\/\/www.accuratereviews.com\/it\/wp-json\/wp\/v2\/pages\/8333"}],"wp:featuredmedia":[{"embeddable":true,"href":"https:\/\/www.accuratereviews.com\/it\/wp-json\/wp\/v2\/media\/18980"}],"wp:attachment":[{"href":"https:\/\/www.accuratereviews.com\/it\/wp-json\/wp\/v2\/media?parent=18969"}],"wp:term":[{"taxonomy":"category","embeddable":true,"href":"https:\/\/www.accuratereviews.com\/it\/wp-json\/wp\/v2\/categories?post=18969"},{"taxonomy":"post_tag","embeddable":true,"href":"https:\/\/www.accuratereviews.com\/it\/wp-json\/wp\/v2\/tags?post=18969"},{"taxonomy":"features","embeddable":true,"href":"https:\/\/www.accuratereviews.com\/it\/wp-json\/wp\/v2\/features?post=18969"}],"curies":[{"name":"wp","href":"https:\/\/api.w.org\/{rel}","templated":true}]}}