{"id":18982,"date":"2019-10-09T14:36:34","date_gmt":"2019-10-09T14:36:34","guid":{"rendered":"https:\/\/www.accuratereviews.com\/?page_id=18982"},"modified":"2020-12-16T09:57:11","modified_gmt":"2020-12-16T09:57:11","slug":"workotter-recensione","status":"publish","type":"page","link":"https:\/\/www.accuratereviews.com\/it\/project-management-online-lista-software\/workotter-recensione\/","title":{"rendered":"WorkOtter"},"content":{"rendered":"<p><strong>WorkOtter<\/strong> \u00e8 un <strong>programma di gestione di progetti<\/strong> che offre numerosi strumenti che semplificano i processi aziendali, ottimizzando il flusso di lavoro. In questo modo potrai risparmiare tempo e fatica, che potranno essere investiti in altro in modo pi\u00f9 efficiente, ottenendo cos\u00ec <strong>maggiore produttivit\u00e0<\/strong>. Si tratta di un software basato su <strong>cloud<\/strong> progettato per migliorare la <strong>comunicazione tra i membri di un team<\/strong> in modo tale da migliorare la <strong>gestione dei progetti<\/strong>, centralizzando le attivit\u00e0, pianificando programmi, rispettando le scadenze e raggiungendo gli obiettivi fissati nei tempi desiderati.<\/p>\n<h2>COME FUNZIONA WORKOTTER &#8211; TUTORIAL<\/h2>\n<p>Ecco come funziona questo programma:<\/p>\n<div id=\"fluid-wrapper-counter-1\" class=\"g1-fluid-wrapper \" style=\"width:686px;\">\n<div style=\"padding-bottom:56.268221574344%;\"><iframe loading=\"lazy\" title=\"WorkOtter SaaS Project Portfolio Management Software\" width=\"686\" height=\"386\" src=\"https:\/\/www.youtube.com\/embed\/RpWfD40_AVo?feature=oembed&amp;wmode=transparent&amp;autohide=1&amp;autoplay=0&amp;disablekb=0&amp;fs=1&amp;loop=0&amp;enablejsapi=1&amp;rel=0&amp;controls=2&amp;showinfo=0&amp;wmode=transparent&amp;autohide=2&amp;autoplay=0&amp;disablekb=0&amp;fs=1&amp;loop=0&amp;enablejsapi=1&amp;rel=0&amp;controls=2&amp;showinfo=1\" frameborder=\"0\" allow=\"accelerometer; autoplay; clipboard-write; encrypted-media; gyroscope; picture-in-picture\" allowfullscreen><\/iframe><\/div>\n<\/div>\n<h3>WORKOTTER &#8211; CARATTERISTICHE<\/h3>\n<p>Diamo uno sguardo alle sue principali caratteristiche:<\/p>\n<p>&nbsp;<\/p>\n<ul>\n<li><strong>Gestione del portfolio<\/strong>: pianifica e gestisci pi\u00f9 progetti in una roadmap consolidata<\/li>\n<li><strong>Pianificazione strategica<\/strong>: ricevi le richieste, assegna le priorit\u00e0 ai progetti, semplifica il processo decisionale, gestisci i progetti ecc.<\/li>\n<li><strong>Sistema di reportistica<\/strong>: ottieni report precisi e dettagliati riguardanti l&#8217;andamento delle tue attivit\u00e0 e dei progetti a cui stai lavorando<\/li>\n<li><strong>Gestione delle risorse<\/strong>: grazie ai report chiari su offerta e domanda, saprai sempre chi assumere quando iniziare e quando i progetti finiranno<\/li>\n<li><strong>Gestione dei progetti<\/strong>: diventa il project manager di ogni tuo progetto utilizzando tutti gli strumenti a tua disposizione (grafici Gantt, schede Kanban ecc.)<\/li>\n<li><strong>Gestione finanziaria<\/strong>: utilizza gli strumenti finanziari per fare preventivi e comprendere la situazione finanziaria della tua azienda<\/li>\n<li><strong>Integrazioni<\/strong>: integra i tuoi strumenti preferiti (One Drive, Google, Outlook, Dropbox, Jira, MS Project, Project Libre, Excel ecc.).<\/li>\n<\/ul>\n<h3>LE RECENSIONI DEGLI UTENTI<\/h3>\n<ul>\n<li><strong>&#8220;WorkOtter &#8211; Il miglior strumento di gestione del progetto!&#8221;<br \/>\n<\/strong>IN GENERALE: Questo software mi tiene aggiornato su tutti i miei progetti a cui sto lavorando. Mi tiene organizzato, efficiente in modo da poter completare il mio progetto in tempo.<br \/>\nPRO: Realizzare il mio lavoro con WorkOtter non \u00e8 mai stato cos\u00ec facile. \u00c8 cos\u00ec facile da usare e la pianificazione pu\u00f2 essere eseguita in un batter d&#8217;occhio con Gestione risorse. Una delle migliori caratteristiche \u00e8 l&#8217;integrazione di Microsoft Project perch\u00e9 ho potuto scaricare il mio lavoro direttamente su Microsoft Excel.<br \/>\nCONTRO: adoro semplicemente le funzioni di WorkOtter e non c&#8217;\u00e8 nulla a cui possa pensare di dover migliorare. Tuttavia, sarebbe bello se ci fosse pi\u00f9 di una lingua tra cui scegliere durante l&#8217;utilizzo del software, nel caso in cui le persone asiatiche volessero utilizzare o acquistare il prodotto per affari.<\/li>\n<li><strong>&#8220;Aiuta il team a collaborare, \u00e8 un sistema solido e flessibile.&#8221;<br \/>\n<\/strong>PRO: Work Otter ha un&#8217;interfaccia pulita e semplice, con elementi visivi interattivi che \u00e8 possibile personalizzare all&#8217;interno dei report. Presenta inoltre un&#8217;eccellente gamma di funzionalit\u00e0 per project manager e supporto per l&#8217;integrazione di altri strumenti come Excel, Microsoft Project ecc.<br \/>\nIniziare non \u00e8 stato affatto complesso e l&#8217;intero sistema ha un aspetto pulito e aggiornato, molto intuitivo che mi ha reso facile capire le basi di come usarlo in pochi minuti. Il miglior sistema PM che abbia mai usato.<br \/>\nCONTRO: Vorrei avere opzioni di archiviazione locale, l&#8217;unica opzione di archiviazione attualmente disponibile \u00e8 Cloud e non sono davvero sicuro che funzioner\u00e0 per sempre.<\/li>\n<li><strong>&#8220;Questo \u00e8 un ottimo sistema di gestione dei progetti, anche un incredibile supporto tecnico!&#8221;<br \/>\n<\/strong>PRO: Dal momento che lavoro con 4 diverse categorie di prodotti nella mia azienda, l&#8217;aspetto che mi piace di pi\u00f9 di Work Otter \u00e8 la capacit\u00e0 di costruire portfoli di progetti in base alla categoria o alla forza lavoro su cui sto lavorando, ad esempio. Prima di acquistare questo software ho avuto la possibilit\u00e0 di avere una prova gratuita dal vivo, il team \u00e8 stato di grande supporto. WorkOtter era un ppm economico considerando le altre opzioni che avevo in mano.<br \/>\nCONTRO: WorkOtter \u00e8 disponibile solo in inglese e ho dipendenti in altri paesi, capiscono l&#8217;inglese ma non molto bene. Sarebbe bello averlo disponibile in altre lingue.<\/li>\n<\/ul>\n","protected":false},"excerpt":{"rendered":"<p>WorkOtter \u00e8 un programma di gestione di progetti che offre numerosi strumenti che semplificano i processi aziendali, ottimizzando il flusso di lavoro. In questo modo potrai risparmiare tempo e fatica, che potranno essere investiti in altro in modo pi\u00f9 efficiente, ottenendo cos\u00ec maggiore produttivit\u00e0.<\/p>\n","protected":false},"author":17,"featured_media":18983,"parent":8333,"menu_order":0,"comment_status":"open","ping_status":"closed","template":"g1_template_page_review_new.php","meta":{"_acf_changed":false,"cwp_meta_box_check":"Yes","cwp_rev_product_name":"","cwp_rev_product_image":"","wppr_links":[],"cwp_rev_price":"","wppr_options":[],"wppr_pros":[],"wppr_cons":[],"_monsterinsights_skip_tracking":false,"_monsterinsights_sitenote_active":false,"_monsterinsights_sitenote_note":"","_monsterinsights_sitenote_category":0,"footnotes":""},"categories":[172],"tags":[1315,1316,1310,1314],"features":[],"class_list":{"0":"post-18982","1":"page","2":"type-page","3":"status-publish","4":"has-post-thumbnail","6":"category-online-project-management-it","7":"tag-gestione-progetti","8":"tag-online-project-management","9":"tag-programma-project-management","10":"tag-project-management-software"},"wppr_data":{"cwp_meta_box_check":"Yes","cwp_rev_product_name":"","cwp_rev_product_image":"","cwp_image_link":"image","cwp_rev_price":"","wppr_rating":"0.00"},"acf":[],"yoast_head":"<!-- This site is optimized with the Yoast SEO plugin v27.4 - https:\/\/yoast.com\/product\/yoast-seo-wordpress\/ -->\n<title>WorkOtter: recensione project management software - Accurate Reviews<\/title>\n<meta name=\"description\" content=\"WorkOtter: recensione del programma di gestione di progetti che offre strumenti che semplificano i processi aziendali, ottimizzando il flusso di lavoro.\" \/>\n<meta name=\"robots\" content=\"index, follow, max-snippet:-1, max-image-preview:large, max-video-preview:-1\" \/>\n<link rel=\"canonical\" href=\"https:\/\/www.accuratereviews.com\/it\/project-management-online-lista-software\/workotter-recensione\/\" \/>\n<meta property=\"og:locale\" content=\"it_IT\" \/>\n<meta property=\"og:type\" content=\"article\" \/>\n<meta property=\"og:title\" content=\"WorkOtter: recensione project management software - Accurate Reviews\" \/>\n<meta property=\"og:description\" content=\"WorkOtter: recensione del programma di gestione di progetti che offre strumenti che semplificano i processi aziendali, ottimizzando il flusso di lavoro.\" \/>\n<meta property=\"og:url\" content=\"https:\/\/www.accuratereviews.com\/it\/project-management-online-lista-software\/workotter-recensione\/\" \/>\n<meta property=\"og:site_name\" content=\"Accurate Reviews\" \/>\n<meta property=\"article:modified_time\" content=\"2020-12-16T09:57:11+00:00\" \/>\n<meta property=\"og:image\" content=\"https:\/\/www.accuratereviews.com\/wp-content\/uploads\/2019\/10\/WorkOtter.png\" \/>\n\t<meta property=\"og:image:width\" content=\"1024\" \/>\n\t<meta property=\"og:image:height\" content=\"1024\" \/>\n\t<meta property=\"og:image:type\" content=\"image\/png\" \/>\n<meta name=\"twitter:card\" content=\"summary_large_image\" \/>\n<meta name=\"twitter:label1\" content=\"Tempo di lettura stimato\" \/>\n\t<meta name=\"twitter:data1\" content=\"3 minuti\" \/>\n<script type=\"application\/ld+json\" class=\"yoast-schema-graph\">{\"@context\":\"https:\\\/\\\/schema.org\",\"@graph\":[{\"@type\":\"WebPage\",\"@id\":\"https:\\\/\\\/www.accuratereviews.com\\\/it\\\/project-management-online-lista-software\\\/workotter-recensione\\\/\",\"url\":\"https:\\\/\\\/www.accuratereviews.com\\\/it\\\/project-management-online-lista-software\\\/workotter-recensione\\\/\",\"name\":\"WorkOtter: recensione project management software - Accurate Reviews\",\"isPartOf\":{\"@id\":\"https:\\\/\\\/www.accuratereviews.com\\\/it\\\/#website\"},\"primaryImageOfPage\":{\"@id\":\"https:\\\/\\\/www.accuratereviews.com\\\/it\\\/project-management-online-lista-software\\\/workotter-recensione\\\/#primaryimage\"},\"image\":{\"@id\":\"https:\\\/\\\/www.accuratereviews.com\\\/it\\\/project-management-online-lista-software\\\/workotter-recensione\\\/#primaryimage\"},\"thumbnailUrl\":\"https:\\\/\\\/www.accuratereviews.com\\\/wp-content\\\/uploads\\\/2019\\\/10\\\/WorkOtter.png\",\"datePublished\":\"2019-10-09T14:36:34+00:00\",\"dateModified\":\"2020-12-16T09:57:11+00:00\",\"description\":\"WorkOtter: recensione del programma di gestione di progetti che offre strumenti che semplificano i processi aziendali, ottimizzando il flusso di lavoro.\",\"breadcrumb\":{\"@id\":\"https:\\\/\\\/www.accuratereviews.com\\\/it\\\/project-management-online-lista-software\\\/workotter-recensione\\\/#breadcrumb\"},\"inLanguage\":\"it-IT\",\"potentialAction\":[{\"@type\":\"ReadAction\",\"target\":[\"https:\\\/\\\/www.accuratereviews.com\\\/it\\\/project-management-online-lista-software\\\/workotter-recensione\\\/\"]}]},{\"@type\":\"ImageObject\",\"inLanguage\":\"it-IT\",\"@id\":\"https:\\\/\\\/www.accuratereviews.com\\\/it\\\/project-management-online-lista-software\\\/workotter-recensione\\\/#primaryimage\",\"url\":\"https:\\\/\\\/www.accuratereviews.com\\\/wp-content\\\/uploads\\\/2019\\\/10\\\/WorkOtter.png\",\"contentUrl\":\"https:\\\/\\\/www.accuratereviews.com\\\/wp-content\\\/uploads\\\/2019\\\/10\\\/WorkOtter.png\",\"width\":1024,\"height\":1024},{\"@type\":\"BreadcrumbList\",\"@id\":\"https:\\\/\\\/www.accuratereviews.com\\\/it\\\/project-management-online-lista-software\\\/workotter-recensione\\\/#breadcrumb\",\"itemListElement\":[{\"@type\":\"ListItem\",\"position\":1,\"name\":\"Home\",\"item\":\"https:\\\/\\\/www.accuratereviews.com\\\/it\\\/\"},{\"@type\":\"ListItem\",\"position\":2,\"name\":\"Project Management Online\",\"item\":\"https:\\\/\\\/www.accuratereviews.com\\\/it\\\/project-management-online-lista-software\\\/\"},{\"@type\":\"ListItem\",\"position\":3,\"name\":\"WorkOtter\"}]},{\"@type\":\"WebSite\",\"@id\":\"https:\\\/\\\/www.accuratereviews.com\\\/it\\\/#website\",\"url\":\"https:\\\/\\\/www.accuratereviews.com\\\/it\\\/\",\"name\":\"Accurate Reviews\",\"description\":\"\",\"potentialAction\":[{\"@type\":\"SearchAction\",\"target\":{\"@type\":\"EntryPoint\",\"urlTemplate\":\"https:\\\/\\\/www.accuratereviews.com\\\/it\\\/?s={search_term_string}\"},\"query-input\":{\"@type\":\"PropertyValueSpecification\",\"valueRequired\":true,\"valueName\":\"search_term_string\"}}],\"inLanguage\":\"it-IT\"}]}<\/script>\n<!-- \/ Yoast SEO plugin. -->","yoast_head_json":{"title":"WorkOtter: recensione project management software - Accurate Reviews","description":"WorkOtter: recensione del programma di gestione di progetti che offre strumenti che semplificano i processi aziendali, ottimizzando il flusso di lavoro.","robots":{"index":"index","follow":"follow","max-snippet":"max-snippet:-1","max-image-preview":"max-image-preview:large","max-video-preview":"max-video-preview:-1"},"canonical":"https:\/\/www.accuratereviews.com\/it\/project-management-online-lista-software\/workotter-recensione\/","og_locale":"it_IT","og_type":"article","og_title":"WorkOtter: recensione project management software - Accurate Reviews","og_description":"WorkOtter: recensione del programma di gestione di progetti che offre strumenti che semplificano i processi aziendali, ottimizzando il flusso di lavoro.","og_url":"https:\/\/www.accuratereviews.com\/it\/project-management-online-lista-software\/workotter-recensione\/","og_site_name":"Accurate Reviews","article_modified_time":"2020-12-16T09:57:11+00:00","og_image":[{"width":1024,"height":1024,"url":"https:\/\/www.accuratereviews.com\/wp-content\/uploads\/2019\/10\/WorkOtter.png","type":"image\/png"}],"twitter_card":"summary_large_image","twitter_misc":{"Tempo di lettura stimato":"3 minuti"},"schema":{"@context":"https:\/\/schema.org","@graph":[{"@type":"WebPage","@id":"https:\/\/www.accuratereviews.com\/it\/project-management-online-lista-software\/workotter-recensione\/","url":"https:\/\/www.accuratereviews.com\/it\/project-management-online-lista-software\/workotter-recensione\/","name":"WorkOtter: recensione project management software - Accurate Reviews","isPartOf":{"@id":"https:\/\/www.accuratereviews.com\/it\/#website"},"primaryImageOfPage":{"@id":"https:\/\/www.accuratereviews.com\/it\/project-management-online-lista-software\/workotter-recensione\/#primaryimage"},"image":{"@id":"https:\/\/www.accuratereviews.com\/it\/project-management-online-lista-software\/workotter-recensione\/#primaryimage"},"thumbnailUrl":"https:\/\/www.accuratereviews.com\/wp-content\/uploads\/2019\/10\/WorkOtter.png","datePublished":"2019-10-09T14:36:34+00:00","dateModified":"2020-12-16T09:57:11+00:00","description":"WorkOtter: recensione del programma di gestione di progetti che offre strumenti che semplificano i processi aziendali, ottimizzando il flusso di lavoro.","breadcrumb":{"@id":"https:\/\/www.accuratereviews.com\/it\/project-management-online-lista-software\/workotter-recensione\/#breadcrumb"},"inLanguage":"it-IT","potentialAction":[{"@type":"ReadAction","target":["https:\/\/www.accuratereviews.com\/it\/project-management-online-lista-software\/workotter-recensione\/"]}]},{"@type":"ImageObject","inLanguage":"it-IT","@id":"https:\/\/www.accuratereviews.com\/it\/project-management-online-lista-software\/workotter-recensione\/#primaryimage","url":"https:\/\/www.accuratereviews.com\/wp-content\/uploads\/2019\/10\/WorkOtter.png","contentUrl":"https:\/\/www.accuratereviews.com\/wp-content\/uploads\/2019\/10\/WorkOtter.png","width":1024,"height":1024},{"@type":"BreadcrumbList","@id":"https:\/\/www.accuratereviews.com\/it\/project-management-online-lista-software\/workotter-recensione\/#breadcrumb","itemListElement":[{"@type":"ListItem","position":1,"name":"Home","item":"https:\/\/www.accuratereviews.com\/it\/"},{"@type":"ListItem","position":2,"name":"Project Management Online","item":"https:\/\/www.accuratereviews.com\/it\/project-management-online-lista-software\/"},{"@type":"ListItem","position":3,"name":"WorkOtter"}]},{"@type":"WebSite","@id":"https:\/\/www.accuratereviews.com\/it\/#website","url":"https:\/\/www.accuratereviews.com\/it\/","name":"Accurate Reviews","description":"","potentialAction":[{"@type":"SearchAction","target":{"@type":"EntryPoint","urlTemplate":"https:\/\/www.accuratereviews.com\/it\/?s={search_term_string}"},"query-input":{"@type":"PropertyValueSpecification","valueRequired":true,"valueName":"search_term_string"}}],"inLanguage":"it-IT"}]}},"_links":{"self":[{"href":"https:\/\/www.accuratereviews.com\/it\/wp-json\/wp\/v2\/pages\/18982","targetHints":{"allow":["GET"]}}],"collection":[{"href":"https:\/\/www.accuratereviews.com\/it\/wp-json\/wp\/v2\/pages"}],"about":[{"href":"https:\/\/www.accuratereviews.com\/it\/wp-json\/wp\/v2\/types\/page"}],"author":[{"embeddable":true,"href":"https:\/\/www.accuratereviews.com\/it\/wp-json\/wp\/v2\/users\/17"}],"replies":[{"embeddable":true,"href":"https:\/\/www.accuratereviews.com\/it\/wp-json\/wp\/v2\/comments?post=18982"}],"version-history":[{"count":6,"href":"https:\/\/www.accuratereviews.com\/it\/wp-json\/wp\/v2\/pages\/18982\/revisions"}],"predecessor-version":[{"id":33874,"href":"https:\/\/www.accuratereviews.com\/it\/wp-json\/wp\/v2\/pages\/18982\/revisions\/33874"}],"up":[{"embeddable":true,"href":"https:\/\/www.accuratereviews.com\/it\/wp-json\/wp\/v2\/pages\/8333"}],"wp:featuredmedia":[{"embeddable":true,"href":"https:\/\/www.accuratereviews.com\/it\/wp-json\/wp\/v2\/media\/18983"}],"wp:attachment":[{"href":"https:\/\/www.accuratereviews.com\/it\/wp-json\/wp\/v2\/media?parent=18982"}],"wp:term":[{"taxonomy":"category","embeddable":true,"href":"https:\/\/www.accuratereviews.com\/it\/wp-json\/wp\/v2\/categories?post=18982"},{"taxonomy":"post_tag","embeddable":true,"href":"https:\/\/www.accuratereviews.com\/it\/wp-json\/wp\/v2\/tags?post=18982"},{"taxonomy":"features","embeddable":true,"href":"https:\/\/www.accuratereviews.com\/it\/wp-json\/wp\/v2\/features?post=18982"}],"curies":[{"name":"wp","href":"https:\/\/api.w.org\/{rel}","templated":true}]}}