{"id":18993,"date":"2019-10-09T13:49:08","date_gmt":"2019-10-09T13:49:08","guid":{"rendered":"https:\/\/www.accuratereviews.com\/?page_id=18993"},"modified":"2019-10-09T15:09:24","modified_gmt":"2019-10-09T15:09:24","slug":"clubhouse-recensione","status":"publish","type":"page","link":"https:\/\/www.accuratereviews.com\/it\/project-management-online-lista-software\/clubhouse-recensione\/","title":{"rendered":"Clubhouse"},"content":{"rendered":"<p><strong>Clubhouse<\/strong> \u00e8 un software di <strong>project\u00a0management<\/strong> ideato\u00a0principalmente per i team che utilizzano Agile in modo da migliorare la <strong>gestione dei progetti<\/strong>. Permette infatti di pianificare, creare e gestire programmi e attivit\u00e0 in modo semplice e intuitivo, ottimizzando cos\u00ec il flusso di lavoro di <strong>team numerosi<\/strong>.\u00a0Utilizzando una<strong> piattaforma di gestione dei progetti<\/strong> di questo genere si riesce a creare una collaborazione pi\u00f9 efficiente e di\u00a0lavorare in gruppo anche da remoto. <strong>Clubhouse<\/strong> \u00e8 un\u2019applicazione disponibile sia per la versione web che per quella mobile, per i <strong>dispositivi iOS e Android<\/strong>. Inoltre \u00e8 possibile integrarla con le pi\u00f9 popolari applicazioni come GitHub, Slack, GitLab e molte altre.<\/p>\n<h2>COME OTTIMIZZARE IL TUO FLUSSO DI LAVORO CON CLUBHOUSE &#8211; TUTORIAL<\/h2>\n<p>Ecco un video tutorial che ci mostra come funziona questo software:<\/p>\n<div id=\"fluid-wrapper-counter-1\" class=\"g1-fluid-wrapper \" style=\"width:686px;\">\n<div style=\"padding-bottom:56.268221574344%;\"><iframe loading=\"lazy\" title=\"Optimize your workflow with Spaces &amp; Teams | Clubhouse Webinar\" width=\"686\" height=\"386\" src=\"https:\/\/www.youtube.com\/embed\/cKy66JFKKEY?feature=oembed&amp;wmode=transparent&amp;autohide=1&amp;autoplay=0&amp;disablekb=0&amp;fs=1&amp;loop=0&amp;enablejsapi=1&amp;rel=0&amp;controls=2&amp;showinfo=0&amp;wmode=transparent&amp;autohide=2&amp;autoplay=0&amp;disablekb=0&amp;fs=1&amp;loop=0&amp;enablejsapi=1&amp;rel=0&amp;controls=2&amp;showinfo=1\" frameborder=\"0\" allow=\"accelerometer; autoplay; encrypted-media; gyroscope; picture-in-picture\" allowfullscreen><\/iframe><\/div>\n<\/div>\n<h3>CLUBHOUSE &#8211; CARATTTERISTICHE<\/h3>\n<p>Di seguito le sue principali caratteristiche:<\/p>\n<ul>\n<li><strong>Gestione dei progetti<\/strong>: tieni traccia dei progressi e dell&#8217;avanzamento delle attivit\u00e0 quotidiane cos\u00ec da comprende se ci sta avvicinando o meno al raggiungimento dell&#8217;obiettivo finale<\/li>\n<li><strong>Opzioni di filtro avanzato<\/strong>: questo aiuta i membri del team a vedere esattamente ci\u00f2 che cercano in quel determinato momento<\/li>\n<li><strong>Supporto sprint di prima classe<\/strong>: usa le iterazioni per stabilire rapidamente le priorit\u00e0 e tenere traccia del lavoro su cui il tuo team deve concentrarsi, in un periodo di tempo specifico<\/li>\n<li><strong>Sistema di reportistica<\/strong>: utilizza i report integrati che offrono visibilit\u00e0 su priorit\u00e0 e piani futuri<\/li>\n<li><strong>Schede Kanban<\/strong>: utilizza le schede kanban per vedere i progressi del tuo team<\/li>\n<li><strong>Integrazioni<\/strong>: disponibili integrazioni con GitHub, Slack, GitLab ecc.<\/li>\n<\/ul>\n<h3>LE RECENSIONI DEGLI UTENTI<\/h3>\n<ul>\n<li><strong>&#8220;Clubhouse \u00e8 incredibile per la gestione di prodotti e progetti&#8221;<br \/>\n<\/strong>IN GENERALE: incredibile. Rende la gestione dei progetti molto pi\u00f9 semplice!<br \/>\nPRO: \u00e8 molto facile da usare. Mi piace molto il fatto che supporti l&#8217;autenticazione di Google e che oltre alle semplici carte sia possibile creare pietre miliari ed epiche. Siamo i primi ad adottare Clubhouse (e abbiamo persino scritto un post sul perch\u00e9 ci siamo trasferiti da Trello a Clobhouse) ed \u00e8 incredibile vedere la quantit\u00e0 di nuove funzionalit\u00e0 e integrazioni che hanno creato in cos\u00ec poco tempo.<br \/>\nCONTRO: Niente che mi venga in mente. L&#8217;esperienza sui dispositivi mobili \u00e8 stata scarsa ad un certo punto, ma \u00e8 stata enormemente migliorata nell&#8217;ultimo anno circa.<\/li>\n<li><strong>&#8220;Clubhouse? Pi\u00f9 come ClubWOW!!&#8221;<br \/>\n<\/strong>IN GENERALE: Clubhouse ci aiuta a gestire individui, team e progetti. Come Product Manager, ho integrato Clubhouse con Salesforce, dove elaboriamo i ticket di supporto e le richieste di funzionalit\u00e0. La sincronizzazione dei due dispositivi semplifica l&#8217;elaborazione dei ticket da parte dei nostri ingegneri. Essere in grado di creare pi\u00f9 spazi di squadra e &#8220;viste&#8221; \u00e8 davvero utile, va bene. Non mi devo mai meravigliare dell&#8217;avanzamento di un progetto con Clubhouse.<br \/>\nPRO: Mi piace che ti forniscano cos\u00ec tante diverse visioni dei progetti. Ad esempio, posso facilmente rintracciare la frequenza di masterizzazione per i progetti, il processo dei singoli collaboratori, l&#8217;avanzamento della storia, ecc. \u00c8 ricco di funzionalit\u00e0, ma leggero. Non mi sono mai trovato a necessitare di qualcosa che Clubhouse non poteva offrire.<br \/>\nCONTRO: Come persona negativa, onestamente non riesco a pensare a niente!<\/li>\n<li><strong>&#8220;Clubhouse \u00e8 super utile!!!&#8221;<br \/>\n<\/strong>IN GENERALE: Nel complesso le cose sono state fantastiche. Siamo stati in grado di fare le cose e tenere traccia di tutto facilmente!<br \/>\nPRO: Adoro essere in grado di tracciare tutto in un unico punto. \u00c8 facile per pi\u00f9 team utilizzare e comunicare tramite Clubhouse. \u00c8 meraviglioso!!! Continuano a fare anche grandi miglioramenti. \u00c8 bello vedere un&#8217;azienda che investe negli aggiornamenti desiderati dagli utenti. :)<br \/>\nCONTRO: All&#8217;inizio era un po &#8216;difficile capire, ma forse perch\u00e9 non ero abituato a usare questo tipo di app!<\/li>\n<\/ul>\n","protected":false},"excerpt":{"rendered":"<p>Clubhouse \u00e8 un software di project\u00a0management ideato\u00a0principalmente per i team che utilizzano Agile in modo da migliorare la gestione dei progetti. Permette infatti di pianificare, creare e gestire programmi e attivit\u00e0 in modo semplice e intuitivo, ottimizzando cos\u00ec il flusso di lavoro di team numerosi.<\/p>\n","protected":false},"author":17,"featured_media":18995,"parent":8333,"menu_order":0,"comment_status":"open","ping_status":"closed","template":"g1_template_page_review_new.php","meta":{"_acf_changed":false,"cwp_meta_box_check":"Yes","cwp_rev_product_name":"","cwp_rev_product_image":"","wppr_links":[],"cwp_rev_price":"","wppr_options":[],"wppr_pros":[],"wppr_cons":[],"_monsterinsights_skip_tracking":false,"_monsterinsights_sitenote_active":false,"_monsterinsights_sitenote_note":"","_monsterinsights_sitenote_category":0,"footnotes":""},"categories":[172],"tags":[1315,1316,1310,1314],"features":[],"class_list":{"0":"post-18993","1":"page","2":"type-page","3":"status-publish","4":"has-post-thumbnail","6":"category-online-project-management-it","7":"tag-gestione-progetti","8":"tag-online-project-management","9":"tag-programma-project-management","10":"tag-project-management-software"},"wppr_data":{"cwp_meta_box_check":"Yes","cwp_rev_product_name":"","cwp_rev_product_image":"","cwp_image_link":"image","cwp_rev_price":"","wppr_rating":"0.00"},"acf":[],"yoast_head":"<!-- This site is optimized with the Yoast SEO plugin v27.4 - https:\/\/yoast.com\/product\/yoast-seo-wordpress\/ -->\n<title>Clubhouse: recensione project management software - Accurate Reviews<\/title>\n<meta name=\"description\" content=\"Clubhouse: recensione del software di project\u00a0management ideato\u00a0principalmente per team che utilizzano Agile in modo da migliorare la gestione dei progetti.\" \/>\n<meta name=\"robots\" content=\"index, follow, max-snippet:-1, max-image-preview:large, max-video-preview:-1\" \/>\n<link rel=\"canonical\" href=\"https:\/\/www.accuratereviews.com\/it\/project-management-online-lista-software\/clubhouse-recensione\/\" \/>\n<meta property=\"og:locale\" content=\"it_IT\" \/>\n<meta property=\"og:type\" content=\"article\" \/>\n<meta property=\"og:title\" content=\"Clubhouse: recensione project management software - Accurate Reviews\" \/>\n<meta property=\"og:description\" content=\"Clubhouse: recensione del software di project\u00a0management ideato\u00a0principalmente per team che utilizzano Agile in modo da migliorare la gestione dei progetti.\" \/>\n<meta property=\"og:url\" content=\"https:\/\/www.accuratereviews.com\/it\/project-management-online-lista-software\/clubhouse-recensione\/\" \/>\n<meta property=\"og:site_name\" content=\"Accurate Reviews\" \/>\n<meta property=\"article:modified_time\" content=\"2019-10-09T15:09:24+00:00\" \/>\n<meta property=\"og:image\" content=\"https:\/\/www.accuratereviews.com\/wp-content\/uploads\/2019\/10\/bb2c016cd804dadc7692682ab5eba375dcbfab49_clubhouse-home-logo-meta.png\" \/>\n\t<meta property=\"og:image:width\" content=\"1200\" \/>\n\t<meta property=\"og:image:height\" content=\"630\" \/>\n\t<meta property=\"og:image:type\" content=\"image\/png\" \/>\n<meta name=\"twitter:card\" content=\"summary_large_image\" \/>\n<meta name=\"twitter:label1\" content=\"Tempo di lettura stimato\" \/>\n\t<meta name=\"twitter:data1\" content=\"3 minuti\" \/>\n<script type=\"application\/ld+json\" class=\"yoast-schema-graph\">{\"@context\":\"https:\\\/\\\/schema.org\",\"@graph\":[{\"@type\":\"WebPage\",\"@id\":\"https:\\\/\\\/www.accuratereviews.com\\\/it\\\/project-management-online-lista-software\\\/clubhouse-recensione\\\/\",\"url\":\"https:\\\/\\\/www.accuratereviews.com\\\/it\\\/project-management-online-lista-software\\\/clubhouse-recensione\\\/\",\"name\":\"Clubhouse: recensione project management software - Accurate Reviews\",\"isPartOf\":{\"@id\":\"https:\\\/\\\/www.accuratereviews.com\\\/it\\\/#website\"},\"primaryImageOfPage\":{\"@id\":\"https:\\\/\\\/www.accuratereviews.com\\\/it\\\/project-management-online-lista-software\\\/clubhouse-recensione\\\/#primaryimage\"},\"image\":{\"@id\":\"https:\\\/\\\/www.accuratereviews.com\\\/it\\\/project-management-online-lista-software\\\/clubhouse-recensione\\\/#primaryimage\"},\"thumbnailUrl\":\"https:\\\/\\\/www.accuratereviews.com\\\/wp-content\\\/uploads\\\/2019\\\/10\\\/bb2c016cd804dadc7692682ab5eba375dcbfab49_clubhouse-home-logo-meta.png\",\"datePublished\":\"2019-10-09T13:49:08+00:00\",\"dateModified\":\"2019-10-09T15:09:24+00:00\",\"description\":\"Clubhouse: recensione del software di project\u00a0management ideato\u00a0principalmente per team che utilizzano Agile in modo da migliorare la gestione dei progetti.\",\"breadcrumb\":{\"@id\":\"https:\\\/\\\/www.accuratereviews.com\\\/it\\\/project-management-online-lista-software\\\/clubhouse-recensione\\\/#breadcrumb\"},\"inLanguage\":\"it-IT\",\"potentialAction\":[{\"@type\":\"ReadAction\",\"target\":[\"https:\\\/\\\/www.accuratereviews.com\\\/it\\\/project-management-online-lista-software\\\/clubhouse-recensione\\\/\"]}]},{\"@type\":\"ImageObject\",\"inLanguage\":\"it-IT\",\"@id\":\"https:\\\/\\\/www.accuratereviews.com\\\/it\\\/project-management-online-lista-software\\\/clubhouse-recensione\\\/#primaryimage\",\"url\":\"https:\\\/\\\/www.accuratereviews.com\\\/wp-content\\\/uploads\\\/2019\\\/10\\\/bb2c016cd804dadc7692682ab5eba375dcbfab49_clubhouse-home-logo-meta.png\",\"contentUrl\":\"https:\\\/\\\/www.accuratereviews.com\\\/wp-content\\\/uploads\\\/2019\\\/10\\\/bb2c016cd804dadc7692682ab5eba375dcbfab49_clubhouse-home-logo-meta.png\",\"width\":1200,\"height\":630},{\"@type\":\"BreadcrumbList\",\"@id\":\"https:\\\/\\\/www.accuratereviews.com\\\/it\\\/project-management-online-lista-software\\\/clubhouse-recensione\\\/#breadcrumb\",\"itemListElement\":[{\"@type\":\"ListItem\",\"position\":1,\"name\":\"Home\",\"item\":\"https:\\\/\\\/www.accuratereviews.com\\\/it\\\/\"},{\"@type\":\"ListItem\",\"position\":2,\"name\":\"Project Management Online\",\"item\":\"https:\\\/\\\/www.accuratereviews.com\\\/it\\\/project-management-online-lista-software\\\/\"},{\"@type\":\"ListItem\",\"position\":3,\"name\":\"Clubhouse\"}]},{\"@type\":\"WebSite\",\"@id\":\"https:\\\/\\\/www.accuratereviews.com\\\/it\\\/#website\",\"url\":\"https:\\\/\\\/www.accuratereviews.com\\\/it\\\/\",\"name\":\"Accurate Reviews\",\"description\":\"\",\"potentialAction\":[{\"@type\":\"SearchAction\",\"target\":{\"@type\":\"EntryPoint\",\"urlTemplate\":\"https:\\\/\\\/www.accuratereviews.com\\\/it\\\/?s={search_term_string}\"},\"query-input\":{\"@type\":\"PropertyValueSpecification\",\"valueRequired\":true,\"valueName\":\"search_term_string\"}}],\"inLanguage\":\"it-IT\"}]}<\/script>\n<!-- \/ Yoast SEO plugin. -->","yoast_head_json":{"title":"Clubhouse: recensione project management software - Accurate Reviews","description":"Clubhouse: recensione del software di project\u00a0management ideato\u00a0principalmente per team che utilizzano Agile in modo da migliorare la gestione dei progetti.","robots":{"index":"index","follow":"follow","max-snippet":"max-snippet:-1","max-image-preview":"max-image-preview:large","max-video-preview":"max-video-preview:-1"},"canonical":"https:\/\/www.accuratereviews.com\/it\/project-management-online-lista-software\/clubhouse-recensione\/","og_locale":"it_IT","og_type":"article","og_title":"Clubhouse: recensione project management software - Accurate Reviews","og_description":"Clubhouse: recensione del software di project\u00a0management ideato\u00a0principalmente per team che utilizzano Agile in modo da migliorare la gestione dei progetti.","og_url":"https:\/\/www.accuratereviews.com\/it\/project-management-online-lista-software\/clubhouse-recensione\/","og_site_name":"Accurate Reviews","article_modified_time":"2019-10-09T15:09:24+00:00","og_image":[{"width":1200,"height":630,"url":"https:\/\/www.accuratereviews.com\/wp-content\/uploads\/2019\/10\/bb2c016cd804dadc7692682ab5eba375dcbfab49_clubhouse-home-logo-meta.png","type":"image\/png"}],"twitter_card":"summary_large_image","twitter_misc":{"Tempo di lettura stimato":"3 minuti"},"schema":{"@context":"https:\/\/schema.org","@graph":[{"@type":"WebPage","@id":"https:\/\/www.accuratereviews.com\/it\/project-management-online-lista-software\/clubhouse-recensione\/","url":"https:\/\/www.accuratereviews.com\/it\/project-management-online-lista-software\/clubhouse-recensione\/","name":"Clubhouse: recensione project management software - Accurate Reviews","isPartOf":{"@id":"https:\/\/www.accuratereviews.com\/it\/#website"},"primaryImageOfPage":{"@id":"https:\/\/www.accuratereviews.com\/it\/project-management-online-lista-software\/clubhouse-recensione\/#primaryimage"},"image":{"@id":"https:\/\/www.accuratereviews.com\/it\/project-management-online-lista-software\/clubhouse-recensione\/#primaryimage"},"thumbnailUrl":"https:\/\/www.accuratereviews.com\/wp-content\/uploads\/2019\/10\/bb2c016cd804dadc7692682ab5eba375dcbfab49_clubhouse-home-logo-meta.png","datePublished":"2019-10-09T13:49:08+00:00","dateModified":"2019-10-09T15:09:24+00:00","description":"Clubhouse: recensione del software di project\u00a0management ideato\u00a0principalmente per team che utilizzano Agile in modo da migliorare la gestione dei progetti.","breadcrumb":{"@id":"https:\/\/www.accuratereviews.com\/it\/project-management-online-lista-software\/clubhouse-recensione\/#breadcrumb"},"inLanguage":"it-IT","potentialAction":[{"@type":"ReadAction","target":["https:\/\/www.accuratereviews.com\/it\/project-management-online-lista-software\/clubhouse-recensione\/"]}]},{"@type":"ImageObject","inLanguage":"it-IT","@id":"https:\/\/www.accuratereviews.com\/it\/project-management-online-lista-software\/clubhouse-recensione\/#primaryimage","url":"https:\/\/www.accuratereviews.com\/wp-content\/uploads\/2019\/10\/bb2c016cd804dadc7692682ab5eba375dcbfab49_clubhouse-home-logo-meta.png","contentUrl":"https:\/\/www.accuratereviews.com\/wp-content\/uploads\/2019\/10\/bb2c016cd804dadc7692682ab5eba375dcbfab49_clubhouse-home-logo-meta.png","width":1200,"height":630},{"@type":"BreadcrumbList","@id":"https:\/\/www.accuratereviews.com\/it\/project-management-online-lista-software\/clubhouse-recensione\/#breadcrumb","itemListElement":[{"@type":"ListItem","position":1,"name":"Home","item":"https:\/\/www.accuratereviews.com\/it\/"},{"@type":"ListItem","position":2,"name":"Project Management Online","item":"https:\/\/www.accuratereviews.com\/it\/project-management-online-lista-software\/"},{"@type":"ListItem","position":3,"name":"Clubhouse"}]},{"@type":"WebSite","@id":"https:\/\/www.accuratereviews.com\/it\/#website","url":"https:\/\/www.accuratereviews.com\/it\/","name":"Accurate Reviews","description":"","potentialAction":[{"@type":"SearchAction","target":{"@type":"EntryPoint","urlTemplate":"https:\/\/www.accuratereviews.com\/it\/?s={search_term_string}"},"query-input":{"@type":"PropertyValueSpecification","valueRequired":true,"valueName":"search_term_string"}}],"inLanguage":"it-IT"}]}},"_links":{"self":[{"href":"https:\/\/www.accuratereviews.com\/it\/wp-json\/wp\/v2\/pages\/18993","targetHints":{"allow":["GET"]}}],"collection":[{"href":"https:\/\/www.accuratereviews.com\/it\/wp-json\/wp\/v2\/pages"}],"about":[{"href":"https:\/\/www.accuratereviews.com\/it\/wp-json\/wp\/v2\/types\/page"}],"author":[{"embeddable":true,"href":"https:\/\/www.accuratereviews.com\/it\/wp-json\/wp\/v2\/users\/17"}],"replies":[{"embeddable":true,"href":"https:\/\/www.accuratereviews.com\/it\/wp-json\/wp\/v2\/comments?post=18993"}],"version-history":[{"count":4,"href":"https:\/\/www.accuratereviews.com\/it\/wp-json\/wp\/v2\/pages\/18993\/revisions"}],"predecessor-version":[{"id":19012,"href":"https:\/\/www.accuratereviews.com\/it\/wp-json\/wp\/v2\/pages\/18993\/revisions\/19012"}],"up":[{"embeddable":true,"href":"https:\/\/www.accuratereviews.com\/it\/wp-json\/wp\/v2\/pages\/8333"}],"wp:featuredmedia":[{"embeddable":true,"href":"https:\/\/www.accuratereviews.com\/it\/wp-json\/wp\/v2\/media\/18995"}],"wp:attachment":[{"href":"https:\/\/www.accuratereviews.com\/it\/wp-json\/wp\/v2\/media?parent=18993"}],"wp:term":[{"taxonomy":"category","embeddable":true,"href":"https:\/\/www.accuratereviews.com\/it\/wp-json\/wp\/v2\/categories?post=18993"},{"taxonomy":"post_tag","embeddable":true,"href":"https:\/\/www.accuratereviews.com\/it\/wp-json\/wp\/v2\/tags?post=18993"},{"taxonomy":"features","embeddable":true,"href":"https:\/\/www.accuratereviews.com\/it\/wp-json\/wp\/v2\/features?post=18993"}],"curies":[{"name":"wp","href":"https:\/\/api.w.org\/{rel}","templated":true}]}}