{"id":19013,"date":"2019-10-10T15:13:30","date_gmt":"2019-10-10T15:13:30","guid":{"rendered":"https:\/\/www.accuratereviews.com\/?page_id=19013"},"modified":"2020-12-16T10:49:34","modified_gmt":"2020-12-16T10:49:34","slug":"accelo-recensione","status":"publish","type":"page","link":"https:\/\/www.accuratereviews.com\/it\/project-management-online-lista-software\/accelo-recensione\/","title":{"rendered":"Accelo"},"content":{"rendered":"<p><strong>Accelo<\/strong> \u00e8 un <strong>software basato su cloud<\/strong> che combina strumenti semplici e potenti per servizi professionali in modo che le aziende possano continuare a gestire gli affari, portare avanti progetti e rendere il lavoro al personale e il rapporto con i clienti buono e gradevole.\u00a0Inizialmente Accelo \u00e8 stato sviluppato come sistema interno per un servizio professionale in rapida crescita per aiutare a gestire vendite, progetti, assistenza e fatturazione. Da allora, ha ampliato le sue capacit\u00e0 per includere<strong> CRM, gestione dei progetti e servizi per i clienti,<\/strong> rendendola una soluzione poliedrica per le aziende in modo che siano in grado di fornire servizi professionali allo staff e ai clienti. Pu\u00f2 guidare in modo intelligente i processi aziendali, fornire avvisi in caso di problemi, fare previsioni e garantire che il business rimanga concentrato sui suoi obiettivi. Fornisce un semplice processo di ticketing e una guida dei processi aziendali che rendono il servizio clienti efficiente ed esemplare.<\/p>\n<h2>ACCELO &#8211; TUTORIAL<\/h2>\n<p>Ecco una guida per imparare a come usufruire delle funzioni di questo <strong>software Project Management:<\/strong><\/p>\n<div id=\"fluid-wrapper-counter-1\" class=\"g1-fluid-wrapper \" style=\"width:686px;\">\n<div style=\"padding-bottom:56.268221574344%;\"><iframe loading=\"lazy\" title=\"Accelo - Projects 101 Overview\" width=\"515\" height=\"386\" src=\"https:\/\/www.youtube.com\/embed\/tJyqfe7M7pk?feature=oembed&amp;wmode=transparent&amp;autohide=1&amp;autoplay=0&amp;disablekb=0&amp;fs=1&amp;loop=0&amp;enablejsapi=1&amp;rel=0&amp;controls=2&amp;showinfo=0&amp;wmode=transparent&amp;autohide=2&amp;autoplay=0&amp;disablekb=0&amp;fs=1&amp;loop=0&amp;enablejsapi=1&amp;rel=0&amp;controls=2&amp;showinfo=1\" frameborder=\"0\" allow=\"accelerometer; autoplay; encrypted-media; gyroscope; picture-in-picture\" allowfullscreen><\/iframe><\/div>\n<\/div>\n<h3>ACCELO &#8211; CARATTERISTICHE<\/h3>\n<ul>\n<li><strong>Pianificazione del progetto<\/strong>: drag and drop di facile utilizzo per facilitare la struttura e la pianificazione del progetto<\/li>\n<li><strong>Tracciamento del progetto<\/strong>: gestisci in modo produttivo risultati e budget, in modo da ottenere profitti.<\/li>\n<li><strong>Gestione dei compiti<\/strong>: consenti alle persone di concentrarsi su ci\u00f2 che devono fare attribuendo mansioni<\/li>\n<li><strong>Tracciamento del tempo<\/strong>: i timer, i tempi basati su attivit\u00e0 e i fogli orari automatizzati rendono il monitoraggio del tempo uno strumento indispensabile<\/li>\n<li><strong>Portale clienti:<\/strong> consenti ai tuoi clienti di accedere a un portale per inviare e tenere traccia dei loro ticket<\/li>\n<li><strong>Automazione e processi:<\/strong> flussi di lavoro utilizzati per le attivit\u00e0 di reporting e guida come fatturazione, approvazioni temporali e notifiche<\/li>\n<li><strong>Notifiche automatiche<\/strong>: avvisa il team quando i progetti rallentano o vengono sospesi prima che i clienti ti chiamino.<\/li>\n<li><strong>Spese<\/strong>: invia le spese del progetto per il rimborso interno o del cliente.<\/li>\n<\/ul>\n<h4>LE RECENSIONE DEGLI UTENTI<\/h4>\n<h4>Tom B. &#8220;Ridimensiona il tuo business&#8221;<\/h4>\n<p><strong>Commenti:<\/strong> ridimensionamento aziendale, controllo di qualit\u00e0, gestione dei compiti\u00a0utilizzo trasparenza per i clienti gestione dei costi.<\/p>\n<p><strong>Vantaggi<\/strong>: siamo in grado di elaborare completamente la nostra attivit\u00e0 con i piani di progetto dettagliati, la pianificazione e il monitoraggio della capacit\u00e0 che ci fornisce previsioni molto dettagliate e accurate per le capacit\u00e0. L&#8217;intera azienda ora si fida cos\u00ec tanto dell&#8217;affidabilit\u00e0 del sistema e dei dati in esso che ci riferiamo quotidianamente sullo stato dei lavori con la gestione delle attivit\u00e0 e le capacit\u00e0 di spostare le risorse che ci aiutano a consegnare il lavoro pi\u00f9 velocemente ai nostri clienti. Stiamo prevedendo di assumere nuove risorse in base ai dati di sistema, condurre revisioni dei prezzi e apportare molte e continue modifiche al processo con la sicurezza che Accelo sia la nostra documentazione di processo vivente tramite i modelli. Inoltre, con i dettagli nei piani di progetto \u00e8 qualcosa che siamo in grado di sfruttare nel processo di vendita per mostrare ai potenziali clienti che abbiamo processi solidi che garantiranno la creazione di contenuti di qualit\u00e0 migliore.<\/p>\n<p><strong>Inconvenienti:<\/strong> ci sono ancora alcune funzionalit\u00e0 che ci piacerebbe vedere in futuro, che ci aiuterebbero ad automatizzare di pi\u00f9 e ridurre l&#8217;amministratore, ma il rinnovamento nella pagina delle idee della community d\u00e0 molta fiducia a tutti in Digital 22 che se andr\u00e0 a beneficio di abbastanza persone \u00e8 una buona possibilit\u00e0 che vedremo questi e altri fantastici aggiornamenti nel prossimo futuro.<\/p>\n<h4>Chad F. &#8220;CRM di agenzia personalizzato con molte modifiche in corso ma potrebbe non essere la soluzione migliore&#8221;<\/h4>\n<p><strong>Commenti<\/strong>: ordinare e tenere traccia della nostra base di clienti &#8211; con note specifiche e streaming o cronologia di conversazioni ed e-mail con ciascuno di essi allegato.\u00a0Facile tracciamento dei ticket di supporto o manutenzione e conversione in fatture da pochi semplici filtri.<\/p>\n<p><strong>Vantaggi<\/strong>: siamo passati da un foglio di calcolo Excel ad Accelo e la transizione \u00e8 stata sorprendente. Solo costringendoci a ripulire i nostri account al fine di effettuare la transizione ci ha salvato migliaia di errori interni, mancata fatturazione, ecc.<br \/>\nAccelo ti tiene organizzato e ha una vasta gamma di opzioni che puoi sfruttare a seconda del pacchetto selezionato con loro.<br \/>\nPer noi le cose pi\u00f9 utili sono state l&#8217;integrazione a 2 vie con QuickBooks Online e la possibilit\u00e0 di tenere traccia del tempo su biglietti e attivit\u00e0 in Accelo, quindi filtrare e convertire abbastanza facilmente quei biglietti completati in fatture all&#8217;interno di QuickBooks.<br \/>\nCi \u00e8 piaciuta la facilit\u00e0 con cui \u00e8 stato inserito l&#8217;orario su un biglietto e ci \u00e8 piaciuto poter filtrare il personale per periodi di tempo personalizzati al fine di vedere le ore lavorate dal progetto ai fini della fatturazione.<br \/>\nNel complesso si tratta di un robusto software CRM che ti aiuta a tenere traccia dei tuoi clienti tutti in un unico posto, prendere appunti dettagliati sulla tua relazione con loro, tenere traccia delle tue conversazioni storiche con loro e integrarsi con il tuo software di contabilit\u00e0.<\/p>\n<p><strong>Inconvenienti<\/strong>: I nostri maggiori problemi con Accelo sono stati l&#8217;integrazione e il prezzo:<br \/>\nInizialmente tutto ha funzionato bene, ma dopo un aumento del PST provinciale abbiamo dovuto creare una nuova aliquota fiscale combinata in QBO e ha smesso di funzionare con Accelo. Il servizio clienti ha inseguito questo problema per mesi, ma non abbiamo mai avuto un rinnovo &#8211; solo aggiornamenti che stavano lavorando con QBO su questo. Dopo diversi mesi in cui non siamo riusciti a far passare le fatture, \u00e8 diventato chiaro che avevamo bisogno di un&#8217;altra soluzione.<br \/>\nIn secondo luogo \u00e8 stato il prezzo. Alla fine era troppo alto per noi. Abbiamo trovato altri software che non erano cos\u00ec robusti, ma che si adattavano meglio alle nostre esigenze, integrati con QBO in modo pi\u00f9 affidabile e ci hanno addebitato una tariffa forfettaria piuttosto che una tariffa per dipendente, il che ha MOLTO pi\u00f9 senso per noi.<br \/>\nUn&#8217;ultima cosa che non ci \u00e8 piaciuta potrebbe essere gi\u00e0 stata aggiornata \u00e8 che i filtri non sono stati salvati. Avremmo avuto una riunione dello staff e avremmo caricato una pagina con 3 o pi\u00f9 specifiche di filtro, quindi fare clic su qualcosa e i risultati del filtro sarebbero andati persi. Dovremmo seguire tutti i passaggi per tornare di nuovo l\u00ec. Stessa cosa la prossima settimana. Sarebbe bello poter personalizzare le selezioni dei filtri e salvarle in modo da poter eseguire le stesse valutazioni o report ripetutamente e facilmente.<\/p>\n<h4>Christine S. &#8220;Analizzatore di prodotti&#8221;<\/h4>\n<p><strong>Commenti<\/strong>: Mi \u00e8 piaciuto lavorare con entrambi i rappresentanti di tecnologia e vendite. Il rappresentante della tecnologia \u00e8 stato fantastico nel rispondere a tutte le mie domande in qualsiasi momento. Abbiamo tenuto diversi webinar in cui io e la tecnologia abbiamo lavorato su domande \/ problemi che stavo avendo. Hanno ottimi video di apprendimento e, anche se non ne ho fatto parte, avevano un buon programma di installazione e formazione per l&#8217;utente finale a cui li stavo raccomandando. Non una volta mi \u00e8 stato detto che stavo chiedendo troppo e che avrei dovuto acquistare prima di ottenere risposte.<\/p>\n<p><strong>Vantaggi<\/strong>: ho adorato l&#8217;analisi di questo prodotto. Stavo dimostrando diversi prodotti per un cliente alla ricerca di un software PM che gestisse molti dei loro problemi. Questo software \u00e8 perfetto. Mi hanno permesso di dimostrarlo per oltre 2 mesi, dato che all&#8217;epoca avevo anche un lavoro a tempo pieno che interferiva con il mio test quotidiano \/ tempo di gioco.<\/p>\n<p><strong>Inconvenienti<\/strong>: raccolgo nuovi software abbastanza facilmente. Ho avuto una grande curva di apprendimento con questo software. Ma una volta superato, \u00e8 stato regolare navigare da l\u00ec in poi.<\/p>\n<p>&nbsp;<\/p>\n<p>&nbsp;<\/p>\n<p>&nbsp;<\/p>\n","protected":false},"excerpt":{"rendered":"<p>Accelo \u00e8 un software basato su cloud che combina strumenti semplici e potenti per servizi professionali in modo che le aziende possano continuare a gestire gli affari, portare avanti progetti e rendere il lavoro al personale e il rapporto con i clienti buono e gradevole.\u00a0Inizialmente Accelo \u00e8 stato sviluppato come sistema interno per un servizio professionale in rapida crescita per aiutare a gestire vendite, progetti, assistenza e fatturazione.<\/p>\n","protected":false},"author":19,"featured_media":19048,"parent":8333,"menu_order":0,"comment_status":"open","ping_status":"closed","template":"g1_template_page_review_new.php","meta":{"_acf_changed":false,"cwp_meta_box_check":"Yes","cwp_rev_product_name":"","cwp_rev_product_image":"","wppr_links":[],"cwp_rev_price":"","wppr_options":[],"wppr_pros":[],"wppr_cons":[],"_monsterinsights_skip_tracking":false,"_monsterinsights_sitenote_active":false,"_monsterinsights_sitenote_note":"","_monsterinsights_sitenote_category":0,"footnotes":""},"categories":[172],"tags":[1369,1324,427,1310,418,1309,1239,1320],"features":[],"class_list":{"0":"post-19013","1":"page","2":"type-page","3":"status-publish","4":"has-post-thumbnail","6":"category-online-project-management-it","7":"tag-accelo","8":"tag-gestione-dei-progetti","9":"tag-programma-crm","10":"tag-programma-project-management","11":"tag-software-crm","12":"tag-software-project-management","13":"tag-soluzione-crm","14":"tag-soluzione-project-management"},"wppr_data":{"cwp_meta_box_check":"Yes","cwp_rev_product_name":"","cwp_rev_product_image":"","cwp_image_link":"image","cwp_rev_price":"","wppr_rating":"0.00"},"acf":[],"yoast_head":"<!-- This site is optimized with the Yoast SEO plugin v27.4 - https:\/\/yoast.com\/product\/yoast-seo-wordpress\/ -->\n<title>Accelo: recensione software Project Management - Accurate Reviews<\/title>\n<meta name=\"description\" content=\"Accelo: recensione software basato su cloud che combina strumenti semplici e potenti per servizi professionali per la gestione dei progetti.\" \/>\n<meta name=\"robots\" content=\"index, follow, max-snippet:-1, max-image-preview:large, max-video-preview:-1\" \/>\n<link rel=\"canonical\" href=\"https:\/\/www.accuratereviews.com\/it\/project-management-online-lista-software\/accelo-recensione\/\" \/>\n<meta property=\"og:locale\" content=\"it_IT\" \/>\n<meta property=\"og:type\" content=\"article\" \/>\n<meta property=\"og:title\" content=\"Accelo: recensione software Project Management - Accurate Reviews\" \/>\n<meta property=\"og:description\" content=\"Accelo: recensione software basato su cloud che combina strumenti semplici e potenti per servizi professionali per la gestione dei progetti.\" \/>\n<meta property=\"og:url\" content=\"https:\/\/www.accuratereviews.com\/it\/project-management-online-lista-software\/accelo-recensione\/\" \/>\n<meta property=\"og:site_name\" content=\"Accurate Reviews\" \/>\n<meta property=\"article:modified_time\" content=\"2020-12-16T10:49:34+00:00\" \/>\n<meta property=\"og:image\" content=\"https:\/\/www.accuratereviews.com\/wp-content\/uploads\/2019\/10\/accelo-logo.png\" \/>\n\t<meta property=\"og:image:width\" content=\"400\" \/>\n\t<meta property=\"og:image:height\" content=\"250\" \/>\n\t<meta property=\"og:image:type\" content=\"image\/png\" \/>\n<meta name=\"twitter:card\" content=\"summary_large_image\" \/>\n<meta name=\"twitter:label1\" content=\"Tempo di lettura stimato\" \/>\n\t<meta name=\"twitter:data1\" content=\"6 minuti\" \/>\n<script type=\"application\/ld+json\" class=\"yoast-schema-graph\">{\"@context\":\"https:\\\/\\\/schema.org\",\"@graph\":[{\"@type\":\"WebPage\",\"@id\":\"https:\\\/\\\/www.accuratereviews.com\\\/it\\\/project-management-online-lista-software\\\/accelo-recensione\\\/\",\"url\":\"https:\\\/\\\/www.accuratereviews.com\\\/it\\\/project-management-online-lista-software\\\/accelo-recensione\\\/\",\"name\":\"Accelo: recensione software Project Management - Accurate Reviews\",\"isPartOf\":{\"@id\":\"https:\\\/\\\/www.accuratereviews.com\\\/it\\\/#website\"},\"primaryImageOfPage\":{\"@id\":\"https:\\\/\\\/www.accuratereviews.com\\\/it\\\/project-management-online-lista-software\\\/accelo-recensione\\\/#primaryimage\"},\"image\":{\"@id\":\"https:\\\/\\\/www.accuratereviews.com\\\/it\\\/project-management-online-lista-software\\\/accelo-recensione\\\/#primaryimage\"},\"thumbnailUrl\":\"https:\\\/\\\/www.accuratereviews.com\\\/wp-content\\\/uploads\\\/2019\\\/10\\\/accelo-logo.png\",\"datePublished\":\"2019-10-10T15:13:30+00:00\",\"dateModified\":\"2020-12-16T10:49:34+00:00\",\"description\":\"Accelo: recensione software basato su cloud che combina strumenti semplici e potenti per servizi professionali per la gestione dei progetti.\",\"breadcrumb\":{\"@id\":\"https:\\\/\\\/www.accuratereviews.com\\\/it\\\/project-management-online-lista-software\\\/accelo-recensione\\\/#breadcrumb\"},\"inLanguage\":\"it-IT\",\"potentialAction\":[{\"@type\":\"ReadAction\",\"target\":[\"https:\\\/\\\/www.accuratereviews.com\\\/it\\\/project-management-online-lista-software\\\/accelo-recensione\\\/\"]}]},{\"@type\":\"ImageObject\",\"inLanguage\":\"it-IT\",\"@id\":\"https:\\\/\\\/www.accuratereviews.com\\\/it\\\/project-management-online-lista-software\\\/accelo-recensione\\\/#primaryimage\",\"url\":\"https:\\\/\\\/www.accuratereviews.com\\\/wp-content\\\/uploads\\\/2019\\\/10\\\/accelo-logo.png\",\"contentUrl\":\"https:\\\/\\\/www.accuratereviews.com\\\/wp-content\\\/uploads\\\/2019\\\/10\\\/accelo-logo.png\",\"width\":400,\"height\":250},{\"@type\":\"BreadcrumbList\",\"@id\":\"https:\\\/\\\/www.accuratereviews.com\\\/it\\\/project-management-online-lista-software\\\/accelo-recensione\\\/#breadcrumb\",\"itemListElement\":[{\"@type\":\"ListItem\",\"position\":1,\"name\":\"Home\",\"item\":\"https:\\\/\\\/www.accuratereviews.com\\\/it\\\/\"},{\"@type\":\"ListItem\",\"position\":2,\"name\":\"Project Management Online\",\"item\":\"https:\\\/\\\/www.accuratereviews.com\\\/it\\\/project-management-online-lista-software\\\/\"},{\"@type\":\"ListItem\",\"position\":3,\"name\":\"Accelo\"}]},{\"@type\":\"WebSite\",\"@id\":\"https:\\\/\\\/www.accuratereviews.com\\\/it\\\/#website\",\"url\":\"https:\\\/\\\/www.accuratereviews.com\\\/it\\\/\",\"name\":\"Accurate Reviews\",\"description\":\"\",\"potentialAction\":[{\"@type\":\"SearchAction\",\"target\":{\"@type\":\"EntryPoint\",\"urlTemplate\":\"https:\\\/\\\/www.accuratereviews.com\\\/it\\\/?s={search_term_string}\"},\"query-input\":{\"@type\":\"PropertyValueSpecification\",\"valueRequired\":true,\"valueName\":\"search_term_string\"}}],\"inLanguage\":\"it-IT\"}]}<\/script>\n<!-- \/ Yoast SEO plugin. -->","yoast_head_json":{"title":"Accelo: recensione software Project Management - Accurate Reviews","description":"Accelo: recensione software basato su cloud che combina strumenti semplici e potenti per servizi professionali per la gestione dei progetti.","robots":{"index":"index","follow":"follow","max-snippet":"max-snippet:-1","max-image-preview":"max-image-preview:large","max-video-preview":"max-video-preview:-1"},"canonical":"https:\/\/www.accuratereviews.com\/it\/project-management-online-lista-software\/accelo-recensione\/","og_locale":"it_IT","og_type":"article","og_title":"Accelo: recensione software Project Management - Accurate Reviews","og_description":"Accelo: recensione software basato su cloud che combina strumenti semplici e potenti per servizi professionali per la gestione dei progetti.","og_url":"https:\/\/www.accuratereviews.com\/it\/project-management-online-lista-software\/accelo-recensione\/","og_site_name":"Accurate Reviews","article_modified_time":"2020-12-16T10:49:34+00:00","og_image":[{"width":400,"height":250,"url":"https:\/\/www.accuratereviews.com\/wp-content\/uploads\/2019\/10\/accelo-logo.png","type":"image\/png"}],"twitter_card":"summary_large_image","twitter_misc":{"Tempo di lettura stimato":"6 minuti"},"schema":{"@context":"https:\/\/schema.org","@graph":[{"@type":"WebPage","@id":"https:\/\/www.accuratereviews.com\/it\/project-management-online-lista-software\/accelo-recensione\/","url":"https:\/\/www.accuratereviews.com\/it\/project-management-online-lista-software\/accelo-recensione\/","name":"Accelo: recensione software Project Management - Accurate Reviews","isPartOf":{"@id":"https:\/\/www.accuratereviews.com\/it\/#website"},"primaryImageOfPage":{"@id":"https:\/\/www.accuratereviews.com\/it\/project-management-online-lista-software\/accelo-recensione\/#primaryimage"},"image":{"@id":"https:\/\/www.accuratereviews.com\/it\/project-management-online-lista-software\/accelo-recensione\/#primaryimage"},"thumbnailUrl":"https:\/\/www.accuratereviews.com\/wp-content\/uploads\/2019\/10\/accelo-logo.png","datePublished":"2019-10-10T15:13:30+00:00","dateModified":"2020-12-16T10:49:34+00:00","description":"Accelo: recensione software basato su cloud che combina strumenti semplici e potenti per servizi professionali per la gestione dei progetti.","breadcrumb":{"@id":"https:\/\/www.accuratereviews.com\/it\/project-management-online-lista-software\/accelo-recensione\/#breadcrumb"},"inLanguage":"it-IT","potentialAction":[{"@type":"ReadAction","target":["https:\/\/www.accuratereviews.com\/it\/project-management-online-lista-software\/accelo-recensione\/"]}]},{"@type":"ImageObject","inLanguage":"it-IT","@id":"https:\/\/www.accuratereviews.com\/it\/project-management-online-lista-software\/accelo-recensione\/#primaryimage","url":"https:\/\/www.accuratereviews.com\/wp-content\/uploads\/2019\/10\/accelo-logo.png","contentUrl":"https:\/\/www.accuratereviews.com\/wp-content\/uploads\/2019\/10\/accelo-logo.png","width":400,"height":250},{"@type":"BreadcrumbList","@id":"https:\/\/www.accuratereviews.com\/it\/project-management-online-lista-software\/accelo-recensione\/#breadcrumb","itemListElement":[{"@type":"ListItem","position":1,"name":"Home","item":"https:\/\/www.accuratereviews.com\/it\/"},{"@type":"ListItem","position":2,"name":"Project Management Online","item":"https:\/\/www.accuratereviews.com\/it\/project-management-online-lista-software\/"},{"@type":"ListItem","position":3,"name":"Accelo"}]},{"@type":"WebSite","@id":"https:\/\/www.accuratereviews.com\/it\/#website","url":"https:\/\/www.accuratereviews.com\/it\/","name":"Accurate Reviews","description":"","potentialAction":[{"@type":"SearchAction","target":{"@type":"EntryPoint","urlTemplate":"https:\/\/www.accuratereviews.com\/it\/?s={search_term_string}"},"query-input":{"@type":"PropertyValueSpecification","valueRequired":true,"valueName":"search_term_string"}}],"inLanguage":"it-IT"}]}},"_links":{"self":[{"href":"https:\/\/www.accuratereviews.com\/it\/wp-json\/wp\/v2\/pages\/19013","targetHints":{"allow":["GET"]}}],"collection":[{"href":"https:\/\/www.accuratereviews.com\/it\/wp-json\/wp\/v2\/pages"}],"about":[{"href":"https:\/\/www.accuratereviews.com\/it\/wp-json\/wp\/v2\/types\/page"}],"author":[{"embeddable":true,"href":"https:\/\/www.accuratereviews.com\/it\/wp-json\/wp\/v2\/users\/19"}],"replies":[{"embeddable":true,"href":"https:\/\/www.accuratereviews.com\/it\/wp-json\/wp\/v2\/comments?post=19013"}],"version-history":[{"count":15,"href":"https:\/\/www.accuratereviews.com\/it\/wp-json\/wp\/v2\/pages\/19013\/revisions"}],"predecessor-version":[{"id":33884,"href":"https:\/\/www.accuratereviews.com\/it\/wp-json\/wp\/v2\/pages\/19013\/revisions\/33884"}],"up":[{"embeddable":true,"href":"https:\/\/www.accuratereviews.com\/it\/wp-json\/wp\/v2\/pages\/8333"}],"wp:featuredmedia":[{"embeddable":true,"href":"https:\/\/www.accuratereviews.com\/it\/wp-json\/wp\/v2\/media\/19048"}],"wp:attachment":[{"href":"https:\/\/www.accuratereviews.com\/it\/wp-json\/wp\/v2\/media?parent=19013"}],"wp:term":[{"taxonomy":"category","embeddable":true,"href":"https:\/\/www.accuratereviews.com\/it\/wp-json\/wp\/v2\/categories?post=19013"},{"taxonomy":"post_tag","embeddable":true,"href":"https:\/\/www.accuratereviews.com\/it\/wp-json\/wp\/v2\/tags?post=19013"},{"taxonomy":"features","embeddable":true,"href":"https:\/\/www.accuratereviews.com\/it\/wp-json\/wp\/v2\/features?post=19013"}],"curies":[{"name":"wp","href":"https:\/\/api.w.org\/{rel}","templated":true}]}}