{"id":19015,"date":"2019-10-10T15:14:18","date_gmt":"2019-10-10T15:14:18","guid":{"rendered":"https:\/\/www.accuratereviews.com\/?page_id=19015"},"modified":"2019-10-10T15:14:18","modified_gmt":"2019-10-10T15:14:18","slug":"functionfox-recensione","status":"publish","type":"page","link":"https:\/\/www.accuratereviews.com\/it\/project-management-online-lista-software\/functionfox-recensione\/","title":{"rendered":"FunctionFox"},"content":{"rendered":"<p><strong>FunctionFox<\/strong> \u00e8 una semplice<strong> piattaforma di gestione dei progetti online<\/strong> basata su<strong> cloud<\/strong> creata per professionisti creativi e piccoli team. Offre una soluzione affidabile per passare a un ambiente privo di supporti cartacei e sostituire i fogli di calcolo per tenere traccia dei progetti e dei tempi.\u00a0Questa piattaforma di facile utilizzo ti aiuta a rimanere al passo con l&#8217;intero ciclo di vita del progetto, dall&#8217;ideazione alla consegna e al completamento, con funzionalit\u00e0 come il monitoraggio del tempo, la fatturazione e la quotazione, la gestione del progetto, i report completi, lo scambio di documenti, le scadenze, e stima e monitoraggio del budget. Costruito pensando ai creativi, il software soddisfa le esigenze di team di piccole e medie dimensioni, tra cui liberi professionisti, agenzie e gruppi interni. Ci\u00f2 ti consente di assumere il controllo dei tuoi progetti, comprendere a fondo la tua attivit\u00e0 e aumentare le ore fatturabili. FunctionFox ottimizza anche il modo in cui dipendenti e appaltatori gestiscono le loro schede attivit\u00e0 mentre i gestori accedono al quadro pi\u00f9 ampio di scadenze, budget, stime e incarichi di lavoro.<\/p>\n<h2>FUNCTIONFOX &#8211; TUTORIAL<\/h2>\n<p>Con il tutorial che seguir\u00e0 inseriamo le tue attivit\u00e0 con tariffe orarie per i tuoi clienti e progetti su questo <strong>software di Project Management:<\/strong><\/p>\n<div id=\"fluid-wrapper-counter-1\" class=\"g1-fluid-wrapper \" style=\"width:686px;\">\n<div style=\"padding-bottom:56.268221574344%;\"><iframe loading=\"lazy\" title=\"FunctionFox Training Overview: Tasks\" width=\"686\" height=\"386\" src=\"https:\/\/www.youtube.com\/embed\/uXokK3TXjlc?feature=oembed&amp;wmode=transparent&amp;autohide=1&amp;autoplay=0&amp;disablekb=0&amp;fs=1&amp;loop=0&amp;enablejsapi=1&amp;rel=0&amp;controls=2&amp;showinfo=0&amp;wmode=transparent&amp;autohide=2&amp;autoplay=0&amp;disablekb=0&amp;fs=1&amp;loop=0&amp;enablejsapi=1&amp;rel=0&amp;controls=2&amp;showinfo=1\" frameborder=\"0\" allow=\"accelerometer; autoplay; encrypted-media; gyroscope; picture-in-picture\" allowfullscreen><\/iframe><\/div>\n<\/div>\n<h3>FUNCTIONFOX &#8211; CARATTERISTICHE<\/h3>\n<ul>\n<li><strong>Assistenza clienti e onboarding<\/strong>: Il supporto \u00e8 il migliore del settore i collaboratori conoscono a fondo il prodotto e sono in grado di rispondere a domande e risolvere rapidamente qualsiasi sfida<\/li>\n<li><strong>Preferenze e personalizzazione dell&#8217;account<\/strong>: imposta il programma come preferisci, personalizzandolo in modo che si adatti a te. Flessibile, campi personalizzati e opzioni di stato, la curva di apprendimento \u00e8 veloce e semplice<\/li>\n<li><strong>Timesheets con cronometro<\/strong>: le schede attivit\u00e0 sono facili da completare: vengono visualizzati solo i client, i progetti e le attivit\u00e0 necessari e un timer con cronometro garantisce la precisione<\/li>\n<li><strong>Tracciamento del progetto<\/strong>: prendi il controllo di tutti i dettagli. Tieni traccia dei budget e delle stime, dello stato e della produttivit\u00e0 o visualizza tutto, clienti, progetti, spese, produttivit\u00e0 e campi personalizzati a colpo d&#8217;occhio<\/li>\n<li><strong>Modelli di progetto<\/strong>: replica rapidamente i progetti di successo passati con i modelli presenti. Ogni stima di un progetto simile sar\u00e0 pi\u00f9 accurata e far\u00e0 risparmiare tempo e denaro.<\/li>\n<\/ul>\n<h4>LE RECENSIONI DEGLI UTENTI<\/h4>\n<h4>Brenda R. &#8220;FunctionFox per architetti&#8221;<\/h4>\n<p><strong>Commenti<\/strong>: La mia fatturazione \u00e8 generalmente a ore, quindi la funzione &#8220;timer&#8221; \u00e8 estremamente utile quando si lavora su pi\u00f9 progetti in un giorno. Mi piace anche poter impostare promemoria via email se dimentico di compilare la mia scheda attivit\u00e0.<\/p>\n<p><strong>Vantaggi<\/strong>: ho un piccolo ma crescente studio di architettura. Ho provato diversi programmi di gestione dei progetti, cronometraggio e contabilit\u00e0 prima di trovare FunctionFox. Lo uso da poco pi\u00f9 di un anno. Mi permette di fare tutto in un unico posto, dalla stima del lavoro alla fatturazione. La caratteristica pi\u00f9 importante che stavo cercando, e che avevo difficolt\u00e0 a trovare altrove, era una funzione di &#8220;disponibilit\u00e0 delle risorse&#8221;, che mi avrebbe impedito di programmare me stesso o i miei dipendenti per 180 ore settimanali. FunctionFox ha decisamente migliorato le mie capacit\u00e0 organizzative con le sue liste di cose da fare e rapporti sui progressi. Il servizio clienti \u00e8 stato eccellente e l&#8217;interfaccia \u00e8 facile da usare e organizzata in modo chiaro. Lo consiglio a qualsiasi azienda, ma soprattutto a piccole start up.<\/p>\n<p><strong>Inconvenienti<\/strong>: sto ancora aspettando i grafici di Gantt. Quindi penso che sar\u00e0 perfetto. Sono ampiamente utilizzati nella pianificazione delle costruzioni e mi piacerebbe avere lo stesso formato durante la pianificazione del progetto.<\/p>\n<h4>Carter F. &#8220;Tracciamento temporale professionale in un&#8217;app semplice&#8221;<\/h4>\n<p><strong>Commenti<\/strong>: FunctionFox \u00e8 un ottimo strumento per il monitoraggio del tempo. Ti consente di avere diversi utenti che tengono traccia del tempo in progetti e attivit\u00e0, in modo da poter vedere come il tuo team sta usando il loro tempo. Dal punto di vista dell&#8217;agenzia, ci ha permesso di rendere conto con precisione del nostro tempo con i clienti e di valutare realisticamente i nostri servizi. Aveva limiti di integrazione e non era flessibile come avevamo bisogno, ma per molti \u00e8 probabilmente lo strumento giusto.<\/p>\n<p><strong>Vantaggi<\/strong>: FunctionFox ti consente di impostare diversi account e progetti all&#8217;interno di tali account per aiutarti a separare il tuo tempo in attivit\u00e0 e elementi di tua scelta. Per un&#8217;agenzia di marketing, questo tipo di strumento \u00e8 essenziale. Funzione Fox offre un sistema abbastanza facile da usare con diverse funzionalit\u00e0 per rendere la tua esperienza di tracciamento del tempo pi\u00f9 semplice e accurata.<\/p>\n<p><strong>Inconvenienti<\/strong>: alla fine ci siamo allontanati da FunctionFox perch\u00e9 non era in grado di integrarsi nel nostro software di fatturazione. Avevamo anche bisogno di uno strumento che fosse doppio come task manager.<\/p>\n<h4>James D. &#8220;Adoro la funzione di assegnazione delle attivit\u00e0.&#8221;<\/h4>\n<p><strong>Commenti<\/strong>: Adoriamo le funzionalit\u00e0 di FunctionFox. Il programma ha funzionato alla perfezione da quando l&#8217;abbiamo ricevuto e, in rare occasioni, ci siamo bloccati su una funzione, il loro personale era molto ben informato e disponibile.<\/p>\n<p><strong>Vantaggi<\/strong>: la cosa migliore di questo programma \u00e8 che puoi assegnare compiti ai singoli dipendenti. Ci\u00f2 consente un migliore monitoraggio dei tempi del progetto e l&#8217;app mobile ti d\u00e0 la possibilit\u00e0 di farlo anche se non sei in ufficio. La possibilit\u00e0 di creare un numero illimitato di clienti e progetti \u00e8 un vantaggio ancora maggiore. Anche l&#8217;invio tramite email delle attivit\u00e0 aiuta notevolmente nella gestione del tempo.<\/p>\n<p><strong>Inconvenienti<\/strong>: poich\u00e9 ne avevamo bisogno solo per il monitoraggio del tempo, non abbiamo riscontrato nulla di negativo da dire su questo progetto. Ci sono pi\u00f9 funzioni di cui non abbiamo bisogno, quindi forse il rivestimento sottile del programma sarebbe utile per renderlo pi\u00f9 elegante.<\/p>\n","protected":false},"excerpt":{"rendered":"<p>FunctionFox \u00e8 una semplice piattaforma di gestione dei progetti online basata su cloud creata per professionisti creativi e piccoli team. Offre una soluzione affidabile per passare a un ambiente privo di supporti cartacei e sostituire i fogli di calcolo per tenere traccia dei progetti e dei tempi.\u00a0<\/p>\n","protected":false},"author":19,"featured_media":19020,"parent":8333,"menu_order":0,"comment_status":"open","ping_status":"closed","template":"g1_template_page_review_new.php","meta":{"_acf_changed":false,"cwp_meta_box_check":"No","cwp_rev_product_name":"","cwp_rev_product_image":"","wppr_links":[],"cwp_rev_price":"","wppr_options":[],"wppr_pros":[],"wppr_cons":[],"_monsterinsights_skip_tracking":false,"_monsterinsights_sitenote_active":false,"_monsterinsights_sitenote_note":"","_monsterinsights_sitenote_category":0,"footnotes":""},"categories":[172],"tags":[396,1368,1324,1337,1310,1311,1309,1326,1320],"features":[],"class_list":{"0":"post-19015","1":"page","2":"type-page","3":"status-publish","4":"has-post-thumbnail","6":"category-online-project-management-it","7":"tag-cloud","8":"tag-functionfox","9":"tag-gestione-dei-progetti","10":"tag-programma-gestione-dei-progetti","11":"tag-programma-project-management","12":"tag-software-gestione-dei-progetti","13":"tag-software-project-management","14":"tag-soluzione-gestione-dei-progetti","15":"tag-soluzione-project-management"},"wppr_data":{"cwp_meta_box_check":"No"},"acf":[],"yoast_head":"<!-- This site is optimized with the Yoast SEO plugin v27.4 - https:\/\/yoast.com\/product\/yoast-seo-wordpress\/ -->\n<title>FunctionFox: recensione software Project Management -Accurate Reviews<\/title>\n<meta name=\"description\" content=\"FunctionFox: recensione piattaforma di gestione dei progetti online basata su cloud creata per professionisti creativi e piccoli team.\" \/>\n<meta name=\"robots\" content=\"index, follow, max-snippet:-1, max-image-preview:large, max-video-preview:-1\" \/>\n<link rel=\"canonical\" href=\"https:\/\/www.accuratereviews.com\/it\/project-management-online-lista-software\/functionfox-recensione\/\" \/>\n<meta property=\"og:locale\" content=\"it_IT\" \/>\n<meta property=\"og:type\" content=\"article\" \/>\n<meta property=\"og:title\" content=\"FunctionFox: recensione software Project Management -Accurate Reviews\" \/>\n<meta property=\"og:description\" content=\"FunctionFox: recensione piattaforma di gestione dei progetti online basata su cloud creata per professionisti creativi e piccoli team.\" \/>\n<meta property=\"og:url\" content=\"https:\/\/www.accuratereviews.com\/it\/project-management-online-lista-software\/functionfox-recensione\/\" \/>\n<meta property=\"og:site_name\" content=\"Accurate Reviews\" \/>\n<meta property=\"og:image\" content=\"https:\/\/www.accuratereviews.com\/wp-content\/uploads\/2019\/10\/functionfox-2.jpg\" \/>\n\t<meta property=\"og:image:width\" content=\"400\" \/>\n\t<meta property=\"og:image:height\" content=\"400\" \/>\n\t<meta property=\"og:image:type\" content=\"image\/jpeg\" \/>\n<meta name=\"twitter:card\" content=\"summary_large_image\" \/>\n<meta name=\"twitter:label1\" content=\"Tempo di lettura stimato\" \/>\n\t<meta name=\"twitter:data1\" content=\"5 minuti\" \/>\n<script type=\"application\/ld+json\" class=\"yoast-schema-graph\">{\"@context\":\"https:\\\/\\\/schema.org\",\"@graph\":[{\"@type\":\"WebPage\",\"@id\":\"https:\\\/\\\/www.accuratereviews.com\\\/it\\\/project-management-online-lista-software\\\/functionfox-recensione\\\/\",\"url\":\"https:\\\/\\\/www.accuratereviews.com\\\/it\\\/project-management-online-lista-software\\\/functionfox-recensione\\\/\",\"name\":\"FunctionFox: recensione software Project Management -Accurate Reviews\",\"isPartOf\":{\"@id\":\"https:\\\/\\\/www.accuratereviews.com\\\/it\\\/#website\"},\"primaryImageOfPage\":{\"@id\":\"https:\\\/\\\/www.accuratereviews.com\\\/it\\\/project-management-online-lista-software\\\/functionfox-recensione\\\/#primaryimage\"},\"image\":{\"@id\":\"https:\\\/\\\/www.accuratereviews.com\\\/it\\\/project-management-online-lista-software\\\/functionfox-recensione\\\/#primaryimage\"},\"thumbnailUrl\":\"https:\\\/\\\/www.accuratereviews.com\\\/wp-content\\\/uploads\\\/2019\\\/10\\\/functionfox-2.jpg\",\"datePublished\":\"2019-10-10T15:14:18+00:00\",\"description\":\"FunctionFox: recensione piattaforma di gestione dei progetti online basata su cloud creata per professionisti creativi e piccoli team.\",\"breadcrumb\":{\"@id\":\"https:\\\/\\\/www.accuratereviews.com\\\/it\\\/project-management-online-lista-software\\\/functionfox-recensione\\\/#breadcrumb\"},\"inLanguage\":\"it-IT\",\"potentialAction\":[{\"@type\":\"ReadAction\",\"target\":[\"https:\\\/\\\/www.accuratereviews.com\\\/it\\\/project-management-online-lista-software\\\/functionfox-recensione\\\/\"]}]},{\"@type\":\"ImageObject\",\"inLanguage\":\"it-IT\",\"@id\":\"https:\\\/\\\/www.accuratereviews.com\\\/it\\\/project-management-online-lista-software\\\/functionfox-recensione\\\/#primaryimage\",\"url\":\"https:\\\/\\\/www.accuratereviews.com\\\/wp-content\\\/uploads\\\/2019\\\/10\\\/functionfox-2.jpg\",\"contentUrl\":\"https:\\\/\\\/www.accuratereviews.com\\\/wp-content\\\/uploads\\\/2019\\\/10\\\/functionfox-2.jpg\",\"width\":400,\"height\":400},{\"@type\":\"BreadcrumbList\",\"@id\":\"https:\\\/\\\/www.accuratereviews.com\\\/it\\\/project-management-online-lista-software\\\/functionfox-recensione\\\/#breadcrumb\",\"itemListElement\":[{\"@type\":\"ListItem\",\"position\":1,\"name\":\"Home\",\"item\":\"https:\\\/\\\/www.accuratereviews.com\\\/it\\\/\"},{\"@type\":\"ListItem\",\"position\":2,\"name\":\"Project Management Online\",\"item\":\"https:\\\/\\\/www.accuratereviews.com\\\/it\\\/project-management-online-lista-software\\\/\"},{\"@type\":\"ListItem\",\"position\":3,\"name\":\"FunctionFox\"}]},{\"@type\":\"WebSite\",\"@id\":\"https:\\\/\\\/www.accuratereviews.com\\\/it\\\/#website\",\"url\":\"https:\\\/\\\/www.accuratereviews.com\\\/it\\\/\",\"name\":\"Accurate Reviews\",\"description\":\"\",\"potentialAction\":[{\"@type\":\"SearchAction\",\"target\":{\"@type\":\"EntryPoint\",\"urlTemplate\":\"https:\\\/\\\/www.accuratereviews.com\\\/it\\\/?s={search_term_string}\"},\"query-input\":{\"@type\":\"PropertyValueSpecification\",\"valueRequired\":true,\"valueName\":\"search_term_string\"}}],\"inLanguage\":\"it-IT\"}]}<\/script>\n<!-- \/ Yoast SEO plugin. -->","yoast_head_json":{"title":"FunctionFox: recensione software Project Management -Accurate Reviews","description":"FunctionFox: recensione piattaforma di gestione dei progetti online basata su cloud creata per professionisti creativi e piccoli team.","robots":{"index":"index","follow":"follow","max-snippet":"max-snippet:-1","max-image-preview":"max-image-preview:large","max-video-preview":"max-video-preview:-1"},"canonical":"https:\/\/www.accuratereviews.com\/it\/project-management-online-lista-software\/functionfox-recensione\/","og_locale":"it_IT","og_type":"article","og_title":"FunctionFox: recensione software Project Management -Accurate Reviews","og_description":"FunctionFox: recensione piattaforma di gestione dei progetti online basata su cloud creata per professionisti creativi e piccoli team.","og_url":"https:\/\/www.accuratereviews.com\/it\/project-management-online-lista-software\/functionfox-recensione\/","og_site_name":"Accurate Reviews","og_image":[{"width":400,"height":400,"url":"https:\/\/www.accuratereviews.com\/wp-content\/uploads\/2019\/10\/functionfox-2.jpg","type":"image\/jpeg"}],"twitter_card":"summary_large_image","twitter_misc":{"Tempo di lettura stimato":"5 minuti"},"schema":{"@context":"https:\/\/schema.org","@graph":[{"@type":"WebPage","@id":"https:\/\/www.accuratereviews.com\/it\/project-management-online-lista-software\/functionfox-recensione\/","url":"https:\/\/www.accuratereviews.com\/it\/project-management-online-lista-software\/functionfox-recensione\/","name":"FunctionFox: recensione software Project Management -Accurate Reviews","isPartOf":{"@id":"https:\/\/www.accuratereviews.com\/it\/#website"},"primaryImageOfPage":{"@id":"https:\/\/www.accuratereviews.com\/it\/project-management-online-lista-software\/functionfox-recensione\/#primaryimage"},"image":{"@id":"https:\/\/www.accuratereviews.com\/it\/project-management-online-lista-software\/functionfox-recensione\/#primaryimage"},"thumbnailUrl":"https:\/\/www.accuratereviews.com\/wp-content\/uploads\/2019\/10\/functionfox-2.jpg","datePublished":"2019-10-10T15:14:18+00:00","description":"FunctionFox: recensione piattaforma di gestione dei progetti online basata su cloud creata per professionisti creativi e piccoli team.","breadcrumb":{"@id":"https:\/\/www.accuratereviews.com\/it\/project-management-online-lista-software\/functionfox-recensione\/#breadcrumb"},"inLanguage":"it-IT","potentialAction":[{"@type":"ReadAction","target":["https:\/\/www.accuratereviews.com\/it\/project-management-online-lista-software\/functionfox-recensione\/"]}]},{"@type":"ImageObject","inLanguage":"it-IT","@id":"https:\/\/www.accuratereviews.com\/it\/project-management-online-lista-software\/functionfox-recensione\/#primaryimage","url":"https:\/\/www.accuratereviews.com\/wp-content\/uploads\/2019\/10\/functionfox-2.jpg","contentUrl":"https:\/\/www.accuratereviews.com\/wp-content\/uploads\/2019\/10\/functionfox-2.jpg","width":400,"height":400},{"@type":"BreadcrumbList","@id":"https:\/\/www.accuratereviews.com\/it\/project-management-online-lista-software\/functionfox-recensione\/#breadcrumb","itemListElement":[{"@type":"ListItem","position":1,"name":"Home","item":"https:\/\/www.accuratereviews.com\/it\/"},{"@type":"ListItem","position":2,"name":"Project Management Online","item":"https:\/\/www.accuratereviews.com\/it\/project-management-online-lista-software\/"},{"@type":"ListItem","position":3,"name":"FunctionFox"}]},{"@type":"WebSite","@id":"https:\/\/www.accuratereviews.com\/it\/#website","url":"https:\/\/www.accuratereviews.com\/it\/","name":"Accurate Reviews","description":"","potentialAction":[{"@type":"SearchAction","target":{"@type":"EntryPoint","urlTemplate":"https:\/\/www.accuratereviews.com\/it\/?s={search_term_string}"},"query-input":{"@type":"PropertyValueSpecification","valueRequired":true,"valueName":"search_term_string"}}],"inLanguage":"it-IT"}]}},"_links":{"self":[{"href":"https:\/\/www.accuratereviews.com\/it\/wp-json\/wp\/v2\/pages\/19015","targetHints":{"allow":["GET"]}}],"collection":[{"href":"https:\/\/www.accuratereviews.com\/it\/wp-json\/wp\/v2\/pages"}],"about":[{"href":"https:\/\/www.accuratereviews.com\/it\/wp-json\/wp\/v2\/types\/page"}],"author":[{"embeddable":true,"href":"https:\/\/www.accuratereviews.com\/it\/wp-json\/wp\/v2\/users\/19"}],"replies":[{"embeddable":true,"href":"https:\/\/www.accuratereviews.com\/it\/wp-json\/wp\/v2\/comments?post=19015"}],"version-history":[{"count":9,"href":"https:\/\/www.accuratereviews.com\/it\/wp-json\/wp\/v2\/pages\/19015\/revisions"}],"predecessor-version":[{"id":19066,"href":"https:\/\/www.accuratereviews.com\/it\/wp-json\/wp\/v2\/pages\/19015\/revisions\/19066"}],"up":[{"embeddable":true,"href":"https:\/\/www.accuratereviews.com\/it\/wp-json\/wp\/v2\/pages\/8333"}],"wp:featuredmedia":[{"embeddable":true,"href":"https:\/\/www.accuratereviews.com\/it\/wp-json\/wp\/v2\/media\/19020"}],"wp:attachment":[{"href":"https:\/\/www.accuratereviews.com\/it\/wp-json\/wp\/v2\/media?parent=19015"}],"wp:term":[{"taxonomy":"category","embeddable":true,"href":"https:\/\/www.accuratereviews.com\/it\/wp-json\/wp\/v2\/categories?post=19015"},{"taxonomy":"post_tag","embeddable":true,"href":"https:\/\/www.accuratereviews.com\/it\/wp-json\/wp\/v2\/tags?post=19015"},{"taxonomy":"features","embeddable":true,"href":"https:\/\/www.accuratereviews.com\/it\/wp-json\/wp\/v2\/features?post=19015"}],"curies":[{"name":"wp","href":"https:\/\/api.w.org\/{rel}","templated":true}]}}