{"id":19026,"date":"2019-10-10T15:12:36","date_gmt":"2019-10-10T15:12:36","guid":{"rendered":"https:\/\/www.accuratereviews.com\/?page_id=19026"},"modified":"2020-12-16T11:36:05","modified_gmt":"2020-12-16T11:36:05","slug":"ganttpro-recensione","status":"publish","type":"page","link":"https:\/\/www.accuratereviews.com\/it\/project-management-online-lista-software\/ganttpro-recensione\/","title":{"rendered":"GanttPRO"},"content":{"rendered":"<p><strong>GanttPRO<\/strong> \u00e8 una piattaforma online utilizzata per semplificare la<strong> gestione dei progetti<\/strong> da oltre 350.000 utenti provenienti da ogni parte del mondo. Si tratta di un software ideato principalmente per tutte le agenzie, start-up, aziende di qualsiasi settore e <strong>project manager<\/strong> che lavorano su pi\u00f9 progetti individualmente o in team. Grazie ai suoi precisi e utili <strong>diagrammi di Gantt<\/strong>, consente di coinvolgere i membri del team nella collaborazione, condivisione e nell&#8217;aumentare la produttivit\u00e0. Tutto questo succede perch\u00e9 si riesce a <strong>ottimizzare il flusso di lavoro<\/strong> tenendo conto del carico di lavoro di tutti i componenti del gruppo. Dispone inoltre di un&#8217;interfaccia utente intuitiva e dal design piacevoli che ti permette di iniziare subito a lavorare.<\/p>\n<h2>COME UTILIZZARE GANTTPRO &#8211; TUTORIAL<\/h2>\n<p>Diamo uno sguardo a questo video per comprendere qualcosa di pi\u00f9 di questo programma:<\/p>\n<div id=\"fluid-wrapper-counter-1\" class=\"g1-fluid-wrapper \" style=\"width:686px;\">\n<div style=\"padding-bottom:56.268221574344%;\"><iframe loading=\"lazy\" title=\"Gantt Chart Software - GanttPRO (Overview)\" width=\"686\" height=\"386\" src=\"https:\/\/www.youtube.com\/embed\/hDvRdboEPiY?feature=oembed&amp;wmode=transparent&amp;autohide=1&amp;autoplay=0&amp;disablekb=0&amp;fs=1&amp;loop=0&amp;enablejsapi=1&amp;rel=0&amp;controls=2&amp;showinfo=0&amp;wmode=transparent&amp;autohide=2&amp;autoplay=0&amp;disablekb=0&amp;fs=1&amp;loop=0&amp;enablejsapi=1&amp;rel=0&amp;controls=2&amp;showinfo=1\" frameborder=\"0\" allow=\"accelerometer; autoplay; clipboard-write; encrypted-media; gyroscope; picture-in-picture\" allowfullscreen><\/iframe><\/div>\n<\/div>\n<h3>GANTTTPRO &#8211; CARATTERISTICHE<\/h3>\n<p>Ecco le sue principali caratteristiche:<\/p>\n<ul>\n<li><strong>Ottimizzazione del lavoro<\/strong>: controlla il carico di lavoro del tuo team e assicurati che qualcuno nella tua azienda abbia prestazioni insufficienti o, viceversa, abbia troppe attivit\u00e0. Fornisci dei compiti significativi\u00a0ai membri del team in base al loro carico di lavoro cos\u00ec da mantenerli motivati<\/li>\n<li><strong>Giorni lavorativi personalizzati<\/strong>: personalizza i tuoi progetti impostando giorni lavorativi e giorni di riposo personali per te e il tuo team. GanttPRO calcoler\u00e0 automaticamente la durata del progetto in base al calendario aziendale<\/li>\n<li><strong>Commenti e allegati<\/strong>: collabora con il tuo team, commenta le attivit\u00e0 e allega i file cos\u00ec da comunicare pi\u00f9 facilmente con i colleghi<\/li>\n<li><strong>Notifiche<\/strong>: grazie alle notifiche in tempo reale, verr\u00e0 avvisato costantemente di ogni cosa cos\u00ec da non perderti nulla<\/li>\n<li><strong>Pianificazione automatica e percorso critico<\/strong>: grazie alla funzione di Auto Scheduling, non devi preoccuparti se ci sono cambiamenti nelle date e nei tempi delle tue attivit\u00e0 poich\u00e9 verra ricalcolato tutto automaticamente<\/li>\n<li><strong>Condivisione ed esportazione<\/strong>: mostra subito il tuo progetto condividendolo con chiunque utilizzi un URL pubblico segreto e fornisca i diritti per visualizzare e accedere al tuo piano. Esporta il file nei formati pi\u00f9 popolari come PDF, PNG, XLSX e XML<\/li>\n<li><strong>Registrazione dei tempi<\/strong>: registra il tempo effettivo impiegato in attivit\u00e0 e tappe fondamentali e, se necessario, lascia commenti<\/li>\n<li><strong>Report<\/strong>: i proprietari e gli amministratori possono creare report con l&#8217;ora registrata dai membri del loro team.I report contengono dettagli su attivit\u00e0, progetti, utenti, data, ora e commenti. Queste informazioni possono essere raggruppate, filtrate e persino esportate in Excel.<\/li>\n<\/ul>\n<h3>LE RECENSIONI DEGLI UTENTI<\/h3>\n<ul>\n<li><strong>&#8220;Finalmente un software di diagramma di Gantt che vale la pena usare!&#8221;<\/strong><br \/>\nPRO: la funzione di visualizzazione ed esportazione \u00e8 molto utile quando devi condividere le informazioni con qualcuno al di fuori della tua organizzazione. La possibilit\u00e0 di condividere grafici e organizzare gli utenti per accesso e controllo specifici \u00e8 molto utile.<br \/>\nCONTRO: quando si stampano i grafici su carta, i livelli rientrati delle pietre miliari e delle attivit\u00e0 sono tutti allineati a sinistra e rende difficile distinguere le pietre miliari.<\/li>\n<li><strong>&#8220;Mezzo anno di risparmio sul progetto e agilit\u00e0 per poche commissioni&#8221;<\/strong><br \/>\nIN GENERALE: risparmio di tempo e risultati di planata veloce condivisibili per tutti gli stakeholder e DevTeam<br \/>\nPRO: avvio facile senza preparazione e installazione pesante, senza alcuna spesa di risorse!<br \/>\nTutto online e condivisibile per tutto il team e il cliente! L&#8217;integrazione con il software Jira rende accessibili la pianificazione del progetto e il monitoraggio delle attivit\u00e0. Posso eseguire il progetto e stimare il futuro di tutte le funzionalit\u00e0, non solo nella piccola finestra del pannello di controllo Sprint.<br \/>\nCONTRO: non \u00e8 facile parlare dei problemi di un ottimo prodotto, ma sarei felice di introdurre pi\u00f9 supporto per i tasti di scelta rapida da tastiera.<\/li>\n<li><strong>&#8220;Facile da usare&#8221;<\/strong><br \/>\nIN GENERALE: GanttPro \u00e8 davvero un grande! Mi aiuta a ottenere pi\u00f9 di quanto mi aspettassi.<br \/>\nPRO: hai la possibilit\u00e0 di aggiungere, eliminare e spostare elementi in modo naturale e ti d\u00e0 un ottimo tipo di dipendenze. \u00c8 facile da trascinare e rilasciare e riorganizzare graficamente. \u00c8 molto conveniente e persino pi\u00f9 veloce dei prodotti di tipo Excel.<br \/>\nCONTRO: Quando si tenta di stampare i grafici su carta \u00e8 un&#8217;offerta difficile quando si creano dipendenze, le attivit\u00e0 vengono collegate, le pietre miliari sono difficili da distinguere.<\/li>\n<\/ul>\n","protected":false},"excerpt":{"rendered":"<p>GanttPRO \u00e8 una piattaforma online utilizzata per semplificare la gestione dei progetti da oltre 350.000 utenti provenienti da ogni parte del mondo. Si tratta di un software ideato principalmente per tutte le agenzie, start-up, aziende di qualsiasi settore e project manager che lavorano su pi\u00f9 progetti individualmente o in team.<\/p>\n","protected":false},"author":17,"featured_media":19027,"parent":8333,"menu_order":0,"comment_status":"open","ping_status":"closed","template":"g1_template_page_review_new.php","meta":{"_acf_changed":false,"cwp_meta_box_check":"Yes","cwp_rev_product_name":"","cwp_rev_product_image":"","wppr_links":[],"cwp_rev_price":"","wppr_options":[],"wppr_pros":[],"wppr_cons":[],"_monsterinsights_skip_tracking":false,"_monsterinsights_sitenote_active":false,"_monsterinsights_sitenote_note":"","_monsterinsights_sitenote_category":0,"footnotes":""},"categories":[172],"tags":[1324,1316,1310,1314],"features":[],"class_list":{"0":"post-19026","1":"page","2":"type-page","3":"status-publish","4":"has-post-thumbnail","6":"category-online-project-management-it","7":"tag-gestione-dei-progetti","8":"tag-online-project-management","9":"tag-programma-project-management","10":"tag-project-management-software"},"wppr_data":{"cwp_meta_box_check":"Yes","cwp_rev_product_name":"","cwp_rev_product_image":"","cwp_image_link":"image","cwp_rev_price":"","wppr_rating":"0.00"},"acf":[],"yoast_head":"<!-- This site is optimized with the Yoast SEO plugin v27.4 - https:\/\/yoast.com\/product\/yoast-seo-wordpress\/ -->\n<title>GanttPRO: recensione project management software - Accurate Reviews<\/title>\n<meta name=\"description\" content=\"GanttPR: recensione della piattaforma online utilizzata per semplificare la gestione dei progetti da oltre 350.000 utenti provenienti da tutto il mondo.\" \/>\n<meta name=\"robots\" content=\"index, follow, max-snippet:-1, max-image-preview:large, max-video-preview:-1\" \/>\n<link rel=\"canonical\" href=\"https:\/\/www.accuratereviews.com\/it\/project-management-online-lista-software\/ganttpro-recensione\/\" \/>\n<meta property=\"og:locale\" content=\"it_IT\" \/>\n<meta property=\"og:type\" content=\"article\" \/>\n<meta property=\"og:title\" content=\"GanttPRO: recensione project management software - Accurate Reviews\" \/>\n<meta property=\"og:description\" content=\"GanttPR: recensione della piattaforma online utilizzata per semplificare la gestione dei progetti da oltre 350.000 utenti provenienti da tutto il mondo.\" \/>\n<meta property=\"og:url\" content=\"https:\/\/www.accuratereviews.com\/it\/project-management-online-lista-software\/ganttpro-recensione\/\" \/>\n<meta property=\"og:site_name\" content=\"Accurate Reviews\" \/>\n<meta property=\"article:modified_time\" content=\"2020-12-16T11:36:05+00:00\" \/>\n<meta property=\"og:image\" content=\"https:\/\/www.accuratereviews.com\/wp-content\/uploads\/2019\/10\/109361-1503560239-2448692.png\" \/>\n\t<meta property=\"og:image:width\" content=\"1010\" \/>\n\t<meta property=\"og:image:height\" content=\"1010\" \/>\n\t<meta property=\"og:image:type\" content=\"image\/png\" \/>\n<meta name=\"twitter:card\" content=\"summary_large_image\" \/>\n<meta name=\"twitter:label1\" content=\"Tempo di lettura stimato\" \/>\n\t<meta name=\"twitter:data1\" content=\"3 minuti\" \/>\n<script type=\"application\/ld+json\" class=\"yoast-schema-graph\">{\"@context\":\"https:\\\/\\\/schema.org\",\"@graph\":[{\"@type\":\"WebPage\",\"@id\":\"https:\\\/\\\/www.accuratereviews.com\\\/it\\\/project-management-online-lista-software\\\/ganttpro-recensione\\\/\",\"url\":\"https:\\\/\\\/www.accuratereviews.com\\\/it\\\/project-management-online-lista-software\\\/ganttpro-recensione\\\/\",\"name\":\"GanttPRO: recensione project management software - Accurate Reviews\",\"isPartOf\":{\"@id\":\"https:\\\/\\\/www.accuratereviews.com\\\/it\\\/#website\"},\"primaryImageOfPage\":{\"@id\":\"https:\\\/\\\/www.accuratereviews.com\\\/it\\\/project-management-online-lista-software\\\/ganttpro-recensione\\\/#primaryimage\"},\"image\":{\"@id\":\"https:\\\/\\\/www.accuratereviews.com\\\/it\\\/project-management-online-lista-software\\\/ganttpro-recensione\\\/#primaryimage\"},\"thumbnailUrl\":\"https:\\\/\\\/www.accuratereviews.com\\\/wp-content\\\/uploads\\\/2019\\\/10\\\/109361-1503560239-2448692.png\",\"datePublished\":\"2019-10-10T15:12:36+00:00\",\"dateModified\":\"2020-12-16T11:36:05+00:00\",\"description\":\"GanttPR: recensione della piattaforma online utilizzata per semplificare la gestione dei progetti da oltre 350.000 utenti provenienti da tutto il mondo.\",\"breadcrumb\":{\"@id\":\"https:\\\/\\\/www.accuratereviews.com\\\/it\\\/project-management-online-lista-software\\\/ganttpro-recensione\\\/#breadcrumb\"},\"inLanguage\":\"it-IT\",\"potentialAction\":[{\"@type\":\"ReadAction\",\"target\":[\"https:\\\/\\\/www.accuratereviews.com\\\/it\\\/project-management-online-lista-software\\\/ganttpro-recensione\\\/\"]}]},{\"@type\":\"ImageObject\",\"inLanguage\":\"it-IT\",\"@id\":\"https:\\\/\\\/www.accuratereviews.com\\\/it\\\/project-management-online-lista-software\\\/ganttpro-recensione\\\/#primaryimage\",\"url\":\"https:\\\/\\\/www.accuratereviews.com\\\/wp-content\\\/uploads\\\/2019\\\/10\\\/109361-1503560239-2448692.png\",\"contentUrl\":\"https:\\\/\\\/www.accuratereviews.com\\\/wp-content\\\/uploads\\\/2019\\\/10\\\/109361-1503560239-2448692.png\",\"width\":1010,\"height\":1010},{\"@type\":\"BreadcrumbList\",\"@id\":\"https:\\\/\\\/www.accuratereviews.com\\\/it\\\/project-management-online-lista-software\\\/ganttpro-recensione\\\/#breadcrumb\",\"itemListElement\":[{\"@type\":\"ListItem\",\"position\":1,\"name\":\"Home\",\"item\":\"https:\\\/\\\/www.accuratereviews.com\\\/it\\\/\"},{\"@type\":\"ListItem\",\"position\":2,\"name\":\"Project Management Online\",\"item\":\"https:\\\/\\\/www.accuratereviews.com\\\/it\\\/project-management-online-lista-software\\\/\"},{\"@type\":\"ListItem\",\"position\":3,\"name\":\"GanttPRO\"}]},{\"@type\":\"WebSite\",\"@id\":\"https:\\\/\\\/www.accuratereviews.com\\\/it\\\/#website\",\"url\":\"https:\\\/\\\/www.accuratereviews.com\\\/it\\\/\",\"name\":\"Accurate Reviews\",\"description\":\"\",\"potentialAction\":[{\"@type\":\"SearchAction\",\"target\":{\"@type\":\"EntryPoint\",\"urlTemplate\":\"https:\\\/\\\/www.accuratereviews.com\\\/it\\\/?s={search_term_string}\"},\"query-input\":{\"@type\":\"PropertyValueSpecification\",\"valueRequired\":true,\"valueName\":\"search_term_string\"}}],\"inLanguage\":\"it-IT\"}]}<\/script>\n<!-- \/ Yoast SEO plugin. -->","yoast_head_json":{"title":"GanttPRO: recensione project management software - Accurate Reviews","description":"GanttPR: recensione della piattaforma online utilizzata per semplificare la gestione dei progetti da oltre 350.000 utenti provenienti da tutto il mondo.","robots":{"index":"index","follow":"follow","max-snippet":"max-snippet:-1","max-image-preview":"max-image-preview:large","max-video-preview":"max-video-preview:-1"},"canonical":"https:\/\/www.accuratereviews.com\/it\/project-management-online-lista-software\/ganttpro-recensione\/","og_locale":"it_IT","og_type":"article","og_title":"GanttPRO: recensione project management software - Accurate Reviews","og_description":"GanttPR: recensione della piattaforma online utilizzata per semplificare la gestione dei progetti da oltre 350.000 utenti provenienti da tutto il mondo.","og_url":"https:\/\/www.accuratereviews.com\/it\/project-management-online-lista-software\/ganttpro-recensione\/","og_site_name":"Accurate Reviews","article_modified_time":"2020-12-16T11:36:05+00:00","og_image":[{"width":1010,"height":1010,"url":"https:\/\/www.accuratereviews.com\/wp-content\/uploads\/2019\/10\/109361-1503560239-2448692.png","type":"image\/png"}],"twitter_card":"summary_large_image","twitter_misc":{"Tempo di lettura stimato":"3 minuti"},"schema":{"@context":"https:\/\/schema.org","@graph":[{"@type":"WebPage","@id":"https:\/\/www.accuratereviews.com\/it\/project-management-online-lista-software\/ganttpro-recensione\/","url":"https:\/\/www.accuratereviews.com\/it\/project-management-online-lista-software\/ganttpro-recensione\/","name":"GanttPRO: recensione project management software - Accurate Reviews","isPartOf":{"@id":"https:\/\/www.accuratereviews.com\/it\/#website"},"primaryImageOfPage":{"@id":"https:\/\/www.accuratereviews.com\/it\/project-management-online-lista-software\/ganttpro-recensione\/#primaryimage"},"image":{"@id":"https:\/\/www.accuratereviews.com\/it\/project-management-online-lista-software\/ganttpro-recensione\/#primaryimage"},"thumbnailUrl":"https:\/\/www.accuratereviews.com\/wp-content\/uploads\/2019\/10\/109361-1503560239-2448692.png","datePublished":"2019-10-10T15:12:36+00:00","dateModified":"2020-12-16T11:36:05+00:00","description":"GanttPR: recensione della piattaforma online utilizzata per semplificare la gestione dei progetti da oltre 350.000 utenti provenienti da tutto il mondo.","breadcrumb":{"@id":"https:\/\/www.accuratereviews.com\/it\/project-management-online-lista-software\/ganttpro-recensione\/#breadcrumb"},"inLanguage":"it-IT","potentialAction":[{"@type":"ReadAction","target":["https:\/\/www.accuratereviews.com\/it\/project-management-online-lista-software\/ganttpro-recensione\/"]}]},{"@type":"ImageObject","inLanguage":"it-IT","@id":"https:\/\/www.accuratereviews.com\/it\/project-management-online-lista-software\/ganttpro-recensione\/#primaryimage","url":"https:\/\/www.accuratereviews.com\/wp-content\/uploads\/2019\/10\/109361-1503560239-2448692.png","contentUrl":"https:\/\/www.accuratereviews.com\/wp-content\/uploads\/2019\/10\/109361-1503560239-2448692.png","width":1010,"height":1010},{"@type":"BreadcrumbList","@id":"https:\/\/www.accuratereviews.com\/it\/project-management-online-lista-software\/ganttpro-recensione\/#breadcrumb","itemListElement":[{"@type":"ListItem","position":1,"name":"Home","item":"https:\/\/www.accuratereviews.com\/it\/"},{"@type":"ListItem","position":2,"name":"Project Management Online","item":"https:\/\/www.accuratereviews.com\/it\/project-management-online-lista-software\/"},{"@type":"ListItem","position":3,"name":"GanttPRO"}]},{"@type":"WebSite","@id":"https:\/\/www.accuratereviews.com\/it\/#website","url":"https:\/\/www.accuratereviews.com\/it\/","name":"Accurate Reviews","description":"","potentialAction":[{"@type":"SearchAction","target":{"@type":"EntryPoint","urlTemplate":"https:\/\/www.accuratereviews.com\/it\/?s={search_term_string}"},"query-input":{"@type":"PropertyValueSpecification","valueRequired":true,"valueName":"search_term_string"}}],"inLanguage":"it-IT"}]}},"_links":{"self":[{"href":"https:\/\/www.accuratereviews.com\/it\/wp-json\/wp\/v2\/pages\/19026","targetHints":{"allow":["GET"]}}],"collection":[{"href":"https:\/\/www.accuratereviews.com\/it\/wp-json\/wp\/v2\/pages"}],"about":[{"href":"https:\/\/www.accuratereviews.com\/it\/wp-json\/wp\/v2\/types\/page"}],"author":[{"embeddable":true,"href":"https:\/\/www.accuratereviews.com\/it\/wp-json\/wp\/v2\/users\/17"}],"replies":[{"embeddable":true,"href":"https:\/\/www.accuratereviews.com\/it\/wp-json\/wp\/v2\/comments?post=19026"}],"version-history":[{"count":7,"href":"https:\/\/www.accuratereviews.com\/it\/wp-json\/wp\/v2\/pages\/19026\/revisions"}],"predecessor-version":[{"id":33912,"href":"https:\/\/www.accuratereviews.com\/it\/wp-json\/wp\/v2\/pages\/19026\/revisions\/33912"}],"up":[{"embeddable":true,"href":"https:\/\/www.accuratereviews.com\/it\/wp-json\/wp\/v2\/pages\/8333"}],"wp:featuredmedia":[{"embeddable":true,"href":"https:\/\/www.accuratereviews.com\/it\/wp-json\/wp\/v2\/media\/19027"}],"wp:attachment":[{"href":"https:\/\/www.accuratereviews.com\/it\/wp-json\/wp\/v2\/media?parent=19026"}],"wp:term":[{"taxonomy":"category","embeddable":true,"href":"https:\/\/www.accuratereviews.com\/it\/wp-json\/wp\/v2\/categories?post=19026"},{"taxonomy":"post_tag","embeddable":true,"href":"https:\/\/www.accuratereviews.com\/it\/wp-json\/wp\/v2\/tags?post=19026"},{"taxonomy":"features","embeddable":true,"href":"https:\/\/www.accuratereviews.com\/it\/wp-json\/wp\/v2\/features?post=19026"}],"curies":[{"name":"wp","href":"https:\/\/api.w.org\/{rel}","templated":true}]}}