{"id":19068,"date":"2019-10-11T11:59:39","date_gmt":"2019-10-11T11:59:39","guid":{"rendered":"https:\/\/www.accuratereviews.com\/?page_id=19068"},"modified":"2019-10-11T11:59:39","modified_gmt":"2019-10-11T11:59:39","slug":"drag-recensione","status":"publish","type":"page","link":"https:\/\/www.accuratereviews.com\/it\/project-management-online-lista-software\/drag-recensione\/","title":{"rendered":"Drag"},"content":{"rendered":"<p><strong>Drag<\/strong> \u00e8 un <strong>software di project management<\/strong> utilizzato da oltre 30.000 persone e team per una migliore <strong>gestione dei progetti e del flusso di lavoro<\/strong>. Si tratta di una piattaforma online semplice, intuitiva e che si integra perfettamente con <strong>Gmail<\/strong>, permettendoti di accedere alla posta direttamente dall&#8217;applicazione e in ogni momento. Drag \u00e8 quindi un&#8217;ottima soluzione perch\u00e9 elimina il classico passaggio da Gmail ad altri programmi come Trello, Zendesk, Pipedrive includendo gi\u00e0 tutte le funzioni che svolgono questi ultimi. Ti consente infatti di <strong>creare, pianificare e gestire progetti, attivit\u00e0, vendite e collaborare con il tuo team<\/strong>.<\/p>\n<h2>COME FUNZIONA DRAG &#8211; TUTORIAL<\/h2>\n<div id=\"fluid-wrapper-counter-1\" class=\"g1-fluid-wrapper \" style=\"width:686px;\">\n<div style=\"padding-bottom:56.268221574344%;\"><iframe loading=\"lazy\" title=\"DragApp.com | Organize your inbox. Prelaunch demo.\" width=\"686\" height=\"386\" src=\"https:\/\/www.youtube.com\/embed\/crR2SDSRUeM?feature=oembed&amp;wmode=transparent&amp;autohide=1&amp;autoplay=0&amp;disablekb=0&amp;fs=1&amp;loop=0&amp;enablejsapi=1&amp;rel=0&amp;controls=2&amp;showinfo=0&amp;wmode=transparent&amp;autohide=2&amp;autoplay=0&amp;disablekb=0&amp;fs=1&amp;loop=0&amp;enablejsapi=1&amp;rel=0&amp;controls=2&amp;showinfo=1\" frameborder=\"0\" allow=\"accelerometer; autoplay; encrypted-media; gyroscope; picture-in-picture\" allowfullscreen><\/iframe><\/div>\n<\/div>\n<h3>DRAG &#8211; CARATTERISTICHE<\/h3>\n<p>Di seguito le sue principali funzioni:<\/p>\n<ul>\n<li><strong>Posta in arrivo condivisa<\/strong>: l&#8217;integrazione con Gmail permette a tutto il team di ricevere la Posta<\/li>\n<li><strong>Schede multiple<\/strong>: il tuo team pu\u00f2 utilizzare bacheche condivise e caselle di posta condivise come fossero le proprie<\/li>\n<li><strong>Delega e-mail<\/strong>: seleziona semplicemente e-mail o attivit\u00e0 specifiche e consenti ai membri del team di svolgere le attivit\u00e0 per tuo conto<\/li>\n<li><strong>Schede Kanban<\/strong>: organizza meglio il tuo lavoro utilizzando questi strumenti<\/li>\n<li><strong>Assegnazione e-mail<\/strong>: ottieni un lavoro pi\u00f9 veloce assegnando e-mail e attivit\u00e0 ai membri del team meglio posizionati. Puoi vedere, a colpo d&#8217;occhio, chi sta lavorando su cosa<\/li>\n<li><strong>Chat di squadra interna<\/strong>: comunica con il tuo team in uno spazio privato creato appositamente per voi<\/li>\n<li><strong>Note e-mail<\/strong>: aggiungi note a qualsiasi email in modo da avere sempre tutte le informazioni a portata di mano<\/li>\n<li><strong>Scadenze<\/strong>: tieni traccia delle cose aggiungendo una data di scadenza cos\u00ec da avere sempre tutto sotto controllo.<\/li>\n<\/ul>\n<h3>LE RECENSIONI DEGLI UTENTI<\/h3>\n<ul>\n<li><strong>&#8220;La soluzione per la confusione della posta in arrivo&#8221;<\/strong><br \/>\nPRO: Drag \u00e8 intuitivo, facile da usare e, soprattutto, visivo. Tutte le funzionalit\u00e0 necessarie per trasformare il mio torrent di posta elettronica quotidiano in azioni significative. Il primo passo di questo processo \u00e8 organizzare i messaggi in una gerarchia prima di rivedere e assegnare ciascuno di essi. Drag lo fa subito permettendomi di ordinare i miei messaggi per importanza, oggetto, qualunque cosa io voglia. La chiave \u00e8 la visualizzazione chiara.<br \/>\nCONTRO: \u00e8 un ottimo prodotto, ma \u00e8 ancora in fase di sviluppo. Al momento, non sembra ordinare i messaggi in base a criteri, quindi lo sto ancora facendo a mano. Inoltre, la struttura della colonna (che funziona alla grande) pu\u00f2 facilmente allungarsi oltre il tuo schermo immobiliare. Ci\u00f2 significa molto scorrimento laterale. Vorrei poter comprimere le colonne o impilarle per mantenere l&#8217;azione su un singolo schermo. Ma scommetto che faranno tali cambiamenti in futuro.<\/li>\n<li><strong>&#8220;Absolute Time Saver e altro!&#8221;<\/strong><br \/>\nIN GENERALE: ho risparmiato molto tempo con questo software e ho in programma di metterlo in pratica in tutta l&#8217;azienda. Con cos\u00ec tante attivit\u00e0 che sono segmentate o incrementali all&#8217;interno della nostra azienda, questo \u00e8 perfetto per guardare a ci\u00f2 che facciamo da un livello elevato e sapere esattamente cosa deve essere fatto dopo!<br \/>\nPRO: Questo \u00e8 stato di grande aiuto per me durante l&#8217;elaborazione delle fatture di fine mese. Ora che ho la possibilit\u00e0 di utilizzare quante pi\u00f9 righe possibile per mantenermi organizzato, mi sono trovato almeno otto ore libere da questa attivit\u00e0 mensile e sono stato in grado di dedicare pi\u00f9 tempo ad altri elementi importanti.<br \/>\nCONTRO: L&#8217;unica parte di questo software che non mi piace \u00e8 che sarebbe dovuto uscire prima, a parte questo, tutto \u00e8 perfetto e un enorme risparmio di tempo e denaro!<\/li>\n<li><strong>&#8220;Adoro questa app&#8221;<\/strong><br \/>\nIN GENERALE: ho pi\u00f9 indirizzi e-mail che arrivano nella stessa posta in arrivo perch\u00e9 non voglio avere pi\u00f9 account aperti contemporaneamente. Questo prodotto mi aiuta davvero a tenere tutto insieme in modo da poter essere molto pi\u00f9 efficiente con il mio tempo.<br \/>\nPRO: Adoro quello che fa. Posso avere una grande panoramica delle mie attivit\u00e0 e posso nominare le mie colonne come devo nominarle. Sostituisce Gmail per aggiungerli a diverse applicazioni. Il loro supporto clienti \u00e8 INCREDIBILE. Adoro la direzione in cui stanno andando.<br \/>\nCONTRO: Hanno avuto alcuni bug qua e l\u00e0 ma per un nuovo prodotto me lo aspetto.<\/li>\n<\/ul>\n","protected":false},"excerpt":{"rendered":"<p>Drag \u00e8 un software di project management utilizzato da oltre 30.000 persone e team per una migliore gestione dei progetti e del flusso di lavoro. Si tratta di una piattaforma online semplice, intuitiva e che si integra perfettamente con Gmail, permettendoti di accedere alla posta direttamente dall&#8217;applicazione e in ogni momento.<\/p>\n","protected":false},"author":17,"featured_media":19069,"parent":8333,"menu_order":0,"comment_status":"open","ping_status":"closed","template":"g1_template_page_review_new.php","meta":{"_acf_changed":false,"cwp_meta_box_check":"Yes","cwp_rev_product_name":"","cwp_rev_product_image":"","wppr_links":[],"cwp_rev_price":"","wppr_options":[],"wppr_pros":[],"wppr_cons":[],"_monsterinsights_skip_tracking":false,"_monsterinsights_sitenote_active":false,"_monsterinsights_sitenote_note":"","_monsterinsights_sitenote_category":0,"footnotes":""},"categories":[172],"tags":[1324,1316,1310,1314],"features":[],"class_list":{"0":"post-19068","1":"page","2":"type-page","3":"status-publish","4":"has-post-thumbnail","6":"category-online-project-management-it","7":"tag-gestione-dei-progetti","8":"tag-online-project-management","9":"tag-programma-project-management","10":"tag-project-management-software"},"wppr_data":{"cwp_meta_box_check":"Yes","cwp_rev_product_name":"","cwp_rev_product_image":"","cwp_image_link":"image","cwp_rev_price":"","wppr_rating":"0.00"},"acf":[],"yoast_head":"<!-- This site is optimized with the Yoast SEO plugin v27.4 - https:\/\/yoast.com\/product\/yoast-seo-wordpress\/ -->\n<title>Drag: recensione programma project management - Accurate Reviews<\/title>\n<meta name=\"description\" content=\"Drag: recensione del software di project management utilizzato da oltre 30.000 persone e team per una migliore gestione dei progetti e del flusso di lavoro.\" \/>\n<meta name=\"robots\" content=\"index, follow, max-snippet:-1, max-image-preview:large, max-video-preview:-1\" \/>\n<link rel=\"canonical\" href=\"https:\/\/www.accuratereviews.com\/it\/project-management-online-lista-software\/drag-recensione\/\" \/>\n<meta property=\"og:locale\" content=\"it_IT\" \/>\n<meta property=\"og:type\" content=\"article\" \/>\n<meta property=\"og:title\" content=\"Drag: recensione programma project management - Accurate Reviews\" \/>\n<meta property=\"og:description\" content=\"Drag: recensione del software di project management utilizzato da oltre 30.000 persone e team per una migliore gestione dei progetti e del flusso di lavoro.\" \/>\n<meta property=\"og:url\" content=\"https:\/\/www.accuratereviews.com\/it\/project-management-online-lista-software\/drag-recensione\/\" \/>\n<meta property=\"og:site_name\" content=\"Accurate Reviews\" \/>\n<meta property=\"og:image\" content=\"https:\/\/www.accuratereviews.com\/wp-content\/uploads\/2019\/10\/0.png\" \/>\n\t<meta property=\"og:image:width\" content=\"200\" \/>\n\t<meta property=\"og:image:height\" content=\"200\" \/>\n\t<meta property=\"og:image:type\" content=\"image\/png\" \/>\n<meta name=\"twitter:card\" content=\"summary_large_image\" \/>\n<meta name=\"twitter:label1\" content=\"Tempo di lettura stimato\" \/>\n\t<meta name=\"twitter:data1\" content=\"3 minuti\" \/>\n<script type=\"application\/ld+json\" class=\"yoast-schema-graph\">{\"@context\":\"https:\\\/\\\/schema.org\",\"@graph\":[{\"@type\":\"WebPage\",\"@id\":\"https:\\\/\\\/www.accuratereviews.com\\\/it\\\/project-management-online-lista-software\\\/drag-recensione\\\/\",\"url\":\"https:\\\/\\\/www.accuratereviews.com\\\/it\\\/project-management-online-lista-software\\\/drag-recensione\\\/\",\"name\":\"Drag: recensione programma project management - Accurate Reviews\",\"isPartOf\":{\"@id\":\"https:\\\/\\\/www.accuratereviews.com\\\/it\\\/#website\"},\"primaryImageOfPage\":{\"@id\":\"https:\\\/\\\/www.accuratereviews.com\\\/it\\\/project-management-online-lista-software\\\/drag-recensione\\\/#primaryimage\"},\"image\":{\"@id\":\"https:\\\/\\\/www.accuratereviews.com\\\/it\\\/project-management-online-lista-software\\\/drag-recensione\\\/#primaryimage\"},\"thumbnailUrl\":\"https:\\\/\\\/www.accuratereviews.com\\\/wp-content\\\/uploads\\\/2019\\\/10\\\/0.png\",\"datePublished\":\"2019-10-11T11:59:39+00:00\",\"description\":\"Drag: recensione del software di project management utilizzato da oltre 30.000 persone e team per una migliore gestione dei progetti e del flusso di lavoro.\",\"breadcrumb\":{\"@id\":\"https:\\\/\\\/www.accuratereviews.com\\\/it\\\/project-management-online-lista-software\\\/drag-recensione\\\/#breadcrumb\"},\"inLanguage\":\"it-IT\",\"potentialAction\":[{\"@type\":\"ReadAction\",\"target\":[\"https:\\\/\\\/www.accuratereviews.com\\\/it\\\/project-management-online-lista-software\\\/drag-recensione\\\/\"]}]},{\"@type\":\"ImageObject\",\"inLanguage\":\"it-IT\",\"@id\":\"https:\\\/\\\/www.accuratereviews.com\\\/it\\\/project-management-online-lista-software\\\/drag-recensione\\\/#primaryimage\",\"url\":\"https:\\\/\\\/www.accuratereviews.com\\\/wp-content\\\/uploads\\\/2019\\\/10\\\/0.png\",\"contentUrl\":\"https:\\\/\\\/www.accuratereviews.com\\\/wp-content\\\/uploads\\\/2019\\\/10\\\/0.png\",\"width\":200,\"height\":200},{\"@type\":\"BreadcrumbList\",\"@id\":\"https:\\\/\\\/www.accuratereviews.com\\\/it\\\/project-management-online-lista-software\\\/drag-recensione\\\/#breadcrumb\",\"itemListElement\":[{\"@type\":\"ListItem\",\"position\":1,\"name\":\"Home\",\"item\":\"https:\\\/\\\/www.accuratereviews.com\\\/it\\\/\"},{\"@type\":\"ListItem\",\"position\":2,\"name\":\"Project Management Online\",\"item\":\"https:\\\/\\\/www.accuratereviews.com\\\/it\\\/project-management-online-lista-software\\\/\"},{\"@type\":\"ListItem\",\"position\":3,\"name\":\"Drag\"}]},{\"@type\":\"WebSite\",\"@id\":\"https:\\\/\\\/www.accuratereviews.com\\\/it\\\/#website\",\"url\":\"https:\\\/\\\/www.accuratereviews.com\\\/it\\\/\",\"name\":\"Accurate Reviews\",\"description\":\"\",\"potentialAction\":[{\"@type\":\"SearchAction\",\"target\":{\"@type\":\"EntryPoint\",\"urlTemplate\":\"https:\\\/\\\/www.accuratereviews.com\\\/it\\\/?s={search_term_string}\"},\"query-input\":{\"@type\":\"PropertyValueSpecification\",\"valueRequired\":true,\"valueName\":\"search_term_string\"}}],\"inLanguage\":\"it-IT\"}]}<\/script>\n<!-- \/ Yoast SEO plugin. -->","yoast_head_json":{"title":"Drag: recensione programma project management - Accurate Reviews","description":"Drag: recensione del software di project management utilizzato da oltre 30.000 persone e team per una migliore gestione dei progetti e del flusso di lavoro.","robots":{"index":"index","follow":"follow","max-snippet":"max-snippet:-1","max-image-preview":"max-image-preview:large","max-video-preview":"max-video-preview:-1"},"canonical":"https:\/\/www.accuratereviews.com\/it\/project-management-online-lista-software\/drag-recensione\/","og_locale":"it_IT","og_type":"article","og_title":"Drag: recensione programma project management - Accurate Reviews","og_description":"Drag: recensione del software di project management utilizzato da oltre 30.000 persone e team per una migliore gestione dei progetti e del flusso di lavoro.","og_url":"https:\/\/www.accuratereviews.com\/it\/project-management-online-lista-software\/drag-recensione\/","og_site_name":"Accurate Reviews","og_image":[{"width":200,"height":200,"url":"https:\/\/www.accuratereviews.com\/wp-content\/uploads\/2019\/10\/0.png","type":"image\/png"}],"twitter_card":"summary_large_image","twitter_misc":{"Tempo di lettura stimato":"3 minuti"},"schema":{"@context":"https:\/\/schema.org","@graph":[{"@type":"WebPage","@id":"https:\/\/www.accuratereviews.com\/it\/project-management-online-lista-software\/drag-recensione\/","url":"https:\/\/www.accuratereviews.com\/it\/project-management-online-lista-software\/drag-recensione\/","name":"Drag: recensione programma project management - Accurate Reviews","isPartOf":{"@id":"https:\/\/www.accuratereviews.com\/it\/#website"},"primaryImageOfPage":{"@id":"https:\/\/www.accuratereviews.com\/it\/project-management-online-lista-software\/drag-recensione\/#primaryimage"},"image":{"@id":"https:\/\/www.accuratereviews.com\/it\/project-management-online-lista-software\/drag-recensione\/#primaryimage"},"thumbnailUrl":"https:\/\/www.accuratereviews.com\/wp-content\/uploads\/2019\/10\/0.png","datePublished":"2019-10-11T11:59:39+00:00","description":"Drag: recensione del software di project management utilizzato da oltre 30.000 persone e team per una migliore gestione dei progetti e del flusso di lavoro.","breadcrumb":{"@id":"https:\/\/www.accuratereviews.com\/it\/project-management-online-lista-software\/drag-recensione\/#breadcrumb"},"inLanguage":"it-IT","potentialAction":[{"@type":"ReadAction","target":["https:\/\/www.accuratereviews.com\/it\/project-management-online-lista-software\/drag-recensione\/"]}]},{"@type":"ImageObject","inLanguage":"it-IT","@id":"https:\/\/www.accuratereviews.com\/it\/project-management-online-lista-software\/drag-recensione\/#primaryimage","url":"https:\/\/www.accuratereviews.com\/wp-content\/uploads\/2019\/10\/0.png","contentUrl":"https:\/\/www.accuratereviews.com\/wp-content\/uploads\/2019\/10\/0.png","width":200,"height":200},{"@type":"BreadcrumbList","@id":"https:\/\/www.accuratereviews.com\/it\/project-management-online-lista-software\/drag-recensione\/#breadcrumb","itemListElement":[{"@type":"ListItem","position":1,"name":"Home","item":"https:\/\/www.accuratereviews.com\/it\/"},{"@type":"ListItem","position":2,"name":"Project Management Online","item":"https:\/\/www.accuratereviews.com\/it\/project-management-online-lista-software\/"},{"@type":"ListItem","position":3,"name":"Drag"}]},{"@type":"WebSite","@id":"https:\/\/www.accuratereviews.com\/it\/#website","url":"https:\/\/www.accuratereviews.com\/it\/","name":"Accurate Reviews","description":"","potentialAction":[{"@type":"SearchAction","target":{"@type":"EntryPoint","urlTemplate":"https:\/\/www.accuratereviews.com\/it\/?s={search_term_string}"},"query-input":{"@type":"PropertyValueSpecification","valueRequired":true,"valueName":"search_term_string"}}],"inLanguage":"it-IT"}]}},"_links":{"self":[{"href":"https:\/\/www.accuratereviews.com\/it\/wp-json\/wp\/v2\/pages\/19068","targetHints":{"allow":["GET"]}}],"collection":[{"href":"https:\/\/www.accuratereviews.com\/it\/wp-json\/wp\/v2\/pages"}],"about":[{"href":"https:\/\/www.accuratereviews.com\/it\/wp-json\/wp\/v2\/types\/page"}],"author":[{"embeddable":true,"href":"https:\/\/www.accuratereviews.com\/it\/wp-json\/wp\/v2\/users\/17"}],"replies":[{"embeddable":true,"href":"https:\/\/www.accuratereviews.com\/it\/wp-json\/wp\/v2\/comments?post=19068"}],"version-history":[{"count":5,"href":"https:\/\/www.accuratereviews.com\/it\/wp-json\/wp\/v2\/pages\/19068\/revisions"}],"predecessor-version":[{"id":19106,"href":"https:\/\/www.accuratereviews.com\/it\/wp-json\/wp\/v2\/pages\/19068\/revisions\/19106"}],"up":[{"embeddable":true,"href":"https:\/\/www.accuratereviews.com\/it\/wp-json\/wp\/v2\/pages\/8333"}],"wp:featuredmedia":[{"embeddable":true,"href":"https:\/\/www.accuratereviews.com\/it\/wp-json\/wp\/v2\/media\/19069"}],"wp:attachment":[{"href":"https:\/\/www.accuratereviews.com\/it\/wp-json\/wp\/v2\/media?parent=19068"}],"wp:term":[{"taxonomy":"category","embeddable":true,"href":"https:\/\/www.accuratereviews.com\/it\/wp-json\/wp\/v2\/categories?post=19068"},{"taxonomy":"post_tag","embeddable":true,"href":"https:\/\/www.accuratereviews.com\/it\/wp-json\/wp\/v2\/tags?post=19068"},{"taxonomy":"features","embeddable":true,"href":"https:\/\/www.accuratereviews.com\/it\/wp-json\/wp\/v2\/features?post=19068"}],"curies":[{"name":"wp","href":"https:\/\/api.w.org\/{rel}","templated":true}]}}