{"id":19072,"date":"2019-10-11T11:57:49","date_gmt":"2019-10-11T11:57:49","guid":{"rendered":"https:\/\/www.accuratereviews.com\/?page_id=19072"},"modified":"2019-10-11T11:57:49","modified_gmt":"2019-10-11T11:57:49","slug":"workflowmax-recensione","status":"publish","type":"page","link":"https:\/\/www.accuratereviews.com\/it\/project-management-online-lista-software\/workflowmax-recensione\/","title":{"rendered":"WorkflowMax"},"content":{"rendered":"<p><strong>WorkflowMax<\/strong> \u00e8 un <strong>software di gestione progetti<\/strong>\u00a0creato per soddisfare tutte le esigenze di gestione aziendale, tra cui monitoraggio del progetto, schede attivit\u00e0, reportistica, fatturazione, monitoraggio del lavoro ecc. ecc. Pu\u00f2 apportare vantaggi a qualsiasi organizzazione aziendale, con il suo ampio elenco di applicazioni funzionali e strumenti progettati per massimizzare il potenziale di qualsiasi azienda. Acquisito da Xero, <strong>WorkflowMax<\/strong> \u00e8 perfettamente integrato con i software e i sistemi aziendali di <strong>Xero<\/strong>, come il software <strong>Xero Accounting<\/strong>. Questo software \u00e8 scelto da oltre 5.000 aziende e fornitori di servizi.<\/p>\n<h2>WORKFLOWMAX &#8211; TUTORIAL<\/h2>\n<p>Guardiamo insieme questo tutorial per capire meglio come funziona questo potente <strong>programma di Project Management:<\/strong><\/p>\n<div id=\"fluid-wrapper-counter-1\" class=\"g1-fluid-wrapper \" style=\"width:686px;\">\n<div style=\"padding-bottom:56.268221574344%;\"><iframe loading=\"lazy\" title=\"20 Minute Overview of WorkflowMax\" width=\"686\" height=\"386\" src=\"https:\/\/www.youtube.com\/embed\/heeOddkstqA?feature=oembed&amp;wmode=transparent&amp;autohide=1&amp;autoplay=0&amp;disablekb=0&amp;fs=1&amp;loop=0&amp;enablejsapi=1&amp;rel=0&amp;controls=2&amp;showinfo=0&amp;wmode=transparent&amp;autohide=2&amp;autoplay=0&amp;disablekb=0&amp;fs=1&amp;loop=0&amp;enablejsapi=1&amp;rel=0&amp;controls=2&amp;showinfo=1\" frameborder=\"0\" allow=\"accelerometer; autoplay; encrypted-media; gyroscope; picture-in-picture\" allowfullscreen><\/iframe><\/div>\n<\/div>\n<p>&nbsp;<\/p>\n<h3>WORKFLOWMAX &#8211; CARATTERISTICHE<\/h3>\n<ul>\n<li>Tutti gli strumenti aziendali integrati in un unico pacchetto solido e compatto. Ci\u00f2 significa che non \u00e8 necessario avviare applicazioni da pi\u00f9 sistemi, garantendo di lavorare pi\u00f9 velocemente, in modo efficace ed efficiente<\/li>\n<li>Come prodotto SaaS, puoi accedere a WorkflowMax e tutti i dati archiviati facilmente in qualsiasi momento e da qualsiasi luogo<\/li>\n<li>I dati in tempo reale indicano che hai la massima trasparenza e visibilit\u00e0.<\/li>\n<li>Un reporting potente, veloce e accurato significa che puoi raccogliere istantaneamente dati affidabili, analizzarli e fare piani d&#8217;azione intelligenti<\/li>\n<li>\u00c8 di propriet\u00e0 di Xero, il che significa che funziona bene con la lunga serie di software e applicazioni di contabilit\u00e0 e business di Xero.<\/li>\n<\/ul>\n<h4>LE RECENSIONI DEGLI UTENTI<\/h4>\n<h4>Mackenzie M. &#8220;Funzionalit\u00e0 e rapporti&#8221;<\/h4>\n<p><strong>Commenti<\/strong>: Workflow max aiuta a risolvere il problema della fatturazione efficace del tempo lavorato su ciascun cliente. Il flusso di lavoro max ha anche aiutato la nostra azienda in termini di tempo GST: il modo in cui il flusso di lavoro max si integra con Xero rende molto semplice l&#8217;archiviazione dei resi GST con Inland Revenue e consente di tenere facilmente traccia dei resi GST e assicurarsi che tutti i resi siano stati archiviati prima della data di scadenza.<\/p>\n<p><strong>Vantaggi<\/strong>: &#8211; Workflowmax ha la capacit\u00e0 di consentire all&#8217;utente di creare e progettare i propri report, che possono rivelarsi molto utili ai fini della pianificazione del flusso di lavoro. Salva tutto il personale che cerca di navigare attraverso un singolo foglio di calcolo!<br \/>\n&#8211; Questo \u00e8 un programma efficace per registrare le ore del personale, che alloca anche le voci del tempo ai lavori su cui stai lavorando, che aiuta quando arriva il momento di fatturare i clienti.<br \/>\n&#8211; Gli avvisi fiscali sulla dashboard sono un buon modo per ricontrollare le dichiarazioni dei redditi dopo che sono state valutate dall&#8217;IRD, il che \u00e8 un buon promemoria per controllare eventuali dichiarazioni che sono state valutate come diverse in quanto solleva una bandiera rossa e ti fa esaminare esso.<\/p>\n<p><strong>Inconvenienti<\/strong>: il reporting personalizzato pu\u00f2 essere un po &#8216;difficile da esplorare, soprattutto per i nuovi arrivati \u200b\u200bnel sistema.<\/p>\n<h4>Maree M. &#8220;Rapporto qualit\u00e0-prezzo e sistema di gestione dei progetti&#8221;<\/h4>\n<p><strong>Commenti<\/strong>: In qualit\u00e0 di partner di implementazione certificati, abbiamo implementato e formato WorkflowMax per oltre sessanta clienti nel Regno Unito. Le industrie hanno incluso agenzie creative, architetti e ingegneri, ecologi, societ\u00e0 di formazione e societ\u00e0 di consulenza generale.<\/p>\n<p><strong>Vantaggi<\/strong>: WorkflowMax \u00e8 altamente flessibile e ogni cliente tender\u00e0 a usarlo in modo leggermente diverso. Alcune delle cose chiave che piacciono ai nostri clienti su WorkflowMax 1. Facile inserimento del tempo &#8211; Soprattutto la griglia del tempo settimanale in cui \u00e8 quindi possibile tenere facilmente traccia di chi ha \/ non ha inviato il tempo se si utilizza la funzione &#8216;Invia foglio orario&#8217;.<br \/>\n2. La capacit\u00e0 di sviluppare citazioni e proposte interessanti.<br \/>\n3. Essere in grado di riunire processi e sistemi in una posizione centralizzata. Spesso i clienti conservano le informazioni sul progetto in molte posizioni \/ fogli di calcolo diversi all&#8217;interno dell&#8217;ufficio.<br \/>\n4. Grande flessibilit\u00e0 grazie al reporting personalizzato e alla capacit\u00e0 di vedere rapidamente la redditivit\u00e0 del progetto.<br \/>\n5. Ottimo rapporto qualit\u00e0-prezzo quando si tiene conto dell&#8217;ampiezza delle funzionalit\u00e0.<\/p>\n<p><strong>Inconvenienti<\/strong>: 1. Pianificazione della capacit\u00e0. Esiste una griglia di disponibilit\u00e0 del personale, ma il tempo deve essere chiaramente assegnato al personale e ai compiti affinch\u00e9 ci\u00f2 fornisca informazioni significative e accurate.<br \/>\n2. Monitoraggio delle spese. Esistono varie opzioni per il monitoraggio delle spese, come gli ordini di acquisto all&#8217;ingrosso, ma potrebbero essere pi\u00f9 chiari e pi\u00f9 facili da usare.<\/p>\n<h4><strong>Phillip Q. &#8220;Buon prodotto, tuttavia il timer ha dei bug&#8221;<\/strong><\/h4>\n<p><strong>Commenti<\/strong>: Se il team di supporto risolve il problema del timer, questo sarebbe lo strumento di gestione del progetto da utilizzare in ogni momento.<\/p>\n<p><strong>Vantaggi<\/strong>: mi piace come il prodotto ha un timer con cui puoi cronometrare le tue attivit\u00e0 con la funzionalit\u00e0 di avvio e arresto del timer e vedere quanto tempo hai speso per il tuo progetto e ogni attivit\u00e0. Mi piace che abbia anche l&#8217;integrazione Xero.<\/p>\n<p><strong>Inconvenienti<\/strong>: non mi piace che il timer abbia dei bug in cui forse uno su dieci volte che si tenta di fermare il timer dopo aver terminato il cronometraggio di un lavoro, si dimentica completamente il tempo che \u00e8 stato registrato e ripristina il tempo tempo per qualche ragione sconosciuta. Ho contattato l&#8217;assistenza su questo problema innumerevoli volte ma sono sempre stato respinto anche dopo aver seguito le richieste di invio tramite i dati di test di supporto.<\/p>\n","protected":false},"excerpt":{"rendered":"<p>WorkflowMax \u00e8 un software di gestione del progetto creato per soddisfare tutte le esigenze di gestione aziendale, tra cui monitoraggio del progetto, schede attivit\u00e0, reportistica, fatturazione, monitoraggio del lavoro ecc. ecc. Pu\u00f2 apportare vantaggi a qualsiasi organizzazione aziendale, con il suo ampio elenco di applicazioni funzionali e strumenti progettati per massimizzare il potenziale di qualsiasi azienda.<\/p>\n","protected":false},"author":19,"featured_media":19090,"parent":8333,"menu_order":0,"comment_status":"open","ping_status":"closed","template":"g1_template_page_review_new.php","meta":{"_acf_changed":false,"cwp_meta_box_check":"Yes","cwp_rev_product_name":"","cwp_rev_product_image":"","wppr_links":[],"cwp_rev_price":"","wppr_options":[],"wppr_pros":[],"wppr_cons":[],"_monsterinsights_skip_tracking":false,"_monsterinsights_sitenote_active":false,"_monsterinsights_sitenote_note":"","_monsterinsights_sitenote_category":0,"footnotes":""},"categories":[172],"tags":[396,1316,1337,1310,1311,1309,1326,1320,1371],"features":[],"class_list":{"0":"post-19072","1":"page","2":"type-page","3":"status-publish","4":"has-post-thumbnail","6":"category-online-project-management-it","7":"tag-cloud","8":"tag-online-project-management","9":"tag-programma-gestione-dei-progetti","10":"tag-programma-project-management","11":"tag-software-gestione-dei-progetti","12":"tag-software-project-management","13":"tag-soluzione-gestione-dei-progetti","14":"tag-soluzione-project-management","15":"tag-workflowmax"},"wppr_data":{"cwp_meta_box_check":"Yes","cwp_rev_product_name":"","cwp_rev_product_image":"","cwp_image_link":"image","cwp_rev_price":"","wppr_rating":"0.00"},"acf":[],"yoast_head":"<!-- This site is optimized with the Yoast SEO plugin v27.4 - https:\/\/yoast.com\/product\/yoast-seo-wordpress\/ -->\n<title>WorkflowMax: recensione software Project Management Accurate Reviews<\/title>\n<meta name=\"description\" content=\"WorkflowMax: recensione software di gestione del progetto creato per soddisfare tutte le esigenze di gestione aziendale in tutti i principali settori.\" \/>\n<meta name=\"robots\" content=\"index, follow, max-snippet:-1, max-image-preview:large, max-video-preview:-1\" \/>\n<link rel=\"canonical\" href=\"https:\/\/www.accuratereviews.com\/it\/project-management-online-lista-software\/workflowmax-recensione\/\" \/>\n<meta property=\"og:locale\" content=\"it_IT\" \/>\n<meta property=\"og:type\" content=\"article\" \/>\n<meta property=\"og:title\" content=\"WorkflowMax: recensione software Project Management Accurate Reviews\" \/>\n<meta property=\"og:description\" content=\"WorkflowMax: recensione software di gestione del progetto creato per soddisfare tutte le esigenze di gestione aziendale in tutti i principali settori.\" \/>\n<meta property=\"og:url\" content=\"https:\/\/www.accuratereviews.com\/it\/project-management-online-lista-software\/workflowmax-recensione\/\" \/>\n<meta property=\"og:site_name\" content=\"Accurate Reviews\" \/>\n<meta property=\"og:image\" content=\"https:\/\/www.accuratereviews.com\/wp-content\/uploads\/2019\/10\/workflowmax-logo.png\" \/>\n\t<meta property=\"og:image:width\" content=\"400\" \/>\n\t<meta property=\"og:image:height\" content=\"400\" \/>\n\t<meta property=\"og:image:type\" content=\"image\/png\" \/>\n<meta name=\"twitter:card\" content=\"summary_large_image\" \/>\n<meta name=\"twitter:label1\" content=\"Tempo di lettura stimato\" \/>\n\t<meta name=\"twitter:data1\" content=\"4 minuti\" \/>\n<script type=\"application\/ld+json\" class=\"yoast-schema-graph\">{\"@context\":\"https:\\\/\\\/schema.org\",\"@graph\":[{\"@type\":\"WebPage\",\"@id\":\"https:\\\/\\\/www.accuratereviews.com\\\/it\\\/project-management-online-lista-software\\\/workflowmax-recensione\\\/\",\"url\":\"https:\\\/\\\/www.accuratereviews.com\\\/it\\\/project-management-online-lista-software\\\/workflowmax-recensione\\\/\",\"name\":\"WorkflowMax: recensione software Project Management Accurate Reviews\",\"isPartOf\":{\"@id\":\"https:\\\/\\\/www.accuratereviews.com\\\/it\\\/#website\"},\"primaryImageOfPage\":{\"@id\":\"https:\\\/\\\/www.accuratereviews.com\\\/it\\\/project-management-online-lista-software\\\/workflowmax-recensione\\\/#primaryimage\"},\"image\":{\"@id\":\"https:\\\/\\\/www.accuratereviews.com\\\/it\\\/project-management-online-lista-software\\\/workflowmax-recensione\\\/#primaryimage\"},\"thumbnailUrl\":\"https:\\\/\\\/www.accuratereviews.com\\\/wp-content\\\/uploads\\\/2019\\\/10\\\/workflowmax-logo.png\",\"datePublished\":\"2019-10-11T11:57:49+00:00\",\"description\":\"WorkflowMax: recensione software di gestione del progetto creato per soddisfare tutte le esigenze di gestione aziendale in tutti i principali settori.\",\"breadcrumb\":{\"@id\":\"https:\\\/\\\/www.accuratereviews.com\\\/it\\\/project-management-online-lista-software\\\/workflowmax-recensione\\\/#breadcrumb\"},\"inLanguage\":\"it-IT\",\"potentialAction\":[{\"@type\":\"ReadAction\",\"target\":[\"https:\\\/\\\/www.accuratereviews.com\\\/it\\\/project-management-online-lista-software\\\/workflowmax-recensione\\\/\"]}]},{\"@type\":\"ImageObject\",\"inLanguage\":\"it-IT\",\"@id\":\"https:\\\/\\\/www.accuratereviews.com\\\/it\\\/project-management-online-lista-software\\\/workflowmax-recensione\\\/#primaryimage\",\"url\":\"https:\\\/\\\/www.accuratereviews.com\\\/wp-content\\\/uploads\\\/2019\\\/10\\\/workflowmax-logo.png\",\"contentUrl\":\"https:\\\/\\\/www.accuratereviews.com\\\/wp-content\\\/uploads\\\/2019\\\/10\\\/workflowmax-logo.png\",\"width\":400,\"height\":400},{\"@type\":\"BreadcrumbList\",\"@id\":\"https:\\\/\\\/www.accuratereviews.com\\\/it\\\/project-management-online-lista-software\\\/workflowmax-recensione\\\/#breadcrumb\",\"itemListElement\":[{\"@type\":\"ListItem\",\"position\":1,\"name\":\"Home\",\"item\":\"https:\\\/\\\/www.accuratereviews.com\\\/it\\\/\"},{\"@type\":\"ListItem\",\"position\":2,\"name\":\"Project Management Online\",\"item\":\"https:\\\/\\\/www.accuratereviews.com\\\/it\\\/project-management-online-lista-software\\\/\"},{\"@type\":\"ListItem\",\"position\":3,\"name\":\"WorkflowMax\"}]},{\"@type\":\"WebSite\",\"@id\":\"https:\\\/\\\/www.accuratereviews.com\\\/it\\\/#website\",\"url\":\"https:\\\/\\\/www.accuratereviews.com\\\/it\\\/\",\"name\":\"Accurate Reviews\",\"description\":\"\",\"potentialAction\":[{\"@type\":\"SearchAction\",\"target\":{\"@type\":\"EntryPoint\",\"urlTemplate\":\"https:\\\/\\\/www.accuratereviews.com\\\/it\\\/?s={search_term_string}\"},\"query-input\":{\"@type\":\"PropertyValueSpecification\",\"valueRequired\":true,\"valueName\":\"search_term_string\"}}],\"inLanguage\":\"it-IT\"}]}<\/script>\n<!-- \/ Yoast SEO plugin. -->","yoast_head_json":{"title":"WorkflowMax: recensione software Project Management Accurate Reviews","description":"WorkflowMax: recensione software di gestione del progetto creato per soddisfare tutte le esigenze di gestione aziendale in tutti i principali settori.","robots":{"index":"index","follow":"follow","max-snippet":"max-snippet:-1","max-image-preview":"max-image-preview:large","max-video-preview":"max-video-preview:-1"},"canonical":"https:\/\/www.accuratereviews.com\/it\/project-management-online-lista-software\/workflowmax-recensione\/","og_locale":"it_IT","og_type":"article","og_title":"WorkflowMax: recensione software Project Management Accurate Reviews","og_description":"WorkflowMax: recensione software di gestione del progetto creato per soddisfare tutte le esigenze di gestione aziendale in tutti i principali settori.","og_url":"https:\/\/www.accuratereviews.com\/it\/project-management-online-lista-software\/workflowmax-recensione\/","og_site_name":"Accurate Reviews","og_image":[{"width":400,"height":400,"url":"https:\/\/www.accuratereviews.com\/wp-content\/uploads\/2019\/10\/workflowmax-logo.png","type":"image\/png"}],"twitter_card":"summary_large_image","twitter_misc":{"Tempo di lettura stimato":"4 minuti"},"schema":{"@context":"https:\/\/schema.org","@graph":[{"@type":"WebPage","@id":"https:\/\/www.accuratereviews.com\/it\/project-management-online-lista-software\/workflowmax-recensione\/","url":"https:\/\/www.accuratereviews.com\/it\/project-management-online-lista-software\/workflowmax-recensione\/","name":"WorkflowMax: recensione software Project Management Accurate Reviews","isPartOf":{"@id":"https:\/\/www.accuratereviews.com\/it\/#website"},"primaryImageOfPage":{"@id":"https:\/\/www.accuratereviews.com\/it\/project-management-online-lista-software\/workflowmax-recensione\/#primaryimage"},"image":{"@id":"https:\/\/www.accuratereviews.com\/it\/project-management-online-lista-software\/workflowmax-recensione\/#primaryimage"},"thumbnailUrl":"https:\/\/www.accuratereviews.com\/wp-content\/uploads\/2019\/10\/workflowmax-logo.png","datePublished":"2019-10-11T11:57:49+00:00","description":"WorkflowMax: recensione software di gestione del progetto creato per soddisfare tutte le esigenze di gestione aziendale in tutti i principali settori.","breadcrumb":{"@id":"https:\/\/www.accuratereviews.com\/it\/project-management-online-lista-software\/workflowmax-recensione\/#breadcrumb"},"inLanguage":"it-IT","potentialAction":[{"@type":"ReadAction","target":["https:\/\/www.accuratereviews.com\/it\/project-management-online-lista-software\/workflowmax-recensione\/"]}]},{"@type":"ImageObject","inLanguage":"it-IT","@id":"https:\/\/www.accuratereviews.com\/it\/project-management-online-lista-software\/workflowmax-recensione\/#primaryimage","url":"https:\/\/www.accuratereviews.com\/wp-content\/uploads\/2019\/10\/workflowmax-logo.png","contentUrl":"https:\/\/www.accuratereviews.com\/wp-content\/uploads\/2019\/10\/workflowmax-logo.png","width":400,"height":400},{"@type":"BreadcrumbList","@id":"https:\/\/www.accuratereviews.com\/it\/project-management-online-lista-software\/workflowmax-recensione\/#breadcrumb","itemListElement":[{"@type":"ListItem","position":1,"name":"Home","item":"https:\/\/www.accuratereviews.com\/it\/"},{"@type":"ListItem","position":2,"name":"Project Management Online","item":"https:\/\/www.accuratereviews.com\/it\/project-management-online-lista-software\/"},{"@type":"ListItem","position":3,"name":"WorkflowMax"}]},{"@type":"WebSite","@id":"https:\/\/www.accuratereviews.com\/it\/#website","url":"https:\/\/www.accuratereviews.com\/it\/","name":"Accurate Reviews","description":"","potentialAction":[{"@type":"SearchAction","target":{"@type":"EntryPoint","urlTemplate":"https:\/\/www.accuratereviews.com\/it\/?s={search_term_string}"},"query-input":{"@type":"PropertyValueSpecification","valueRequired":true,"valueName":"search_term_string"}}],"inLanguage":"it-IT"}]}},"_links":{"self":[{"href":"https:\/\/www.accuratereviews.com\/it\/wp-json\/wp\/v2\/pages\/19072","targetHints":{"allow":["GET"]}}],"collection":[{"href":"https:\/\/www.accuratereviews.com\/it\/wp-json\/wp\/v2\/pages"}],"about":[{"href":"https:\/\/www.accuratereviews.com\/it\/wp-json\/wp\/v2\/types\/page"}],"author":[{"embeddable":true,"href":"https:\/\/www.accuratereviews.com\/it\/wp-json\/wp\/v2\/users\/19"}],"replies":[{"embeddable":true,"href":"https:\/\/www.accuratereviews.com\/it\/wp-json\/wp\/v2\/comments?post=19072"}],"version-history":[{"count":6,"href":"https:\/\/www.accuratereviews.com\/it\/wp-json\/wp\/v2\/pages\/19072\/revisions"}],"predecessor-version":[{"id":19103,"href":"https:\/\/www.accuratereviews.com\/it\/wp-json\/wp\/v2\/pages\/19072\/revisions\/19103"}],"up":[{"embeddable":true,"href":"https:\/\/www.accuratereviews.com\/it\/wp-json\/wp\/v2\/pages\/8333"}],"wp:featuredmedia":[{"embeddable":true,"href":"https:\/\/www.accuratereviews.com\/it\/wp-json\/wp\/v2\/media\/19090"}],"wp:attachment":[{"href":"https:\/\/www.accuratereviews.com\/it\/wp-json\/wp\/v2\/media?parent=19072"}],"wp:term":[{"taxonomy":"category","embeddable":true,"href":"https:\/\/www.accuratereviews.com\/it\/wp-json\/wp\/v2\/categories?post=19072"},{"taxonomy":"post_tag","embeddable":true,"href":"https:\/\/www.accuratereviews.com\/it\/wp-json\/wp\/v2\/tags?post=19072"},{"taxonomy":"features","embeddable":true,"href":"https:\/\/www.accuratereviews.com\/it\/wp-json\/wp\/v2\/features?post=19072"}],"curies":[{"name":"wp","href":"https:\/\/api.w.org\/{rel}","templated":true}]}}