{"id":19074,"date":"2019-10-11T11:58:53","date_gmt":"2019-10-11T11:58:53","guid":{"rendered":"https:\/\/www.accuratereviews.com\/?page_id=19074"},"modified":"2020-12-16T12:01:55","modified_gmt":"2020-12-16T12:01:55","slug":"vivifyscrum-recensione","status":"publish","type":"page","link":"https:\/\/www.accuratereviews.com\/it\/project-management-online-lista-software\/vivifyscrum-recensione\/","title":{"rendered":"VivifyScrum"},"content":{"rendered":"<p><strong>VivifyScrum<\/strong> \u00e8 uno strumento di <strong>gestione dei progetti<\/strong> che semplifica i flussi di lavoro. \u00c8 una piattaforma completa sviluppata per soddisfare tutte le tue esigenze, non importa quanto sia semplice o complicato, piccolo o grande il tuo progetto. Creato per team, aziende IT e professionisti IT indipendenti, questo software \u00e8 basato sul <strong>cloud <\/strong>nessuna installazione richiesta quindi.\u00a0Compatibile con i programmi Scrum e Kanban, \u00e8 dotato di un&#8217;interfaccia pulita e semplice che lo rende altamente intuitivo e facile da usare. In una sola pagina, hai tutti i tuoi progetti in vista \u00e8 ottimizzato per qualsiasi dispositivo, rendendo l&#8217;accesso e la visibilit\u00e0 ai tuoi progetti rapidi e immediati ovunque tu sia. Puoi vedere tutte le tue attivit\u00e0 e controllare i membri del tuo team, permettendoti di delegare il lavoro all&#8217;individuo pi\u00f9 qualificato e classificare tutti i tuoi progetti in base a priorit\u00e0, scadenza e altro.<\/p>\n<h2>VIVIFYSCRUM &#8211; TUTORIAL<\/h2>\n<p>Questo breve tutorial spiega le funzionalit\u00e0 principali di questo <strong>software Project Management:<\/strong><\/p>\n<div id=\"fluid-wrapper-counter-1\" class=\"g1-fluid-wrapper \" style=\"width:686px;\">\n<div style=\"padding-bottom:56.268221574344%;\"><iframe loading=\"lazy\" title=\"VivifyScrum v2.0\" width=\"686\" height=\"386\" src=\"https:\/\/www.youtube.com\/embed\/9E6M5MJuC88?feature=oembed&amp;wmode=transparent&amp;autohide=1&amp;autoplay=0&amp;disablekb=0&amp;fs=1&amp;loop=0&amp;enablejsapi=1&amp;rel=0&amp;controls=2&amp;showinfo=0&amp;wmode=transparent&amp;autohide=2&amp;autoplay=0&amp;disablekb=0&amp;fs=1&amp;loop=0&amp;enablejsapi=1&amp;rel=0&amp;controls=2&amp;showinfo=1\" frameborder=\"0\" allow=\"accelerometer; autoplay; clipboard-write; encrypted-media; gyroscope; picture-in-picture\" allowfullscreen><\/iframe><\/div>\n<\/div>\n<h3>VIVIFYSCRUM &#8211; CARATTERUSTICHE<\/h3>\n<ul>\n<li>Strumento a pagina singola<\/li>\n<li>Visibilit\u00e0 in tempo reale del processo<\/li>\n<li>Cloud-based<\/li>\n<li>Ambiente drag-and-drop<\/li>\n<li>Scegli tra Scrum e Kanban Board<\/li>\n<li>Importa la configurazione del Board e dei membri del team<\/li>\n<li>Gestione della squadra<\/li>\n<li>Configurazione dei privilegi<\/li>\n<li>Gestione degli arretrati<\/li>\n<li>Gestione degli articoli<\/li>\n<li>Gestione dei file<\/li>\n<li>Registro lavori<\/li>\n<li>Gestione delle attivit\u00e0<\/li>\n<\/ul>\n<h4>LA RECENSIONI DEGLI UTENTI<\/h4>\n<h4>Dario B. Vivifying Scrum, davvero!<\/h4>\n<p><strong>Commenti<\/strong>: Immagina di essere una persona che lavora nel Project Management da anni, lavorando sui progetti europei (progetti che costringono alcune organizzazioni nei paesi dell&#8217;UE a lavorare tutti insieme), e devi gestire un team composto da un gran numero di partner, che hanno da fare qualcosa, regolarmente, e sapere abbastanza bene come \u00e8 il livello di progresso. E immagina di non essere un professionista Agile e devi decidere uno strumento per tracciare le attivit\u00e0 di tutti i tuoi partner.\u00a0Ora, considera di trovare uno strumento, chiamato &#8220;VivifyScrum&#8221;, hai sentito e letto qualcosa su Scrum, quindi provi a iscriverti al servizio per i test e in mezza giornata hai fissato le tue competenze teoriche in Scrum e hai iniziato a imparare qualcosa di pi\u00f9.\u00a0Ora immagina di non essere un professionista agile, ma VivifyScrum ti consente di partecipare a un corso gratuito e ben spiegato che ti consente di comprendere le logiche alla base del framework. In pochi giorni conosci il metodo, in altri giorni capisci come pianificare i tuoi lavori e come spiegare il metodo al tuo gruppo di lavoro. In una settimana sei in grado di utilizzare uno strumento semplice, che &#8220;Vivify Scrum&#8221; per davvero!\u00a0Cosa puoi desiderare di pi\u00f9 per ottenere il risultato che pianifichi?<\/p>\n<p><strong>Vantaggi<\/strong>: apprezzo assolutamente l&#8217;ADERENZA per il sistema proposto nel Manifesto Agile. Mentre lo leggi, ti applichi e questo consente di rimuovere molti strumenti pi\u00f9 complessi che pesano troppo il metodo una volta applicato<\/p>\n<p><strong>Inconvenienti<\/strong>: Non trovato, in realt\u00e0 penso che anche il prezzo sia assolutamente adeguato per il servizio proposto<\/p>\n<h4>Ana S. &#8220;Ottimo strumento con piccole correzioni necessarie&#8221;<\/h4>\n<p><strong>Commenti:<\/strong> Usiamo Vivify per aiutare i nostri progetti Scrum &amp; Kaban a essere realizzati nel modo giusto.\u00a0Abbiamo provato 2 diversi strumenti prima e nessuno era completo come Vivify.<\/p>\n<p><strong>Vantaggi:<\/strong> \u00c8 facile creare &#8220;compiti&#8221;, quando abbiamo un collegamento di progetto complesso &#8220;carte&#8221; \u00e8 una caratteristica essenziale.<br \/>\nLe etichette e i &#8220;tipi di carta&#8221; funzionano davvero bene.<\/p>\n<p><strong>Inconvenienti:<\/strong> il campo di ricerca non funziona bene, \u00e8 super difficile trovare i messaggi passati che lo utilizzano.<br \/>\nA volte \u00e8 necessario un solo link per scheda e non abbiamo questa opzione.\u00a0L&#8217;app non \u00e8 buona o veloce come la piattaforma web.<\/p>\n<h4>Chris K. &#8220;Un sacco di funzionalit\u00e0 utili ma non facili da usare&#8221;<\/h4>\n<p><strong>Commenti<\/strong>: Inizialmente abbiamo utilizzato VivifyScrum per gestire la progettazione interna e lo sviluppo del nostro nuovissimo sito Web aziendale. Lo utilizziamo ora per gli aggiornamenti in corso sul sito Web e anche per lo sviluppo di un sistema finanziario interno basato su browser. In futuro prevediamo di utilizzare VivifyScrum anche per altri progetti.<\/p>\n<p><strong>Vantaggi<\/strong>: \u00e8 basato sul web, chiaro e facile da usare, ben studiato e ha molte funzionalit\u00e0 senza essere eccessivamente complicato da usare.<\/p>\n<p><strong>Inconvenienti<\/strong>: non \u00e8 cos\u00ec facile sfogliare gli articoli che sono gi\u00e0 stati completati in precedenza.<\/p>\n","protected":false},"excerpt":{"rendered":"<p>VivifyScrum \u00e8 uno strumento di gestione dei progetti che semplifica i flussi di lavoro. \u00c8 una piattaforma completa sviluppata per soddisfare tutte le tue esigenze, non importa quanto sia semplice o complicato, piccolo o grande il tuo progetto. Creato per team, aziende IT e professionisti IT indipendenti, questo software \u00e8 basato sul cloud nessuna installazione richiesta quindi.\u00a0<\/p>\n","protected":false},"author":19,"featured_media":19078,"parent":8333,"menu_order":0,"comment_status":"open","ping_status":"closed","template":"g1_template_page_review_new.php","meta":{"_acf_changed":false,"cwp_meta_box_check":"Yes","cwp_rev_product_name":"","cwp_rev_product_image":"","wppr_links":[],"cwp_rev_price":"","wppr_options":[],"wppr_pros":[],"wppr_cons":[],"_monsterinsights_skip_tracking":false,"_monsterinsights_sitenote_active":false,"_monsterinsights_sitenote_note":"","_monsterinsights_sitenote_category":0,"footnotes":""},"categories":[172],"tags":[396,1337,1310,1311,1309,1326,1320,1370],"features":[],"class_list":{"0":"post-19074","1":"page","2":"type-page","3":"status-publish","4":"has-post-thumbnail","6":"category-online-project-management-it","7":"tag-cloud","8":"tag-programma-gestione-dei-progetti","9":"tag-programma-project-management","10":"tag-software-gestione-dei-progetti","11":"tag-software-project-management","12":"tag-soluzione-gestione-dei-progetti","13":"tag-soluzione-project-management","14":"tag-vivifyscrum"},"wppr_data":{"cwp_meta_box_check":"Yes","cwp_rev_product_name":"","cwp_rev_product_image":"","cwp_image_link":"image","cwp_rev_price":"","wppr_rating":"0.00"},"acf":[],"yoast_head":"<!-- This site is optimized with the Yoast SEO plugin v27.4 - https:\/\/yoast.com\/product\/yoast-seo-wordpress\/ -->\n<title>VivifyScrum: recensione software Project Management - Accurate Reviews<\/title>\n<meta name=\"description\" content=\"VivifyScrum: recensione strumento di gestione dei progetti che semplifica i flussi di lavoro ideale per soddisfare tutte le tue esigenze.\" \/>\n<meta name=\"robots\" content=\"index, follow, max-snippet:-1, max-image-preview:large, max-video-preview:-1\" \/>\n<link rel=\"canonical\" href=\"https:\/\/www.accuratereviews.com\/it\/project-management-online-lista-software\/vivifyscrum-recensione\/\" \/>\n<meta property=\"og:locale\" content=\"it_IT\" \/>\n<meta property=\"og:type\" content=\"article\" \/>\n<meta property=\"og:title\" content=\"VivifyScrum: recensione software Project Management - Accurate Reviews\" \/>\n<meta property=\"og:description\" content=\"VivifyScrum: recensione strumento di gestione dei progetti che semplifica i flussi di lavoro ideale per soddisfare tutte le tue esigenze.\" \/>\n<meta property=\"og:url\" content=\"https:\/\/www.accuratereviews.com\/it\/project-management-online-lista-software\/vivifyscrum-recensione\/\" \/>\n<meta property=\"og:site_name\" content=\"Accurate Reviews\" \/>\n<meta property=\"article:modified_time\" content=\"2020-12-16T12:01:55+00:00\" \/>\n<meta property=\"og:image\" content=\"https:\/\/www.accuratereviews.com\/wp-content\/uploads\/2019\/10\/vivifyscrum.png\" \/>\n\t<meta property=\"og:image:width\" content=\"200\" \/>\n\t<meta property=\"og:image:height\" content=\"200\" \/>\n\t<meta property=\"og:image:type\" content=\"image\/png\" \/>\n<meta name=\"twitter:card\" content=\"summary_large_image\" \/>\n<meta name=\"twitter:label1\" content=\"Tempo di lettura stimato\" \/>\n\t<meta name=\"twitter:data1\" content=\"3 minuti\" \/>\n<script type=\"application\/ld+json\" class=\"yoast-schema-graph\">{\"@context\":\"https:\\\/\\\/schema.org\",\"@graph\":[{\"@type\":\"WebPage\",\"@id\":\"https:\\\/\\\/www.accuratereviews.com\\\/it\\\/project-management-online-lista-software\\\/vivifyscrum-recensione\\\/\",\"url\":\"https:\\\/\\\/www.accuratereviews.com\\\/it\\\/project-management-online-lista-software\\\/vivifyscrum-recensione\\\/\",\"name\":\"VivifyScrum: recensione software Project Management - Accurate Reviews\",\"isPartOf\":{\"@id\":\"https:\\\/\\\/www.accuratereviews.com\\\/it\\\/#website\"},\"primaryImageOfPage\":{\"@id\":\"https:\\\/\\\/www.accuratereviews.com\\\/it\\\/project-management-online-lista-software\\\/vivifyscrum-recensione\\\/#primaryimage\"},\"image\":{\"@id\":\"https:\\\/\\\/www.accuratereviews.com\\\/it\\\/project-management-online-lista-software\\\/vivifyscrum-recensione\\\/#primaryimage\"},\"thumbnailUrl\":\"https:\\\/\\\/www.accuratereviews.com\\\/wp-content\\\/uploads\\\/2019\\\/10\\\/vivifyscrum.png\",\"datePublished\":\"2019-10-11T11:58:53+00:00\",\"dateModified\":\"2020-12-16T12:01:55+00:00\",\"description\":\"VivifyScrum: recensione strumento di gestione dei progetti che semplifica i flussi di lavoro ideale per soddisfare tutte le tue esigenze.\",\"breadcrumb\":{\"@id\":\"https:\\\/\\\/www.accuratereviews.com\\\/it\\\/project-management-online-lista-software\\\/vivifyscrum-recensione\\\/#breadcrumb\"},\"inLanguage\":\"it-IT\",\"potentialAction\":[{\"@type\":\"ReadAction\",\"target\":[\"https:\\\/\\\/www.accuratereviews.com\\\/it\\\/project-management-online-lista-software\\\/vivifyscrum-recensione\\\/\"]}]},{\"@type\":\"ImageObject\",\"inLanguage\":\"it-IT\",\"@id\":\"https:\\\/\\\/www.accuratereviews.com\\\/it\\\/project-management-online-lista-software\\\/vivifyscrum-recensione\\\/#primaryimage\",\"url\":\"https:\\\/\\\/www.accuratereviews.com\\\/wp-content\\\/uploads\\\/2019\\\/10\\\/vivifyscrum.png\",\"contentUrl\":\"https:\\\/\\\/www.accuratereviews.com\\\/wp-content\\\/uploads\\\/2019\\\/10\\\/vivifyscrum.png\",\"width\":200,\"height\":200},{\"@type\":\"BreadcrumbList\",\"@id\":\"https:\\\/\\\/www.accuratereviews.com\\\/it\\\/project-management-online-lista-software\\\/vivifyscrum-recensione\\\/#breadcrumb\",\"itemListElement\":[{\"@type\":\"ListItem\",\"position\":1,\"name\":\"Home\",\"item\":\"https:\\\/\\\/www.accuratereviews.com\\\/it\\\/\"},{\"@type\":\"ListItem\",\"position\":2,\"name\":\"Project Management Online\",\"item\":\"https:\\\/\\\/www.accuratereviews.com\\\/it\\\/project-management-online-lista-software\\\/\"},{\"@type\":\"ListItem\",\"position\":3,\"name\":\"VivifyScrum\"}]},{\"@type\":\"WebSite\",\"@id\":\"https:\\\/\\\/www.accuratereviews.com\\\/it\\\/#website\",\"url\":\"https:\\\/\\\/www.accuratereviews.com\\\/it\\\/\",\"name\":\"Accurate Reviews\",\"description\":\"\",\"potentialAction\":[{\"@type\":\"SearchAction\",\"target\":{\"@type\":\"EntryPoint\",\"urlTemplate\":\"https:\\\/\\\/www.accuratereviews.com\\\/it\\\/?s={search_term_string}\"},\"query-input\":{\"@type\":\"PropertyValueSpecification\",\"valueRequired\":true,\"valueName\":\"search_term_string\"}}],\"inLanguage\":\"it-IT\"}]}<\/script>\n<!-- \/ Yoast SEO plugin. -->","yoast_head_json":{"title":"VivifyScrum: recensione software Project Management - Accurate Reviews","description":"VivifyScrum: recensione strumento di gestione dei progetti che semplifica i flussi di lavoro ideale per soddisfare tutte le tue esigenze.","robots":{"index":"index","follow":"follow","max-snippet":"max-snippet:-1","max-image-preview":"max-image-preview:large","max-video-preview":"max-video-preview:-1"},"canonical":"https:\/\/www.accuratereviews.com\/it\/project-management-online-lista-software\/vivifyscrum-recensione\/","og_locale":"it_IT","og_type":"article","og_title":"VivifyScrum: recensione software Project Management - Accurate Reviews","og_description":"VivifyScrum: recensione strumento di gestione dei progetti che semplifica i flussi di lavoro ideale per soddisfare tutte le tue esigenze.","og_url":"https:\/\/www.accuratereviews.com\/it\/project-management-online-lista-software\/vivifyscrum-recensione\/","og_site_name":"Accurate Reviews","article_modified_time":"2020-12-16T12:01:55+00:00","og_image":[{"width":200,"height":200,"url":"https:\/\/www.accuratereviews.com\/wp-content\/uploads\/2019\/10\/vivifyscrum.png","type":"image\/png"}],"twitter_card":"summary_large_image","twitter_misc":{"Tempo di lettura stimato":"3 minuti"},"schema":{"@context":"https:\/\/schema.org","@graph":[{"@type":"WebPage","@id":"https:\/\/www.accuratereviews.com\/it\/project-management-online-lista-software\/vivifyscrum-recensione\/","url":"https:\/\/www.accuratereviews.com\/it\/project-management-online-lista-software\/vivifyscrum-recensione\/","name":"VivifyScrum: recensione software Project Management - Accurate Reviews","isPartOf":{"@id":"https:\/\/www.accuratereviews.com\/it\/#website"},"primaryImageOfPage":{"@id":"https:\/\/www.accuratereviews.com\/it\/project-management-online-lista-software\/vivifyscrum-recensione\/#primaryimage"},"image":{"@id":"https:\/\/www.accuratereviews.com\/it\/project-management-online-lista-software\/vivifyscrum-recensione\/#primaryimage"},"thumbnailUrl":"https:\/\/www.accuratereviews.com\/wp-content\/uploads\/2019\/10\/vivifyscrum.png","datePublished":"2019-10-11T11:58:53+00:00","dateModified":"2020-12-16T12:01:55+00:00","description":"VivifyScrum: recensione strumento di gestione dei progetti che semplifica i flussi di lavoro ideale per soddisfare tutte le tue esigenze.","breadcrumb":{"@id":"https:\/\/www.accuratereviews.com\/it\/project-management-online-lista-software\/vivifyscrum-recensione\/#breadcrumb"},"inLanguage":"it-IT","potentialAction":[{"@type":"ReadAction","target":["https:\/\/www.accuratereviews.com\/it\/project-management-online-lista-software\/vivifyscrum-recensione\/"]}]},{"@type":"ImageObject","inLanguage":"it-IT","@id":"https:\/\/www.accuratereviews.com\/it\/project-management-online-lista-software\/vivifyscrum-recensione\/#primaryimage","url":"https:\/\/www.accuratereviews.com\/wp-content\/uploads\/2019\/10\/vivifyscrum.png","contentUrl":"https:\/\/www.accuratereviews.com\/wp-content\/uploads\/2019\/10\/vivifyscrum.png","width":200,"height":200},{"@type":"BreadcrumbList","@id":"https:\/\/www.accuratereviews.com\/it\/project-management-online-lista-software\/vivifyscrum-recensione\/#breadcrumb","itemListElement":[{"@type":"ListItem","position":1,"name":"Home","item":"https:\/\/www.accuratereviews.com\/it\/"},{"@type":"ListItem","position":2,"name":"Project Management Online","item":"https:\/\/www.accuratereviews.com\/it\/project-management-online-lista-software\/"},{"@type":"ListItem","position":3,"name":"VivifyScrum"}]},{"@type":"WebSite","@id":"https:\/\/www.accuratereviews.com\/it\/#website","url":"https:\/\/www.accuratereviews.com\/it\/","name":"Accurate Reviews","description":"","potentialAction":[{"@type":"SearchAction","target":{"@type":"EntryPoint","urlTemplate":"https:\/\/www.accuratereviews.com\/it\/?s={search_term_string}"},"query-input":{"@type":"PropertyValueSpecification","valueRequired":true,"valueName":"search_term_string"}}],"inLanguage":"it-IT"}]}},"_links":{"self":[{"href":"https:\/\/www.accuratereviews.com\/it\/wp-json\/wp\/v2\/pages\/19074","targetHints":{"allow":["GET"]}}],"collection":[{"href":"https:\/\/www.accuratereviews.com\/it\/wp-json\/wp\/v2\/pages"}],"about":[{"href":"https:\/\/www.accuratereviews.com\/it\/wp-json\/wp\/v2\/types\/page"}],"author":[{"embeddable":true,"href":"https:\/\/www.accuratereviews.com\/it\/wp-json\/wp\/v2\/users\/19"}],"replies":[{"embeddable":true,"href":"https:\/\/www.accuratereviews.com\/it\/wp-json\/wp\/v2\/comments?post=19074"}],"version-history":[{"count":6,"href":"https:\/\/www.accuratereviews.com\/it\/wp-json\/wp\/v2\/pages\/19074\/revisions"}],"predecessor-version":[{"id":33930,"href":"https:\/\/www.accuratereviews.com\/it\/wp-json\/wp\/v2\/pages\/19074\/revisions\/33930"}],"up":[{"embeddable":true,"href":"https:\/\/www.accuratereviews.com\/it\/wp-json\/wp\/v2\/pages\/8333"}],"wp:featuredmedia":[{"embeddable":true,"href":"https:\/\/www.accuratereviews.com\/it\/wp-json\/wp\/v2\/media\/19078"}],"wp:attachment":[{"href":"https:\/\/www.accuratereviews.com\/it\/wp-json\/wp\/v2\/media?parent=19074"}],"wp:term":[{"taxonomy":"category","embeddable":true,"href":"https:\/\/www.accuratereviews.com\/it\/wp-json\/wp\/v2\/categories?post=19074"},{"taxonomy":"post_tag","embeddable":true,"href":"https:\/\/www.accuratereviews.com\/it\/wp-json\/wp\/v2\/tags?post=19074"},{"taxonomy":"features","embeddable":true,"href":"https:\/\/www.accuratereviews.com\/it\/wp-json\/wp\/v2\/features?post=19074"}],"curies":[{"name":"wp","href":"https:\/\/api.w.org\/{rel}","templated":true}]}}