{"id":19083,"date":"2019-10-11T10:32:36","date_gmt":"2019-10-11T10:32:36","guid":{"rendered":"https:\/\/www.accuratereviews.com\/?page_id=19083"},"modified":"2019-10-11T12:00:09","modified_gmt":"2019-10-11T12:00:09","slug":"computerease-recensione","status":"publish","type":"page","link":"https:\/\/www.accuratereviews.com\/it\/project-management-online-lista-software\/computerease-recensione\/","title":{"rendered":"ComputerEase"},"content":{"rendered":"<p><strong>ComputerEase<\/strong> \u00e8 un programma che permette principalmente ai team che lavorano nel settore dell&#8217;edilizia commerciale, di <strong>ottimizzare il flusso di lavoro<\/strong>, risparmiando tempo, fatica e denaro che vanno spesi normalmente nelle attivit\u00e0 quotidiane. Si tratta di un<strong> ERP<\/strong> di contabilit\u00e0 basato su <strong>cloud<\/strong> che offre strumenti utili che ci permettano di aumentare la produttivit\u00e0 del nostro business. Con questo software, potai<strong> pianificare e gestire programmi, attivit\u00e0, progetti<\/strong>, materiali in modo semplice, curare la contabilit\u00e0 di costruzione, controllare i costi del lavoro e ottenere dei report salariali precisi cos\u00ec da poter monitorare ogni movimento della tua azienda.<\/p>\n<h2>COME FUNZIONA COMPUTEREASE &#8211; TUTORIAL<\/h2>\n<p>Diamo un&#8217;occhiata a questo video per comprendere qualcosa di pi\u00f9 riguardo a ComputerEase:<\/p>\n<div id=\"fluid-wrapper-counter-1\" class=\"g1-fluid-wrapper \" style=\"width:686px;\">\n<div style=\"padding-bottom:56.268221574344%;\"><iframe loading=\"lazy\" title=\"Tips and Tricks for Navigating ComputerEase Payroll\" width=\"686\" height=\"386\" src=\"https:\/\/www.youtube.com\/embed\/LGWT-y-NZ9U?feature=oembed&amp;wmode=transparent&amp;autohide=1&amp;autoplay=0&amp;disablekb=0&amp;fs=1&amp;loop=0&amp;enablejsapi=1&amp;rel=0&amp;controls=2&amp;showinfo=0&amp;wmode=transparent&amp;autohide=2&amp;autoplay=0&amp;disablekb=0&amp;fs=1&amp;loop=0&amp;enablejsapi=1&amp;rel=0&amp;controls=2&amp;showinfo=1\" frameborder=\"0\" allow=\"accelerometer; autoplay; encrypted-media; gyroscope; picture-in-picture\" allowfullscreen><\/iframe><\/div>\n<\/div>\n<h3>COMPUTEREASE &#8211; CARATTERISTICHE<\/h3>\n<p>Ecco le sue principali caratteristiche:<\/p>\n<ul>\n<li><strong>Soluzione di contabilit\u00e0 integrata<\/strong>: determina\u00a0i vantaggi e le perdite di ciascun lavoro in termini di impatto sul flusso di cassa, fatturazione eccessiva\/insufficiente, redditivit\u00e0 e altro ancora. Offre anche strumenti pi\u00f9 avanzati per la contabilit\u00e0 delle costruzioni, tra cui l&#8217;instradamento delle fatture, i registri generali, i report personalizzati, l&#8217;amministrazione delle buste paga ecc.<\/li>\n<li><strong>Gestione dei progetti<\/strong>:\u00a0semplifica ogni aspetto della gestione del progetto, fornendo un modo semplice e integrato per eseguire una variet\u00e0 di attivit\u00e0 come la registrazione dei verbali delle riunioni, la pianificazione dei lavori, la gestione dei documenti, la documentazione degli scenari e degli eventi, il flusso di lavoro, la gestione delle risorse e operativa ecc.<\/li>\n<li><strong>Sistema unificato per vendite e fidelizzazione dei clienti<\/strong>:\u00a0gestisci, monitora e fai crescere i tuoi clienti dalla corrispondenza iniziale fino alla chiusura del contratto<\/li>\n<li><strong>Gestione delle risorse<\/strong>: analizza facilmente profitti e perdite, gestisci i contratti di servizio e gli stipendi del personale. Fornisce inoltre la gestione delle attrezzature e dell&#8217;inventario in modo da poter tenere traccia delle attrezzature e dei materiali di consumo<\/li>\n<li><strong>Semplificazione dei costi del lavoro<\/strong>: utilizza questo strumento per\u00a0valutare i rischi e cogliere le opportunit\u00e0 che massimizzeranno i potenziali di crescita.<\/li>\n<\/ul>\n<h3>LE RECENSIONI DEGLI UTENTI<\/h3>\n<ul>\n<li><strong>&#8220;Semplice&#8221;<\/strong><br \/>\nPRO: il prodotto \u00e8 basato su Windows ed \u00e8 facile navigare all&#8217;interno. Il prezzo \u00e8 molto ragionevole. Il design del prodotto consente flessibilit\u00e0 durante la personalizzazione attorno alla propria organizzazione.<br \/>\nCONTRO: Sebbene facilmente navigabili e flessibili, ci sono alcune funzioni avanzate di gestione dei progetti che computerEase non consente facilmente, se non del tutto.<\/li>\n<li><strong>&#8220;Facile da usare e non abbiamo mai problemi. L&#8217;assistenza clienti \u00e8 al 100% in caso di problemi&#8221;<\/strong><br \/>\nIN GENERALE: ADORO QUESTO SOFTWARE !!!! Davvero facile da usare! Perfetto per la nostra professione e attivit\u00e0.<br \/>\nPRO: Tutto!! \u00c8 cos\u00ec facile da usare. Non ci sono mai problemi. Ci piacciono gli strumenti Q in cui possiamo redigere i nostri report. Il software ha gi\u00e0 i report perfetti gi\u00e0 nella sezione dei report. ADORO importare in EXCEL e nelle e-mail direttamente da Computer Ease.<br \/>\nCONTRO: Nessun controllo ortografico nella descrizione delle fatture :) Questa \u00e8 praticamente l&#8217;unica cosa che mi viene in mente.<\/li>\n<li><strong>&#8220;Buon programma Buon supporto&#8221;<\/strong><br \/>\nIN GENERALE: mi piace il software, tuttavia sarebbe meglio se ci fosse un modo per eliminare invece di rendere inattivi gli account.<br \/>\nPRO: Mi piacciono le funzionalit\u00e0 di ricerca, le funzioni di manutenzione e tutti i report disponibili. Mi piace anche l&#8217;assistenza clienti disponibile.<br \/>\nCONTRO: Penso che sia troppo specifico del settore e che le funzionalit\u00e0 di contabilit\u00e0 potrebbero essere pi\u00f9 facili da usare. Anche una funzione che consente la ristampa di un paystub su carta comune sarebbe utile<\/li>\n<\/ul>\n","protected":false},"excerpt":{"rendered":"<p>ComputerEase \u00e8 un programma che permette principalmente ai team che lavorano nel settore dell&#8217;edilizia commerciale, di ottimizzare il flusso di lavoro, risparmiando tempo, fatica e denaro che vanno spesi normalmente nelle attivit\u00e0 quotidiane. Si tratta di un ERP di contabilit\u00e0 basato su cloud che offre strumenti utili che ci permettano di aumentare la produttivit\u00e0 del nostro business.\u00a0<\/p>\n","protected":false},"author":17,"featured_media":19086,"parent":8333,"menu_order":0,"comment_status":"open","ping_status":"closed","template":"g1_template_page_review_new.php","meta":{"_acf_changed":false,"cwp_meta_box_check":"Yes","cwp_rev_product_name":"","cwp_rev_product_image":"","wppr_links":[],"cwp_rev_price":"","wppr_options":[],"wppr_pros":[],"wppr_cons":[],"_monsterinsights_skip_tracking":false,"_monsterinsights_sitenote_active":false,"_monsterinsights_sitenote_note":"","_monsterinsights_sitenote_category":0,"footnotes":""},"categories":[172],"tags":[1324,1316,1310,1314],"features":[],"class_list":{"0":"post-19083","1":"page","2":"type-page","3":"status-publish","4":"has-post-thumbnail","6":"category-online-project-management-it","7":"tag-gestione-dei-progetti","8":"tag-online-project-management","9":"tag-programma-project-management","10":"tag-project-management-software"},"wppr_data":{"cwp_meta_box_check":"Yes","cwp_rev_product_name":"","cwp_rev_product_image":"","cwp_image_link":"image","cwp_rev_price":"","wppr_rating":"0.00"},"acf":[],"yoast_head":"<!-- This site is optimized with the Yoast SEO plugin v27.4 - https:\/\/yoast.com\/product\/yoast-seo-wordpress\/ -->\n<title>ComputerEase: recensione programma - Accurate Reviews<\/title>\n<meta name=\"description\" content=\"ComputerEase: recensione del programma che permette ai team che lavorano nel settore dell&#039;edilizia commerciale, di ottimizzare il flusso di lavoro.\" \/>\n<meta name=\"robots\" content=\"index, follow, max-snippet:-1, max-image-preview:large, max-video-preview:-1\" \/>\n<link rel=\"canonical\" href=\"https:\/\/www.accuratereviews.com\/it\/project-management-online-lista-software\/computerease-recensione\/\" \/>\n<meta property=\"og:locale\" content=\"it_IT\" \/>\n<meta property=\"og:type\" content=\"article\" \/>\n<meta property=\"og:title\" content=\"ComputerEase: recensione programma - Accurate Reviews\" \/>\n<meta property=\"og:description\" content=\"ComputerEase: recensione del programma che permette ai team che lavorano nel settore dell&#039;edilizia commerciale, di ottimizzare il flusso di lavoro.\" \/>\n<meta property=\"og:url\" content=\"https:\/\/www.accuratereviews.com\/it\/project-management-online-lista-software\/computerease-recensione\/\" \/>\n<meta property=\"og:site_name\" content=\"Accurate Reviews\" \/>\n<meta property=\"article:modified_time\" content=\"2019-10-11T12:00:09+00:00\" \/>\n<meta property=\"og:image\" content=\"https:\/\/www.accuratereviews.com\/wp-content\/uploads\/2019\/10\/ComputerEase_Logo-01.png\" \/>\n\t<meta property=\"og:image:width\" content=\"2711\" \/>\n\t<meta property=\"og:image:height\" content=\"761\" \/>\n\t<meta property=\"og:image:type\" content=\"image\/png\" \/>\n<meta name=\"twitter:card\" content=\"summary_large_image\" \/>\n<meta name=\"twitter:label1\" content=\"Tempo di lettura stimato\" \/>\n\t<meta name=\"twitter:data1\" content=\"3 minuti\" \/>\n<script type=\"application\/ld+json\" class=\"yoast-schema-graph\">{\"@context\":\"https:\\\/\\\/schema.org\",\"@graph\":[{\"@type\":\"WebPage\",\"@id\":\"https:\\\/\\\/www.accuratereviews.com\\\/it\\\/project-management-online-lista-software\\\/computerease-recensione\\\/\",\"url\":\"https:\\\/\\\/www.accuratereviews.com\\\/it\\\/project-management-online-lista-software\\\/computerease-recensione\\\/\",\"name\":\"ComputerEase: recensione programma - Accurate Reviews\",\"isPartOf\":{\"@id\":\"https:\\\/\\\/www.accuratereviews.com\\\/it\\\/#website\"},\"primaryImageOfPage\":{\"@id\":\"https:\\\/\\\/www.accuratereviews.com\\\/it\\\/project-management-online-lista-software\\\/computerease-recensione\\\/#primaryimage\"},\"image\":{\"@id\":\"https:\\\/\\\/www.accuratereviews.com\\\/it\\\/project-management-online-lista-software\\\/computerease-recensione\\\/#primaryimage\"},\"thumbnailUrl\":\"https:\\\/\\\/www.accuratereviews.com\\\/wp-content\\\/uploads\\\/2019\\\/10\\\/ComputerEase_Logo-01.png\",\"datePublished\":\"2019-10-11T10:32:36+00:00\",\"dateModified\":\"2019-10-11T12:00:09+00:00\",\"description\":\"ComputerEase: recensione del programma che permette ai team che lavorano nel settore dell'edilizia commerciale, di ottimizzare il flusso di lavoro.\",\"breadcrumb\":{\"@id\":\"https:\\\/\\\/www.accuratereviews.com\\\/it\\\/project-management-online-lista-software\\\/computerease-recensione\\\/#breadcrumb\"},\"inLanguage\":\"it-IT\",\"potentialAction\":[{\"@type\":\"ReadAction\",\"target\":[\"https:\\\/\\\/www.accuratereviews.com\\\/it\\\/project-management-online-lista-software\\\/computerease-recensione\\\/\"]}]},{\"@type\":\"ImageObject\",\"inLanguage\":\"it-IT\",\"@id\":\"https:\\\/\\\/www.accuratereviews.com\\\/it\\\/project-management-online-lista-software\\\/computerease-recensione\\\/#primaryimage\",\"url\":\"https:\\\/\\\/www.accuratereviews.com\\\/wp-content\\\/uploads\\\/2019\\\/10\\\/ComputerEase_Logo-01.png\",\"contentUrl\":\"https:\\\/\\\/www.accuratereviews.com\\\/wp-content\\\/uploads\\\/2019\\\/10\\\/ComputerEase_Logo-01.png\",\"width\":2711,\"height\":761},{\"@type\":\"BreadcrumbList\",\"@id\":\"https:\\\/\\\/www.accuratereviews.com\\\/it\\\/project-management-online-lista-software\\\/computerease-recensione\\\/#breadcrumb\",\"itemListElement\":[{\"@type\":\"ListItem\",\"position\":1,\"name\":\"Home\",\"item\":\"https:\\\/\\\/www.accuratereviews.com\\\/it\\\/\"},{\"@type\":\"ListItem\",\"position\":2,\"name\":\"Project Management Online\",\"item\":\"https:\\\/\\\/www.accuratereviews.com\\\/it\\\/project-management-online-lista-software\\\/\"},{\"@type\":\"ListItem\",\"position\":3,\"name\":\"ComputerEase\"}]},{\"@type\":\"WebSite\",\"@id\":\"https:\\\/\\\/www.accuratereviews.com\\\/it\\\/#website\",\"url\":\"https:\\\/\\\/www.accuratereviews.com\\\/it\\\/\",\"name\":\"Accurate Reviews\",\"description\":\"\",\"potentialAction\":[{\"@type\":\"SearchAction\",\"target\":{\"@type\":\"EntryPoint\",\"urlTemplate\":\"https:\\\/\\\/www.accuratereviews.com\\\/it\\\/?s={search_term_string}\"},\"query-input\":{\"@type\":\"PropertyValueSpecification\",\"valueRequired\":true,\"valueName\":\"search_term_string\"}}],\"inLanguage\":\"it-IT\"}]}<\/script>\n<!-- \/ Yoast SEO plugin. -->","yoast_head_json":{"title":"ComputerEase: recensione programma - Accurate Reviews","description":"ComputerEase: recensione del programma che permette ai team che lavorano nel settore dell'edilizia commerciale, di ottimizzare il flusso di lavoro.","robots":{"index":"index","follow":"follow","max-snippet":"max-snippet:-1","max-image-preview":"max-image-preview:large","max-video-preview":"max-video-preview:-1"},"canonical":"https:\/\/www.accuratereviews.com\/it\/project-management-online-lista-software\/computerease-recensione\/","og_locale":"it_IT","og_type":"article","og_title":"ComputerEase: recensione programma - Accurate Reviews","og_description":"ComputerEase: recensione del programma che permette ai team che lavorano nel settore dell'edilizia commerciale, di ottimizzare il flusso di lavoro.","og_url":"https:\/\/www.accuratereviews.com\/it\/project-management-online-lista-software\/computerease-recensione\/","og_site_name":"Accurate Reviews","article_modified_time":"2019-10-11T12:00:09+00:00","og_image":[{"width":2711,"height":761,"url":"https:\/\/www.accuratereviews.com\/wp-content\/uploads\/2019\/10\/ComputerEase_Logo-01.png","type":"image\/png"}],"twitter_card":"summary_large_image","twitter_misc":{"Tempo di lettura stimato":"3 minuti"},"schema":{"@context":"https:\/\/schema.org","@graph":[{"@type":"WebPage","@id":"https:\/\/www.accuratereviews.com\/it\/project-management-online-lista-software\/computerease-recensione\/","url":"https:\/\/www.accuratereviews.com\/it\/project-management-online-lista-software\/computerease-recensione\/","name":"ComputerEase: recensione programma - Accurate Reviews","isPartOf":{"@id":"https:\/\/www.accuratereviews.com\/it\/#website"},"primaryImageOfPage":{"@id":"https:\/\/www.accuratereviews.com\/it\/project-management-online-lista-software\/computerease-recensione\/#primaryimage"},"image":{"@id":"https:\/\/www.accuratereviews.com\/it\/project-management-online-lista-software\/computerease-recensione\/#primaryimage"},"thumbnailUrl":"https:\/\/www.accuratereviews.com\/wp-content\/uploads\/2019\/10\/ComputerEase_Logo-01.png","datePublished":"2019-10-11T10:32:36+00:00","dateModified":"2019-10-11T12:00:09+00:00","description":"ComputerEase: recensione del programma che permette ai team che lavorano nel settore dell'edilizia commerciale, di ottimizzare il flusso di lavoro.","breadcrumb":{"@id":"https:\/\/www.accuratereviews.com\/it\/project-management-online-lista-software\/computerease-recensione\/#breadcrumb"},"inLanguage":"it-IT","potentialAction":[{"@type":"ReadAction","target":["https:\/\/www.accuratereviews.com\/it\/project-management-online-lista-software\/computerease-recensione\/"]}]},{"@type":"ImageObject","inLanguage":"it-IT","@id":"https:\/\/www.accuratereviews.com\/it\/project-management-online-lista-software\/computerease-recensione\/#primaryimage","url":"https:\/\/www.accuratereviews.com\/wp-content\/uploads\/2019\/10\/ComputerEase_Logo-01.png","contentUrl":"https:\/\/www.accuratereviews.com\/wp-content\/uploads\/2019\/10\/ComputerEase_Logo-01.png","width":2711,"height":761},{"@type":"BreadcrumbList","@id":"https:\/\/www.accuratereviews.com\/it\/project-management-online-lista-software\/computerease-recensione\/#breadcrumb","itemListElement":[{"@type":"ListItem","position":1,"name":"Home","item":"https:\/\/www.accuratereviews.com\/it\/"},{"@type":"ListItem","position":2,"name":"Project Management Online","item":"https:\/\/www.accuratereviews.com\/it\/project-management-online-lista-software\/"},{"@type":"ListItem","position":3,"name":"ComputerEase"}]},{"@type":"WebSite","@id":"https:\/\/www.accuratereviews.com\/it\/#website","url":"https:\/\/www.accuratereviews.com\/it\/","name":"Accurate Reviews","description":"","potentialAction":[{"@type":"SearchAction","target":{"@type":"EntryPoint","urlTemplate":"https:\/\/www.accuratereviews.com\/it\/?s={search_term_string}"},"query-input":{"@type":"PropertyValueSpecification","valueRequired":true,"valueName":"search_term_string"}}],"inLanguage":"it-IT"}]}},"_links":{"self":[{"href":"https:\/\/www.accuratereviews.com\/it\/wp-json\/wp\/v2\/pages\/19083","targetHints":{"allow":["GET"]}}],"collection":[{"href":"https:\/\/www.accuratereviews.com\/it\/wp-json\/wp\/v2\/pages"}],"about":[{"href":"https:\/\/www.accuratereviews.com\/it\/wp-json\/wp\/v2\/types\/page"}],"author":[{"embeddable":true,"href":"https:\/\/www.accuratereviews.com\/it\/wp-json\/wp\/v2\/users\/17"}],"replies":[{"embeddable":true,"href":"https:\/\/www.accuratereviews.com\/it\/wp-json\/wp\/v2\/comments?post=19083"}],"version-history":[{"count":3,"href":"https:\/\/www.accuratereviews.com\/it\/wp-json\/wp\/v2\/pages\/19083\/revisions"}],"predecessor-version":[{"id":19097,"href":"https:\/\/www.accuratereviews.com\/it\/wp-json\/wp\/v2\/pages\/19083\/revisions\/19097"}],"up":[{"embeddable":true,"href":"https:\/\/www.accuratereviews.com\/it\/wp-json\/wp\/v2\/pages\/8333"}],"wp:featuredmedia":[{"embeddable":true,"href":"https:\/\/www.accuratereviews.com\/it\/wp-json\/wp\/v2\/media\/19086"}],"wp:attachment":[{"href":"https:\/\/www.accuratereviews.com\/it\/wp-json\/wp\/v2\/media?parent=19083"}],"wp:term":[{"taxonomy":"category","embeddable":true,"href":"https:\/\/www.accuratereviews.com\/it\/wp-json\/wp\/v2\/categories?post=19083"},{"taxonomy":"post_tag","embeddable":true,"href":"https:\/\/www.accuratereviews.com\/it\/wp-json\/wp\/v2\/tags?post=19083"},{"taxonomy":"features","embeddable":true,"href":"https:\/\/www.accuratereviews.com\/it\/wp-json\/wp\/v2\/features?post=19083"}],"curies":[{"name":"wp","href":"https:\/\/api.w.org\/{rel}","templated":true}]}}