{"id":19107,"date":"2019-10-14T13:33:01","date_gmt":"2019-10-14T13:33:01","guid":{"rendered":"https:\/\/www.accuratereviews.com\/?page_id=19107"},"modified":"2019-10-14T13:33:01","modified_gmt":"2019-10-14T13:33:01","slug":"flow-recensione","status":"publish","type":"page","link":"https:\/\/www.accuratereviews.com\/it\/project-management-online-lista-software\/flow-recensione\/","title":{"rendered":"Flow"},"content":{"rendered":"<p><strong>Flow<\/strong> \u00e8 un software semplice e affidabile per la <strong>gestione di progetti<\/strong> e attivit\u00e0 sviluppato da Metalab. Questa piattaforma offre una gestione agile delle attivit\u00e0, gestione dei progetti, rilevamento dei problemi, collaborazione, apprendimento, supporto e reportistica. \u00c8 un software che aiuta i team a stabilire le priorit\u00e0 dei lavori, la pianificazione dei progetti, la delega delle attivit\u00e0 e il controllo su tutto ci\u00f2 che conta di pi\u00f9.\u00a0Flow \u00e8 interamente basato sul web ed \u00e8 compatibile con tutti i browser, tutti i sistemi operativi principali e dispositivi mobili. <strong>Flow<\/strong> \u00e8 facile da usare con un design semplice e ordinato e di facile comprensione \u00a0sia agli esperti di tecnologia che ai principianti. Gli elenchi di attivit\u00e0 consentono di organizzare i propri lavori e visualizzare le attivit\u00e0 nel calendario.<\/p>\n<h2>FLOW &#8211; TUTORIAL<\/h2>\n<p>Con questo tutorial visualizza il flusso di lavoro del tuo team con questo <strong>software Project Management<\/strong>:<\/p>\n<div id=\"fluid-wrapper-counter-1\" class=\"g1-fluid-wrapper \" style=\"width:686px;\">\n<div style=\"padding-bottom:56.268221574344%;\"><iframe loading=\"lazy\" title=\"Visualizing your team&#039;s workflow in the all-new Flow\" width=\"686\" height=\"386\" src=\"https:\/\/www.youtube.com\/embed\/KfONqUKSLAc?feature=oembed&amp;wmode=transparent&amp;autohide=1&amp;autoplay=0&amp;disablekb=0&amp;fs=1&amp;loop=0&amp;enablejsapi=1&amp;rel=0&amp;controls=2&amp;showinfo=0&amp;wmode=transparent&amp;autohide=2&amp;autoplay=0&amp;disablekb=0&amp;fs=1&amp;loop=0&amp;enablejsapi=1&amp;rel=0&amp;controls=2&amp;showinfo=1\" frameborder=\"0\" allow=\"accelerometer; autoplay; encrypted-media; gyroscope; picture-in-picture\" allowfullscreen><\/iframe><\/div>\n<\/div>\n<h3>FLOW &#8211; CARATTERISTICHE<\/h3>\n<ul>\n<li><strong>Orari del progetto:<\/strong> visualizza un programma settimanale o mensile per qualsiasi progetto, direttamente dalla pannello Dettagli progetto.<\/li>\n<li><strong>Notifiche<\/strong>: le notifiche ti tengono informato di tutti gli aggiornamenti. Personalizzali per riceverne quanti ne desideri.<\/li>\n<li><strong>Squadre multiple<\/strong>: crea in base alle tue esigenze un numero illimitato di team.<\/li>\n<li><strong>Progetti pubblici e privati<\/strong>: mantieni le attivit\u00e0 organizzate in un progetto privato. Solo i membri che inviti lo vedranno.<\/li>\n<li><strong>Colori del progetto<\/strong>: aggiungi un po &#8216;di colore ai tuoi progetti per aiutarti a classificare, comunicare lo stato o semplicemente aggiornare le cose.<\/li>\n<li><strong>Filtri di progetto<\/strong>: filtra rapidamente i progetti per team, gruppo di lavoro, assegnatario, tag, progetto, parola chiave o preferito.<\/li>\n<li><strong>Commenti dell&#8217;attivit\u00e0<\/strong>: rispondi alle domande, ottieni chiarimenti immediati e commenti simili.<\/li>\n<li><strong>Attivit\u00e0 ricorrenti<\/strong>: crea facilmente attivit\u00e0 che si ripetono quotidianamente, settimanalmente, mensilmente o oltre.<\/li>\n<li><strong>Sezioni del progetto<\/strong>: raggruppa le attivit\u00e0 in sezioni per adattarle al tuo flusso di lavoro. Nella vista kanban, le sezioni diventano colonne.<\/li>\n<li><strong>Autorizzazioni utente<\/strong>: diversi team, account Guest, progetti privati \u200b\u200be attivit\u00e0 ti aiutano a controllare chi ha accesso a quali dati.<\/li>\n<li><strong>Progetti duplicati<\/strong>: duplica facilmente le iniziative ricorrenti e crea modelli di progetto.<\/li>\n<li><strong>Progetti di esportazione<\/strong>: esporta progetti e attivit\u00e0 in file PDF, CSV o HTML per una facile condivisione e stampa.<\/li>\n<\/ul>\n<h4>LE RECENSIONI DEGLI UTENTI<\/h4>\n<h4>Ofek A &#8220;La piattaforma di gestione del progetto pi\u00f9 semplice, pi\u00f9 gioiosa&#8221;<\/h4>\n<p><strong>Commenti<\/strong>: Lo usiamo come una versione aggiornata di &#8216;Trello&#8217;, che sostanzialmente consente la pianificazione di molti progetti in molti team in una posizione centrale e dispone di sezioni di reporting facili da usare<\/p>\n<p><strong>Vantaggi<\/strong>: Flow cerca di migliorare \u00a0l&#8217;intero procedimento di Project Management, di risolvere le problematiche e funziona molto bene. Flow, come suggerisce il nome, ha un certo flusso che ti guida attraverso la gestione e il reporting del tuo progetto. Se ti piace quel flusso, che \u00e8 estremamente semplice e facile da usare, potresti pianificare progetti e attivit\u00e0 piuttosto complicati, in una grande squadra, e rendere felice l&#8217;uso di un tale strumento, cosa molto rara in questo settore. Flow \u00e8 anche molto efficace nel focalizzarti su ci\u00f2 che \u00e8 importante segnalando e sottolineando le attivit\u00e0 che devi completare. Lo fa semplicemente conoscendo la data di scadenza per i tuoi compiti e quindi stabilendo le priorit\u00e0 per te in modo semplice e mirato.<\/p>\n<p><strong>Inconvenienti<\/strong>: come ogni strumento specifico non generalizzato, fa quello che fa molto bene, ma se esci dal flusso di Flow, pu\u00f2 diventare una seccatura da usare e tutti i suoi benefici andrebbero sprecati, e quindi un altro, pi\u00f9 lo strumento generalizzato sar\u00e0 pi\u00f9 efficiente.<\/p>\n<h4>Paul H. &#8220;Flow \u00e8 stato un gamechanger per me al passo con i compiti&#8221;<\/h4>\n<p><strong>Commenti<\/strong>: Flow mi fa risparmiare tempo. quale secondo me \u00e8 il beneficio pi\u00f9 prezioso che ci sia. Mi permette di concentrarmi su ci\u00f2 che sono bravo e non devo preoccuparmi di organizzare tutti i miei progetti e di cercare di ricordare a quali progetti sono dovuti.<\/p>\n<p><strong>Vantaggi<\/strong>: amo Flow per molte ragioni! Il motivo principale per cui amo questo software \u00e8 la sua capacit\u00e0 di organizzare e svolgere compiti semplici e facili. Come grafico, tendo ad essere pi\u00f9 sul lato creativo e meno consapevole di numeri e date. Flow mi consente di organizzare tutti i miei compiti entro la data di scadenza, il che mi aiuta a stabilire le priorit\u00e0 dei progetti e a non perdere mai pi\u00f9 una scadenza. Non solo mantiene i miei compiti organizzati, ma consente anche ad altre persone coinvolte nel progetto di essere in costante comunicazione tra loro. Puoi caricare allegati, i colleghi possono vedere e commentare la tua attivit\u00e0, offrire suggerimenti o modifiche in tempo reale tutto all&#8217;interno di Flow. \u00e8 quasi come avere una sequenza temporale di Facebook per il tuo progetto! L&#8217;uso di Flow ha davvero semplificato il nostro intero processo creativo, dall&#8217;ideazione al completamento di un progetto, Flow ci consente di essere al top del nostro gioco e concentrarci su ci\u00f2 che siamo bravi, fornendo il miglior servizio creativo che possiamo fornire.<\/p>\n<p><strong>Inconvenienti<\/strong>: se dovessi presentare un reclamo su Flow, sarebbe l&#8217;interfaccia utente, se non avessi familiarit\u00e0 con il programma e il modo in cui funziona, potrebbe essere facile perdersi nelle molteplici schede.<\/p>\n<h4>Julia M. &#8220;Vestibilit\u00e0 perfetta per il nostro team&#8221;<\/h4>\n<p><strong>Vantaggi<\/strong>: Quando ho iniziato con il team, tutto veniva tracciato su un foglio di Google, in iCal e le informazioni importanti per gli eventi dovevano sempre essere &#8220;estratte&#8221; dalle email o trovate su alcuni fogli di carta vari. Flow ha decisamente migliorato i processi quotidiani per me personalmente per garantire che ogni dettaglio venga gestito per ogni evento programmato. Penso che abbia aiutato il mio capo a sapere cosa sta succedendo a colpo d&#8217;occhio ogni volta che vuole. La naturale facilit\u00e0 di comunicazione con il team su compiti \/ progetti \/ eventi \u00e8 una grande caratteristica. Invece di fare qualcosa e riferire che \u00e8 stato fatto Flow avvisa chiunque sia abbonato, questo \u00e8 un risparmio di tempo. \u00c8 facile impostare progetti ripetuti, il che \u00e8 ottimo per il nostro team perch\u00e9 lo stesso modello di cose da fare viene utilizzato per ogni evento. La cosa grandiosa di Flow \u00e8 che ha le basi per soddisfare qualsiasi necessit\u00e0 tu possa avere e rimanere organizzato.<\/p>\n<p><strong>Inconvenienti<\/strong>: penso che la maggior parte delle aziende lavori quotidianamente con i clienti. A volte mi sento impantanato nel mantenere le informazioni \/ note di contatto nel sistema CRM e quindi doverlo trasferire a Flow quando \u00e8 programmato un evento in modo che gli altri membri del team possano accedervi facilmente quando necessario. Mi piacerebbe vedere un&#8217;integrazione CRM essere una funzione disponibile in futuro!<\/p>\n","protected":false},"excerpt":{"rendered":"<p>Flow \u00e8 un software semplice e affidabile per la gestione di progetti e attivit\u00e0 sviluppato da Metalab. Questa piattaforma offre una gestione agile delle attivit\u00e0, gestione dei progetti, rilevamento dei problemi, collaborazione, apprendimento, supporto e reportistica. \u00c8 un software che aiuta i team a stabilire le priorit\u00e0 dei lavori, la pianificazione dei progetti, la delega delle attivit\u00e0 e il controllo su tutto ci\u00f2 che conta di pi\u00f9.\u00a0<\/p>\n","protected":false},"author":19,"featured_media":19111,"parent":8333,"menu_order":0,"comment_status":"open","ping_status":"closed","template":"g1_template_page_review_new.php","meta":{"_acf_changed":false,"cwp_meta_box_check":"Yes","cwp_rev_product_name":"","cwp_rev_product_image":"","wppr_links":[],"cwp_rev_price":"","wppr_options":[],"wppr_pros":[],"wppr_cons":[],"_monsterinsights_skip_tracking":false,"_monsterinsights_sitenote_active":false,"_monsterinsights_sitenote_note":"","_monsterinsights_sitenote_category":0,"footnotes":""},"categories":[172],"tags":[1372,1324,1337,1310,1311,1309,1326,1320],"features":[],"class_list":{"0":"post-19107","1":"page","2":"type-page","3":"status-publish","4":"has-post-thumbnail","6":"category-online-project-management-it","7":"tag-flow","8":"tag-gestione-dei-progetti","9":"tag-programma-gestione-dei-progetti","10":"tag-programma-project-management","11":"tag-software-gestione-dei-progetti","12":"tag-software-project-management","13":"tag-soluzione-gestione-dei-progetti","14":"tag-soluzione-project-management"},"wppr_data":{"cwp_meta_box_check":"Yes","cwp_rev_product_name":"","cwp_rev_product_image":"","cwp_image_link":"image","cwp_rev_price":"","wppr_rating":"0.00"},"acf":[],"yoast_head":"<!-- This site is optimized with the Yoast SEO plugin v27.4 - https:\/\/yoast.com\/product\/yoast-seo-wordpress\/ -->\n<title>Flow: recensione software Project Management - Accurate Reviews<\/title>\n<meta name=\"description\" content=\"Flow: recensione software per la gestione di progetti e attivit\u00e0 semplice e affidabile sviluppato da Metalab per piccole e medi imprese.\" \/>\n<meta name=\"robots\" content=\"index, follow, max-snippet:-1, max-image-preview:large, max-video-preview:-1\" \/>\n<link rel=\"canonical\" href=\"https:\/\/www.accuratereviews.com\/it\/project-management-online-lista-software\/flow-recensione\/\" \/>\n<meta property=\"og:locale\" content=\"it_IT\" \/>\n<meta property=\"og:type\" content=\"article\" \/>\n<meta property=\"og:title\" content=\"Flow: recensione software Project Management - Accurate Reviews\" \/>\n<meta property=\"og:description\" content=\"Flow: recensione software per la gestione di progetti e attivit\u00e0 semplice e affidabile sviluppato da Metalab per piccole e medi imprese.\" \/>\n<meta property=\"og:url\" content=\"https:\/\/www.accuratereviews.com\/it\/project-management-online-lista-software\/flow-recensione\/\" \/>\n<meta property=\"og:site_name\" content=\"Accurate Reviews\" \/>\n<meta property=\"og:image\" content=\"https:\/\/www.accuratereviews.com\/wp-content\/uploads\/2019\/10\/flow.jpg\" \/>\n\t<meta property=\"og:image:width\" content=\"300\" \/>\n\t<meta property=\"og:image:height\" content=\"300\" \/>\n\t<meta property=\"og:image:type\" content=\"image\/jpeg\" \/>\n<meta name=\"twitter:card\" content=\"summary_large_image\" \/>\n<meta name=\"twitter:label1\" content=\"Tempo di lettura stimato\" \/>\n\t<meta name=\"twitter:data1\" content=\"5 minuti\" \/>\n<script type=\"application\/ld+json\" class=\"yoast-schema-graph\">{\"@context\":\"https:\\\/\\\/schema.org\",\"@graph\":[{\"@type\":\"WebPage\",\"@id\":\"https:\\\/\\\/www.accuratereviews.com\\\/it\\\/project-management-online-lista-software\\\/flow-recensione\\\/\",\"url\":\"https:\\\/\\\/www.accuratereviews.com\\\/it\\\/project-management-online-lista-software\\\/flow-recensione\\\/\",\"name\":\"Flow: recensione software Project Management - Accurate Reviews\",\"isPartOf\":{\"@id\":\"https:\\\/\\\/www.accuratereviews.com\\\/it\\\/#website\"},\"primaryImageOfPage\":{\"@id\":\"https:\\\/\\\/www.accuratereviews.com\\\/it\\\/project-management-online-lista-software\\\/flow-recensione\\\/#primaryimage\"},\"image\":{\"@id\":\"https:\\\/\\\/www.accuratereviews.com\\\/it\\\/project-management-online-lista-software\\\/flow-recensione\\\/#primaryimage\"},\"thumbnailUrl\":\"https:\\\/\\\/www.accuratereviews.com\\\/wp-content\\\/uploads\\\/2019\\\/10\\\/flow.jpg\",\"datePublished\":\"2019-10-14T13:33:01+00:00\",\"description\":\"Flow: recensione software per la gestione di progetti e attivit\u00e0 semplice e affidabile sviluppato da Metalab per piccole e medi imprese.\",\"breadcrumb\":{\"@id\":\"https:\\\/\\\/www.accuratereviews.com\\\/it\\\/project-management-online-lista-software\\\/flow-recensione\\\/#breadcrumb\"},\"inLanguage\":\"it-IT\",\"potentialAction\":[{\"@type\":\"ReadAction\",\"target\":[\"https:\\\/\\\/www.accuratereviews.com\\\/it\\\/project-management-online-lista-software\\\/flow-recensione\\\/\"]}]},{\"@type\":\"ImageObject\",\"inLanguage\":\"it-IT\",\"@id\":\"https:\\\/\\\/www.accuratereviews.com\\\/it\\\/project-management-online-lista-software\\\/flow-recensione\\\/#primaryimage\",\"url\":\"https:\\\/\\\/www.accuratereviews.com\\\/wp-content\\\/uploads\\\/2019\\\/10\\\/flow.jpg\",\"contentUrl\":\"https:\\\/\\\/www.accuratereviews.com\\\/wp-content\\\/uploads\\\/2019\\\/10\\\/flow.jpg\",\"width\":300,\"height\":300},{\"@type\":\"BreadcrumbList\",\"@id\":\"https:\\\/\\\/www.accuratereviews.com\\\/it\\\/project-management-online-lista-software\\\/flow-recensione\\\/#breadcrumb\",\"itemListElement\":[{\"@type\":\"ListItem\",\"position\":1,\"name\":\"Home\",\"item\":\"https:\\\/\\\/www.accuratereviews.com\\\/it\\\/\"},{\"@type\":\"ListItem\",\"position\":2,\"name\":\"Project Management Online\",\"item\":\"https:\\\/\\\/www.accuratereviews.com\\\/it\\\/project-management-online-lista-software\\\/\"},{\"@type\":\"ListItem\",\"position\":3,\"name\":\"Flow\"}]},{\"@type\":\"WebSite\",\"@id\":\"https:\\\/\\\/www.accuratereviews.com\\\/it\\\/#website\",\"url\":\"https:\\\/\\\/www.accuratereviews.com\\\/it\\\/\",\"name\":\"Accurate Reviews\",\"description\":\"\",\"potentialAction\":[{\"@type\":\"SearchAction\",\"target\":{\"@type\":\"EntryPoint\",\"urlTemplate\":\"https:\\\/\\\/www.accuratereviews.com\\\/it\\\/?s={search_term_string}\"},\"query-input\":{\"@type\":\"PropertyValueSpecification\",\"valueRequired\":true,\"valueName\":\"search_term_string\"}}],\"inLanguage\":\"it-IT\"}]}<\/script>\n<!-- \/ Yoast SEO plugin. -->","yoast_head_json":{"title":"Flow: recensione software Project Management - Accurate Reviews","description":"Flow: recensione software per la gestione di progetti e attivit\u00e0 semplice e affidabile sviluppato da Metalab per piccole e medi imprese.","robots":{"index":"index","follow":"follow","max-snippet":"max-snippet:-1","max-image-preview":"max-image-preview:large","max-video-preview":"max-video-preview:-1"},"canonical":"https:\/\/www.accuratereviews.com\/it\/project-management-online-lista-software\/flow-recensione\/","og_locale":"it_IT","og_type":"article","og_title":"Flow: recensione software Project Management - Accurate Reviews","og_description":"Flow: recensione software per la gestione di progetti e attivit\u00e0 semplice e affidabile sviluppato da Metalab per piccole e medi imprese.","og_url":"https:\/\/www.accuratereviews.com\/it\/project-management-online-lista-software\/flow-recensione\/","og_site_name":"Accurate Reviews","og_image":[{"width":300,"height":300,"url":"https:\/\/www.accuratereviews.com\/wp-content\/uploads\/2019\/10\/flow.jpg","type":"image\/jpeg"}],"twitter_card":"summary_large_image","twitter_misc":{"Tempo di lettura stimato":"5 minuti"},"schema":{"@context":"https:\/\/schema.org","@graph":[{"@type":"WebPage","@id":"https:\/\/www.accuratereviews.com\/it\/project-management-online-lista-software\/flow-recensione\/","url":"https:\/\/www.accuratereviews.com\/it\/project-management-online-lista-software\/flow-recensione\/","name":"Flow: recensione software Project Management - Accurate Reviews","isPartOf":{"@id":"https:\/\/www.accuratereviews.com\/it\/#website"},"primaryImageOfPage":{"@id":"https:\/\/www.accuratereviews.com\/it\/project-management-online-lista-software\/flow-recensione\/#primaryimage"},"image":{"@id":"https:\/\/www.accuratereviews.com\/it\/project-management-online-lista-software\/flow-recensione\/#primaryimage"},"thumbnailUrl":"https:\/\/www.accuratereviews.com\/wp-content\/uploads\/2019\/10\/flow.jpg","datePublished":"2019-10-14T13:33:01+00:00","description":"Flow: recensione software per la gestione di progetti e attivit\u00e0 semplice e affidabile sviluppato da Metalab per piccole e medi imprese.","breadcrumb":{"@id":"https:\/\/www.accuratereviews.com\/it\/project-management-online-lista-software\/flow-recensione\/#breadcrumb"},"inLanguage":"it-IT","potentialAction":[{"@type":"ReadAction","target":["https:\/\/www.accuratereviews.com\/it\/project-management-online-lista-software\/flow-recensione\/"]}]},{"@type":"ImageObject","inLanguage":"it-IT","@id":"https:\/\/www.accuratereviews.com\/it\/project-management-online-lista-software\/flow-recensione\/#primaryimage","url":"https:\/\/www.accuratereviews.com\/wp-content\/uploads\/2019\/10\/flow.jpg","contentUrl":"https:\/\/www.accuratereviews.com\/wp-content\/uploads\/2019\/10\/flow.jpg","width":300,"height":300},{"@type":"BreadcrumbList","@id":"https:\/\/www.accuratereviews.com\/it\/project-management-online-lista-software\/flow-recensione\/#breadcrumb","itemListElement":[{"@type":"ListItem","position":1,"name":"Home","item":"https:\/\/www.accuratereviews.com\/it\/"},{"@type":"ListItem","position":2,"name":"Project Management Online","item":"https:\/\/www.accuratereviews.com\/it\/project-management-online-lista-software\/"},{"@type":"ListItem","position":3,"name":"Flow"}]},{"@type":"WebSite","@id":"https:\/\/www.accuratereviews.com\/it\/#website","url":"https:\/\/www.accuratereviews.com\/it\/","name":"Accurate Reviews","description":"","potentialAction":[{"@type":"SearchAction","target":{"@type":"EntryPoint","urlTemplate":"https:\/\/www.accuratereviews.com\/it\/?s={search_term_string}"},"query-input":{"@type":"PropertyValueSpecification","valueRequired":true,"valueName":"search_term_string"}}],"inLanguage":"it-IT"}]}},"_links":{"self":[{"href":"https:\/\/www.accuratereviews.com\/it\/wp-json\/wp\/v2\/pages\/19107","targetHints":{"allow":["GET"]}}],"collection":[{"href":"https:\/\/www.accuratereviews.com\/it\/wp-json\/wp\/v2\/pages"}],"about":[{"href":"https:\/\/www.accuratereviews.com\/it\/wp-json\/wp\/v2\/types\/page"}],"author":[{"embeddable":true,"href":"https:\/\/www.accuratereviews.com\/it\/wp-json\/wp\/v2\/users\/19"}],"replies":[{"embeddable":true,"href":"https:\/\/www.accuratereviews.com\/it\/wp-json\/wp\/v2\/comments?post=19107"}],"version-history":[{"count":9,"href":"https:\/\/www.accuratereviews.com\/it\/wp-json\/wp\/v2\/pages\/19107\/revisions"}],"predecessor-version":[{"id":19134,"href":"https:\/\/www.accuratereviews.com\/it\/wp-json\/wp\/v2\/pages\/19107\/revisions\/19134"}],"up":[{"embeddable":true,"href":"https:\/\/www.accuratereviews.com\/it\/wp-json\/wp\/v2\/pages\/8333"}],"wp:featuredmedia":[{"embeddable":true,"href":"https:\/\/www.accuratereviews.com\/it\/wp-json\/wp\/v2\/media\/19111"}],"wp:attachment":[{"href":"https:\/\/www.accuratereviews.com\/it\/wp-json\/wp\/v2\/media?parent=19107"}],"wp:term":[{"taxonomy":"category","embeddable":true,"href":"https:\/\/www.accuratereviews.com\/it\/wp-json\/wp\/v2\/categories?post=19107"},{"taxonomy":"post_tag","embeddable":true,"href":"https:\/\/www.accuratereviews.com\/it\/wp-json\/wp\/v2\/tags?post=19107"},{"taxonomy":"features","embeddable":true,"href":"https:\/\/www.accuratereviews.com\/it\/wp-json\/wp\/v2\/features?post=19107"}],"curies":[{"name":"wp","href":"https:\/\/api.w.org\/{rel}","templated":true}]}}