{"id":19109,"date":"2019-10-14T13:30:30","date_gmt":"2019-10-14T13:30:30","guid":{"rendered":"https:\/\/www.accuratereviews.com\/?page_id=19109"},"modified":"2020-12-23T11:48:49","modified_gmt":"2020-12-23T11:48:49","slug":"wimi-recensione","status":"publish","type":"page","link":"https:\/\/www.accuratereviews.com\/it\/project-management-online-lista-software\/wimi-recensione\/","title":{"rendered":"Wimi"},"content":{"rendered":"<p><strong>Wimi<\/strong> \u00e8 una soluzione di <strong>gestione dei progetti<\/strong> <strong>online<\/strong> che riunisce tutte le funzionalit\u00e0 essenziali per la gestione dei progetti in un&#8217;unica solida piattaforma. Ti consente di condividere, gestire e inviare facilmente file e documenti. Assegnare compiti e monitorare l&#8217;avanzamento del progetto, tenere traccia delle scadenze e programmare gli eventi, collaborare con i membri del tuo team \u00a0e aumentare la produttivit\u00e0 dei tuoi collaboratori. Oltre 50.000 aziende usano Wimi quotidianamente: piccole e medie imprese, freelance, NPO e grandi aziende.\u00a0Wimi ha anche app per i dispositivi iOS e Android, che consentono di accedere facilmente al programma in ogni momento e in ogni luogo.<\/p>\n<h2>WIMI &#8211; TUTORIAL<\/h2>\n<p>Guardiamo insieme il tutorial inerente a questo<strong> software Project Management:<\/strong><\/p>\n<div id=\"fluid-wrapper-counter-1\" class=\"g1-fluid-wrapper \" style=\"width:686px;\">\n<div style=\"padding-bottom:56.268221574344%;\"><iframe loading=\"lazy\" title=\"WIMI Software Tutorial\" width=\"686\" height=\"386\" src=\"https:\/\/www.youtube.com\/embed\/k5T89jhGVzs?feature=oembed&amp;wmode=transparent&amp;autohide=1&amp;autoplay=0&amp;disablekb=0&amp;fs=1&amp;loop=0&amp;enablejsapi=1&amp;rel=0&amp;controls=2&amp;showinfo=0&amp;wmode=transparent&amp;autohide=2&amp;autoplay=0&amp;disablekb=0&amp;fs=1&amp;loop=0&amp;enablejsapi=1&amp;rel=0&amp;controls=2&amp;showinfo=1\" frameborder=\"0\" allow=\"accelerometer; autoplay; encrypted-media; gyroscope; picture-in-picture\" allowfullscreen><\/iframe><\/div>\n<\/div>\n<p>&nbsp;<\/p>\n<h3>WIMI &#8211; CARATTERISTICHE<\/h3>\n<ul>\n<li><strong>Centralizza<\/strong> documenti, calendari, discussioni e attivit\u00e0. Mantieni sincronizzati tutti i processi aziendali.<\/li>\n<li><strong>Migliora<\/strong> la produttivit\u00e0, migliora la comunicazione interna e collabora in tempo reale.<\/li>\n<li><strong>Collabora<\/strong> con i tuoi clienti e crea prodotti e servizi che soddisfino e addirittura superino le loro aspettative.<\/li>\n<li><strong>Accedi<\/strong>\u00a0al programma da qualsiasi dispositivo in qualsiasi momento. Anche se sei offline.<\/li>\n<li><strong>Crea<\/strong> il tuo spazio personale nel cloud e configuralo con i tuoi colori e il tuo marchio.<\/li>\n<\/ul>\n<h4>LE RECENSIONI DEGLI UTENTI<\/h4>\n<h4>Franck C. &#8220;La migliore soluzione per la gestione di tutti i tipi di progetti collaborativi&#8221;<\/h4>\n<p><strong>Commenti<\/strong>: Ciao a tutti, utilizzo Wimi come parte della mia attivit\u00e0 professionale e particolare per gestire prevalentemente progetti web e altri aspetti.\u00a0Trovo che Wimi sia davvero al di sopra di BaseCamp in termini di ergonomia e facilit\u00e0 d&#8217;uso per il suo utilizzo soprattutto per collaborare con persone che non conoscono affatto questi strumenti di gestione del progetto che aumentano significativamente il nostro flusso di lavoro!<br \/>\nHo visto che Wimi poteva connettersi a Zapier, ma \u00e8 compatibile per automatizzare determinate attivit\u00e0 come Zapier lo consente con BaseCamp? Un cliente Wimi molto soddisfatto di questo fantastico strumento!<br \/>\nTanto di cappello a designer e sviluppatori non c&#8217;\u00e8 da stupirsi che Wimi faccia parte della Top 5 World! Viva Wimi con il desiderio di detronizzare BaseCamp<\/p>\n<p><strong>Vantaggi<\/strong>: utilizzo Wimi come parte della mia attivit\u00e0 professionale e particolare per gestire prevalentemente progetti web e altri aspetti naturali.<br \/>\nTrovo che Wimi sia davvero al di sopra di BaseCamp in termini di ergonomia e facilit\u00e0 d&#8217;uso per il suo utilizzo soprattutto per collaborare con persone che non conoscono affatto questi strumenti di gestione del progetto che aumentano significativamente il nostro flusso di lavoro!<br \/>\nHo visto che Wimi poteva connettersi a Zapier, ma \u00e8 compatibile per automatizzare determinate attivit\u00e0 come Zapier lo consente con BaseCamp? Un cliente Wimi molto soddisfatto di questo fantastico strumento!<br \/>\nTanto di cappello a designer e sviluppatori .. non c&#8217;\u00e8 da stupirsi che Wimi faccia parte della Top 5 World! ;-) Lunga vita a Wimi con l&#8217;augurio di detronizzare BaseCamp<\/p>\n<p><strong>Inconvenienti<\/strong>: ho visto che Wimi poteva connettersi a Zapier, ma \u00e8 compatibile per automatizzare determinate attivit\u00e0 come Zapier lo consente con BaseCamp?<\/p>\n<h4>Dan-claudiu G. &#8220;Portare ordine nel caos in una startup&#8221;<\/h4>\n<p><strong>Commenti<\/strong>: Far parte di una startup \u00e8 una sfida e la mancanza di ordine pu\u00f2 rovinare le tue possibilit\u00e0 di offrire un ottimo prodotto o servizio. Ho cercato una soluzione che possa aiutarmi a gestire le mie attivit\u00e0, gli appuntamenti e, ultimo ma non meno importante, sincronizzare i miei file con i miei collaboratori e persino i miei clienti. Wimi mi ha permesso di fornire servizi e prodotti alle mie aziende in tempo e con facilit\u00e0, mentre nella comunicazione diretta con i miei clienti, tramite chat o persino videoconferenza, tutto in un&#8217;unica soluzione &#8211; non pi\u00f9 correre attraverso piattaforme diverse e dimenticare i dettagli di accesso, e \u00e8 qualcosa che tutti sapete \u00e8 davvero difficile da tenere a mente mentre avviate la vostra attivit\u00e0. Ah, e ho quasi dimenticato di menzionare che essendo in fuga, mi \u00e8 davvero piaciuto avere un&#8217;app mobile che mi ha permesso di accedere ai miei file e attivit\u00e0 in movimento. S\u00ec, nessuno \u00e8 perfetto, ma questa \u00e8 la piattaforma pi\u00f9 utile e conveniente sul mercato e la migliorano ogni giorno. TL; DR Provaci, sono sicuro che non te ne pentirai.<\/p>\n<p><strong>Vantaggi<\/strong>: soluzione all-in-one per portare ordine nel caos in una startup: sincronizzazione dei documenti e accesso (web \/ desktop \/ mobile) \/ attivit\u00e0 \/ calendario \/ appuntamenti \/ chat \/ videoconferenza e s\u00ec, richiesta primaria di oggi, app mobili.<br \/>\n\u00c8 possibile creare account cliente per condividere l&#8217;avanzamento del progetto con i propri clienti.<br \/>\nSupporto di alta qualit\u00e0.<\/p>\n<p><strong>Inconvenienti<\/strong>: ogni progetto ha i suoi svantaggi, ma non ne vedo nessuno, che pu\u00f2 essere cos\u00ec grande e non pu\u00f2 essere superato, o semplicemente richiesto e consegnato nei prossimi aggiornamenti.<\/p>\n<h4>Gerald M. &#8220;Dopo anni di ricerca dello strumento perfetto&#8221;<\/h4>\n<p><strong>Commenti<\/strong>: Usiamo attivit\u00e0, calendari, sistema di condivisione &#8230; nessuno mi ha permesso di fare esattamente ci\u00f2 di cui avevo bisogno. Poi abbiamo trovato Wimi &#8230;.<br \/>\nCon un unico accesso, il mio team e io siamo stati in grado di condividere documenti, attivit\u00e0, seguire progetti, tenere un registro storico del lavoro svolto da progetti e clienti.<br \/>\nAbbiamo usato loghi e immagini per ogni cliente, cos\u00ec rapidamente e con un solo sguardo siamo in grado di andare al progetto client. Sono contento che abbiamo trovato Wimi<\/p>\n<p><strong>Vantaggi<\/strong>: molto user friendly.\u00a0Fa il 95% di ci\u00f2 di cui avevamo bisogno nella gestione dei progetti e negli strumenti di condivisione.<\/p>\n<p><strong>Inconvenienti<\/strong>: all&#8217;inizio avevamo qualche problema di interfaccia. Ma con ogni aggiornamento, \u00e8 migliorato.<\/p>\n<p>&nbsp;<\/p>\n","protected":false},"excerpt":{"rendered":"<p>Wimi \u00e8 una soluzione di gestione dei progetti online che riunisce tutte le funzionalit\u00e0 essenziali per la gestione dei progetti in un&#8217;unica solida piattaforma. Ti consente di condividere, gestire e inviare facilmente file e documenti.<\/p>\n","protected":false},"author":19,"featured_media":19122,"parent":8333,"menu_order":0,"comment_status":"open","ping_status":"closed","template":"g1_template_page_review_new.php","meta":{"_acf_changed":false,"cwp_meta_box_check":"Yes","cwp_rev_product_name":"","cwp_rev_product_image":"","wppr_links":[],"cwp_rev_price":"","wppr_options":[],"wppr_pros":[],"wppr_cons":[],"_monsterinsights_skip_tracking":false,"_monsterinsights_sitenote_active":false,"_monsterinsights_sitenote_note":"","_monsterinsights_sitenote_category":0,"footnotes":""},"categories":[172],"tags":[396,1337,1310,1311,1309,1326,1320,1373],"features":[],"class_list":{"0":"post-19109","1":"page","2":"type-page","3":"status-publish","4":"has-post-thumbnail","6":"category-online-project-management-it","7":"tag-cloud","8":"tag-programma-gestione-dei-progetti","9":"tag-programma-project-management","10":"tag-software-gestione-dei-progetti","11":"tag-software-project-management","12":"tag-soluzione-gestione-dei-progetti","13":"tag-soluzione-project-management","14":"tag-wimi"},"wppr_data":{"cwp_meta_box_check":"Yes","cwp_rev_product_name":"","cwp_rev_product_image":"","cwp_image_link":"image","cwp_rev_price":"","wppr_rating":"0.00"},"acf":[],"yoast_head":"<!-- This site is optimized with the Yoast SEO plugin v27.4 - https:\/\/yoast.com\/product\/yoast-seo-wordpress\/ -->\n<title>Wimi: recensione software Project Management - Accurate Reviews<\/title>\n<meta name=\"description\" content=\"Wimi: recensione soluzione di gestione dei progetti online che riunisce tutte le funzionalit\u00e0 essenziali per la gestione dei tuoi progetti.\" \/>\n<meta name=\"robots\" content=\"index, follow, max-snippet:-1, max-image-preview:large, max-video-preview:-1\" \/>\n<link rel=\"canonical\" href=\"https:\/\/www.accuratereviews.com\/it\/project-management-online-lista-software\/wimi-recensione\/\" \/>\n<meta property=\"og:locale\" content=\"it_IT\" \/>\n<meta property=\"og:type\" content=\"article\" \/>\n<meta property=\"og:title\" content=\"Wimi: recensione software Project Management - Accurate Reviews\" \/>\n<meta property=\"og:description\" content=\"Wimi: recensione soluzione di gestione dei progetti online che riunisce tutte le funzionalit\u00e0 essenziali per la gestione dei tuoi progetti.\" \/>\n<meta property=\"og:url\" content=\"https:\/\/www.accuratereviews.com\/it\/project-management-online-lista-software\/wimi-recensione\/\" \/>\n<meta property=\"og:site_name\" content=\"Accurate Reviews\" \/>\n<meta property=\"article:modified_time\" content=\"2020-12-23T11:48:49+00:00\" \/>\n<meta property=\"og:image\" content=\"https:\/\/www.accuratereviews.com\/wp-content\/uploads\/2019\/10\/wimi.png\" \/>\n\t<meta property=\"og:image:width\" content=\"1200\" \/>\n\t<meta property=\"og:image:height\" content=\"630\" \/>\n\t<meta property=\"og:image:type\" content=\"image\/png\" \/>\n<meta name=\"twitter:card\" content=\"summary_large_image\" \/>\n<meta name=\"twitter:label1\" content=\"Tempo di lettura stimato\" \/>\n\t<meta name=\"twitter:data1\" content=\"4 minuti\" \/>\n<script type=\"application\/ld+json\" class=\"yoast-schema-graph\">{\"@context\":\"https:\\\/\\\/schema.org\",\"@graph\":[{\"@type\":\"WebPage\",\"@id\":\"https:\\\/\\\/www.accuratereviews.com\\\/it\\\/project-management-online-lista-software\\\/wimi-recensione\\\/\",\"url\":\"https:\\\/\\\/www.accuratereviews.com\\\/it\\\/project-management-online-lista-software\\\/wimi-recensione\\\/\",\"name\":\"Wimi: recensione software Project Management - Accurate Reviews\",\"isPartOf\":{\"@id\":\"https:\\\/\\\/www.accuratereviews.com\\\/it\\\/#website\"},\"primaryImageOfPage\":{\"@id\":\"https:\\\/\\\/www.accuratereviews.com\\\/it\\\/project-management-online-lista-software\\\/wimi-recensione\\\/#primaryimage\"},\"image\":{\"@id\":\"https:\\\/\\\/www.accuratereviews.com\\\/it\\\/project-management-online-lista-software\\\/wimi-recensione\\\/#primaryimage\"},\"thumbnailUrl\":\"https:\\\/\\\/www.accuratereviews.com\\\/wp-content\\\/uploads\\\/2019\\\/10\\\/wimi.png\",\"datePublished\":\"2019-10-14T13:30:30+00:00\",\"dateModified\":\"2020-12-23T11:48:49+00:00\",\"description\":\"Wimi: recensione soluzione di gestione dei progetti online che riunisce tutte le funzionalit\u00e0 essenziali per la gestione dei tuoi progetti.\",\"breadcrumb\":{\"@id\":\"https:\\\/\\\/www.accuratereviews.com\\\/it\\\/project-management-online-lista-software\\\/wimi-recensione\\\/#breadcrumb\"},\"inLanguage\":\"it-IT\",\"potentialAction\":[{\"@type\":\"ReadAction\",\"target\":[\"https:\\\/\\\/www.accuratereviews.com\\\/it\\\/project-management-online-lista-software\\\/wimi-recensione\\\/\"]}]},{\"@type\":\"ImageObject\",\"inLanguage\":\"it-IT\",\"@id\":\"https:\\\/\\\/www.accuratereviews.com\\\/it\\\/project-management-online-lista-software\\\/wimi-recensione\\\/#primaryimage\",\"url\":\"https:\\\/\\\/www.accuratereviews.com\\\/wp-content\\\/uploads\\\/2019\\\/10\\\/wimi.png\",\"contentUrl\":\"https:\\\/\\\/www.accuratereviews.com\\\/wp-content\\\/uploads\\\/2019\\\/10\\\/wimi.png\",\"width\":1200,\"height\":630},{\"@type\":\"BreadcrumbList\",\"@id\":\"https:\\\/\\\/www.accuratereviews.com\\\/it\\\/project-management-online-lista-software\\\/wimi-recensione\\\/#breadcrumb\",\"itemListElement\":[{\"@type\":\"ListItem\",\"position\":1,\"name\":\"Home\",\"item\":\"https:\\\/\\\/www.accuratereviews.com\\\/it\\\/\"},{\"@type\":\"ListItem\",\"position\":2,\"name\":\"Project Management Online\",\"item\":\"https:\\\/\\\/www.accuratereviews.com\\\/it\\\/project-management-online-lista-software\\\/\"},{\"@type\":\"ListItem\",\"position\":3,\"name\":\"Wimi\"}]},{\"@type\":\"WebSite\",\"@id\":\"https:\\\/\\\/www.accuratereviews.com\\\/it\\\/#website\",\"url\":\"https:\\\/\\\/www.accuratereviews.com\\\/it\\\/\",\"name\":\"Accurate Reviews\",\"description\":\"\",\"potentialAction\":[{\"@type\":\"SearchAction\",\"target\":{\"@type\":\"EntryPoint\",\"urlTemplate\":\"https:\\\/\\\/www.accuratereviews.com\\\/it\\\/?s={search_term_string}\"},\"query-input\":{\"@type\":\"PropertyValueSpecification\",\"valueRequired\":true,\"valueName\":\"search_term_string\"}}],\"inLanguage\":\"it-IT\"}]}<\/script>\n<!-- \/ Yoast SEO plugin. -->","yoast_head_json":{"title":"Wimi: recensione software Project Management - Accurate Reviews","description":"Wimi: recensione soluzione di gestione dei progetti online che riunisce tutte le funzionalit\u00e0 essenziali per la gestione dei tuoi progetti.","robots":{"index":"index","follow":"follow","max-snippet":"max-snippet:-1","max-image-preview":"max-image-preview:large","max-video-preview":"max-video-preview:-1"},"canonical":"https:\/\/www.accuratereviews.com\/it\/project-management-online-lista-software\/wimi-recensione\/","og_locale":"it_IT","og_type":"article","og_title":"Wimi: recensione software Project Management - Accurate Reviews","og_description":"Wimi: recensione soluzione di gestione dei progetti online che riunisce tutte le funzionalit\u00e0 essenziali per la gestione dei tuoi progetti.","og_url":"https:\/\/www.accuratereviews.com\/it\/project-management-online-lista-software\/wimi-recensione\/","og_site_name":"Accurate Reviews","article_modified_time":"2020-12-23T11:48:49+00:00","og_image":[{"width":1200,"height":630,"url":"https:\/\/www.accuratereviews.com\/wp-content\/uploads\/2019\/10\/wimi.png","type":"image\/png"}],"twitter_card":"summary_large_image","twitter_misc":{"Tempo di lettura stimato":"4 minuti"},"schema":{"@context":"https:\/\/schema.org","@graph":[{"@type":"WebPage","@id":"https:\/\/www.accuratereviews.com\/it\/project-management-online-lista-software\/wimi-recensione\/","url":"https:\/\/www.accuratereviews.com\/it\/project-management-online-lista-software\/wimi-recensione\/","name":"Wimi: recensione software Project Management - Accurate Reviews","isPartOf":{"@id":"https:\/\/www.accuratereviews.com\/it\/#website"},"primaryImageOfPage":{"@id":"https:\/\/www.accuratereviews.com\/it\/project-management-online-lista-software\/wimi-recensione\/#primaryimage"},"image":{"@id":"https:\/\/www.accuratereviews.com\/it\/project-management-online-lista-software\/wimi-recensione\/#primaryimage"},"thumbnailUrl":"https:\/\/www.accuratereviews.com\/wp-content\/uploads\/2019\/10\/wimi.png","datePublished":"2019-10-14T13:30:30+00:00","dateModified":"2020-12-23T11:48:49+00:00","description":"Wimi: recensione soluzione di gestione dei progetti online che riunisce tutte le funzionalit\u00e0 essenziali per la gestione dei tuoi progetti.","breadcrumb":{"@id":"https:\/\/www.accuratereviews.com\/it\/project-management-online-lista-software\/wimi-recensione\/#breadcrumb"},"inLanguage":"it-IT","potentialAction":[{"@type":"ReadAction","target":["https:\/\/www.accuratereviews.com\/it\/project-management-online-lista-software\/wimi-recensione\/"]}]},{"@type":"ImageObject","inLanguage":"it-IT","@id":"https:\/\/www.accuratereviews.com\/it\/project-management-online-lista-software\/wimi-recensione\/#primaryimage","url":"https:\/\/www.accuratereviews.com\/wp-content\/uploads\/2019\/10\/wimi.png","contentUrl":"https:\/\/www.accuratereviews.com\/wp-content\/uploads\/2019\/10\/wimi.png","width":1200,"height":630},{"@type":"BreadcrumbList","@id":"https:\/\/www.accuratereviews.com\/it\/project-management-online-lista-software\/wimi-recensione\/#breadcrumb","itemListElement":[{"@type":"ListItem","position":1,"name":"Home","item":"https:\/\/www.accuratereviews.com\/it\/"},{"@type":"ListItem","position":2,"name":"Project Management Online","item":"https:\/\/www.accuratereviews.com\/it\/project-management-online-lista-software\/"},{"@type":"ListItem","position":3,"name":"Wimi"}]},{"@type":"WebSite","@id":"https:\/\/www.accuratereviews.com\/it\/#website","url":"https:\/\/www.accuratereviews.com\/it\/","name":"Accurate Reviews","description":"","potentialAction":[{"@type":"SearchAction","target":{"@type":"EntryPoint","urlTemplate":"https:\/\/www.accuratereviews.com\/it\/?s={search_term_string}"},"query-input":{"@type":"PropertyValueSpecification","valueRequired":true,"valueName":"search_term_string"}}],"inLanguage":"it-IT"}]}},"_links":{"self":[{"href":"https:\/\/www.accuratereviews.com\/it\/wp-json\/wp\/v2\/pages\/19109","targetHints":{"allow":["GET"]}}],"collection":[{"href":"https:\/\/www.accuratereviews.com\/it\/wp-json\/wp\/v2\/pages"}],"about":[{"href":"https:\/\/www.accuratereviews.com\/it\/wp-json\/wp\/v2\/types\/page"}],"author":[{"embeddable":true,"href":"https:\/\/www.accuratereviews.com\/it\/wp-json\/wp\/v2\/users\/19"}],"replies":[{"embeddable":true,"href":"https:\/\/www.accuratereviews.com\/it\/wp-json\/wp\/v2\/comments?post=19109"}],"version-history":[{"count":10,"href":"https:\/\/www.accuratereviews.com\/it\/wp-json\/wp\/v2\/pages\/19109\/revisions"}],"predecessor-version":[{"id":34176,"href":"https:\/\/www.accuratereviews.com\/it\/wp-json\/wp\/v2\/pages\/19109\/revisions\/34176"}],"up":[{"embeddable":true,"href":"https:\/\/www.accuratereviews.com\/it\/wp-json\/wp\/v2\/pages\/8333"}],"wp:featuredmedia":[{"embeddable":true,"href":"https:\/\/www.accuratereviews.com\/it\/wp-json\/wp\/v2\/media\/19122"}],"wp:attachment":[{"href":"https:\/\/www.accuratereviews.com\/it\/wp-json\/wp\/v2\/media?parent=19109"}],"wp:term":[{"taxonomy":"category","embeddable":true,"href":"https:\/\/www.accuratereviews.com\/it\/wp-json\/wp\/v2\/categories?post=19109"},{"taxonomy":"post_tag","embeddable":true,"href":"https:\/\/www.accuratereviews.com\/it\/wp-json\/wp\/v2\/tags?post=19109"},{"taxonomy":"features","embeddable":true,"href":"https:\/\/www.accuratereviews.com\/it\/wp-json\/wp\/v2\/features?post=19109"}],"curies":[{"name":"wp","href":"https:\/\/api.w.org\/{rel}","templated":true}]}}