{"id":19135,"date":"2019-10-14T13:31:08","date_gmt":"2019-10-14T13:31:08","guid":{"rendered":"https:\/\/www.accuratereviews.com\/?page_id=19135"},"modified":"2019-10-14T13:31:08","modified_gmt":"2019-10-14T13:31:08","slug":"redmine-recensione","status":"publish","type":"page","link":"https:\/\/www.accuratereviews.com\/it\/project-management-online-lista-software\/redmine-recensione\/","title":{"rendered":"Redmine"},"content":{"rendered":"<p><strong>Redmine<\/strong> \u00e8 un programma di <strong>gestione dei progetti<\/strong> che permette a chiunque di gestire, collaborare, monitorare e tenere traccia delle attivit\u00e0, dei programmi e dei progetti. Si tratta di una piattaforma online, <strong>open source e basata su Cloud<\/strong> che supporta pi\u00f9 database come MySQL, PostgreSQL o SQLite. Offre moltissimi strumenti utili a <strong>ottimizzare il flusso di lavoro<\/strong> come i diagrammi di Gantt, il calendario, alcune funzionalit\u00e0 di tracciamento del tempo, le notifiche e-mail, il sistema di gestione dei documenti per far s\u00ec che gli utenti possano condividere file e collaborare tra di loro. Include inoltre un <strong>sistema di gestione dei problemi<\/strong> che consente agli utenti di definire lo stato di ciascun problema e di impostare la priorit\u00e0 in base alle esigenze.<\/p>\n<h3>COME GESTIRE I PROGETTI CON REDMINE &#8211; TUTORIAL<\/h3>\n<p>Ecco un video tutorial che ci mostra come funziona questo programma:<\/p>\n<div id=\"fluid-wrapper-counter-1\" class=\"g1-fluid-wrapper \" style=\"width:686px;\">\n<div style=\"padding-bottom:56.268221574344%;\"><iframe loading=\"lazy\" title=\"Project Management with Redmine\" width=\"686\" height=\"386\" src=\"https:\/\/www.youtube.com\/embed\/jASwbP-MnzY?feature=oembed&amp;wmode=transparent&amp;autohide=1&amp;autoplay=0&amp;disablekb=0&amp;fs=1&amp;loop=0&amp;enablejsapi=1&amp;rel=0&amp;controls=2&amp;showinfo=0&amp;wmode=transparent&amp;autohide=2&amp;autoplay=0&amp;disablekb=0&amp;fs=1&amp;loop=0&amp;enablejsapi=1&amp;rel=0&amp;controls=2&amp;showinfo=1\" frameborder=\"0\" allow=\"accelerometer; autoplay; encrypted-media; gyroscope; picture-in-picture\" allowfullscreen><\/iframe><\/div>\n<\/div>\n<h3>REDMINE &#8211; CARATTERISTICHE<\/h3>\n<p>Di seguito le sue principali caratteristiche:<\/p>\n<ul>\n<li>Supporto per pi\u00f9 progetti<\/li>\n<li>Controllo degli accessi flessibile basato sui ruoli<\/li>\n<li>Sistema flessibile di localizzazione dei problemi<\/li>\n<li>Diagramma e calendario di Gantt<\/li>\n<li>Gestione di notizie, documenti e file<\/li>\n<li>Feed e notifiche e-mail<\/li>\n<li>Forum di progetto<\/li>\n<li>Tracciamento del tempo<\/li>\n<li>Campi personalizzati per problemi, time-entry, progetti e utenti<\/li>\n<li>Integrazione SCM (SVN, CVS, Git, Mercurial e Bazaar)<\/li>\n<li>Creazione del problema via e-mail<\/li>\n<li>Supporto per autenticazione LDAP multipla<\/li>\n<li>Supporto per la registrazione automatica dell&#8217;utente<\/li>\n<li>Supporto multilingue<\/li>\n<li>Supporto di database multipli.<\/li>\n<\/ul>\n<h3>LE RECENSIONI DEGLI UTENTI<\/h3>\n<ul>\n<li><strong>&#8220;Eccellente project manager&#8221;<\/strong><br \/>\nIN GENERALE: ottima esperienza con questo software, lavoro su pi\u00f9 di 7 proiettori che lo utilizzano, lo consiglio<br \/>\nPRO:<br \/>\n* Gestione di pi\u00f9 progetti<br \/>\n* Personalizzazione dei progetti<br \/>\n* Sistema di tracciamento delle attivit\u00e0 flessibile<br \/>\n* Integrazione nei repository di codice<br \/>\n* Uso del calendario e del diagramma di Gantt<br \/>\nCONTRO: Redmine \u00e8 un project manager molto potente e maturo, nonostante il suo &#8220;piccolo&#8221; tempo di sviluppo, \u00e8 anche ispirato da trac, quindi siamo di fronte a uno strumento molto flessibile in s\u00e9 e abbastanza stabile. Durante il suo utilizzo, \u00e8 difficile o facile ottenere carenze, sempre a seconda di ci\u00f2 che ogni utente sta cercando, quindi devi essere molto chiaro su ci\u00f2 che stai cercando in questo tipo di strumento.<\/li>\n<li><strong>&#8220;Buon rapporto qualit\u00e0 prezzo&#8221;<\/strong><br \/>\nIN GENERALE: ho usato Redmine per la gestione di grandi progetti negli ultimi 2 anni. Quando lo mantieni organizzato e aggiornato, Redmine ti offre un set di dati eccezionale per monitorare il tuo progetto. Con l&#8217;integrazione di Git, \u00e8 molto semplice collegare il codice alle attivit\u00e0. Inoltre, \u00e8 possibile documentare il progetto usando il wiki integrato.<br \/>\nPRO: I filtri sono fantastici. Puoi filtrare quello che vuoi, insieme a tutto l&#8217;albero del progetto.<br \/>\nCONTRO: la configurazione pu\u00f2 essere complicata per gli utenti che non sono abituati a questo software.<\/li>\n<li><strong>&#8220;Solido software di gestione dei progetti senza fronzoli&#8221;<\/strong><br \/>\nIN GENERALE: il nostro team \u00e8 stato in grado di gestire i progetti su un livello molto semplice, senza fronzoli. Ha svolto il lavoro e aveva le funzionalit\u00e0 sufficienti per farci svolgere i nostri compiti e progetti quotidiani.<br \/>\nPRO: Interfaccia molto semplice, layout rapido per l&#8217;immissione di progetti e attivit\u00e0, buon sistema di filtraggio per l&#8217;ordinamento delle attivit\u00e0 per utente, stato, ecc.<br \/>\nCONTRO: sembra un po&#8217; datato, non tiene traccia delle attivit\u00e0 e degli aggiornamenti di minuto in minuto come alcuni dei software pi\u00f9 recenti o pi\u00f9 avanzati.<\/li>\n<\/ul>\n","protected":false},"excerpt":{"rendered":"<p>Redmine \u00e8 un programma di gestione dei progetti che permette a chiunque di gestire, collaborare, monitorare e tenere traccia delle attivit\u00e0, dei programmi e dei progetti. Si tratta di una piattaforma online, open source e basata su Cloud che supporta pi\u00f9 database come MySQL, PostgreSQL o SQLite.<\/p>\n","protected":false},"author":17,"featured_media":19137,"parent":8333,"menu_order":0,"comment_status":"open","ping_status":"closed","template":"g1_template_page_review_new.php","meta":{"_acf_changed":false,"cwp_meta_box_check":"Yes","cwp_rev_product_name":"","cwp_rev_product_image":"","wppr_links":[],"cwp_rev_price":"","wppr_options":[],"wppr_pros":[],"wppr_cons":[],"_monsterinsights_skip_tracking":false,"_monsterinsights_sitenote_active":false,"_monsterinsights_sitenote_note":"","_monsterinsights_sitenote_category":0,"footnotes":""},"categories":[172],"tags":[1324,1316,1314,1309],"features":[],"class_list":{"0":"post-19135","1":"page","2":"type-page","3":"status-publish","4":"has-post-thumbnail","6":"category-online-project-management-it","7":"tag-gestione-dei-progetti","8":"tag-online-project-management","9":"tag-project-management-software","10":"tag-software-project-management"},"wppr_data":{"cwp_meta_box_check":"Yes","cwp_rev_product_name":"","cwp_rev_product_image":"","cwp_image_link":"image","cwp_rev_price":"","wppr_rating":"0.00"},"acf":[],"yoast_head":"<!-- This site is optimized with the Yoast SEO plugin v27.4 - https:\/\/yoast.com\/product\/yoast-seo-wordpress\/ -->\n<title>Redmine: recensione project management software - Accurate Reviews<\/title>\n<meta name=\"description\" content=\"Redmine: recensione del programma di gestione dei progetti che permette a chiunque di gestire, collaborare, monitorare e tenere traccia dei progetti.\" \/>\n<meta name=\"robots\" content=\"index, follow, max-snippet:-1, max-image-preview:large, max-video-preview:-1\" \/>\n<link rel=\"canonical\" href=\"https:\/\/www.accuratereviews.com\/it\/project-management-online-lista-software\/redmine-recensione\/\" \/>\n<meta property=\"og:locale\" content=\"it_IT\" \/>\n<meta property=\"og:type\" content=\"article\" \/>\n<meta property=\"og:title\" content=\"Redmine: recensione project management software - Accurate Reviews\" \/>\n<meta property=\"og:description\" content=\"Redmine: recensione del programma di gestione dei progetti che permette a chiunque di gestire, collaborare, monitorare e tenere traccia dei progetti.\" \/>\n<meta property=\"og:url\" content=\"https:\/\/www.accuratereviews.com\/it\/project-management-online-lista-software\/redmine-recensione\/\" \/>\n<meta property=\"og:site_name\" content=\"Accurate Reviews\" \/>\n<meta property=\"og:image\" content=\"https:\/\/www.accuratereviews.com\/wp-content\/uploads\/2019\/10\/Redmine_logo.svg_.png\" \/>\n\t<meta property=\"og:image:width\" content=\"1280\" \/>\n\t<meta property=\"og:image:height\" content=\"286\" \/>\n\t<meta property=\"og:image:type\" content=\"image\/png\" \/>\n<meta name=\"twitter:card\" content=\"summary_large_image\" \/>\n<meta name=\"twitter:label1\" content=\"Tempo di lettura stimato\" \/>\n\t<meta name=\"twitter:data1\" content=\"3 minuti\" \/>\n<script type=\"application\/ld+json\" class=\"yoast-schema-graph\">{\"@context\":\"https:\\\/\\\/schema.org\",\"@graph\":[{\"@type\":\"WebPage\",\"@id\":\"https:\\\/\\\/www.accuratereviews.com\\\/it\\\/project-management-online-lista-software\\\/redmine-recensione\\\/\",\"url\":\"https:\\\/\\\/www.accuratereviews.com\\\/it\\\/project-management-online-lista-software\\\/redmine-recensione\\\/\",\"name\":\"Redmine: recensione project management software - Accurate Reviews\",\"isPartOf\":{\"@id\":\"https:\\\/\\\/www.accuratereviews.com\\\/it\\\/#website\"},\"primaryImageOfPage\":{\"@id\":\"https:\\\/\\\/www.accuratereviews.com\\\/it\\\/project-management-online-lista-software\\\/redmine-recensione\\\/#primaryimage\"},\"image\":{\"@id\":\"https:\\\/\\\/www.accuratereviews.com\\\/it\\\/project-management-online-lista-software\\\/redmine-recensione\\\/#primaryimage\"},\"thumbnailUrl\":\"https:\\\/\\\/www.accuratereviews.com\\\/wp-content\\\/uploads\\\/2019\\\/10\\\/Redmine_logo.svg_.png\",\"datePublished\":\"2019-10-14T13:31:08+00:00\",\"description\":\"Redmine: recensione del programma di gestione dei progetti che permette a chiunque di gestire, collaborare, monitorare e tenere traccia dei progetti.\",\"breadcrumb\":{\"@id\":\"https:\\\/\\\/www.accuratereviews.com\\\/it\\\/project-management-online-lista-software\\\/redmine-recensione\\\/#breadcrumb\"},\"inLanguage\":\"it-IT\",\"potentialAction\":[{\"@type\":\"ReadAction\",\"target\":[\"https:\\\/\\\/www.accuratereviews.com\\\/it\\\/project-management-online-lista-software\\\/redmine-recensione\\\/\"]}]},{\"@type\":\"ImageObject\",\"inLanguage\":\"it-IT\",\"@id\":\"https:\\\/\\\/www.accuratereviews.com\\\/it\\\/project-management-online-lista-software\\\/redmine-recensione\\\/#primaryimage\",\"url\":\"https:\\\/\\\/www.accuratereviews.com\\\/wp-content\\\/uploads\\\/2019\\\/10\\\/Redmine_logo.svg_.png\",\"contentUrl\":\"https:\\\/\\\/www.accuratereviews.com\\\/wp-content\\\/uploads\\\/2019\\\/10\\\/Redmine_logo.svg_.png\",\"width\":1280,\"height\":286},{\"@type\":\"BreadcrumbList\",\"@id\":\"https:\\\/\\\/www.accuratereviews.com\\\/it\\\/project-management-online-lista-software\\\/redmine-recensione\\\/#breadcrumb\",\"itemListElement\":[{\"@type\":\"ListItem\",\"position\":1,\"name\":\"Home\",\"item\":\"https:\\\/\\\/www.accuratereviews.com\\\/it\\\/\"},{\"@type\":\"ListItem\",\"position\":2,\"name\":\"Project Management Online\",\"item\":\"https:\\\/\\\/www.accuratereviews.com\\\/it\\\/project-management-online-lista-software\\\/\"},{\"@type\":\"ListItem\",\"position\":3,\"name\":\"Redmine\"}]},{\"@type\":\"WebSite\",\"@id\":\"https:\\\/\\\/www.accuratereviews.com\\\/it\\\/#website\",\"url\":\"https:\\\/\\\/www.accuratereviews.com\\\/it\\\/\",\"name\":\"Accurate Reviews\",\"description\":\"\",\"potentialAction\":[{\"@type\":\"SearchAction\",\"target\":{\"@type\":\"EntryPoint\",\"urlTemplate\":\"https:\\\/\\\/www.accuratereviews.com\\\/it\\\/?s={search_term_string}\"},\"query-input\":{\"@type\":\"PropertyValueSpecification\",\"valueRequired\":true,\"valueName\":\"search_term_string\"}}],\"inLanguage\":\"it-IT\"}]}<\/script>\n<!-- \/ Yoast SEO plugin. -->","yoast_head_json":{"title":"Redmine: recensione project management software - Accurate Reviews","description":"Redmine: recensione del programma di gestione dei progetti che permette a chiunque di gestire, collaborare, monitorare e tenere traccia dei progetti.","robots":{"index":"index","follow":"follow","max-snippet":"max-snippet:-1","max-image-preview":"max-image-preview:large","max-video-preview":"max-video-preview:-1"},"canonical":"https:\/\/www.accuratereviews.com\/it\/project-management-online-lista-software\/redmine-recensione\/","og_locale":"it_IT","og_type":"article","og_title":"Redmine: recensione project management software - Accurate Reviews","og_description":"Redmine: recensione del programma di gestione dei progetti che permette a chiunque di gestire, collaborare, monitorare e tenere traccia dei progetti.","og_url":"https:\/\/www.accuratereviews.com\/it\/project-management-online-lista-software\/redmine-recensione\/","og_site_name":"Accurate Reviews","og_image":[{"width":1280,"height":286,"url":"https:\/\/www.accuratereviews.com\/wp-content\/uploads\/2019\/10\/Redmine_logo.svg_.png","type":"image\/png"}],"twitter_card":"summary_large_image","twitter_misc":{"Tempo di lettura stimato":"3 minuti"},"schema":{"@context":"https:\/\/schema.org","@graph":[{"@type":"WebPage","@id":"https:\/\/www.accuratereviews.com\/it\/project-management-online-lista-software\/redmine-recensione\/","url":"https:\/\/www.accuratereviews.com\/it\/project-management-online-lista-software\/redmine-recensione\/","name":"Redmine: recensione project management software - Accurate Reviews","isPartOf":{"@id":"https:\/\/www.accuratereviews.com\/it\/#website"},"primaryImageOfPage":{"@id":"https:\/\/www.accuratereviews.com\/it\/project-management-online-lista-software\/redmine-recensione\/#primaryimage"},"image":{"@id":"https:\/\/www.accuratereviews.com\/it\/project-management-online-lista-software\/redmine-recensione\/#primaryimage"},"thumbnailUrl":"https:\/\/www.accuratereviews.com\/wp-content\/uploads\/2019\/10\/Redmine_logo.svg_.png","datePublished":"2019-10-14T13:31:08+00:00","description":"Redmine: recensione del programma di gestione dei progetti che permette a chiunque di gestire, collaborare, monitorare e tenere traccia dei progetti.","breadcrumb":{"@id":"https:\/\/www.accuratereviews.com\/it\/project-management-online-lista-software\/redmine-recensione\/#breadcrumb"},"inLanguage":"it-IT","potentialAction":[{"@type":"ReadAction","target":["https:\/\/www.accuratereviews.com\/it\/project-management-online-lista-software\/redmine-recensione\/"]}]},{"@type":"ImageObject","inLanguage":"it-IT","@id":"https:\/\/www.accuratereviews.com\/it\/project-management-online-lista-software\/redmine-recensione\/#primaryimage","url":"https:\/\/www.accuratereviews.com\/wp-content\/uploads\/2019\/10\/Redmine_logo.svg_.png","contentUrl":"https:\/\/www.accuratereviews.com\/wp-content\/uploads\/2019\/10\/Redmine_logo.svg_.png","width":1280,"height":286},{"@type":"BreadcrumbList","@id":"https:\/\/www.accuratereviews.com\/it\/project-management-online-lista-software\/redmine-recensione\/#breadcrumb","itemListElement":[{"@type":"ListItem","position":1,"name":"Home","item":"https:\/\/www.accuratereviews.com\/it\/"},{"@type":"ListItem","position":2,"name":"Project Management Online","item":"https:\/\/www.accuratereviews.com\/it\/project-management-online-lista-software\/"},{"@type":"ListItem","position":3,"name":"Redmine"}]},{"@type":"WebSite","@id":"https:\/\/www.accuratereviews.com\/it\/#website","url":"https:\/\/www.accuratereviews.com\/it\/","name":"Accurate Reviews","description":"","potentialAction":[{"@type":"SearchAction","target":{"@type":"EntryPoint","urlTemplate":"https:\/\/www.accuratereviews.com\/it\/?s={search_term_string}"},"query-input":{"@type":"PropertyValueSpecification","valueRequired":true,"valueName":"search_term_string"}}],"inLanguage":"it-IT"}]}},"_links":{"self":[{"href":"https:\/\/www.accuratereviews.com\/it\/wp-json\/wp\/v2\/pages\/19135","targetHints":{"allow":["GET"]}}],"collection":[{"href":"https:\/\/www.accuratereviews.com\/it\/wp-json\/wp\/v2\/pages"}],"about":[{"href":"https:\/\/www.accuratereviews.com\/it\/wp-json\/wp\/v2\/types\/page"}],"author":[{"embeddable":true,"href":"https:\/\/www.accuratereviews.com\/it\/wp-json\/wp\/v2\/users\/17"}],"replies":[{"embeddable":true,"href":"https:\/\/www.accuratereviews.com\/it\/wp-json\/wp\/v2\/comments?post=19135"}],"version-history":[{"count":2,"href":"https:\/\/www.accuratereviews.com\/it\/wp-json\/wp\/v2\/pages\/19135\/revisions"}],"predecessor-version":[{"id":19147,"href":"https:\/\/www.accuratereviews.com\/it\/wp-json\/wp\/v2\/pages\/19135\/revisions\/19147"}],"up":[{"embeddable":true,"href":"https:\/\/www.accuratereviews.com\/it\/wp-json\/wp\/v2\/pages\/8333"}],"wp:featuredmedia":[{"embeddable":true,"href":"https:\/\/www.accuratereviews.com\/it\/wp-json\/wp\/v2\/media\/19137"}],"wp:attachment":[{"href":"https:\/\/www.accuratereviews.com\/it\/wp-json\/wp\/v2\/media?parent=19135"}],"wp:term":[{"taxonomy":"category","embeddable":true,"href":"https:\/\/www.accuratereviews.com\/it\/wp-json\/wp\/v2\/categories?post=19135"},{"taxonomy":"post_tag","embeddable":true,"href":"https:\/\/www.accuratereviews.com\/it\/wp-json\/wp\/v2\/tags?post=19135"},{"taxonomy":"features","embeddable":true,"href":"https:\/\/www.accuratereviews.com\/it\/wp-json\/wp\/v2\/features?post=19135"}],"curies":[{"name":"wp","href":"https:\/\/api.w.org\/{rel}","templated":true}]}}