{"id":19148,"date":"2019-10-15T15:31:21","date_gmt":"2019-10-15T15:31:21","guid":{"rendered":"https:\/\/www.accuratereviews.com\/?page_id=19148"},"modified":"2020-12-23T12:53:07","modified_gmt":"2020-12-23T12:53:07","slug":"hive-recensione","status":"publish","type":"page","link":"https:\/\/www.accuratereviews.com\/it\/project-management-online-lista-software\/hive-recensione\/","title":{"rendered":"Hive"},"content":{"rendered":"<p>La piattaforma di<strong> gestione dei progetti<\/strong> basata su <strong>cloud Hive<\/strong> pu\u00f2 soddisfare i team, di qualsiasi dimensione, offrendo una moltitudine di funzionalit\u00e0 che includono condivisione di file, automazione della gestione delle attivit\u00e0 e chat. Il software consente essenzialmente di creare, classificare e assegnare attivit\u00e0 per qualsiasi membro del team di progetto, completo di date di scadenza, tag e file allegati. Il sistema permette di tenere traccia dello stato del progetto, modificare elementi e variabili e visualizzare tutto simile a quello di <strong>Kanban<\/strong>. Il software si connette con il popolare<strong> cloud storage<\/strong> per un facile accesso ai file, condivisione e collaborazione con i membri del team.<strong>\u00a0Hive Analytics<\/strong> della piattaforma offre tre dashboard che forniscono agli utenti informazioni dettagliate sulla produttivit\u00e0 dei membri del gruppo. Questi dashboard possono fornire un riepilogo della produttivit\u00e0 personale e dello spazio di lavoro, identificando le aree inefficienti e consentendo ai manager di trovare modi per correggerli. Il sistema invia notifiche in tempo reale che avvisano gli utenti della scarsa produttivit\u00e0 del team. Hive viene fornito con tutto ci\u00f2 di cui un team di progetto ha bisogno in un&#8217;unica pagina. Integra inoltre applicazioni esterne nella dashboard consentendo agli utenti di concentrarsi maggiormente sulle attivit\u00e0 principali.<\/p>\n<h2>HIVE &#8211; TUTORIAL<\/h2>\n<p>Il video tutorial che segue mostrer\u00e0 le funzionalit\u00e0 di questo<strong> software Project Management:<\/strong><\/p>\n<div id=\"fluid-wrapper-counter-1\" class=\"g1-fluid-wrapper \" style=\"width:686px;\">\n<div style=\"padding-bottom:56.268221574344%;\"><iframe loading=\"lazy\" title=\"Hive Tutorial: Features, Pricing &amp; Discount\" width=\"686\" height=\"386\" src=\"https:\/\/www.youtube.com\/embed\/dpCqovyHvNI?feature=oembed&amp;wmode=transparent&amp;autohide=1&amp;autoplay=0&amp;disablekb=0&amp;fs=1&amp;loop=0&amp;enablejsapi=1&amp;rel=0&amp;controls=2&amp;showinfo=0&amp;wmode=transparent&amp;autohide=2&amp;autoplay=0&amp;disablekb=0&amp;fs=1&amp;loop=0&amp;enablejsapi=1&amp;rel=0&amp;controls=2&amp;showinfo=1\" frameborder=\"0\" allow=\"accelerometer; autoplay; clipboard-write; encrypted-media; gyroscope; picture-in-picture\" allowfullscreen><\/iframe><\/div>\n<\/div>\n<h3>HIVE &#8211; CARATTERISTICHE<\/h3>\n<ul>\n<li><strong>Analisi<\/strong>: monitorare e riferire sui progetti in tempo reale, individuando i rischi in modo produttivo.<\/li>\n<li><strong>Resourcing<\/strong>: pianifica il tempo del tuo team per i progetti attuali e futuri.<\/li>\n<li><strong>Messaggi<\/strong>: Collabora facilmente inviando messaggi direttamente a singoli o gruppi.<\/li>\n<li><strong>File:<\/strong> devi condividere un documento? Caricalo direttamente su un&#8217;attivit\u00e0, un progetto o un messaggio.<\/li>\n<li><strong>Forme<\/strong>: elimina email costanti e raccogli tutte le informazioni necessarie attraverso i moduli<\/li>\n<li><strong>Layout del progetto<\/strong>: organizza i progetti in un diagramma di Gantt, una scheda Kanban, una tabella o un calendario e passa facilmente da un layout all&#8217;altro<\/li>\n<li><strong>Flussi di lavoro automatizzati<\/strong>: progetta flussi di lavoro personalizzati e automatizza le attivit\u00e0 di routine per semplificare i processi e la comunicazione<\/li>\n<li><strong>Visualizzazioni di riepilogo<\/strong>: combina diversi progetti e visualizza il quadro generale della tua azienda o dipartimento. I progetti possono essere ordinati per stato corrente, membro del team o etichette assegnate.<\/li>\n<\/ul>\n<h4>LE RECENSIONI DEGLI UTENTI<\/h4>\n<h4>Sadie P. &#8220;Grazie Hive per aver gestito la nostra attivit\u00e0 senza problemi!&#8221;<\/h4>\n<p><strong>Commenti<\/strong>: Hive ha reso semplice la comunicazione tra il team della nostra azienda. Ora, non dobbiamo chiamarci costantemente, tenere riunioni di follow-up e entrare negli uffici degli altri. Possiamo semplicemente accedere a Hive e vedere chi sta facendo cosa. Sappiamo quando le cose sono dovute e cosa deve essere fatto dopo. Grazie alla comunicazione Hive \u00e8 facile, quindi possiamo concentrarci sul portare a termine i lavori per i clienti e farli in tempo.<\/p>\n<p><strong>Vantaggi<\/strong>: Hive \u00e8 ridicolmente facile da usare. Mi piace di pi\u00f9 il modo in cui il nostro team pu\u00f2 collaborare a diversi compiti e sappiamo tutti chi sta facendo cosa e quando. Sappiamo anche quando tutto \u00e8 dovuto e cosa deve essere fatto dopo. Rende la comunicazione e il completamento dei compiti praticamente senza sforzo. Ora possiamo concentrarci di meno sugli elenchi e le cose da fare a causa di Hive; ora, abbiamo pi\u00f9 tempo per concentrarci sul completamento delle attivit\u00e0 stesse. Grazie a Hive, possiamo ottenere i lavori completati per i clienti in tempo. Mi piace anche molto la funzione orologio, in cui possiamo registrare le nostre ore per diversi compiti e clienti. Inoltre, ogni volta che ho domande o problemi, il team dell&#8217;assistenza clienti Hive \u00e8 l\u00ec, pronto ad aiutare. Non posso essere entusiasta di Hive abbastanza.<\/p>\n<p><strong>Inconvenienti<\/strong>: Onestamente non ho nulla che mi piaccia di meno di questo software. \u00c8 un prodotto straordinario che io e la nostra azienda utilizziamo ogni giorno.<\/p>\n<h4>Robert F. &#8220;L&#8217;unico software di gestione dei progetti con le funzionalit\u00e0 di cui ho bisogno&#8221;<\/h4>\n<p><strong>Vantaggi<\/strong>: Hive \u00e8 l&#8217;unico software di gestione dei progetti collaborativo nel cloud, con infinite attivit\u00e0 secondarie e grafici di Gantt, quindi \u00e8 stata una scelta facile. Inoltre non \u00e8 Microsoft Project, quindi non devo occuparmi dei loro metodi di fatturazione folli. \u00c8 fantastico chattare all&#8217;interno di attivit\u00e0 o consentire ai proprietari di attivit\u00e0 di trasformare attivit\u00e0 secondarie nei propri progetti. Tutti possono tenere il passo con chi sta lavorando su cosa e chi ha bisogno di aiuto o cosa sta ostacolando il progetto. Accedi e fatturare \u00e8 semplicissimo. Il supporto \u00e8 estremamente reattivo quando ho domande. Ci sono un sacco di statistiche sul completamento dell&#8217;attivit\u00e0 che non uso, ma sembrano utili.<\/p>\n<p><strong>Inconvenienti<\/strong>: l&#8217;app mobile ha notevolmente ridotto la funzionalit\u00e0 rispetto al desktop.<\/p>\n<h4><strong>Chantal S. &#8220;Happy Hivers&#8221;<\/strong><\/h4>\n<p><strong>Commenti<\/strong>: Come team di contabilit\u00e0 virtuale, stiamo utilizzando Hive non solo per documentare la nostra gamma completa di processi e procedure del flusso di lavoro, ma anche come controllo. Hive ci tiene impegnati e puntuali sugli impegni dei clienti e ci ha aiutato a collaborare pi\u00f9 efficacemente. Le email interne sono quasi inesistenti ora con gli strumenti di messaggistica e commenti di Hive. Abbiamo esaminato tutte le opzioni disponibili e siamo rimasti colpiti da come Hive sembra sfruttare il meglio di ogni piattaforma di gestione del progetto. \u00c8 stato un gamechanger per noi.<\/p>\n<p><strong>Vantaggi<\/strong>: adoro l&#8217;interfaccia pulita e luminosa, le opzioni per l&#8217;organizzazione dei dati \/ progetti e la rappresentazione visiva e il supporto clienti straordinaria, specialmente durante l&#8217;onboarding. Anche la messaggistica Hive \u00e8 davvero fluida (non usiamo pi\u00f9 Slack) e l&#8217;integrazione Giphy della piattaforma rende alcuni momenti divertenti per il nostro team virtuale.<\/p>\n<p><strong>Inconvenienti<\/strong>: ci sono alcune stranezze che abbiamo discusso a lungo con il team di sviluppo &#8211; in particolare l&#8217;incapacit\u00e0 di creare attivit\u00e0 dipendenti all&#8217;interno di azioni di progetto che si ripetono. Abbiamo sentito che ci stanno lavorando, per\u00f2. E il nostro contatto diretto con il supporto \u00e8 la ragione principale per cui amiamo Hive.<\/p>\n","protected":false},"excerpt":{"rendered":"<p>La piattaforma di gestione dei progetti basata su cloud Hive pu\u00f2 soddisfare i team, di qualsiasi dimensione, offrendo una moltitudine di funzionalit\u00e0 che includono condivisione di file, automazione della gestione delle attivit\u00e0 e chat. Il software consente essenzialmente di creare, classificare e assegnare attivit\u00e0 per qualsiasi membro del team di progetto, completo di date di scadenza, tag e file allegati.<\/p>\n","protected":false},"author":19,"featured_media":19150,"parent":8333,"menu_order":0,"comment_status":"open","ping_status":"closed","template":"g1_template_page_review_new.php","meta":{"_acf_changed":false,"cwp_meta_box_check":"Yes","cwp_rev_product_name":"","cwp_rev_product_image":"","wppr_links":[],"cwp_rev_price":"","wppr_options":[],"wppr_pros":[],"wppr_cons":[],"_monsterinsights_skip_tracking":false,"_monsterinsights_sitenote_active":false,"_monsterinsights_sitenote_note":"","_monsterinsights_sitenote_category":0,"footnotes":""},"categories":[172],"tags":[396,1374,1337,1310,1319,1309,1326,1320],"features":[],"class_list":{"0":"post-19148","1":"page","2":"type-page","3":"status-publish","4":"has-post-thumbnail","6":"category-online-project-management-it","7":"tag-cloud","8":"tag-hive","9":"tag-programma-gestione-dei-progetti","10":"tag-programma-project-management","11":"tag-software-gestione-progetti","12":"tag-software-project-management","13":"tag-soluzione-gestione-dei-progetti","14":"tag-soluzione-project-management"},"wppr_data":{"cwp_meta_box_check":"Yes","cwp_rev_product_name":"","cwp_rev_product_image":"","cwp_image_link":"image","cwp_rev_price":"","wppr_rating":"0.00"},"acf":[],"yoast_head":"<!-- This site is optimized with the Yoast SEO plugin v27.4 - https:\/\/yoast.com\/product\/yoast-seo-wordpress\/ -->\n<title>Hive: recensione software Project Management - Accurate Reviews<\/title>\n<meta name=\"description\" content=\"Hive: recensione piattaforma di gestione dei progetti basata su cloud che soddisfa i team di qualsiasi dimensione, offrendo una moltitudine di funzionalit\u00e0.\" \/>\n<meta name=\"robots\" content=\"index, follow, max-snippet:-1, max-image-preview:large, max-video-preview:-1\" \/>\n<link rel=\"canonical\" href=\"https:\/\/www.accuratereviews.com\/it\/project-management-online-lista-software\/hive-recensione\/\" \/>\n<meta property=\"og:locale\" content=\"it_IT\" \/>\n<meta property=\"og:type\" content=\"article\" \/>\n<meta property=\"og:title\" content=\"Hive: recensione software Project Management - Accurate Reviews\" \/>\n<meta property=\"og:description\" content=\"Hive: recensione piattaforma di gestione dei progetti basata su cloud che soddisfa i team di qualsiasi dimensione, offrendo una moltitudine di funzionalit\u00e0.\" \/>\n<meta property=\"og:url\" content=\"https:\/\/www.accuratereviews.com\/it\/project-management-online-lista-software\/hive-recensione\/\" \/>\n<meta property=\"og:site_name\" content=\"Accurate Reviews\" \/>\n<meta property=\"article:modified_time\" content=\"2020-12-23T12:53:07+00:00\" \/>\n<meta property=\"og:image\" content=\"https:\/\/www.accuratereviews.com\/wp-content\/uploads\/2019\/10\/hive-logo.png\" \/>\n\t<meta property=\"og:image:width\" content=\"600\" \/>\n\t<meta property=\"og:image:height\" content=\"315\" \/>\n\t<meta property=\"og:image:type\" content=\"image\/png\" \/>\n<meta name=\"twitter:card\" content=\"summary_large_image\" \/>\n<meta name=\"twitter:label1\" content=\"Tempo di lettura stimato\" \/>\n\t<meta name=\"twitter:data1\" content=\"5 minuti\" \/>\n<script type=\"application\/ld+json\" class=\"yoast-schema-graph\">{\"@context\":\"https:\\\/\\\/schema.org\",\"@graph\":[{\"@type\":\"WebPage\",\"@id\":\"https:\\\/\\\/www.accuratereviews.com\\\/it\\\/project-management-online-lista-software\\\/hive-recensione\\\/\",\"url\":\"https:\\\/\\\/www.accuratereviews.com\\\/it\\\/project-management-online-lista-software\\\/hive-recensione\\\/\",\"name\":\"Hive: recensione software Project Management - Accurate Reviews\",\"isPartOf\":{\"@id\":\"https:\\\/\\\/www.accuratereviews.com\\\/it\\\/#website\"},\"primaryImageOfPage\":{\"@id\":\"https:\\\/\\\/www.accuratereviews.com\\\/it\\\/project-management-online-lista-software\\\/hive-recensione\\\/#primaryimage\"},\"image\":{\"@id\":\"https:\\\/\\\/www.accuratereviews.com\\\/it\\\/project-management-online-lista-software\\\/hive-recensione\\\/#primaryimage\"},\"thumbnailUrl\":\"https:\\\/\\\/www.accuratereviews.com\\\/wp-content\\\/uploads\\\/2019\\\/10\\\/hive-logo.png\",\"datePublished\":\"2019-10-15T15:31:21+00:00\",\"dateModified\":\"2020-12-23T12:53:07+00:00\",\"description\":\"Hive: recensione piattaforma di gestione dei progetti basata su cloud che soddisfa i team di qualsiasi dimensione, offrendo una moltitudine di funzionalit\u00e0.\",\"breadcrumb\":{\"@id\":\"https:\\\/\\\/www.accuratereviews.com\\\/it\\\/project-management-online-lista-software\\\/hive-recensione\\\/#breadcrumb\"},\"inLanguage\":\"it-IT\",\"potentialAction\":[{\"@type\":\"ReadAction\",\"target\":[\"https:\\\/\\\/www.accuratereviews.com\\\/it\\\/project-management-online-lista-software\\\/hive-recensione\\\/\"]}]},{\"@type\":\"ImageObject\",\"inLanguage\":\"it-IT\",\"@id\":\"https:\\\/\\\/www.accuratereviews.com\\\/it\\\/project-management-online-lista-software\\\/hive-recensione\\\/#primaryimage\",\"url\":\"https:\\\/\\\/www.accuratereviews.com\\\/wp-content\\\/uploads\\\/2019\\\/10\\\/hive-logo.png\",\"contentUrl\":\"https:\\\/\\\/www.accuratereviews.com\\\/wp-content\\\/uploads\\\/2019\\\/10\\\/hive-logo.png\",\"width\":600,\"height\":315},{\"@type\":\"BreadcrumbList\",\"@id\":\"https:\\\/\\\/www.accuratereviews.com\\\/it\\\/project-management-online-lista-software\\\/hive-recensione\\\/#breadcrumb\",\"itemListElement\":[{\"@type\":\"ListItem\",\"position\":1,\"name\":\"Home\",\"item\":\"https:\\\/\\\/www.accuratereviews.com\\\/it\\\/\"},{\"@type\":\"ListItem\",\"position\":2,\"name\":\"Project Management Online\",\"item\":\"https:\\\/\\\/www.accuratereviews.com\\\/it\\\/project-management-online-lista-software\\\/\"},{\"@type\":\"ListItem\",\"position\":3,\"name\":\"Hive\"}]},{\"@type\":\"WebSite\",\"@id\":\"https:\\\/\\\/www.accuratereviews.com\\\/it\\\/#website\",\"url\":\"https:\\\/\\\/www.accuratereviews.com\\\/it\\\/\",\"name\":\"Accurate Reviews\",\"description\":\"\",\"potentialAction\":[{\"@type\":\"SearchAction\",\"target\":{\"@type\":\"EntryPoint\",\"urlTemplate\":\"https:\\\/\\\/www.accuratereviews.com\\\/it\\\/?s={search_term_string}\"},\"query-input\":{\"@type\":\"PropertyValueSpecification\",\"valueRequired\":true,\"valueName\":\"search_term_string\"}}],\"inLanguage\":\"it-IT\"}]}<\/script>\n<!-- \/ Yoast SEO plugin. -->","yoast_head_json":{"title":"Hive: recensione software Project Management - Accurate Reviews","description":"Hive: recensione piattaforma di gestione dei progetti basata su cloud che soddisfa i team di qualsiasi dimensione, offrendo una moltitudine di funzionalit\u00e0.","robots":{"index":"index","follow":"follow","max-snippet":"max-snippet:-1","max-image-preview":"max-image-preview:large","max-video-preview":"max-video-preview:-1"},"canonical":"https:\/\/www.accuratereviews.com\/it\/project-management-online-lista-software\/hive-recensione\/","og_locale":"it_IT","og_type":"article","og_title":"Hive: recensione software Project Management - Accurate Reviews","og_description":"Hive: recensione piattaforma di gestione dei progetti basata su cloud che soddisfa i team di qualsiasi dimensione, offrendo una moltitudine di funzionalit\u00e0.","og_url":"https:\/\/www.accuratereviews.com\/it\/project-management-online-lista-software\/hive-recensione\/","og_site_name":"Accurate Reviews","article_modified_time":"2020-12-23T12:53:07+00:00","og_image":[{"width":600,"height":315,"url":"https:\/\/www.accuratereviews.com\/wp-content\/uploads\/2019\/10\/hive-logo.png","type":"image\/png"}],"twitter_card":"summary_large_image","twitter_misc":{"Tempo di lettura stimato":"5 minuti"},"schema":{"@context":"https:\/\/schema.org","@graph":[{"@type":"WebPage","@id":"https:\/\/www.accuratereviews.com\/it\/project-management-online-lista-software\/hive-recensione\/","url":"https:\/\/www.accuratereviews.com\/it\/project-management-online-lista-software\/hive-recensione\/","name":"Hive: recensione software Project Management - Accurate Reviews","isPartOf":{"@id":"https:\/\/www.accuratereviews.com\/it\/#website"},"primaryImageOfPage":{"@id":"https:\/\/www.accuratereviews.com\/it\/project-management-online-lista-software\/hive-recensione\/#primaryimage"},"image":{"@id":"https:\/\/www.accuratereviews.com\/it\/project-management-online-lista-software\/hive-recensione\/#primaryimage"},"thumbnailUrl":"https:\/\/www.accuratereviews.com\/wp-content\/uploads\/2019\/10\/hive-logo.png","datePublished":"2019-10-15T15:31:21+00:00","dateModified":"2020-12-23T12:53:07+00:00","description":"Hive: recensione piattaforma di gestione dei progetti basata su cloud che soddisfa i team di qualsiasi dimensione, offrendo una moltitudine di funzionalit\u00e0.","breadcrumb":{"@id":"https:\/\/www.accuratereviews.com\/it\/project-management-online-lista-software\/hive-recensione\/#breadcrumb"},"inLanguage":"it-IT","potentialAction":[{"@type":"ReadAction","target":["https:\/\/www.accuratereviews.com\/it\/project-management-online-lista-software\/hive-recensione\/"]}]},{"@type":"ImageObject","inLanguage":"it-IT","@id":"https:\/\/www.accuratereviews.com\/it\/project-management-online-lista-software\/hive-recensione\/#primaryimage","url":"https:\/\/www.accuratereviews.com\/wp-content\/uploads\/2019\/10\/hive-logo.png","contentUrl":"https:\/\/www.accuratereviews.com\/wp-content\/uploads\/2019\/10\/hive-logo.png","width":600,"height":315},{"@type":"BreadcrumbList","@id":"https:\/\/www.accuratereviews.com\/it\/project-management-online-lista-software\/hive-recensione\/#breadcrumb","itemListElement":[{"@type":"ListItem","position":1,"name":"Home","item":"https:\/\/www.accuratereviews.com\/it\/"},{"@type":"ListItem","position":2,"name":"Project Management Online","item":"https:\/\/www.accuratereviews.com\/it\/project-management-online-lista-software\/"},{"@type":"ListItem","position":3,"name":"Hive"}]},{"@type":"WebSite","@id":"https:\/\/www.accuratereviews.com\/it\/#website","url":"https:\/\/www.accuratereviews.com\/it\/","name":"Accurate Reviews","description":"","potentialAction":[{"@type":"SearchAction","target":{"@type":"EntryPoint","urlTemplate":"https:\/\/www.accuratereviews.com\/it\/?s={search_term_string}"},"query-input":{"@type":"PropertyValueSpecification","valueRequired":true,"valueName":"search_term_string"}}],"inLanguage":"it-IT"}]}},"_links":{"self":[{"href":"https:\/\/www.accuratereviews.com\/it\/wp-json\/wp\/v2\/pages\/19148","targetHints":{"allow":["GET"]}}],"collection":[{"href":"https:\/\/www.accuratereviews.com\/it\/wp-json\/wp\/v2\/pages"}],"about":[{"href":"https:\/\/www.accuratereviews.com\/it\/wp-json\/wp\/v2\/types\/page"}],"author":[{"embeddable":true,"href":"https:\/\/www.accuratereviews.com\/it\/wp-json\/wp\/v2\/users\/19"}],"replies":[{"embeddable":true,"href":"https:\/\/www.accuratereviews.com\/it\/wp-json\/wp\/v2\/comments?post=19148"}],"version-history":[{"count":9,"href":"https:\/\/www.accuratereviews.com\/it\/wp-json\/wp\/v2\/pages\/19148\/revisions"}],"predecessor-version":[{"id":34197,"href":"https:\/\/www.accuratereviews.com\/it\/wp-json\/wp\/v2\/pages\/19148\/revisions\/34197"}],"up":[{"embeddable":true,"href":"https:\/\/www.accuratereviews.com\/it\/wp-json\/wp\/v2\/pages\/8333"}],"wp:featuredmedia":[{"embeddable":true,"href":"https:\/\/www.accuratereviews.com\/it\/wp-json\/wp\/v2\/media\/19150"}],"wp:attachment":[{"href":"https:\/\/www.accuratereviews.com\/it\/wp-json\/wp\/v2\/media?parent=19148"}],"wp:term":[{"taxonomy":"category","embeddable":true,"href":"https:\/\/www.accuratereviews.com\/it\/wp-json\/wp\/v2\/categories?post=19148"},{"taxonomy":"post_tag","embeddable":true,"href":"https:\/\/www.accuratereviews.com\/it\/wp-json\/wp\/v2\/tags?post=19148"},{"taxonomy":"features","embeddable":true,"href":"https:\/\/www.accuratereviews.com\/it\/wp-json\/wp\/v2\/features?post=19148"}],"curies":[{"name":"wp","href":"https:\/\/api.w.org\/{rel}","templated":true}]}}