{"id":19153,"date":"2019-10-15T15:31:28","date_gmt":"2019-10-15T15:31:28","guid":{"rendered":"https:\/\/www.accuratereviews.com\/?page_id=19153"},"modified":"2020-12-24T11:11:43","modified_gmt":"2020-12-24T11:11:43","slug":"quire-recensione","status":"publish","type":"page","link":"https:\/\/www.accuratereviews.com\/it\/project-management-online-lista-software\/quire-recensione\/","title":{"rendered":"Quire"},"content":{"rendered":"<p><strong>Quire<\/strong> \u00e8 un programma di <strong>project management<\/strong> ideale per team di piccole e medie dimensioni che necessitano una migliore <strong>organizzazione del lavoro<\/strong>. Si tratta di una piattaforma online che consente agli utenti di acquisire idee e aiutarle a suddividerle in attivit\u00e0 pi\u00f9 piccole cos\u00ec da riuscire ad <strong>ottimizzare il flusso di lavoro.<\/strong> Si crea quindi un elenco gerarchico in cui vengono inserite tutte le attivit\u00e0 realizzabili e gli obiettivi da raggiungere per avere una<strong> visione completa dei progetti<\/strong> su cui si sta lavorando. \u00c8 uno strumento davvero semplice da usare, accessibile quindi a tutti ma soprattutto GRATUITO.<\/p>\n<h2>COME UTILIZZARE L&#8217;APP MOBILE DI QUIRE &#8211; TUTORIAL<\/h2>\n<p>Ecco un video che ci mostra come funziona l&#8217;app di questo programma:<\/p>\n<div id=\"fluid-wrapper-counter-1\" class=\"g1-fluid-wrapper \" style=\"width:686px;\">\n<div style=\"padding-bottom:56.268221574344%;\"><iframe loading=\"lazy\" title=\"Quire Mobile Basics: Set Assignees\" width=\"686\" height=\"386\" src=\"https:\/\/www.youtube.com\/embed\/BiryQHFfISE?feature=oembed&amp;wmode=transparent&amp;autohide=1&amp;autoplay=0&amp;disablekb=0&amp;fs=1&amp;loop=0&amp;enablejsapi=1&amp;rel=0&amp;controls=2&amp;showinfo=0&amp;wmode=transparent&amp;autohide=2&amp;autoplay=0&amp;disablekb=0&amp;fs=1&amp;loop=0&amp;enablejsapi=1&amp;rel=0&amp;controls=2&amp;showinfo=1\" frameborder=\"0\" allow=\"accelerometer; autoplay; clipboard-write; encrypted-media; gyroscope; picture-in-picture\" allowfullscreen><\/iframe><\/div>\n<\/div>\n<h3>QUIRE &#8211; CARATTERISTICHE<\/h3>\n<p>Di seguito le sue caratteristiche principali:<\/p>\n<ul>\n<li><strong>Gestione delle attivit\u00e0 e dei progetti<\/strong>: acquisisci idee, suddividile in attivit\u00e0 pi\u00f9 piccole e organizzale in una struttura ad albero visuale che mostri relazioni logiche con le altre attivit\u00e0. Utilizza le schede Kanban e il diagramma di Gantt per visualizzare l&#8217;avanzamento del lavoro.<\/li>\n<li><strong>Aggiornamenti e collaborazione in tempo reale<\/strong>: gli aggiornamenti sono immediati per tutti i membri del team e include la messaggistica istantanea per poter meglio comunicare e collaborare<\/li>\n<li><strong>Centro di notifiche e promemoria<\/strong>: rimani sempre aggiornato su tutto e ricevigli avvisi che ti ricordano scadenze o attivit\u00e0 imminenti da svolgere<\/li>\n<li><strong>Condivisione di file<\/strong>: carica e allega file da Google Drive alle tue attivit\u00e0 o imposta attivit\u00e0 come eventi su Google Calendar<\/li>\n<li><strong>Integrazioni<\/strong>: si integra con Slack e GitHub ed \u00e8 disponibile un&#8217;estensione di Chrome<\/li>\n<li><strong>App mobile<\/strong>: disponibile anche per i dispositivi iOS e Android.<\/li>\n<\/ul>\n<h3>LE RECENSIONI DEGLI UTENTI<\/h3>\n<ul>\n<li><strong>&#8220;Quire mi aiuta a tenere traccia dei progressi e degli aggiornamenti del mio progetto.&#8221;<\/strong><br \/>\nIN GENERALE: mi rende pi\u00f9 organizzato nel mio lavoro. Allo stesso tempo, mi assicura di tenere tutti aggiornati sui progressi e gli aggiornamenti del mio progetto.<br \/>\nPRO: interfaccia utente, sollecito tempestivo, ambiente di lavoro collaborativo, tag, opzione per esportare tutte le attivit\u00e0<br \/>\nCONTRO: nessuna funzione di calendario, non \u00e8 possibile assegnare pi\u00f9 di un&#8217;attivit\u00e0 a pi\u00f9 di una persona e l&#8217;app per Android non \u00e8 all&#8217;altezza.<\/li>\n<li><strong>&#8220;Questa \u00e8 un&#8217;app potente e intuitiva&#8221;<\/strong><br \/>\nIN GENERALE: ho adorato questa app perch\u00e9 mi ha permesso di aumentare la mia produttivit\u00e0 e la mia organizzazione. Mi aiuta a creare piani potenti per la mia attivit\u00e0 e la semplicit\u00e0 dell&#8217;app semplifica l&#8217;esecuzione dei miei piani e il raggiungimento di risultati eccellenti. Consiglio vivamente questa magnifica app.<br \/>\nPRO: Mi \u00e8 piaciuta molto la semplicit\u00e0 dell&#8217;app che mi permette di delineare i miei pensieri con forza e creare piani potenti e organizzati che mi hanno permesso di realizzare grandi progetti<br \/>\nCONTRO: Finora non ho trovato aspetti negativi di questa app.<\/li>\n<li><strong>&#8220;Facile come usare Block notes, potente come Word.&#8221;<\/strong><br \/>\nIN GENERALE: i nostri compiti e progetti sono stati semplificati. Sono cos\u00ec impressionato che lo uso persino a livello personale con i miei figli.<br \/>\nPRO: Ci sono molte cose che mi piacciono di Quire. Il primo \u00e8 quanto sia facile per noi iniziare. Mi piace anche che potrei avere una chat per ogni attivit\u00e0 e sottoattivit\u00e0. Adoro l&#8217;integrazione con Google Drive e Google Calendar.<br \/>\nCONTRO: Mi piacerebbe vedere anche l&#8217;integrazione con Dropbox. Penso anche che l&#8217;interfaccia debba essere leggermente migliorata.<\/li>\n<\/ul>\n<p>&nbsp;<\/p>\n","protected":false},"excerpt":{"rendered":"<p>Quire \u00e8 un programma di project management ideale per team di piccole e medie dimensioni che necessitano una migliore organizzazione del lavoro. Si tratta di una piattaforma online che consente agli utenti di acquisire idee e aiutarle a suddividerle in attivit\u00e0 pi\u00f9 piccole cos\u00ec da riuscire ad ottimizzare il flusso di lavoro.<\/p>\n","protected":false},"author":17,"featured_media":19155,"parent":8333,"menu_order":0,"comment_status":"open","ping_status":"closed","template":"g1_template_page_review_new.php","meta":{"_acf_changed":false,"cwp_meta_box_check":"Yes","cwp_rev_product_name":"","cwp_rev_product_image":"","wppr_links":[],"cwp_rev_price":"","wppr_options":[],"wppr_pros":[],"wppr_cons":[],"_monsterinsights_skip_tracking":false,"_monsterinsights_sitenote_active":false,"_monsterinsights_sitenote_note":"","_monsterinsights_sitenote_category":0,"footnotes":""},"categories":[172],"tags":[1324,1316,1314,1330],"features":[],"class_list":{"0":"post-19153","1":"page","2":"type-page","3":"status-publish","4":"has-post-thumbnail","6":"category-online-project-management-it","7":"tag-gestione-dei-progetti","8":"tag-online-project-management","9":"tag-project-management-software","10":"tag-project-manager"},"wppr_data":{"cwp_meta_box_check":"Yes","cwp_rev_product_name":"","cwp_rev_product_image":"","cwp_image_link":"image","cwp_rev_price":"","wppr_rating":"0.00"},"acf":[],"yoast_head":"<!-- This site is optimized with the Yoast SEO plugin v27.4 - https:\/\/yoast.com\/product\/yoast-seo-wordpress\/ -->\n<title>Quire: recensione programma di project management - Accurate Reviews<\/title>\n<meta name=\"description\" content=\"Quire: recensione del programma di project management ideale per team di piccole e medie dimensioni che necessitano una migliore organizzazione del lavoro.\" \/>\n<meta name=\"robots\" content=\"index, follow, max-snippet:-1, max-image-preview:large, max-video-preview:-1\" \/>\n<link rel=\"canonical\" href=\"https:\/\/www.accuratereviews.com\/it\/project-management-online-lista-software\/quire-recensione\/\" \/>\n<meta property=\"og:locale\" content=\"it_IT\" \/>\n<meta property=\"og:type\" content=\"article\" \/>\n<meta property=\"og:title\" content=\"Quire: recensione programma di project management - Accurate Reviews\" \/>\n<meta property=\"og:description\" content=\"Quire: recensione del programma di project management ideale per team di piccole e medie dimensioni che necessitano una migliore organizzazione del lavoro.\" \/>\n<meta property=\"og:url\" content=\"https:\/\/www.accuratereviews.com\/it\/project-management-online-lista-software\/quire-recensione\/\" \/>\n<meta property=\"og:site_name\" content=\"Accurate Reviews\" \/>\n<meta property=\"article:modified_time\" content=\"2020-12-24T11:11:43+00:00\" \/>\n<meta property=\"og:image\" content=\"https:\/\/www.accuratereviews.com\/wp-content\/uploads\/2019\/10\/download.png\" \/>\n\t<meta property=\"og:image:width\" content=\"188\" \/>\n\t<meta property=\"og:image:height\" content=\"188\" \/>\n\t<meta property=\"og:image:type\" content=\"image\/png\" \/>\n<meta name=\"twitter:card\" content=\"summary_large_image\" \/>\n<meta name=\"twitter:label1\" content=\"Tempo di lettura stimato\" \/>\n\t<meta name=\"twitter:data1\" content=\"3 minuti\" \/>\n<script type=\"application\/ld+json\" class=\"yoast-schema-graph\">{\"@context\":\"https:\\\/\\\/schema.org\",\"@graph\":[{\"@type\":\"WebPage\",\"@id\":\"https:\\\/\\\/www.accuratereviews.com\\\/it\\\/project-management-online-lista-software\\\/quire-recensione\\\/\",\"url\":\"https:\\\/\\\/www.accuratereviews.com\\\/it\\\/project-management-online-lista-software\\\/quire-recensione\\\/\",\"name\":\"Quire: recensione programma di project management - Accurate Reviews\",\"isPartOf\":{\"@id\":\"https:\\\/\\\/www.accuratereviews.com\\\/it\\\/#website\"},\"primaryImageOfPage\":{\"@id\":\"https:\\\/\\\/www.accuratereviews.com\\\/it\\\/project-management-online-lista-software\\\/quire-recensione\\\/#primaryimage\"},\"image\":{\"@id\":\"https:\\\/\\\/www.accuratereviews.com\\\/it\\\/project-management-online-lista-software\\\/quire-recensione\\\/#primaryimage\"},\"thumbnailUrl\":\"https:\\\/\\\/www.accuratereviews.com\\\/wp-content\\\/uploads\\\/2019\\\/10\\\/download.png\",\"datePublished\":\"2019-10-15T15:31:28+00:00\",\"dateModified\":\"2020-12-24T11:11:43+00:00\",\"description\":\"Quire: recensione del programma di project management ideale per team di piccole e medie dimensioni che necessitano una migliore organizzazione del lavoro.\",\"breadcrumb\":{\"@id\":\"https:\\\/\\\/www.accuratereviews.com\\\/it\\\/project-management-online-lista-software\\\/quire-recensione\\\/#breadcrumb\"},\"inLanguage\":\"it-IT\",\"potentialAction\":[{\"@type\":\"ReadAction\",\"target\":[\"https:\\\/\\\/www.accuratereviews.com\\\/it\\\/project-management-online-lista-software\\\/quire-recensione\\\/\"]}]},{\"@type\":\"ImageObject\",\"inLanguage\":\"it-IT\",\"@id\":\"https:\\\/\\\/www.accuratereviews.com\\\/it\\\/project-management-online-lista-software\\\/quire-recensione\\\/#primaryimage\",\"url\":\"https:\\\/\\\/www.accuratereviews.com\\\/wp-content\\\/uploads\\\/2019\\\/10\\\/download.png\",\"contentUrl\":\"https:\\\/\\\/www.accuratereviews.com\\\/wp-content\\\/uploads\\\/2019\\\/10\\\/download.png\",\"width\":188,\"height\":188},{\"@type\":\"BreadcrumbList\",\"@id\":\"https:\\\/\\\/www.accuratereviews.com\\\/it\\\/project-management-online-lista-software\\\/quire-recensione\\\/#breadcrumb\",\"itemListElement\":[{\"@type\":\"ListItem\",\"position\":1,\"name\":\"Home\",\"item\":\"https:\\\/\\\/www.accuratereviews.com\\\/it\\\/\"},{\"@type\":\"ListItem\",\"position\":2,\"name\":\"Project Management Online\",\"item\":\"https:\\\/\\\/www.accuratereviews.com\\\/it\\\/project-management-online-lista-software\\\/\"},{\"@type\":\"ListItem\",\"position\":3,\"name\":\"Quire\"}]},{\"@type\":\"WebSite\",\"@id\":\"https:\\\/\\\/www.accuratereviews.com\\\/it\\\/#website\",\"url\":\"https:\\\/\\\/www.accuratereviews.com\\\/it\\\/\",\"name\":\"Accurate Reviews\",\"description\":\"\",\"potentialAction\":[{\"@type\":\"SearchAction\",\"target\":{\"@type\":\"EntryPoint\",\"urlTemplate\":\"https:\\\/\\\/www.accuratereviews.com\\\/it\\\/?s={search_term_string}\"},\"query-input\":{\"@type\":\"PropertyValueSpecification\",\"valueRequired\":true,\"valueName\":\"search_term_string\"}}],\"inLanguage\":\"it-IT\"}]}<\/script>\n<!-- \/ Yoast SEO plugin. -->","yoast_head_json":{"title":"Quire: recensione programma di project management - Accurate Reviews","description":"Quire: recensione del programma di project management ideale per team di piccole e medie dimensioni che necessitano una migliore organizzazione del lavoro.","robots":{"index":"index","follow":"follow","max-snippet":"max-snippet:-1","max-image-preview":"max-image-preview:large","max-video-preview":"max-video-preview:-1"},"canonical":"https:\/\/www.accuratereviews.com\/it\/project-management-online-lista-software\/quire-recensione\/","og_locale":"it_IT","og_type":"article","og_title":"Quire: recensione programma di project management - Accurate Reviews","og_description":"Quire: recensione del programma di project management ideale per team di piccole e medie dimensioni che necessitano una migliore organizzazione del lavoro.","og_url":"https:\/\/www.accuratereviews.com\/it\/project-management-online-lista-software\/quire-recensione\/","og_site_name":"Accurate Reviews","article_modified_time":"2020-12-24T11:11:43+00:00","og_image":[{"width":188,"height":188,"url":"https:\/\/www.accuratereviews.com\/wp-content\/uploads\/2019\/10\/download.png","type":"image\/png"}],"twitter_card":"summary_large_image","twitter_misc":{"Tempo di lettura stimato":"3 minuti"},"schema":{"@context":"https:\/\/schema.org","@graph":[{"@type":"WebPage","@id":"https:\/\/www.accuratereviews.com\/it\/project-management-online-lista-software\/quire-recensione\/","url":"https:\/\/www.accuratereviews.com\/it\/project-management-online-lista-software\/quire-recensione\/","name":"Quire: recensione programma di project management - Accurate Reviews","isPartOf":{"@id":"https:\/\/www.accuratereviews.com\/it\/#website"},"primaryImageOfPage":{"@id":"https:\/\/www.accuratereviews.com\/it\/project-management-online-lista-software\/quire-recensione\/#primaryimage"},"image":{"@id":"https:\/\/www.accuratereviews.com\/it\/project-management-online-lista-software\/quire-recensione\/#primaryimage"},"thumbnailUrl":"https:\/\/www.accuratereviews.com\/wp-content\/uploads\/2019\/10\/download.png","datePublished":"2019-10-15T15:31:28+00:00","dateModified":"2020-12-24T11:11:43+00:00","description":"Quire: recensione del programma di project management ideale per team di piccole e medie dimensioni che necessitano una migliore organizzazione del lavoro.","breadcrumb":{"@id":"https:\/\/www.accuratereviews.com\/it\/project-management-online-lista-software\/quire-recensione\/#breadcrumb"},"inLanguage":"it-IT","potentialAction":[{"@type":"ReadAction","target":["https:\/\/www.accuratereviews.com\/it\/project-management-online-lista-software\/quire-recensione\/"]}]},{"@type":"ImageObject","inLanguage":"it-IT","@id":"https:\/\/www.accuratereviews.com\/it\/project-management-online-lista-software\/quire-recensione\/#primaryimage","url":"https:\/\/www.accuratereviews.com\/wp-content\/uploads\/2019\/10\/download.png","contentUrl":"https:\/\/www.accuratereviews.com\/wp-content\/uploads\/2019\/10\/download.png","width":188,"height":188},{"@type":"BreadcrumbList","@id":"https:\/\/www.accuratereviews.com\/it\/project-management-online-lista-software\/quire-recensione\/#breadcrumb","itemListElement":[{"@type":"ListItem","position":1,"name":"Home","item":"https:\/\/www.accuratereviews.com\/it\/"},{"@type":"ListItem","position":2,"name":"Project Management Online","item":"https:\/\/www.accuratereviews.com\/it\/project-management-online-lista-software\/"},{"@type":"ListItem","position":3,"name":"Quire"}]},{"@type":"WebSite","@id":"https:\/\/www.accuratereviews.com\/it\/#website","url":"https:\/\/www.accuratereviews.com\/it\/","name":"Accurate Reviews","description":"","potentialAction":[{"@type":"SearchAction","target":{"@type":"EntryPoint","urlTemplate":"https:\/\/www.accuratereviews.com\/it\/?s={search_term_string}"},"query-input":{"@type":"PropertyValueSpecification","valueRequired":true,"valueName":"search_term_string"}}],"inLanguage":"it-IT"}]}},"_links":{"self":[{"href":"https:\/\/www.accuratereviews.com\/it\/wp-json\/wp\/v2\/pages\/19153","targetHints":{"allow":["GET"]}}],"collection":[{"href":"https:\/\/www.accuratereviews.com\/it\/wp-json\/wp\/v2\/pages"}],"about":[{"href":"https:\/\/www.accuratereviews.com\/it\/wp-json\/wp\/v2\/types\/page"}],"author":[{"embeddable":true,"href":"https:\/\/www.accuratereviews.com\/it\/wp-json\/wp\/v2\/users\/17"}],"replies":[{"embeddable":true,"href":"https:\/\/www.accuratereviews.com\/it\/wp-json\/wp\/v2\/comments?post=19153"}],"version-history":[{"count":3,"href":"https:\/\/www.accuratereviews.com\/it\/wp-json\/wp\/v2\/pages\/19153\/revisions"}],"predecessor-version":[{"id":34257,"href":"https:\/\/www.accuratereviews.com\/it\/wp-json\/wp\/v2\/pages\/19153\/revisions\/34257"}],"up":[{"embeddable":true,"href":"https:\/\/www.accuratereviews.com\/it\/wp-json\/wp\/v2\/pages\/8333"}],"wp:featuredmedia":[{"embeddable":true,"href":"https:\/\/www.accuratereviews.com\/it\/wp-json\/wp\/v2\/media\/19155"}],"wp:attachment":[{"href":"https:\/\/www.accuratereviews.com\/it\/wp-json\/wp\/v2\/media?parent=19153"}],"wp:term":[{"taxonomy":"category","embeddable":true,"href":"https:\/\/www.accuratereviews.com\/it\/wp-json\/wp\/v2\/categories?post=19153"},{"taxonomy":"post_tag","embeddable":true,"href":"https:\/\/www.accuratereviews.com\/it\/wp-json\/wp\/v2\/tags?post=19153"},{"taxonomy":"features","embeddable":true,"href":"https:\/\/www.accuratereviews.com\/it\/wp-json\/wp\/v2\/features?post=19153"}],"curies":[{"name":"wp","href":"https:\/\/api.w.org\/{rel}","templated":true}]}}