{"id":19164,"date":"2019-10-15T15:31:32","date_gmt":"2019-10-15T15:31:32","guid":{"rendered":"https:\/\/www.accuratereviews.com\/?page_id=19164"},"modified":"2020-12-23T13:49:48","modified_gmt":"2020-12-23T13:49:48","slug":"pipefy-recensione","status":"publish","type":"page","link":"https:\/\/www.accuratereviews.com\/it\/project-management-online-lista-software\/pipefy-recensione\/","title":{"rendered":"Pipefy"},"content":{"rendered":"<p><strong>Pipefy<\/strong> \u00e8 uno <strong>strumento di gestione dei processi<\/strong> che soddisfa le esigenze di diversi settori e dimensioni aziendali. Che si tratti di servizi condivisi, BPO, IT e service desk, sviluppo software, finanza, assistenza clienti, questo software \u00e8 attrezzato per gestire tutti i tipi di processi operativi.\u00a0Considerato come un sistema intuitivo e facile da usare, <strong>Pipefy<\/strong> consente agli utenti di migliorare la loro efficienza, produttivit\u00e0 e redditivit\u00e0 aiutandoli a creare, organizzare e gestire i loro processi aziendali e flussi di lavoro in un&#8217;unica piattaforma. Inoltre, <strong>Pipefy<\/strong> pu\u00f2 aiutare le aziende e le organizzazioni a valutare e perfezionare i propri processi per raggiungere i propri obiettivi e facilitare la crescita aziendale in modo pi\u00f9 efficace.\u00a0Con questa soluzione software, gli utenti possono visualizzare i loro processi di lavoro specifici in modo da poter vedere cosa \u00e8 stato fatto, cosa viene fatto e cosa deve essere fatto. Sfrutta l&#8217;uso <strong>del metodo Kanban<\/strong>, un sistema di gestione dei progetti visivi che offre agli utenti la possibilit\u00e0 di monitorare l&#8217;avanzamento del loro lavoro dall&#8217;inizio alla fine.\u00a0Il software suddivide quindi i processi aziendali di un&#8217;azienda o di un team in &#8220;pipe&#8221;.<\/p>\n<h2>PIPEFY &#8211; TUTORIAL<\/h2>\n<p>Guardiamo insieme questo tutorial per comprendere meglio come utilizzare questo potente<strong> programma Project Management:<\/strong><\/p>\n<div id=\"fluid-wrapper-counter-1\" class=\"g1-fluid-wrapper \" style=\"width:686px;\">\n<div style=\"padding-bottom:56.268221574344%;\"><iframe loading=\"lazy\" title=\"[Webinar] Pipefy for Beginners\" width=\"686\" height=\"386\" src=\"https:\/\/www.youtube.com\/embed\/3nYv13zCAMc?feature=oembed&amp;wmode=transparent&amp;autohide=1&amp;autoplay=0&amp;disablekb=0&amp;fs=1&amp;loop=0&amp;enablejsapi=1&amp;rel=0&amp;controls=2&amp;showinfo=0&amp;wmode=transparent&amp;autohide=2&amp;autoplay=0&amp;disablekb=0&amp;fs=1&amp;loop=0&amp;enablejsapi=1&amp;rel=0&amp;controls=2&amp;showinfo=1\" frameborder=\"0\" allow=\"accelerometer; autoplay; clipboard-write; encrypted-media; gyroscope; picture-in-picture\" allowfullscreen><\/iframe><\/div>\n<\/div>\n<h3>PIPEFY &#8211; CARATTERISTICHE<\/h3>\n<ul>\n<li>Guida la tua squadra: crea facilmente procedure operative standard per guidare il tuo team<\/li>\n<li>Prevenire errori e perdite di tempo:\u00a0genera logiche condizionali e passaggi necessari per garantire che il team non commetta errori e perdite di tempo.<\/li>\n<li>Ridurre i costi: semplifica e automatizza il lavoro manuale e delega il tuo team nei processi per concentrarti su attivit\u00e0 importanti.<\/li>\n<li>Trova i rallentamenti: trova e comprendi facilmente le cause alla radice che impediscono al tuo processo di muoversi pi\u00f9 velocemente.<\/li>\n<li>Ottieni visibilit\u00e0: traccia facilmente le prestazioni del tuo team e aumenta la responsabilit\u00e0.<\/li>\n<li>Traccia e migliora gli SLA: \u00a0migliora la reattivit\u00e0 e la prevedibilit\u00e0 impostando facilmente gli SLA per ogni fase del processo.<\/li>\n<\/ul>\n<h4>LE RECENSIONI DEGLI UTENTI<\/h4>\n<h4>Paulo D. &#8220;Alternativa innovativa e pulita a Trello&#8221;<\/h4>\n<p><strong>Commenti<\/strong>: Ottima opzione kanban che \u00e8 veloce e porta a termine il lavoro.<\/p>\n<p><strong>Vantaggi<\/strong>: ci\u00f2 che mi piace di pi\u00f9 \u00e8 la sua personalizzazione. Ha diversi tipi di organizzazione delle tue schede in base al tipo di progetti a cui stai lavorando. Non cos\u00ec avanzato come il piuttosto costoso-ish Monday.com, ma pi\u00f9 di Trello in questi termini. Inoltre, la sua interfaccia utente \u00e8 abbastanza pulita e i prezzi non sono male per coloro che vogliono portare l&#8217;esperienza al livello successivo. Ha anche un&#8217;app mobile decente che fa il lavoro.<\/p>\n<p><strong>Inconvenienti<\/strong>: la ragione principale per cui ho smesso di usarla \u00e8 stata la mancanza di integrazioni. Ad essere sinceri, \u00e8 stato un po &#8216;di tempo fa e ora hanno pi\u00f9 integrazioni rispetto a prima, ma ancora abbastanza lontano da Trello. Tuttavia, potrebbe non essere un problema per molti! \u00c8 stato per me a causa di esigenze specifiche, ma potrebbe non essere adatto a te. Inoltre, mi interrogo sulla sua privacy, poich\u00e9 lo staff di Pipefy mi ha contattato per alcuni corsi online gratuiti (probabilmente perch\u00e9 all&#8217;epoca lavoravo in Dell e volevano menzionare nel loro sito che \u00e8 utilizzato anche l\u00ec; nella videoconferenza hanno anche menzionato il titolo di una delle mie bacheche).<\/p>\n<h4>Bojan S. &#8220;Eccezionalmente flessibile e facile da usare&#8221;<\/h4>\n<p><strong>Commenti<\/strong>: Gestione di progetti e processi per team di piccole imprese (3-10 membri del team) all&#8217;interno di un&#8217;azienda pi\u00f9 grande in cui le esigenze sono uniche ma la scala non pu\u00f2 supportare lo sviluppo personalizzato.<\/p>\n<p><strong>Vantaggi<\/strong>: Pipefy \u00e8 altamente personalizzabile dall&#8217;utente, non sono richiesti sviluppatori. Questo \u00e8 fondamentale per essere estensibile a pi\u00f9 team senza il pesante supporto richiesto. Ha uno dei set di strumenti pi\u00f9 robusti pronti all&#8217;uso nel suo segmento (sto cercando automazioni, modulo di input sofisticato e database). Il costo \u00e8 alto, ma non dovendo utilizzare un software di integrazione per completare il set di funzionalit\u00e0, il valore diventa ancora pi\u00f9 ricco rispetto ai concorrenti. L&#8217;esperienza con il team Pipefy non \u00e8 stata seconda a nessuno. Sono estremamente reattivi tramite chat in-app ed email, ma sono anche molto attivi nel garantire che stai massimizzando l&#8217;uso dell&#8217;app.<\/p>\n<p><strong>Inconvenienti<\/strong>: ci sono due caratteristiche che, sebbene presenti, non sono ancora abbastanza sofisticate da soddisfare le mie esigenze. Il primo \u00e8 il reporting, in particolare a livello aziendale, che non consente n\u00e9 di creare report su campi personalizzati n\u00e9 di creare una dashboard di azione \/ analisi davvero personalizzata. Abbiamo utilizzato la robusta API di Pipefy per porre rimedio a questo, ma la maggior parte degli utenti non disporr\u00e0 di questa funzionalit\u00e0, quindi un connettore integrato a una suite di analisi sarebbe l&#8217;ideale. In secondo luogo \u00e8 l&#8217;app calendario \/ funzione di sequenza temporale mancante. Sebbene l&#8217;integrazione di Google Calendar ti consenta di visualizzare eventi di un giorno, non consente una visualizzazione della sequenza temporale. Anche in questo caso, l&#8217;API pu\u00f2 essere utilizzata per risolvere questo problema e mi \u00e8 stato detto che una vista gant chart che affronta questo caso d&#8217;uso \u00e8 in arrivo.<\/p>\n<h4>Carolina C. &#8220;Fantastico! Non so pi\u00f9 come lavorare senza Pipefy. Mi aiuta a organizzare e controllare tutti i miei compiti.&#8221;<\/h4>\n<p><strong>Commenti<\/strong>: mi aiuta a ricevere e controllare tutti i miei compiti in modo pratico e organizzato. Mantenere un importante storico.<\/p>\n<p><strong>Vantaggi<\/strong>: il team di supporto mi ha sempre aiutato subito! Sono molto colpito dal loro servizio e attenzione. Comunicare sempre sulle nuove funzionalit\u00e0 e fare webinar. Puoi vedere che questa azienda si preoccupa davvero dei loro clienti.<\/p>\n<p><strong>Inconvenienti<\/strong>: quando elimini un campo dalla pipefy perdiamo lo storico dalle pipe precedenti. Dovremmo mantenere le modifiche solo per le news pipe, ma non cancellare nulla sulle vecchie pipe. Dovrebbero avere qualcuno nel team di supporto che parla spagnolo. Perch\u00e9 alcuni dei miei colleghi non parlano inglese, quindi devo aiutarli nella comunicazione con il team di supporto di Pipefy.<\/p>\n<p>&nbsp;<\/p>\n","protected":false},"excerpt":{"rendered":"<p>Pipefy \u00e8 uno strumento di gestione dei processi che soddisfa le esigenze di diversi settori e dimensioni aziendali. Che si tratti di servizi condivisi, BPO, IT e service desk, sviluppo software, finanza, assistenza clienti, questo software \u00e8 attrezzato per gestire tutti i tipi di processi operativi. Considerato come un sistema intuitivo e facile da usare, Pipefy consente agli utenti di migliorare la loro efficienza, produttivit\u00e0 e redditivit\u00e0 aiutandoli a creare, organizzare e gestire i loro processi aziendali e flussi di lavoro in un&#8217;unica piattaforma.<\/p>\n","protected":false},"author":19,"featured_media":19177,"parent":8333,"menu_order":0,"comment_status":"open","ping_status":"closed","template":"g1_template_page_review_new.php","meta":{"_acf_changed":false,"cwp_meta_box_check":"Yes","cwp_rev_product_name":"","cwp_rev_product_image":"","wppr_links":[],"cwp_rev_price":"","wppr_options":[],"wppr_pros":[],"wppr_cons":[],"_monsterinsights_skip_tracking":false,"_monsterinsights_sitenote_active":false,"_monsterinsights_sitenote_note":"","_monsterinsights_sitenote_category":0,"footnotes":""},"categories":[172],"tags":[1324,1375,1337,1310,1319,1309,1363,1320],"features":[],"class_list":{"0":"post-19164","1":"page","2":"type-page","3":"status-publish","4":"has-post-thumbnail","6":"category-online-project-management-it","7":"tag-gestione-dei-progetti","8":"tag-pipefy","9":"tag-programma-gestione-dei-progetti","10":"tag-programma-project-management","11":"tag-software-gestione-progetti","12":"tag-software-project-management","13":"tag-soluzione-gestione-progetti","14":"tag-soluzione-project-management"},"wppr_data":{"cwp_meta_box_check":"Yes","cwp_rev_product_name":"","cwp_rev_product_image":"","cwp_image_link":"image","cwp_rev_price":"","wppr_rating":"0.00"},"acf":[],"yoast_head":"<!-- This site is optimized with the Yoast SEO plugin v27.4 - https:\/\/yoast.com\/product\/yoast-seo-wordpress\/ -->\n<title>Pipefy: recensione Project Management - Accurate Reviews<\/title>\n<meta name=\"description\" content=\"Pipefy: recensione strumento di gestione dei processi che soddisfa le esigenze di diversi settori e dimensioni aziendali.\" \/>\n<meta name=\"robots\" content=\"index, follow, max-snippet:-1, max-image-preview:large, max-video-preview:-1\" \/>\n<link rel=\"canonical\" href=\"https:\/\/www.accuratereviews.com\/it\/project-management-online-lista-software\/pipefy-recensione\/\" \/>\n<meta property=\"og:locale\" content=\"it_IT\" \/>\n<meta property=\"og:type\" content=\"article\" \/>\n<meta property=\"og:title\" content=\"Pipefy: recensione Project Management - Accurate Reviews\" \/>\n<meta property=\"og:description\" content=\"Pipefy: recensione strumento di gestione dei processi che soddisfa le esigenze di diversi settori e dimensioni aziendali.\" \/>\n<meta property=\"og:url\" content=\"https:\/\/www.accuratereviews.com\/it\/project-management-online-lista-software\/pipefy-recensione\/\" \/>\n<meta property=\"og:site_name\" content=\"Accurate Reviews\" \/>\n<meta property=\"article:modified_time\" content=\"2020-12-23T13:49:48+00:00\" \/>\n<meta property=\"og:image\" content=\"https:\/\/www.accuratereviews.com\/wp-content\/uploads\/2019\/10\/pipefy-logo-.png\" \/>\n\t<meta property=\"og:image:width\" content=\"400\" \/>\n\t<meta property=\"og:image:height\" content=\"200\" \/>\n\t<meta property=\"og:image:type\" content=\"image\/png\" \/>\n<meta name=\"twitter:card\" content=\"summary_large_image\" \/>\n<meta name=\"twitter:label1\" content=\"Tempo di lettura stimato\" \/>\n\t<meta name=\"twitter:data1\" content=\"5 minuti\" \/>\n<script type=\"application\/ld+json\" class=\"yoast-schema-graph\">{\"@context\":\"https:\\\/\\\/schema.org\",\"@graph\":[{\"@type\":\"WebPage\",\"@id\":\"https:\\\/\\\/www.accuratereviews.com\\\/it\\\/project-management-online-lista-software\\\/pipefy-recensione\\\/\",\"url\":\"https:\\\/\\\/www.accuratereviews.com\\\/it\\\/project-management-online-lista-software\\\/pipefy-recensione\\\/\",\"name\":\"Pipefy: recensione Project Management - Accurate Reviews\",\"isPartOf\":{\"@id\":\"https:\\\/\\\/www.accuratereviews.com\\\/it\\\/#website\"},\"primaryImageOfPage\":{\"@id\":\"https:\\\/\\\/www.accuratereviews.com\\\/it\\\/project-management-online-lista-software\\\/pipefy-recensione\\\/#primaryimage\"},\"image\":{\"@id\":\"https:\\\/\\\/www.accuratereviews.com\\\/it\\\/project-management-online-lista-software\\\/pipefy-recensione\\\/#primaryimage\"},\"thumbnailUrl\":\"https:\\\/\\\/www.accuratereviews.com\\\/wp-content\\\/uploads\\\/2019\\\/10\\\/pipefy-logo-.png\",\"datePublished\":\"2019-10-15T15:31:32+00:00\",\"dateModified\":\"2020-12-23T13:49:48+00:00\",\"description\":\"Pipefy: recensione strumento di gestione dei processi che soddisfa le esigenze di diversi settori e dimensioni aziendali.\",\"breadcrumb\":{\"@id\":\"https:\\\/\\\/www.accuratereviews.com\\\/it\\\/project-management-online-lista-software\\\/pipefy-recensione\\\/#breadcrumb\"},\"inLanguage\":\"it-IT\",\"potentialAction\":[{\"@type\":\"ReadAction\",\"target\":[\"https:\\\/\\\/www.accuratereviews.com\\\/it\\\/project-management-online-lista-software\\\/pipefy-recensione\\\/\"]}]},{\"@type\":\"ImageObject\",\"inLanguage\":\"it-IT\",\"@id\":\"https:\\\/\\\/www.accuratereviews.com\\\/it\\\/project-management-online-lista-software\\\/pipefy-recensione\\\/#primaryimage\",\"url\":\"https:\\\/\\\/www.accuratereviews.com\\\/wp-content\\\/uploads\\\/2019\\\/10\\\/pipefy-logo-.png\",\"contentUrl\":\"https:\\\/\\\/www.accuratereviews.com\\\/wp-content\\\/uploads\\\/2019\\\/10\\\/pipefy-logo-.png\",\"width\":400,\"height\":200},{\"@type\":\"BreadcrumbList\",\"@id\":\"https:\\\/\\\/www.accuratereviews.com\\\/it\\\/project-management-online-lista-software\\\/pipefy-recensione\\\/#breadcrumb\",\"itemListElement\":[{\"@type\":\"ListItem\",\"position\":1,\"name\":\"Home\",\"item\":\"https:\\\/\\\/www.accuratereviews.com\\\/it\\\/\"},{\"@type\":\"ListItem\",\"position\":2,\"name\":\"Project Management Online\",\"item\":\"https:\\\/\\\/www.accuratereviews.com\\\/it\\\/project-management-online-lista-software\\\/\"},{\"@type\":\"ListItem\",\"position\":3,\"name\":\"Pipefy\"}]},{\"@type\":\"WebSite\",\"@id\":\"https:\\\/\\\/www.accuratereviews.com\\\/it\\\/#website\",\"url\":\"https:\\\/\\\/www.accuratereviews.com\\\/it\\\/\",\"name\":\"Accurate Reviews\",\"description\":\"\",\"potentialAction\":[{\"@type\":\"SearchAction\",\"target\":{\"@type\":\"EntryPoint\",\"urlTemplate\":\"https:\\\/\\\/www.accuratereviews.com\\\/it\\\/?s={search_term_string}\"},\"query-input\":{\"@type\":\"PropertyValueSpecification\",\"valueRequired\":true,\"valueName\":\"search_term_string\"}}],\"inLanguage\":\"it-IT\"}]}<\/script>\n<!-- \/ Yoast SEO plugin. -->","yoast_head_json":{"title":"Pipefy: recensione Project Management - Accurate Reviews","description":"Pipefy: recensione strumento di gestione dei processi che soddisfa le esigenze di diversi settori e dimensioni aziendali.","robots":{"index":"index","follow":"follow","max-snippet":"max-snippet:-1","max-image-preview":"max-image-preview:large","max-video-preview":"max-video-preview:-1"},"canonical":"https:\/\/www.accuratereviews.com\/it\/project-management-online-lista-software\/pipefy-recensione\/","og_locale":"it_IT","og_type":"article","og_title":"Pipefy: recensione Project Management - Accurate Reviews","og_description":"Pipefy: recensione strumento di gestione dei processi che soddisfa le esigenze di diversi settori e dimensioni aziendali.","og_url":"https:\/\/www.accuratereviews.com\/it\/project-management-online-lista-software\/pipefy-recensione\/","og_site_name":"Accurate Reviews","article_modified_time":"2020-12-23T13:49:48+00:00","og_image":[{"width":400,"height":200,"url":"https:\/\/www.accuratereviews.com\/wp-content\/uploads\/2019\/10\/pipefy-logo-.png","type":"image\/png"}],"twitter_card":"summary_large_image","twitter_misc":{"Tempo di lettura stimato":"5 minuti"},"schema":{"@context":"https:\/\/schema.org","@graph":[{"@type":"WebPage","@id":"https:\/\/www.accuratereviews.com\/it\/project-management-online-lista-software\/pipefy-recensione\/","url":"https:\/\/www.accuratereviews.com\/it\/project-management-online-lista-software\/pipefy-recensione\/","name":"Pipefy: recensione Project Management - Accurate Reviews","isPartOf":{"@id":"https:\/\/www.accuratereviews.com\/it\/#website"},"primaryImageOfPage":{"@id":"https:\/\/www.accuratereviews.com\/it\/project-management-online-lista-software\/pipefy-recensione\/#primaryimage"},"image":{"@id":"https:\/\/www.accuratereviews.com\/it\/project-management-online-lista-software\/pipefy-recensione\/#primaryimage"},"thumbnailUrl":"https:\/\/www.accuratereviews.com\/wp-content\/uploads\/2019\/10\/pipefy-logo-.png","datePublished":"2019-10-15T15:31:32+00:00","dateModified":"2020-12-23T13:49:48+00:00","description":"Pipefy: recensione strumento di gestione dei processi che soddisfa le esigenze di diversi settori e dimensioni aziendali.","breadcrumb":{"@id":"https:\/\/www.accuratereviews.com\/it\/project-management-online-lista-software\/pipefy-recensione\/#breadcrumb"},"inLanguage":"it-IT","potentialAction":[{"@type":"ReadAction","target":["https:\/\/www.accuratereviews.com\/it\/project-management-online-lista-software\/pipefy-recensione\/"]}]},{"@type":"ImageObject","inLanguage":"it-IT","@id":"https:\/\/www.accuratereviews.com\/it\/project-management-online-lista-software\/pipefy-recensione\/#primaryimage","url":"https:\/\/www.accuratereviews.com\/wp-content\/uploads\/2019\/10\/pipefy-logo-.png","contentUrl":"https:\/\/www.accuratereviews.com\/wp-content\/uploads\/2019\/10\/pipefy-logo-.png","width":400,"height":200},{"@type":"BreadcrumbList","@id":"https:\/\/www.accuratereviews.com\/it\/project-management-online-lista-software\/pipefy-recensione\/#breadcrumb","itemListElement":[{"@type":"ListItem","position":1,"name":"Home","item":"https:\/\/www.accuratereviews.com\/it\/"},{"@type":"ListItem","position":2,"name":"Project Management Online","item":"https:\/\/www.accuratereviews.com\/it\/project-management-online-lista-software\/"},{"@type":"ListItem","position":3,"name":"Pipefy"}]},{"@type":"WebSite","@id":"https:\/\/www.accuratereviews.com\/it\/#website","url":"https:\/\/www.accuratereviews.com\/it\/","name":"Accurate Reviews","description":"","potentialAction":[{"@type":"SearchAction","target":{"@type":"EntryPoint","urlTemplate":"https:\/\/www.accuratereviews.com\/it\/?s={search_term_string}"},"query-input":{"@type":"PropertyValueSpecification","valueRequired":true,"valueName":"search_term_string"}}],"inLanguage":"it-IT"}]}},"_links":{"self":[{"href":"https:\/\/www.accuratereviews.com\/it\/wp-json\/wp\/v2\/pages\/19164","targetHints":{"allow":["GET"]}}],"collection":[{"href":"https:\/\/www.accuratereviews.com\/it\/wp-json\/wp\/v2\/pages"}],"about":[{"href":"https:\/\/www.accuratereviews.com\/it\/wp-json\/wp\/v2\/types\/page"}],"author":[{"embeddable":true,"href":"https:\/\/www.accuratereviews.com\/it\/wp-json\/wp\/v2\/users\/19"}],"replies":[{"embeddable":true,"href":"https:\/\/www.accuratereviews.com\/it\/wp-json\/wp\/v2\/comments?post=19164"}],"version-history":[{"count":7,"href":"https:\/\/www.accuratereviews.com\/it\/wp-json\/wp\/v2\/pages\/19164\/revisions"}],"predecessor-version":[{"id":34207,"href":"https:\/\/www.accuratereviews.com\/it\/wp-json\/wp\/v2\/pages\/19164\/revisions\/34207"}],"up":[{"embeddable":true,"href":"https:\/\/www.accuratereviews.com\/it\/wp-json\/wp\/v2\/pages\/8333"}],"wp:featuredmedia":[{"embeddable":true,"href":"https:\/\/www.accuratereviews.com\/it\/wp-json\/wp\/v2\/media\/19177"}],"wp:attachment":[{"href":"https:\/\/www.accuratereviews.com\/it\/wp-json\/wp\/v2\/media?parent=19164"}],"wp:term":[{"taxonomy":"category","embeddable":true,"href":"https:\/\/www.accuratereviews.com\/it\/wp-json\/wp\/v2\/categories?post=19164"},{"taxonomy":"post_tag","embeddable":true,"href":"https:\/\/www.accuratereviews.com\/it\/wp-json\/wp\/v2\/tags?post=19164"},{"taxonomy":"features","embeddable":true,"href":"https:\/\/www.accuratereviews.com\/it\/wp-json\/wp\/v2\/features?post=19164"}],"curies":[{"name":"wp","href":"https:\/\/api.w.org\/{rel}","templated":true}]}}