{"id":19169,"date":"2019-10-15T15:31:24","date_gmt":"2019-10-15T15:31:24","guid":{"rendered":"https:\/\/www.accuratereviews.com\/?page_id=19169"},"modified":"2019-10-15T15:31:24","modified_gmt":"2019-10-15T15:31:24","slug":"mangoapps-recensione","status":"publish","type":"page","link":"https:\/\/www.accuratereviews.com\/it\/project-management-online-lista-software\/mangoapps-recensione\/","title":{"rendered":"MangoApps"},"content":{"rendered":"<div class=\"mb-2\">\n<p><strong>MangoApps<\/strong> \u00e8 una piattaforma ricca di funzionalit\u00e0 che permette a aziende e team di qualsiasi dimensione di migliorare e <strong>ottimizzare il flusso di lavoro<\/strong>. Infatti tramite questo programma, gli utenti possono comunicare tra di loro in modo semplice, condividendo informazioni al fine di <strong>collaborare ai progetti<\/strong> e alle attivit\u00e0 che stanno svolgendo. In questo modo si riesce a lavorare pi\u00f9 velocemente e rendendo di pi\u00f9,<strong> aumentando di conseguenza la produttivit\u00e0<\/strong> e risparmiando tempo e fatica. \u00c8 possibile richiedere una demo gratuita per poterlo provare e capire se realmente \u00e8 quello che tu e il tuo team state cercando.<\/p>\n<\/div>\n<div class=\"card island-light\">\n<div class=\"card-body media-viewer px-0 pt-0\">\n<div class=\"container\">\n<div class=\"row\">\n<div class=\"col-12 media-viewer-screen-container\">\n<div class=\"media-viewer-screen m-4 d-flex\" data-position=\"0\">\n<h2 id=\"video_frame_0\" class=\"media-viewer-video-container w-100 h-100\">COS&#8217;\u00c8 MANGOAPPS? &#8211; TUTORIAL<\/h2>\n<p>Diamo un&#8217;occhiata a questo video per capire meglio di cosa si tratta:<\/p>\n<div id=\"fluid-wrapper-counter-1\" class=\"g1-fluid-wrapper \" style=\"width:686px;\">\n<div style=\"padding-bottom:56.268221574344%;\"><iframe loading=\"lazy\" title=\"What is MangoApps?\" width=\"686\" height=\"386\" src=\"https:\/\/www.youtube.com\/embed\/cCXi4aUjyLY?feature=oembed&amp;wmode=transparent&amp;autohide=1&amp;autoplay=0&amp;disablekb=0&amp;fs=1&amp;loop=0&amp;enablejsapi=1&amp;rel=0&amp;controls=2&amp;showinfo=0&amp;wmode=transparent&amp;autohide=2&amp;autoplay=0&amp;disablekb=0&amp;fs=1&amp;loop=0&amp;enablejsapi=1&amp;rel=0&amp;controls=2&amp;showinfo=1\" frameborder=\"0\" allow=\"accelerometer; autoplay; encrypted-media; gyroscope; picture-in-picture\" allowfullscreen><\/iframe><\/div>\n<\/div>\n<h3>MANGOAPPS &#8211; CARATTERISTICHE<\/h3>\n<p>Ecco le sue principali funzionalit\u00e0:<\/p>\n<ul>\n<li>Calendario<\/li>\n<li>Siti aziendali<\/li>\n<li>Dashboard intuitiva<\/li>\n<li>Siti dipartimentali<\/li>\n<li>Profilo e grafico dei dipendenti<\/li>\n<li>Gestione di file e cartelle<\/li>\n<li>Ottimizzazione del flusso di lavoro<\/li>\n<li>Messaggistica istantanea e chat<\/li>\n<li>Livelli e badge<\/li>\n<li>Feed di notizie<\/li>\n<li>Messaggi privati<\/li>\n<li>Aree di lavoro del progetto<\/li>\n<li>Quiz<\/li>\n<li>Premi e riconoscimenti<\/li>\n<li>Gestione dei compiti<\/li>\n<li>Team CRM<\/li>\n<li>Messaggi di squadra<\/li>\n<\/ul>\n<h3>LE RECENSIONI DEGLI UTENTI<\/h3>\n<div class=\"tlid-input input\">\n<div class=\"tlid-language-bar ls-wrap\">\n<div class=\"tl-wrap\">\n<div class=\"tl-sugg\"><\/div>\n<\/div>\n<\/div>\n<\/div>\n<div class=\"tlid-results-container results-container\">\n<div class=\"tlid-result result-dict-wrapper\">\n<div class=\"result tlid-copy-target\">\n<div class=\"text-wrap tlid-copy-target\">\n<ul>\n<li><span class=\"tlid-translation translation\" lang=\"it\"><strong>&#8220;Il prodotto e noi stessi siamo cresciuti insieme&#8221;.<\/strong><br \/>\nIN GENERALE: un posto per ospitare tutto. Il prezzo \u00e8 ragionevole. Il servizio clienti \u00e8 stato meraviglioso ultimamente.<br \/>\nPRO: il tutto in un unico posto per i nostri file. Usiamo il software solo per chattare e un repository di file. Abbiamo eliminato la necessit\u00e0 di cartelle interne e di caricarle con PDF per cliente e anno. Abbiamo superato due audit dei fornitori che ci hanno elogiato per il nostro sistema di archiviazione.<br \/>\nCONTRO: quando viene aggiornato \u00e8 un aggiornamento obbligatorio. Scopriamo che ci causa dei tempi di inattivit\u00e0. L&#8217;interfaccia web \u00e8 un po&#8217; goffa. La sincronizzazione mango ha causato la perdita di file da parte delle persone.<br \/>\n<\/span><\/li>\n<li><span class=\"tlid-translation translation\" lang=\"it\"><strong>&#8220;Il mix perfetto tra semplicit\u00e0 e funzionalit\u00e0&#8221;<\/strong><br \/>\nIN GENERALE: Sono un educatore. Molte delle domande degli studenti possono essere risolte con uno screenshot, una freccia e alcune righe di testo. \u00c8 un ottimo modo per eliminare la scrittura non necessaria e illustrare la mia risposta con un&#8217;immagine &#8211; un modo sicuro che verr\u00e0 ricordato.<br \/>\nPRO: semplice da incorporare nel mio flusso di lavoro. Alcune funzioni di annotazione, ha tutto ci\u00f2 di cui ho bisogno. Possibilit\u00e0 di caricare immagini, anche se non lo uso spesso, vedo che sarebbe indispensabile pubblicare post nei forum, Reddit, ecc.<br \/>\nCONTRO: tutte le forme di annotazione hanno ombre che non posso rimuovere. L&#8217;acquisizione video aggiunge anche l&#8217;ombra interna sui lati superiore e sinistro del riquadro.<\/span><\/li>\n<li><span class=\"tlid-translation translation\" lang=\"it\"><strong>&#8220;MangoApps ha aiutato molto nella gestione dei progetti per me e il mio team in particolare&#8221;<\/strong><br \/>\nIN GENERALE: Gestione dei file e gestione dei thread, \u00e8 un&#8217;ottima app per la condivisione e l&#8217;aggiornamento di prodotti e idee.<br \/>\nPRO: ha molte funzionalit\u00e0, in particolare la creazione di thread, wiki, versioni di documenti, anteprime di immagini e video, menzioni e tag, gestione dei gruppi, funzionalit\u00e0 di chat e badge, \u00e8 davvero un&#8217;ottima applicazione.<br \/>\nCONTRO: Non mi \u00e8 piaciuto il fatto che non ammette videochiamate e anche connessioni ad alcuni strumenti e app esterni per la produttivit\u00e0.<\/span><\/li>\n<\/ul>\n<\/div>\n<\/div>\n<\/div>\n<\/div>\n<\/div>\n<\/div>\n<\/div>\n<\/div>\n<\/div>\n<\/div>\n","protected":false},"excerpt":{"rendered":"<p>MangoApps \u00e8 una piattaforma ricca di funzionalit\u00e0 che permette a aziende e team di qualsiasi dimensione di migliorare e ottimizzare il flusso di lavoro. Infatti tramite questo programma, gli utenti possono comunicare tra di loro in modo semplice, condividendo informazioni al fine di collaborare ai progetti e alle attivit\u00e0 che stanno svolgendo.<\/p>\n","protected":false},"author":17,"featured_media":19170,"parent":8333,"menu_order":0,"comment_status":"open","ping_status":"closed","template":"g1_template_page_review_new.php","meta":{"_acf_changed":false,"cwp_meta_box_check":"Yes","cwp_rev_product_name":"","cwp_rev_product_image":"","wppr_links":[],"cwp_rev_price":"","wppr_options":[],"wppr_pros":[],"wppr_cons":[],"_monsterinsights_skip_tracking":false,"_monsterinsights_sitenote_active":false,"_monsterinsights_sitenote_note":"","_monsterinsights_sitenote_category":0,"footnotes":""},"categories":[172],"tags":[1324,1316,1310,1330],"features":[],"class_list":{"0":"post-19169","1":"page","2":"type-page","3":"status-publish","4":"has-post-thumbnail","6":"category-online-project-management-it","7":"tag-gestione-dei-progetti","8":"tag-online-project-management","9":"tag-programma-project-management","10":"tag-project-manager"},"wppr_data":{"cwp_meta_box_check":"Yes","cwp_rev_product_name":"","cwp_rev_product_image":"","cwp_image_link":"image","cwp_rev_price":"","wppr_rating":"0.00"},"acf":[],"yoast_head":"<!-- This site is optimized with the Yoast SEO plugin v27.4 - https:\/\/yoast.com\/product\/yoast-seo-wordpress\/ -->\n<title>MangoApps - Accurate Reviews<\/title>\n<meta name=\"description\" content=\"MangoApps: recensione della piattaforma ricca di funzionalit\u00e0 che permette a aziende e team di migliorare e ottimizzare il flusso di lavoro.\" \/>\n<meta name=\"robots\" content=\"index, follow, max-snippet:-1, max-image-preview:large, max-video-preview:-1\" \/>\n<link rel=\"canonical\" href=\"https:\/\/www.accuratereviews.com\/it\/project-management-online-lista-software\/mangoapps-recensione\/\" \/>\n<meta property=\"og:locale\" content=\"it_IT\" \/>\n<meta property=\"og:type\" content=\"article\" \/>\n<meta property=\"og:title\" content=\"MangoApps - Accurate Reviews\" \/>\n<meta property=\"og:description\" content=\"MangoApps: recensione della piattaforma ricca di funzionalit\u00e0 che permette a aziende e team di migliorare e ottimizzare il flusso di lavoro.\" \/>\n<meta property=\"og:url\" content=\"https:\/\/www.accuratereviews.com\/it\/project-management-online-lista-software\/mangoapps-recensione\/\" \/>\n<meta property=\"og:site_name\" content=\"Accurate Reviews\" \/>\n<meta property=\"og:image\" content=\"https:\/\/www.accuratereviews.com\/wp-content\/uploads\/2019\/10\/Mangoapps-for-wikipedia.png\" \/>\n\t<meta property=\"og:image:width\" content=\"1280\" \/>\n\t<meta property=\"og:image:height\" content=\"367\" \/>\n\t<meta property=\"og:image:type\" content=\"image\/png\" \/>\n<meta name=\"twitter:card\" content=\"summary_large_image\" \/>\n<meta name=\"twitter:label1\" content=\"Tempo di lettura stimato\" \/>\n\t<meta name=\"twitter:data1\" content=\"3 minuti\" \/>\n<script type=\"application\/ld+json\" class=\"yoast-schema-graph\">{\"@context\":\"https:\\\/\\\/schema.org\",\"@graph\":[{\"@type\":\"WebPage\",\"@id\":\"https:\\\/\\\/www.accuratereviews.com\\\/it\\\/project-management-online-lista-software\\\/mangoapps-recensione\\\/\",\"url\":\"https:\\\/\\\/www.accuratereviews.com\\\/it\\\/project-management-online-lista-software\\\/mangoapps-recensione\\\/\",\"name\":\"MangoApps - Accurate Reviews\",\"isPartOf\":{\"@id\":\"https:\\\/\\\/www.accuratereviews.com\\\/it\\\/#website\"},\"primaryImageOfPage\":{\"@id\":\"https:\\\/\\\/www.accuratereviews.com\\\/it\\\/project-management-online-lista-software\\\/mangoapps-recensione\\\/#primaryimage\"},\"image\":{\"@id\":\"https:\\\/\\\/www.accuratereviews.com\\\/it\\\/project-management-online-lista-software\\\/mangoapps-recensione\\\/#primaryimage\"},\"thumbnailUrl\":\"https:\\\/\\\/www.accuratereviews.com\\\/wp-content\\\/uploads\\\/2019\\\/10\\\/Mangoapps-for-wikipedia.png\",\"datePublished\":\"2019-10-15T15:31:24+00:00\",\"description\":\"MangoApps: recensione della piattaforma ricca di funzionalit\u00e0 che permette a aziende e team di migliorare e ottimizzare il flusso di lavoro.\",\"breadcrumb\":{\"@id\":\"https:\\\/\\\/www.accuratereviews.com\\\/it\\\/project-management-online-lista-software\\\/mangoapps-recensione\\\/#breadcrumb\"},\"inLanguage\":\"it-IT\",\"potentialAction\":[{\"@type\":\"ReadAction\",\"target\":[\"https:\\\/\\\/www.accuratereviews.com\\\/it\\\/project-management-online-lista-software\\\/mangoapps-recensione\\\/\"]}]},{\"@type\":\"ImageObject\",\"inLanguage\":\"it-IT\",\"@id\":\"https:\\\/\\\/www.accuratereviews.com\\\/it\\\/project-management-online-lista-software\\\/mangoapps-recensione\\\/#primaryimage\",\"url\":\"https:\\\/\\\/www.accuratereviews.com\\\/wp-content\\\/uploads\\\/2019\\\/10\\\/Mangoapps-for-wikipedia.png\",\"contentUrl\":\"https:\\\/\\\/www.accuratereviews.com\\\/wp-content\\\/uploads\\\/2019\\\/10\\\/Mangoapps-for-wikipedia.png\",\"width\":1280,\"height\":367},{\"@type\":\"BreadcrumbList\",\"@id\":\"https:\\\/\\\/www.accuratereviews.com\\\/it\\\/project-management-online-lista-software\\\/mangoapps-recensione\\\/#breadcrumb\",\"itemListElement\":[{\"@type\":\"ListItem\",\"position\":1,\"name\":\"Home\",\"item\":\"https:\\\/\\\/www.accuratereviews.com\\\/it\\\/\"},{\"@type\":\"ListItem\",\"position\":2,\"name\":\"Project Management Online\",\"item\":\"https:\\\/\\\/www.accuratereviews.com\\\/it\\\/project-management-online-lista-software\\\/\"},{\"@type\":\"ListItem\",\"position\":3,\"name\":\"MangoApps\"}]},{\"@type\":\"WebSite\",\"@id\":\"https:\\\/\\\/www.accuratereviews.com\\\/it\\\/#website\",\"url\":\"https:\\\/\\\/www.accuratereviews.com\\\/it\\\/\",\"name\":\"Accurate Reviews\",\"description\":\"\",\"potentialAction\":[{\"@type\":\"SearchAction\",\"target\":{\"@type\":\"EntryPoint\",\"urlTemplate\":\"https:\\\/\\\/www.accuratereviews.com\\\/it\\\/?s={search_term_string}\"},\"query-input\":{\"@type\":\"PropertyValueSpecification\",\"valueRequired\":true,\"valueName\":\"search_term_string\"}}],\"inLanguage\":\"it-IT\"}]}<\/script>\n<!-- \/ Yoast SEO plugin. -->","yoast_head_json":{"title":"MangoApps - Accurate Reviews","description":"MangoApps: recensione della piattaforma ricca di funzionalit\u00e0 che permette a aziende e team di migliorare e ottimizzare il flusso di lavoro.","robots":{"index":"index","follow":"follow","max-snippet":"max-snippet:-1","max-image-preview":"max-image-preview:large","max-video-preview":"max-video-preview:-1"},"canonical":"https:\/\/www.accuratereviews.com\/it\/project-management-online-lista-software\/mangoapps-recensione\/","og_locale":"it_IT","og_type":"article","og_title":"MangoApps - Accurate Reviews","og_description":"MangoApps: recensione della piattaforma ricca di funzionalit\u00e0 che permette a aziende e team di migliorare e ottimizzare il flusso di lavoro.","og_url":"https:\/\/www.accuratereviews.com\/it\/project-management-online-lista-software\/mangoapps-recensione\/","og_site_name":"Accurate Reviews","og_image":[{"width":1280,"height":367,"url":"https:\/\/www.accuratereviews.com\/wp-content\/uploads\/2019\/10\/Mangoapps-for-wikipedia.png","type":"image\/png"}],"twitter_card":"summary_large_image","twitter_misc":{"Tempo di lettura stimato":"3 minuti"},"schema":{"@context":"https:\/\/schema.org","@graph":[{"@type":"WebPage","@id":"https:\/\/www.accuratereviews.com\/it\/project-management-online-lista-software\/mangoapps-recensione\/","url":"https:\/\/www.accuratereviews.com\/it\/project-management-online-lista-software\/mangoapps-recensione\/","name":"MangoApps - Accurate Reviews","isPartOf":{"@id":"https:\/\/www.accuratereviews.com\/it\/#website"},"primaryImageOfPage":{"@id":"https:\/\/www.accuratereviews.com\/it\/project-management-online-lista-software\/mangoapps-recensione\/#primaryimage"},"image":{"@id":"https:\/\/www.accuratereviews.com\/it\/project-management-online-lista-software\/mangoapps-recensione\/#primaryimage"},"thumbnailUrl":"https:\/\/www.accuratereviews.com\/wp-content\/uploads\/2019\/10\/Mangoapps-for-wikipedia.png","datePublished":"2019-10-15T15:31:24+00:00","description":"MangoApps: recensione della piattaforma ricca di funzionalit\u00e0 che permette a aziende e team di migliorare e ottimizzare il flusso di lavoro.","breadcrumb":{"@id":"https:\/\/www.accuratereviews.com\/it\/project-management-online-lista-software\/mangoapps-recensione\/#breadcrumb"},"inLanguage":"it-IT","potentialAction":[{"@type":"ReadAction","target":["https:\/\/www.accuratereviews.com\/it\/project-management-online-lista-software\/mangoapps-recensione\/"]}]},{"@type":"ImageObject","inLanguage":"it-IT","@id":"https:\/\/www.accuratereviews.com\/it\/project-management-online-lista-software\/mangoapps-recensione\/#primaryimage","url":"https:\/\/www.accuratereviews.com\/wp-content\/uploads\/2019\/10\/Mangoapps-for-wikipedia.png","contentUrl":"https:\/\/www.accuratereviews.com\/wp-content\/uploads\/2019\/10\/Mangoapps-for-wikipedia.png","width":1280,"height":367},{"@type":"BreadcrumbList","@id":"https:\/\/www.accuratereviews.com\/it\/project-management-online-lista-software\/mangoapps-recensione\/#breadcrumb","itemListElement":[{"@type":"ListItem","position":1,"name":"Home","item":"https:\/\/www.accuratereviews.com\/it\/"},{"@type":"ListItem","position":2,"name":"Project Management Online","item":"https:\/\/www.accuratereviews.com\/it\/project-management-online-lista-software\/"},{"@type":"ListItem","position":3,"name":"MangoApps"}]},{"@type":"WebSite","@id":"https:\/\/www.accuratereviews.com\/it\/#website","url":"https:\/\/www.accuratereviews.com\/it\/","name":"Accurate Reviews","description":"","potentialAction":[{"@type":"SearchAction","target":{"@type":"EntryPoint","urlTemplate":"https:\/\/www.accuratereviews.com\/it\/?s={search_term_string}"},"query-input":{"@type":"PropertyValueSpecification","valueRequired":true,"valueName":"search_term_string"}}],"inLanguage":"it-IT"}]}},"_links":{"self":[{"href":"https:\/\/www.accuratereviews.com\/it\/wp-json\/wp\/v2\/pages\/19169","targetHints":{"allow":["GET"]}}],"collection":[{"href":"https:\/\/www.accuratereviews.com\/it\/wp-json\/wp\/v2\/pages"}],"about":[{"href":"https:\/\/www.accuratereviews.com\/it\/wp-json\/wp\/v2\/types\/page"}],"author":[{"embeddable":true,"href":"https:\/\/www.accuratereviews.com\/it\/wp-json\/wp\/v2\/users\/17"}],"replies":[{"embeddable":true,"href":"https:\/\/www.accuratereviews.com\/it\/wp-json\/wp\/v2\/comments?post=19169"}],"version-history":[{"count":1,"href":"https:\/\/www.accuratereviews.com\/it\/wp-json\/wp\/v2\/pages\/19169\/revisions"}],"predecessor-version":[{"id":19174,"href":"https:\/\/www.accuratereviews.com\/it\/wp-json\/wp\/v2\/pages\/19169\/revisions\/19174"}],"up":[{"embeddable":true,"href":"https:\/\/www.accuratereviews.com\/it\/wp-json\/wp\/v2\/pages\/8333"}],"wp:featuredmedia":[{"embeddable":true,"href":"https:\/\/www.accuratereviews.com\/it\/wp-json\/wp\/v2\/media\/19170"}],"wp:attachment":[{"href":"https:\/\/www.accuratereviews.com\/it\/wp-json\/wp\/v2\/media?parent=19169"}],"wp:term":[{"taxonomy":"category","embeddable":true,"href":"https:\/\/www.accuratereviews.com\/it\/wp-json\/wp\/v2\/categories?post=19169"},{"taxonomy":"post_tag","embeddable":true,"href":"https:\/\/www.accuratereviews.com\/it\/wp-json\/wp\/v2\/tags?post=19169"},{"taxonomy":"features","embeddable":true,"href":"https:\/\/www.accuratereviews.com\/it\/wp-json\/wp\/v2\/features?post=19169"}],"curies":[{"name":"wp","href":"https:\/\/api.w.org\/{rel}","templated":true}]}}