{"id":19187,"date":"2019-10-16T18:08:45","date_gmt":"2019-10-16T18:08:45","guid":{"rendered":"https:\/\/www.accuratereviews.com\/?page_id=19187"},"modified":"2020-08-05T13:06:40","modified_gmt":"2020-08-05T13:06:40","slug":"agantty-recensione","status":"publish","type":"page","link":"https:\/\/www.accuratereviews.com\/it\/project-management-online-lista-software\/agantty-recensione\/","title":{"rendered":"Agantty"},"content":{"rendered":"<p><strong>Agantty<\/strong> \u00e8 uno strumento di<strong> gestione dei progetti<\/strong> semplice e <strong>gratuito<\/strong> basato principalmente sui grafici Gantt. Usando questo, puoi ottenere una chiara panoramica di ogni progetto, attivit\u00e0, gruppo e membro del team. Puoi anche controllare gli elenchi di cose da fare dalla stessa dashboard. Questo ti aiuta a mantenerti organizzato in modo da poter seguire ogni attivit\u00e0 e completare i progetti in un breve periodo di tempo. <strong>Agantty<\/strong> offre garanzie in termini di sicurezza, poich\u00e9 i loro server sono in Germania, i tuoi dati sono protetti ai sensi della normativa tedesca sulla protezione dei dati. La soluzione applica anche la crittografia SSL a 256 bit sulle tue informazioni per ulteriore protezione. In questo modo, puoi svolgere i tuoi compiti con la massima tranquillit\u00e0.<\/p>\n<h2>AGANTTY &#8211; TUTORIAL<\/h2>\n<p>Con questo tutorial impariamo insieme i trucchi per usare questo <strong>software Project Management\u00a0<\/strong>nel miglir modo possibile:<\/p>\n<div id=\"fluid-wrapper-counter-1\" class=\"g1-fluid-wrapper \" style=\"width:686px;\">\n<div style=\"padding-bottom:56.268221574344%;\"><iframe loading=\"lazy\" title=\"Agantty Tutorial: Shortcuts\" width=\"686\" height=\"386\" src=\"https:\/\/www.youtube.com\/embed\/PMcL8KVoiZA?feature=oembed&amp;wmode=transparent&amp;autohide=1&amp;autoplay=0&amp;disablekb=0&amp;fs=1&amp;loop=0&amp;enablejsapi=1&amp;rel=0&amp;controls=2&amp;showinfo=0&amp;wmode=transparent&amp;autohide=2&amp;autoplay=0&amp;disablekb=0&amp;fs=1&amp;loop=0&amp;enablejsapi=1&amp;rel=0&amp;controls=2&amp;showinfo=1\" frameborder=\"0\" allow=\"accelerometer; autoplay; encrypted-media; gyroscope; picture-in-picture\" allowfullscreen><\/iframe><\/div>\n<\/div>\n<h3>AGANTTY &#8211; CARATTERISTICHE<\/h3>\n<ul>\n<li><strong>Diagrammi di Gantt<\/strong>: mantieni una panoramica di tutti i progetti e le attivit\u00e0 e non perderai pi\u00f9 una scadenza<\/li>\n<li><strong>Panoramica dei compiti:<\/strong> filtra le tue attivit\u00e0 e quelle del tuo team e ordinale in modo da poter lavorare in modo strutturato<\/li>\n<li><strong>Lavoro di squadra<\/strong>: lavora in team e assegna compiti ai tuoi collaboratori<\/li>\n<li><strong>Drag &amp; Drop:<\/strong> veloce, facile, chiaro con questo programma organizzi attivit\u00e0, membri del team e progetti semplicemente spostandoli<\/li>\n<li><strong>Gestione delle competenze<\/strong>: come manager, decidi chi pu\u00f2 vedere e lavorare su qualcosa nel team.<\/li>\n<\/ul>\n<h4>LE RECENSIONI DEGLI UTENTI<\/h4>\n<h4>Florian L. &#8220;Non pensavo che essere organizzati potesse essere cos\u00ec semplice ed elegante&#8221;<\/h4>\n<p><strong>Vantaggi<\/strong>: Come libero professionista, gestire il mio tempo \u00e8 una delle cose pi\u00f9 difficili da fare per me. Lavoro principalmente da solo, quindi non ero nemmeno sicuro di aver bisogno di uno strumento di gestione del progetto. Mi sono iscritto ad Agantty per pura curiosit\u00e0 e non me ne sono pentito per un secondo. Non mi sarei mai aspettato che la pianificazione dei miei giorni lavorativi si sarebbe trasformata un giorno in un&#8217;attivit\u00e0 divertente. L&#8217;interfaccia utente di Agantty \u00e8 pulita e bella, semplice ma intelligente. Mi ci sono voluti solo pochi minuti per acquisire familiarit\u00e0 con le funzionalit\u00e0 di base. C&#8217;\u00e8 un&#8217;utile divisione tra il diagramma di Gantt simile a un calendario e la dashboard, che mostra i tuoi progetti come un elenco di cose da fare. Preferisco usare il diagramma di Gantt, non solo perch\u00e9 mi d\u00e0 una migliore visione d&#8217;insieme se ho varie attivit\u00e0 sovrapposte in un determinato giorno, ma anche perch\u00e9 mi mostra a colpo d&#8217;occhio quanto ho gi\u00e0 realizzato. Non c&#8217;\u00e8 sensazione migliore che contrassegnare un&#8217;attivit\u00e0 come finita.<\/p>\n<p><strong>Inconvenienti<\/strong>: anche se Agantty \u00e8 molto intuitivo, alcuni aspetti potrebbero essere semplificati. Ad esempio, quando lavoro da solo, vorrei che qualsiasi nuova attivit\u00e0 mi venisse assegnata automaticamente e che le sezioni attivit\u00e0 e utenti nella vista diagramma di Gantt potessero essere unite in una sola. Inoltre, mi rendo conto che probabilmente non sono l&#8217;utente medio e che Agantty \u00e8 indicato quando viene utilizzato per il lavoro collaborativo.<\/p>\n<h4><strong>Ali A. &#8220;buon software&#8221;<\/strong><\/h4>\n<p><strong>Vantaggi<\/strong>: pu\u00f2 essere un&#8217;applicazione online e intuitiva<\/p>\n<p><strong>Inconvenienti<\/strong>: non \u00e8 possibile esportare pdf. \u00e8 necessario un pdf di gestione del progetto<\/p>\n<h4>Katia Z. &#8220;Ottimo strumento di gestione dei progetti&#8221;<\/h4>\n<p><strong>Commenti<\/strong>: gestione dei progetti, collaborazione in team, ottimizzazione dei processi all&#8217;interno di team diversi.<\/p>\n<p><strong>Vantaggi<\/strong>: diagramma di Gantt &#8211; Lo adoro! Tutti gli altri strumenti di gestione del progetto ti addebitano per utilizzare il diagramma di Gantt, ma in Agantty puoi usarlo. Tutte le altre funzionalit\u00e0 sono fantastiche e funzionano perfettamente.<\/p>\n<p><strong>Inconvenienti<\/strong>: la versione inglese del sito Web Agantty non funziona sul browser Safari. Ricordo di aver provato ad aprire il sito Web qualche tempo fa e non ha funzionato, quindi ho deciso che si tratta di una specie di sito Web spam. Ma circa un anno fa l&#8217;ho aperto con Chrome e ha funzionato perfettamente. La versione di Safari non funziona ancora. Squadra Agantty, adatta il tuo sito Web per il browser Safari, \u00e8 importante.<\/p>\n<p>&nbsp;<\/p>\n","protected":false},"excerpt":{"rendered":"<p>Agantty \u00e8 uno strumento di gestione dei progetti semplice e gratuito basato principalmente sui grafici Gantt . Usando questo, puoi ottenere una chiara panoramica di ogni progetto, attivit\u00e0, gruppo e membro del team. Puoi anche controllare gli elenchi di cose da fare dalla stessa dashboard. Questo ti aiuta a mantenerti organizzato in modo da poter seguire ogni attivit\u00e0 e completare i progetti in un breve periodo di tempo.<\/p>\n","protected":false},"author":19,"featured_media":19188,"parent":8333,"menu_order":0,"comment_status":"open","ping_status":"closed","template":"g1_template_page_review_new.php","meta":{"_acf_changed":false,"cwp_meta_box_check":"Yes","cwp_rev_product_name":"","cwp_rev_product_image":"","wppr_links":[],"cwp_rev_price":"","wppr_options":[],"wppr_pros":[],"wppr_cons":[],"_monsterinsights_skip_tracking":false,"_monsterinsights_sitenote_active":false,"_monsterinsights_sitenote_note":"","_monsterinsights_sitenote_category":0,"footnotes":""},"categories":[172],"tags":[1376,396,1312,1310,1319,1309,1363,1320],"features":[],"class_list":{"0":"post-19187","1":"page","2":"type-page","3":"status-publish","4":"has-post-thumbnail","6":"category-online-project-management-it","7":"tag-agantty","8":"tag-cloud","9":"tag-programma-gestione-progetti","10":"tag-programma-project-management","11":"tag-software-gestione-progetti","12":"tag-software-project-management","13":"tag-soluzione-gestione-progetti","14":"tag-soluzione-project-management"},"wppr_data":{"cwp_meta_box_check":"Yes","cwp_rev_product_name":"","cwp_rev_product_image":"","cwp_image_link":"image","cwp_rev_price":"","wppr_rating":"0.00"},"acf":[],"yoast_head":"<!-- This site is optimized with the Yoast SEO plugin v27.4 - https:\/\/yoast.com\/product\/yoast-seo-wordpress\/ -->\n<title>Agantty: recensione software Project Management - Accurate Reviews<\/title>\n<meta name=\"description\" content=\"Agantty: recensione strumento di gestione dei progetti semplice, gratuito e cloud basato principalmente sui grafici Gantt.\" \/>\n<meta name=\"robots\" content=\"index, follow, max-snippet:-1, max-image-preview:large, max-video-preview:-1\" \/>\n<link rel=\"canonical\" href=\"https:\/\/www.accuratereviews.com\/it\/project-management-online-lista-software\/agantty-recensione\/\" \/>\n<meta property=\"og:locale\" content=\"it_IT\" \/>\n<meta property=\"og:type\" content=\"article\" \/>\n<meta property=\"og:title\" content=\"Agantty: recensione software Project Management - Accurate Reviews\" \/>\n<meta property=\"og:description\" content=\"Agantty: recensione strumento di gestione dei progetti semplice, gratuito e cloud basato principalmente sui grafici Gantt.\" \/>\n<meta property=\"og:url\" content=\"https:\/\/www.accuratereviews.com\/it\/project-management-online-lista-software\/agantty-recensione\/\" \/>\n<meta property=\"og:site_name\" content=\"Accurate Reviews\" \/>\n<meta property=\"article:modified_time\" content=\"2020-08-05T13:06:40+00:00\" \/>\n<meta property=\"og:image\" content=\"https:\/\/www.accuratereviews.com\/wp-content\/uploads\/2019\/10\/Agantty-Logo.png\" \/>\n\t<meta property=\"og:image:width\" content=\"705\" \/>\n\t<meta property=\"og:image:height\" content=\"329\" \/>\n\t<meta property=\"og:image:type\" content=\"image\/png\" \/>\n<meta name=\"twitter:card\" content=\"summary_large_image\" \/>\n<meta name=\"twitter:label1\" content=\"Tempo di lettura stimato\" \/>\n\t<meta name=\"twitter:data1\" content=\"3 minuti\" \/>\n<script type=\"application\/ld+json\" class=\"yoast-schema-graph\">{\"@context\":\"https:\\\/\\\/schema.org\",\"@graph\":[{\"@type\":\"WebPage\",\"@id\":\"https:\\\/\\\/www.accuratereviews.com\\\/it\\\/project-management-online-lista-software\\\/agantty-recensione\\\/\",\"url\":\"https:\\\/\\\/www.accuratereviews.com\\\/it\\\/project-management-online-lista-software\\\/agantty-recensione\\\/\",\"name\":\"Agantty: recensione software Project Management - Accurate Reviews\",\"isPartOf\":{\"@id\":\"https:\\\/\\\/www.accuratereviews.com\\\/it\\\/#website\"},\"primaryImageOfPage\":{\"@id\":\"https:\\\/\\\/www.accuratereviews.com\\\/it\\\/project-management-online-lista-software\\\/agantty-recensione\\\/#primaryimage\"},\"image\":{\"@id\":\"https:\\\/\\\/www.accuratereviews.com\\\/it\\\/project-management-online-lista-software\\\/agantty-recensione\\\/#primaryimage\"},\"thumbnailUrl\":\"https:\\\/\\\/www.accuratereviews.com\\\/wp-content\\\/uploads\\\/2019\\\/10\\\/Agantty-Logo.png\",\"datePublished\":\"2019-10-16T18:08:45+00:00\",\"dateModified\":\"2020-08-05T13:06:40+00:00\",\"description\":\"Agantty: recensione strumento di gestione dei progetti semplice, gratuito e cloud basato principalmente sui grafici Gantt.\",\"breadcrumb\":{\"@id\":\"https:\\\/\\\/www.accuratereviews.com\\\/it\\\/project-management-online-lista-software\\\/agantty-recensione\\\/#breadcrumb\"},\"inLanguage\":\"it-IT\",\"potentialAction\":[{\"@type\":\"ReadAction\",\"target\":[\"https:\\\/\\\/www.accuratereviews.com\\\/it\\\/project-management-online-lista-software\\\/agantty-recensione\\\/\"]}]},{\"@type\":\"ImageObject\",\"inLanguage\":\"it-IT\",\"@id\":\"https:\\\/\\\/www.accuratereviews.com\\\/it\\\/project-management-online-lista-software\\\/agantty-recensione\\\/#primaryimage\",\"url\":\"https:\\\/\\\/www.accuratereviews.com\\\/wp-content\\\/uploads\\\/2019\\\/10\\\/Agantty-Logo.png\",\"contentUrl\":\"https:\\\/\\\/www.accuratereviews.com\\\/wp-content\\\/uploads\\\/2019\\\/10\\\/Agantty-Logo.png\",\"width\":705,\"height\":329},{\"@type\":\"BreadcrumbList\",\"@id\":\"https:\\\/\\\/www.accuratereviews.com\\\/it\\\/project-management-online-lista-software\\\/agantty-recensione\\\/#breadcrumb\",\"itemListElement\":[{\"@type\":\"ListItem\",\"position\":1,\"name\":\"Home\",\"item\":\"https:\\\/\\\/www.accuratereviews.com\\\/it\\\/\"},{\"@type\":\"ListItem\",\"position\":2,\"name\":\"Project Management Online\",\"item\":\"https:\\\/\\\/www.accuratereviews.com\\\/it\\\/project-management-online-lista-software\\\/\"},{\"@type\":\"ListItem\",\"position\":3,\"name\":\"Agantty\"}]},{\"@type\":\"WebSite\",\"@id\":\"https:\\\/\\\/www.accuratereviews.com\\\/it\\\/#website\",\"url\":\"https:\\\/\\\/www.accuratereviews.com\\\/it\\\/\",\"name\":\"Accurate Reviews\",\"description\":\"\",\"potentialAction\":[{\"@type\":\"SearchAction\",\"target\":{\"@type\":\"EntryPoint\",\"urlTemplate\":\"https:\\\/\\\/www.accuratereviews.com\\\/it\\\/?s={search_term_string}\"},\"query-input\":{\"@type\":\"PropertyValueSpecification\",\"valueRequired\":true,\"valueName\":\"search_term_string\"}}],\"inLanguage\":\"it-IT\"}]}<\/script>\n<!-- \/ Yoast SEO plugin. -->","yoast_head_json":{"title":"Agantty: recensione software Project Management - Accurate Reviews","description":"Agantty: recensione strumento di gestione dei progetti semplice, gratuito e cloud basato principalmente sui grafici Gantt.","robots":{"index":"index","follow":"follow","max-snippet":"max-snippet:-1","max-image-preview":"max-image-preview:large","max-video-preview":"max-video-preview:-1"},"canonical":"https:\/\/www.accuratereviews.com\/it\/project-management-online-lista-software\/agantty-recensione\/","og_locale":"it_IT","og_type":"article","og_title":"Agantty: recensione software Project Management - Accurate Reviews","og_description":"Agantty: recensione strumento di gestione dei progetti semplice, gratuito e cloud basato principalmente sui grafici Gantt.","og_url":"https:\/\/www.accuratereviews.com\/it\/project-management-online-lista-software\/agantty-recensione\/","og_site_name":"Accurate Reviews","article_modified_time":"2020-08-05T13:06:40+00:00","og_image":[{"width":705,"height":329,"url":"https:\/\/www.accuratereviews.com\/wp-content\/uploads\/2019\/10\/Agantty-Logo.png","type":"image\/png"}],"twitter_card":"summary_large_image","twitter_misc":{"Tempo di lettura stimato":"3 minuti"},"schema":{"@context":"https:\/\/schema.org","@graph":[{"@type":"WebPage","@id":"https:\/\/www.accuratereviews.com\/it\/project-management-online-lista-software\/agantty-recensione\/","url":"https:\/\/www.accuratereviews.com\/it\/project-management-online-lista-software\/agantty-recensione\/","name":"Agantty: recensione software Project Management - Accurate Reviews","isPartOf":{"@id":"https:\/\/www.accuratereviews.com\/it\/#website"},"primaryImageOfPage":{"@id":"https:\/\/www.accuratereviews.com\/it\/project-management-online-lista-software\/agantty-recensione\/#primaryimage"},"image":{"@id":"https:\/\/www.accuratereviews.com\/it\/project-management-online-lista-software\/agantty-recensione\/#primaryimage"},"thumbnailUrl":"https:\/\/www.accuratereviews.com\/wp-content\/uploads\/2019\/10\/Agantty-Logo.png","datePublished":"2019-10-16T18:08:45+00:00","dateModified":"2020-08-05T13:06:40+00:00","description":"Agantty: recensione strumento di gestione dei progetti semplice, gratuito e cloud basato principalmente sui grafici Gantt.","breadcrumb":{"@id":"https:\/\/www.accuratereviews.com\/it\/project-management-online-lista-software\/agantty-recensione\/#breadcrumb"},"inLanguage":"it-IT","potentialAction":[{"@type":"ReadAction","target":["https:\/\/www.accuratereviews.com\/it\/project-management-online-lista-software\/agantty-recensione\/"]}]},{"@type":"ImageObject","inLanguage":"it-IT","@id":"https:\/\/www.accuratereviews.com\/it\/project-management-online-lista-software\/agantty-recensione\/#primaryimage","url":"https:\/\/www.accuratereviews.com\/wp-content\/uploads\/2019\/10\/Agantty-Logo.png","contentUrl":"https:\/\/www.accuratereviews.com\/wp-content\/uploads\/2019\/10\/Agantty-Logo.png","width":705,"height":329},{"@type":"BreadcrumbList","@id":"https:\/\/www.accuratereviews.com\/it\/project-management-online-lista-software\/agantty-recensione\/#breadcrumb","itemListElement":[{"@type":"ListItem","position":1,"name":"Home","item":"https:\/\/www.accuratereviews.com\/it\/"},{"@type":"ListItem","position":2,"name":"Project Management Online","item":"https:\/\/www.accuratereviews.com\/it\/project-management-online-lista-software\/"},{"@type":"ListItem","position":3,"name":"Agantty"}]},{"@type":"WebSite","@id":"https:\/\/www.accuratereviews.com\/it\/#website","url":"https:\/\/www.accuratereviews.com\/it\/","name":"Accurate Reviews","description":"","potentialAction":[{"@type":"SearchAction","target":{"@type":"EntryPoint","urlTemplate":"https:\/\/www.accuratereviews.com\/it\/?s={search_term_string}"},"query-input":{"@type":"PropertyValueSpecification","valueRequired":true,"valueName":"search_term_string"}}],"inLanguage":"it-IT"}]}},"_links":{"self":[{"href":"https:\/\/www.accuratereviews.com\/it\/wp-json\/wp\/v2\/pages\/19187","targetHints":{"allow":["GET"]}}],"collection":[{"href":"https:\/\/www.accuratereviews.com\/it\/wp-json\/wp\/v2\/pages"}],"about":[{"href":"https:\/\/www.accuratereviews.com\/it\/wp-json\/wp\/v2\/types\/page"}],"author":[{"embeddable":true,"href":"https:\/\/www.accuratereviews.com\/it\/wp-json\/wp\/v2\/users\/19"}],"replies":[{"embeddable":true,"href":"https:\/\/www.accuratereviews.com\/it\/wp-json\/wp\/v2\/comments?post=19187"}],"version-history":[{"count":5,"href":"https:\/\/www.accuratereviews.com\/it\/wp-json\/wp\/v2\/pages\/19187\/revisions"}],"predecessor-version":[{"id":19228,"href":"https:\/\/www.accuratereviews.com\/it\/wp-json\/wp\/v2\/pages\/19187\/revisions\/19228"}],"up":[{"embeddable":true,"href":"https:\/\/www.accuratereviews.com\/it\/wp-json\/wp\/v2\/pages\/8333"}],"wp:featuredmedia":[{"embeddable":true,"href":"https:\/\/www.accuratereviews.com\/it\/wp-json\/wp\/v2\/media\/19188"}],"wp:attachment":[{"href":"https:\/\/www.accuratereviews.com\/it\/wp-json\/wp\/v2\/media?parent=19187"}],"wp:term":[{"taxonomy":"category","embeddable":true,"href":"https:\/\/www.accuratereviews.com\/it\/wp-json\/wp\/v2\/categories?post=19187"},{"taxonomy":"post_tag","embeddable":true,"href":"https:\/\/www.accuratereviews.com\/it\/wp-json\/wp\/v2\/tags?post=19187"},{"taxonomy":"features","embeddable":true,"href":"https:\/\/www.accuratereviews.com\/it\/wp-json\/wp\/v2\/features?post=19187"}],"curies":[{"name":"wp","href":"https:\/\/api.w.org\/{rel}","templated":true}]}}