{"id":19194,"date":"2019-10-16T18:08:07","date_gmt":"2019-10-16T18:08:07","guid":{"rendered":"https:\/\/www.accuratereviews.com\/?page_id=19194"},"modified":"2019-10-16T18:08:07","modified_gmt":"2019-10-16T18:08:07","slug":"genius-project-recensione","status":"publish","type":"page","link":"https:\/\/www.accuratereviews.com\/it\/project-management-online-lista-software\/genius-project-recensione\/","title":{"rendered":"Genius Project"},"content":{"rendered":"<p><strong>Genius Project<\/strong> \u00e8 una soluzione di gestione del portafoglio che aiuta a gestire il <strong>ciclo di vita di un progetto<\/strong> dall&#8217;inizio alla fine per team di tutte le dimensioni. \u00c8 disponibile in due opzioni di distribuzione: ospitato on-premise o SaaS. Le caratteristiche principali includono l&#8217;amministrazione e il budget del progetto, il controllo dei documenti e la gestione delle risorse. \u00c8 una suite integrata di applicazioni che si adatta a molteplici tipi di progetti nei settori manifatturiero, sanitario, finanziario e governativo. <strong>Genius Project<\/strong> consente ai team di stabilire le priorit\u00e0 dei progetti, raggrupparli e classificarli per confrontare i progressi. Genius Planner \u00e8\u00a0 lo strumento per la creazione di grafici di Gantt che si collega a Microsoft Project. Le loro capacit\u00e0 di flusso di lavoro basate sui ruoli possono essere personalizzate per tenere conto di gate, revisioni di fase e approvazioni. I dashboard forniscono report in tempo reale e analisi dei dati con la gestione dei contenuti. Gli utenti possono creare report con il generatore di report integrato.<\/p>\n<h2>GENIUS PROJECT &#8211; TUTORIAL<\/h2>\n<p>Guardiamo insieme questo tutorial per imparare a sfruttare gli strumenti di questo<strong> software Project Management:<\/strong><\/p>\n<p>&nbsp;<\/p>\n<div id=\"fluid-wrapper-counter-1\" class=\"g1-fluid-wrapper \" style=\"width:686px;\">\n<div style=\"padding-bottom:56.268221574344%;\"><iframe loading=\"lazy\" title=\"Genius Project Product Tour\" width=\"686\" height=\"386\" src=\"https:\/\/www.youtube.com\/embed\/nINpsqHHBZU?feature=oembed&amp;wmode=transparent&amp;autohide=1&amp;autoplay=0&amp;disablekb=0&amp;fs=1&amp;loop=0&amp;enablejsapi=1&amp;rel=0&amp;controls=2&amp;showinfo=0&amp;wmode=transparent&amp;autohide=2&amp;autoplay=0&amp;disablekb=0&amp;fs=1&amp;loop=0&amp;enablejsapi=1&amp;rel=0&amp;controls=2&amp;showinfo=1\" frameborder=\"0\" allow=\"accelerometer; autoplay; encrypted-media; gyroscope; picture-in-picture\" allowfullscreen><\/iframe><\/div>\n<\/div>\n<h3>GENIUS PROJECT &#8211; CARATTERISTICHE<\/h3>\n<ul>\n<li><strong>Gestione del portafoglio progetti<\/strong>: fai le scelte giuste e aumenta la produttivit\u00e0 e il ROI con il giusto mix strategico di progetti. Gestisci la pipeline del progetto e dai la priorit\u00e0 ai progetti in base all&#8217;allineamento strategico e ai vincoli. Le funzionalit\u00e0 PPM di del programma ti consentono di raggruppare progetti reali e potenziali in modo da poter definire i punteggi e confrontarli a livello di portafoglio.<\/li>\n<li><strong>Gestione delle risorse<\/strong>: il modulo risorse della soluzione consente alle organizzazioni di ottenere risultati ottimali dal loro bene pi\u00f9 prezioso, le persone. Grazie all&#8217;efficace gestione delle risorse aumenterai il ROI ottimizzando l&#8217;utilizzo e riducendo al minimo i tempi di lavoro.<\/li>\n<li><strong>Tracciamento di tempi e spese:<\/strong> utilizza questo potente software di gestione dei progetti che collega i dati della scheda attivit\u00e0 direttamente a un progetto e aggiorna automaticamente le informazioni.<\/li>\n<li><strong>Gestione dei rischi e dei cambiamenti:<\/strong> il cambiamento \u00e8 una parte naturale di qualsiasi progetto e ogni cambiamento ha i suoi rischi. La soluzione\u00a0 ti consente di controllare quali rischi assumere e come gestire il cambiamento.<\/li>\n<li>\u00a0<strong>Dashboard e rapporti:<\/strong> il software\u00a0offre una potente piattaforma per la reportistica, l&#8217;analisi e la consegna delle informazioni. Combina strumenti di creazione e analisi dei report con un sistema di gestione e consegna dei contenuti.<\/li>\n<\/ul>\n<h4>LE RECENSIONI DEGLI UTENTI<\/h4>\n<div class=\"tlid-input input\">\n<div class=\"source-wrap\">\n<div class=\"input-full-height-wrapper tlid-input-full-height-wrapper\">\n<div class=\"source-input\">\n<div class=\"source-footer-wrap source-or-target-footer\">\n<div class=\"character-count tlid-character-count\">\n<h4 class=\"cc-ctr normal\">Andre A. &#8220;Assistenza clienti&#8221;<\/h4>\n<\/div>\n<\/div>\n<\/div>\n<\/div>\n<\/div>\n<\/div>\n<div class=\"tlid-results-container results-container\">\n<div class=\"tlid-result result-dict-wrapper\">\n<div class=\"result tlid-copy-target\">\n<div class=\"text-wrap tlid-copy-target\">\n<div class=\"result-shield-container tlid-copy-target\" tabindex=\"0\"><span class=\"tlid-translation translation\" lang=\"it\"><strong>Commenti<\/strong>: \u00b4Il supporto fornito da sviluppatori e consulenti potrebbe ottenere da me 5 stelle. Tuttavia, la parte commerciale \u00e8 molto debole. Per rispondere a domande semplici relative a cose commerciali occorrono talvolta pi\u00f9 di 2 mesi, anche se paghiamo un valore aggiuntivo per una qualit\u00e0 superiore.<br \/>\n<strong>Vantagg<\/strong>i: struttura per la gestione dei progetti<br \/>\n<strong>Inconvenienti:<\/strong> instabilit\u00e0, prestazioni, troppi bug, funzioni che non funzionano, ecc.<br \/>\n<\/span><\/div>\n<h4 class=\"result-shield-container tlid-copy-target\" tabindex=\"0\"><span class=\"tlid-translation translation\" lang=\"it\">Theo W. &#8220;Buon supporto per progetti complessi&#8221;<\/span><\/h4>\n<div class=\"result-shield-container tlid-copy-target\" tabindex=\"0\"><span class=\"tlid-translation translation\" lang=\"it\"><strong>Commenti<\/strong>: La soluzione Genius supporta molto bene il processo di gestione di progetti complessi. Inoltre, Genius offre un buon supporto adeguato agli utenti<br \/>\n<strong>Vantaggi<\/strong>: tutte le componenti del progetto per attivit\u00e0, budget e partecipanti<br \/>\n<strong>Inconvenienti<\/strong>: l&#8217;integrazione dei grafici Gantt non \u00e8 ottimale<br \/>\n<\/span><\/div>\n<h4 class=\"result-shield-container tlid-copy-target\" tabindex=\"0\"><span class=\"tlid-translation translation\" lang=\"it\">Sebastien I. &#8220;Usalo da un anno ormai!&#8221;<br \/>\n<\/span><\/h4>\n<div class=\"result-shield-container tlid-copy-target\" tabindex=\"0\"><span class=\"tlid-translation translation\" lang=\"it\"><strong>Commenti:<\/strong> \u00c8 un buon prodotto, con funzionalit\u00e0 davvero potenti per quanto riguarda le esigenze di PPM. Devo solo evolvere per quanto riguarda l&#8217;ergonomia e l&#8217;accessibilit\u00e0, nessun vero client mobile!<br \/>\n<strong>Vantaggi:<\/strong> potenti funzionalit\u00e0 per la gestione dei progetti<br \/>\n<strong>Inconvenienti<\/strong>: vecchio stile, non il tipo di software che possiamo aspettarci nel 2016 per quanto riguarda l&#8217;ergonomia e l&#8217;accessibilit\u00e0, nessuna vera applicazione mobile. Interfaccia pesante durante la navigazione.<\/span><\/div>\n<\/div>\n<\/div>\n<\/div>\n<\/div>\n<p>&nbsp;<\/p>\n","protected":false},"excerpt":{"rendered":"<p>Genius Project \u00e8 una soluzione di gestione del portafoglio che aiuta a gestire il ciclo di vita di un progetto dall&#8217;inizio alla fine per team di tutte le dimensioni. \u00c8 disponibile in due opzioni di distribuzione: ospitato on-premise o SaaS. Le caratteristiche principali includono l&#8217;amministrazione e il budget del progetto, il controllo dei documenti e la gestione delle risorse. \u00c8 una suite integrata di applicazioni che si adatta a molteplici tipi di progetti nei settori manifatturiero, sanitario, finanziario e governativo.<\/p>\n","protected":false},"author":19,"featured_media":19198,"parent":8333,"menu_order":0,"comment_status":"open","ping_status":"closed","template":"g1_template_page_review_new.php","meta":{"_acf_changed":false,"cwp_meta_box_check":"Yes","cwp_rev_product_name":"","cwp_rev_product_image":"","wppr_links":[],"cwp_rev_price":"","wppr_options":[],"wppr_pros":[],"wppr_cons":[],"_monsterinsights_skip_tracking":false,"_monsterinsights_sitenote_active":false,"_monsterinsights_sitenote_note":"","_monsterinsights_sitenote_category":0,"footnotes":""},"categories":[172],"tags":[1377,1315,1310,1309,1320],"features":[],"class_list":{"0":"post-19194","1":"page","2":"type-page","3":"status-publish","4":"has-post-thumbnail","6":"category-online-project-management-it","7":"tag-genius-project","8":"tag-gestione-progetti","9":"tag-programma-project-management","10":"tag-software-project-management","11":"tag-soluzione-project-management"},"wppr_data":{"cwp_meta_box_check":"Yes","cwp_rev_product_name":"","cwp_rev_product_image":"","cwp_image_link":"image","cwp_rev_price":"","wppr_rating":"0.00"},"acf":[],"yoast_head":"<!-- This site is optimized with the Yoast SEO plugin v27.4 - https:\/\/yoast.com\/product\/yoast-seo-wordpress\/ -->\n<title>Genius Project: recensione software Project Management<\/title>\n<meta name=\"description\" content=\"Genius Project: recensione soluzione di gestione del portafoglio che aiuta a gestire il ciclo di vita di un progetto dall&#039;inizio alla fine.\" \/>\n<meta name=\"robots\" content=\"index, follow, max-snippet:-1, max-image-preview:large, max-video-preview:-1\" \/>\n<link rel=\"canonical\" href=\"https:\/\/www.accuratereviews.com\/it\/project-management-online-lista-software\/genius-project-recensione\/\" \/>\n<meta property=\"og:locale\" content=\"it_IT\" \/>\n<meta property=\"og:type\" content=\"article\" \/>\n<meta property=\"og:title\" content=\"Genius Project: recensione software Project Management\" \/>\n<meta property=\"og:description\" content=\"Genius Project: recensione soluzione di gestione del portafoglio che aiuta a gestire il ciclo di vita di un progetto dall&#039;inizio alla fine.\" \/>\n<meta property=\"og:url\" content=\"https:\/\/www.accuratereviews.com\/it\/project-management-online-lista-software\/genius-project-recensione\/\" \/>\n<meta property=\"og:site_name\" content=\"Accurate Reviews\" \/>\n<meta property=\"og:image\" content=\"https:\/\/www.accuratereviews.com\/wp-content\/uploads\/2019\/10\/Genius-Project-2.png\" \/>\n\t<meta property=\"og:image:width\" content=\"1010\" \/>\n\t<meta property=\"og:image:height\" content=\"1010\" \/>\n\t<meta property=\"og:image:type\" content=\"image\/png\" \/>\n<meta name=\"twitter:card\" content=\"summary_large_image\" \/>\n<meta name=\"twitter:label1\" content=\"Tempo di lettura stimato\" \/>\n\t<meta name=\"twitter:data1\" content=\"3 minuti\" \/>\n<script type=\"application\/ld+json\" class=\"yoast-schema-graph\">{\"@context\":\"https:\\\/\\\/schema.org\",\"@graph\":[{\"@type\":\"WebPage\",\"@id\":\"https:\\\/\\\/www.accuratereviews.com\\\/it\\\/project-management-online-lista-software\\\/genius-project-recensione\\\/\",\"url\":\"https:\\\/\\\/www.accuratereviews.com\\\/it\\\/project-management-online-lista-software\\\/genius-project-recensione\\\/\",\"name\":\"Genius Project: recensione software Project Management\",\"isPartOf\":{\"@id\":\"https:\\\/\\\/www.accuratereviews.com\\\/it\\\/#website\"},\"primaryImageOfPage\":{\"@id\":\"https:\\\/\\\/www.accuratereviews.com\\\/it\\\/project-management-online-lista-software\\\/genius-project-recensione\\\/#primaryimage\"},\"image\":{\"@id\":\"https:\\\/\\\/www.accuratereviews.com\\\/it\\\/project-management-online-lista-software\\\/genius-project-recensione\\\/#primaryimage\"},\"thumbnailUrl\":\"https:\\\/\\\/www.accuratereviews.com\\\/wp-content\\\/uploads\\\/2019\\\/10\\\/Genius-Project-2.png\",\"datePublished\":\"2019-10-16T18:08:07+00:00\",\"description\":\"Genius Project: recensione soluzione di gestione del portafoglio che aiuta a gestire il ciclo di vita di un progetto dall'inizio alla fine.\",\"breadcrumb\":{\"@id\":\"https:\\\/\\\/www.accuratereviews.com\\\/it\\\/project-management-online-lista-software\\\/genius-project-recensione\\\/#breadcrumb\"},\"inLanguage\":\"it-IT\",\"potentialAction\":[{\"@type\":\"ReadAction\",\"target\":[\"https:\\\/\\\/www.accuratereviews.com\\\/it\\\/project-management-online-lista-software\\\/genius-project-recensione\\\/\"]}]},{\"@type\":\"ImageObject\",\"inLanguage\":\"it-IT\",\"@id\":\"https:\\\/\\\/www.accuratereviews.com\\\/it\\\/project-management-online-lista-software\\\/genius-project-recensione\\\/#primaryimage\",\"url\":\"https:\\\/\\\/www.accuratereviews.com\\\/wp-content\\\/uploads\\\/2019\\\/10\\\/Genius-Project-2.png\",\"contentUrl\":\"https:\\\/\\\/www.accuratereviews.com\\\/wp-content\\\/uploads\\\/2019\\\/10\\\/Genius-Project-2.png\",\"width\":1010,\"height\":1010},{\"@type\":\"BreadcrumbList\",\"@id\":\"https:\\\/\\\/www.accuratereviews.com\\\/it\\\/project-management-online-lista-software\\\/genius-project-recensione\\\/#breadcrumb\",\"itemListElement\":[{\"@type\":\"ListItem\",\"position\":1,\"name\":\"Home\",\"item\":\"https:\\\/\\\/www.accuratereviews.com\\\/it\\\/\"},{\"@type\":\"ListItem\",\"position\":2,\"name\":\"Project Management Online\",\"item\":\"https:\\\/\\\/www.accuratereviews.com\\\/it\\\/project-management-online-lista-software\\\/\"},{\"@type\":\"ListItem\",\"position\":3,\"name\":\"Genius Project\"}]},{\"@type\":\"WebSite\",\"@id\":\"https:\\\/\\\/www.accuratereviews.com\\\/it\\\/#website\",\"url\":\"https:\\\/\\\/www.accuratereviews.com\\\/it\\\/\",\"name\":\"Accurate Reviews\",\"description\":\"\",\"potentialAction\":[{\"@type\":\"SearchAction\",\"target\":{\"@type\":\"EntryPoint\",\"urlTemplate\":\"https:\\\/\\\/www.accuratereviews.com\\\/it\\\/?s={search_term_string}\"},\"query-input\":{\"@type\":\"PropertyValueSpecification\",\"valueRequired\":true,\"valueName\":\"search_term_string\"}}],\"inLanguage\":\"it-IT\"}]}<\/script>\n<!-- \/ Yoast SEO plugin. -->","yoast_head_json":{"title":"Genius Project: recensione software Project Management","description":"Genius Project: recensione soluzione di gestione del portafoglio che aiuta a gestire il ciclo di vita di un progetto dall'inizio alla fine.","robots":{"index":"index","follow":"follow","max-snippet":"max-snippet:-1","max-image-preview":"max-image-preview:large","max-video-preview":"max-video-preview:-1"},"canonical":"https:\/\/www.accuratereviews.com\/it\/project-management-online-lista-software\/genius-project-recensione\/","og_locale":"it_IT","og_type":"article","og_title":"Genius Project: recensione software Project Management","og_description":"Genius Project: recensione soluzione di gestione del portafoglio che aiuta a gestire il ciclo di vita di un progetto dall'inizio alla fine.","og_url":"https:\/\/www.accuratereviews.com\/it\/project-management-online-lista-software\/genius-project-recensione\/","og_site_name":"Accurate Reviews","og_image":[{"width":1010,"height":1010,"url":"https:\/\/www.accuratereviews.com\/wp-content\/uploads\/2019\/10\/Genius-Project-2.png","type":"image\/png"}],"twitter_card":"summary_large_image","twitter_misc":{"Tempo di lettura stimato":"3 minuti"},"schema":{"@context":"https:\/\/schema.org","@graph":[{"@type":"WebPage","@id":"https:\/\/www.accuratereviews.com\/it\/project-management-online-lista-software\/genius-project-recensione\/","url":"https:\/\/www.accuratereviews.com\/it\/project-management-online-lista-software\/genius-project-recensione\/","name":"Genius Project: recensione software Project Management","isPartOf":{"@id":"https:\/\/www.accuratereviews.com\/it\/#website"},"primaryImageOfPage":{"@id":"https:\/\/www.accuratereviews.com\/it\/project-management-online-lista-software\/genius-project-recensione\/#primaryimage"},"image":{"@id":"https:\/\/www.accuratereviews.com\/it\/project-management-online-lista-software\/genius-project-recensione\/#primaryimage"},"thumbnailUrl":"https:\/\/www.accuratereviews.com\/wp-content\/uploads\/2019\/10\/Genius-Project-2.png","datePublished":"2019-10-16T18:08:07+00:00","description":"Genius Project: recensione soluzione di gestione del portafoglio che aiuta a gestire il ciclo di vita di un progetto dall'inizio alla fine.","breadcrumb":{"@id":"https:\/\/www.accuratereviews.com\/it\/project-management-online-lista-software\/genius-project-recensione\/#breadcrumb"},"inLanguage":"it-IT","potentialAction":[{"@type":"ReadAction","target":["https:\/\/www.accuratereviews.com\/it\/project-management-online-lista-software\/genius-project-recensione\/"]}]},{"@type":"ImageObject","inLanguage":"it-IT","@id":"https:\/\/www.accuratereviews.com\/it\/project-management-online-lista-software\/genius-project-recensione\/#primaryimage","url":"https:\/\/www.accuratereviews.com\/wp-content\/uploads\/2019\/10\/Genius-Project-2.png","contentUrl":"https:\/\/www.accuratereviews.com\/wp-content\/uploads\/2019\/10\/Genius-Project-2.png","width":1010,"height":1010},{"@type":"BreadcrumbList","@id":"https:\/\/www.accuratereviews.com\/it\/project-management-online-lista-software\/genius-project-recensione\/#breadcrumb","itemListElement":[{"@type":"ListItem","position":1,"name":"Home","item":"https:\/\/www.accuratereviews.com\/it\/"},{"@type":"ListItem","position":2,"name":"Project Management Online","item":"https:\/\/www.accuratereviews.com\/it\/project-management-online-lista-software\/"},{"@type":"ListItem","position":3,"name":"Genius Project"}]},{"@type":"WebSite","@id":"https:\/\/www.accuratereviews.com\/it\/#website","url":"https:\/\/www.accuratereviews.com\/it\/","name":"Accurate Reviews","description":"","potentialAction":[{"@type":"SearchAction","target":{"@type":"EntryPoint","urlTemplate":"https:\/\/www.accuratereviews.com\/it\/?s={search_term_string}"},"query-input":{"@type":"PropertyValueSpecification","valueRequired":true,"valueName":"search_term_string"}}],"inLanguage":"it-IT"}]}},"_links":{"self":[{"href":"https:\/\/www.accuratereviews.com\/it\/wp-json\/wp\/v2\/pages\/19194","targetHints":{"allow":["GET"]}}],"collection":[{"href":"https:\/\/www.accuratereviews.com\/it\/wp-json\/wp\/v2\/pages"}],"about":[{"href":"https:\/\/www.accuratereviews.com\/it\/wp-json\/wp\/v2\/types\/page"}],"author":[{"embeddable":true,"href":"https:\/\/www.accuratereviews.com\/it\/wp-json\/wp\/v2\/users\/19"}],"replies":[{"embeddable":true,"href":"https:\/\/www.accuratereviews.com\/it\/wp-json\/wp\/v2\/comments?post=19194"}],"version-history":[{"count":8,"href":"https:\/\/www.accuratereviews.com\/it\/wp-json\/wp\/v2\/pages\/19194\/revisions"}],"predecessor-version":[{"id":19209,"href":"https:\/\/www.accuratereviews.com\/it\/wp-json\/wp\/v2\/pages\/19194\/revisions\/19209"}],"up":[{"embeddable":true,"href":"https:\/\/www.accuratereviews.com\/it\/wp-json\/wp\/v2\/pages\/8333"}],"wp:featuredmedia":[{"embeddable":true,"href":"https:\/\/www.accuratereviews.com\/it\/wp-json\/wp\/v2\/media\/19198"}],"wp:attachment":[{"href":"https:\/\/www.accuratereviews.com\/it\/wp-json\/wp\/v2\/media?parent=19194"}],"wp:term":[{"taxonomy":"category","embeddable":true,"href":"https:\/\/www.accuratereviews.com\/it\/wp-json\/wp\/v2\/categories?post=19194"},{"taxonomy":"post_tag","embeddable":true,"href":"https:\/\/www.accuratereviews.com\/it\/wp-json\/wp\/v2\/tags?post=19194"},{"taxonomy":"features","embeddable":true,"href":"https:\/\/www.accuratereviews.com\/it\/wp-json\/wp\/v2\/features?post=19194"}],"curies":[{"name":"wp","href":"https:\/\/api.w.org\/{rel}","templated":true}]}}