{"id":19213,"date":"2019-10-16T18:07:32","date_gmt":"2019-10-16T18:07:32","guid":{"rendered":"https:\/\/www.accuratereviews.com\/?page_id=19213"},"modified":"2020-12-24T11:51:14","modified_gmt":"2020-12-24T11:51:14","slug":"workstack-recensione","status":"publish","type":"page","link":"https:\/\/www.accuratereviews.com\/it\/project-management-online-lista-software\/workstack-recensione\/","title":{"rendered":"Workstack"},"content":{"rendered":"<div class=\"mb-2\">\n<p><strong>Workstack<\/strong> \u00e8 un programma ideato principalmente per team di qualsiasi dimensione che hanno bisogno di <strong>migliorare la gestione dei loro progetti<\/strong>. Dispone di un&#8217;interfaccia utente semplice e intuitiva che si basa prevalentemente sul drag and drop, permettendoti di organizzare e <strong>ottimizzare meglio il tuo flusso di lavoro<\/strong>. In questo modo infatti potrai <strong>pianificare progetti<\/strong>, assegnare le attivit\u00e0 da svolgere ai tuoi colleghi e tenere traccia del tempo che ci si impiega nel svolgere tali compiti. Possono essere realizzati anche dei <strong>report<\/strong> precisi e dettagliati che ci consentono di vedere il tempo totale che \u00e8 stato impiegato nell&#8217;intero progetto e il denaro che \u00e8 stato investito per la sua realizzazione.<\/p>\n<\/div>\n<h2>COME IMPARARE LE BASI DI WORKSTACK &#8211; TUTORIAL<\/h2>\n<p>Diamo un&#8217;occhiata a questo video per comprendere come funziona questo programma:<\/p>\n<div id=\"fluid-wrapper-counter-1\" class=\"g1-fluid-wrapper \" style=\"width:686px;\">\n<div style=\"padding-bottom:56.268221574344%;\"><iframe loading=\"lazy\" title=\"Workstack - Learning the Basics\" width=\"686\" height=\"386\" src=\"https:\/\/www.youtube.com\/embed\/mYCUnw4T0bc?feature=oembed&amp;wmode=transparent&amp;autohide=1&amp;autoplay=0&amp;disablekb=0&amp;fs=1&amp;loop=0&amp;enablejsapi=1&amp;rel=0&amp;controls=2&amp;showinfo=0&amp;wmode=transparent&amp;autohide=2&amp;autoplay=0&amp;disablekb=0&amp;fs=1&amp;loop=0&amp;enablejsapi=1&amp;rel=0&amp;controls=2&amp;showinfo=1\" frameborder=\"0\" allow=\"accelerometer; autoplay; clipboard-write; encrypted-media; gyroscope; picture-in-picture\" allowfullscreen><\/iframe><\/div>\n<\/div>\n<h3>WORKSTACK &#8211; CARATTERISTICHE<\/h3>\n<p>Di seguito le sue caratteristiche:<\/p>\n<ul>\n<li><strong>Panoramica del flusso di lavoro del team<\/strong>: visualizza il tuo lavoro come un elenco di cose da fare o come un programma intuitivo di trascinamento della selezione in modo da poter avere tutto sotto controllo<\/li>\n<li><strong>Pianificazione progetti e attivit\u00e0<\/strong>: vedi tutto il tuo team su una schermata con un vero e proprio calendario interattivo che permetta di capire come suddividersi il lavoro<\/li>\n<li><strong>Vista del calendario del gruppo di lavoro<\/strong>: scegli come pianificare il lavoro, se fissare una data di inizio ed una di fine o se sovrapporre uno dopo l&#8217;altro<\/li>\n<li><strong>Tieni traccia di tempo e denaro<\/strong>: imposta i budget del progetto cos\u00ec da monitorare il tempo e le spese<\/li>\n<li><strong>Integrazioni<\/strong>: si integra con Basecamp 3, Google Calendar, Slack e l&#8217;app Zapier.<\/li>\n<\/ul>\n<h3>LE RECENSIONI DEGLI UTENTI<\/h3>\n<ul>\n<li><strong>&#8220;Non potrei lavorare senza di essa!&#8221;<\/strong><br \/>\nIN GENERALE: programmare le mie settimane non potrebbe essere pi\u00f9 facile. So cosa devo fare, tengo traccia dei progetti tardivi, posso vedere cosa hanno i miei colleghi nei loro piatti.<br \/>\nPRO: Basecamp \u00e8 fantastico, Workstack lo rende migliore (non \u00e8 inglese ma si spera sia comprensibile). Una rapida panoramica delle attivit\u00e0, ti aiuta a pianificare la tua giornata, a assegnarle facilmente, a navigare tra i commenti, i colori fanno risaltare visivamente i progetti, abbastanza intuitivi. Non potrei raccomandarlo abbastanza.<br \/>\nCONTRO: Solo due cose a cui potrei pensare che potrebbero essere migliorate: il tempo di caricamento pu\u00f2 essere piuttosto lungo, e mi \u00e8 successo che avevo bisogno di invertire l&#8217;ordine dei miei compiti (per cambiare le priorit\u00e0: rendere le ultime prima nella mia lista ) e farlo manualmente, quando hai pi\u00f9 di 20 compiti, \u00e8 doloroso.<\/li>\n<li><strong>&#8220;Funziona bene con Basecamp&#8221;<\/strong><br \/>\nIN GENERALE: Workstack \u00e8 stato uno strumento utile, soprattutto se utilizzato con Basecamp. Penso che possa essere migliorato, ma funziona per il monitoraggio del tempo e la pianificazione.<br \/>\nPRO: Mi piace poter monitorare il mio tempo e vedere il tempo dedicato ai progetti. Mi aiuta anche a pianificare la mia giornata e le attivit\u00e0 importanti che devono essere completate. Funziona alla grande con Basecamp.<br \/>\nCONTRO: Non mi piace che il tempo possa essere rappresentato solo per un massimo di 30 minuti. Il nostro team ha spesso compiti che durano 15 minuti e possono distorcere il tempo reale impiegato per i compiti.<\/li>\n<li><strong>&#8220;Bel software&#8221;<\/strong><br \/>\nIN GENERALE: le funzionalit\u00e0 sono molto facili da usare e soprattutto intuitive! Apprezzo la reattivit\u00e0 dello strumento.<br \/>\nPRO: Intuitivo<br \/>\nCONTRO: \u00e8 necessario aggiornare la pagina a volte prima di apportare modifiche, altrimenti rischiamo di perdere le nostre modifiche.<\/li>\n<\/ul>\n","protected":false},"excerpt":{"rendered":"<p>Workstack \u00e8 un programma ideato principalmente per team di qualsiasi dimensione che hanno bisogno di migliorare la gestione dei loro progetti. Dispone di un&#8217;interfaccia utente semplice e intuitiva che si basa prevalentemente sul drag and drop, permettendoti di organizzare e ottimizzare meglio il tuo flusso di lavoro.<\/p>\n","protected":false},"author":17,"featured_media":19214,"parent":8333,"menu_order":0,"comment_status":"open","ping_status":"closed","template":"g1_template_page_review_new.php","meta":{"_acf_changed":false,"cwp_meta_box_check":"Yes","cwp_rev_product_name":"","cwp_rev_product_image":"","wppr_links":[],"cwp_rev_price":"","wppr_options":[],"wppr_pros":[],"wppr_cons":[],"_monsterinsights_skip_tracking":false,"_monsterinsights_sitenote_active":false,"_monsterinsights_sitenote_note":"","_monsterinsights_sitenote_category":0,"footnotes":""},"categories":[172],"tags":[1324,1316,1310,1330],"features":[],"class_list":{"0":"post-19213","1":"page","2":"type-page","3":"status-publish","4":"has-post-thumbnail","6":"category-online-project-management-it","7":"tag-gestione-dei-progetti","8":"tag-online-project-management","9":"tag-programma-project-management","10":"tag-project-manager"},"wppr_data":{"cwp_meta_box_check":"Yes","cwp_rev_product_name":"","cwp_rev_product_image":"","cwp_image_link":"image","cwp_rev_price":"","wppr_rating":"0.00"},"acf":[],"yoast_head":"<!-- This site is optimized with the Yoast SEO plugin v27.4 - https:\/\/yoast.com\/product\/yoast-seo-wordpress\/ -->\n<title>Workstack: recensione programma gestione progetti - Accurate Reviews<\/title>\n<meta name=\"description\" content=\"Workstack: recensione del programma ideato principalmente per team di qualsiasi dimensione che hanno bisogno di migliorare la gestione dei loro progetti.\" \/>\n<meta name=\"robots\" content=\"index, follow, max-snippet:-1, max-image-preview:large, max-video-preview:-1\" \/>\n<link rel=\"canonical\" href=\"https:\/\/www.accuratereviews.com\/it\/project-management-online-lista-software\/workstack-recensione\/\" \/>\n<meta property=\"og:locale\" content=\"it_IT\" \/>\n<meta property=\"og:type\" content=\"article\" \/>\n<meta property=\"og:title\" content=\"Workstack: recensione programma gestione progetti - Accurate Reviews\" \/>\n<meta property=\"og:description\" content=\"Workstack: recensione del programma ideato principalmente per team di qualsiasi dimensione che hanno bisogno di migliorare la gestione dei loro progetti.\" \/>\n<meta property=\"og:url\" content=\"https:\/\/www.accuratereviews.com\/it\/project-management-online-lista-software\/workstack-recensione\/\" \/>\n<meta property=\"og:site_name\" content=\"Accurate Reviews\" \/>\n<meta property=\"article:modified_time\" content=\"2020-12-24T11:51:14+00:00\" \/>\n<meta property=\"og:image\" content=\"https:\/\/www.accuratereviews.com\/wp-content\/uploads\/2019\/10\/download-1.png\" \/>\n\t<meta property=\"og:image:width\" content=\"600\" \/>\n\t<meta property=\"og:image:height\" content=\"63\" \/>\n\t<meta property=\"og:image:type\" content=\"image\/png\" \/>\n<meta name=\"twitter:card\" content=\"summary_large_image\" \/>\n<meta name=\"twitter:label1\" content=\"Tempo di lettura stimato\" \/>\n\t<meta name=\"twitter:data1\" content=\"3 minuti\" \/>\n<script type=\"application\/ld+json\" class=\"yoast-schema-graph\">{\"@context\":\"https:\\\/\\\/schema.org\",\"@graph\":[{\"@type\":\"WebPage\",\"@id\":\"https:\\\/\\\/www.accuratereviews.com\\\/it\\\/project-management-online-lista-software\\\/workstack-recensione\\\/\",\"url\":\"https:\\\/\\\/www.accuratereviews.com\\\/it\\\/project-management-online-lista-software\\\/workstack-recensione\\\/\",\"name\":\"Workstack: recensione programma gestione progetti - Accurate Reviews\",\"isPartOf\":{\"@id\":\"https:\\\/\\\/www.accuratereviews.com\\\/it\\\/#website\"},\"primaryImageOfPage\":{\"@id\":\"https:\\\/\\\/www.accuratereviews.com\\\/it\\\/project-management-online-lista-software\\\/workstack-recensione\\\/#primaryimage\"},\"image\":{\"@id\":\"https:\\\/\\\/www.accuratereviews.com\\\/it\\\/project-management-online-lista-software\\\/workstack-recensione\\\/#primaryimage\"},\"thumbnailUrl\":\"https:\\\/\\\/www.accuratereviews.com\\\/wp-content\\\/uploads\\\/2019\\\/10\\\/download-1.png\",\"datePublished\":\"2019-10-16T18:07:32+00:00\",\"dateModified\":\"2020-12-24T11:51:14+00:00\",\"description\":\"Workstack: recensione del programma ideato principalmente per team di qualsiasi dimensione che hanno bisogno di migliorare la gestione dei loro progetti.\",\"breadcrumb\":{\"@id\":\"https:\\\/\\\/www.accuratereviews.com\\\/it\\\/project-management-online-lista-software\\\/workstack-recensione\\\/#breadcrumb\"},\"inLanguage\":\"it-IT\",\"potentialAction\":[{\"@type\":\"ReadAction\",\"target\":[\"https:\\\/\\\/www.accuratereviews.com\\\/it\\\/project-management-online-lista-software\\\/workstack-recensione\\\/\"]}]},{\"@type\":\"ImageObject\",\"inLanguage\":\"it-IT\",\"@id\":\"https:\\\/\\\/www.accuratereviews.com\\\/it\\\/project-management-online-lista-software\\\/workstack-recensione\\\/#primaryimage\",\"url\":\"https:\\\/\\\/www.accuratereviews.com\\\/wp-content\\\/uploads\\\/2019\\\/10\\\/download-1.png\",\"contentUrl\":\"https:\\\/\\\/www.accuratereviews.com\\\/wp-content\\\/uploads\\\/2019\\\/10\\\/download-1.png\",\"width\":600,\"height\":63},{\"@type\":\"BreadcrumbList\",\"@id\":\"https:\\\/\\\/www.accuratereviews.com\\\/it\\\/project-management-online-lista-software\\\/workstack-recensione\\\/#breadcrumb\",\"itemListElement\":[{\"@type\":\"ListItem\",\"position\":1,\"name\":\"Home\",\"item\":\"https:\\\/\\\/www.accuratereviews.com\\\/it\\\/\"},{\"@type\":\"ListItem\",\"position\":2,\"name\":\"Project Management Online\",\"item\":\"https:\\\/\\\/www.accuratereviews.com\\\/it\\\/project-management-online-lista-software\\\/\"},{\"@type\":\"ListItem\",\"position\":3,\"name\":\"Workstack\"}]},{\"@type\":\"WebSite\",\"@id\":\"https:\\\/\\\/www.accuratereviews.com\\\/it\\\/#website\",\"url\":\"https:\\\/\\\/www.accuratereviews.com\\\/it\\\/\",\"name\":\"Accurate Reviews\",\"description\":\"\",\"potentialAction\":[{\"@type\":\"SearchAction\",\"target\":{\"@type\":\"EntryPoint\",\"urlTemplate\":\"https:\\\/\\\/www.accuratereviews.com\\\/it\\\/?s={search_term_string}\"},\"query-input\":{\"@type\":\"PropertyValueSpecification\",\"valueRequired\":true,\"valueName\":\"search_term_string\"}}],\"inLanguage\":\"it-IT\"}]}<\/script>\n<!-- \/ Yoast SEO plugin. -->","yoast_head_json":{"title":"Workstack: recensione programma gestione progetti - Accurate Reviews","description":"Workstack: recensione del programma ideato principalmente per team di qualsiasi dimensione che hanno bisogno di migliorare la gestione dei loro progetti.","robots":{"index":"index","follow":"follow","max-snippet":"max-snippet:-1","max-image-preview":"max-image-preview:large","max-video-preview":"max-video-preview:-1"},"canonical":"https:\/\/www.accuratereviews.com\/it\/project-management-online-lista-software\/workstack-recensione\/","og_locale":"it_IT","og_type":"article","og_title":"Workstack: recensione programma gestione progetti - Accurate Reviews","og_description":"Workstack: recensione del programma ideato principalmente per team di qualsiasi dimensione che hanno bisogno di migliorare la gestione dei loro progetti.","og_url":"https:\/\/www.accuratereviews.com\/it\/project-management-online-lista-software\/workstack-recensione\/","og_site_name":"Accurate Reviews","article_modified_time":"2020-12-24T11:51:14+00:00","og_image":[{"width":600,"height":63,"url":"https:\/\/www.accuratereviews.com\/wp-content\/uploads\/2019\/10\/download-1.png","type":"image\/png"}],"twitter_card":"summary_large_image","twitter_misc":{"Tempo di lettura stimato":"3 minuti"},"schema":{"@context":"https:\/\/schema.org","@graph":[{"@type":"WebPage","@id":"https:\/\/www.accuratereviews.com\/it\/project-management-online-lista-software\/workstack-recensione\/","url":"https:\/\/www.accuratereviews.com\/it\/project-management-online-lista-software\/workstack-recensione\/","name":"Workstack: recensione programma gestione progetti - Accurate Reviews","isPartOf":{"@id":"https:\/\/www.accuratereviews.com\/it\/#website"},"primaryImageOfPage":{"@id":"https:\/\/www.accuratereviews.com\/it\/project-management-online-lista-software\/workstack-recensione\/#primaryimage"},"image":{"@id":"https:\/\/www.accuratereviews.com\/it\/project-management-online-lista-software\/workstack-recensione\/#primaryimage"},"thumbnailUrl":"https:\/\/www.accuratereviews.com\/wp-content\/uploads\/2019\/10\/download-1.png","datePublished":"2019-10-16T18:07:32+00:00","dateModified":"2020-12-24T11:51:14+00:00","description":"Workstack: recensione del programma ideato principalmente per team di qualsiasi dimensione che hanno bisogno di migliorare la gestione dei loro progetti.","breadcrumb":{"@id":"https:\/\/www.accuratereviews.com\/it\/project-management-online-lista-software\/workstack-recensione\/#breadcrumb"},"inLanguage":"it-IT","potentialAction":[{"@type":"ReadAction","target":["https:\/\/www.accuratereviews.com\/it\/project-management-online-lista-software\/workstack-recensione\/"]}]},{"@type":"ImageObject","inLanguage":"it-IT","@id":"https:\/\/www.accuratereviews.com\/it\/project-management-online-lista-software\/workstack-recensione\/#primaryimage","url":"https:\/\/www.accuratereviews.com\/wp-content\/uploads\/2019\/10\/download-1.png","contentUrl":"https:\/\/www.accuratereviews.com\/wp-content\/uploads\/2019\/10\/download-1.png","width":600,"height":63},{"@type":"BreadcrumbList","@id":"https:\/\/www.accuratereviews.com\/it\/project-management-online-lista-software\/workstack-recensione\/#breadcrumb","itemListElement":[{"@type":"ListItem","position":1,"name":"Home","item":"https:\/\/www.accuratereviews.com\/it\/"},{"@type":"ListItem","position":2,"name":"Project Management Online","item":"https:\/\/www.accuratereviews.com\/it\/project-management-online-lista-software\/"},{"@type":"ListItem","position":3,"name":"Workstack"}]},{"@type":"WebSite","@id":"https:\/\/www.accuratereviews.com\/it\/#website","url":"https:\/\/www.accuratereviews.com\/it\/","name":"Accurate Reviews","description":"","potentialAction":[{"@type":"SearchAction","target":{"@type":"EntryPoint","urlTemplate":"https:\/\/www.accuratereviews.com\/it\/?s={search_term_string}"},"query-input":{"@type":"PropertyValueSpecification","valueRequired":true,"valueName":"search_term_string"}}],"inLanguage":"it-IT"}]}},"_links":{"self":[{"href":"https:\/\/www.accuratereviews.com\/it\/wp-json\/wp\/v2\/pages\/19213","targetHints":{"allow":["GET"]}}],"collection":[{"href":"https:\/\/www.accuratereviews.com\/it\/wp-json\/wp\/v2\/pages"}],"about":[{"href":"https:\/\/www.accuratereviews.com\/it\/wp-json\/wp\/v2\/types\/page"}],"author":[{"embeddable":true,"href":"https:\/\/www.accuratereviews.com\/it\/wp-json\/wp\/v2\/users\/17"}],"replies":[{"embeddable":true,"href":"https:\/\/www.accuratereviews.com\/it\/wp-json\/wp\/v2\/comments?post=19213"}],"version-history":[{"count":3,"href":"https:\/\/www.accuratereviews.com\/it\/wp-json\/wp\/v2\/pages\/19213\/revisions"}],"predecessor-version":[{"id":19226,"href":"https:\/\/www.accuratereviews.com\/it\/wp-json\/wp\/v2\/pages\/19213\/revisions\/19226"}],"up":[{"embeddable":true,"href":"https:\/\/www.accuratereviews.com\/it\/wp-json\/wp\/v2\/pages\/8333"}],"wp:featuredmedia":[{"embeddable":true,"href":"https:\/\/www.accuratereviews.com\/it\/wp-json\/wp\/v2\/media\/19214"}],"wp:attachment":[{"href":"https:\/\/www.accuratereviews.com\/it\/wp-json\/wp\/v2\/media?parent=19213"}],"wp:term":[{"taxonomy":"category","embeddable":true,"href":"https:\/\/www.accuratereviews.com\/it\/wp-json\/wp\/v2\/categories?post=19213"},{"taxonomy":"post_tag","embeddable":true,"href":"https:\/\/www.accuratereviews.com\/it\/wp-json\/wp\/v2\/tags?post=19213"},{"taxonomy":"features","embeddable":true,"href":"https:\/\/www.accuratereviews.com\/it\/wp-json\/wp\/v2\/features?post=19213"}],"curies":[{"name":"wp","href":"https:\/\/api.w.org\/{rel}","templated":true}]}}