{"id":19219,"date":"2019-10-16T18:10:45","date_gmt":"2019-10-16T18:10:45","guid":{"rendered":"https:\/\/www.accuratereviews.com\/?page_id=19219"},"modified":"2020-12-24T11:52:25","modified_gmt":"2020-12-24T11:52:25","slug":"bric-recensione","status":"publish","type":"page","link":"https:\/\/www.accuratereviews.com\/it\/project-management-online-lista-software\/bric-recensione\/","title":{"rendered":"BRIC"},"content":{"rendered":"<p><strong>BRIC<\/strong> \u00e8 uno strumento di <strong>gestione dei progetti<\/strong> che ti permette di migliorare e <strong>ottimizzare l&#8217;organizzazione del flusso di lavoro<\/strong> del tuo team. Grazie a questo programma, puoi <strong>pianificare il tuo progetto<\/strong>, gestirne le attivit\u00e0 e monitorare i tempi in cui vengono svolte e vengono raggiunti gli obiettivi cos\u00ec da avere sempre una panoramica del lavoro. Ti permette di avere una previsione accurata di ci\u00f2 che succeder\u00e0 cos\u00ec da poter prendere prima delle decisioni, utilizzando il calendario e appuntandoti ogni tua idea e aggiungendo promemoria e avvisi che ti aiuteranno a non dimenticarti di nulla. Per avere una visione ancora pi\u00f9 completa del tutto, <strong>BRIC<\/strong> ti consente di creare degli <strong>ottimi report<\/strong> che analizzano i tempi e i costi che vengono impiegati durante la <strong>realizzazione dei progetti<\/strong>.<\/p>\n<h2>COME UTILIZZARE BRIC &#8211; TUTORIAL<\/h2>\n<p>Ecco un video che ci mostra come funziona questo software:<\/p>\n<div id=\"fluid-wrapper-counter-1\" class=\"g1-fluid-wrapper \" style=\"width:686px;\">\n<div style=\"padding-bottom:56.268221574344%;\"><iframe loading=\"lazy\" title=\"A Demo of Bric\" src=\"https:\/\/player.vimeo.com\/video\/184013859?dnt=1&amp;app_id=122963?title=0&amp;byline=0&amp;portrait=0\" width=\"551\" height=\"386\" frameborder=\"0\" allow=\"autoplay; fullscreen\" allowfullscreen><\/iframe><\/div>\n<\/div>\n<h3>BRIC &#8211; CARATTERISTICHE<\/h3>\n<p>Ecco le sue principali caratteristiche:<\/p>\n<ul>\n<li><strong>Pianificazione del progetto<\/strong>: Bric ti avvisa della pianificazione dei conflitti, calcola quanto addebitare e consiglia piani di progetto pi\u00f9 accurati<\/li>\n<li><strong>Gestione del progetto<\/strong>: Bric prevede i cambiamenti e ti offre strumenti per identificarli e rispondere di conseguenza<\/li>\n<li><strong>Monitorare costi e profitti<\/strong>: visualizza i dati finanziari del tuo progetto dal piano di progetto. Conosci i tuoi costi e profitti stimati e monitorali quando il lavoro \u00e8 completato<\/li>\n<li><strong>Compiti<\/strong>: Sapere cosa \u00e8 finito, in corso e deve essere fatto. Con ore e compiti affiancati sarai in grado di terminare in tempo<\/li>\n<li><strong>Tracciamento del tempo<\/strong>: Bric consente al tuo team di tenere traccia del tempo e di confrontare il tempo pianificato e il tempo monitorato fianco a fianco<\/li>\n<li><strong>Report<\/strong>: Bric analizza i costi e i tempi in cui vengono realizzati i progetti cos\u00ec da avere sempre tutto sotto controllo<\/li>\n<li><strong>Integrazioni<\/strong>: Bric si integra con le moltissime applicazioni.<\/li>\n<\/ul>\n<h3>LE RECENSIONI DEGLI UTENTI<\/h3>\n<ul>\n<li><strong>&#8220;Bric \u00e8 la gestione in tempo reale&#8221;.<\/strong><br \/>\nIN GENERALE: Bric d\u00e0 al monitoraggio del tempo un nuovo scopo. Mi aiuta a evitare la pianificazione eccessiva o insufficiente del mio team.<br \/>\nPRO: ci sono analisi utili ovunque. Adoro conoscere la mia capacit\u00e0 di lavoro, creare piani e monitorare i progressi. Inoltre la mia squadra adora le schede attivit\u00e0. Lo trovano molto semplice.<br \/>\nCONTRO: Vorrei che Bric avesse un&#8217;app mobile in modo che il mio team possa tenere traccia del tempo sul campo. Inoltre, sarebbe fantastico se Bric inviasse promemoria se il cronometro viene lasciato in esecuzione. Ho parlato con il team e mi assicurano che \u00e8 qualcosa su cui stanno lavorando.<\/li>\n<li><strong>&#8220;Finalmente! Ho i numeri di cui ho bisogno per gestire la mia squadra.&#8221;<\/strong><br \/>\nIN GENERALE: la mia azienda sta crescendo molto velocemente. L&#8217;uso di Bric mi ha aiutato a tenere il passo con chi sta lavorando su cosa e sui miei dati finanziari.<br \/>\nPRO: Adoro l&#8217;analisi. Sono stato un grande fan del Rapporto finanziario e ora \u00e8 ancora meglio con il supporto per pi\u00f9 tipi di contratto.<br \/>\nCONTRO: il processo di iscrizione potrebbe essere migliorato. Ci sono voluti 5 minuti per inserire tutte le informazioni richieste prima che potessi pianificare il mio primo progetto.<\/li>\n<li><strong>&#8220;Bric mi fa risparmiare un sacco di tempo.&#8221;<\/strong><br \/>\nIN GENERALE: il supporto \u00e8 eccezionale e l&#8217;app \u00e8 semplicissima da usare.<br \/>\nPRO: Sono davvero impegnato a costruire la mia azienda e Bric prepara automaticamente i dati finanziari in modo da non dovermi preoccupare. Mi aiuta a dedicare pi\u00f9 tempo alle attivit\u00e0 che generano entrate effettive.<br \/>\nCONTRO: Vorrei che ci fossero alcune integrazioni e un&#8217;app per iPhone sarebbe fantastica, ma non \u00e8 un problema.<\/li>\n<\/ul>\n","protected":false},"excerpt":{"rendered":"<p>BRIC \u00e8 uno strumento di gestione dei progetti che ti permette di migliorare e ottimizzare l&#8217;organizzazione del flusso di lavoro del tuo team. Grazie a questo programma, puoi pianificare il tuo progetto, gestirne le attivit\u00e0 e monitorare i tempi in cui vengono svolte e vengono raggiunti gli obiettivi cos\u00ec da avere sempre una panoramica del lavoro.<\/p>\n","protected":false},"author":17,"featured_media":19220,"parent":8333,"menu_order":0,"comment_status":"open","ping_status":"closed","template":"g1_template_page_review_new.php","meta":{"_acf_changed":false,"cwp_meta_box_check":"Yes","cwp_rev_product_name":"","cwp_rev_product_image":"","wppr_links":[],"cwp_rev_price":"","wppr_options":[],"wppr_pros":[],"wppr_cons":[],"_monsterinsights_skip_tracking":false,"_monsterinsights_sitenote_active":false,"_monsterinsights_sitenote_note":"","_monsterinsights_sitenote_category":0,"footnotes":""},"categories":[172],"tags":[1324,1316,1380,1330],"features":[],"class_list":{"0":"post-19219","1":"page","2":"type-page","3":"status-publish","4":"has-post-thumbnail","6":"category-online-project-management-it","7":"tag-gestione-dei-progetti","8":"tag-online-project-management","9":"tag-project-management","10":"tag-project-manager"},"wppr_data":{"cwp_meta_box_check":"Yes","cwp_rev_product_name":"","cwp_rev_product_image":"","cwp_image_link":"image","cwp_rev_price":"","wppr_rating":"0.00"},"acf":[],"yoast_head":"<!-- This site is optimized with the Yoast SEO plugin v27.4 - https:\/\/yoast.com\/product\/yoast-seo-wordpress\/ -->\n<title>BRIC: recensione project management software - Accurate Reviews<\/title>\n<meta name=\"description\" content=\"BRIC: recensione dello strumento di gestione dei progetti che ti permette di migliorare e ottimizzare l&#039;organizzazione del flusso di lavoro del tuo team.\" \/>\n<meta name=\"robots\" content=\"index, follow, max-snippet:-1, max-image-preview:large, max-video-preview:-1\" \/>\n<link rel=\"canonical\" href=\"https:\/\/www.accuratereviews.com\/it\/project-management-online-lista-software\/bric-recensione\/\" \/>\n<meta property=\"og:locale\" content=\"it_IT\" \/>\n<meta property=\"og:type\" content=\"article\" \/>\n<meta property=\"og:title\" content=\"BRIC: recensione project management software - Accurate Reviews\" \/>\n<meta property=\"og:description\" content=\"BRIC: recensione dello strumento di gestione dei progetti che ti permette di migliorare e ottimizzare l&#039;organizzazione del flusso di lavoro del tuo team.\" \/>\n<meta property=\"og:url\" content=\"https:\/\/www.accuratereviews.com\/it\/project-management-online-lista-software\/bric-recensione\/\" \/>\n<meta property=\"og:site_name\" content=\"Accurate Reviews\" \/>\n<meta property=\"article:modified_time\" content=\"2020-12-24T11:52:25+00:00\" \/>\n<meta property=\"og:image\" content=\"https:\/\/www.accuratereviews.com\/wp-content\/uploads\/2019\/10\/images.png\" \/>\n\t<meta property=\"og:image:width\" content=\"355\" \/>\n\t<meta property=\"og:image:height\" content=\"142\" \/>\n\t<meta property=\"og:image:type\" content=\"image\/png\" \/>\n<meta name=\"twitter:card\" content=\"summary_large_image\" \/>\n<meta name=\"twitter:label1\" content=\"Tempo di lettura stimato\" \/>\n\t<meta name=\"twitter:data1\" content=\"3 minuti\" \/>\n<script type=\"application\/ld+json\" class=\"yoast-schema-graph\">{\"@context\":\"https:\\\/\\\/schema.org\",\"@graph\":[{\"@type\":\"WebPage\",\"@id\":\"https:\\\/\\\/www.accuratereviews.com\\\/it\\\/project-management-online-lista-software\\\/bric-recensione\\\/\",\"url\":\"https:\\\/\\\/www.accuratereviews.com\\\/it\\\/project-management-online-lista-software\\\/bric-recensione\\\/\",\"name\":\"BRIC: recensione project management software - Accurate Reviews\",\"isPartOf\":{\"@id\":\"https:\\\/\\\/www.accuratereviews.com\\\/it\\\/#website\"},\"primaryImageOfPage\":{\"@id\":\"https:\\\/\\\/www.accuratereviews.com\\\/it\\\/project-management-online-lista-software\\\/bric-recensione\\\/#primaryimage\"},\"image\":{\"@id\":\"https:\\\/\\\/www.accuratereviews.com\\\/it\\\/project-management-online-lista-software\\\/bric-recensione\\\/#primaryimage\"},\"thumbnailUrl\":\"https:\\\/\\\/www.accuratereviews.com\\\/wp-content\\\/uploads\\\/2019\\\/10\\\/images.png\",\"datePublished\":\"2019-10-16T18:10:45+00:00\",\"dateModified\":\"2020-12-24T11:52:25+00:00\",\"description\":\"BRIC: recensione dello strumento di gestione dei progetti che ti permette di migliorare e ottimizzare l'organizzazione del flusso di lavoro del tuo team.\",\"breadcrumb\":{\"@id\":\"https:\\\/\\\/www.accuratereviews.com\\\/it\\\/project-management-online-lista-software\\\/bric-recensione\\\/#breadcrumb\"},\"inLanguage\":\"it-IT\",\"potentialAction\":[{\"@type\":\"ReadAction\",\"target\":[\"https:\\\/\\\/www.accuratereviews.com\\\/it\\\/project-management-online-lista-software\\\/bric-recensione\\\/\"]}]},{\"@type\":\"ImageObject\",\"inLanguage\":\"it-IT\",\"@id\":\"https:\\\/\\\/www.accuratereviews.com\\\/it\\\/project-management-online-lista-software\\\/bric-recensione\\\/#primaryimage\",\"url\":\"https:\\\/\\\/www.accuratereviews.com\\\/wp-content\\\/uploads\\\/2019\\\/10\\\/images.png\",\"contentUrl\":\"https:\\\/\\\/www.accuratereviews.com\\\/wp-content\\\/uploads\\\/2019\\\/10\\\/images.png\",\"width\":355,\"height\":142},{\"@type\":\"BreadcrumbList\",\"@id\":\"https:\\\/\\\/www.accuratereviews.com\\\/it\\\/project-management-online-lista-software\\\/bric-recensione\\\/#breadcrumb\",\"itemListElement\":[{\"@type\":\"ListItem\",\"position\":1,\"name\":\"Home\",\"item\":\"https:\\\/\\\/www.accuratereviews.com\\\/it\\\/\"},{\"@type\":\"ListItem\",\"position\":2,\"name\":\"Project Management Online\",\"item\":\"https:\\\/\\\/www.accuratereviews.com\\\/it\\\/project-management-online-lista-software\\\/\"},{\"@type\":\"ListItem\",\"position\":3,\"name\":\"BRIC\"}]},{\"@type\":\"WebSite\",\"@id\":\"https:\\\/\\\/www.accuratereviews.com\\\/it\\\/#website\",\"url\":\"https:\\\/\\\/www.accuratereviews.com\\\/it\\\/\",\"name\":\"Accurate Reviews\",\"description\":\"\",\"potentialAction\":[{\"@type\":\"SearchAction\",\"target\":{\"@type\":\"EntryPoint\",\"urlTemplate\":\"https:\\\/\\\/www.accuratereviews.com\\\/it\\\/?s={search_term_string}\"},\"query-input\":{\"@type\":\"PropertyValueSpecification\",\"valueRequired\":true,\"valueName\":\"search_term_string\"}}],\"inLanguage\":\"it-IT\"}]}<\/script>\n<!-- \/ Yoast SEO plugin. -->","yoast_head_json":{"title":"BRIC: recensione project management software - Accurate Reviews","description":"BRIC: recensione dello strumento di gestione dei progetti che ti permette di migliorare e ottimizzare l'organizzazione del flusso di lavoro del tuo team.","robots":{"index":"index","follow":"follow","max-snippet":"max-snippet:-1","max-image-preview":"max-image-preview:large","max-video-preview":"max-video-preview:-1"},"canonical":"https:\/\/www.accuratereviews.com\/it\/project-management-online-lista-software\/bric-recensione\/","og_locale":"it_IT","og_type":"article","og_title":"BRIC: recensione project management software - Accurate Reviews","og_description":"BRIC: recensione dello strumento di gestione dei progetti che ti permette di migliorare e ottimizzare l'organizzazione del flusso di lavoro del tuo team.","og_url":"https:\/\/www.accuratereviews.com\/it\/project-management-online-lista-software\/bric-recensione\/","og_site_name":"Accurate Reviews","article_modified_time":"2020-12-24T11:52:25+00:00","og_image":[{"width":355,"height":142,"url":"https:\/\/www.accuratereviews.com\/wp-content\/uploads\/2019\/10\/images.png","type":"image\/png"}],"twitter_card":"summary_large_image","twitter_misc":{"Tempo di lettura stimato":"3 minuti"},"schema":{"@context":"https:\/\/schema.org","@graph":[{"@type":"WebPage","@id":"https:\/\/www.accuratereviews.com\/it\/project-management-online-lista-software\/bric-recensione\/","url":"https:\/\/www.accuratereviews.com\/it\/project-management-online-lista-software\/bric-recensione\/","name":"BRIC: recensione project management software - Accurate Reviews","isPartOf":{"@id":"https:\/\/www.accuratereviews.com\/it\/#website"},"primaryImageOfPage":{"@id":"https:\/\/www.accuratereviews.com\/it\/project-management-online-lista-software\/bric-recensione\/#primaryimage"},"image":{"@id":"https:\/\/www.accuratereviews.com\/it\/project-management-online-lista-software\/bric-recensione\/#primaryimage"},"thumbnailUrl":"https:\/\/www.accuratereviews.com\/wp-content\/uploads\/2019\/10\/images.png","datePublished":"2019-10-16T18:10:45+00:00","dateModified":"2020-12-24T11:52:25+00:00","description":"BRIC: recensione dello strumento di gestione dei progetti che ti permette di migliorare e ottimizzare l'organizzazione del flusso di lavoro del tuo team.","breadcrumb":{"@id":"https:\/\/www.accuratereviews.com\/it\/project-management-online-lista-software\/bric-recensione\/#breadcrumb"},"inLanguage":"it-IT","potentialAction":[{"@type":"ReadAction","target":["https:\/\/www.accuratereviews.com\/it\/project-management-online-lista-software\/bric-recensione\/"]}]},{"@type":"ImageObject","inLanguage":"it-IT","@id":"https:\/\/www.accuratereviews.com\/it\/project-management-online-lista-software\/bric-recensione\/#primaryimage","url":"https:\/\/www.accuratereviews.com\/wp-content\/uploads\/2019\/10\/images.png","contentUrl":"https:\/\/www.accuratereviews.com\/wp-content\/uploads\/2019\/10\/images.png","width":355,"height":142},{"@type":"BreadcrumbList","@id":"https:\/\/www.accuratereviews.com\/it\/project-management-online-lista-software\/bric-recensione\/#breadcrumb","itemListElement":[{"@type":"ListItem","position":1,"name":"Home","item":"https:\/\/www.accuratereviews.com\/it\/"},{"@type":"ListItem","position":2,"name":"Project Management Online","item":"https:\/\/www.accuratereviews.com\/it\/project-management-online-lista-software\/"},{"@type":"ListItem","position":3,"name":"BRIC"}]},{"@type":"WebSite","@id":"https:\/\/www.accuratereviews.com\/it\/#website","url":"https:\/\/www.accuratereviews.com\/it\/","name":"Accurate Reviews","description":"","potentialAction":[{"@type":"SearchAction","target":{"@type":"EntryPoint","urlTemplate":"https:\/\/www.accuratereviews.com\/it\/?s={search_term_string}"},"query-input":{"@type":"PropertyValueSpecification","valueRequired":true,"valueName":"search_term_string"}}],"inLanguage":"it-IT"}]}},"_links":{"self":[{"href":"https:\/\/www.accuratereviews.com\/it\/wp-json\/wp\/v2\/pages\/19219","targetHints":{"allow":["GET"]}}],"collection":[{"href":"https:\/\/www.accuratereviews.com\/it\/wp-json\/wp\/v2\/pages"}],"about":[{"href":"https:\/\/www.accuratereviews.com\/it\/wp-json\/wp\/v2\/types\/page"}],"author":[{"embeddable":true,"href":"https:\/\/www.accuratereviews.com\/it\/wp-json\/wp\/v2\/users\/17"}],"replies":[{"embeddable":true,"href":"https:\/\/www.accuratereviews.com\/it\/wp-json\/wp\/v2\/comments?post=19219"}],"version-history":[{"count":2,"href":"https:\/\/www.accuratereviews.com\/it\/wp-json\/wp\/v2\/pages\/19219\/revisions"}],"predecessor-version":[{"id":34276,"href":"https:\/\/www.accuratereviews.com\/it\/wp-json\/wp\/v2\/pages\/19219\/revisions\/34276"}],"up":[{"embeddable":true,"href":"https:\/\/www.accuratereviews.com\/it\/wp-json\/wp\/v2\/pages\/8333"}],"wp:featuredmedia":[{"embeddable":true,"href":"https:\/\/www.accuratereviews.com\/it\/wp-json\/wp\/v2\/media\/19220"}],"wp:attachment":[{"href":"https:\/\/www.accuratereviews.com\/it\/wp-json\/wp\/v2\/media?parent=19219"}],"wp:term":[{"taxonomy":"category","embeddable":true,"href":"https:\/\/www.accuratereviews.com\/it\/wp-json\/wp\/v2\/categories?post=19219"},{"taxonomy":"post_tag","embeddable":true,"href":"https:\/\/www.accuratereviews.com\/it\/wp-json\/wp\/v2\/tags?post=19219"},{"taxonomy":"features","embeddable":true,"href":"https:\/\/www.accuratereviews.com\/it\/wp-json\/wp\/v2\/features?post=19219"}],"curies":[{"name":"wp","href":"https:\/\/api.w.org\/{rel}","templated":true}]}}