{"id":19229,"date":"2019-10-17T14:35:22","date_gmt":"2019-10-17T14:35:22","guid":{"rendered":"https:\/\/www.accuratereviews.com\/?page_id=19229"},"modified":"2019-10-17T14:35:22","modified_gmt":"2019-10-17T14:35:22","slug":"redbooth-recensione","status":"publish","type":"page","link":"https:\/\/www.accuratereviews.com\/it\/project-management-online-lista-software\/redbooth-recensione\/","title":{"rendered":"Redbooth"},"content":{"rendered":"<p><strong>Redbooth<\/strong> \u00e8 una soluzione di <strong>gestione dei progetti<\/strong> \u00a0flessibile che facilita la comunicazione tra il team per concludere rapidamente un progetto con la tecnologia dell&#8217;intelligenza artificiale (AI). Ti offre strumenti per aiutarti a organizzare progetti, attivit\u00e0 e persone. Redbooth apre anche la strada a una migliore comunicazione all&#8217;interno del tuo team. Consente ai membri di avere discussioni proficue sulle pagine delle attivit\u00e0. Esiste anche uno strumento di riunione di video HD per quando \u00e8 necessario conferire compiti e progetti con i collaboratori esterni.\u00a0Inoltre, Redbooth pone l&#8217;accento sull&#8217;aspetto visivo. Ti consente di monitorare l&#8217;avanzamento del progetto attraverso una sequenza temporale accattivante, nonch\u00e9 in una scheda o in una visualizzazione elenco. Fornisce inoltre dati sui dashboard e nei report per aiutarti a ottenere una visione chiara delle cose fatte nella tua squadra.<\/p>\n<h2>REDBOOTH &#8211; TUTORIAL<\/h2>\n<p>Il video tutorial che seguir\u00e0 mostra come organizzare da zero un team e gestire le attivit\u00e0 con questo <strong>software Project Management:<\/strong><\/p>\n<div id=\"fluid-wrapper-counter-1\" class=\"g1-fluid-wrapper \" style=\"width:686px;\">\n<div style=\"padding-bottom:56.268221574344%;\"><iframe loading=\"lazy\" title=\"Learn the Essentials of Redbooth\" width=\"686\" height=\"386\" src=\"https:\/\/www.youtube.com\/embed\/d7hOWZElouU?feature=oembed&amp;wmode=transparent&amp;autohide=1&amp;autoplay=0&amp;disablekb=0&amp;fs=1&amp;loop=0&amp;enablejsapi=1&amp;rel=0&amp;controls=2&amp;showinfo=0&amp;wmode=transparent&amp;autohide=2&amp;autoplay=0&amp;disablekb=0&amp;fs=1&amp;loop=0&amp;enablejsapi=1&amp;rel=0&amp;controls=2&amp;showinfo=1\" frameborder=\"0\" allow=\"accelerometer; autoplay; encrypted-media; gyroscope; picture-in-picture\" allowfullscreen><\/iframe><\/div>\n<\/div>\n<h3>REDBOOTH &#8211; CARATTERISTICHE<\/h3>\n<ul>\n<li><strong>Schede Kanban<\/strong>: con il suo design intuitivo, i progetti sono facili da pianificare e tracciare su schede Kanban personalizzabili. Ordina, tagga e organizza le tue attivit\u00e0 per una comunicazione chiara e una migliore gestione delle attivit\u00e0<\/li>\n<li><strong>Migliore trasparenza delle attivit\u00e0<\/strong>: in una sola occhiata, saprai esattamente chi sta lavorando su cosa e quando \u00e8 dovuto. Delegare le responsabilit\u00e0 in tutto il team con utenti assegnati, intervalli di date delle attivit\u00e0, stato, priorit\u00e0 e opzioni di tag personalizzate<\/li>\n<li><strong>Rimani concentrato con le dashboard:<\/strong> tra email e riunioni, pu\u00f2 essere facile dimenticare il tuo lavoro e le scadenze. il programma ti aiuta a gestire le tue attivit\u00e0, tenere traccia degli aggiornamenti e collaborare facilmente e rimanere concentrato come una squadra<\/li>\n<li><strong>Linee temporali del progetto visivo<\/strong>: tieni traccia dei progetti con diagrammi di Gantt utilizzando la Visualizzazione sequenza temporale di Redbooth. Aggiungi facilmente attivit\u00e0, trascina e rilascia per modificare le date, impostare filtri per vedere ci\u00f2 che conta e gestire eventuali rallentamenti<\/li>\n<li><strong>Rapporti dettagliati sulla produttivit\u00e0<\/strong>: approfondisci lo stato dell&#8217;attivit\u00e0, il tempo speso e la pianificazione dei progressi tra utenti e aree di lavoro con report e panoramiche.<\/li>\n<li><strong>Riunioni video HD<\/strong>: connettiti immediatamente con il tuo team con riunioni ad alta definizione basate su Zoom. Condividi presentazioni, organizza riunioni di gruppo o conduci importanti teleconferenze con videoconferenze direttamente dal programma.<\/li>\n<\/ul>\n<h4>LE RECENSIONI DEGLI UTENTI<\/h4>\n<h4>Mario S. &#8220;Sono 3 anni che lo usano. Sempre aiutato, ma con un pizzico di frustrazione&#8221;.<\/h4>\n<p><strong>Vantaggi<\/strong>: incredibilmente versatile, un tipo di software di collaborazione one-man-man-band.<br \/>\nCollega gli strumenti di comunicazione (videoconferenza HD e chat) con la gestione delle attivit\u00e0 (attivit\u00e0 ricorrenti, attivit\u00e0 secondarie, &#8230;), la gestione dei progetti (diagramma di Gantt leggero, visualizzazione del carico di lavoro e monitoraggio del tempo), tutti nativi, in un unico pacchetto. Dispone anche di app native Android e iOS.<br \/>\nFunzionano bene per rimanere in contatto con il team e creare \/ aggiornare attivit\u00e0. Ci\u00f2 \u00e8 particolarmente importante per i team che sono lontani (citt\u00e0 diverse, fusi orari diversi, &#8230;). Mentre puoi facilmente spendere centinaia di dollari su software diversi per scopi diversi, Redbooth lega tutto in uno.<\/p>\n<p><strong>Inconvenienti<\/strong>: hanno subito molti cambiamenti in questi 3-4 anni e non sembrano aver ancora trovato il loro nucleo. L&#8217;interfaccia utente continua a sembrare qualcosa delle prime bozze e non sembra lucida o liscia come altri programmi come Asana o Slack. La Dashboard \u00e8 in qualche modo inutile e imita semplicemente una casella di posta elettronica pi\u00f9 carina con lo stesso comportamento. La loro premessa di sostituire la posta elettronica \u00e8 un po&#8217;dub bia. Un sacco di potenziale, ma non sembra andare da nessuna parte.<\/p>\n<h4>Maciej S. &#8220;Strumento di gestione dei progetti online molto intuitivo per lavorare in team ad alta produttivit\u00e0.&#8221;<\/h4>\n<p><strong>Commenti<\/strong>: alto controllo sulle attivit\u00e0 relative al progetto. Miglioramento della produttivit\u00e0. Migliaia di ore risparmiate.<\/p>\n<p><strong>Vantaggi<\/strong>: Redbooth aiuta a organizzare l&#8217;intera squadra. Attivit\u00e0 correlate, sempre nei tempi previsti. Ottima interfaccia intuitiva in continua evoluzione. Dati archiviati nel cloud, accesso da qualsiasi luogo e dispositivo. App supportata da Android e iOS. Supporto molto veloce e professionale. Collaborazione gratuita possibile per clienti esterni via e-mail. Integrazione con molte app e servizi popolari. Connessione Chrome e Gmail. Molte relazioni disponibili. Zapier e supporto API per multi-connessione e automazione su diverse piattaforme.<\/p>\n<p><strong>Inconvenienti<\/strong>: davvero difficile da trovare. Qualsiasi funzionalit\u00e0 che non \u00e8 disponibile direttamente all&#8217;interno di Redbooth pu\u00f2 essere trovata e implementata da diverse API tramite il supporto API o Zapier.<\/p>\n<h4>Yocheved S. &#8220;Fa il lavoro ma a volte pu\u00f2 essere frustrante da usare&#8221;<\/h4>\n<p><strong>Vantaggi<\/strong>: mi piace la capacit\u00e0 di organizzare chiaramente le attivit\u00e0 e creare attivit\u00e0 secondarie.<\/p>\n<p><strong>Inconvenienti<\/strong>: a vista a volte pu\u00f2 non essere intuitiva. Ci sono pi\u00f9 schermate che devi controllare per assicurarti di avere tutte le informazioni pi\u00f9 aggiornate sulle tue attivit\u00e0. C&#8217;\u00e8 una vista che mostra gli aggiornamenti sulle attivit\u00e0, ma mostrer\u00e0 solo le attivit\u00e0 che hanno aggiornamenti. C&#8217;\u00e8 un&#8217;altra schermata che mostra tutte le tue attivit\u00e0 in ordine di scadenza ma non mostra chiaramente quali hanno aggiornamenti. Quindi c&#8217;\u00e8 un&#8217;altra vista che ti consente di vedere tutte le attivit\u00e0 in un&#8217;area di lavoro ma non \u00e8 immediatamente chiaro quali sono state aggiornate di recente.<\/p>\n","protected":false},"excerpt":{"rendered":"<p>Redbooth \u00e8 una soluzione di gestione dei progetti \u00a0flessibile che facilita la comunicazione tra il team per concludere rapidamente un progetto con la tecnologia dell&#8217;intelligenza artificiale (AI). Ti offre strumenti per aiutarti a organizzare progetti, attivit\u00e0 e persone. Redbooth apre anche la strada a una migliore comunicazione all&#8217;interno del tuo team.<\/p>\n","protected":false},"author":19,"featured_media":19231,"parent":8333,"menu_order":0,"comment_status":"open","ping_status":"closed","template":"g1_template_page_review_new.php","meta":{"_acf_changed":false,"cwp_meta_box_check":"Yes","cwp_rev_product_name":"","cwp_rev_product_image":"","wppr_links":[],"cwp_rev_price":"","wppr_options":[],"wppr_pros":[],"wppr_cons":[],"_monsterinsights_skip_tracking":false,"_monsterinsights_sitenote_active":false,"_monsterinsights_sitenote_note":"","_monsterinsights_sitenote_category":0,"footnotes":""},"categories":[172],"tags":[1315,1312,1310,1382,1319,1309,1363,1320],"features":[],"class_list":{"0":"post-19229","1":"page","2":"type-page","3":"status-publish","4":"has-post-thumbnail","6":"category-online-project-management-it","7":"tag-gestione-progetti","8":"tag-programma-gestione-progetti","9":"tag-programma-project-management","10":"tag-redbooth","11":"tag-software-gestione-progetti","12":"tag-software-project-management","13":"tag-soluzione-gestione-progetti","14":"tag-soluzione-project-management"},"wppr_data":{"cwp_meta_box_check":"Yes","cwp_rev_product_name":"","cwp_rev_product_image":"","cwp_image_link":"image","cwp_rev_price":"","wppr_rating":"0.00"},"acf":[],"yoast_head":"<!-- This site is optimized with the Yoast SEO plugin v27.4 - https:\/\/yoast.com\/product\/yoast-seo-wordpress\/ -->\n<title>Redbooth: recensione software Project Management - Accurate Reviews<\/title>\n<meta name=\"description\" content=\"Redbooth: recensione soluzione di gestione dei progetti \u00a0flessibile che facilita la comunicazione tra il team per concludere rapidamente un progetto.\" \/>\n<meta name=\"robots\" content=\"index, follow, max-snippet:-1, max-image-preview:large, max-video-preview:-1\" \/>\n<link rel=\"canonical\" href=\"https:\/\/www.accuratereviews.com\/it\/project-management-online-lista-software\/redbooth-recensione\/\" \/>\n<meta property=\"og:locale\" content=\"it_IT\" \/>\n<meta property=\"og:type\" content=\"article\" \/>\n<meta property=\"og:title\" content=\"Redbooth: recensione software Project Management - Accurate Reviews\" \/>\n<meta property=\"og:description\" content=\"Redbooth: recensione soluzione di gestione dei progetti \u00a0flessibile che facilita la comunicazione tra il team per concludere rapidamente un progetto.\" \/>\n<meta property=\"og:url\" content=\"https:\/\/www.accuratereviews.com\/it\/project-management-online-lista-software\/redbooth-recensione\/\" \/>\n<meta property=\"og:site_name\" content=\"Accurate Reviews\" \/>\n<meta property=\"og:image\" content=\"https:\/\/www.accuratereviews.com\/wp-content\/uploads\/2019\/10\/REDBOOTH-LOGO.png\" \/>\n\t<meta property=\"og:image:width\" content=\"1000\" \/>\n\t<meta property=\"og:image:height\" content=\"400\" \/>\n\t<meta property=\"og:image:type\" content=\"image\/png\" \/>\n<meta name=\"twitter:card\" content=\"summary_large_image\" \/>\n<meta name=\"twitter:label1\" content=\"Tempo di lettura stimato\" \/>\n\t<meta name=\"twitter:data1\" content=\"4 minuti\" \/>\n<script type=\"application\/ld+json\" class=\"yoast-schema-graph\">{\"@context\":\"https:\\\/\\\/schema.org\",\"@graph\":[{\"@type\":\"WebPage\",\"@id\":\"https:\\\/\\\/www.accuratereviews.com\\\/it\\\/project-management-online-lista-software\\\/redbooth-recensione\\\/\",\"url\":\"https:\\\/\\\/www.accuratereviews.com\\\/it\\\/project-management-online-lista-software\\\/redbooth-recensione\\\/\",\"name\":\"Redbooth: recensione software Project Management - Accurate Reviews\",\"isPartOf\":{\"@id\":\"https:\\\/\\\/www.accuratereviews.com\\\/it\\\/#website\"},\"primaryImageOfPage\":{\"@id\":\"https:\\\/\\\/www.accuratereviews.com\\\/it\\\/project-management-online-lista-software\\\/redbooth-recensione\\\/#primaryimage\"},\"image\":{\"@id\":\"https:\\\/\\\/www.accuratereviews.com\\\/it\\\/project-management-online-lista-software\\\/redbooth-recensione\\\/#primaryimage\"},\"thumbnailUrl\":\"https:\\\/\\\/www.accuratereviews.com\\\/wp-content\\\/uploads\\\/2019\\\/10\\\/REDBOOTH-LOGO.png\",\"datePublished\":\"2019-10-17T14:35:22+00:00\",\"description\":\"Redbooth: recensione soluzione di gestione dei progetti \u00a0flessibile che facilita la comunicazione tra il team per concludere rapidamente un progetto.\",\"breadcrumb\":{\"@id\":\"https:\\\/\\\/www.accuratereviews.com\\\/it\\\/project-management-online-lista-software\\\/redbooth-recensione\\\/#breadcrumb\"},\"inLanguage\":\"it-IT\",\"potentialAction\":[{\"@type\":\"ReadAction\",\"target\":[\"https:\\\/\\\/www.accuratereviews.com\\\/it\\\/project-management-online-lista-software\\\/redbooth-recensione\\\/\"]}]},{\"@type\":\"ImageObject\",\"inLanguage\":\"it-IT\",\"@id\":\"https:\\\/\\\/www.accuratereviews.com\\\/it\\\/project-management-online-lista-software\\\/redbooth-recensione\\\/#primaryimage\",\"url\":\"https:\\\/\\\/www.accuratereviews.com\\\/wp-content\\\/uploads\\\/2019\\\/10\\\/REDBOOTH-LOGO.png\",\"contentUrl\":\"https:\\\/\\\/www.accuratereviews.com\\\/wp-content\\\/uploads\\\/2019\\\/10\\\/REDBOOTH-LOGO.png\",\"width\":1000,\"height\":400},{\"@type\":\"BreadcrumbList\",\"@id\":\"https:\\\/\\\/www.accuratereviews.com\\\/it\\\/project-management-online-lista-software\\\/redbooth-recensione\\\/#breadcrumb\",\"itemListElement\":[{\"@type\":\"ListItem\",\"position\":1,\"name\":\"Home\",\"item\":\"https:\\\/\\\/www.accuratereviews.com\\\/it\\\/\"},{\"@type\":\"ListItem\",\"position\":2,\"name\":\"Project Management Online\",\"item\":\"https:\\\/\\\/www.accuratereviews.com\\\/it\\\/project-management-online-lista-software\\\/\"},{\"@type\":\"ListItem\",\"position\":3,\"name\":\"Redbooth\"}]},{\"@type\":\"WebSite\",\"@id\":\"https:\\\/\\\/www.accuratereviews.com\\\/it\\\/#website\",\"url\":\"https:\\\/\\\/www.accuratereviews.com\\\/it\\\/\",\"name\":\"Accurate Reviews\",\"description\":\"\",\"potentialAction\":[{\"@type\":\"SearchAction\",\"target\":{\"@type\":\"EntryPoint\",\"urlTemplate\":\"https:\\\/\\\/www.accuratereviews.com\\\/it\\\/?s={search_term_string}\"},\"query-input\":{\"@type\":\"PropertyValueSpecification\",\"valueRequired\":true,\"valueName\":\"search_term_string\"}}],\"inLanguage\":\"it-IT\"}]}<\/script>\n<!-- \/ Yoast SEO plugin. -->","yoast_head_json":{"title":"Redbooth: recensione software Project Management - Accurate Reviews","description":"Redbooth: recensione soluzione di gestione dei progetti \u00a0flessibile che facilita la comunicazione tra il team per concludere rapidamente un progetto.","robots":{"index":"index","follow":"follow","max-snippet":"max-snippet:-1","max-image-preview":"max-image-preview:large","max-video-preview":"max-video-preview:-1"},"canonical":"https:\/\/www.accuratereviews.com\/it\/project-management-online-lista-software\/redbooth-recensione\/","og_locale":"it_IT","og_type":"article","og_title":"Redbooth: recensione software Project Management - Accurate Reviews","og_description":"Redbooth: recensione soluzione di gestione dei progetti \u00a0flessibile che facilita la comunicazione tra il team per concludere rapidamente un progetto.","og_url":"https:\/\/www.accuratereviews.com\/it\/project-management-online-lista-software\/redbooth-recensione\/","og_site_name":"Accurate Reviews","og_image":[{"width":1000,"height":400,"url":"https:\/\/www.accuratereviews.com\/wp-content\/uploads\/2019\/10\/REDBOOTH-LOGO.png","type":"image\/png"}],"twitter_card":"summary_large_image","twitter_misc":{"Tempo di lettura stimato":"4 minuti"},"schema":{"@context":"https:\/\/schema.org","@graph":[{"@type":"WebPage","@id":"https:\/\/www.accuratereviews.com\/it\/project-management-online-lista-software\/redbooth-recensione\/","url":"https:\/\/www.accuratereviews.com\/it\/project-management-online-lista-software\/redbooth-recensione\/","name":"Redbooth: recensione software Project Management - Accurate Reviews","isPartOf":{"@id":"https:\/\/www.accuratereviews.com\/it\/#website"},"primaryImageOfPage":{"@id":"https:\/\/www.accuratereviews.com\/it\/project-management-online-lista-software\/redbooth-recensione\/#primaryimage"},"image":{"@id":"https:\/\/www.accuratereviews.com\/it\/project-management-online-lista-software\/redbooth-recensione\/#primaryimage"},"thumbnailUrl":"https:\/\/www.accuratereviews.com\/wp-content\/uploads\/2019\/10\/REDBOOTH-LOGO.png","datePublished":"2019-10-17T14:35:22+00:00","description":"Redbooth: recensione soluzione di gestione dei progetti \u00a0flessibile che facilita la comunicazione tra il team per concludere rapidamente un progetto.","breadcrumb":{"@id":"https:\/\/www.accuratereviews.com\/it\/project-management-online-lista-software\/redbooth-recensione\/#breadcrumb"},"inLanguage":"it-IT","potentialAction":[{"@type":"ReadAction","target":["https:\/\/www.accuratereviews.com\/it\/project-management-online-lista-software\/redbooth-recensione\/"]}]},{"@type":"ImageObject","inLanguage":"it-IT","@id":"https:\/\/www.accuratereviews.com\/it\/project-management-online-lista-software\/redbooth-recensione\/#primaryimage","url":"https:\/\/www.accuratereviews.com\/wp-content\/uploads\/2019\/10\/REDBOOTH-LOGO.png","contentUrl":"https:\/\/www.accuratereviews.com\/wp-content\/uploads\/2019\/10\/REDBOOTH-LOGO.png","width":1000,"height":400},{"@type":"BreadcrumbList","@id":"https:\/\/www.accuratereviews.com\/it\/project-management-online-lista-software\/redbooth-recensione\/#breadcrumb","itemListElement":[{"@type":"ListItem","position":1,"name":"Home","item":"https:\/\/www.accuratereviews.com\/it\/"},{"@type":"ListItem","position":2,"name":"Project Management Online","item":"https:\/\/www.accuratereviews.com\/it\/project-management-online-lista-software\/"},{"@type":"ListItem","position":3,"name":"Redbooth"}]},{"@type":"WebSite","@id":"https:\/\/www.accuratereviews.com\/it\/#website","url":"https:\/\/www.accuratereviews.com\/it\/","name":"Accurate Reviews","description":"","potentialAction":[{"@type":"SearchAction","target":{"@type":"EntryPoint","urlTemplate":"https:\/\/www.accuratereviews.com\/it\/?s={search_term_string}"},"query-input":{"@type":"PropertyValueSpecification","valueRequired":true,"valueName":"search_term_string"}}],"inLanguage":"it-IT"}]}},"_links":{"self":[{"href":"https:\/\/www.accuratereviews.com\/it\/wp-json\/wp\/v2\/pages\/19229","targetHints":{"allow":["GET"]}}],"collection":[{"href":"https:\/\/www.accuratereviews.com\/it\/wp-json\/wp\/v2\/pages"}],"about":[{"href":"https:\/\/www.accuratereviews.com\/it\/wp-json\/wp\/v2\/types\/page"}],"author":[{"embeddable":true,"href":"https:\/\/www.accuratereviews.com\/it\/wp-json\/wp\/v2\/users\/19"}],"replies":[{"embeddable":true,"href":"https:\/\/www.accuratereviews.com\/it\/wp-json\/wp\/v2\/comments?post=19229"}],"version-history":[{"count":6,"href":"https:\/\/www.accuratereviews.com\/it\/wp-json\/wp\/v2\/pages\/19229\/revisions"}],"predecessor-version":[{"id":19269,"href":"https:\/\/www.accuratereviews.com\/it\/wp-json\/wp\/v2\/pages\/19229\/revisions\/19269"}],"up":[{"embeddable":true,"href":"https:\/\/www.accuratereviews.com\/it\/wp-json\/wp\/v2\/pages\/8333"}],"wp:featuredmedia":[{"embeddable":true,"href":"https:\/\/www.accuratereviews.com\/it\/wp-json\/wp\/v2\/media\/19231"}],"wp:attachment":[{"href":"https:\/\/www.accuratereviews.com\/it\/wp-json\/wp\/v2\/media?parent=19229"}],"wp:term":[{"taxonomy":"category","embeddable":true,"href":"https:\/\/www.accuratereviews.com\/it\/wp-json\/wp\/v2\/categories?post=19229"},{"taxonomy":"post_tag","embeddable":true,"href":"https:\/\/www.accuratereviews.com\/it\/wp-json\/wp\/v2\/tags?post=19229"},{"taxonomy":"features","embeddable":true,"href":"https:\/\/www.accuratereviews.com\/it\/wp-json\/wp\/v2\/features?post=19229"}],"curies":[{"name":"wp","href":"https:\/\/api.w.org\/{rel}","templated":true}]}}